{"id":7367,"date":"2019-11-20T08:48:09","date_gmt":"2019-11-20T08:48:09","guid":{"rendered":"https:\/\/www.langir.com\/?page_id=7367"},"modified":"2026-03-30T08:30:37","modified_gmt":"2026-03-30T08:30:37","slug":"warranty-policy","status":"publish","type":"page","link":"https:\/\/www.langir.com\/de\/warranty-policy\/","title":{"rendered":"Garantiepolitik"},"content":{"rendered":"<div class=\"wpb-content-wrapper\"><div class=\"vc_row wpb_row vc_row-fluid\"><div class=\"wpb_column vc_column_container vc_col-sm-12\"><div class=\"vc_column-inner\"><div class=\"wpb_wrapper\">\n\t<div class=\"wpb_text_column wpb_content_element vc_custom_1426482759253\" >\n\t\t<div class=\"wpb_wrapper\">\n\t\t\t<p><strong style=\"color: #000;\">1. Gew\u00e4hrleistungsfrist:<\/strong><\/p>\n<div id=\"xunlei_com_thunder_helper_plugin_d462f475-c18e-46be-bd10-327458d045bd\"><\/div>\n\n\t\t<\/div>\n\t<\/div>\n\n\t<div class=\"wpb_text_column wpb_content_element vc_custom_1426428952977\" >\n\t\t<div class=\"wpb_wrapper\">\n\t\t\t<p>Die Garantiezeit f\u00fcr das Master-Ger\u00e4t betr\u00e4gt 12 Monate (1 Jahr) ab dem Datum der Lieferung.<\/p>\n\n\t\t<\/div>\n\t<\/div>\n\n\t<div class=\"wpb_text_column wpb_content_element\" >\n\t\t<div class=\"wpb_wrapper\">\n\t\t\t<p><strong style=\"color: #000;\">2. Garantiebereich:<\/strong> <\/p>\n\n\t\t<\/div>\n\t<\/div>\n\n\t<div class=\"wpb_text_column wpb_content_element\" >\n\t\t<div class=\"wpb_wrapper\">\n\t\t\t<p>Alle Produkte werden von LANGIR verkauft. W\u00e4hrend der Garantiezeit m\u00fcssen alle defekten Produkte zur Reparatur oder zum Austausch an das Werk zur\u00fcckgeschickt werden, vorausgesetzt, Sie sind f\u00fcr die Transportkosten verantwortlich.  Ersatzprodukte k\u00f6nnen nach unserem Ermessen neu oder \u00fcberholt sein.<\/p>\n\n\t\t<\/div>\n\t<\/div>\n\n\t<div class=\"wpb_text_column wpb_content_element\" >\n\t\t<div class=\"wpb_wrapper\">\n\t\t\t<p><strong style=\"color: #000;\">3. Die Garantiebestimmungen lauten wie folgt:<\/strong> <\/p>\n\n\t\t<\/div>\n\t<\/div>\n\n\t<div class=\"wpb_text_column wpb_content_element\" >\n\t\t<div class=\"wpb_wrapper\">\n\t\t\t<ul>\n<li>Bei prozessbedingten Fehlern f\u00fchren wir gem\u00e4\u00df den Herstellungsverfahren eine gr\u00fcndliche Reinigung, Pr\u00fcfung, Kalibrierung, Reparatur und Wiederherstellung der Werksparameter durch.<\/li>\n<li>Die Reparaturzeit f\u00fcr Produkte, die unter die Garantie fallen, h\u00e4ngt vom Ausma\u00df der Besch\u00e4digung der Produkte ab. Der Wartungszeitraum ist ein Ziel, kein Versprechen, und bestimmte Spezialprodukte gelten m\u00f6glicherweise nicht f\u00fcr diesen Wartungszeitraum.<\/li>\n<li>Die Produkte, die innerhalb der Garantiezeit ausgetauscht werden m\u00fcssen, werden von LANGIR durch Produkte mit den gleichen Spezifikationen ersetzt, und die Ersatzprodukte haben die gleichen Rechte wie die Originalprodukte.<\/li>\n<\/ul>\n\n\t\t<\/div>\n\t<\/div>\n\n\t<div class=\"wpb_text_column wpb_content_element\" >\n\t\t<div class=\"wpb_wrapper\">\n\t\t\t<p><strong style=\"color: #000;\">4. Der Garantieumfang umfasst nicht die folgenden Punkte:<\/strong> <\/p>\n\n\t\t<\/div>\n\t<\/div>\n\n\t<div class=\"wpb_text_column wpb_content_element\" >\n\t\t<div class=\"wpb_wrapper\">\n\t\t\t<p>Diese Garantie gilt nicht f\u00fcr: (i) kosmetische Sch\u00e4den wie Kratzer, Kerben, Flecken und Dellen; (ii) Verschlei\u00dfteile wie Batterien, es sei denn, der Produktschaden ist auf einen Material- oder Verarbeitungsfehler zur\u00fcckzuf\u00fchren; (iii) Sch\u00e4den, die durch Unfall, Missbrauch, Missbrauch, Wasser (\u00fcber die Spezifikationen hinaus), \u00dcberschwemmung, Feuer oder andere Naturereignisse oder \u00e4u\u00dfere Ursachen verursacht wurden; (iv) Sch\u00e4den, die durch eine Wartung verursacht wurden, die von jemandem durchgef\u00fchrt wurde, der kein autorisierter Serviceanbieter von LANGIR ist; oder (v) Sch\u00e4den an einem Produkt, das ohne die vorherige schriftliche Genehmigung von LANGIR modifiziert oder ver\u00e4ndert worden ist.<\/p>\n\n\t\t<\/div>\n\t<\/div>\n\n<div class=\"vc-zigzag-wrapper vc-zigzag-align-center\"><div class=\"vc-zigzag-inner\" style=\"width: 100%;min-height: 14px;background: 0 repeat-x url(&#039;data:image\/svg+xml;utf-8,%3C%3Fxml%20version%3D%221.0%22%20encoding%3D%22utf-8%22%3F%3E%3C%21DOCTYPE%20svg%20PUBLIC%20%22-%2F%2FW3C%2F%2FDTD%20SVG%201.1%2F%2FEN%22%20%22http%3A%2F%2Fwww.w3.org%2FGraphics%2FSVG%2F1.1%2FDTD%2Fsvg11.dtd%22%3E%3Csvg%20width%3D%2214px%22%20height%3D%2212px%22%20viewBox%3D%220%200%2018%2015%22%20version%3D%221.1%22%20xmlns%3D%22http%3A%2F%2Fwww.w3.org%2F2000%2Fsvg%22%20xmlns%3Axlink%3D%22http%3A%2F%2Fwww.w3.org%2F1999%2Fxlink%22%3E%3Cpolygon%20id%3D%22Combined-Shape%22%20fill%3D%22%23ebebeb%22%20points%3D%228.98762301%200%200%209.12771969%200%2014.519983%209%205.40479869%2018%2014.519983%2018%209.12771969%22%3E%3C%2Fpolygon%3E%3C%2Fsvg%3E&#039;);\"><\/div><\/div>\n\t<div class=\"wpb_text_column wpb_content_element\" >\n\t\t<div class=\"wpb_wrapper\">\n\t\t\t<p><iframe style=\"width: 100%; border: none;\" title=\"Eingebettetes Wufoo-Formular\" src=\"https:\/\/langir.wufoo.com\/embed\/zcdgace1ql3iv4\/\" height=\"766\" frameborder=\"0\" scrolling=\"no\" sandbox=\"allow-popups-to-escape-sandbox allow-top-navigation allow-scripts allow-popups allow-forms allow-same-origin\"> <a href=\"https:\/\/langir.wufoo.com\/forms\/zcdgace1ql3iv4\/\" target=\"_blank\" rel=\"noopener\">F\u00fcllen Sie mein Wufoo-Formular aus!<\/a> <\/iframe><\/p>\n\n\t\t<\/div>\n\t<\/div>\n<\/div><\/div><\/div><\/div>\n<\/div>","protected":false},"excerpt":{"rendered":"1. Warranty Period: The warranty period for master device is 12 months (1 year) from the date of delivery. 2. Warranty Range: All products are sold by LANGIR. In warranty period, all of the defective products must be returned to the factory to be repaired or be replaced. provided that you shall be responsible for [...]","protected":false},"author":1,"featured_media":7486,"parent":0,"menu_order":46,"comment_status":"closed","ping_status":"closed","template":"page-default.php","meta":{"_acf_changed":false,"footnotes":""},"class_list":["post-7367","page","type-page","status-publish","has-post-thumbnail","hentry","entry"],"acf":[],"post_mailing_queue_ids":[],"_links":{"self":[{"href":"https:\/\/www.langir.com\/de\/wp-json\/wp\/v2\/pages\/7367","targetHints":{"allow":["GET"]}}],"collection":[{"href":"https:\/\/www.langir.com\/de\/wp-json\/wp\/v2\/pages"}],"about":[{"href":"https:\/\/www.langir.com\/de\/wp-json\/wp\/v2\/types\/page"}],"author":[{"embeddable":true,"href":"https:\/\/www.langir.com\/de\/wp-json\/wp\/v2\/users\/1"}],"replies":[{"embeddable":true,"href":"https:\/\/www.langir.com\/de\/wp-json\/wp\/v2\/comments?post=7367"}],"version-history":[{"count":2,"href":"https:\/\/www.langir.com\/de\/wp-json\/wp\/v2\/pages\/7367\/revisions"}],"predecessor-version":[{"id":16180,"href":"https:\/\/www.langir.com\/de\/wp-json\/wp\/v2\/pages\/7367\/revisions\/16180"}],"wp:featuredmedia":[{"embeddable":true,"href":"https:\/\/www.langir.com\/de\/wp-json\/wp\/v2\/media\/7486"}],"wp:attachment":[{"href":"https:\/\/www.langir.com\/de\/wp-json\/wp\/v2\/media?parent=7367"}],"curies":[{"name":"wp","href":"https:\/\/api.w.org\/{rel}","templated":true}]}}