{"id":7411,"date":"2019-11-21T08:09:04","date_gmt":"2019-11-21T08:09:04","guid":{"rendered":"https:\/\/www.langir.com\/?page_id=7411"},"modified":"2024-01-19T07:06:40","modified_gmt":"2024-01-19T07:06:40","slug":"applications-markets-for-keypads","status":"publish","type":"page","link":"https:\/\/www.langir.com\/de\/applications-markets-for-keypads\/","title":{"rendered":"Anwendungen \/ M\u00e4rkte f\u00fcr Tastaturen"},"content":{"rendered":"<div class=\"wpb-content-wrapper\"><div class=\"vc_row wpb_row vc_row-fluid\"><div class=\"wpb_column vc_column_container vc_col-sm-6\"><div class=\"vc_column-inner\"><div class=\"wpb_wrapper\">\n\t<div class=\"wpb_text_column wpb_content_element\" >\n\t\t<div class=\"wpb_wrapper\">\n\t\t\t<p><img fetchpriority=\"high\" decoding=\"async\" class=\"size-full wp-image-6419\" title=\"Parkvorrichtungen\" src=\"https:\/\/www.langir.com\/wp-content\/uploads\/2019\/04\/self-parking-meters.jpg\" alt=\"Parkvorrichtungen\" width=\"550\" height=\"300\" \/><\/p>\n\n\t\t<\/div>\n\t<\/div>\n\n\t<div class=\"wpb_text_column wpb_content_element\" >\n\t\t<div class=\"wpb_wrapper\">\n\t\t\t<p><img decoding=\"async\" class=\"size-full wp-image-6392\" title=\"ATM\" src=\"https:\/\/www.langir.com\/wp-content\/uploads\/2019\/04\/atm.jpg\" alt=\"ATM\" width=\"660\" height=\"300\" \/><\/p>\n\n\t\t<\/div>\n\t<\/div>\n\n\t<div class=\"wpb_text_column wpb_content_element\" >\n\t\t<div class=\"wpb_wrapper\">\n\t\t\t<p><img decoding=\"async\" class=\"size-full wp-image-6403\" title=\"Pool\" src=\"https:\/\/www.langir.com\/wp-content\/uploads\/2019\/04\/pool.jpg\" alt=\"Pool\" width=\"660\" height=\"300\" \/><\/p>\n\n\t\t<\/div>\n\t<\/div>\n\n\t<div class=\"wpb_text_column wpb_content_element\" >\n\t\t<div class=\"wpb_wrapper\">\n\t\t\t<p><img loading=\"lazy\" decoding=\"async\" class=\"size-full wp-image-6325\" title=\"Parkvorrichtungen\" src=\"https:\/\/www.langir.com\/wp-content\/uploads\/2019\/04\/parking-meters.jpg\" alt=\"Parkvorrichtungen\" width=\"550\" height=\"630\" \/><\/p>\n\n\t\t<\/div>\n\t<\/div>\n\n\t<div class=\"wpb_text_column wpb_content_element\" >\n\t\t<div class=\"wpb_wrapper\">\n\t\t\t<p><img loading=\"lazy\" decoding=\"async\" class=\"size-full wp-image-6408\" title=\"Sicherheitseinrichtungen\" src=\"https:\/\/www.langir.com\/wp-content\/uploads\/2019\/04\/security-devices-keypads.jpg\" alt=\"Sicherheitseinrichtungen\" width=\"550\" height=\"300\" \/><\/p>\n\n\t\t<\/div>\n\t<\/div>\n<\/div><\/div><\/div><div class=\"wpb_column vc_column_container vc_col-sm-6\"><div class=\"vc_column-inner\"><div class=\"wpb_wrapper\">\n\t<div class=\"wpb_text_column wpb_content_element\" >\n\t\t<div class=\"wpb_wrapper\">\n\t\t\t<ul>\n<li>Anwendungen im und au\u00dferhalb des Wassers<\/li>\n<li>Medizinische Ausr\u00fcstung<\/li>\n<li>Pr\u00fcfger\u00e4te<\/li>\n<li>Automatische Zapfs\u00e4ulen<\/li>\n<li>Ausr\u00fcstung f\u00fcr den Bergbau<\/li>\n<li>Autowaschanlagen<\/li>\n<li>Bedienfelder<\/li>\n<li>Verpackung<\/li>\n<li>Kosmetika<\/li>\n<li>Farben<\/li>\n<li>Petrochemie<\/li>\n<li>D\u00fcngemittel<\/li>\n<li>Pharmazeutische<\/li>\n<li>B\u00e4ckereien<\/li>\n<li>Molkereien<\/li>\n<li>Verpackung von Lebensmitteln<\/li>\n<li>Lebensmittelzubereitung<\/li>\n<li>Fleischverarbeitung<\/li>\n<li>Zugang zum Tor<\/li>\n<li>Prozesskontrolle<\/li>\n<li>\u00d6ffentliche Telefone<\/li>\n<li>Sicherheitst\u00fcren<\/li>\n<li>Bew\u00e4sserungssysteme<\/li>\n<li>Bedienfelder f\u00fcr Lokomotiven<\/li>\n<li>Verkaufsautomaten<\/li>\n<\/ul>\n\n\t\t<\/div>\n\t<\/div>\n<\/div><\/div><\/div><\/div>\n<\/div>","protected":false},"excerpt":{"rendered":"Anwendungen im und au\u00dferhalb des Wassers Medizinische Ger\u00e4te Pr\u00fcfger\u00e4te Automatische Gaspumpen Bergbauausr\u00fcstungen Autowaschanlagen Schalttafeln Verpackungen Kosmetika Farben Petrochemische D\u00fcngemittel Pharmazie B\u00e4ckereien Molkereien Lebensmittelverpackung Lebensmittelzubereitung Fleischverarbeitung Torzugang Prozesssteuerung \u00d6ffentliche Telefone Sicherheitst\u00fcren Bew\u00e4sserungssysteme Lokomotivschalttafeln Verkaufsautomaten","protected":false},"author":1,"featured_media":10021,"parent":0,"menu_order":43,"comment_status":"closed","ping_status":"closed","template":"page-default.php","meta":{"_acf_changed":false,"_metasync_otto_title":"","_metasync_otto_description":"","_metasync_otto_keywords":"","_metasync_otto_og_title":"","_metasync_otto_og_description":"","_metasync_otto_twitter_title":"","_metasync_otto_twitter_description":"","rank_math_title":"","rank_math_description":"We accept OEM and small trial orders, contact us now for more keypads information. All inquiries will be replied within 24 hours. ","_yoast_wpseo_title":"","_yoast_wpseo_metadesc":"","_aioseo_title":"","_aioseo_description":"","_metasync_seo_title":"","_metasync_seo_desc":"","_metasync_breadcrumb_title":"","_metasync_primary_category":0,"_metasync_primary_product_cat":0,"_metasync_otto_disabled":"","_metasync_hreflang":"","footnotes":""},"class_list":["post-7411","page","type-page","status-publish","has-post-thumbnail","hentry","entry"],"acf":[],"post_mailing_queue_ids":[],"_links":{"self":[{"href":"https:\/\/www.langir.com\/de\/wp-json\/wp\/v2\/pages\/7411","targetHints":{"allow":["GET"]}}],"collection":[{"href":"https:\/\/www.langir.com\/de\/wp-json\/wp\/v2\/pages"}],"about":[{"href":"https:\/\/www.langir.com\/de\/wp-json\/wp\/v2\/types\/page"}],"author":[{"embeddable":true,"href":"https:\/\/www.langir.com\/de\/wp-json\/wp\/v2\/users\/1"}],"replies":[{"embeddable":true,"href":"https:\/\/www.langir.com\/de\/wp-json\/wp\/v2\/comments?post=7411"}],"version-history":[{"count":0,"href":"https:\/\/www.langir.com\/de\/wp-json\/wp\/v2\/pages\/7411\/revisions"}],"wp:featuredmedia":[{"embeddable":true,"href":"https:\/\/www.langir.com\/de\/wp-json\/wp\/v2\/media\/10021"}],"wp:attachment":[{"href":"https:\/\/www.langir.com\/de\/wp-json\/wp\/v2\/media?parent=7411"}],"curies":[{"name":"wp","href":"https:\/\/api.w.org\/{rel}","templated":true}]}}