{"id":7432,"date":"2019-11-21T08:43:00","date_gmt":"2019-11-21T08:43:00","guid":{"rendered":"https:\/\/www.langir.com\/?page_id=7432"},"modified":"2026-03-30T08:27:42","modified_gmt":"2026-03-30T08:27:42","slug":"electronic-design-solutions","status":"publish","type":"page","link":"https:\/\/www.langir.com\/de\/electronic-design-solutions\/","title":{"rendered":"Elektronische Designl\u00f6sungen"},"content":{"rendered":"<div class=\"wpb-content-wrapper\"><div class=\"vc_row wpb_row vc_row-fluid\"><div class=\"wpb_column vc_column_container vc_col-sm-12\"><div class=\"vc_column-inner\"><div class=\"wpb_wrapper\">\n\t<div class=\"wpb_text_column wpb_content_element vc_custom_1555666188726\" >\n\t\t<div class=\"wpb_wrapper\">\n\t\t\t<div class=\"requisition\">\n<ul>\n<li><a title=\"Anpassung an das Angebot\" href=\"https:\/\/www.langir.com\/de\/customization-for-quotation\/\">Ma\u00dfgeschneiderte Produkte<\/a><\/li>\n<li><a title=\"Anfrage f\u00fcr ein Angebot\" href=\"https:\/\/www.langir.com\/de\/request-quotation\/\">Angebot anfordern<\/a><\/li>\n<\/ul>\n<\/div>\n<div id=\"detail\" class=\"serie\">\n<ul class=\"files\">\n<li class=\"brochure\"><a href=\"#\">Brosch\u00fcre<\/a><\/li>\n<\/ul>\n<ul class=\"certifications\">\n<li class=\"is_rohs\" title=\"RoHS\">rohs<\/li>\n<li class=\"is_ce\" title=\"CE\">ce<\/li>\n<\/ul>\n<\/div>\n\n\t\t<\/div>\n\t<\/div>\n<\/div><\/div><\/div><\/div><div class=\"vc_row wpb_row vc_row-fluid\"><div class=\"wpb_column vc_column_container vc_col-sm-6\"><div class=\"vc_column-inner\"><div class=\"wpb_wrapper\">\n\t<div class=\"wpb_text_column wpb_content_element vc_custom_1615533103621\" >\n\t\t<div class=\"wpb_wrapper\">\n\t\t\t<p><strong>PCB-Design-Dienstleistungen<\/strong><\/p>\n\n\t\t<\/div>\n\t<\/div>\n\n\t<div class=\"wpb_text_column wpb_content_element vc_custom_1555667332300\" >\n\t\t<div class=\"wpb_wrapper\">\n\t\t\t<p><img fetchpriority=\"high\" decoding=\"async\" class=\"size-full wp-image-6051 aligncenter\" title=\"PCB-Entwurf\" src=\"https:\/\/www.langir.com\/wp-content\/uploads\/2019\/04\/pcb-design.jpg\" alt=\"PCB-Entwurf\" width=\"800\" height=\"400\" \/><\/p>\n\n\t\t<\/div>\n\t<\/div>\n\n\t<div class=\"wpb_text_column wpb_content_element vc_custom_1615531757741\" >\n\t\t<div class=\"wpb_wrapper\">\n\t\t\t<ul style=\"color: #cccccc;\">\n<li>PCB LAYOUT<\/li>\n<li>SYMBOLERSTELLUNG<\/li>\n<li>SCHEMATISCHE ERFASSUNG<\/li>\n<li>TOOL SCRIPTING<\/li>\n<li>IPC-ZERTIFIZIERTE DESIGNER<\/li>\n<\/ul>\n\n\t\t<\/div>\n\t<\/div>\n<\/div><\/div><\/div><div class=\"wpb_column vc_column_container vc_col-sm-6\"><div class=\"vc_column-inner\"><div class=\"wpb_wrapper\">\n\t<div class=\"wpb_text_column wpb_content_element vc_custom_1555900612979\" >\n\t\t<div class=\"wpb_wrapper\">\n\t\t\t<p><strong>Fertigung &amp; Labordienstleistungen<\/strong><\/p>\n\n\t\t<\/div>\n\t<\/div>\n\n\t<div class=\"wpb_text_column wpb_content_element vc_custom_1555667325004\" >\n\t\t<div class=\"wpb_wrapper\">\n\t\t\t<p><img decoding=\"async\" class=\"size-full wp-image-6052 aligncenter\" title=\"Fertigung &amp; Labordienstleistungen\" src=\"https:\/\/www.langir.com\/wp-content\/uploads\/2019\/04\/manufacturing-lab-services.jpg\" alt=\"Fertigung &amp; Labordienstleistungen\" \/><\/p>\n\n\t\t<\/div>\n\t<\/div>\n\n\t<div class=\"wpb_text_column wpb_content_element vc_custom_1555666298347\" >\n\t\t<div class=\"wpb_wrapper\">\n\t\t\t<ul style=\"color: #cccccc;\">\n<li>QUICK-TURN-PROTOTYPEN<\/li>\n<li>BESTANDSVERWALTUNG<\/li>\n<li>INNERBETRIEBLICHE MONTAGENACHARBEIT<\/li>\n<li>KASTENBAUTEN<\/li>\n<li>KUNDENSPEZIFISCHE VERPACKUNG<\/li>\n<li>HARDWARE-PROGRAMMIERUNG<\/li>\n<li>FUNKTIONSPR\u00dcFUNG<\/li>\n<\/ul>\n\n\t\t<\/div>\n\t<\/div>\n<\/div><\/div><\/div><\/div><div class=\"vc_row wpb_row vc_row-fluid\"><div class=\"wpb_column vc_column_container vc_col-sm-12\"><div class=\"vc_column-inner\"><div class=\"wpb_wrapper\">\n\t<div class=\"wpb_text_column wpb_content_element vc_custom_1561776662888\" >\n\t\t<div class=\"wpb_wrapper\">\n\t\t\t<p style=\"text-align: center;\"><strong>Langir bietet die Komplettl\u00f6sung f\u00fcr Ihr Unternehmen<\/strong><\/p>\n\n\t\t<\/div>\n\t<\/div>\n\n\t<div class=\"wpb_text_column wpb_content_element vc_custom_1561776480521\" >\n\t\t<div class=\"wpb_wrapper\">\n\t\t\t<p><img decoding=\"async\" class=\"size-full wp-image-6936\" title=\"L\u00f6sung vollst\u00e4ndig\" src=\"https:\/\/www.langir.com\/wp-content\/uploads\/2019\/06\/solution-complete-langir.png\" alt=\"L\u00f6sung vollst\u00e4ndig\" width=\"1900\" height=\"760\" \/><\/p>\n\n\t\t<\/div>\n\t<\/div>\n<\/div><\/div><\/div><div class=\"wpb_column vc_column_container vc_col-sm-12\"><div class=\"vc_column-inner\"><div class=\"wpb_wrapper\">\n<div class=\"vc-zigzag-wrapper vc-zigzag-align-center\"><div class=\"vc-zigzag-inner\" style=\"width: 100%;min-height: 14px;background: 0 repeat-x url(&#039;data:image\/svg+xml;utf-8,%3C%3Fxml%20version%3D%221.0%22%20encoding%3D%22utf-8%22%3F%3E%3C%21DOCTYPE%20svg%20PUBLIC%20%22-%2F%2FW3C%2F%2FDTD%20SVG%201.1%2F%2FEN%22%20%22http%3A%2F%2Fwww.w3.org%2FGraphics%2FSVG%2F1.1%2FDTD%2Fsvg11.dtd%22%3E%3Csvg%20width%3D%2214px%22%20height%3D%2212px%22%20viewBox%3D%220%200%2018%2015%22%20version%3D%221.1%22%20xmlns%3D%22http%3A%2F%2Fwww.w3.org%2F2000%2Fsvg%22%20xmlns%3Axlink%3D%22http%3A%2F%2Fwww.w3.org%2F1999%2Fxlink%22%3E%3Cpolygon%20id%3D%22Combined-Shape%22%20fill%3D%22%23ebebeb%22%20points%3D%228.98762301%200%200%209.12771969%200%2014.519983%209%205.40479869%2018%2014.519983%2018%209.12771969%22%3E%3C%2Fpolygon%3E%3C%2Fsvg%3E&#039;);\"><\/div><\/div><\/div><\/div><\/div><\/div><div class=\"vc_row wpb_row vc_row-fluid\"><div class=\"wpb_column vc_column_container vc_col-sm-12\"><div class=\"vc_column-inner\"><div class=\"wpb_wrapper\">\n\t<div class=\"wpb_text_column wpb_content_element vc_custom_1555666391582\" >\n\t\t<div class=\"wpb_wrapper\">\n\t\t\t<p><strong>PCB DESIGN DIENSTLEISTUNGEN<\/strong><\/p>\n\n\t\t<\/div>\n\t<\/div>\n\n\t<div class=\"wpb_text_column wpb_content_element vc_custom_1555666409277\" >\n\t\t<div class=\"wpb_wrapper\">\n\t\t\t<p>Langir verf\u00fcgt \u00fcber die Ressourcen, um das Layout f\u00fcr mehrere Projekte parallel zu unterst\u00fctzen und kritische Boards zu beschleunigen.<br \/>\nWir k\u00f6nnen als virtuelle PCB-Design-Abteilung Ihres Unternehmens fungieren oder Ihr bestehendes Personal in Spitzenzeiten erg\u00e4nzen.<\/p>\n<p>Alle Langir-Designer verf\u00fcgen \u00fcber ein breites Spektrum an Fachwissen, von einfachen Verbindungen bis hin zu hochkomplexen Leiterplatten.<\/p>\n<p>Als einer der ersten Schritte im Produktentwicklungszyklus bieten wir mehrere Dienstleistungen an, um Ihr Design von der ersten Idee bis zu den endg\u00fcltigen Fertigungsdateien zu bringen. Zu den Dienstleistungen geh\u00f6ren Schemaerfassung, Footprint-Erstellung und Layout.<\/p>\n<p>Vor der \u00dcbergabe der Dateien an die Fertigung k\u00f6nnen wir eine grundlegende DFM-Pr\u00fcfung durchf\u00fchren, um Kompatibilit\u00e4tsprobleme fr\u00fchzeitig zu erkennen und das Risiko von Terminverz\u00f6gerungen zu verringern.<\/p>\n\n\t\t<\/div>\n\t<\/div>\n<\/div><\/div><\/div><div class=\"wpb_column vc_column_container vc_col-sm-6\"><div class=\"vc_column-inner\"><div class=\"wpb_wrapper\">\n\t<div class=\"wpb_text_column wpb_content_element vc_custom_1555666442525\" >\n\t\t<div class=\"wpb_wrapper\">\n\t\t\t<p><strong>Softwara<\/strong><\/p>\n\n\t\t<\/div>\n\t<\/div>\n\n\t<div class=\"wpb_text_column wpb_content_element vc_custom_1555666456356\" >\n\t\t<div class=\"wpb_wrapper\">\n\t\t\t<ul style=\"color: #cccccc;\">\n<li>ALTIUM-KONSTRUKTEUR<\/li>\n<li>KADENZ ALLEGRO<\/li>\n<li>AUTODESK EAGLE<\/li>\n<li>MENTOR XPEDITION<\/li>\n<li>MENTOR PADS<\/li>\n<\/ul>\n\n\t\t<\/div>\n\t<\/div>\n<\/div><\/div><\/div><div class=\"wpb_column vc_column_container vc_col-sm-6\"><div class=\"vc_column-inner\"><div class=\"wpb_wrapper\">\n\t<div class=\"wpb_text_column wpb_content_element vc_custom_1555666482916\" >\n\t\t<div class=\"wpb_wrapper\">\n\t\t\t\n\t\t<\/div>\n\t<\/div>\n\n\t<div class=\"wpb_text_column wpb_content_element vc_custom_1555666471340\" >\n\t\t<div class=\"wpb_wrapper\">\n\t\t\t<ul style=\"color: #cccccc;\">\n<li>RF<\/li>\n<li>ANALOG<\/li>\n<li>HOCHGESCHWINDIGKEIT DIGITAL<\/li>\n<li>VIDEO<\/li>\n<li>AUDIO<\/li>\n<li>STROMVERSORGUNGEN<\/li>\n<li>TOOL SCRIPTING<\/li>\n<li>DFM REVIEW<\/li>\n<\/ul>\n\n\t\t<\/div>\n\t<\/div>\n<\/div><\/div><\/div><div class=\"wpb_column vc_column_container vc_col-sm-12\"><div class=\"vc_column-inner\"><div class=\"wpb_wrapper\">\n\t<div class=\"wpb_text_column wpb_content_element vc_custom_1555666520230\" >\n\t\t<div class=\"wpb_wrapper\">\n\t\t\t<p><strong>HERSTELLUNG UND LABORDIENSTLEISTUNGEN<\/strong><\/p>\n\n\t\t<\/div>\n\t<\/div>\n\n\t<div class=\"wpb_text_column wpb_content_element vc_custom_1555666536892\" >\n\t\t<div class=\"wpb_wrapper\">\n\t\t\t<p>Langir liefert in k\u00fcrzester Zeit starre, starr-flexible und flexible Platten, die entweder von unserem internen Designteam oder direkt vom Kunden erstellt werden.<\/p>\n<p>Wir haben dauerhafte Beziehungen zu Herstellern und Montagebetrieben aufgebaut und bauen weiterhin Partnerschaften mit neuen Anbietern auf. So k\u00f6nnen wir qualitativ hochwertige Produkte zu wettbewerbsf\u00e4higen Preisen liefern.<\/p>\n<p>Unser Team aus Designern und Programmmanagern arbeitet zusammen, um sicherzustellen, dass die Entw\u00fcrfe vor der Fertigstellung des Layouts umgesetzt werden k\u00f6nnen.<\/p>\n<p>Vorl\u00e4ufige Angebote und die fortgeschrittene Beschaffung von Komponenten mit langer Vorlaufzeit sorgen daf\u00fcr, dass die Zeitpl\u00e4ne der Kunden vom Entwurf bis zur Fertigung kontinuierlich weiterlaufen.<\/p>\n\n\t\t<\/div>\n\t<\/div>\n<\/div><\/div><\/div><div class=\"wpb_column vc_column_container vc_col-sm-6\"><div class=\"vc_column-inner\"><div class=\"wpb_wrapper\">\n\t<div class=\"wpb_text_column wpb_content_element vc_custom_1555666577732\" >\n\t\t<div class=\"wpb_wrapper\">\n\t\t\t<ul style=\"color: #cccccc;\">\n<li>BOX-BUILDS\/BETA-PRODUKTE<\/li>\n<li>GEH\u00c4USE- UND FAHRGESTELL\u00c4NDERUNG<\/li>\n<li>KUNDENSPEZIFISCHE VERPACKUNG<\/li>\n<li>NATIONAL\/INTERNATIONAL<\/li>\n<li>SHIPPING<\/li>\n<li>KUNDENSPEZIFISCHE LABORGER\u00c4TE<\/li>\n<\/ul>\n\n\t\t<\/div>\n\t<\/div>\n<\/div><\/div><\/div><div class=\"wpb_column vc_column_container vc_col-sm-6\"><div class=\"vc_column-inner\"><div class=\"wpb_wrapper\">\n\t<div class=\"wpb_text_column wpb_content_element vc_custom_1555666588963\" >\n\t\t<div class=\"wpb_wrapper\">\n\t\t\t<ul style=\"color: #cccccc;\">\n<li>PROTOTYPENBETREUUNG<\/li>\n<li>FPC &amp; PCB HERSTELLUNG<\/li>\n<li>KOMPONENTENBESCHAFFUNG<\/li>\n<li>MECHANISCHE HERSTELLUNG<\/li>\n<li>SCHNELLE WENDEN<\/li>\n<li>VORL\u00c4UFIGE KOSTENVORANSCHL\u00c4GE<\/li>\n<li>STAPELANFRAGEN<\/li>\n<\/ul>\n\n\t\t<\/div>\n\t<\/div>\n<\/div><\/div><\/div><div class=\"wpb_column vc_column_container vc_col-sm-12\"><div class=\"vc_column-inner\"><div class=\"wpb_wrapper\">\n<div class=\"vc-zigzag-wrapper vc-zigzag-align-center\"><div class=\"vc-zigzag-inner\" style=\"width: 100%;min-height: 14px;background: 0 repeat-x url(&#039;data:image\/svg+xml;utf-8,%3C%3Fxml%20version%3D%221.0%22%20encoding%3D%22utf-8%22%3F%3E%3C%21DOCTYPE%20svg%20PUBLIC%20%22-%2F%2FW3C%2F%2FDTD%20SVG%201.1%2F%2FEN%22%20%22http%3A%2F%2Fwww.w3.org%2FGraphics%2FSVG%2F1.1%2FDTD%2Fsvg11.dtd%22%3E%3Csvg%20width%3D%2214px%22%20height%3D%2212px%22%20viewBox%3D%220%200%2018%2015%22%20version%3D%221.1%22%20xmlns%3D%22http%3A%2F%2Fwww.w3.org%2F2000%2Fsvg%22%20xmlns%3Axlink%3D%22http%3A%2F%2Fwww.w3.org%2F1999%2Fxlink%22%3E%3Cpolygon%20id%3D%22Combined-Shape%22%20fill%3D%22%23ebebeb%22%20points%3D%228.98762301%200%200%209.12771969%200%2014.519983%209%205.40479869%2018%2014.519983%2018%209.12771969%22%3E%3C%2Fpolygon%3E%3C%2Fsvg%3E&#039;);\"><\/div><\/div><\/div><\/div><\/div><div class=\"wpb_column vc_column_container vc_col-sm-6\"><div class=\"vc_column-inner\"><div class=\"wpb_wrapper\">\n\t<div class=\"wpb_text_column wpb_content_element vc_custom_1555666726908\" >\n\t\t<div class=\"wpb_wrapper\">\n\t\t\t<p><img decoding=\"async\" class=\"size-full wp-image-6067\" src=\"https:\/\/www.langir.com\/wp-content\/uploads\/2019\/03\/electronic-design-solutions-5.jpg\" alt=\"Elektronische Designl\u00f6sungen\" width=\"800\" height=\"400\" \/><\/p>\n\n\t\t<\/div>\n\t<\/div>\n<\/div><\/div><\/div><div class=\"wpb_column vc_column_container vc_col-sm-6\"><div class=\"vc_column-inner\"><div class=\"wpb_wrapper\">\n\t<div class=\"wpb_text_column wpb_content_element vc_custom_1555666744247\" >\n\t\t<div class=\"wpb_wrapper\">\n\t\t\t<p><img loading=\"lazy\" decoding=\"async\" class=\"size-full wp-image-6070\" src=\"https:\/\/www.langir.com\/wp-content\/uploads\/2019\/03\/electronic-design-solutions-2.jpg\" alt=\"Elektronische Designl\u00f6sungen\" width=\"800\" height=\"400\" \/><\/p>\n\n\t\t<\/div>\n\t<\/div>\n<\/div><\/div><\/div><div class=\"wpb_column vc_column_container vc_col-sm-6\"><div class=\"vc_column-inner\"><div class=\"wpb_wrapper\">\n\t<div class=\"wpb_text_column wpb_content_element vc_custom_1555666758605\" >\n\t\t<div class=\"wpb_wrapper\">\n\t\t\t<p><img loading=\"lazy\" decoding=\"async\" class=\"size-full wp-image-6071\" src=\"https:\/\/www.langir.com\/wp-content\/uploads\/2019\/03\/electronic-design-solutions-3.jpg\" alt=\"Elektronische Designl\u00f6sungen\" width=\"800\" height=\"400\" \/><\/p>\n\n\t\t<\/div>\n\t<\/div>\n<\/div><\/div><\/div><div class=\"wpb_column vc_column_container vc_col-sm-6\"><div class=\"vc_column-inner\"><div class=\"wpb_wrapper\">\n\t<div class=\"wpb_text_column wpb_content_element vc_custom_1555666773142\" >\n\t\t<div class=\"wpb_wrapper\">\n\t\t\t<p><img loading=\"lazy\" decoding=\"async\" class=\"size-full wp-image-6141\" title=\"Elektronische Designl\u00f6sungen\" src=\"https:\/\/www.langir.com\/wp-content\/uploads\/2019\/04\/electronic-design-solutions-6.jpg\" alt=\"Elektronische Designl\u00f6sungen\" width=\"800\" height=\"400\" \/><\/p>\n\n\t\t<\/div>\n\t<\/div>\n<\/div><\/div><\/div><div class=\"wpb_column vc_column_container vc_col-sm-6\"><div class=\"vc_column-inner\"><div class=\"wpb_wrapper\">\n\t<div class=\"wpb_text_column wpb_content_element vc_custom_1555666791076\" >\n\t\t<div class=\"wpb_wrapper\">\n\t\t\t<p><img loading=\"lazy\" decoding=\"async\" class=\"size-full wp-image-6069\" src=\"https:\/\/www.langir.com\/wp-content\/uploads\/2019\/03\/electronic-design-solutions-1.jpg\" alt=\"Elektronische Designl\u00f6sungen\" width=\"800\" height=\"400\" \/><\/p>\n\n\t\t<\/div>\n\t<\/div>\n<\/div><\/div><\/div><div class=\"wpb_column vc_column_container vc_col-sm-6\"><div class=\"vc_column-inner\"><div class=\"wpb_wrapper\">\n\t<div class=\"wpb_text_column wpb_content_element vc_custom_1555666807725\" >\n\t\t<div class=\"wpb_wrapper\">\n\t\t\t<p><img loading=\"lazy\" decoding=\"async\" class=\"size-full wp-image-6142\" title=\"Elektronische Designl\u00f6sungen\" src=\"https:\/\/www.langir.com\/wp-content\/uploads\/2019\/04\/electronic-design-solutions-4.jpg\" alt=\"Elektronische Designl\u00f6sungen\" width=\"800\" height=\"400\" \/><\/p>\n\n\t\t<\/div>\n\t<\/div>\n<\/div><\/div><\/div><div class=\"wpb_column vc_column_container vc_col-sm-12\"><div class=\"vc_column-inner\"><div class=\"wpb_wrapper\">\n<div class=\"vc-zigzag-wrapper vc-zigzag-align-center\"><div class=\"vc-zigzag-inner\" style=\"width: 100%;min-height: 14px;background: 0 repeat-x url(&#039;data:image\/svg+xml;utf-8,%3C%3Fxml%20version%3D%221.0%22%20encoding%3D%22utf-8%22%3F%3E%3C%21DOCTYPE%20svg%20PUBLIC%20%22-%2F%2FW3C%2F%2FDTD%20SVG%201.1%2F%2FEN%22%20%22http%3A%2F%2Fwww.w3.org%2FGraphics%2FSVG%2F1.1%2FDTD%2Fsvg11.dtd%22%3E%3Csvg%20width%3D%2214px%22%20height%3D%2212px%22%20viewBox%3D%220%200%2018%2015%22%20version%3D%221.1%22%20xmlns%3D%22http%3A%2F%2Fwww.w3.org%2F2000%2Fsvg%22%20xmlns%3Axlink%3D%22http%3A%2F%2Fwww.w3.org%2F1999%2Fxlink%22%3E%3Cpolygon%20id%3D%22Combined-Shape%22%20fill%3D%22%23ebebeb%22%20points%3D%228.98762301%200%200%209.12771969%200%2014.519983%209%205.40479869%2018%2014.519983%2018%209.12771969%22%3E%3C%2Fpolygon%3E%3C%2Fsvg%3E&#039;);\"><\/div><\/div>\n\t<div class=\"wpb_text_column wpb_content_element\" >\n\t\t<div class=\"wpb_wrapper\">\n\t\t\t<p><iframe style=\"width: 100%; border: none;\" title=\"Eingebettetes Wufoo-Formular\" src=\"https:\/\/langir.wufoo.com\/embed\/zcdgace1ql3iv4\/\" height=\"766\" frameborder=\"0\" scrolling=\"no\" sandbox=\"allow-popups-to-escape-sandbox allow-top-navigation allow-scripts allow-popups allow-forms allow-same-origin\"> <a href=\"https:\/\/langir.wufoo.com\/forms\/zcdgace1ql3iv4\/\" target=\"_blank\" rel=\"noopener\">F\u00fcllen Sie mein Wufoo-Formular aus!<\/a> <\/iframe><\/p>\n\n\t\t<\/div>\n\t<\/div>\n<\/div><\/div><\/div><\/div>\n<\/div>","protected":false},"excerpt":{"rendered":"Customized Products Request Quotation brochure rohs ce PCB Design Services PCB LAYOUT SYMBOL CREATION SCHEMATIC CAPTURE TOOL SCRIPTING IPC CERTIFIED DESIGNERS Manufacturing &amp; Lab Services QUICK TURN PROTOTYPES INVENTORY MANAGEMENT IN HOUSE ASSEMBLY REWORK BOX BUILDS CUSTOM PACKAGING HARDWARE PROGRAMMING FUNCTIONAL TESTING Langir offers the complete solution for your company PCB DESIGN SERVICES Langir has [...]","protected":false},"author":1,"featured_media":7430,"parent":0,"menu_order":36,"comment_status":"closed","ping_status":"closed","template":"page-default.php","meta":{"_acf_changed":false,"_metasync_otto_title":"","_metasync_otto_description":"","_metasync_otto_keywords":"","_metasync_otto_og_title":"","_metasync_otto_og_description":"","_metasync_otto_twitter_title":"","_metasync_otto_twitter_description":"","rank_math_title":"","rank_math_description":"All Langir designers have a broad range of expertise, from simple interconnect to highly complex boards.","_yoast_wpseo_title":"","_yoast_wpseo_metadesc":"","_aioseo_title":"","_aioseo_description":"","_metasync_seo_title":"","_metasync_seo_desc":"","_metasync_breadcrumb_title":"","_metasync_primary_category":0,"_metasync_primary_product_cat":0,"_metasync_otto_disabled":"","_metasync_hreflang":"","footnotes":""},"class_list":["post-7432","page","type-page","status-publish","has-post-thumbnail","hentry","entry"],"acf":[],"post_mailing_queue_ids":[],"_links":{"self":[{"href":"https:\/\/www.langir.com\/de\/wp-json\/wp\/v2\/pages\/7432","targetHints":{"allow":["GET"]}}],"collection":[{"href":"https:\/\/www.langir.com\/de\/wp-json\/wp\/v2\/pages"}],"about":[{"href":"https:\/\/www.langir.com\/de\/wp-json\/wp\/v2\/types\/page"}],"author":[{"embeddable":true,"href":"https:\/\/www.langir.com\/de\/wp-json\/wp\/v2\/users\/1"}],"replies":[{"embeddable":true,"href":"https:\/\/www.langir.com\/de\/wp-json\/wp\/v2\/comments?post=7432"}],"version-history":[{"count":1,"href":"https:\/\/www.langir.com\/de\/wp-json\/wp\/v2\/pages\/7432\/revisions"}],"predecessor-version":[{"id":16174,"href":"https:\/\/www.langir.com\/de\/wp-json\/wp\/v2\/pages\/7432\/revisions\/16174"}],"wp:featuredmedia":[{"embeddable":true,"href":"https:\/\/www.langir.com\/de\/wp-json\/wp\/v2\/media\/7430"}],"wp:attachment":[{"href":"https:\/\/www.langir.com\/de\/wp-json\/wp\/v2\/media?parent=7432"}],"curies":[{"name":"wp","href":"https:\/\/api.w.org\/{rel}","templated":true}]}}