{"id":7441,"date":"2019-11-21T08:48:21","date_gmt":"2019-11-21T08:48:21","guid":{"rendered":"https:\/\/www.langir.com\/?page_id=7441"},"modified":"2026-03-30T08:27:20","modified_gmt":"2026-03-30T08:27:20","slug":"frequently-asked-questions","status":"publish","type":"page","link":"https:\/\/www.langir.com\/de\/frequently-asked-questions\/","title":{"rendered":"H\u00e4ufig gestellte Fragen"},"content":{"rendered":"<div class=\"wpb-content-wrapper\"><div class=\"vc_row wpb_row vc_row-fluid\"><div class=\"wpb_column vc_column_container vc_col-sm-12\"><div class=\"vc_column-inner\"><div class=\"wpb_wrapper\">\n\t<div class=\"wpb_text_column wpb_content_element\" >\n\t\t<div class=\"wpb_wrapper\">\n\t\t\t<p>Nachstehend finden Sie einige der am h\u00e4ufigsten gestellten Fragen. Wenn Sie eine Frage haben, die hier nicht aufgef\u00fchrt ist, <a href=\"https:\/\/www.langir.com\/de\/contact\/\">kontaktieren Sie uns bitte.<\/a><\/p>\n\n\t\t<\/div>\n\t<\/div>\n\n<div class=\"vc-zigzag-wrapper vc-zigzag-align-center\"><div class=\"vc-zigzag-inner\" style=\"width: 100%;min-height: 14px;background: 0 repeat-x url(&#039;data:image\/svg+xml;utf-8,%3C%3Fxml%20version%3D%221.0%22%20encoding%3D%22utf-8%22%3F%3E%3C%21DOCTYPE%20svg%20PUBLIC%20%22-%2F%2FW3C%2F%2FDTD%20SVG%201.1%2F%2FEN%22%20%22http%3A%2F%2Fwww.w3.org%2FGraphics%2FSVG%2F1.1%2FDTD%2Fsvg11.dtd%22%3E%3Csvg%20width%3D%2214px%22%20height%3D%2212px%22%20viewBox%3D%220%200%2018%2015%22%20version%3D%221.1%22%20xmlns%3D%22http%3A%2F%2Fwww.w3.org%2F2000%2Fsvg%22%20xmlns%3Axlink%3D%22http%3A%2F%2Fwww.w3.org%2F1999%2Fxlink%22%3E%3Cpolygon%20id%3D%22Combined-Shape%22%20fill%3D%22%23ebebeb%22%20points%3D%228.98762301%200%200%209.12771969%200%2014.519983%209%205.40479869%2018%2014.519983%2018%209.12771969%22%3E%3C%2Fpolygon%3E%3C%2Fsvg%3E&#039;);\"><\/div><\/div>\n\t<div class=\"wpb_text_column wpb_content_element\" >\n\t\t<div class=\"wpb_wrapper\">\n\t\t\t<p><strong style=\"color: #000;\">Wie kann ich auf dieser Website eine erweiterte Suche durchf\u00fchren?<\/strong><\/p>\n\n\t\t<\/div>\n\t<\/div>\n\n\t<div class=\"wpb_text_column wpb_content_element\" >\n\t\t<div class=\"wpb_wrapper\">\n\t\t\t<p>Geben Sie die gew\u00fcnschte Gr\u00f6\u00dfe in das Suchfeld ein.<\/p>\n\n\t\t<\/div>\n\t<\/div>\n\n\t<div class=\"wpb_text_column wpb_content_element\" >\n\t\t<div class=\"wpb_wrapper\">\n\t\t\t<p><strong style=\"color: #000;\">Woher wei\u00df ich, ob ein Schalter waschbar oder versiegelt ist?<\/strong><\/p>\n\n\t\t<\/div>\n\t<\/div>\n\n\t<div class=\"wpb_text_column wpb_content_element\" >\n\t\t<div class=\"wpb_wrapper\">\n\t\t\t<p>Auf der Produktdetailseite jeder Serie finden Sie Informationen \u00fcber den Schalter. Wenn er abwaschbar oder nach einem bestimmten IP-Schutzgrad versiegelt ist, wird dies auf der Produktdetailseite angegeben. Um zur Produktdetailseite zu gelangen, gehen Sie auf unsere <a href=\"https:\/\/www.langir.com\/de\/catalogues\/\" rel=\"noopener\">Produktkatalog<\/a> und suchen Sie nach Typ oder nach Merkmal.<br \/>\nEs kann davon ausgegangen werden, dass alle Langir-Schalter die folgenden Anforderungen erf\u00fcllen <a href=\"https:\/\/www.langir.com\/de\/protection-ratings\/\">EN 60529<\/a>.<\/p>\n\n\t\t<\/div>\n\t<\/div>\n\n\t<div class=\"wpb_text_column wpb_content_element\" >\n\t\t<div class=\"wpb_wrapper\">\n\t\t\t<p><strong style=\"color: #000;\">Woher wei\u00df ich, ob eine Teilenummer RoHS-zertifiziert ist?<\/strong><\/p>\n\n\t\t<\/div>\n\t<\/div>\n\n\t<div class=\"wpb_text_column wpb_content_element\" >\n\t\t<div class=\"wpb_wrapper\">\n\t\t\t<p>Es ist eine sichere Annahme, dass alle unsere Schalter die RoHS-Normen erf\u00fcllen. Sie k\u00f6nnen unsere vollst\u00e4ndige Bibliothek der RoHS-Zertifizierungen nach Teilenummern finden, <a href=\"https:\/\/www.langir.com\/de\/certifications\/\" rel=\"noopener\">Zertifizierungen<\/a>.<\/p>\n\n\t\t<\/div>\n\t<\/div>\n\n\t<div class=\"wpb_text_column wpb_content_element\" >\n\t\t<div class=\"wpb_wrapper\">\n\t\t\t<p><strong style=\"color: #000;\">Welches Lotprofil empfehlen Sie?<\/strong><\/p>\n\n\t\t<\/div>\n\t<\/div>\n\n\t<div class=\"wpb_text_column wpb_content_element\" >\n\t\t<div class=\"wpb_wrapper\">\n\t\t\t<p>Wir haben L\u00f6tprofil-Empfehlungen f\u00fcr Handl\u00f6ten, SMT-Reflow- und Wellenl\u00f6tverfahren. Sie finden unsere Empfehlungen <a href=\"https:\/\/www.langir.com\/de\/soldering-profiles\/\">L\u00f6ten von Profilen<\/a>.<\/p>\n\n\t\t<\/div>\n\t<\/div>\n\n\t<div class=\"wpb_text_column wpb_content_element\" >\n\t\t<div class=\"wpb_wrapper\">\n\t\t\t<p><strong style=\"color: #000;\">Wie gro\u00df ist Langir?<\/strong><\/p>\n\n\t\t<\/div>\n\t<\/div>\n\n\t<div class=\"wpb_text_column wpb_content_element\" >\n\t\t<div class=\"wpb_wrapper\">\n\t\t\t<p>80% wird in mehr als 50 L\u00e4nder und Regionen wie Amerika, Japan, S\u00fcdkorea, Kanada, Europa, S\u00fcdamerika, Australien, S\u00fcdostasien, Afrika usw. verkauft und ist in verschiedenen L\u00e4ndern und Regionen sehr beliebt.<\/p>\n\n\t\t<\/div>\n\t<\/div>\n\n\t<div class=\"wpb_text_column wpb_content_element\" >\n\t\t<div class=\"wpb_wrapper\">\n\t\t\t<p><strong style=\"color: #000;\">Was ist der Kernwert von Langir?<\/strong><\/p>\n\n\t\t<\/div>\n\t<\/div>\n\n\t<div class=\"wpb_text_column wpb_content_element\" >\n\t\t<div class=\"wpb_wrapper\">\n\t\t\t<p>Der Kernwert der Marke ist die Kultur von Langir, vor allem die <a title=\"Anti-Vandalismus-Schalter, Piezo-Schalter, kapazitiver Schalter und Abstandssensor-Schalter\" href=\"\/de\/category\/panel-switches\/\">Schalter in der Schalttafel<\/a>, <a title=\"Piezo-Tastaturen und Touch-Tastaturen\" href=\"\/de\/category\/control-panels\/\">Bedienfelder<\/a>\u00a0und <a title=\"Schutz des Stromkreises\" href=\"\/de\/category\/circuit-protection\/\">Schutz des Stromkreises<\/a> usw., und st\u00e4ndig verbreiten die Produkte Qualit\u00e4t zu jeder Person, jeder Kunde Herz. \"Erstellen Sie intelligente Zeit\" Konstituieren Sie eine komplette Langir Marke.<\/p>\n\n\t\t<\/div>\n\t<\/div>\n\n\t<div class=\"wpb_text_column wpb_content_element\" >\n\t\t<div class=\"wpb_wrapper\">\n\t\t\t<p class=\"accordion-head title-color gdl-title\"><strong style=\"color: #000;\">Was sind die wichtigsten Produkte von Langir?<\/strong><\/p>\n\n\t\t<\/div>\n\t<\/div>\n\n\t<div class=\"wpb_text_column wpb_content_element\" >\n\t\t<div class=\"wpb_wrapper\">\n\t\t\t<p>Langir ist spezialisiert auf die Herstellung, Vermarktung und Forschung und Entwicklung von <a title=\"Anti-Vandalismus-Schalter, Piezo-Schalter, kapazitiver Schalter und Abstandssensor-Schalter\" href=\"\/de\/category\/panel-switches\/\">Schalter in der Schalttafel<\/a>, <a title=\"Piezo-Tastaturen und Touch-Tastaturen\" href=\"\/de\/category\/control-panels\/\">Bedienfelder<\/a>\u00a0und <a title=\"Schutz des Stromkreises\" href=\"\/de\/category\/circuit-protection\/\">Schutz des Stromkreises<\/a> und so weiter.<\/p>\n\n\t\t<\/div>\n\t<\/div>\n\n\t<div class=\"wpb_text_column wpb_content_element\" >\n\t\t<div class=\"wpb_wrapper\">\n\t\t\t<p><strong style=\"color: #000;\">Wof\u00fcr k\u00f6nnen Ihre Produkte verwendet oder eingesetzt werden?<\/strong><\/p>\n\n\t\t<\/div>\n\t<\/div>\n\n\t<div class=\"wpb_text_column wpb_content_element\" >\n\t\t<div class=\"wpb_wrapper\">\n\t\t\t<p>Das Produkt findet breite Anwendung in der Elektronik und Elektrik, der Informationskommunikation, der Automobilelektronik, der Sicherheitsproduktion, der Raum- und Luftfahrt, der petrochemischen Industrie und der Bauindustrie. Etc.<\/p>\n\n\t\t<\/div>\n\t<\/div>\n\n\t<div class=\"wpb_text_column wpb_content_element\" >\n\t\t<div class=\"wpb_wrapper\">\n\t\t\t<p class=\"accordion-head title-color gdl-title\"><strong style=\"color: #000;\">Wie sind die Lieferzeiten?<\/strong><\/p>\n\n\t\t<\/div>\n\t<\/div>\n\n\t<div class=\"wpb_text_column wpb_content_element\" >\n\t\t<div class=\"wpb_wrapper\">\n\t\t\t<p>Dies h\u00e4ngt von den Produkten ab. Normalerweise werden Standardprodukte innerhalb von 5-25 Tagen geliefert. Die Lieferzeit der Spezialprodukte richtet sich nach der Zeit der Fertigstellung der Produkte.<\/p>\n\n\t\t<\/div>\n\t<\/div>\n\n\t<div class=\"wpb_text_column wpb_content_element\" >\n\t\t<div class=\"wpb_wrapper\">\n\t\t\t<p><strong style=\"color: #000;\">Hat Langir irgendwelche Vorteile beim Export von Produkten?<\/strong><\/p>\n\n\t\t<\/div>\n\t<\/div>\n\n\t<div class=\"wpb_text_column wpb_content_element\" >\n\t\t<div class=\"wpb_wrapper\">\n\t\t\t<p>Langir hat ein komplettes Managementsystem eingef\u00fchrt und hat das internationale Qualit\u00e4tsmanagementsystem ISO9001:2008 bestanden. Au\u00dferdem hat Langir den SGS-Fabrikinspektionsbericht von vielen Top 500 Unternehmen erhalten.<\/p>\n\n\t\t<\/div>\n\t<\/div>\n\n\t<div class=\"wpb_text_column wpb_content_element\" >\n\t\t<div class=\"wpb_wrapper\">\n\t\t\t<p><strong style=\"color: #000;\">Was sind Ihre \u00fcblichen Zahlungsmittel?<\/strong><\/p>\n\n\t\t<\/div>\n\t<\/div>\n\n\t<div class=\"wpb_text_column wpb_content_element\" >\n\t\t<div class=\"wpb_wrapper\">\n\t\t\t<p>T\/T, L\/C, PayPal, Western Union, MoneyGram, Escrow und Alipay<\/p>\n\n\t\t<\/div>\n\t<\/div>\n\n\t<div class=\"wpb_text_column wpb_content_element\" >\n\t\t<div class=\"wpb_wrapper\">\n\t\t\t<p><strong style=\"color: #000;\">Besteht f\u00fcr die Produkte eine Garantie?<\/strong><\/p>\n\n\t\t<\/div>\n\t<\/div>\n\n\t<div class=\"wpb_text_column wpb_content_element\" >\n\t\t<div class=\"wpb_wrapper\">\n\t\t\t<p>Alle unsere Produkte haben eine 1-Jahres-Garantie auf die wichtigsten Teile ohne Verschlei\u00dfteile.<\/p>\n\n\t\t<\/div>\n\t<\/div>\n\n\t<div class=\"wpb_text_column wpb_content_element\" >\n\t\t<div class=\"wpb_wrapper\">\n\t\t\t<p><strong style=\"color: #000;\">Wie kann ich im Falle eines Problems die Produkte f\u00fcr uns reparieren?<\/strong><\/p>\n\n\t\t<\/div>\n\t<\/div>\n\n\t<div class=\"wpb_text_column wpb_content_element\" >\n\t\t<div class=\"wpb_wrapper\">\n\t\t\t<p>Wir k\u00f6nnen Ihnen entweder telefonisch helfen, indem wir Ihnen die zu reparierenden Teile zusenden, oder wir verlangen von Ihnen, dass Sie die Produkte zur Reparatur an uns zur\u00fcckschicken.<\/p>\n\n\t\t<\/div>\n\t<\/div>\n\n<div class=\"vc-zigzag-wrapper vc-zigzag-align-center\"><div class=\"vc-zigzag-inner\" style=\"width: 100%;min-height: 14px;background: 0 repeat-x url(&#039;data:image\/svg+xml;utf-8,%3C%3Fxml%20version%3D%221.0%22%20encoding%3D%22utf-8%22%3F%3E%3C%21DOCTYPE%20svg%20PUBLIC%20%22-%2F%2FW3C%2F%2FDTD%20SVG%201.1%2F%2FEN%22%20%22http%3A%2F%2Fwww.w3.org%2FGraphics%2FSVG%2F1.1%2FDTD%2Fsvg11.dtd%22%3E%3Csvg%20width%3D%2214px%22%20height%3D%2212px%22%20viewBox%3D%220%200%2018%2015%22%20version%3D%221.1%22%20xmlns%3D%22http%3A%2F%2Fwww.w3.org%2F2000%2Fsvg%22%20xmlns%3Axlink%3D%22http%3A%2F%2Fwww.w3.org%2F1999%2Fxlink%22%3E%3Cpolygon%20id%3D%22Combined-Shape%22%20fill%3D%22%23ebebeb%22%20points%3D%228.98762301%200%200%209.12771969%200%2014.519983%209%205.40479869%2018%2014.519983%2018%209.12771969%22%3E%3C%2Fpolygon%3E%3C%2Fsvg%3E&#039;);\"><\/div><\/div>\n\t<div class=\"wpb_text_column wpb_content_element vc_custom_1774859208569\" >\n\t\t<div class=\"wpb_wrapper\">\n\t\t\t<p><iframe style=\"width: 100%; border: none;\" title=\"Eingebettetes Wufoo-Formular\" src=\"https:\/\/langir.wufoo.com\/embed\/zcdgace1ql3iv4\/\" height=\"766\" frameborder=\"0\" scrolling=\"no\" sandbox=\"allow-popups-to-escape-sandbox allow-top-navigation allow-scripts allow-popups allow-forms allow-same-origin\"> <a href=\"https:\/\/langir.wufoo.com\/forms\/zcdgace1ql3iv4\/\" target=\"_blank\" rel=\"noopener\">F\u00fcllen Sie mein Wufoo-Formular aus!<\/a> <\/iframe><\/p>\n\n\t\t<\/div>\n\t<\/div>\n<\/div><\/div><\/div><\/div>\n<\/div>","protected":false},"excerpt":{"rendered":"Below are some of our most frequently asked questions. If you have a question that is not on here, please contact us. How can I perform an advanced search on this site? Fill in you want the szie in search box. How do I know if a switch is washable or sealed? On the product [...]","protected":false},"author":1,"featured_media":7442,"parent":0,"menu_order":34,"comment_status":"closed","ping_status":"closed","template":"page-default.php","meta":{"_acf_changed":false,"footnotes":""},"class_list":["post-7441","page","type-page","status-publish","has-post-thumbnail","hentry","entry"],"acf":[],"post_mailing_queue_ids":[],"_links":{"self":[{"href":"https:\/\/www.langir.com\/de\/wp-json\/wp\/v2\/pages\/7441","targetHints":{"allow":["GET"]}}],"collection":[{"href":"https:\/\/www.langir.com\/de\/wp-json\/wp\/v2\/pages"}],"about":[{"href":"https:\/\/www.langir.com\/de\/wp-json\/wp\/v2\/types\/page"}],"author":[{"embeddable":true,"href":"https:\/\/www.langir.com\/de\/wp-json\/wp\/v2\/users\/1"}],"replies":[{"embeddable":true,"href":"https:\/\/www.langir.com\/de\/wp-json\/wp\/v2\/comments?post=7441"}],"version-history":[{"count":2,"href":"https:\/\/www.langir.com\/de\/wp-json\/wp\/v2\/pages\/7441\/revisions"}],"predecessor-version":[{"id":16173,"href":"https:\/\/www.langir.com\/de\/wp-json\/wp\/v2\/pages\/7441\/revisions\/16173"}],"wp:featuredmedia":[{"embeddable":true,"href":"https:\/\/www.langir.com\/de\/wp-json\/wp\/v2\/media\/7442"}],"wp:attachment":[{"href":"https:\/\/www.langir.com\/de\/wp-json\/wp\/v2\/media?parent=7441"}],"curies":[{"name":"wp","href":"https:\/\/api.w.org\/{rel}","templated":true}]}}