{"id":7444,"date":"2019-11-21T08:49:18","date_gmt":"2019-11-21T08:49:18","guid":{"rendered":"https:\/\/www.langir.com\/?page_id=7444"},"modified":"2026-03-30T08:26:40","modified_gmt":"2026-03-30T08:26:40","slug":"glossary-of-terms","status":"publish","type":"page","link":"https:\/\/www.langir.com\/de\/glossary-of-terms\/","title":{"rendered":"Glossar der Begriffe"},"content":{"rendered":"<div class=\"wpb-content-wrapper\"><div class=\"vc_row wpb_row vc_row-fluid\"><div class=\"wpb_column vc_column_container vc_col-sm-12\"><div class=\"vc_column-inner\"><div class=\"wpb_wrapper\">\n\t<div class=\"wpb_text_column wpb_content_element\" >\n\t\t<div class=\"wpb_wrapper\">\n\t\t\t<p><strong>Bet\u00e4tigungselement<\/strong>: Die mechanische Schnittstelle zwischen den Kontakten des Grundschalters und dem Bet\u00e4tigungsmittel, z. B. dem Finger des Bedieners.<\/p>\n<p><strong>Bet\u00e4tigungskraft<\/strong>: Die Kraft, die erforderlich ist, um den elektrischen Zustand eines Stromkreises zu \u00e4ndern.<\/p>\n<p><a title=\"Abwechselnd (Verriegelung und Aufrechterhaltung) Aktion Schalter\" href=\"https:\/\/www.langir.com\/de\/news\/whats-the-difference-between-an-alternate-action-and-a-momentary\/\"><strong style=\"color: #ffa010;\">Abwechselnd (Einrasten und Beibehalten) Aktion Schalter<\/strong><\/a>: Ein Drucktastenschalter, bei dem die \u00c4nderung des elektrischen Zustands zwischen den Bet\u00e4tigungen beibehalten wird.<\/p>\n<p><strong>Ampere<\/strong>: Eine Einheit des elektrischen Stromflusses.<\/p>\n<p><strong>Basis (Geh\u00e4use)<\/strong>: Der Sockel eines Schalters ist das Hauptelement, an dem die leitenden Teile oder die Isoliereinheit befestigt sind. An ihm k\u00f6nnen auch Teile des Bet\u00e4tigungs- oder Steuermechanismus befestigt sein.<\/p>\n<p><strong>Bounce<\/strong>: R\u00fcckprall des beweglichen Kontakts gegen den festen Kontakt w\u00e4hrend der \u00dcbertragung.<\/p>\n<p><strong>Pause<\/strong>: Unterbrechung eines Stromkreises. Doppelunterbrechung liegt vor, wenn ein einziger Mechanismus zwei Kontakte gleichzeitig unterbricht.<\/p>\n<p><strong>Kapazit\u00e4t<\/strong>: Bezieht sich in der Regel auf die Strombelastbarkeit eines Schalters.<\/p>\n<p><strong>Kontakt<\/strong>: Der Kontakt ist ein leitendes Teil, das dazu bestimmt ist, durch Druck mit einem anderen leitenden Teil verbunden zu werden, um Strom zu \u00fcbertragen.<\/p>\n<p><strong>Durchgangswiderstand<\/strong>: Der Widerstand des Stromflusses \u00fcber geschlossene Kontakte.<\/p>\n<p><strong>Raste<\/strong>: Ein Merkmal, das anzeigt, dass der Bet\u00e4tigungspunkt erreicht wurde. Kann auch als taktiles Gef\u00fchl bezeichnet werden.<\/p>\n<p><strong>Dielektrische Festigkeit<\/strong>: Die F\u00e4higkeit eines Isoliermaterials, einer Lichtbogenbildung an seiner Oberfl\u00e4che zu widerstehen.<\/p>\n<p><strong>Staubdicht<\/strong>: Der versiegelte Schalter ist resistent gegen Sand- und Staubverschmutzung.<\/p>\n<p><strong>Elektrische Lebensdauer<\/strong>: Erwartete Zykluslebensdauer, wenn der Schalter bei voller Nennlast betrieben wird.<\/p>\n<p><strong>Isolationswiderstand<\/strong>: Der Widerstand der Isolierstoffe zwischen den Kontakten gegen den Stromfluss.<\/p>\n<p><a title=\"Schalter mit Momentanfunktion\" href=\"https:\/\/www.langir.com\/de\/news\/whats-the-difference-between-an-alternate-action-and-a-momentary\/\"><strong style=\"color: #ffa010;\">Schalter mit Momentanfunktion<\/strong><\/a>: Bezeichnung f\u00fcr einen Schalter, bei dem ein Stromkreis nur bei Krafteinwirkung kontinuierlich geschlossen oder ge\u00f6ffnet wird. Der elektrische Zustand kehrt in seine normale Position zur\u00fcck, wenn die Kraft aufgehoben wird.<\/p>\n<p><strong>Normalerweise geschlossen<\/strong>: Bezeichnung f\u00fcr einen Schalter, bei dem ein Stromkreis in der normalen Schalterstellung geschlossen ist.<\/p>\n<p><strong>Normalerweise offen<\/strong>: Bezeichnung f\u00fcr einen Schalter, bei dem in der normalen Schalterstellung ein Stromkreis offen ist.<\/p>\n<p><strong>Betriebspunkt<\/strong>: Punkt, an dem die Kontakte \u00fcbergehen. Normalerweise von den Befestigungsl\u00f6chern des Schalters aus gemessen.<\/p>\n<p><strong>\u00dcber Reisen<\/strong>: Der Weg, den ein Aktor zur\u00fccklegt, nachdem der Stromkreis geschlossen wurde.<\/p>\n<p><strong>Pfahl<\/strong>: Der Begriff bezeichnet einen vollst\u00e4ndig getrennten Stromkreis, der einen Schalter auf einmal durchl\u00e4uft.<\/p>\n<p><strong>Vor der Reise:<\/strong>\u00a0Die Bewegung des Aktuators vor dem Schlie\u00dfen des Stromkreises. Manchmal identisch mit \"Travel to Make\".<\/p>\n\n\t\t<\/div>\n\t<\/div>\n\n\t<div class=\"wpb_text_column wpb_content_element\" >\n\t\t<div class=\"wpb_wrapper\">\n\t\t\t<p><strong>Abk\u00fcrzungen wechseln:<\/strong><\/p>\n\n\t\t<\/div>\n\t<\/div>\n\n\t<div class=\"wpb_text_column wpb_content_element\" >\n\t\t<div class=\"wpb_wrapper\">\n\t\t\t<p><strong>N.C.<\/strong>: Normalerweise geschlossen<\/p>\n<p><strong>N.A.<\/strong>: Normalerweise offen<\/p>\n<p><strong>SPST<\/strong>: Einpolig, einseitig ausl\u00f6send 1NO1NC<\/p>\n<p><strong>SPDT<\/strong>: Einpolig, zweistufig 1NO2NC<\/p>\n<p><strong>DPST<\/strong>: Zweipolig, einseitig ausl\u00f6send 2NO1NC<\/p>\n<p><strong>DPDT<\/strong>: Zweipolig, doppelt schaltend 2NO2NC<\/p>\n<p><strong>Reisen zu machen<\/strong>: Der Abstand parallel zur vorgesehenen Bewegungsrichtung des Bet\u00e4tigers, an dem ein Stromkreis geschlossen wird.<\/p>\n<p><strong>Wasserdicht<\/strong>: Der versiegelte Schalter kann je nach Spezifikation bis zu verschiedenen Tiefen untergetaucht werden.<\/p>\n<p><strong>Wischvorgang<\/strong>: Seitliche Bewegung des beweglichen Kontakts \u00fcber den festen Kontakt, w\u00e4hrend Druck zwischen den beiden Kontakten besteht. Findet w\u00e4hrend der Bewegung des St\u00f6\u00dfels statt. Dieser Vorgang tr\u00e4gt dazu bei, die Kontakte von Verunreinigungen zu befreien.<\/p>\n\n\t\t<\/div>\n\t<\/div>\n\n<div class=\"vc-zigzag-wrapper vc-zigzag-align-center\"><div class=\"vc-zigzag-inner\" style=\"width: 100%;min-height: 14px;background: 0 repeat-x url(&#039;data:image\/svg+xml;utf-8,%3C%3Fxml%20version%3D%221.0%22%20encoding%3D%22utf-8%22%3F%3E%3C%21DOCTYPE%20svg%20PUBLIC%20%22-%2F%2FW3C%2F%2FDTD%20SVG%201.1%2F%2FEN%22%20%22http%3A%2F%2Fwww.w3.org%2FGraphics%2FSVG%2F1.1%2FDTD%2Fsvg11.dtd%22%3E%3Csvg%20width%3D%2214px%22%20height%3D%2212px%22%20viewBox%3D%220%200%2018%2015%22%20version%3D%221.1%22%20xmlns%3D%22http%3A%2F%2Fwww.w3.org%2F2000%2Fsvg%22%20xmlns%3Axlink%3D%22http%3A%2F%2Fwww.w3.org%2F1999%2Fxlink%22%3E%3Cpolygon%20id%3D%22Combined-Shape%22%20fill%3D%22%23ebebeb%22%20points%3D%228.98762301%200%200%209.12771969%200%2014.519983%209%205.40479869%2018%2014.519983%2018%209.12771969%22%3E%3C%2Fpolygon%3E%3C%2Fsvg%3E&#039;);\"><\/div><\/div>\n\t<div class=\"wpb_text_column wpb_content_element\" >\n\t\t<div class=\"wpb_wrapper\">\n\t\t\t<p><iframe style=\"width: 100%; border: none;\" title=\"Eingebettetes Wufoo-Formular\" src=\"https:\/\/langir.wufoo.com\/embed\/zcdgace1ql3iv4\/\" height=\"766\" frameborder=\"0\" scrolling=\"no\" sandbox=\"allow-popups-to-escape-sandbox allow-top-navigation allow-scripts allow-popups allow-forms allow-same-origin\"> <a href=\"https:\/\/langir.wufoo.com\/forms\/zcdgace1ql3iv4\/\" target=\"_blank\" rel=\"noopener\">F\u00fcllen Sie mein Wufoo-Formular aus!<\/a> <\/iframe><\/p>\n\n\t\t<\/div>\n\t<\/div>\n<\/div><\/div><\/div><\/div>\n<\/div>","protected":false},"excerpt":{"rendered":"Actuator:\u00a0The mechanical interface between the basic switch contacts and the means of operation, such as\u00a0the operator\u2019s finger. Actuation Force:\u00a0The required force to change a circuit\u2019s electrical state. Alternate (Latchin and Maintained) Action Switch:\u00a0A Pushbutton style switch where the change of the electrical state is maintained\u00a0between actuations. Ampere:\u00a0A unit of electrical current flow. Base (Housing):\u00a0A base [...]","protected":false},"author":1,"featured_media":7426,"parent":0,"menu_order":33,"comment_status":"closed","ping_status":"closed","template":"page-default.php","meta":{"_acf_changed":false,"footnotes":""},"class_list":["post-7444","page","type-page","status-publish","has-post-thumbnail","hentry","entry"],"acf":[],"post_mailing_queue_ids":[],"_links":{"self":[{"href":"https:\/\/www.langir.com\/de\/wp-json\/wp\/v2\/pages\/7444","targetHints":{"allow":["GET"]}}],"collection":[{"href":"https:\/\/www.langir.com\/de\/wp-json\/wp\/v2\/pages"}],"about":[{"href":"https:\/\/www.langir.com\/de\/wp-json\/wp\/v2\/types\/page"}],"author":[{"embeddable":true,"href":"https:\/\/www.langir.com\/de\/wp-json\/wp\/v2\/users\/1"}],"replies":[{"embeddable":true,"href":"https:\/\/www.langir.com\/de\/wp-json\/wp\/v2\/comments?post=7444"}],"version-history":[{"count":1,"href":"https:\/\/www.langir.com\/de\/wp-json\/wp\/v2\/pages\/7444\/revisions"}],"predecessor-version":[{"id":16170,"href":"https:\/\/www.langir.com\/de\/wp-json\/wp\/v2\/pages\/7444\/revisions\/16170"}],"wp:featuredmedia":[{"embeddable":true,"href":"https:\/\/www.langir.com\/de\/wp-json\/wp\/v2\/media\/7426"}],"wp:attachment":[{"href":"https:\/\/www.langir.com\/de\/wp-json\/wp\/v2\/media?parent=7444"}],"curies":[{"name":"wp","href":"https:\/\/api.w.org\/{rel}","templated":true}]}}