{"id":7449,"date":"2019-11-21T08:50:32","date_gmt":"2019-11-21T08:50:32","guid":{"rendered":"https:\/\/www.langir.com\/?page_id=7449"},"modified":"2020-08-31T07:22:55","modified_gmt":"2020-08-31T07:22:55","slug":"jobs-careers","status":"publish","type":"page","link":"https:\/\/www.langir.com\/de\/jobs-careers\/","title":{"rendered":"Jobs &amp; Karriere"},"content":{"rendered":"<div class=\"wpb-content-wrapper\"><div class=\"vc_row wpb_row vc_row-fluid\"><div class=\"wpb_column vc_column_container vc_col-sm-12\"><div class=\"vc_column-inner\"><div class=\"wpb_wrapper\">\n\t<div class=\"wpb_text_column wpb_content_element vc_custom_1428396705815\" >\n\t\t<div class=\"wpb_wrapper\">\n\t\t\t<p>Bei LANGIR sind wir davon \u00fcberzeugt, dass die Menschen der Schl\u00fcssel zu unserem Erfolg sind.<\/p>\n\n\t\t<\/div>\n\t<\/div>\n\n\t<div class=\"wpb_text_column wpb_content_element\" >\n\t\t<div class=\"wpb_wrapper\">\n\t\t\t<p>Bei LANGIR finden Sie ein sich st\u00e4ndig ver\u00e4nderndes und lohnendes Arbeitsumfeld vor. Wir bieten Ihnen Karrierem\u00f6glichkeiten auf der ganzen Welt, damit Sie sich selbst herausfordern und neue F\u00e4higkeiten erlernen k\u00f6nnen.<\/p>\n\n\t\t<\/div>\n\t<\/div>\n\n\t<div class=\"wpb_text_column wpb_content_element\" >\n\t\t<div class=\"wpb_wrapper\">\n\t\t\t<p>Wir sind st\u00e4ndig auf der Suche nach Talenten, die flexibel denken und handeln; nach zuk\u00fcnftigen Kollegen, die Spa\u00df an Innovationen haben und motiviert sind, in einem dynamischen Arbeitsumfeld mitzuarbeiten, das Teamarbeit, Unternehmergeist und Aufgeschlossenheit sch\u00e4tzt.<\/p>\n\n\t\t<\/div>\n\t<\/div>\n<\/div><\/div><\/div><\/div><div class=\"vc_row wpb_row vc_row-fluid\"><div class=\"wpb_column vc_column_container vc_col-sm-12\"><div class=\"vc_column-inner\"><div class=\"wpb_wrapper\">\n\t<div class=\"wpb_text_column wpb_content_element\" >\n\t\t<div class=\"wpb_wrapper\">\n\t\t\t<p><strong>Offene Stellen<\/strong><\/p>\n\n\t\t<\/div>\n\t<\/div>\n<\/div><\/div><\/div><\/div><div class=\"vc_row wpb_row vc_row-fluid jobscareers\"><div class=\"wpb_column vc_column_container vc_col-sm-4\"><div class=\"vc_column-inner\"><div class=\"wpb_wrapper\">\n\t<div class=\"wpb_raw_code wpb_raw_html wpb_content_element\" >\n\t\t<div class=\"wpb_wrapper\">\n\t\t\t<h4><span style=\"color: #ff0000;\">Absolventen<\/span><\/h4>\n<p>Wenzhou, China<br>\n13 Apr.2015<\/p>\n\t\t<\/div>\n\t<\/div>\n<\/div><\/div><\/div><div class=\"wpb_column vc_column_container vc_col-sm-8\"><div class=\"vc_column-inner\"><div class=\"wpb_wrapper\">\n\t<div class=\"wpb_text_column wpb_content_element\" >\n\t\t<div class=\"wpb_wrapper\">\n\t\t\t<p>Studenten mit einem Abschluss in Management, Internationalem Handel oder Automatisierung.<\/p>\n<ul>\n<li>Eifer f\u00fcr den internationalen Handel, die mechanische Industrie und den Online-Verkauf.<\/li>\n<li>Sensibel f\u00fcr den Markt, loyal gegen\u00fcber der Marke.<\/li>\n<li>hart arbeiten.<\/li>\n<li>bescheiden und bereit, neue Dinge zu lernen.<\/li>\n<li>solide Fachkenntnisse, ausgepr\u00e4gte F\u00e4higkeit zur Selbstdisziplinierung<\/li>\n<\/ul>\n\n\t\t<\/div>\n\t<\/div>\n<\/div><\/div><\/div><\/div><div class=\"vc_row wpb_row vc_row-fluid jobscareers\"><div class=\"wpb_column vc_column_container vc_col-sm-4\"><div class=\"vc_column-inner\"><div class=\"wpb_wrapper\">\n\t<div class=\"wpb_raw_code wpb_raw_html wpb_content_element\" >\n\t\t<div class=\"wpb_wrapper\">\n\t\t\t<h4><span style=\"color: #ff0000;\">Leiter der Qualit\u00e4tskontrolle<\/span><\/h4>\n<p>Wenzhou, China<br>\n15 Apr.2015<\/p>\n\t\t<\/div>\n\t<\/div>\n<\/div><\/div><\/div><div class=\"wpb_column vc_column_container vc_col-sm-8\"><div class=\"vc_column-inner\"><div class=\"wpb_wrapper\">\n\t<div class=\"wpb_text_column wpb_content_element\" >\n\t\t<div class=\"wpb_wrapper\">\n\t\t\t<p>Beschreibung:<\/p>\n<ul>\n<li>Einf\u00fchrung eines Qualit\u00e4tsindexes, Entwurf von QC-Regeln und -Vorschriften, Einf\u00fchrung eines Qualit\u00e4tsmanagementsystems<\/li>\n<li>Bearbeiten, Pr\u00fcfen und Ausf\u00fcllen verschiedener Arbeitsanweisungen<\/li>\n<li>Testmuster, Auftr\u00e4ge und unqualifizierte Produkte<\/li>\n<li>Hilfe bei der Auswahl qualifizierter Lieferanten<\/li>\n<li>Analyse der QC-Bedingungen, Ergreifen von Ma\u00dfnahmen zur Korrektur und Vermeidung von Qualit\u00e4tsfehlern<\/li>\n<li>Organisation regelm\u00e4\u00dfiger Sitzungen, Berichterstattung an den Generaldirektor \u00fcber den Zustand der Qualit\u00e4tskontrolle und Erteilung professioneller Ratschl\u00e4ge<\/li>\n<\/ul>\n\n\t\t<\/div>\n\t<\/div>\n<\/div><\/div><\/div><\/div><div class=\"vc_row wpb_row vc_row-fluid jobscareers\"><div class=\"wpb_column vc_column_container vc_col-sm-4\"><div class=\"vc_column-inner\"><div class=\"wpb_wrapper\">\n\t<div class=\"wpb_raw_code wpb_raw_html wpb_content_element\" >\n\t\t<div class=\"wpb_wrapper\">\n\t\t\t<h4><span style=\"color: #ff0000;\">Internationale Verk\u00e4ufe<\/span><\/h4>\n<p>Wenzhou, China<br>\n15 Apr.2015<\/p>\n\t\t<\/div>\n\t<\/div>\n<\/div><\/div><\/div><div class=\"wpb_column vc_column_container vc_col-sm-8\"><div class=\"vc_column-inner\"><div class=\"wpb_wrapper\">\n\t<div class=\"wpb_text_column wpb_content_element\" >\n\t\t<div class=\"wpb_wrapper\">\n\t\t\t<p>Qualifikationen:<\/p>\n<ul>\n<li>Inhaber eines Bachelor-Abschlusses in Marketing, internationalem Handel oder Englisch.<\/li>\n<li>Mindestens 2 Jahre Berufserfahrung in den Bereichen Hardware, Mechanik oder Elektroger\u00e4te.<\/li>\n<li>Kenntnisse in den Bereichen Marketing, Produktf\u00f6rderung, Au\u00dfenhandel und Computer.<\/li>\n<li>Vertraut mit der Erkundung von \u00dcberseem\u00e4rkten und dem Au\u00dfenhandelsprozess<\/li>\n<li>Tiefgreifende Marktkenntnis und F\u00e4higkeit zur Absatzplanung<\/li>\n<li>Beeindruckende Englisch- und Chinesischkenntnisse in Wort, Schrift und Verst\u00e4ndnis<\/li>\n<\/ul>\n\n\t\t<\/div>\n\t<\/div>\n<\/div><\/div><\/div><\/div><div class=\"vc_row wpb_row vc_row-fluid\"><div class=\"wpb_column vc_column_container vc_col-sm-4\"><div class=\"vc_column-inner\"><div class=\"wpb_wrapper\">\n\t<div class=\"wpb_raw_code wpb_raw_js\" >\n\t\t<div class=\"wpb_wrapper\">\n\t\t\t<h4><span style=\"color: #ff0000;\">Exportleiter<\/span><\/h4>\n<p>Wenzhou, China<br>\n15 Apr.2015<\/p>\n\t\t<\/div>\n\t<\/div>\n\n\t<div class=\"wpb_text_column wpb_content_element\" >\n\t\t<div class=\"wpb_wrapper\">\n\t\t\t\n\t\t<\/div>\n\t<\/div>\n<\/div><\/div><\/div><div class=\"wpb_column vc_column_container vc_col-sm-8\"><div class=\"vc_column-inner\"><div class=\"wpb_wrapper\">\n\t<div class=\"wpb_text_column wpb_content_element\" >\n\t\t<div class=\"wpb_wrapper\">\n\t\t\t<p>Wir suchen nach Exportmanagern mit mehr als 2 Jahren Berufserfahrung in den Bereichen Hardware, Mechanik und Elektrik. Diese Position bietet Ihnen viele Aufstiegschancen.<br \/>\n<strong>Schl\u00fcsselattribute:<\/strong><\/p>\n<ul>\n<li>Berufserfahrung: 1-3 Jahre<\/li>\n<li>Ausbildung : Bachelor's Degree<\/li>\n<li>Erfahrung als F\u00fchrungskraft: KEINE Anforderungen<\/li>\n<li>Status: Vollzeit<\/li>\n<\/ul>\n\n\t\t<\/div>\n\t<\/div>\n<\/div><\/div><\/div><\/div>\n<\/div>","protected":false},"excerpt":{"rendered":"At LANGIR we are convinced that people are the key to our success. At LANGIR you will find an ever-changing and rewarding work environment. We give you career opportunities around the world to challenge yourself and to learn new skills. We are continuously looking for talents that are flexible in the way they think and [...]","protected":false},"author":1,"featured_media":7439,"parent":0,"menu_order":32,"comment_status":"closed","ping_status":"closed","template":"page-default.php","meta":{"_acf_changed":false,"_metasync_otto_title":"","_metasync_otto_description":"","rank_math_title":"%title% | Electric Switches - %sitename%","rank_math_description":"At LANGIR you will find an rewarding work environment. We give you career opportunities around the world to challenge yourself.","_yoast_wpseo_title":"","_yoast_wpseo_metadesc":"","footnotes":""},"class_list":["post-7449","page","type-page","status-publish","has-post-thumbnail","hentry","entry"],"acf":[],"post_mailing_queue_ids":[],"_links":{"self":[{"href":"https:\/\/www.langir.com\/de\/wp-json\/wp\/v2\/pages\/7449","targetHints":{"allow":["GET"]}}],"collection":[{"href":"https:\/\/www.langir.com\/de\/wp-json\/wp\/v2\/pages"}],"about":[{"href":"https:\/\/www.langir.com\/de\/wp-json\/wp\/v2\/types\/page"}],"author":[{"embeddable":true,"href":"https:\/\/www.langir.com\/de\/wp-json\/wp\/v2\/users\/1"}],"replies":[{"embeddable":true,"href":"https:\/\/www.langir.com\/de\/wp-json\/wp\/v2\/comments?post=7449"}],"version-history":[{"count":0,"href":"https:\/\/www.langir.com\/de\/wp-json\/wp\/v2\/pages\/7449\/revisions"}],"wp:featuredmedia":[{"embeddable":true,"href":"https:\/\/www.langir.com\/de\/wp-json\/wp\/v2\/media\/7439"}],"wp:attachment":[{"href":"https:\/\/www.langir.com\/de\/wp-json\/wp\/v2\/media?parent=7449"}],"curies":[{"name":"wp","href":"https:\/\/api.w.org\/{rel}","templated":true}]}}