{"id":7463,"date":"2019-11-21T08:58:30","date_gmt":"2019-11-21T08:58:30","guid":{"rendered":"https:\/\/www.langir.com\/?page_id=7463"},"modified":"2026-03-30T08:51:20","modified_gmt":"2026-03-30T08:51:20","slug":"privacy-policy","status":"publish","type":"page","link":"https:\/\/www.langir.com\/de\/privacy-policy\/","title":{"rendered":"Datenschutzbestimmungen"},"content":{"rendered":"<div class=\"wpb-content-wrapper\"><div class=\"vc_row wpb_row vc_row-fluid\"><div class=\"wpb_column vc_column_container vc_col-sm-12\"><div class=\"vc_column-inner\"><div class=\"wpb_wrapper\">\n\t<div class=\"wpb_text_column wpb_content_element vc_custom_1426432726294\" >\n\t\t<div class=\"wpb_wrapper\">\n\t\t\t<h3 style=\"text-align: center;\">NUTZUNGSBEDINGUNGEN<\/h3>\n\n\t\t<\/div>\n\t<\/div>\n\n\t<div class=\"wpb_text_column wpb_content_element\" >\n\t\t<div class=\"wpb_wrapper\">\n\t\t\t<p><strong style=\"color: #000;\">Copyright-Hinweis<\/strong><\/p>\n<div id=\"xunlei_com_thunder_helper_plugin_d462f475-c18e-46be-bd10-327458d045bd\"><\/div>\n\n\t\t<\/div>\n\t<\/div>\n\n\t<div class=\"wpb_text_column wpb_content_element vc_custom_1774860608072\" >\n\t\t<div class=\"wpb_wrapper\">\n\t\t\t<p>Der Inhalt der Website ist urheberrechtlich gesch\u00fctzt \u00a9 2015 LANGIR (oder seine Tochtergesellschaften, sofern angegeben, und\/oder seine Lizenzgeber), 2F, No.10 Longhe East Road, Liushi, Wenzhou, Zhejiang, China 325604 Alle Rechte vorbehalten.<\/p>\n\n\t\t<\/div>\n\t<\/div>\n\n\t<div class=\"wpb_text_column wpb_content_element vc_custom_1426429652776\" >\n\t\t<div class=\"wpb_wrapper\">\n\t\t\t<p>Die Informationen auf der Website, einschlie\u00dflich, aber nicht beschr\u00e4nkt auf Text, Bilder und Ton, d\u00fcrfen ohne vorherige schriftliche Genehmigung von LANGIR nicht vervielf\u00e4ltigt, \u00fcbertragen, verbreitet oder gespeichert werden, es sei denn, dies geschieht zu rein privaten Zwecken oder wenn anders angegeben. \u00c4nderungen an den Inhalten der Website sind ausdr\u00fccklich untersagt. Einige Teile der Website enthalten Bilder, die dem Urheberrecht der jeweiligen Anbieter unterliegen.<\/p>\n\n\t\t<\/div>\n\t<\/div>\n\n\t<div class=\"wpb_text_column wpb_content_element vc_custom_1426478451014\" >\n\t\t<div class=\"wpb_wrapper\">\n\t\t\t<p><strong style=\"color: #000;\">Markenzeichen<\/strong> <\/p>\n\n\t\t<\/div>\n\t<\/div>\n\n\t<div class=\"wpb_text_column wpb_content_element\" >\n\t\t<div class=\"wpb_wrapper\">\n\t\t\t<p>Sofern auf der Website nicht anders angegeben, sind die dargestellten Marken, Firmenlogos und Embleme Gegenstand der Markenrechte von LANGIR (oder seiner Tochtergesellschaften).<\/p>\n\n\t\t<\/div>\n\t<\/div>\n\n\t<div class=\"wpb_text_column wpb_content_element\" >\n\t\t<div class=\"wpb_wrapper\">\n\t\t\t<p><strong style=\"color: #000;\">KEINE GARANTIEN ODER ZUSICHERUNGEN<\/strong> <\/p>\n\n\t\t<\/div>\n\t<\/div>\n\n\t<div class=\"wpb_text_column wpb_content_element\" >\n\t\t<div class=\"wpb_wrapper\">\n\t\t\t<p>DIE INFORMATIONEN AUF DIESER WEBSITE WERDEN OHNE M\u00c4NGELGEW\u00c4HR BEREITGESTELLT. IN KEINEM FALL HAFTET LANGIR ELECTRIC GEGEN\u00dcBER EINER PARTEI ODER F\u00dcR DIREKTE, INDIREKTE, BESONDERE ODER ANDERE FOLGESCH\u00c4DEN, DIE SICH AUS DER NUTZUNG DIESER WEBSITE ODER EINER ANDEREN MIT EINEM HYPERLINK VERSEHENEN WEBSITE ERGEBEN, EINSCHLIESSLICH, ABER NICHT BESCHR\u00c4NKT AUF ENTGANGENEN GEWINN, GESCH\u00c4FTSUNTERBRECHUNG, VERLUST VON PROGRAMMEN ODER ANDEREN DATEN AUF IHREM INFORMATIONSVERARBEITUNGSSYSTEM ODER ANDERWEITIG, SELBST WENN WIR AUSDR\u00dcCKLICH AUF DIE M\u00d6GLICHKEIT SOLCHER SCH\u00c4DEN HINGEWIESEN WURDEN.<\/p>\n\n\t\t<\/div>\n\t<\/div>\n\n\t<div class=\"wpb_text_column wpb_content_element\" >\n\t\t<div class=\"wpb_wrapper\">\n\t\t\t<p>LANGIR gibt keinerlei Garantien und\/oder Zusicherungen in Bezug auf andere Websites, auf die Sie \u00fcber diese Website zugreifen k\u00f6nnen. Solche Garantien und\/oder Zusicherungen werden nur als Annehmlichkeit zur Verf\u00fcgung gestellt und bedeuten nicht, dass das LANGIR irgendeine Verantwortung f\u00fcr den Inhalt oder die Nutzung einer solchen Website \u00fcbernimmt oder unterst\u00fctzt. Dar\u00fcber hinaus obliegt es Ihnen, Vorsichtsma\u00dfnahmen zu ergreifen und sicherzustellen, dass die von Ihnen ausgew\u00e4hlten Inhalte frei von Viren, W\u00fcrmern, trojanischen Pferden und anderen zerst\u00f6rerischen Elementen sind. Die Informationen auf dieser Website k\u00f6nnen technische Ungenauigkeiten oder typografische Fehler enthalten. Die auf dieser Website enthaltenen Informationen k\u00f6nnen jederzeit und ohne vorherige Ank\u00fcndigung oder Verpflichtung ge\u00e4ndert werden. Die auf der Website ver\u00f6ffentlichten Informationen k\u00f6nnen Hinweise oder Querverweise auf LANGIR-Produkte, Dienstleistungen usw. enthalten, die in Ihrem Land nicht angek\u00fcndigt oder verf\u00fcgbar sind. Die Richtigkeit solcher Informationen kann nicht garantiert werden, insbesondere da diese Informationen \u00c4nderungen, spezifischen Anforderungen oder der Verf\u00fcgbarkeit unterliegen und solche Verweise nicht bedeuten, dass LANGIR beabsichtigt, solche Produkte, Dienstleistungen usw. in Ihrem Land anzuk\u00fcndigen. Wenden Sie sich an Ihren H\u00e4ndler vor Ort, um vollst\u00e4ndige Informationen zu den Produkten, Dienstleistungen usw. zu erhalten, die f\u00fcr Sie verf\u00fcgbar sind, und um zu bestellen.<\/p>\n\n\t\t<\/div>\n\t<\/div>\n\n\t<div class=\"wpb_text_column wpb_content_element\" >\n\t\t<div class=\"wpb_wrapper\">\n\t\t\t<p><strong style=\"color: #000;\">Kommentare, Fragen oder Vorschl\u00e4ge<\/strong> <\/p>\n\n\t\t<\/div>\n\t<\/div>\n\n\t<div class=\"wpb_text_column wpb_content_element\" >\n\t\t<div class=\"wpb_wrapper\">\n\t\t\t<p>Bitte beachten Sie, dass alle Informationen, unaufgeforderten Vorschl\u00e4ge, Ideen oder sonstigen Einsendungen als nicht vertraulich und nicht urheberrechtlich gesch\u00fctzt betrachtet werden. Mit der Zusendung von Informationen oder Materialien gew\u00e4hren Sie LANGIR und\/oder seinen Tochtergesellschaften eine uneingeschr\u00e4nkte, unwiderrufliche Lizenz zur Nutzung, Reproduktion, Darstellung, Ausf\u00fchrung, \u00c4nderung, \u00dcbertragung und Verteilung dieser Materialien oder Informationen. Sie erkl\u00e4ren sich au\u00dferdem damit einverstanden, dass LANGIR und\/oder seine Tochtergesellschaften alle Ideen, Konzepte, Know-how oder Techniken, die Sie uns zusenden, f\u00fcr jeden Zweck nutzen k\u00f6nnen.<\/p>\n\n\t\t<\/div>\n\t<\/div>\n\n\t<div class=\"wpb_text_column wpb_content_element\" >\n\t\t<div class=\"wpb_wrapper\">\n\t\t\t<p><strong style=\"color: #000;\">Spezifische Dateien auf der Website verf\u00fcgbar<\/strong> <\/p>\n\n\t\t<\/div>\n\t<\/div>\n\n\t<div class=\"wpb_text_column wpb_content_element\" >\n\t\t<div class=\"wpb_wrapper\">\n\t\t\t<p>Jede Datei, die von dieser Website heruntergeladen werden kann, ist das urheberrechtlich gesch\u00fctzte Werk von LANGIR (oder einer seiner Tochtergesellschaften) und\/oder seiner Lieferanten. Sofern sich aus der Lizenzvereinbarung nichts anderes ergibt, werden die Dateien ausschlie\u00dflich f\u00fcr die Nutzung durch Endbenutzer zum Herunterladen bereitgestellt. Jegliche Vervielf\u00e4ltigung oder Weiterverbreitung von Dateien, die nicht mit der Lizenzvereinbarung \u00fcbereinstimmt, kann zivil- und strafrechtliche Folgen haben.<\/p>\n\n\t\t<\/div>\n\t<\/div>\n\n\t<div class=\"wpb_text_column wpb_content_element\" >\n\t\t<div class=\"wpb_wrapper\">\n\t\t\t<p>OHNE EINSCHR\u00c4NKUNG DES VORSTEHENDEN IST DAS KOPIEREN ODER REPRODUZIEREN DIESER DATEIEN AUF EINEN ANDEREN SERVER ODER AN EINEN ANDEREN ORT ZUR WEITEREN REPRODUKTION ODER WEITERVERBREITUNG AUSDR\u00dcCKLICH VERBOTEN. DIE SOFTWARE WIRD, WENN \u00dcBERHAUPT, NUR GEM\u00c4SS DEN BEDINGUNGEN DER LIZENZVEREINBARUNG GARANTIERT. THE LANGIR SCHLIESST HIERMIT ALLE GARANTIEN UND BEDINGUNGEN IN BEZUG AUF DIE DATEIEN AUS, EINSCHLIESSLICH ALLER STILLSCHWEIGENDEN GARANTIEN UND BEDINGUNGEN DER MARKTG\u00c4NGIGKEIT, DER EIGNUNG F\u00dcR EINEN BESTIMMTEN ZWECK, DES EIGENTUMS UND DER NICHTVERLETZUNG VON RECHTEN.<\/p>\n\n\t\t<\/div>\n\t<\/div>\n\n\t<div class=\"wpb_text_column wpb_content_element\" >\n\t\t<div class=\"wpb_wrapper\">\n\t\t\t<p><strong style=\"color: #000;\">Zust\u00e4ndigkeit und geltendes Recht<\/strong> <\/p>\n\n\t\t<\/div>\n\t<\/div>\n\n\t<div class=\"wpb_text_column wpb_content_element\" >\n\t\t<div class=\"wpb_wrapper\">\n\t\t\t<p>Sie stimmen zu, dass diese Vereinbarung und Ihre Nutzung dieser Website den Gesetzen der Volksrepublik China unterliegen. Sie stimmen hiermit der ausschlie\u00dflichen Zust\u00e4ndigkeit und dem Gerichtsstand der Gerichte, Tribunale, Agenturen und anderen Organisationen zur Beilegung von Streitigkeiten in der Volksrepublik China f\u00fcr alle Streitigkeiten zu, die sich aus dieser Website und\/oder dieser Vereinbarung ergeben, mit ihr in Verbindung stehen oder sie in irgendeiner Weise betreffen.<\/p>\n\n\t\t<\/div>\n\t<\/div>\n\n\t<div class=\"wpb_text_column wpb_content_element\" >\n\t\t<div class=\"wpb_wrapper\">\n\t\t\t<p><strong style=\"color: #000;\">Sonstiges<\/strong> <\/p>\n\n\t\t<\/div>\n\t<\/div>\n\n\t<div class=\"wpb_text_column wpb_content_element\" >\n\t\t<div class=\"wpb_wrapper\">\n\t\t\t<p>Sie stimmen zu, dass LANGIR jederzeit und ohne Vorank\u00fcndigung die Bedingungen und Hinweise, unter denen diese Site angeboten wird, \u00e4ndern kann. LANGIR beh\u00e4lt sich das Recht vor, nach eigenem Ermessen und ohne Vorank\u00fcndigung den Zugriff auf die Site oder Teile davon f\u00fcr jede Person oder jeden Benutzer zu verweigern. Du stimmst zu, dass keine Joint-Venture-, Partnerschafts-, Arbeits- oder Agenturbeziehung zwischen dir und LANGIR als Ergebnis dieser Vereinbarung oder deiner Nutzung dieser Site besteht. Die Erf\u00fcllung dieser Vereinbarung durch LANGIR unterliegt den bestehenden Gesetzen und rechtlichen Verfahren, und nichts in dieser Vereinbarung schr\u00e4nkt das Recht von LANGIR ein, Anfragen von Strafverfolgungsbeh\u00f6rden oder Anforderungen in Bezug auf deine Nutzung dieser Site oder Informationen, die LANGIR in Bezug auf eine solche Nutzung zur Verf\u00fcgung gestellt oder gesammelt hat, zu erf\u00fcllen.<\/p>\n\n\t\t<\/div>\n\t<\/div>\n\n\t<div class=\"wpb_text_column wpb_content_element\" >\n\t\t<div class=\"wpb_wrapper\">\n\t\t\t<p>Diese Vereinbarung und die LANGIR-Datenschutzrichtlinie stellen die gesamte Vereinbarung zwischen Ihnen und LANGIR in Bezug auf diese Website dar. Diese Vereinbarung und die LANGIR-Datenschutzrichtlinie ersetzen alle fr\u00fcheren oder gleichzeitigen Mitteilungen und Vorschl\u00e4ge, ob elektronisch, m\u00fcndlich oder schriftlich, zwischen Ihnen und LANGIR in Bezug auf diese Seite. Keine \u00c4nderung dieser Vereinbarung ist wirksam, es sei denn, sie wurde von LANGIR oder seinen Tochtergesellschaften verfasst oder von einem LANGIR-Mitarbeiter unterzeichnet. Ein angeblicher Verzicht auf eine Verletzung dieser Vereinbarung gilt nicht als Verzicht auf eine zuk\u00fcnftige Verletzung.<\/p>\n\n\t\t<\/div>\n\t<\/div>\n\n\t<div class=\"wpb_text_column wpb_content_element\" >\n\t\t<div class=\"wpb_wrapper\">\n\t\t\t<p><strong style=\"color: #000;\">Kontakt<\/strong> <\/p>\n\n\t\t<\/div>\n\t<\/div>\n\n\t<div class=\"wpb_text_column wpb_content_element\" >\n\t\t<div class=\"wpb_wrapper\">\n\t\t\t<p>Sollten Sie Fragen zu den obigen Abschnitten haben, z\u00f6gern Sie nicht, LANGIR - 2F, No.10 Longhe East Road, Liushi, Wenzhou, Zhejiang, China 325604 zu kontaktieren.<\/p>\n\n\t\t<\/div>\n\t<\/div>\n\n\t<div class=\"wpb_text_column wpb_content_element\" >\n\t\t<div class=\"wpb_wrapper\">\n\t\t\t<p><strong style=\"color: #000;\">PRIVACY POLICY<\/strong> <\/p>\n\n\t\t<\/div>\n\t<\/div>\n\n\t<div class=\"wpb_text_column wpb_content_element\" >\n\t\t<div class=\"wpb_wrapper\">\n\t\t\t<p>Wenn Sie die LANGIR-Website besuchen, um die darin enthaltenen Informationen zu durchsuchen, tun Sie dies anonym, es sei denn, Sie entscheiden sich, uns Informationen \u00fcber sich selbst mitzuteilen.<\/p>\n\n\t\t<\/div>\n\t<\/div>\n\n\t<div class=\"wpb_text_column wpb_content_element\" >\n\t\t<div class=\"wpb_wrapper\">\n\t\t\t<p>Ihre Privatsph\u00e4re ist uns wichtig. Alle Informationen, die Sie uns zur Verf\u00fcgung stellen, erm\u00f6glichen es uns, Ihnen Informationen \u00fcber Produkte und Dienstleistungen zukommen zu lassen, an denen Sie Interesse zeigen. Die Informationen k\u00f6nnen zu diesem Zweck an andere Unternehmen der LANGIR weitergegeben werden. Indem Sie uns Ihre Daten zur Verf\u00fcgung stellen, erkl\u00e4ren Sie sich damit einverstanden, dass wir sie zu den oben genannten Zwecken verarbeiten. Wir werden sie nicht an Dritte au\u00dferhalb des LANGIR weitergeben. Dieser Datenschutzhinweis ist allgemeiner Natur und gilt f\u00fcr die LANGIR-Websites. Es kann jedoch sein, dass es auf den spezifischen Websites der verschiedenen Unternehmen des LANGIR, die spezielle Funktionen anbieten, zus\u00e4tzliche Datenschutzinformationen gibt.<\/p>\n\n\t\t<\/div>\n\t<\/div>\n\n\t<div class=\"wpb_text_column wpb_content_element\" >\n\t\t<div class=\"wpb_wrapper\">\n\t\t\t<p><strong style=\"color: #000;\">Pers\u00f6nliche Daten<\/strong> <\/p>\n\n\t\t<\/div>\n\t<\/div>\n\n\t<div class=\"wpb_text_column wpb_content_element\" >\n\t\t<div class=\"wpb_wrapper\">\n\t\t\t<p>Im LANGIR m\u00f6chten wir Ihnen so viel Kontrolle wie m\u00f6glich \u00fcber Ihre pers\u00f6nlichen Daten geben. F\u00fcr uns ist es wichtig, dass Sie sich beim Besuch unserer Websites wohl f\u00fchlen. Es kann jedoch vorkommen, dass wir pers\u00f6nliche Daten von Ihnen ben\u00f6tigen. Alle pers\u00f6nlichen Informationen, die Sie uns geben (einschlie\u00dflich, aber nicht beschr\u00e4nkt auf Ihre E-Mail-Adresse), werden f\u00fcr die folgenden Zwecke verwendet: Wenn Sie uns personenbezogene Daten zur Verf\u00fcgung stellen, um Informationen von uns zu erhalten (z. B. Brosch\u00fcren, Kataloge), erfassen und speichern wir diese Daten. Wenn Sie sich Informationen ansehen oder herunterladen, verfolgen wir Ihren Besuch. Dies ist hilfreich, um Ihnen ma\u00dfgeschneiderte Informationen zur Verf\u00fcgung zu stellen und um uns Informationen dar\u00fcber zu geben, welche Teile der Website frequentiert werden, durch die Verwendung von Cookies, siehe weiter unten. Wir verwenden die \u00fcber Sie gesammelten oder gespeicherten Informationen nur innerhalb des LANGIR. Die Website kann Links zu Websites enthalten, die nicht von LANGIR betrieben werden. LANGIR ist nicht verantwortlich f\u00fcr die Datenschutzpraktiken solcher Websites. Sie k\u00f6nnen sich an die Unternehmen im LANGIR wenden, wenn Sie Fragen dazu haben, wie wir Ihre personenbezogenen Daten (z. B. Name, E-Mail-Adresse) verarbeiten. Die Kontaktdaten der Unternehmen im LANGIR finden Sie am Ende dieser Seite. Sollten Daten unrichtig sein, haben Sie das Recht, diese berichtigen zu lassen. Sie haben au\u00dferdem das Recht (auf schriftlichen und pers\u00f6nlich unterschriebenen Antrag, einmal pro Kalenderjahr und kostenlos), von uns Auskunft dar\u00fcber zu erhalten, welche personenbezogenen Daten wir \u00fcber Sie verarbeiten und warum.<\/p>\n\n\t\t<\/div>\n\t<\/div>\n\n\t<div class=\"wpb_text_column wpb_content_element\" >\n\t\t<div class=\"wpb_wrapper\">\n\t\t\t<p><strong style=\"color: #000;\">Cookies<\/strong> <\/p>\n\n\t\t<\/div>\n\t<\/div>\n\n\t<div class=\"wpb_text_column wpb_content_element\" >\n\t\t<div class=\"wpb_wrapper\">\n\t\t\t<p>Auf der Website von LANGIR werden Cookies verwendet. Ein Cookie ist eine kleine Textdatei mit Textinformationen, die auf Ihrem Computer gespeichert wird. Unser Zweck bei der Verwendung von Cookies ist es, die Nutzung der Website f\u00fcr Sie als Besucher zu verbessern.<\/p>\n\n\t\t<\/div>\n\t<\/div>\n\n\t<div class=\"wpb_text_column wpb_content_element\" >\n\t\t<div class=\"wpb_wrapper\">\n\t\t\t<p>Auf der Website von LANGIR werden drei Arten von Cookies verwendet, n\u00e4mlich die folgenden:<\/p>\n<ol>\n<li>Die erste Art speichert eine Datei dauerhaft auf Ihrem Computer und wird verwendet, um die Website mit neuen Informationen zu aktualisieren, die seit Ihrem letzten Besuch hinzugef\u00fcgt wurden. Informationen auf der Website, die seit Ihrem letzten Besuch nicht ge\u00e4ndert wurden, werden lokal von Ihrem Computer geladen, um die Website schneller \u00f6ffnen zu k\u00f6nnen.<\/li>\n<li>Die zweite Art, ein so genannter Session-Cookie, wird verwendet, w\u00e4hrend Sie auf einer Website surfen. Es handelt sich dabei um eine vor\u00fcbergehende \u00dcbertragung von Informationen zwischen Ihrem Computer und der Website. Sitzungscookies werden nicht dauerhaft auf Ihrem Computer gespeichert und verschwinden, wenn Sie den Browser auf Ihrem Computer schlie\u00dfen.<\/li>\n<li>Die dritte Art wird f\u00fcr statistische Zwecke verwendet, d.h. um Informationen dar\u00fcber zu erhalten, wie viele Besucher wir auf verschiedenen Teilen unserer Website haben.<\/li>\n<\/ol>\n\n\t\t<\/div>\n\t<\/div>\n\n\t<div class=\"wpb_text_column wpb_content_element\" >\n\t\t<div class=\"wpb_wrapper\">\n\t\t\t<p>Sofern nicht ausdr\u00fccklich anders angegeben, werden Cookies von LANGIR niemals mit dem Ziel verwendet, pers\u00f6nliche Informationen wie Ihren Namen, Ihre E-Mail-Adresse usw. zu sammeln. Daher werden alle Informationen, die durch die Verwendung von Cookies gesammelt werden, auf anonymer Basis zusammengestellt.<\/p>\n\n\t\t<\/div>\n\t<\/div>\n\n\t<div class=\"wpb_text_column wpb_content_element\" >\n\t\t<div class=\"wpb_wrapper\">\n\t\t\t<p>Wenn Sie die Verwendung von Cookies durch LANGIR auf unserer Website nicht akzeptieren, k\u00f6nnen Sie Ihren Browser so konfigurieren, dass er Cookies ablehnt, indem Sie die Einstellungen oder Pr\u00e4ferenzen Ihres Browsers \u00e4ndern. Aufgrund der von uns auf unserer Website verwendeten Technologie wird diese jedoch ohne die Verwendung von Cookies nicht ordnungsgem\u00e4\u00df funktionieren.<\/p>\n\n\t\t<\/div>\n\t<\/div>\n\n\t<div class=\"wpb_text_column wpb_content_element\" >\n\t\t<div class=\"wpb_wrapper\">\n\t\t\t<p>Diese Website benutzt Google Analytics, einen Internetanalysedienst der Google Inc. (\"Google\"). Google Analytics verwendet sog. \"Cookies\", Textdateien, die auf Ihrem Computer gespeichert werden und die eine Analyse der Benutzung der Website durch ihre Nutzer erm\u00f6glichen. Die durch die Cookies erzeugten Informationen \u00fcber Ihre Benutzung dieser Website (einschlie\u00dflich Ihrer IP-Adresse) werden an einen Server von Google in den Vereinigten Staaten \u00fcbertragen und dort gespeichert. Google wird diese Informationen benutzen, um Ihre Nutzung der Website auszuwerten, um Reports \u00fcber die Websiteaktivit\u00e4ten f\u00fcr die Websitebetreiber zusammenzustellen und um weitere mit der Websitenutzung und der Internetnutzung verbundene Dienstleistungen zu erbringen. Google kann diese Daten im Falle einer Verpflichtung an Dritte weitergeben.<\/p>\n\n\t\t<\/div>\n\t<\/div>\n\n\t<div class=\"wpb_text_column wpb_content_element\" >\n\t\t<div class=\"wpb_wrapper\">\n\t\t\t<p><strong style=\"color: #000;\">Kontakt<\/strong> <\/p>\n\n\t\t<\/div>\n\t<\/div>\n\n\t<div class=\"wpb_text_column wpb_content_element\" >\n\t\t<div class=\"wpb_wrapper\">\n\t\t\t<p>Sollten Sie Fragen zu den obigen Abschnitten haben, z\u00f6gern Sie nicht, LANGIR - 2F, No.10 Longhe East Road, Liushi, Wenzhou, Zhejiang, China 325604 - langir@langir.com zu kontaktieren.<\/p>\n\n\t\t<\/div>\n\t<\/div>\n\n<div class=\"vc-zigzag-wrapper vc-zigzag-align-center\"><div class=\"vc-zigzag-inner\" style=\"width: 100%;min-height: 14px;background: 0 repeat-x url(&#039;data:image\/svg+xml;utf-8,%3C%3Fxml%20version%3D%221.0%22%20encoding%3D%22utf-8%22%3F%3E%3C%21DOCTYPE%20svg%20PUBLIC%20%22-%2F%2FW3C%2F%2FDTD%20SVG%201.1%2F%2FEN%22%20%22http%3A%2F%2Fwww.w3.org%2FGraphics%2FSVG%2F1.1%2FDTD%2Fsvg11.dtd%22%3E%3Csvg%20width%3D%2214px%22%20height%3D%2212px%22%20viewBox%3D%220%200%2018%2015%22%20version%3D%221.1%22%20xmlns%3D%22http%3A%2F%2Fwww.w3.org%2F2000%2Fsvg%22%20xmlns%3Axlink%3D%22http%3A%2F%2Fwww.w3.org%2F1999%2Fxlink%22%3E%3Cpolygon%20id%3D%22Combined-Shape%22%20fill%3D%22%23ebebeb%22%20points%3D%228.98762301%200%200%209.12771969%200%2014.519983%209%205.40479869%2018%2014.519983%2018%209.12771969%22%3E%3C%2Fpolygon%3E%3C%2Fsvg%3E&#039;);\"><\/div><\/div>\n\t<div class=\"wpb_text_column wpb_content_element\" >\n\t\t<div class=\"wpb_wrapper\">\n\t\t\t<p><iframe style=\"width: 100%; border: none;\" title=\"Eingebettetes Wufoo-Formular\" src=\"https:\/\/langir.wufoo.com\/embed\/zcdgace1ql3iv4\/\" height=\"766\" frameborder=\"0\" scrolling=\"no\" sandbox=\"allow-popups-to-escape-sandbox allow-top-navigation allow-scripts allow-popups allow-forms allow-same-origin\"> <a href=\"https:\/\/langir.wufoo.com\/forms\/zcdgace1ql3iv4\/\" target=\"_blank\" rel=\"noopener\">F\u00fcllen Sie mein Wufoo-Formular aus!<\/a> <\/iframe><\/p>\n\n\t\t<\/div>\n\t<\/div>\n<\/div><\/div><\/div><\/div>\n<\/div>","protected":false},"excerpt":{"rendered":"TERMS OF USE Copyright Notice The contents of the web site are copyright \u00a9 2015 LANGIR (or its subsidiaries where so indicated and\/or its licensors), 2F, No.10 Longhe East Road, Liushi, Wenzhou, Zhejiang, China 325604 All Rights Reserved. Information on the web site, including but not limited to, text, images and sound, may not, except [...]","protected":false},"author":1,"featured_media":7464,"parent":0,"menu_order":26,"comment_status":"closed","ping_status":"closed","template":"page-default.php","meta":{"_acf_changed":false,"_metasync_otto_title":"","_metasync_otto_description":"","rank_math_title":"%title% | Electric Switches - %sitename%","rank_math_description":"The contents of the web site are copyright \u00a9 2015 LANGIR (or its subsidiaries where so indicated and\/or its licensors)","_yoast_wpseo_title":"","_yoast_wpseo_metadesc":"","footnotes":""},"class_list":["post-7463","page","type-page","status-publish","has-post-thumbnail","hentry","entry"],"acf":[],"post_mailing_queue_ids":[],"_links":{"self":[{"href":"https:\/\/www.langir.com\/de\/wp-json\/wp\/v2\/pages\/7463","targetHints":{"allow":["GET"]}}],"collection":[{"href":"https:\/\/www.langir.com\/de\/wp-json\/wp\/v2\/pages"}],"about":[{"href":"https:\/\/www.langir.com\/de\/wp-json\/wp\/v2\/types\/page"}],"author":[{"embeddable":true,"href":"https:\/\/www.langir.com\/de\/wp-json\/wp\/v2\/users\/1"}],"replies":[{"embeddable":true,"href":"https:\/\/www.langir.com\/de\/wp-json\/wp\/v2\/comments?post=7463"}],"version-history":[{"count":2,"href":"https:\/\/www.langir.com\/de\/wp-json\/wp\/v2\/pages\/7463\/revisions"}],"predecessor-version":[{"id":16182,"href":"https:\/\/www.langir.com\/de\/wp-json\/wp\/v2\/pages\/7463\/revisions\/16182"}],"wp:featuredmedia":[{"embeddable":true,"href":"https:\/\/www.langir.com\/de\/wp-json\/wp\/v2\/media\/7464"}],"wp:attachment":[{"href":"https:\/\/www.langir.com\/de\/wp-json\/wp\/v2\/media?parent=7463"}],"curies":[{"name":"wp","href":"https:\/\/api.w.org\/{rel}","templated":true}]}}