{"id":7467,"date":"2019-11-21T09:02:21","date_gmt":"2019-11-21T09:02:21","guid":{"rendered":"https:\/\/www.langir.com\/?page_id=7467"},"modified":"2026-03-27T07:49:28","modified_gmt":"2026-03-27T07:49:28","slug":"product-customization","status":"publish","type":"page","link":"https:\/\/www.langir.com\/de\/product-customization\/","title":{"rendered":"Produktanpassung"},"content":{"rendered":"<div class=\"wpb-content-wrapper\"><div class=\"vc_row wpb_row vc_row-fluid\"><div class=\"wpb_column vc_column_container vc_col-sm-12\"><div class=\"vc_column-inner\"><div class=\"wpb_wrapper\">\n\t<div class=\"wpb_text_column wpb_content_element\" >\n\t\t<div class=\"wpb_wrapper\">\n\t\t\t\n\t\t<\/div>\n\t<\/div>\n\n\t<div class=\"wpb_text_column wpb_content_element\" >\n\t\t<div class=\"wpb_wrapper\">\n\t\t\t<p>Mit mehr als 10 Jahren Erfahrung in der Entwicklung und Produktion geht das Know-how von Langir in Sachen Design und Herstellung \u00fcber das einfache Schalten hinaus.<\/p>\n<p>Langir bietet ein Sortiment von mehr als 1.000 Teilenummern an, das aus Schaltern, Anzeigen und Tastaturen in verschiedenen Farben, Markierungen, Oberfl\u00e4chen, Formen und Abmessungen besteht... was eine unbegrenzte Anzahl von Kombinationsm\u00f6glichkeiten schafft.<\/p>\n<p>Unser Standardproduktangebot kann an die spezifischen Bed\u00fcrfnisse unserer Kunden angepasst werden.<\/p>\n\n\t\t<\/div>\n\t<\/div>\n\n\t<div class=\"wpb_text_column wpb_content_element\" >\n\t\t<div class=\"wpb_wrapper\">\n\t\t\t<p><strong>Welche Anpassungen?<\/strong><\/p>\n\n\t\t<\/div>\n\t<\/div>\n\n\t<div class=\"wpb_text_column wpb_content_element\" >\n\t\t<div class=\"wpb_wrapper\">\n\t\t\t<p>Die Standardkatalogteile von Langir sind f\u00fcr kundenspezifische Anpassungen und zu niedrigeren Kosten erh\u00e4ltlich. Wenden Sie sich an einen Langir-Vertreter, der Sie gerne unterst\u00fctzt.<\/p>\n\n\t\t<\/div>\n\t<\/div>\n\n\t<div class=\"wpb_text_column wpb_content_element\" >\n\t\t<div class=\"wpb_wrapper\">\n\t\t\t<h3><img decoding=\"async\" class=\"size-full wp-image-4870 alignleft\" src=\"..\/wp-content\/uploads\/2019\/02\/1.gif\" alt=\"\" width=\"40\" height=\"40\" \/>Terminal-Optionen<\/h3>\n\n\t\t<\/div>\n\t<\/div>\n\n\t<div class=\"wpb_text_column wpb_content_element\" >\n\t\t<div class=\"wpb_wrapper\">\n\t\t\t<table border=\"0\" width=\"100%\" cellspacing=\"1\" cellpadding=\"10\" bgcolor=\"#dcdcdc\">\n<tbody>\n<tr>\n<th bgcolor=\"#FFFFFF\">Fliegendes Blei<\/th>\n<th bgcolor=\"#FFFFFF\">Kabel<\/th>\n<th bgcolor=\"#FFFFFF\">Anschluss<\/th>\n<th bgcolor=\"#FFFFFF\">Widerstand<\/th>\n<th bgcolor=\"#FFFFFF\">Etikett<\/th>\n<\/tr>\n<tr>\n<td align=\"center\" valign=\"middle\" bgcolor=\"#FFFFFF\"><img decoding=\"async\" class=\"aligncenter size-full wp-image-4881\" src=\"https:\/\/www.langir.com\/wp-content\/uploads\/2019\/02\/cable-0.gif\" alt=\"\" width=\"44\" height=\"40\" \/><\/td>\n<td align=\"center\" valign=\"middle\" bgcolor=\"#FFFFFF\"><img decoding=\"async\" class=\"size-full wp-image-4873 aligncenter\" src=\"https:\/\/www.langir.com\/wp-content\/uploads\/2019\/02\/3-cables.gif\" alt=\"Kabel\" width=\"306\" height=\"115\" \/><\/td>\n<td bgcolor=\"#FFFFFF\"><\/td>\n<td bgcolor=\"#FFFFFF\"><\/td>\n<td bgcolor=\"#FFFFFF\"><\/td>\n<\/tr>\n<\/tbody>\n<\/table>\n\n\t\t<\/div>\n\t<\/div>\n\n\t<div class=\"wpb_text_column wpb_content_element\" >\n\t\t<div class=\"wpb_wrapper\">\n\t\t\t<h3><img loading=\"lazy\" decoding=\"async\" class=\"size-full wp-image-4870 alignleft\" src=\"..\/wp-content\/uploads\/2019\/02\/2.gif\" alt=\"\" width=\"40\" height=\"40\" \/>Materialien<\/h3>\n\n\t\t<\/div>\n\t<\/div>\n\n\t<div class=\"wpb_text_column wpb_content_element\" >\n\t\t<div class=\"wpb_wrapper\">\n\t\t\t<p><strong>Es stehen zahlreiche Optionen zur Verf\u00fcgung:<\/strong><\/p>\n<ul>\n<li>Messing<\/li>\n<li>Eloxiertes Aluminium<\/li>\n<li>Edelstahl 304 f\u00fcr Anti-Vandalismus-Schalter Standardmaterial<\/li>\n<li>Edelstahl 316L f\u00fcr Piezoschalter und kapazitive Schalter als Standardmaterial<\/li>\n<\/ul>\n\n\t\t<\/div>\n\t<\/div>\n\n\t<div class=\"wpb_text_column wpb_content_element\" >\n\t\t<div class=\"wpb_wrapper\">\n\t\t\t<h3><img loading=\"lazy\" decoding=\"async\" class=\"size-full wp-image-4870 alignleft\" src=\"..\/wp-content\/uploads\/2019\/02\/3.gif\" alt=\"\" width=\"40\" height=\"40\" \/>Kennzeichnung<\/h3>\n\n\t\t<\/div>\n\t<\/div>\n\n\t<div class=\"wpb_text_column wpb_content_element\" >\n\t\t<div class=\"wpb_wrapper\">\n\t\t\t<p>Es stehen viele Markierungsarten zur Verf\u00fcgung.<\/p>\n<table border=\"0\" width=\"100%\" cellspacing=\"1\" cellpadding=\"10\" bgcolor=\"#dcdcdc\">\n<tbody>\n<tr>\n<th bgcolor=\"#FFFFFF\">Prozess<\/th>\n<th bgcolor=\"#FFFFFF\">Kosten<\/th>\n<th bgcolor=\"#FFFFFF\">Dauerhaftigkeit<\/th>\n<th bgcolor=\"#FFFFFF\">Hintergrundbeleuchtung<\/th>\n<\/tr>\n<tr>\n<th scope=\"row\" align=\"left\" bgcolor=\"#FFFFFF\">Tampondruck<\/th>\n<td align=\"center\" bgcolor=\"#FFFFFF\"><img decoding=\"async\" class=\"aligncenter size-full wp-image-4887\" title=\"Gut\" src=\"https:\/\/www.langir.com\/wp-content\/uploads\/2019\/02\/good-blue.gif\" alt=\"Gut\" \/><\/td>\n<td align=\"center\" bgcolor=\"#FFFFFF\"><img decoding=\"async\" class=\"aligncenter size-full wp-image-4879\" title=\"Durchschnitt\" src=\"https:\/\/www.langir.com\/wp-content\/uploads\/2019\/02\/average-blue.gif\" alt=\"Durchschnitt\" \/><\/td>\n<td align=\"center\" bgcolor=\"#FFFFFF\"><img decoding=\"async\" class=\"aligncenter size-full wp-image-4880\" title=\"Schlecht\" src=\"https:\/\/www.langir.com\/wp-content\/uploads\/2019\/02\/bad-blue.gif\" alt=\"Schlecht\" \/><\/td>\n<\/tr>\n<tr>\n<th scope=\"row\" align=\"left\" bgcolor=\"#FFFFFF\">Hei\u00dfpr\u00e4gen<\/th>\n<td align=\"center\" bgcolor=\"#FFFFFF\"><img decoding=\"async\" class=\"aligncenter size-full wp-image-4879\" title=\"Durchschnitt\" src=\"https:\/\/www.langir.com\/wp-content\/uploads\/2019\/02\/average-blue.gif\" alt=\"Durchschnitt\" \/><\/td>\n<td align=\"center\" bgcolor=\"#FFFFFF\"><img decoding=\"async\" class=\"aligncenter size-full wp-image-4887\" title=\"Gut\" src=\"https:\/\/www.langir.com\/wp-content\/uploads\/2019\/02\/good-blue.gif\" alt=\"Gut\" \/><\/td>\n<td align=\"center\" bgcolor=\"#FFFFFF\"><img decoding=\"async\" class=\"aligncenter size-full wp-image-4879\" title=\"Durchschnitt\" src=\"https:\/\/www.langir.com\/wp-content\/uploads\/2019\/02\/average-blue.gif\" alt=\"Durchschnitt\" \/><\/td>\n<\/tr>\n<tr>\n<th scope=\"row\" align=\"left\" bgcolor=\"#FFFFFF\">Lasergravur<\/th>\n<td align=\"center\" bgcolor=\"#FFFFFF\"><img decoding=\"async\" class=\"aligncenter size-full wp-image-4887\" title=\"Gut\" src=\"https:\/\/www.langir.com\/wp-content\/uploads\/2019\/02\/good-blue.gif\" alt=\"Gut\" \/><\/td>\n<td align=\"center\" bgcolor=\"#FFFFFF\"><img decoding=\"async\" class=\"aligncenter size-full wp-image-4887\" title=\"Gut\" src=\"https:\/\/www.langir.com\/wp-content\/uploads\/2019\/02\/good-blue.gif\" alt=\"Gut\" \/><\/td>\n<td align=\"center\" bgcolor=\"#FFFFFF\"><img decoding=\"async\" class=\"aligncenter size-full wp-image-4887\" title=\"Gut\" src=\"https:\/\/www.langir.com\/wp-content\/uploads\/2019\/02\/good-blue.gif\" alt=\"Gut\" \/><\/td>\n<\/tr>\n<tr>\n<th scope=\"row\" align=\"left\" bgcolor=\"#FFFFFF\">Chemisch<\/th>\n<td align=\"center\" bgcolor=\"#FFFFFF\"><img decoding=\"async\" class=\"aligncenter size-full wp-image-4880\" title=\"Schlecht\" src=\"https:\/\/www.langir.com\/wp-content\/uploads\/2019\/02\/bad-blue.gif\" alt=\"Schlecht\" \/><\/td>\n<td align=\"center\" bgcolor=\"#FFFFFF\"><img decoding=\"async\" class=\"aligncenter size-full wp-image-4887\" title=\"Gut\" src=\"https:\/\/www.langir.com\/wp-content\/uploads\/2019\/02\/good-blue.gif\" alt=\"Gut\" \/><\/td>\n<td align=\"center\" bgcolor=\"#FFFFFF\"><img decoding=\"async\" class=\"aligncenter size-full wp-image-4887\" title=\"Gut\" src=\"https:\/\/www.langir.com\/wp-content\/uploads\/2019\/02\/good-blue.gif\" alt=\"Gut\" \/><\/td>\n<\/tr>\n<\/tbody>\n<\/table>\n<p>Die Wahl h\u00e4ngt von der voraussichtlichen Verwendung des Bauteils ab.<\/p>\n\n\t\t<\/div>\n\t<\/div>\n\n\t<div class=\"wpb_text_column wpb_content_element\" >\n\t\t<div class=\"wpb_wrapper\">\n\t\t\t<h3><img loading=\"lazy\" decoding=\"async\" class=\"size-full wp-image-4870 alignleft\" src=\"..\/wp-content\/uploads\/2019\/02\/4.gif\" alt=\"\" width=\"40\" height=\"40\" \/>Farbe<\/h3>\n\n\t\t<\/div>\n\t<\/div>\n\n\t<div class=\"wpb_text_column wpb_content_element\" >\n\t\t<div class=\"wpb_wrapper\">\n\t\t\t<table border=\"0\" width=\"100%\" cellspacing=\"1\" cellpadding=\"10\" bgcolor=\"#dcdcdc\">\n<tbody>\n<tr>\n<th align=\"left\" bgcolor=\"#FFFFFF\">Kunststoffteile in ausgew\u00e4hlten Materialien sind in bestimmten Farben (RAL, Pantone) erh\u00e4ltlich oder erstellen <strong>eine v\u00f6llig individuelle Farbe<\/strong>.<\/th>\n<\/tr>\n<tr>\n<th scope=\"row\" align=\"left\" bgcolor=\"#FFFFFF\"><img loading=\"lazy\" decoding=\"async\" class=\"size-full wp-image-4901 alignleft\" src=\"https:\/\/www.langir.com\/wp-content\/uploads\/2019\/02\/plastic-granules.jpg\" alt=\"\" width=\"700\" height=\"401\" \/><\/th>\n<\/tr>\n<tr>\n<th scope=\"row\" align=\"left\" bgcolor=\"#FFFFFF\">Metallteile k\u00f6nnen in einer breiten Palette von Farben eloxiert werden.<\/th>\n<\/tr>\n<tr>\n<th scope=\"row\" align=\"left\" bgcolor=\"#FFFFFF\"><img loading=\"lazy\" decoding=\"async\" class=\"size-full wp-image-4914 alignleft\" src=\"https:\/\/www.langir.com\/wp-content\/uploads\/2019\/02\/colors-laiton.jpg\" alt=\"\" width=\"700\" height=\"120\" \/><\/th>\n<\/tr>\n<tr>\n<th scope=\"row\" align=\"left\" bgcolor=\"#FFFFFF\">LED's in einer breiten Palette von Farben.<\/th>\n<\/tr>\n<tr>\n<th scope=\"row\" align=\"left\" bgcolor=\"#FFFFFF\"><img loading=\"lazy\" decoding=\"async\" class=\"size-full wp-image-4899 alignleft\" src=\"https:\/\/www.langir.com\/wp-content\/uploads\/2019\/02\/LED.jpg\" alt=\"\" width=\"700\" height=\"600\" \/><\/th>\n<\/tr>\n<\/tbody>\n<\/table>\n\n\t\t<\/div>\n\t<\/div>\n\n\t<div class=\"wpb_text_column wpb_content_element\" >\n\t\t<div class=\"wpb_wrapper\">\n\t\t\t<h3><img loading=\"lazy\" decoding=\"async\" class=\"size-full wp-image-4870 alignleft\" src=\"https:\/\/www.langir.com\/wp-content\/uploads\/2019\/02\/5.gif\" alt=\"\" width=\"40\" height=\"40\" \/>Symbol<\/h3>\n\n\t\t<\/div>\n\t<\/div>\n\n\t<div class=\"wpb_text_column wpb_content_element\" >\n\t\t<div class=\"wpb_wrapper\">\n\t\t\t<p><strong>Laserdruck ist Standard<\/strong>aber es gibt viele andere L\u00f6sungen:<\/p>\n<table border=\"0\" width=\"100%\" cellspacing=\"1\" cellpadding=\"10\" bgcolor=\"#dcdcdc\">\n<tbody>\n<tr>\n<td bgcolor=\"#FFFFFF\"><img decoding=\"async\" class=\"size-full wp-image-4889 alignleft\" src=\"https:\/\/www.langir.com\/wp-content\/uploads\/2019\/02\/symbol.jpg\" alt=\"Symbol\" \/><\/td>\n<\/tr>\n<\/tbody>\n<\/table>\n<p>F\u00fcr weitere Informationen wenden Sie sich bitte an Ihren Verkaufsleiter.<\/p>\n\n\t\t<\/div>\n\t<\/div>\n\n\t<div class=\"wpb_text_column wpb_content_element\" >\n\t\t<div class=\"wpb_wrapper\">\n\t\t\t<h3><img loading=\"lazy\" decoding=\"async\" class=\"size-full wp-image-4870 alignleft\" src=\"https:\/\/www.langir.com\/wp-content\/uploads\/2019\/02\/6.gif\" alt=\"\" width=\"40\" height=\"40\" \/>Formen<\/h3>\n\n\t\t<\/div>\n\t<\/div>\n\n\t<div class=\"wpb_text_column wpb_content_element\" >\n\t\t<div class=\"wpb_wrapper\">\n\t\t\t<table border=\"0\" width=\"100%\" cellspacing=\"1\" cellpadding=\"10\" bgcolor=\"#dcdcdc\">\n<tbody>\n<tr>\n<td bgcolor=\"#FFFFFF\"><strong>Bet\u00e4tigungselemente aus Metall<\/strong> kann leicht angepasst werden:<\/p>\n<ul>\n<li>Form<\/li>\n<li>Durchmesser<\/li>\n<li>L\u00e4nge<\/li>\n<\/ul>\n<\/td>\n<td bgcolor=\"#FFFFFF\">F\u00fcr <strong>Kunststoffteile<\/strong>der Wechsel der Spritzgussform<br \/>\nHohlr\u00e4ume erm\u00f6glichen neue Formen <strong>schnell und kosteng\u00fcnstig<br \/>\neffektiv<\/strong>.<\/td>\n<\/tr>\n<tr>\n<td bgcolor=\"#FFFFFF\"><img loading=\"lazy\" decoding=\"async\" class=\"size-full wp-image-4284\" src=\"https:\/\/www.langir.com\/wp-content\/uploads\/2015\/03\/30mm-non-illum-piezo-switch.jpg\" alt=\"30mm Piezo-Schalter\" width=\"200\" height=\"250\" \/><\/td>\n<td bgcolor=\"#FFFFFF\"><img loading=\"lazy\" decoding=\"async\" class=\"size-full wp-image-4886 alignleft\" src=\"https:\/\/www.langir.com\/wp-content\/uploads\/2019\/02\/forme-2.jpg\" alt=\"\" width=\"444\" height=\"197\" \/><\/td>\n<\/tr>\n<\/tbody>\n<\/table>\n\n\t\t<\/div>\n\t<\/div>\n\n<div class=\"vc-zigzag-wrapper vc-zigzag-align-center\"><div class=\"vc-zigzag-inner\" style=\"width: 100%;min-height: 14px;background: 0 repeat-x url(&#039;data:image\/svg+xml;utf-8,%3C%3Fxml%20version%3D%221.0%22%20encoding%3D%22utf-8%22%3F%3E%3C%21DOCTYPE%20svg%20PUBLIC%20%22-%2F%2FW3C%2F%2FDTD%20SVG%201.1%2F%2FEN%22%20%22http%3A%2F%2Fwww.w3.org%2FGraphics%2FSVG%2F1.1%2FDTD%2Fsvg11.dtd%22%3E%3Csvg%20width%3D%2214px%22%20height%3D%2212px%22%20viewBox%3D%220%200%2018%2015%22%20version%3D%221.1%22%20xmlns%3D%22http%3A%2F%2Fwww.w3.org%2F2000%2Fsvg%22%20xmlns%3Axlink%3D%22http%3A%2F%2Fwww.w3.org%2F1999%2Fxlink%22%3E%3Cpolygon%20id%3D%22Combined-Shape%22%20fill%3D%22%23ebebeb%22%20points%3D%228.98762301%200%200%209.12771969%200%2014.519983%209%205.40479869%2018%2014.519983%2018%209.12771969%22%3E%3C%2Fpolygon%3E%3C%2Fsvg%3E&#039;);\"><\/div><\/div>\n\t<div class=\"wpb_text_column wpb_content_element\" >\n\t\t<div class=\"wpb_wrapper\">\n\t\t\t<p><iframe style=\"width: 100%; border: none;\" title=\"Eingebettetes Wufoo-Formular\" src=\"https:\/\/langir.wufoo.com\/embed\/z1f9dkcq1g0s58i\/\" height=\"1133\" frameborder=\"0\" scrolling=\"no\" sandbox=\"allow-popups-to-escape-sandbox allow-top-navigation allow-scripts allow-popups allow-forms allow-same-origin\"> <a href=\"https:\/\/langir.wufoo.com\/forms\/z1f9dkcq1g0s58i\/\" target=\"_blank\" rel=\"noopener\">F\u00fcllen Sie mein Wufoo-Formular aus!<\/a> <\/iframe><\/p>\n\n\t\t<\/div>\n\t<\/div>\n<\/div><\/div><\/div><\/div>\n<\/div>","protected":false},"excerpt":{"rendered":"With over 10 years experience in the development and production, Langir's design and manufacturing expertise goes beyond simple switching. Langir offers a range of more than 1,000 part numbers consisting of switches, indicators and keypads in different colors, markings, finishes, shapes and dimensions\u2026 creating an unlimited combinations of possibilities. Our standard product offering can be [...]","protected":false},"author":1,"featured_media":8761,"parent":0,"menu_order":25,"comment_status":"closed","ping_status":"closed","template":"page-default.php","meta":{"_acf_changed":false,"footnotes":""},"class_list":["post-7467","page","type-page","status-publish","has-post-thumbnail","hentry","entry"],"acf":[],"post_mailing_queue_ids":[],"_links":{"self":[{"href":"https:\/\/www.langir.com\/de\/wp-json\/wp\/v2\/pages\/7467","targetHints":{"allow":["GET"]}}],"collection":[{"href":"https:\/\/www.langir.com\/de\/wp-json\/wp\/v2\/pages"}],"about":[{"href":"https:\/\/www.langir.com\/de\/wp-json\/wp\/v2\/types\/page"}],"author":[{"embeddable":true,"href":"https:\/\/www.langir.com\/de\/wp-json\/wp\/v2\/users\/1"}],"replies":[{"embeddable":true,"href":"https:\/\/www.langir.com\/de\/wp-json\/wp\/v2\/comments?post=7467"}],"version-history":[{"count":2,"href":"https:\/\/www.langir.com\/de\/wp-json\/wp\/v2\/pages\/7467\/revisions"}],"predecessor-version":[{"id":16136,"href":"https:\/\/www.langir.com\/de\/wp-json\/wp\/v2\/pages\/7467\/revisions\/16136"}],"wp:featuredmedia":[{"embeddable":true,"href":"https:\/\/www.langir.com\/de\/wp-json\/wp\/v2\/media\/8761"}],"wp:attachment":[{"href":"https:\/\/www.langir.com\/de\/wp-json\/wp\/v2\/media?parent=7467"}],"curies":[{"name":"wp","href":"https:\/\/api.w.org\/{rel}","templated":true}]}}