{"id":8222,"date":"2021-03-19T04:04:24","date_gmt":"2021-03-19T04:04:24","guid":{"rendered":"https:\/\/www.langir.com\/?page_id=8222"},"modified":"2026-03-30T08:53:34","modified_gmt":"2026-03-30T08:53:34","slug":"conflict-minerals-policy-statement","status":"publish","type":"page","link":"https:\/\/www.langir.com\/de\/conflict-minerals-policy-statement\/","title":{"rendered":"Erkl\u00e4rung zur Konfliktmineralienpolitik"},"content":{"rendered":"<div class=\"wpb-content-wrapper\"><div class=\"vc_row wpb_row vc_row-fluid vc_custom_1616125721825\"><div class=\"wpb_column vc_column_container vc_col-sm-12\"><div class=\"vc_column-inner\"><div class=\"wpb_wrapper\">\n\t<div class=\"wpb_text_column wpb_content_element vc_custom_1640762081898\" >\n\t\t<div class=\"wpb_wrapper\">\n\t\t\t<h1 style=\"font-size: 40px; text-align: center;\"><strong>KONFLIKTMINERALIENPOLITIK<\/strong><\/h1>\n<hr style=\"border-top: 5px solid #fe9901;\" \/>\n\n\t\t<\/div>\n\t<\/div>\n\n\t<div class=\"wpb_text_column wpb_content_element vc_custom_1616124179264\" >\n\t\t<div class=\"wpb_wrapper\">\n\t\t\t<p>Als sozial verantwortliches Unternehmen liegt Langir das Wohlergehen von Menschen und Gemeinden am Herzen. Wir f\u00fchren unsere Gesch\u00e4fte auf faire und ethische Weise, respektieren die Menschenrechte, halten Gesetze und Vorschriften ein und befolgen einen strengen Verhaltenskodex.<\/p>\n\n\t\t<\/div>\n\t<\/div>\n<\/div><\/div><\/div><\/div><div data-vc-full-width=\"true\" data-vc-full-width-temp=\"true\" data-vc-full-width-init=\"false\" data-vc-stretch-content=\"true\" class=\"vc_row wpb_row vc_row-fluid vc_custom_1616126469702 vc_row-has-fill\"><div class=\"wpb_column vc_column_container vc_col-sm-12\"><div class=\"vc_column-inner\"><div class=\"wpb_wrapper\"><div class=\"vc_row wpb_row vc_inner vc_row-fluid container\"><div class=\"wpb_column vc_column_container vc_col-sm-8\"><div class=\"vc_column-inner\"><div class=\"wpb_wrapper\">\n\t<div class=\"wpb_text_column wpb_content_element vc_custom_1616125897467\" >\n\t\t<div class=\"wpb_wrapper\">\n\t\t\t<h2 style=\"text-align: left; font-size: 30px; color: #fe9901;\">Grundsatzerkl\u00e4rung zu Konfliktmineralien<\/h2>\n\n\t\t<\/div>\n\t<\/div>\n\n\t<div class=\"wpb_text_column wpb_content_element\" >\n\t\t<div class=\"wpb_wrapper\">\n\t\t\t<p>Langir Electric (\"Langir\") hat sich verpflichtet, bei seinen Produkten und Dienstleistungen sowie bei der Art und Weise, wie wir unsere Gesch\u00e4fte f\u00fchren, die h\u00f6chsten Qualit\u00e4tsstandards einzuhalten.<\/p>\n<p>Wir arbeiten mit unseren Zulieferern zusammen, um sicherzustellen, dass die Arbeitsbedingungen in unserer Lieferkette sicher sind, die Arbeitnehmer mit Respekt behandelt werden und die Produktionsprozesse umweltfreundlich und sozialvertr\u00e4glich sind.<\/p>\n<p>Die US-B\u00f6rsenaufsichtsbeh\u00f6rde Securities and Exchange Commission (SEC\") hat Vorschriften erlassen, nach denen b\u00f6rsennotierte Unternehmen offenlegen m\u00fcssen, ob sie Tantal, Zinn, Gold oder Wolfram (Konfliktmineralien\") verwenden, die aus der Demokratischen Republik Kongo (DRC\") oder benachbarten L\u00e4ndern (Covered Countries\") stammen, und, falls dies der Fall ist, m\u00fcssen die Unternehmen die Herkunft und die \u00dcberwachungskette dieser Konfliktmineralien mit der gebotenen Sorgfalt pr\u00fcfen und die Ergebnisse ihrer Untersuchungen und Pr\u00fcfungen mitteilen.<\/p>\n<p>Langir hat Ma\u00dfnahmen ergriffen, um Abschnitt 1502 des Dodd-Frank-Gesetzes einzuhalten, das darauf abzielt, die Verwendung von Konfliktmineralien zu verhindern, die direkt oder indirekt zur Finanzierung oder zum Nutzen bewaffneter Gruppen in den erfassten L\u00e4ndern beitragen.<\/p>\n<p>Langir ist bestrebt, ein \"konfliktmineralienfreies\" Unternehmen zu sein, und ergreift die erforderlichen Ma\u00dfnahmen zur \u00dcberpr\u00fcfung und Kontrolle der Prozesse in seiner gesamten Lieferkette, um eine konfliktfreie Lieferkette zu erreichen. Langir h\u00e4lt sich an alle geltenden Gesetze und verpflichtet sich, an der Verbesserung der R\u00fcckverfolgbarkeit von Konfliktmineralien zu arbeiten und eine verantwortungsvolle Beschaffung zu gew\u00e4hrleisten.<\/p>\n<p>Langir hat die Grunds\u00e4tze der Anforderungen an Konfliktmineralien in seine Gesch\u00e4ftspraktiken aufgenommen. Unser Genehmigungsverfahren f\u00fcr neue Lieferanten enth\u00e4lt Anforderungen zu Konfliktmineralien. Langir wird diese Richtlinie an seine Lieferanten weitergeben und sie ermutigen, \u00e4hnliche Richtlinien f\u00fcr ihre Lieferkette festzulegen. Lieferanten, die sich nicht an die Vorschriften zu Konfliktmineralien halten oder nicht auf deren Einhaltung hinarbeiten, werden von zuk\u00fcnftigen Gesch\u00e4ftsm\u00f6glichkeiten mit Langir ausgeschlossen.<\/p>\n<p>Gem\u00e4\u00df der Definition von \"DRC Conflict-Free\" sind Produkte, die an Langir:<\/p>\n<p>1. Sie enthalten kein Tantal, Zinn, Wolfram oder Gold (3TG) als Elemente, die f\u00fcr ihre Herstellung oder Funktion notwendig sind, oder,<\/p>\n<p>2. Wenn an Langir gelieferte Produkte diese Mineralien enthalten, m\u00fcssen die Mineralien von au\u00dferhalb der Demokratischen Republik Kongo stammen, aus Schrott oder recycelten Quellen stammen oder von Schmelzh\u00fctten geliefert werden, die von einer unabh\u00e4ngigen privaten Partei als konfliktfrei validiert wurden. Zertifizierte konfliktfreie Schmelzh\u00fctten werden anhand der CFSCompliant Smelter List als konform mit dem Protokoll der EICC (Electronic Industry Citizenship Coalition) f\u00fcr konfliktfreie Schmelzh\u00fctten (CFS) validiert. Im Rahmen des CFS-Protokolls werden Schmelzh\u00fctten weltweit gepr\u00fcft; die Liste der konformen Schmelzh\u00fctten und Raffinerien ist unter www.conflictfreesmelter.org abrufbar.<\/p>\n\n\t\t<\/div>\n\t<\/div>\n<\/div><\/div><\/div><div class=\"wpb_column vc_column_container vc_col-sm-4\"><div class=\"vc_column-inner\"><div class=\"wpb_wrapper\">\n\t<div class=\"wpb_text_column wpb_content_element\" >\n\t\t<div class=\"wpb_wrapper\">\n\t\t\t<p><img fetchpriority=\"high\" decoding=\"async\" class=\"size-full wp-image-8244 aligncenter\" src=\"https:\/\/www.langir.com\/wp-content\/uploads\/2021\/03\/Conflict-Minerals.jpg\" alt=\"KONFLIKTMINERALIENPOLITIK\" width=\"634\" height=\"380\" srcset=\"https:\/\/www.langir.com\/wp-content\/uploads\/2021\/03\/Conflict-Minerals.jpg 634w, https:\/\/www.langir.com\/wp-content\/uploads\/2021\/03\/Conflict-Minerals-300x180.jpg 300w\" sizes=\"(max-width: 634px) 100vw, 634px\" \/><\/p>\n\n\t\t<\/div>\n\t<\/div>\n<\/div><\/div><\/div><\/div><\/div><\/div><\/div><\/div><div class=\"vc_row-full-width vc_clearfix\"><\/div><div class=\"vc_row wpb_row vc_row-fluid\"><div class=\"wpb_column vc_column_container vc_col-sm-12\"><div class=\"vc_column-inner\"><div class=\"wpb_wrapper\">\n<div class=\"vc-zigzag-wrapper vc-zigzag-align-center\"><div class=\"vc-zigzag-inner\" style=\"width: 100%;min-height: 14px;background: 0 repeat-x url(&#039;data:image\/svg+xml;utf-8,%3C%3Fxml%20version%3D%221.0%22%20encoding%3D%22utf-8%22%3F%3E%3C%21DOCTYPE%20svg%20PUBLIC%20%22-%2F%2FW3C%2F%2FDTD%20SVG%201.1%2F%2FEN%22%20%22http%3A%2F%2Fwww.w3.org%2FGraphics%2FSVG%2F1.1%2FDTD%2Fsvg11.dtd%22%3E%3Csvg%20width%3D%2214px%22%20height%3D%2212px%22%20viewBox%3D%220%200%2018%2015%22%20version%3D%221.1%22%20xmlns%3D%22http%3A%2F%2Fwww.w3.org%2F2000%2Fsvg%22%20xmlns%3Axlink%3D%22http%3A%2F%2Fwww.w3.org%2F1999%2Fxlink%22%3E%3Cpolygon%20id%3D%22Combined-Shape%22%20fill%3D%22%23ebebeb%22%20points%3D%228.98762301%200%200%209.12771969%200%2014.519983%209%205.40479869%2018%2014.519983%2018%209.12771969%22%3E%3C%2Fpolygon%3E%3C%2Fsvg%3E&#039;);\"><\/div><\/div>\n\t<div class=\"wpb_text_column wpb_content_element\" >\n\t\t<div class=\"wpb_wrapper\">\n\t\t\t<p><iframe style=\"width: 100%; border: none;\" title=\"Eingebettetes Wufoo-Formular\" src=\"https:\/\/langir.wufoo.com\/embed\/zcdgace1ql3iv4\/\" height=\"766\" frameborder=\"0\" scrolling=\"no\" sandbox=\"allow-popups-to-escape-sandbox allow-top-navigation allow-scripts allow-popups allow-forms allow-same-origin\"> <a href=\"https:\/\/langir.wufoo.com\/forms\/zcdgace1ql3iv4\/\" target=\"_blank\" rel=\"noopener\">F\u00fcllen Sie mein Wufoo-Formular aus!<\/a> <\/iframe><\/p>\n\n\t\t<\/div>\n\t<\/div>\n<\/div><\/div><\/div><\/div>\n<\/div>","protected":false},"excerpt":{"rendered":"CONFLICT MINERAL POLICY As a socially responsible company, Langir has concern for the well-being of people and communities. We conduct business fairly and ethically, respect human rights, comply with laws and regulations, and follow a rigorous Code of Conduct. Policy Statement on Conflict Minerals Langir Electric (\u201cLangir\u201d) is committed to the meeting the highest quality [...]","protected":false},"author":1,"featured_media":8244,"parent":0,"menu_order":17,"comment_status":"closed","ping_status":"closed","template":"page-newdemo.php","meta":{"_acf_changed":false,"footnotes":""},"class_list":["post-8222","page","type-page","status-publish","has-post-thumbnail","hentry","entry"],"acf":[],"post_mailing_queue_ids":[],"_links":{"self":[{"href":"https:\/\/www.langir.com\/de\/wp-json\/wp\/v2\/pages\/8222","targetHints":{"allow":["GET"]}}],"collection":[{"href":"https:\/\/www.langir.com\/de\/wp-json\/wp\/v2\/pages"}],"about":[{"href":"https:\/\/www.langir.com\/de\/wp-json\/wp\/v2\/types\/page"}],"author":[{"embeddable":true,"href":"https:\/\/www.langir.com\/de\/wp-json\/wp\/v2\/users\/1"}],"replies":[{"embeddable":true,"href":"https:\/\/www.langir.com\/de\/wp-json\/wp\/v2\/comments?post=8222"}],"version-history":[{"count":1,"href":"https:\/\/www.langir.com\/de\/wp-json\/wp\/v2\/pages\/8222\/revisions"}],"predecessor-version":[{"id":16184,"href":"https:\/\/www.langir.com\/de\/wp-json\/wp\/v2\/pages\/8222\/revisions\/16184"}],"wp:featuredmedia":[{"embeddable":true,"href":"https:\/\/www.langir.com\/de\/wp-json\/wp\/v2\/media\/8244"}],"wp:attachment":[{"href":"https:\/\/www.langir.com\/de\/wp-json\/wp\/v2\/media?parent=8222"}],"curies":[{"name":"wp","href":"https:\/\/api.w.org\/{rel}","templated":true}]}}