{"id":8983,"date":"2022-12-20T01:31:36","date_gmt":"2022-12-20T01:31:36","guid":{"rendered":"https:\/\/www.langir.com\/disclaimer\/"},"modified":"2022-12-20T01:54:33","modified_gmt":"2022-12-20T01:54:33","slug":"disclaimer","status":"publish","type":"page","link":"https:\/\/www.langir.com\/de\/disclaimer\/","title":{"rendered":"Haftungsausschluss"},"content":{"rendered":"<!-- Legal document generated by Complianz | GDPR\/CCPA Cookie Consent https:\/\/wordpress.org\/plugins\/complianz-gdpr -->\n<div id=\"cmplz-document\" class=\"cmplz-document disclaimer cmplz-document-all\"><p>Yueqing Langir Electric Co., Ltd. ist bem\u00fcht, diese Website aktuell und korrekt zu halten. Sollten Sie dennoch auf falsche oder veraltete Informationen sto\u00dfen, w\u00e4ren wir Ihnen dankbar, wenn Sie uns dies mitteilen k\u00f6nnten. Bitte geben Sie an, wo auf der Website Sie die Informationen gelesen haben. Wir werden uns dann so schnell wie m\u00f6glich darum k\u00fcmmern. Bitte senden Sie Ihre Antwort per E-Mail an: <span class=\"cmplz-obfuscate\">langir@<span class=\"cmplz-fmail-domain\">ex.com<\/span>&#108;a&#110;g&#105;&#114;.&#099;om<\/span>.<\/p><p>Alle personenbezogenen Daten, die Sie uns im Rahmen Ihrer Antwort oder Ihrer Informationsanfrage zur Verf\u00fcgung stellen, werden nur in \u00dcbereinstimmung mit unserer Datenschutzerkl\u00e4rung verwendet.<\/p><p>Alle geistigen Eigentumsrechte an den Inhalten dieser Website liegen bei Yueqing Langir Electric Co.<\/p><p>Die Vervielf\u00e4ltigung, Verbreitung und sonstige Nutzung dieser Materialien ist ohne die schriftliche Genehmigung der Yueqing Langir Electric Co. nicht gestattet, es sei denn, zwingende gesetzliche Vorschriften (z.B. Zitatrecht) schreiben etwas anderes vor oder der konkrete Inhalt erfordert etwas anderes.<\/p><p>Sollten Sie Fragen oder Probleme mit der Zug\u00e4nglichkeit der Website haben, z\u00f6gern Sie bitte nicht, uns zu kontaktieren.<\/p><\/div>","protected":false},"excerpt":{"rendered":"Yueqing Langir Electric Co., Ltd is committed to keeping this website up to date and accurate. Should you nevertheless encounter anything that is incorrect or out of date, we would appreciate it if you could let us know. Please indicate where on the website you read the information. We will then look at this as [...]","protected":false},"author":1,"featured_media":0,"parent":0,"menu_order":11,"comment_status":"closed","ping_status":"closed","template":"page-default.php","meta":{"_acf_changed":false,"footnotes":""},"class_list":["post-8983","page","type-page","status-publish","hentry","entry"],"acf":[],"post_mailing_queue_ids":[],"_links":{"self":[{"href":"https:\/\/www.langir.com\/de\/wp-json\/wp\/v2\/pages\/8983","targetHints":{"allow":["GET"]}}],"collection":[{"href":"https:\/\/www.langir.com\/de\/wp-json\/wp\/v2\/pages"}],"about":[{"href":"https:\/\/www.langir.com\/de\/wp-json\/wp\/v2\/types\/page"}],"author":[{"embeddable":true,"href":"https:\/\/www.langir.com\/de\/wp-json\/wp\/v2\/users\/1"}],"replies":[{"embeddable":true,"href":"https:\/\/www.langir.com\/de\/wp-json\/wp\/v2\/comments?post=8983"}],"version-history":[{"count":0,"href":"https:\/\/www.langir.com\/de\/wp-json\/wp\/v2\/pages\/8983\/revisions"}],"wp:attachment":[{"href":"https:\/\/www.langir.com\/de\/wp-json\/wp\/v2\/media?parent=8983"}],"curies":[{"name":"wp","href":"https:\/\/api.w.org\/{rel}","templated":true}]}}