{"id":7414,"date":"2019-11-21T08:26:56","date_gmt":"2019-11-21T08:26:56","guid":{"rendered":"https:\/\/www.langir.com\/?page_id=7414"},"modified":"2020-08-31T07:46:16","modified_gmt":"2020-08-31T07:46:16","slug":"applications-markets-for-piezo-switch","status":"publish","type":"page","link":"https:\/\/www.langir.com\/es\/applications-markets-for-piezo-switch\/","title":{"rendered":"Aplicaciones \/ Mercados para Interruptor piezoel\u00e9ctrico"},"content":{"rendered":"<div class=\"wpb-content-wrapper\"><div class=\"vc_row wpb_row vc_row-fluid\"><div class=\"wpb_column vc_column_container vc_col-sm-6\"><div class=\"vc_column-inner\"><div class=\"wpb_wrapper\">\n\t<div class=\"wpb_text_column wpb_content_element\" >\n\t\t<div class=\"wpb_wrapper\">\n\t\t\t<p><img fetchpriority=\"high\" decoding=\"async\" class=\"size-full wp-image-6394\" title=\"Sistema de tickets\" src=\"https:\/\/www.langir.com\/wp-content\/uploads\/2019\/04\/ticket-system.jpg\" alt=\"Sistema de tickets\" width=\"660\" height=\"300\" \/><\/p>\n\n\t\t<\/div>\n\t<\/div>\n\n\t<div class=\"wpb_text_column wpb_content_element\" >\n\t\t<div class=\"wpb_wrapper\">\n\t\t\t<p><img decoding=\"async\" class=\"size-full wp-image-6393\" title=\"Servicios p\u00fablicos\" src=\"https:\/\/www.langir.com\/wp-content\/uploads\/2019\/04\/public-services.jpg\" alt=\"Servicios p\u00fablicos\" width=\"660\" height=\"300\" \/><\/p>\n\n\t\t<\/div>\n\t<\/div>\n\n\t<div class=\"wpb_text_column wpb_content_element\" >\n\t\t<div class=\"wpb_wrapper\">\n\t\t\t<p><img decoding=\"async\" class=\"size-full wp-image-6376\" title=\"Dispositivos de seguridad\" src=\"https:\/\/www.langir.com\/wp-content\/uploads\/2019\/04\/security-devices-1.jpg\" alt=\"Dispositivos de seguridad\" width=\"660\" height=\"300\" \/><\/p>\n\n\t\t<\/div>\n\t<\/div>\n\n\t<div class=\"wpb_text_column wpb_content_element\" >\n\t\t<div class=\"wpb_wrapper\">\n\t\t\t<p><img loading=\"lazy\" decoding=\"async\" class=\"size-full wp-image-6379\" title=\"Lavado de coches\" src=\"https:\/\/www.langir.com\/wp-content\/uploads\/2019\/04\/car-wash.jpg\" alt=\"Lavado de coches\" width=\"660\" height=\"300\" \/><\/p>\n\n\t\t<\/div>\n\t<\/div>\n\n\t<div class=\"wpb_text_column wpb_content_element\" >\n\t\t<div class=\"wpb_wrapper\">\n\t\t\t<p><img loading=\"lazy\" decoding=\"async\" class=\"size-full wp-image-6403\" title=\"Piscina\" src=\"https:\/\/www.langir.com\/wp-content\/uploads\/2019\/04\/pool.jpg\" alt=\"Piscina\" width=\"660\" height=\"300\" \/><\/p>\n\n\t\t<\/div>\n\t<\/div>\n\n\t<div class=\"wpb_text_column wpb_content_element\" >\n\t\t<div class=\"wpb_wrapper\">\n\t\t\t<p><img loading=\"lazy\" decoding=\"async\" class=\"size-full wp-image-6378\" title=\"Ba\u00f1o\" src=\"https:\/\/www.langir.com\/wp-content\/uploads\/2019\/04\/bath.jpg\" alt=\"Ba\u00f1o\" width=\"660\" height=\"300\" \/><\/p>\n\n\t\t<\/div>\n\t<\/div>\n\n\t<div class=\"wpb_text_column wpb_content_element\" >\n\t\t<div class=\"wpb_wrapper\">\n\t\t\t<p><img loading=\"lazy\" decoding=\"async\" class=\"size-full wp-image-6377\" title=\"Marina\" src=\"https:\/\/www.langir.com\/wp-content\/uploads\/2019\/04\/marine.jpg\" alt=\"Marina\" width=\"660\" height=\"300\" \/><\/p>\n\n\t\t<\/div>\n\t<\/div>\n\n\t<div class=\"wpb_text_column wpb_content_element\" >\n\t\t<div class=\"wpb_wrapper\">\n\t\t\t<p><img loading=\"lazy\" decoding=\"async\" class=\"size-full wp-image-6374\" src=\"https:\/\/www.langir.com\/wp-content\/uploads\/2019\/04\/food-processing.jpg\" alt=\"Procesado de alimentos\" width=\"660\" height=\"300\" \/><\/p>\n\n\t\t<\/div>\n\t<\/div>\n\n\t<div class=\"wpb_text_column wpb_content_element\" >\n\t\t<div class=\"wpb_wrapper\">\n\t\t\t<p><img loading=\"lazy\" decoding=\"async\" class=\"size-full wp-image-6375\" title=\"Equipos m\u00e9dicos\" src=\"https:\/\/www.langir.com\/wp-content\/uploads\/2019\/04\/medical-equipment-1.jpg\" alt=\"Equipos m\u00e9dicos\" width=\"660\" height=\"300\" \/><\/p>\n\n\t\t<\/div>\n\t<\/div>\n\n\t<div class=\"wpb_text_column wpb_content_element\" >\n\t\t<div class=\"wpb_wrapper\">\n\t\t\t<p><img loading=\"lazy\" decoding=\"async\" class=\"size-full wp-image-6418\" title=\"Aparcamientos\" src=\"https:\/\/www.langir.com\/wp-content\/uploads\/2019\/04\/parking.jpg\" alt=\"Aparcamientos\" width=\"550\" height=\"300\" \/><\/p>\n\n\t\t<\/div>\n\t<\/div>\n<\/div><\/div><\/div><div class=\"wpb_column vc_column_container vc_col-sm-6\"><div class=\"vc_column-inner\"><div class=\"wpb_wrapper\">\n\t<div class=\"wpb_text_column wpb_content_element\" >\n\t\t<div class=\"wpb_wrapper\">\n\t\t\t<ul>\n<li>Aplicaciones dentro y fuera del agua<\/li>\n<li>Equipamiento m\u00e9dico<\/li>\n<li>Equipos de ensayo<\/li>\n<li>Bombas de gasolina autom\u00e1ticas<\/li>\n<li>Equipos de miner\u00eda<\/li>\n<li>Sistemas de lavado de coches<\/li>\n<li>Paneles de control<\/li>\n<li>Embalaje<\/li>\n<li>Cosm\u00e9ticos<\/li>\n<li>Pinturas<\/li>\n<li>Petroqu\u00edmica<\/li>\n<li>Fertilizantes<\/li>\n<li>Farmac\u00e9utica<\/li>\n<li>Panader\u00edas<\/li>\n<li>Lecher\u00edas<\/li>\n<li>Envasado de alimentos<\/li>\n<li>Preparaci\u00f3n de alimentos<\/li>\n<li>Procesado de la carne<\/li>\n<li>Puerta de acceso<\/li>\n<li>Control de procesos<\/li>\n<li>Tel\u00e9fonos p\u00fablicos<\/li>\n<li>Puertas de seguridad<\/li>\n<li>Sistemas de riego<\/li>\n<li>Paneles de control de locomotoras<\/li>\n<li>M\u00e1quinas expendedoras<\/li>\n<\/ul>\n\n\t\t<\/div>\n\t<\/div>\n<\/div><\/div><\/div><\/div>\n<\/div>","protected":false},"excerpt":{"rendered":"Aplicaciones de entrada y salida de agua Equipos m\u00e9dicos Equipos de ensayo Bombas de gas autom\u00e1ticas Equipos de miner\u00eda Sistemas de lavado de coches Paneles de control Envasado Cosm\u00e9ticos Pinturas Petroqu\u00edmica Fertilizantes Farmac\u00e9utica Panader\u00edas Lecher\u00edas Envasado de alimentos Preparaci\u00f3n de carnes Procesado de carne Acceso a puertas Control de procesos Tel\u00e9fonos p\u00fablicos Puertas de seguridad Sistemas de riego Paneles de control de locomotoras M\u00e1quinas expendedoras","protected":false},"author":1,"featured_media":7285,"parent":0,"menu_order":42,"comment_status":"closed","ping_status":"closed","template":"page-default.php","meta":{"_acf_changed":false,"footnotes":""},"class_list":["post-7414","page","type-page","status-publish","has-post-thumbnail","hentry","entry"],"acf":[],"post_mailing_queue_ids":[],"_links":{"self":[{"href":"https:\/\/www.langir.com\/es\/wp-json\/wp\/v2\/pages\/7414","targetHints":{"allow":["GET"]}}],"collection":[{"href":"https:\/\/www.langir.com\/es\/wp-json\/wp\/v2\/pages"}],"about":[{"href":"https:\/\/www.langir.com\/es\/wp-json\/wp\/v2\/types\/page"}],"author":[{"embeddable":true,"href":"https:\/\/www.langir.com\/es\/wp-json\/wp\/v2\/users\/1"}],"replies":[{"embeddable":true,"href":"https:\/\/www.langir.com\/es\/wp-json\/wp\/v2\/comments?post=7414"}],"version-history":[{"count":0,"href":"https:\/\/www.langir.com\/es\/wp-json\/wp\/v2\/pages\/7414\/revisions"}],"wp:featuredmedia":[{"embeddable":true,"href":"https:\/\/www.langir.com\/es\/wp-json\/wp\/v2\/media\/7285"}],"wp:attachment":[{"href":"https:\/\/www.langir.com\/es\/wp-json\/wp\/v2\/media?parent=7414"}],"curies":[{"name":"wp","href":"https:\/\/api.w.org\/{rel}","templated":true}]}}