{"id":7444,"date":"2019-11-21T08:49:18","date_gmt":"2019-11-21T08:49:18","guid":{"rendered":"https:\/\/www.langir.com\/?page_id=7444"},"modified":"2026-03-30T08:26:40","modified_gmt":"2026-03-30T08:26:40","slug":"glossary-of-terms","status":"publish","type":"page","link":"https:\/\/www.langir.com\/es\/glossary-of-terms\/","title":{"rendered":"Glosario de t\u00e9rminos"},"content":{"rendered":"<div class=\"wpb-content-wrapper\"><div class=\"vc_row wpb_row vc_row-fluid\"><div class=\"wpb_column vc_column_container vc_col-sm-12\"><div class=\"vc_column-inner\"><div class=\"wpb_wrapper\">\n\t<div class=\"wpb_text_column wpb_content_element\" >\n\t\t<div class=\"wpb_wrapper\">\n\t\t\t<p><strong>Actuador<\/strong>: La interfaz mec\u00e1nica entre los contactos b\u00e1sicos del interruptor y el medio de accionamiento, como el dedo del operador.<\/p>\n<p><strong>Fuerza de accionamiento<\/strong>: La fuerza necesaria para cambiar el estado el\u00e9ctrico de un circuito.<\/p>\n<p><a title=\"Interruptores de acci\u00f3n alterna (enganche y mantenimiento)\" href=\"https:\/\/www.langir.com\/es\/news\/whats-the-difference-between-an-alternate-action-and-a-momentary\/\"><strong style=\"color: #ffa010;\">Interruptor de acci\u00f3n alterna (enganche y mantenimiento)<\/strong><\/a>: Interruptor tipo pulsador en el que el cambio de estado el\u00e9ctrico se mantiene entre accionamientos.<\/p>\n<p><strong>Amperios<\/strong>: Unidad de flujo de corriente el\u00e9ctrica.<\/p>\n<p><strong>Base (carcasa)<\/strong>: La base de un interruptor es el elemento principal al que se fijan las piezas conductoras o la unidad aislante. Tambi\u00e9n puede tener acopladas partes del mecanismo de funcionamiento o control.<\/p>\n<p><strong>Rebote<\/strong>: Rebote del contacto m\u00f3vil contra el contacto fijo durante la transferencia.<\/p>\n<p><strong>Pausa<\/strong>: Interrupci\u00f3n de un circuito. La doble ruptura se produce cuando un solo mecanismo interrumpe dos contactos simult\u00e1neamente.<\/p>\n<p><strong>Capacidad<\/strong>: Normalmente se refiere a la capacidad de manejo de corriente de un interruptor.<\/p>\n<p><strong>P\u00f3ngase en contacto con<\/strong>: El contacto es una parte conductora dise\u00f1ada para unirse por presi\u00f3n a otra parte conductora con el fin de conducir corriente.<\/p>\n<p><strong>Resistencia de contacto<\/strong>: La resistencia del flujo de corriente a trav\u00e9s de los contactos cerrados.<\/p>\n<p><strong>Detente<\/strong>: Caracter\u00edstica que indica que se ha alcanzado el punto de accionamiento. Tambi\u00e9n puede denominarse sensaci\u00f3n t\u00e1ctil.<\/p>\n<p><strong>Rigidez diel\u00e9ctrica<\/strong>: Capacidad de un material aislante para resistir la tensi\u00f3n de arco a trav\u00e9s de su superficie.<\/p>\n<p><strong>Estanco al polvo<\/strong>: El interruptor sellado resistir\u00e1 la contaminaci\u00f3n por arena y polvo.<\/p>\n<p><strong>Vida el\u00e9ctrica<\/strong>: Vida \u00fatil esperada cuando el interruptor funciona a plena carga nominal.<\/p>\n<p><strong>Resistencia del aislamiento<\/strong>: La resistencia al flujo de corriente de los materiales aislantes entre contactos.<\/p>\n<p><a title=\"Interruptor de acci\u00f3n moment\u00e1nea\" href=\"https:\/\/www.langir.com\/es\/news\/whats-the-difference-between-an-alternate-action-and-a-momentary\/\"><strong style=\"color: #ffa010;\">Interruptor de acci\u00f3n moment\u00e1nea<\/strong><\/a>: T\u00e9rmino dado a un interruptor en el que un circuito est\u00e1 continuamente cerrado o abierto s\u00f3lo cuando se aplica fuerza. El estado el\u00e9ctrico vuelve a su posici\u00f3n normal cuando se retira la fuerza.<\/p>\n<p><strong>Normalmente cerrado<\/strong>: T\u00e9rmino dado a un interruptor en el que un circuito est\u00e1 cerrado en la posici\u00f3n normal del interruptor.<\/p>\n<p><strong>Normalmente abierto<\/strong>: T\u00e9rmino dado a un interruptor en el que un circuito est\u00e1 abierto en la posici\u00f3n normal del interruptor.<\/p>\n<p><strong>Punto operativo<\/strong>: Punto de transferencia de los contactos. Normalmente se mide desde los orificios de montaje del interruptor.<\/p>\n<p><strong>Sobre Viajes<\/strong>: La distancia que recorre un actuador despu\u00e9s de cerrar el circuito.<\/p>\n<p><strong>Polo<\/strong>: T\u00e9rmino que designa un circuito completamente separado que pasa a la vez por un interruptor.<\/p>\n<p><strong>Antes del viaje:<\/strong>\u00a0El movimiento del actuador antes de cerrar el circuito. A veces es id\u00e9ntico a \"Recorrido hasta hacer\".<\/p>\n\n\t\t<\/div>\n\t<\/div>\n\n\t<div class=\"wpb_text_column wpb_content_element\" >\n\t\t<div class=\"wpb_wrapper\">\n\t\t\t<p><strong>Cambiar abreviaturas:<\/strong><\/p>\n\n\t\t<\/div>\n\t<\/div>\n\n\t<div class=\"wpb_text_column wpb_content_element\" >\n\t\t<div class=\"wpb_wrapper\">\n\t\t\t<p><strong>N.C.<\/strong>: Normalmente cerrado<\/p>\n<p><strong>N.O.<\/strong>: Normalmente abierto<\/p>\n<p><strong>SPST<\/strong>: Unipolar Tirador 1NO1NC<\/p>\n<p><strong>SPDT<\/strong>: Unipolar Doble Tiro 1NO2NC<\/p>\n<p><strong>DPST<\/strong>: Doble contacto 2NO1NC<\/p>\n<p><strong>DPDT<\/strong>: Doble contacto 2NO2NC<\/p>\n<p><strong>Viajar para hacer<\/strong>: Distancia paralela a la direcci\u00f3n designada del movimiento del actuador en la que se cierra un circuito.<\/p>\n<p><strong>Estanco<\/strong>: El interruptor sellado resistir\u00e1 la inmersi\u00f3n a varias profundidades dependiendo del nivel de especificaci\u00f3n.<\/p>\n<p><strong>Acci\u00f3n de limpieza<\/strong>: Desplazamiento lateral del contacto m\u00f3vil sobre el contacto fijo mientras existe presi\u00f3n entre los dos contactos. Se produce durante el desplazamiento del \u00e9mbolo. Esta acci\u00f3n ayuda a limpiar los contactos de la contaminaci\u00f3n.<\/p>\n\n\t\t<\/div>\n\t<\/div>\n\n<div class=\"vc-zigzag-wrapper vc-zigzag-align-center\"><div class=\"vc-zigzag-inner\" style=\"width: 100%;min-height: 14px;background: 0 repeat-x url(&#039;data:image\/svg+xml;utf-8,%3C%3Fxml%20version%3D%221.0%22%20encoding%3D%22utf-8%22%3F%3E%3C%21DOCTYPE%20svg%20PUBLIC%20%22-%2F%2FW3C%2F%2FDTD%20SVG%201.1%2F%2FEN%22%20%22http%3A%2F%2Fwww.w3.org%2FGraphics%2FSVG%2F1.1%2FDTD%2Fsvg11.dtd%22%3E%3Csvg%20width%3D%2214px%22%20height%3D%2212px%22%20viewBox%3D%220%200%2018%2015%22%20version%3D%221.1%22%20xmlns%3D%22http%3A%2F%2Fwww.w3.org%2F2000%2Fsvg%22%20xmlns%3Axlink%3D%22http%3A%2F%2Fwww.w3.org%2F1999%2Fxlink%22%3E%3Cpolygon%20id%3D%22Combined-Shape%22%20fill%3D%22%23ebebeb%22%20points%3D%228.98762301%200%200%209.12771969%200%2014.519983%209%205.40479869%2018%2014.519983%2018%209.12771969%22%3E%3C%2Fpolygon%3E%3C%2Fsvg%3E&#039;);\"><\/div><\/div>\n\t<div class=\"wpb_text_column wpb_content_element\" >\n\t\t<div class=\"wpb_wrapper\">\n\t\t\t<p><iframe style=\"width: 100%; border: none;\" title=\"Formulario Wufoo integrado\" src=\"https:\/\/langir.wufoo.com\/embed\/zcdgace1ql3iv4\/\" height=\"766\" frameborder=\"0\" scrolling=\"no\" sandbox=\"allow-popups-to-escape-sandbox allow-top-navigation allow-scripts allow-popups allow-forms allow-same-origin\"> <a href=\"https:\/\/langir.wufoo.com\/forms\/zcdgace1ql3iv4\/\" target=\"_blank\" rel=\"noopener\">Rellene mi formulario Wufoo<\/a> <\/iframe><\/p>\n\n\t\t<\/div>\n\t<\/div>\n<\/div><\/div><\/div><\/div>\n<\/div>","protected":false},"excerpt":{"rendered":"Actuator:\u00a0The mechanical interface between the basic switch contacts and the means of operation, such as\u00a0the operator\u2019s finger. Actuation Force:\u00a0The required force to change a circuit\u2019s electrical state. Alternate (Latchin and Maintained) Action Switch:\u00a0A Pushbutton style switch where the change of the electrical state is maintained\u00a0between actuations. Ampere:\u00a0A unit of electrical current flow. Base (Housing):\u00a0A base [...]","protected":false},"author":1,"featured_media":7426,"parent":0,"menu_order":33,"comment_status":"closed","ping_status":"closed","template":"page-default.php","meta":{"_acf_changed":false,"_metasync_otto_title":"","_metasync_otto_description":"","_metasync_otto_keywords":"","_metasync_otto_og_title":"","_metasync_otto_og_description":"","_metasync_otto_twitter_title":"","_metasync_otto_twitter_description":"","rank_math_title":"%title% | Electric Switches - %sitename%","rank_math_description":"Glossary of Terms, Actuation Force: The required force to change a circuit\u2019s electrical state.","_yoast_wpseo_title":"","_yoast_wpseo_metadesc":"","_aioseo_title":"","_aioseo_description":"","_metasync_seo_title":"","_metasync_seo_desc":"","_metasync_breadcrumb_title":"","_metasync_primary_category":0,"_metasync_primary_product_cat":0,"_metasync_otto_disabled":"","_metasync_hreflang":"","footnotes":""},"class_list":["post-7444","page","type-page","status-publish","has-post-thumbnail","hentry","entry"],"acf":[],"post_mailing_queue_ids":[],"_links":{"self":[{"href":"https:\/\/www.langir.com\/es\/wp-json\/wp\/v2\/pages\/7444","targetHints":{"allow":["GET"]}}],"collection":[{"href":"https:\/\/www.langir.com\/es\/wp-json\/wp\/v2\/pages"}],"about":[{"href":"https:\/\/www.langir.com\/es\/wp-json\/wp\/v2\/types\/page"}],"author":[{"embeddable":true,"href":"https:\/\/www.langir.com\/es\/wp-json\/wp\/v2\/users\/1"}],"replies":[{"embeddable":true,"href":"https:\/\/www.langir.com\/es\/wp-json\/wp\/v2\/comments?post=7444"}],"version-history":[{"count":1,"href":"https:\/\/www.langir.com\/es\/wp-json\/wp\/v2\/pages\/7444\/revisions"}],"predecessor-version":[{"id":16170,"href":"https:\/\/www.langir.com\/es\/wp-json\/wp\/v2\/pages\/7444\/revisions\/16170"}],"wp:featuredmedia":[{"embeddable":true,"href":"https:\/\/www.langir.com\/es\/wp-json\/wp\/v2\/media\/7426"}],"wp:attachment":[{"href":"https:\/\/www.langir.com\/es\/wp-json\/wp\/v2\/media?parent=7444"}],"curies":[{"name":"wp","href":"https:\/\/api.w.org\/{rel}","templated":true}]}}