{"id":7449,"date":"2019-11-21T08:50:32","date_gmt":"2019-11-21T08:50:32","guid":{"rendered":"https:\/\/www.langir.com\/?page_id=7449"},"modified":"2020-08-31T07:22:55","modified_gmt":"2020-08-31T07:22:55","slug":"jobs-careers","status":"publish","type":"page","link":"https:\/\/www.langir.com\/es\/jobs-careers\/","title":{"rendered":"Empleo"},"content":{"rendered":"<div class=\"wpb-content-wrapper\"><div class=\"vc_row wpb_row vc_row-fluid\"><div class=\"wpb_column vc_column_container vc_col-sm-12\"><div class=\"vc_column-inner\"><div class=\"wpb_wrapper\">\n\t<div class=\"wpb_text_column wpb_content_element vc_custom_1428396705815\" >\n\t\t<div class=\"wpb_wrapper\">\n\t\t\t<p>En LANGIR estamos convencidos de que las personas son la clave de nuestro \u00e9xito.<\/p>\n\n\t\t<\/div>\n\t<\/div>\n\n\t<div class=\"wpb_text_column wpb_content_element\" >\n\t\t<div class=\"wpb_wrapper\">\n\t\t\t<p>En LANGIR encontrar\u00e1 un entorno de trabajo siempre cambiante y gratificante. Te ofrecemos oportunidades profesionales en todo el mundo para que te pongas a prueba y adquieras nuevas competencias.<\/p>\n\n\t\t<\/div>\n\t<\/div>\n\n\t<div class=\"wpb_text_column wpb_content_element\" >\n\t\t<div class=\"wpb_wrapper\">\n\t\t\t<p>Buscamos continuamente talentos que sean flexibles en su forma de pensar y actuar; futuros colegas que disfruten con la innovaci\u00f3n y est\u00e9n motivados para unirse a un entorno de trabajo din\u00e1mico que valora el trabajo en equipo, el esp\u00edritu emprendedor y la amplitud de miras.<\/p>\n\n\t\t<\/div>\n\t<\/div>\n<\/div><\/div><\/div><\/div><div class=\"vc_row wpb_row vc_row-fluid\"><div class=\"wpb_column vc_column_container vc_col-sm-12\"><div class=\"vc_column-inner\"><div class=\"wpb_wrapper\">\n\t<div class=\"wpb_text_column wpb_content_element\" >\n\t\t<div class=\"wpb_wrapper\">\n\t\t\t<p><strong>Puestos vacantes<\/strong><\/p>\n\n\t\t<\/div>\n\t<\/div>\n<\/div><\/div><\/div><\/div><div class=\"vc_row wpb_row vc_row-fluid jobscareers\"><div class=\"wpb_column vc_column_container vc_col-sm-4\"><div class=\"vc_column-inner\"><div class=\"wpb_wrapper\">\n\t<div class=\"wpb_raw_code wpb_raw_html wpb_content_element\" >\n\t\t<div class=\"wpb_wrapper\">\n\t\t\t<h4><span style=\"color: #ff0000;\">Titulados<\/span><\/h4>\n<p>Wenzhou, China<br>\n13 Abr.2015<\/p>\n\t\t<\/div>\n\t<\/div>\n<\/div><\/div><\/div><div class=\"wpb_column vc_column_container vc_col-sm-8\"><div class=\"vc_column-inner\"><div class=\"wpb_wrapper\">\n\t<div class=\"wpb_text_column wpb_content_element\" >\n\t\t<div class=\"wpb_wrapper\">\n\t\t\t<p>Estudiantes graduados en gesti\u00f3n, comercio internacional o automatizaci\u00f3n.<\/p>\n<ul>\n<li>entusiasta del comercio internacional, la industria mec\u00e1nica y las ventas en l\u00ednea.<\/li>\n<li>Sensible al mercado, leal a la marca.<\/li>\n<li>trabajar duro.<\/li>\n<li>modesto y dispuesto a aprender cosas nuevas.<\/li>\n<li>s\u00f3lidos conocimientos profesionales, gran capacidad de autodisciplina<\/li>\n<\/ul>\n\n\t\t<\/div>\n\t<\/div>\n<\/div><\/div><\/div><\/div><div class=\"vc_row wpb_row vc_row-fluid jobscareers\"><div class=\"wpb_column vc_column_container vc_col-sm-4\"><div class=\"vc_column-inner\"><div class=\"wpb_wrapper\">\n\t<div class=\"wpb_raw_code wpb_raw_html wpb_content_element\" >\n\t\t<div class=\"wpb_wrapper\">\n\t\t\t<h4><span style=\"color: #ff0000;\">Responsable de control de calidad<\/span><\/h4>\n<p>Wenzhou, China<br>\n15 Abr.2015<\/p>\n\t\t<\/div>\n\t<\/div>\n<\/div><\/div><\/div><div class=\"wpb_column vc_column_container vc_col-sm-8\"><div class=\"vc_column-inner\"><div class=\"wpb_wrapper\">\n\t<div class=\"wpb_text_column wpb_content_element\" >\n\t\t<div class=\"wpb_wrapper\">\n\t\t\t<p>Descripci\u00f3n:<\/p>\n<ul>\n<li>Aplicar el \u00edndice de calidad, redactar normas y reglamentos de control de calidad, establecer un sistema de gesti\u00f3n de la calidad.<\/li>\n<li>Editar, examinar y completar varias instrucciones de funcionamiento<\/li>\n<li>Pruebas de muestras, pedidos y productos no cualificados<\/li>\n<li>Ayuda para elegir proveedores cualificados<\/li>\n<li>Realizar an\u00e1lisis de las condiciones de control de calidad, tomar medidas para corregir y prevenir cualquier error en la calidad.<\/li>\n<li>Organizar reuniones peri\u00f3dicas, informar al Director General sobre el estado del control de calidad y ofrecer asesoramiento profesional.<\/li>\n<\/ul>\n\n\t\t<\/div>\n\t<\/div>\n<\/div><\/div><\/div><\/div><div class=\"vc_row wpb_row vc_row-fluid jobscareers\"><div class=\"wpb_column vc_column_container vc_col-sm-4\"><div class=\"vc_column-inner\"><div class=\"wpb_wrapper\">\n\t<div class=\"wpb_raw_code wpb_raw_html wpb_content_element\" >\n\t\t<div class=\"wpb_wrapper\">\n\t\t\t<h4><span style=\"color: #ff0000;\">Ventas internacionales<\/span><\/h4>\n<p>Wenzhou, China<br>\n15 Abr.2015<\/p>\n\t\t<\/div>\n\t<\/div>\n<\/div><\/div><\/div><div class=\"wpb_column vc_column_container vc_col-sm-8\"><div class=\"vc_column-inner\"><div class=\"wpb_wrapper\">\n\t<div class=\"wpb_text_column wpb_content_element\" >\n\t\t<div class=\"wpb_wrapper\">\n\t\t\t<p>Cualificaciones:<\/p>\n<ul>\n<li>Licenciados en Marketing, Comercio Internacional o Ingl\u00e9s.<\/li>\n<li>Al menos 2 a\u00f1os de experiencia laboral en los campos de hardware, mec\u00e1nica o equipos el\u00e9ctricos.<\/li>\n<li>Conocimientos de marketing, promoci\u00f3n de productos, comercio exterior e inform\u00e1tica.<\/li>\n<li>Familiarizado con la exploraci\u00f3n de mercados de ultramar y el proceso de comercio exterior<\/li>\n<li>Conocimiento profundo del mercado y capacidad de planificaci\u00f3n de ventas<\/li>\n<li>Impresionante capacidad para escribir, hablar y comprender en ingl\u00e9s y chino.<\/li>\n<\/ul>\n\n\t\t<\/div>\n\t<\/div>\n<\/div><\/div><\/div><\/div><div class=\"vc_row wpb_row vc_row-fluid\"><div class=\"wpb_column vc_column_container vc_col-sm-4\"><div class=\"vc_column-inner\"><div class=\"wpb_wrapper\">\n\t<div class=\"wpb_raw_code wpb_raw_js\" >\n\t\t<div class=\"wpb_wrapper\">\n\t\t\t<h4><span style=\"color: #ff0000;\">Director de exportaci\u00f3n<\/span><\/h4>\n<p>Wenzhou, China<br>\n15 Abr.2015<\/p>\n\t\t<\/div>\n\t<\/div>\n\n\t<div class=\"wpb_text_column wpb_content_element\" >\n\t\t<div class=\"wpb_wrapper\">\n\t\t\t\n\t\t<\/div>\n\t<\/div>\n<\/div><\/div><\/div><div class=\"wpb_column vc_column_container vc_col-sm-8\"><div class=\"vc_column-inner\"><div class=\"wpb_wrapper\">\n\t<div class=\"wpb_text_column wpb_content_element\" >\n\t\t<div class=\"wpb_wrapper\">\n\t\t\t<p>Buscamos Gestores de Exportaci\u00f3n con m\u00e1s de 2 a\u00f1os de experiencia laboral en los sectores de ferreter\u00eda, mec\u00e1nica y electricidad. Este puesto te ofrecer\u00eda muchas posibilidades de promoci\u00f3n.<br \/>\n<strong>Atributos clave:<\/strong><\/p>\n<ul>\n<li>Experiencia laboral: 1-3 a\u00f1os<\/li>\n<li>Formaci\u00f3n : Licenciatura<\/li>\n<li>Experiencia directiva : NO Requisitos<\/li>\n<li>Estatus: Tiempo completo<\/li>\n<\/ul>\n\n\t\t<\/div>\n\t<\/div>\n<\/div><\/div><\/div><\/div>\n<\/div>","protected":false},"excerpt":{"rendered":"At LANGIR we are convinced that people are the key to our success. At LANGIR you will find an ever-changing and rewarding work environment. We give you career opportunities around the world to challenge yourself and to learn new skills. We are continuously looking for talents that are flexible in the way they think and [...]","protected":false},"author":1,"featured_media":7439,"parent":0,"menu_order":32,"comment_status":"closed","ping_status":"closed","template":"page-default.php","meta":{"_acf_changed":false,"_metasync_otto_title":"","_metasync_otto_description":"","rank_math_title":"%title% | Electric Switches - %sitename%","rank_math_description":"At LANGIR you will find an rewarding work environment. We give you career opportunities around the world to challenge yourself.","_yoast_wpseo_title":"","_yoast_wpseo_metadesc":"","footnotes":""},"class_list":["post-7449","page","type-page","status-publish","has-post-thumbnail","hentry","entry"],"acf":[],"post_mailing_queue_ids":[],"_links":{"self":[{"href":"https:\/\/www.langir.com\/es\/wp-json\/wp\/v2\/pages\/7449","targetHints":{"allow":["GET"]}}],"collection":[{"href":"https:\/\/www.langir.com\/es\/wp-json\/wp\/v2\/pages"}],"about":[{"href":"https:\/\/www.langir.com\/es\/wp-json\/wp\/v2\/types\/page"}],"author":[{"embeddable":true,"href":"https:\/\/www.langir.com\/es\/wp-json\/wp\/v2\/users\/1"}],"replies":[{"embeddable":true,"href":"https:\/\/www.langir.com\/es\/wp-json\/wp\/v2\/comments?post=7449"}],"version-history":[{"count":0,"href":"https:\/\/www.langir.com\/es\/wp-json\/wp\/v2\/pages\/7449\/revisions"}],"wp:featuredmedia":[{"embeddable":true,"href":"https:\/\/www.langir.com\/es\/wp-json\/wp\/v2\/media\/7439"}],"wp:attachment":[{"href":"https:\/\/www.langir.com\/es\/wp-json\/wp\/v2\/media?parent=7449"}],"curies":[{"name":"wp","href":"https:\/\/api.w.org\/{rel}","templated":true}]}}