{"id":7463,"date":"2019-11-21T08:58:30","date_gmt":"2019-11-21T08:58:30","guid":{"rendered":"https:\/\/www.langir.com\/?page_id=7463"},"modified":"2026-03-30T08:51:20","modified_gmt":"2026-03-30T08:51:20","slug":"privacy-policy","status":"publish","type":"page","link":"https:\/\/www.langir.com\/es\/privacy-policy\/","title":{"rendered":"Pol\u00edtica de privacidad"},"content":{"rendered":"<div class=\"wpb-content-wrapper\"><div class=\"vc_row wpb_row vc_row-fluid\"><div class=\"wpb_column vc_column_container vc_col-sm-12\"><div class=\"vc_column-inner\"><div class=\"wpb_wrapper\">\n\t<div class=\"wpb_text_column wpb_content_element vc_custom_1426432726294\" >\n\t\t<div class=\"wpb_wrapper\">\n\t\t\t<h3 style=\"text-align: center;\">CONDICIONES DE USO<\/h3>\n\n\t\t<\/div>\n\t<\/div>\n\n\t<div class=\"wpb_text_column wpb_content_element\" >\n\t\t<div class=\"wpb_wrapper\">\n\t\t\t<p><strong style=\"color: #000;\">Aviso de derechos de autor<\/strong><\/p>\n<div id=\"xunlei_com_thunder_helper_plugin_d462f475-c18e-46be-bd10-327458d045bd\"><\/div>\n\n\t\t<\/div>\n\t<\/div>\n\n\t<div class=\"wpb_text_column wpb_content_element vc_custom_1774860608072\" >\n\t\t<div class=\"wpb_wrapper\">\n\t\t\t<p>El contenido del sitio web es copyright \u00a9 2015 LANGIR (o sus filiales cuando as\u00ed se indique y\/o sus licenciantes), 2F, No.10 Longhe East Road, Liushi, Wenzhou, Zhejiang, China 325604 Todos los derechos reservados.<\/p>\n\n\t\t<\/div>\n\t<\/div>\n\n\t<div class=\"wpb_text_column wpb_content_element vc_custom_1426429652776\" >\n\t\t<div class=\"wpb_wrapper\">\n\t\t\t<p>La informaci\u00f3n contenida en el sitio web, incluidos, entre otros, textos, im\u00e1genes y sonidos, no podr\u00e1, salvo con fines estrictamente privados o cuando se indique lo contrario, reproducirse, transferirse, distribuirse o almacenarse sin la autorizaci\u00f3n previa por escrito de LANGIR. Queda expresamente prohibida la modificaci\u00f3n de los contenidos del sitio web. Algunas partes del sitio web contienen im\u00e1genes que est\u00e1n sujetas a los derechos de autor de sus proveedores.<\/p>\n\n\t\t<\/div>\n\t<\/div>\n\n\t<div class=\"wpb_text_column wpb_content_element vc_custom_1426478451014\" >\n\t\t<div class=\"wpb_wrapper\">\n\t\t\t<p><strong style=\"color: #000;\">Marcas<\/strong> <\/p>\n\n\t\t<\/div>\n\t<\/div>\n\n\t<div class=\"wpb_text_column wpb_content_element\" >\n\t\t<div class=\"wpb_wrapper\">\n\t\t\t<p>A menos que se indique lo contrario en el sitio web, las marcas, logotipos corporativos y emblemas mostrados est\u00e1n sujetos a los derechos de marca registrada de LANGIR (o sus filiales).<\/p>\n\n\t\t<\/div>\n\t<\/div>\n\n\t<div class=\"wpb_text_column wpb_content_element\" >\n\t\t<div class=\"wpb_wrapper\">\n\t\t\t<p><strong style=\"color: #000;\">NINGUNA GARANT\u00cdA O REPRESENTACI\u00d3N<\/strong> <\/p>\n\n\t\t<\/div>\n\t<\/div>\n\n\t<div class=\"wpb_text_column wpb_content_element\" >\n\t\t<div class=\"wpb_wrapper\">\n\t\t\t<p>LA INFORMACI\u00d3N DE ESTE SITIO WEB SE PROPORCIONA \"TAL CUAL\". EN NING\u00daN CASO LANGIR ELECTRIC SER\u00c1 RESPONSABLE ANTE NINGUNA PARTE DE NING\u00daN DA\u00d1O DIRECTO, INDIRECTO, ESPECIAL O CONSECUENTE POR EL USO DE ESTE SITIO WEB O DE CUALQUIER OTRO SITIO WEB CON HIPERV\u00cdNCULOS, INCLUYENDO, SIN LIMITACI\u00d3N, CUALQUIER P\u00c9RDIDA DE BENEFICIOS, INTERRUPCI\u00d3N DE NEGOCIO, P\u00c9RDIDA DE PROGRAMAS U OTROS DATOS EN SU SISTEMA DE TRATAMIENTO DE LA INFORMACI\u00d3N O DE OTRO TIPO, INCLUSO SI SE NOS ADVIERTE EXPRESAMENTE DE LA POSIBILIDAD DE TALES DA\u00d1OS.<\/p>\n\n\t\t<\/div>\n\t<\/div>\n\n\t<div class=\"wpb_text_column wpb_content_element\" >\n\t\t<div class=\"wpb_wrapper\">\n\t\t\t<p>El LANGIR no garantiza ni hace declaraci\u00f3n alguna sobre cualquier otro sitio web al que pueda acceder a trav\u00e9s de este sitio. Dichas garant\u00edas y\/o declaraciones se proporcionan \u00fanicamente para su comodidad y no significan que el LANGIR apruebe o acepte responsabilidad alguna por el contenido o el uso de dicho sitio web. Adem\u00e1s, le corresponde a usted tomar precauciones y asegurarse de que todo lo que seleccione para su uso est\u00e9 libre de elementos tales como virus, gusanos, troyanos y otros elementos de naturaleza destructiva. La informaci\u00f3n contenida en este sitio web puede contener imprecisiones t\u00e9cnicas o errores tipogr\u00e1ficos. La informaci\u00f3n contenida en este sitio web puede modificarse en cualquier momento sin previo aviso ni obligaci\u00f3n alguna. La informaci\u00f3n publicada en este sitio web puede contener referencias o referencias cruzadas a productos, servicios, etc. de LANGIR que no est\u00e9n anunciados o disponibles en su pa\u00eds. No se puede garantizar la exactitud de dicha informaci\u00f3n, especialmente porque esta informaci\u00f3n est\u00e1 sujeta a cambios, requisitos espec\u00edficos o disponibilidad y dichas referencias no implican que LANGIR tenga la intenci\u00f3n de anunciar dichos productos, servicios, etc. en su pa\u00eds. P\u00f3ngase en contacto con su distribuidor local para obtener informaci\u00f3n completa sobre los productos, servicios, etc. que pueden estar a su disposici\u00f3n y para realizar pedidos.<\/p>\n\n\t\t<\/div>\n\t<\/div>\n\n\t<div class=\"wpb_text_column wpb_content_element\" >\n\t\t<div class=\"wpb_wrapper\">\n\t\t\t<p><strong style=\"color: #000;\">Comentarios, preguntas o sugerencias<\/strong> <\/p>\n\n\t\t<\/div>\n\t<\/div>\n\n\t<div class=\"wpb_text_column wpb_content_element\" >\n\t\t<div class=\"wpb_wrapper\">\n\t\t\t<p>Tenga en cuenta que cualquier informaci\u00f3n, sugerencia no solicitada, idea u otro env\u00edo se considerar\u00e1 no confidencial y sin derechos de propiedad. Al enviar cualquier informaci\u00f3n o material, usted otorga a LANGIR y \/ o sus filiales una licencia irrestricta e irrevocable para usar, reproducir, mostrar, ejecutar, modificar, transmitir y distribuir esos materiales o informaci\u00f3n, y tambi\u00e9n acepta que LANGIR y \/ o sus filiales son libres de utilizar cualquier idea, concepto, know-how o t\u00e9cnicas que usted nos env\u00ede para cualquier prop\u00f3sito.<\/p>\n\n\t\t<\/div>\n\t<\/div>\n\n\t<div class=\"wpb_text_column wpb_content_element\" >\n\t\t<div class=\"wpb_wrapper\">\n\t\t\t<p><strong style=\"color: #000;\">Ficheros espec\u00edficos disponibles en el sitio web<\/strong> <\/p>\n\n\t\t<\/div>\n\t<\/div>\n\n\t<div class=\"wpb_text_column wpb_content_element\" >\n\t\t<div class=\"wpb_wrapper\">\n\t\t\t<p>Cualquier archivo que pueda estar disponible para su descarga desde este sitio web es obra protegida por derechos de autor de LANGIR (o cualquiera de sus filiales) y\/o sus proveedores. Salvo que se desprenda lo contrario del Contrato de Licencia, los archivos se ponen a disposici\u00f3n para su descarga \u00fanicamente para uso de los usuarios finales. Cualquier reproducci\u00f3n o redistribuci\u00f3n de archivos que no est\u00e9 de acuerdo con el Contrato de Licencia puede dar lugar a sanciones civiles y penales.<\/p>\n\n\t\t<\/div>\n\t<\/div>\n\n\t<div class=\"wpb_text_column wpb_content_element\" >\n\t\t<div class=\"wpb_wrapper\">\n\t\t\t<p>SIN PERJUICIO DE LO ANTERIOR, QUEDA EXPRESAMENTE PROHIBIDA LA COPIA O REPRODUCCI\u00d3N DE ESTOS ARCHIVOS EN CUALQUIER OTRO SERVIDOR O UBICACI\u00d3N PARA SU POSTERIOR REPRODUCCI\u00d3N O REDISTRIBUCI\u00d3N. EL SOFTWARE S\u00d3LO EST\u00c1 GARANTIZADO, EN SU CASO, DE ACUERDO CON LOS T\u00c9RMINOS DEL CONTRATO DE LICENCIA. POR LA PRESENTE, LANGIR RENUNCIA A TODAS LAS GARANT\u00cdAS Y CONDICIONES CON RESPECTO A LOS ARCHIVOS, INCLUIDAS TODAS LAS GARANT\u00cdAS Y CONDICIONES IMPL\u00cdCITAS DE COMERCIABILIDAD, IDONEIDAD PARA UN FIN DETERMINADO, TITULARIDAD Y NO INFRACCI\u00d3N.<\/p>\n\n\t\t<\/div>\n\t<\/div>\n\n\t<div class=\"wpb_text_column wpb_content_element\" >\n\t\t<div class=\"wpb_wrapper\">\n\t\t\t<p><strong style=\"color: #000;\">Jurisdicci\u00f3n y leyes aplicables<\/strong> <\/p>\n\n\t\t<\/div>\n\t<\/div>\n\n\t<div class=\"wpb_text_column wpb_content_element\" >\n\t\t<div class=\"wpb_wrapper\">\n\t\t\t<p>Usted acepta que este acuerdo y su uso de este sitio se rigen por las leyes de la Rep\u00fablica Popular China. Por la presente, usted acepta la jurisdicci\u00f3n y competencia exclusivas de los tribunales, juzgados, agencias y otras organizaciones de resoluci\u00f3n de disputas de la Rep\u00fablica Popular China en todas las disputas que surjan de, est\u00e9n relacionadas con, o de cualquier manera concernientes a este sitio y\/o este acuerdo.<\/p>\n\n\t\t<\/div>\n\t<\/div>\n\n\t<div class=\"wpb_text_column wpb_content_element\" >\n\t\t<div class=\"wpb_wrapper\">\n\t\t\t<p><strong style=\"color: #000;\">Varios<\/strong> <\/p>\n\n\t\t<\/div>\n\t<\/div>\n\n\t<div class=\"wpb_text_column wpb_content_element\" >\n\t\t<div class=\"wpb_wrapper\">\n\t\t\t<p>Usted acepta que LANGIR puede en cualquier momento y sin previo aviso cambiar los t\u00e9rminos, condiciones y avisos bajo los cuales se ofrece este sitio. LANGIR se reserva el derecho, a su entera discreci\u00f3n, de denegar el acceso al sitio o a cualquier parte del mismo a cualquier persona o usuario sin previo aviso. Usted acepta que no existe ninguna relaci\u00f3n de empresa conjunta, asociaci\u00f3n, empleo o agencia entre usted y LANGIR como resultado de este acuerdo o su uso de este sitio. El cumplimiento de este acuerdo por parte de LANGIR est\u00e1 sujeto a las leyes vigentes y al proceso legal, y nada contenido en este acuerdo constituye una derogaci\u00f3n al derecho de LANGIR a cumplir con los requisitos o solicitudes de cumplimiento de la ley relacionados con el uso que usted haga de este sitio o con la informaci\u00f3n suministrada a LANGIR o recopilada por LANGIR con respecto a dicho uso.<\/p>\n\n\t\t<\/div>\n\t<\/div>\n\n\t<div class=\"wpb_text_column wpb_content_element\" >\n\t\t<div class=\"wpb_wrapper\">\n\t\t\t<p>Este acuerdo y la Pol\u00edtica de Privacidad de LANGIR constituyen el acuerdo completo entre usted y LANGIR con respecto a este sitio. Este acuerdo y la Pol\u00edtica de Privacidad de LANGIR reemplazan todas las comunicaciones y propuestas anteriores o contempor\u00e1neas, ya sean electr\u00f3nicas, orales o escritas, entre usted y LANGIR con respecto a este sitio. Ninguna modificaci\u00f3n de este acuerdo ser\u00e1 efectiva a menos que sea autorizada por LANGIR o sus afiliados, o a menos que est\u00e9 firmada f\u00edsicamente por un funcionario de LANGIR. Cualquier supuesta renuncia a cualquier incumplimiento de este acuerdo no se considerar\u00e1 una renuncia a cualquier incumplimiento futuro.<\/p>\n\n\t\t<\/div>\n\t<\/div>\n\n\t<div class=\"wpb_text_column wpb_content_element\" >\n\t\t<div class=\"wpb_wrapper\">\n\t\t\t<p><strong style=\"color: #000;\">P\u00f3ngase en contacto con<\/strong> <\/p>\n\n\t\t<\/div>\n\t<\/div>\n\n\t<div class=\"wpb_text_column wpb_content_element\" >\n\t\t<div class=\"wpb_wrapper\">\n\t\t\t<p>Si tiene alguna pregunta sobre las secciones anteriores, no dude en ponerse en contacto con LANGIR - 2F, No.10 Longhe East Road, Liushi, Wenzhou, Zhejiang, China 325604<\/p>\n\n\t\t<\/div>\n\t<\/div>\n\n\t<div class=\"wpb_text_column wpb_content_element\" >\n\t\t<div class=\"wpb_wrapper\">\n\t\t\t<p><strong style=\"color: #000;\">POL\u00cdTICA DE PRIVACIDAD<\/strong> <\/p>\n\n\t\t<\/div>\n\t<\/div>\n\n\t<div class=\"wpb_text_column wpb_content_element\" >\n\t\t<div class=\"wpb_wrapper\">\n\t\t\t<p>Cuando visita el sitio web de LANGIR para consultar la informaci\u00f3n que contiene, lo hace de forma an\u00f3nima, a menos que decida proporcionarnos informaci\u00f3n sobre usted.<\/p>\n\n\t\t<\/div>\n\t<\/div>\n\n\t<div class=\"wpb_text_column wpb_content_element\" >\n\t\t<div class=\"wpb_wrapper\">\n\t\t\t<p>Su privacidad es importante para nosotros. Toda la informaci\u00f3n que decida proporcionarnos nos permite enviarle informaci\u00f3n sobre los productos y servicios en los que registre inter\u00e9s. La informaci\u00f3n puede ser facilitada a otras empresas de LANGIR con este fin. Al facilitarnos sus datos, consiente en que los procesemos para los fines anteriormente indicados. No la transmitiremos a ning\u00fan tercero ajeno a la LANGIR. Este aviso legal y de privacidad es general para los sitios web del LANGIR. No obstante, puede existir informaci\u00f3n adicional sobre privacidad en los sitios web espec\u00edficos de las distintas empresas del LANGIR que prestan funciones especiales.<\/p>\n\n\t\t<\/div>\n\t<\/div>\n\n\t<div class=\"wpb_text_column wpb_content_element\" >\n\t\t<div class=\"wpb_wrapper\">\n\t\t\t<p><strong style=\"color: #000;\">Datos personales<\/strong> <\/p>\n\n\t\t<\/div>\n\t<\/div>\n\n\t<div class=\"wpb_text_column wpb_content_element\" >\n\t\t<div class=\"wpb_wrapper\">\n\t\t\t<p>En el LANGIR pretendemos darle el mayor control posible sobre su informaci\u00f3n personal. Para nosotros es importante que se sienta c\u00f3modo visitando nuestros sitios web. Sin embargo, hay ocasiones en las que podemos necesitar informaci\u00f3n personal suya. Cualquier informaci\u00f3n personal que nos facilite (incluida, entre otras, su direcci\u00f3n de correo electr\u00f3nico) se utilizar\u00e1 para los fines que se indican a continuaci\u00f3n: Si nos da informaci\u00f3n personal para recibir informaci\u00f3n nuestra (por ejemplo, folletos, cat\u00e1logos), recogemos y almacenamos esa informaci\u00f3n Esta informaci\u00f3n nos permite satisfacer su solicitud de informaci\u00f3n. Si revisa o descarga informaci\u00f3n, hacemos un seguimiento de la visita. Esto es \u00fatil para proporcionarle informaci\u00f3n personalizada y para proporcionarnos informaci\u00f3n sobre qu\u00e9 partes del sitio son frecuentadas, mediante el uso de cookies, v\u00e9ase m\u00e1s adelante. S\u00f3lo utilizamos la informaci\u00f3n recopilada o almacenada sobre usted dentro de LANGIR. El sitio web puede contener enlaces a sitios web ajenos a LANGIR. LANGIR no es responsable de las pr\u00e1cticas de privacidad de dichos sitios web. Puede ponerse en contacto con las empresas del LANGIR si tiene alguna pregunta sobre c\u00f3mo procesamos los datos personales relacionados con usted (por ejemplo, nombre, direcci\u00f3n de correo electr\u00f3nico). Al final de esta p\u00e1gina encontrar\u00e1 los datos de contacto de las empresas de la LANGIR. Si alg\u00fan dato fuera incorrecto, tiene derecho a que se rectifique. Tambi\u00e9n tiene derecho (previa solicitud por escrito y firmada personalmente, una vez al a\u00f1o y sin coste alguno) a que le informemos sobre qu\u00e9 datos personales suyos tratamos y por qu\u00e9.<\/p>\n\n\t\t<\/div>\n\t<\/div>\n\n\t<div class=\"wpb_text_column wpb_content_element\" >\n\t\t<div class=\"wpb_wrapper\">\n\t\t\t<p><strong style=\"color: #000;\">Cookies<\/strong> <\/p>\n\n\t\t<\/div>\n\t<\/div>\n\n\t<div class=\"wpb_text_column wpb_content_element\" >\n\t\t<div class=\"wpb_wrapper\">\n\t\t\t<p>En el sitio web de LANGIR se utilizan cookies. Una cookie es un peque\u00f1o archivo de texto que contiene informaci\u00f3n que se almacena en su ordenador. Nuestro prop\u00f3sito al utilizar cookies es mejorar el uso del sitio para usted como visitante.<\/p>\n\n\t\t<\/div>\n\t<\/div>\n\n\t<div class=\"wpb_text_column wpb_content_element\" >\n\t\t<div class=\"wpb_wrapper\">\n\t\t\t<p>En el sitio web de LANGIR se utilizan tres tipos de cookies, a saber<\/p>\n<ol>\n<li>El primer tipo guarda un archivo permanentemente en su ordenador, y se utiliza para actualizar el sitio web con la nueva informaci\u00f3n introducida en \u00e9l desde su \u00faltima visita. La informaci\u00f3n del sitio web que no ha cambiado desde su \u00faltima visita se carga localmente desde su ordenador con el fin de abrir el sitio web m\u00e1s r\u00e1pidamente.<\/li>\n<li>El segundo tipo, denominado cookie de sesi\u00f3n, se utiliza mientras usted navega por un sitio web. Supone una transferencia temporal de informaci\u00f3n entre su ordenador y el sitio web. Las cookies de sesi\u00f3n no se guardan permanentemente en su ordenador y desaparecen cuando cierra el navegador de su ordenador.<\/li>\n<li>El tercer tipo se utiliza con fines estad\u00edsticos, es decir, para obtener informaci\u00f3n sobre el n\u00famero de visitantes que tenemos en diferentes partes de nuestro sitio web.<\/li>\n<\/ol>\n\n\t\t<\/div>\n\t<\/div>\n\n\t<div class=\"wpb_text_column wpb_content_element\" >\n\t\t<div class=\"wpb_wrapper\">\n\t\t\t<p>A menos que se especifique lo contrario, LANGIR nunca utiliza cookies con el objetivo de recopilar informaci\u00f3n personal como su nombre, direcci\u00f3n de correo electr\u00f3nico, etc. Por lo tanto, cualquier informaci\u00f3n recopilada a trav\u00e9s de nuestro uso de cookies se compila de forma an\u00f3nima.<\/p>\n\n\t\t<\/div>\n\t<\/div>\n\n\t<div class=\"wpb_text_column wpb_content_element\" >\n\t\t<div class=\"wpb_wrapper\">\n\t\t\t<p>Si no acepta el uso de cookies por parte de LANGIR en nuestro sitio web, puede configurar su navegador para que rechace las cookies modificando la configuraci\u00f3n o las preferencias del navegador. No obstante, debido a la tecnolog\u00eda que utilizamos en nuestro sitio web, este no funcionar\u00e1 correctamente sin el uso de cookies.<\/p>\n\n\t\t<\/div>\n\t<\/div>\n\n\t<div class=\"wpb_text_column wpb_content_element\" >\n\t\t<div class=\"wpb_wrapper\">\n\t\t\t<p>Este sitio web utiliza Google Analytics, un servicio de an\u00e1lisis de Internet prestado por Google Inc. (\"Google\"). Google Analytics utiliza cookies, que son archivos de texto ubicados en su ordenador, para ayudar al sitio de Internet a analizar el uso del sitio por parte de sus usuarios. Los datos generados por las cookies relativos a su uso del sitio (incluida su direcci\u00f3n IP) ser\u00e1n transmitidos y almacenados por Google en servidores situados en Estados Unidos. Google usar\u00e1 esta informaci\u00f3n con el prop\u00f3sito de estimar su uso del sitio, recopilando informes de la actividad del sitio a su editor y prestando otros servicios relacionados con la actividad del sitio y el uso de Internet. Google podr\u00e1 comunicar estos datos a terceros en caso de obligaci\u00f3n.<\/p>\n\n\t\t<\/div>\n\t<\/div>\n\n\t<div class=\"wpb_text_column wpb_content_element\" >\n\t\t<div class=\"wpb_wrapper\">\n\t\t\t<p><strong style=\"color: #000;\">P\u00f3ngase en contacto con<\/strong> <\/p>\n\n\t\t<\/div>\n\t<\/div>\n\n\t<div class=\"wpb_text_column wpb_content_element\" >\n\t\t<div class=\"wpb_wrapper\">\n\t\t\t<p>Si tiene alguna pregunta sobre las secciones anteriores, no dude en ponerse en contacto con LANGIR - 2F, No.10 Longhe East Road, Liushi, Wenzhou, Zhejiang, China 325604 - langir@langir.com<\/p>\n\n\t\t<\/div>\n\t<\/div>\n\n<div class=\"vc-zigzag-wrapper vc-zigzag-align-center\"><div class=\"vc-zigzag-inner\" style=\"width: 100%;min-height: 14px;background: 0 repeat-x url(&#039;data:image\/svg+xml;utf-8,%3C%3Fxml%20version%3D%221.0%22%20encoding%3D%22utf-8%22%3F%3E%3C%21DOCTYPE%20svg%20PUBLIC%20%22-%2F%2FW3C%2F%2FDTD%20SVG%201.1%2F%2FEN%22%20%22http%3A%2F%2Fwww.w3.org%2FGraphics%2FSVG%2F1.1%2FDTD%2Fsvg11.dtd%22%3E%3Csvg%20width%3D%2214px%22%20height%3D%2212px%22%20viewBox%3D%220%200%2018%2015%22%20version%3D%221.1%22%20xmlns%3D%22http%3A%2F%2Fwww.w3.org%2F2000%2Fsvg%22%20xmlns%3Axlink%3D%22http%3A%2F%2Fwww.w3.org%2F1999%2Fxlink%22%3E%3Cpolygon%20id%3D%22Combined-Shape%22%20fill%3D%22%23ebebeb%22%20points%3D%228.98762301%200%200%209.12771969%200%2014.519983%209%205.40479869%2018%2014.519983%2018%209.12771969%22%3E%3C%2Fpolygon%3E%3C%2Fsvg%3E&#039;);\"><\/div><\/div>\n\t<div class=\"wpb_text_column wpb_content_element\" >\n\t\t<div class=\"wpb_wrapper\">\n\t\t\t<p><iframe style=\"width: 100%; border: none;\" title=\"Formulario Wufoo integrado\" src=\"https:\/\/langir.wufoo.com\/embed\/zcdgace1ql3iv4\/\" height=\"766\" frameborder=\"0\" scrolling=\"no\" sandbox=\"allow-popups-to-escape-sandbox allow-top-navigation allow-scripts allow-popups allow-forms allow-same-origin\"> <a href=\"https:\/\/langir.wufoo.com\/forms\/zcdgace1ql3iv4\/\" target=\"_blank\" rel=\"noopener\">Rellene mi formulario Wufoo<\/a> <\/iframe><\/p>\n\n\t\t<\/div>\n\t<\/div>\n<\/div><\/div><\/div><\/div>\n<\/div>","protected":false},"excerpt":{"rendered":"TERMS OF USE Copyright Notice The contents of the web site are copyright \u00a9 2015 LANGIR (or its subsidiaries where so indicated and\/or its licensors), 2F, No.10 Longhe East Road, Liushi, Wenzhou, Zhejiang, China 325604 All Rights Reserved. Information on the web site, including but not limited to, text, images and sound, may not, except [...]","protected":false},"author":1,"featured_media":7464,"parent":0,"menu_order":26,"comment_status":"closed","ping_status":"closed","template":"page-default.php","meta":{"_acf_changed":false,"footnotes":""},"class_list":["post-7463","page","type-page","status-publish","has-post-thumbnail","hentry","entry"],"acf":[],"post_mailing_queue_ids":[],"_links":{"self":[{"href":"https:\/\/www.langir.com\/es\/wp-json\/wp\/v2\/pages\/7463","targetHints":{"allow":["GET"]}}],"collection":[{"href":"https:\/\/www.langir.com\/es\/wp-json\/wp\/v2\/pages"}],"about":[{"href":"https:\/\/www.langir.com\/es\/wp-json\/wp\/v2\/types\/page"}],"author":[{"embeddable":true,"href":"https:\/\/www.langir.com\/es\/wp-json\/wp\/v2\/users\/1"}],"replies":[{"embeddable":true,"href":"https:\/\/www.langir.com\/es\/wp-json\/wp\/v2\/comments?post=7463"}],"version-history":[{"count":2,"href":"https:\/\/www.langir.com\/es\/wp-json\/wp\/v2\/pages\/7463\/revisions"}],"predecessor-version":[{"id":16182,"href":"https:\/\/www.langir.com\/es\/wp-json\/wp\/v2\/pages\/7463\/revisions\/16182"}],"wp:featuredmedia":[{"embeddable":true,"href":"https:\/\/www.langir.com\/es\/wp-json\/wp\/v2\/media\/7464"}],"wp:attachment":[{"href":"https:\/\/www.langir.com\/es\/wp-json\/wp\/v2\/media?parent=7463"}],"curies":[{"name":"wp","href":"https:\/\/api.w.org\/{rel}","templated":true}]}}