{"id":7467,"date":"2019-11-21T09:02:21","date_gmt":"2019-11-21T09:02:21","guid":{"rendered":"https:\/\/www.langir.com\/?page_id=7467"},"modified":"2026-03-27T07:49:28","modified_gmt":"2026-03-27T07:49:28","slug":"product-customization","status":"publish","type":"page","link":"https:\/\/www.langir.com\/es\/product-customization\/","title":{"rendered":"Personalizaci\u00f3n de productos"},"content":{"rendered":"<div class=\"wpb-content-wrapper\"><div class=\"vc_row wpb_row vc_row-fluid\"><div class=\"wpb_column vc_column_container vc_col-sm-12\"><div class=\"vc_column-inner\"><div class=\"wpb_wrapper\">\n\t<div class=\"wpb_text_column wpb_content_element\" >\n\t\t<div class=\"wpb_wrapper\">\n\t\t\t\n\t\t<\/div>\n\t<\/div>\n\n\t<div class=\"wpb_text_column wpb_content_element\" >\n\t\t<div class=\"wpb_wrapper\">\n\t\t\t<p>Con m\u00e1s de 10 a\u00f1os de experiencia en el desarrollo y la producci\u00f3n, los conocimientos de dise\u00f1o y fabricaci\u00f3n de Langir van m\u00e1s all\u00e1 de la simple conmutaci\u00f3n.<\/p>\n<p>Langir ofrece una gama de m\u00e1s de 1.000 referencias de interruptores, indicadores y teclados en diferentes colores, marcas, acabados, formas y dimensiones... creando una combinaci\u00f3n ilimitada de posibilidades.<\/p>\n<p>Nuestra oferta de productos est\u00e1ndar puede adaptarse a las necesidades espec\u00edficas de los clientes.<\/p>\n\n\t\t<\/div>\n\t<\/div>\n\n\t<div class=\"wpb_text_column wpb_content_element\" >\n\t\t<div class=\"wpb_wrapper\">\n\t\t\t<p><strong>\u00bfQu\u00e9 personalizaci\u00f3n?<\/strong><\/p>\n\n\t\t<\/div>\n\t<\/div>\n\n\t<div class=\"wpb_text_column wpb_content_element\" >\n\t\t<div class=\"wpb_wrapper\">\n\t\t\t<p>Las piezas de cat\u00e1logo est\u00e1ndar de Langir est\u00e1n disponibles para su personalizaci\u00f3n y a un menor coste. P\u00f3ngase en contacto con un representante de Langir para que le ayude.<\/p>\n\n\t\t<\/div>\n\t<\/div>\n\n\t<div class=\"wpb_text_column wpb_content_element\" >\n\t\t<div class=\"wpb_wrapper\">\n\t\t\t<h3><img decoding=\"async\" class=\"size-full wp-image-4870 alignleft\" src=\"..\/wp-content\/uploads\/2019\/02\/1.gif\" alt=\"\" width=\"40\" height=\"40\" \/>Opciones de terminal<\/h3>\n\n\t\t<\/div>\n\t<\/div>\n\n\t<div class=\"wpb_text_column wpb_content_element\" >\n\t\t<div class=\"wpb_wrapper\">\n\t\t\t<table border=\"0\" width=\"100%\" cellspacing=\"1\" cellpadding=\"10\" bgcolor=\"#dcdcdc\">\n<tbody>\n<tr>\n<th bgcolor=\"#FFFFFF\">Plomo volador<\/th>\n<th bgcolor=\"#FFFFFF\">Cable<\/th>\n<th bgcolor=\"#FFFFFF\">Conector<\/th>\n<th bgcolor=\"#FFFFFF\">Resistencia<\/th>\n<th bgcolor=\"#FFFFFF\">Etiqueta<\/th>\n<\/tr>\n<tr>\n<td align=\"center\" valign=\"middle\" bgcolor=\"#FFFFFF\"><img decoding=\"async\" class=\"aligncenter size-full wp-image-4881\" src=\"https:\/\/www.langir.com\/wp-content\/uploads\/2019\/02\/cable-0.gif\" alt=\"\" width=\"44\" height=\"40\" \/><\/td>\n<td align=\"center\" valign=\"middle\" bgcolor=\"#FFFFFF\"><img decoding=\"async\" class=\"size-full wp-image-4873 aligncenter\" src=\"https:\/\/www.langir.com\/wp-content\/uploads\/2019\/02\/3-cables.gif\" alt=\"Cables\" width=\"306\" height=\"115\" \/><\/td>\n<td bgcolor=\"#FFFFFF\"><\/td>\n<td bgcolor=\"#FFFFFF\"><\/td>\n<td bgcolor=\"#FFFFFF\"><\/td>\n<\/tr>\n<\/tbody>\n<\/table>\n\n\t\t<\/div>\n\t<\/div>\n\n\t<div class=\"wpb_text_column wpb_content_element\" >\n\t\t<div class=\"wpb_wrapper\">\n\t\t\t<h3><img loading=\"lazy\" decoding=\"async\" class=\"size-full wp-image-4870 alignleft\" src=\"..\/wp-content\/uploads\/2019\/02\/2.gif\" alt=\"\" width=\"40\" height=\"40\" \/>Materiales<\/h3>\n\n\t\t<\/div>\n\t<\/div>\n\n\t<div class=\"wpb_text_column wpb_content_element\" >\n\t\t<div class=\"wpb_wrapper\">\n\t\t\t<p><strong>Hay numerosas opciones disponibles:<\/strong><\/p>\n<ul>\n<li>Lat\u00f3n<\/li>\n<li>Aluminio anodizado<\/li>\n<li>Acero inoxidable 304 para interruptor antivand\u00e1lico material est\u00e1ndar<\/li>\n<li>Acero inoxidable 316L para interruptor piezoel\u00e9ctrico e interruptor capacitivo material est\u00e1ndar<\/li>\n<\/ul>\n\n\t\t<\/div>\n\t<\/div>\n\n\t<div class=\"wpb_text_column wpb_content_element\" >\n\t\t<div class=\"wpb_wrapper\">\n\t\t\t<h3><img loading=\"lazy\" decoding=\"async\" class=\"size-full wp-image-4870 alignleft\" src=\"..\/wp-content\/uploads\/2019\/02\/3.gif\" alt=\"\" width=\"40\" height=\"40\" \/>Marcado<\/h3>\n\n\t\t<\/div>\n\t<\/div>\n\n\t<div class=\"wpb_text_column wpb_content_element\" >\n\t\t<div class=\"wpb_wrapper\">\n\t\t\t<p>Existen muchos tipos de marcado.<\/p>\n<table border=\"0\" width=\"100%\" cellspacing=\"1\" cellpadding=\"10\" bgcolor=\"#dcdcdc\">\n<tbody>\n<tr>\n<th bgcolor=\"#FFFFFF\">Proceso<\/th>\n<th bgcolor=\"#FFFFFF\">Coste<\/th>\n<th bgcolor=\"#FFFFFF\">Durabilidad<\/th>\n<th bgcolor=\"#FFFFFF\">Retroiluminaci\u00f3n<\/th>\n<\/tr>\n<tr>\n<th scope=\"row\" align=\"left\" bgcolor=\"#FFFFFF\">Tampograf\u00eda<\/th>\n<td align=\"center\" bgcolor=\"#FFFFFF\"><img decoding=\"async\" class=\"aligncenter size-full wp-image-4887\" title=\"Bien\" src=\"https:\/\/www.langir.com\/wp-content\/uploads\/2019\/02\/good-blue.gif\" alt=\"Bien\" \/><\/td>\n<td align=\"center\" bgcolor=\"#FFFFFF\"><img decoding=\"async\" class=\"aligncenter size-full wp-image-4879\" title=\"Media\" src=\"https:\/\/www.langir.com\/wp-content\/uploads\/2019\/02\/average-blue.gif\" alt=\"Media\" \/><\/td>\n<td align=\"center\" bgcolor=\"#FFFFFF\"><img decoding=\"async\" class=\"aligncenter size-full wp-image-4880\" title=\"Mal\" src=\"https:\/\/www.langir.com\/wp-content\/uploads\/2019\/02\/bad-blue.gif\" alt=\"Mal\" \/><\/td>\n<\/tr>\n<tr>\n<th scope=\"row\" align=\"left\" bgcolor=\"#FFFFFF\">Estampaci\u00f3n en caliente<\/th>\n<td align=\"center\" bgcolor=\"#FFFFFF\"><img decoding=\"async\" class=\"aligncenter size-full wp-image-4879\" title=\"Media\" src=\"https:\/\/www.langir.com\/wp-content\/uploads\/2019\/02\/average-blue.gif\" alt=\"Media\" \/><\/td>\n<td align=\"center\" bgcolor=\"#FFFFFF\"><img decoding=\"async\" class=\"aligncenter size-full wp-image-4887\" title=\"Bien\" src=\"https:\/\/www.langir.com\/wp-content\/uploads\/2019\/02\/good-blue.gif\" alt=\"Bien\" \/><\/td>\n<td align=\"center\" bgcolor=\"#FFFFFF\"><img decoding=\"async\" class=\"aligncenter size-full wp-image-4879\" title=\"Media\" src=\"https:\/\/www.langir.com\/wp-content\/uploads\/2019\/02\/average-blue.gif\" alt=\"Media\" \/><\/td>\n<\/tr>\n<tr>\n<th scope=\"row\" align=\"left\" bgcolor=\"#FFFFFF\">Grabado l\u00e1ser<\/th>\n<td align=\"center\" bgcolor=\"#FFFFFF\"><img decoding=\"async\" class=\"aligncenter size-full wp-image-4887\" title=\"Bien\" src=\"https:\/\/www.langir.com\/wp-content\/uploads\/2019\/02\/good-blue.gif\" alt=\"Bien\" \/><\/td>\n<td align=\"center\" bgcolor=\"#FFFFFF\"><img decoding=\"async\" class=\"aligncenter size-full wp-image-4887\" title=\"Bien\" src=\"https:\/\/www.langir.com\/wp-content\/uploads\/2019\/02\/good-blue.gif\" alt=\"Bien\" \/><\/td>\n<td align=\"center\" bgcolor=\"#FFFFFF\"><img decoding=\"async\" class=\"aligncenter size-full wp-image-4887\" title=\"Bien\" src=\"https:\/\/www.langir.com\/wp-content\/uploads\/2019\/02\/good-blue.gif\" alt=\"Bien\" \/><\/td>\n<\/tr>\n<tr>\n<th scope=\"row\" align=\"left\" bgcolor=\"#FFFFFF\">Qu\u00edmica<\/th>\n<td align=\"center\" bgcolor=\"#FFFFFF\"><img decoding=\"async\" class=\"aligncenter size-full wp-image-4880\" title=\"Mal\" src=\"https:\/\/www.langir.com\/wp-content\/uploads\/2019\/02\/bad-blue.gif\" alt=\"Mal\" \/><\/td>\n<td align=\"center\" bgcolor=\"#FFFFFF\"><img decoding=\"async\" class=\"aligncenter size-full wp-image-4887\" title=\"Bien\" src=\"https:\/\/www.langir.com\/wp-content\/uploads\/2019\/02\/good-blue.gif\" alt=\"Bien\" \/><\/td>\n<td align=\"center\" bgcolor=\"#FFFFFF\"><img decoding=\"async\" class=\"aligncenter size-full wp-image-4887\" title=\"Bien\" src=\"https:\/\/www.langir.com\/wp-content\/uploads\/2019\/02\/good-blue.gif\" alt=\"Bien\" \/><\/td>\n<\/tr>\n<\/tbody>\n<\/table>\n<p>La elecci\u00f3n depender\u00e1 del uso previsto del componente.<\/p>\n\n\t\t<\/div>\n\t<\/div>\n\n\t<div class=\"wpb_text_column wpb_content_element\" >\n\t\t<div class=\"wpb_wrapper\">\n\t\t\t<h3><img loading=\"lazy\" decoding=\"async\" class=\"size-full wp-image-4870 alignleft\" src=\"..\/wp-content\/uploads\/2019\/02\/4.gif\" alt=\"\" width=\"40\" height=\"40\" \/>Color<\/h3>\n\n\t\t<\/div>\n\t<\/div>\n\n\t<div class=\"wpb_text_column wpb_content_element\" >\n\t\t<div class=\"wpb_wrapper\">\n\t\t\t<table border=\"0\" width=\"100%\" cellspacing=\"1\" cellpadding=\"10\" bgcolor=\"#dcdcdc\">\n<tbody>\n<tr>\n<th align=\"left\" bgcolor=\"#FFFFFF\">Las piezas de pl\u00e1stico en materiales selectos est\u00e1n disponibles en colores espec\u00edficos (RAL,pantone) o crean <strong>un color totalmente personalizado<\/strong>.<\/th>\n<\/tr>\n<tr>\n<th scope=\"row\" align=\"left\" bgcolor=\"#FFFFFF\"><img loading=\"lazy\" decoding=\"async\" class=\"size-full wp-image-4901 alignleft\" src=\"https:\/\/www.langir.com\/wp-content\/uploads\/2019\/02\/plastic-granules.jpg\" alt=\"\" width=\"700\" height=\"401\" \/><\/th>\n<\/tr>\n<tr>\n<th scope=\"row\" align=\"left\" bgcolor=\"#FFFFFF\">Las piezas met\u00e1licas pueden anodizarse en una amplia gama de colores.<\/th>\n<\/tr>\n<tr>\n<th scope=\"row\" align=\"left\" bgcolor=\"#FFFFFF\"><img loading=\"lazy\" decoding=\"async\" class=\"size-full wp-image-4914 alignleft\" src=\"https:\/\/www.langir.com\/wp-content\/uploads\/2019\/02\/colors-laiton.jpg\" alt=\"\" width=\"700\" height=\"120\" \/><\/th>\n<\/tr>\n<tr>\n<th scope=\"row\" align=\"left\" bgcolor=\"#FFFFFF\">LED en una amplia gama de colores.<\/th>\n<\/tr>\n<tr>\n<th scope=\"row\" align=\"left\" bgcolor=\"#FFFFFF\"><img loading=\"lazy\" decoding=\"async\" class=\"size-full wp-image-4899 alignleft\" src=\"https:\/\/www.langir.com\/wp-content\/uploads\/2019\/02\/LED.jpg\" alt=\"\" width=\"700\" height=\"600\" \/><\/th>\n<\/tr>\n<\/tbody>\n<\/table>\n\n\t\t<\/div>\n\t<\/div>\n\n\t<div class=\"wpb_text_column wpb_content_element\" >\n\t\t<div class=\"wpb_wrapper\">\n\t\t\t<h3><img loading=\"lazy\" decoding=\"async\" class=\"size-full wp-image-4870 alignleft\" src=\"https:\/\/www.langir.com\/wp-content\/uploads\/2019\/02\/5.gif\" alt=\"\" width=\"40\" height=\"40\" \/>S\u00edmbolo<\/h3>\n\n\t\t<\/div>\n\t<\/div>\n\n\t<div class=\"wpb_text_column wpb_content_element\" >\n\t\t<div class=\"wpb_wrapper\">\n\t\t\t<p><strong>La impresi\u00f3n l\u00e1ser es est\u00e1ndar<\/strong>pero hay muchas otras soluciones:<\/p>\n<table border=\"0\" width=\"100%\" cellspacing=\"1\" cellpadding=\"10\" bgcolor=\"#dcdcdc\">\n<tbody>\n<tr>\n<td bgcolor=\"#FFFFFF\"><img decoding=\"async\" class=\"size-full wp-image-4889 alignleft\" src=\"https:\/\/www.langir.com\/wp-content\/uploads\/2019\/02\/symbol.jpg\" alt=\"S\u00edmbolo\" \/><\/td>\n<\/tr>\n<\/tbody>\n<\/table>\n<p>para m\u00e1s informaci\u00f3n, dir\u00edjase a su jefe de ventas.<\/p>\n\n\t\t<\/div>\n\t<\/div>\n\n\t<div class=\"wpb_text_column wpb_content_element\" >\n\t\t<div class=\"wpb_wrapper\">\n\t\t\t<h3><img loading=\"lazy\" decoding=\"async\" class=\"size-full wp-image-4870 alignleft\" src=\"https:\/\/www.langir.com\/wp-content\/uploads\/2019\/02\/6.gif\" alt=\"\" width=\"40\" height=\"40\" \/>Formas<\/h3>\n\n\t\t<\/div>\n\t<\/div>\n\n\t<div class=\"wpb_text_column wpb_content_element\" >\n\t\t<div class=\"wpb_wrapper\">\n\t\t\t<table border=\"0\" width=\"100%\" cellspacing=\"1\" cellpadding=\"10\" bgcolor=\"#dcdcdc\">\n<tbody>\n<tr>\n<td bgcolor=\"#FFFFFF\"><strong>Actuadores met\u00e1licos<\/strong> puede adaptarse f\u00e1cilmente:<\/p>\n<ul>\n<li>Forma<\/li>\n<li>Di\u00e1metro<\/li>\n<li>Longitud<\/li>\n<\/ul>\n<\/td>\n<td bgcolor=\"#FFFFFF\">Para <strong>piezas de pl\u00e1stico<\/strong>el cambio de molde de inyecci\u00f3n<br \/>\ncavidades permite crear nuevas formas <strong>con rapidez y coste<br \/>\nefectivamente<\/strong>.<\/td>\n<\/tr>\n<tr>\n<td bgcolor=\"#FFFFFF\"><img loading=\"lazy\" decoding=\"async\" class=\"size-full wp-image-4284\" src=\"https:\/\/www.langir.com\/wp-content\/uploads\/2015\/03\/30mm-non-illum-piezo-switch.jpg\" alt=\"Interruptor piezoel\u00e9ctrico de 30 mm\" width=\"200\" height=\"250\" \/><\/td>\n<td bgcolor=\"#FFFFFF\"><img loading=\"lazy\" decoding=\"async\" class=\"size-full wp-image-4886 alignleft\" src=\"https:\/\/www.langir.com\/wp-content\/uploads\/2019\/02\/forme-2.jpg\" alt=\"\" width=\"444\" height=\"197\" \/><\/td>\n<\/tr>\n<\/tbody>\n<\/table>\n\n\t\t<\/div>\n\t<\/div>\n\n<div class=\"vc-zigzag-wrapper vc-zigzag-align-center\"><div class=\"vc-zigzag-inner\" style=\"width: 100%;min-height: 14px;background: 0 repeat-x url(&#039;data:image\/svg+xml;utf-8,%3C%3Fxml%20version%3D%221.0%22%20encoding%3D%22utf-8%22%3F%3E%3C%21DOCTYPE%20svg%20PUBLIC%20%22-%2F%2FW3C%2F%2FDTD%20SVG%201.1%2F%2FEN%22%20%22http%3A%2F%2Fwww.w3.org%2FGraphics%2FSVG%2F1.1%2FDTD%2Fsvg11.dtd%22%3E%3Csvg%20width%3D%2214px%22%20height%3D%2212px%22%20viewBox%3D%220%200%2018%2015%22%20version%3D%221.1%22%20xmlns%3D%22http%3A%2F%2Fwww.w3.org%2F2000%2Fsvg%22%20xmlns%3Axlink%3D%22http%3A%2F%2Fwww.w3.org%2F1999%2Fxlink%22%3E%3Cpolygon%20id%3D%22Combined-Shape%22%20fill%3D%22%23ebebeb%22%20points%3D%228.98762301%200%200%209.12771969%200%2014.519983%209%205.40479869%2018%2014.519983%2018%209.12771969%22%3E%3C%2Fpolygon%3E%3C%2Fsvg%3E&#039;);\"><\/div><\/div>\n\t<div class=\"wpb_text_column wpb_content_element\" >\n\t\t<div class=\"wpb_wrapper\">\n\t\t\t<p><iframe style=\"width: 100%; border: none;\" title=\"Formulario Wufoo integrado\" src=\"https:\/\/langir.wufoo.com\/embed\/z1f9dkcq1g0s58i\/\" height=\"1133\" frameborder=\"0\" scrolling=\"no\" sandbox=\"allow-popups-to-escape-sandbox allow-top-navigation allow-scripts allow-popups allow-forms allow-same-origin\"> <a href=\"https:\/\/langir.wufoo.com\/forms\/z1f9dkcq1g0s58i\/\" target=\"_blank\" rel=\"noopener\">Rellene mi formulario Wufoo<\/a> <\/iframe><\/p>\n\n\t\t<\/div>\n\t<\/div>\n<\/div><\/div><\/div><\/div>\n<\/div>","protected":false},"excerpt":{"rendered":"With over 10 years experience in the development and production, Langir's design and manufacturing expertise goes beyond simple switching. Langir offers a range of more than 1,000 part numbers consisting of switches, indicators and keypads in different colors, markings, finishes, shapes and dimensions\u2026 creating an unlimited combinations of possibilities. Our standard product offering can be [...]","protected":false},"author":1,"featured_media":8761,"parent":0,"menu_order":25,"comment_status":"closed","ping_status":"closed","template":"page-default.php","meta":{"_acf_changed":false,"footnotes":""},"class_list":["post-7467","page","type-page","status-publish","has-post-thumbnail","hentry","entry"],"acf":[],"post_mailing_queue_ids":[],"_links":{"self":[{"href":"https:\/\/www.langir.com\/es\/wp-json\/wp\/v2\/pages\/7467","targetHints":{"allow":["GET"]}}],"collection":[{"href":"https:\/\/www.langir.com\/es\/wp-json\/wp\/v2\/pages"}],"about":[{"href":"https:\/\/www.langir.com\/es\/wp-json\/wp\/v2\/types\/page"}],"author":[{"embeddable":true,"href":"https:\/\/www.langir.com\/es\/wp-json\/wp\/v2\/users\/1"}],"replies":[{"embeddable":true,"href":"https:\/\/www.langir.com\/es\/wp-json\/wp\/v2\/comments?post=7467"}],"version-history":[{"count":2,"href":"https:\/\/www.langir.com\/es\/wp-json\/wp\/v2\/pages\/7467\/revisions"}],"predecessor-version":[{"id":16136,"href":"https:\/\/www.langir.com\/es\/wp-json\/wp\/v2\/pages\/7467\/revisions\/16136"}],"wp:featuredmedia":[{"embeddable":true,"href":"https:\/\/www.langir.com\/es\/wp-json\/wp\/v2\/media\/8761"}],"wp:attachment":[{"href":"https:\/\/www.langir.com\/es\/wp-json\/wp\/v2\/media?parent=7467"}],"curies":[{"name":"wp","href":"https:\/\/api.w.org\/{rel}","templated":true}]}}