{"id":8983,"date":"2022-12-20T01:31:36","date_gmt":"2022-12-20T01:31:36","guid":{"rendered":"https:\/\/www.langir.com\/disclaimer\/"},"modified":"2022-12-20T01:54:33","modified_gmt":"2022-12-20T01:54:33","slug":"disclaimer","status":"publish","type":"page","link":"https:\/\/www.langir.com\/es\/disclaimer\/","title":{"rendered":"Descargo de responsabilidad"},"content":{"rendered":"<!-- Legal document generated by Complianz | GDPR\/CCPA Cookie Consent https:\/\/wordpress.org\/plugins\/complianz-gdpr -->\n<div id=\"cmplz-document\" class=\"cmplz-document disclaimer cmplz-document-all\"><p>Yueqing Langir Electric Co., Ltd se compromete a mantener este sitio web actualizado y preciso. No obstante, si encuentra alg\u00fan dato incorrecto o no actualizado, le agradecer\u00edamos que nos lo comunicara. Por favor, indique en qu\u00e9 parte del sitio web ley\u00f3 la informaci\u00f3n. La revisaremos lo antes posible. Env\u00edenos su respuesta por correo electr\u00f3nico a <span class=\"cmplz-obfuscate\">langir@<span class=\"cmplz-fmail-domain\">&#101;&#120;&#046;&#099;&#111;&#109;<\/span>langi&#114;.&#099;&#111;&#109;<\/span>.<\/p><p>Cualquier dato personal que nos proporcione en el contexto de su respuesta o solicitud de informaci\u00f3n s\u00f3lo se utilizar\u00e1 de acuerdo con nuestra declaraci\u00f3n de privacidad.<\/p><p>Todos los derechos de propiedad intelectual del contenido de este sitio web pertenecen a Yueqing Langir Electric Co.<\/p><p>La copia, difusi\u00f3n y cualquier otro uso de estos materiales no est\u00e1 permitido sin el permiso por escrito de Yueqing Langir Electric Co., Ltd, excepto y s\u00f3lo en la medida en que se estipule lo contrario en las normas de derecho imperativo (como el derecho de cita), a menos que el contenido espec\u00edfico dicte lo contrario.<\/p><p>Si tiene alguna pregunta o problema con la accesibilidad del sitio web, no dude en ponerse en contacto con nosotros.<\/p><\/div>","protected":false},"excerpt":{"rendered":"Yueqing Langir Electric Co., Ltd is committed to keeping this website up to date and accurate. Should you nevertheless encounter anything that is incorrect or out of date, we would appreciate it if you could let us know. Please indicate where on the website you read the information. We will then look at this as [...]","protected":false},"author":1,"featured_media":0,"parent":0,"menu_order":11,"comment_status":"closed","ping_status":"closed","template":"page-default.php","meta":{"_acf_changed":false,"footnotes":""},"class_list":["post-8983","page","type-page","status-publish","hentry","entry"],"acf":[],"post_mailing_queue_ids":[],"_links":{"self":[{"href":"https:\/\/www.langir.com\/es\/wp-json\/wp\/v2\/pages\/8983","targetHints":{"allow":["GET"]}}],"collection":[{"href":"https:\/\/www.langir.com\/es\/wp-json\/wp\/v2\/pages"}],"about":[{"href":"https:\/\/www.langir.com\/es\/wp-json\/wp\/v2\/types\/page"}],"author":[{"embeddable":true,"href":"https:\/\/www.langir.com\/es\/wp-json\/wp\/v2\/users\/1"}],"replies":[{"embeddable":true,"href":"https:\/\/www.langir.com\/es\/wp-json\/wp\/v2\/comments?post=8983"}],"version-history":[{"count":0,"href":"https:\/\/www.langir.com\/es\/wp-json\/wp\/v2\/pages\/8983\/revisions"}],"wp:attachment":[{"href":"https:\/\/www.langir.com\/es\/wp-json\/wp\/v2\/media?parent=8983"}],"curies":[{"name":"wp","href":"https:\/\/api.w.org\/{rel}","templated":true}]}}