{"id":8990,"date":"2022-12-20T01:37:43","date_gmt":"2022-12-20T01:37:43","guid":{"rendered":"https:\/\/www.langir.com\/terms-conditions\/"},"modified":"2026-04-08T03:29:31","modified_gmt":"2026-04-08T03:29:31","slug":"terms-conditions","status":"publish","type":"page","link":"https:\/\/www.langir.com\/es\/terms-conditions\/","title":{"rendered":"Terms &#038; Conditions"},"content":{"rendered":"<div class=\"wpb-content-wrapper\"><div class=\"vc_row wpb_row vc_row-fluid\"><div class=\"wpb_column vc_column_container vc_col-sm-12\"><div class=\"vc_column-inner\"><div class=\"wpb_wrapper\">\n\t<div class=\"wpb_text_column wpb_content_element\" >\n\t\t<div class=\"wpb_wrapper\">\n\t\t\t\n<!-- This legal document was generated by Complianz Terms &amp; Conditions https:\/\/wordpress.org\/plugins\/complianz-terms-conditions -->\n<div id=\"cmplz-document\" class=\"cmplz-document cmplz-terms-conditions\"><p><i>The Terms and Conditions were last updated on February 9, 2023<\/i><\/p><h2>1. Introducci\u00f3n<\/h2><p>Las presentes Condiciones Generales se aplican a este sitio web y a las transacciones relacionadas con nuestros productos y servicios. Usted puede estar obligado por contratos adicionales relacionados con su relaci\u00f3n con nosotros o con cualquier producto o servicio que reciba de nosotros. Si alguna de las disposiciones de los contratos adicionales entra en conflicto con alguna de las disposiciones de estas Condiciones, prevalecer\u00e1n las disposiciones de dichos contratos adicionales.<\/p><h2>2. Encuadernaci\u00f3n<\/h2><p>Al registrarse en este sitio web, acceder a \u00e9l o utilizarlo de cualquier otro modo, acepta quedar vinculado por las presentes Condiciones que se exponen a continuaci\u00f3n. El mero uso de este sitio web implica el conocimiento y la aceptaci\u00f3n de estos T\u00e9rminos y condiciones. En algunos casos particulares, tambi\u00e9n podemos pedirle que acepte expl\u00edcitamente.<\/p><h2>3. 3. Comunicaci\u00f3n electr\u00f3nica<\/h2><p>Al utilizar este sitio web o comunicarse con nosotros por medios electr\u00f3nicos, usted acepta y reconoce que podemos comunicarnos con usted electr\u00f3nicamente en nuestro sitio web o envi\u00e1ndole un correo electr\u00f3nico, y acepta que todos los acuerdos, avisos, divulgaciones y otras comunicaciones que le proporcionemos electr\u00f3nicamente satisfacen cualquier requisito legal, incluido, entre otros, el requisito de que dichas comunicaciones se realicen por escrito.<\/p><h2>4. 4. Propiedad intelectual<\/h2><p>Nosotros o nuestros licenciantes poseemos y controlamos todos los derechos de autor y otros derechos de propiedad intelectual en el sitio web y los datos, informaci\u00f3n y otros recursos mostrados por o accesibles dentro del sitio web.<\/p><p class=\"cmplz-subtitle\">4.1 Todos los derechos reservados<\/p><p>A menos que el contenido espec\u00edfico indique lo contrario, no se le concede una licencia ni ning\u00fan otro derecho en virtud de derechos de autor, marcas registradas, patentes u otros derechos de propiedad intelectual. Esto significa que no utilizar\u00e1, copiar\u00e1, reproducir\u00e1, ejecutar\u00e1, mostrar\u00e1, distribuir\u00e1, incrustar\u00e1 en ning\u00fan medio electr\u00f3nico, alterar\u00e1, aplicar\u00e1 ingenier\u00eda inversa, descompilar\u00e1, transferir\u00e1, descargar\u00e1, transmitir\u00e1, monetizar\u00e1, vender\u00e1, comercializar\u00e1 o comercializar\u00e1 ning\u00fan recurso de este sitio web de ninguna forma, sin nuestro permiso previo por escrito, excepto y solo en la medida en que se estipule lo contrario en normas de derecho imperativo (como el derecho de cita).<\/p><h2>5. Propiedad de terceros<\/h2><p>Nuestro sitio web puede incluir hiperv\u00ednculos u otras referencias a sitios web de terceros. No controlamos ni revisamos el contenido de los sitios web de terceros a los que se acceda mediante enlaces desde este sitio web. Los productos o servicios ofrecidos por otros sitios web estar\u00e1n sujetos a los T\u00e9rminos y Condiciones aplicables de dichos terceros. Las opiniones expresadas o el material que aparece en esos sitios web no son necesariamente compartidos o respaldados por nosotros.<\/p><p>No seremos responsables de las pr\u00e1cticas de privacidad ni del contenido de estos sitios. Usted asume todos los riesgos asociados al uso de estos sitios web y de cualquier servicio de terceros relacionado. No aceptaremos ninguna responsabilidad por cualquier p\u00e9rdida o da\u00f1o, sea cual sea su causa, derivado de la divulgaci\u00f3n de informaci\u00f3n personal a terceros.<\/p><h2>6. 6. Uso responsable<\/h2><p>Al visitar nuestro sitio web, usted se compromete a utilizarlo \u00fanicamente para los fines previstos y seg\u00fan lo permitido por estas Condiciones, cualquier contrato adicional con nosotros, y las leyes, reglamentos y pr\u00e1cticas en l\u00ednea generalmente aceptadas y directrices de la industria. No debe utilizar nuestro sitio web o nuestros servicios para utilizar, publicar o distribuir ning\u00fan material que consista en (o est\u00e9 vinculado a) software inform\u00e1tico malicioso; utilizar los datos recogidos en nuestro sitio web para cualquier actividad de marketing directo, o llevar a cabo cualquier actividad sistem\u00e1tica o automatizada de recogida de datos en o en relaci\u00f3n con nuestro sitio web.<\/p><p>Queda terminantemente prohibida cualquier actividad que cause o pueda causar da\u00f1os al sitio web o que interfiera en su funcionamiento, disponibilidad o accesibilidad.<\/p><h2>7. Pol\u00edtica de devoluciones y reembolsos<\/h2><p class=\"cmplz-subtitle\">7.1 Derecho de retractaci\u00f3n<\/p><p>Tiene derecho a rescindir el presente contrato en un plazo de 14 d\u00edas sin necesidad de justificaci\u00f3n.<\/p><p>Para ejercer el derecho de desistimiento, debe informarnos de su decisi\u00f3n de desistir del presente contrato mediante una declaraci\u00f3n inequ\u00edvoca (por ejemplo, una carta enviada por correo postal, fax o correo electr\u00f3nico). A continuaci\u00f3n encontrar\u00e1 nuestros datos de contacto. Puede utilizar el modelo adjunto <a target=\"_blank\" href=\"https:\/\/www.langir.com\/wp-content\/uploads\/complianz\/withdrawal-forms\/withdrawal-form-es.pdf\">formulario de retirada<\/a>, pero no es obligatorio.<\/p><p>Tambi\u00e9n puede rellenar y enviar electr\u00f3nicamente el modelo de formulario de desistimiento o cualquier otra declaraci\u00f3n inequ\u00edvoca en nuestro <a href=\"https:\/\/www.langir.com\/es\/contact\/\"> sitio web<\/a>.<\/p><p>Si utiliza esta opci\u00f3n, le comunicaremos sin demora un acuse de recibo de dicha retirada en un soporte duradero (por ejemplo, por correo electr\u00f3nico).<\/p><p>Para cumplir el plazo de desistimiento, basta con que env\u00ede su comunicaci\u00f3n relativa al ejercicio del derecho de desistimiento antes de que expire el plazo de desistimiento.<\/p><p class=\"cmplz-subtitle\">7.2 Efectos de la retirada<\/p><p>Si desiste del presente contrato, le reembolsaremos todos los pagos que hayamos recibido de usted, incluidos los gastos de entrega (con excepci\u00f3n de los gastos adicionales resultantes de la elecci\u00f3n por su parte de un tipo de entrega distinto del tipo menos costoso de entrega ordinaria que ofrezcamos), sin ninguna demora indebida y, en cualquier caso, a m\u00e1s tardar 14 d\u00edas a partir del d\u00eda en que se nos informe de su decisi\u00f3n de desistir del presente contrato. Efectuaremos dicho reembolso utilizando el mismo medio de pago que usted utiliz\u00f3 para la transacci\u00f3n inicial, salvo que usted haya acordado expresamente lo contrario; en cualquier caso, usted no incurrir\u00e1 en ning\u00fan gasto como consecuencia de dicho reembolso.<\/p><p>Usted s\u00f3lo es responsable de la disminuci\u00f3n de valor de los bienes resultante de una manipulaci\u00f3n distinta a la necesaria para establecer la naturaleza, las caracter\u00edsticas y el funcionamiento de los bienes.<\/p><p>Tenga en cuenta que existen algunas excepciones legales al derecho de desistimiento, por lo que algunos art\u00edculos no pueden devolverse ni cambiarse.  Le informaremos si esto se aplica en su caso particular.<\/p><h2>8. Presentaci\u00f3n de ideas<\/h2><p>No env\u00ede ninguna idea, invento, obra de autor u otra informaci\u00f3n que pueda considerarse propiedad intelectual suya y que desee presentarnos, a menos que hayamos firmado previamente un acuerdo relativo a la propiedad intelectual o un acuerdo de no divulgaci\u00f3n. Si nos lo revela sin dicho acuerdo escrito, nos concede una licencia mundial, irrevocable, no exclusiva y libre de regal\u00edas para utilizar, reproducir, almacenar, adaptar, publicar, traducir y distribuir su contenido en cualquier medio existente o futuro.<\/p><h2>9. Cese de uso<\/h2><p>Podemos, a nuestra entera discreci\u00f3n, modificar o interrumpir en cualquier momento el acceso, temporal o permanentemente, al sitio web o a cualquier Servicio del mismo. Usted acepta que no seremos responsables ante usted ni ante terceros por dicha modificaci\u00f3n, suspensi\u00f3n o interrupci\u00f3n de su acceso o uso del sitio web o de cualquier contenido que pueda haber compartido en el sitio web. Usted no tendr\u00e1 derecho a ninguna compensaci\u00f3n u otro pago, incluso si ciertas caracter\u00edsticas, configuraciones, y\/o cualquier Contenido que usted haya contribuido o en el que haya llegado a confiar, se pierden permanentemente. No debe eludir o evitar, o intentar eludir o evitar, cualquier medida de restricci\u00f3n de acceso a nuestro sitio web.<\/p><h2>10. Garant\u00edas y responsabilidad<\/h2><p>Nada en esta secci\u00f3n limitar\u00e1 o excluir\u00e1 cualquier garant\u00eda impl\u00edcita por ley que ser\u00eda ilegal limitar o excluir. Este sitio web y todo su contenido se facilitan \u201ctal cual\u201d y \u201cseg\u00fan disponibilidad\u201d y pueden incluir imprecisiones o errores tipogr\u00e1ficos. Renunciamos expresamente a cualquier garant\u00eda de cualquier tipo, ya sea expresa o impl\u00edcita, en cuanto a la disponibilidad, exactitud o integridad del Contenido. No garantizamos que:<\/p><p><ul>\n                    <li>este sitio web o nuestros contenidos satisfagan sus necesidades;<\/li>\n                    <li>este sitio web estar\u00e1 disponible de forma ininterrumpida, puntual, segura o libre de errores.<\/li>\n        <\/ul><\/p><p>Nada de lo contenido en este sitio web constituye ni pretende constituir asesoramiento jur\u00eddico, financiero o m\u00e9dico de ning\u00fan tipo. Si necesita asesoramiento, consulte a un profesional adecuado.<\/p><p>Las siguientes disposiciones de esta secci\u00f3n se aplicar\u00e1n en la medida m\u00e1xima permitida por la legislaci\u00f3n aplicable y no limitar\u00e1n ni excluir\u00e1n nuestra responsabilidad con respecto a cualquier asunto que ser\u00eda ilegal o il\u00edcito que limit\u00e1ramos o excluy\u00e9ramos nuestra responsabilidad. En ning\u00fan caso seremos responsables de los da\u00f1os directos o indirectos (incluidos los da\u00f1os por p\u00e9rdida de beneficios o ingresos, p\u00e9rdida o corrupci\u00f3n de datos, software o bases de datos, o p\u00e9rdida o da\u00f1o de bienes o datos) en que incurra usted o un tercero como consecuencia de su acceso a nuestro sitio web o del uso que haga de \u00e9l.<\/p><p>Salvo en la medida en que cualquier contrato adicional establezca expresamente lo contrario, nuestra responsabilidad m\u00e1xima hacia usted por todos los da\u00f1os y perjuicios derivados o relacionados con el sitio web o cualquier producto o servicio comercializado o vendido a trav\u00e9s del sitio web, independientemente de la forma de acci\u00f3n legal que imponga la responsabilidad (ya sea en contrato, equidad, negligencia, conducta intencionada, agravio u otro) se limitar\u00e1 a . Dicho l\u00edmite se aplicar\u00e1 en conjunto a todas sus reclamaciones, acciones y causas de acci\u00f3n de cualquier tipo y naturaleza.<\/p><h2>11. Privacidad<\/h2><p>Para acceder a nuestro sitio web y\/o a nuestros servicios, es posible que se le solicite cierta informaci\u00f3n sobre usted como parte del proceso de registro. Usted acepta que cualquier informaci\u00f3n que proporcione ser\u00e1 siempre exacta, correcta y actualizada.<\/p><p>Hemos desarrollado una pol\u00edtica para abordar cualquier preocupaci\u00f3n que pueda tener sobre la privacidad. Para m\u00e1s informaci\u00f3n, consulte nuestra <a href=\"https:\/\/www.langir.com\/es\/privacy-policy\/\">Declaraci\u00f3n de confidencialidad<\/a> y nuestro <a href=\"\">Pol\u00edtica de cookies<\/a>.<\/p><h2>12. Restricciones a la exportaci\u00f3n \/ Cumplimiento legal<\/h2><p>Queda prohibido el acceso al sitio web desde territorios o pa\u00edses en los que el Contenido o la compra de los productos o Servicios vendidos en el sitio web sean ilegales. No puede utilizar este sitio web infringiendo las leyes y normativas de exportaci\u00f3n de China.<\/p><h2>13. Asignaci\u00f3n<\/h2><p>No podr\u00e1 ceder, transferir o subcontratar ninguno de sus derechos y\/u obligaciones en virtud de las presentes Condiciones, en su totalidad o en parte, a terceros sin nuestro consentimiento previo por escrito. Cualquier pretendida cesi\u00f3n en violaci\u00f3n de esta Secci\u00f3n ser\u00e1 nula y sin efecto.<\/p><h2>14. Incumplimiento de las presentes condiciones<\/h2><p>Sin perjuicio de los dem\u00e1s derechos que nos asisten en virtud de las presentes Condiciones, si usted incumple de alg\u00fan modo las presentes Condiciones, podremos adoptar las medidas que consideremos oportunas para hacer frente al incumplimiento, incluida la suspensi\u00f3n temporal o permanente de su acceso al sitio web, poni\u00e9ndonos en contacto con su proveedor de servicios de Internet para solicitarle que bloquee su acceso al sitio web, y\/o iniciar acciones legales contra usted.<\/p><h2>15. 15. Fuerza mayor<\/h2><p>A excepci\u00f3n de las obligaciones de pago de dinero en virtud del presente documento, ning\u00fan retraso, fallo u omisi\u00f3n por cualquiera de las partes en el cumplimiento o la observancia de cualquiera de sus obligaciones en virtud del presente documento se considerar\u00e1 un incumplimiento de estos T\u00e9rminos y condiciones si y mientras dicho retraso, fallo u omisi\u00f3n se deba a cualquier causa fuera del control razonable de dicha parte.<\/p><h2>16. Indemnizaci\u00f3n<\/h2><p>Usted se compromete a indemnizarnos, defendernos y eximirnos de toda responsabilidad frente a reclamaciones, responsabilidades, da\u00f1os, p\u00e9rdidas y gastos relacionados con la infracci\u00f3n por su parte de las presentes Condiciones y de la legislaci\u00f3n aplicable, incluidos los derechos de propiedad intelectual y los derechos de privacidad. Nos reembolsar\u00e1 sin demora los da\u00f1os, p\u00e9rdidas, costes y gastos relacionados con dichas reclamaciones o derivados de ellas.<\/p><h2>17. Renuncia<\/h2><p>La falta de aplicaci\u00f3n de cualquiera de las disposiciones establecidas en las presentes Condiciones Generales y en cualquier Contrato, o la falta de ejercicio de cualquier opci\u00f3n de resoluci\u00f3n, no se interpretar\u00e1 como una renuncia a dichas disposiciones y no afectar\u00e1 a la validez de las presentes Condiciones Generales o de cualquier Contrato o parte del mismo, ni al derecho posterior a aplicar todas y cada una de las disposiciones.<\/p><h2>18. Idioma<\/h2><p>These Terms and Conditions will be interpreted and construed exclusively in English.&nbsp;All notices and correspondence will be written exclusively in that language.<\/p><h2>19. Acuerdo completo<\/h2><p>Las presentes Condiciones Generales, junto con nuestro <a href=\"https:\/\/www.langir.com\/es\/privacy-policy\/\">declaraci\u00f3n de privacidad<\/a> y <a href=\"\">pol\u00edtica de cookies<\/a>, constituyen el acuerdo completo entre usted y Yueqing Langir Electric Co., Ltd en relaci\u00f3n con su uso de este sitio web.<\/p><h2>20. Actualizaci\u00f3n de las presentes Condiciones<\/h2><p>Podemos actualizar estos T\u00e9rminos y Condiciones de vez en cuando. Es su obligaci\u00f3n revisar peri\u00f3dicamente estas Condiciones Generales para comprobar si se han producido cambios o actualizaciones. La fecha que figura al principio de estas Condiciones Generales es la fecha de la \u00faltima revisi\u00f3n. Las modificaciones de las presentes Condiciones Generales entrar\u00e1n en vigor en el momento de su publicaci\u00f3n en este sitio web. El uso continuado de este sitio web despu\u00e9s de la publicaci\u00f3n de los cambios o actualizaciones se considerar\u00e1 una notificaci\u00f3n de su aceptaci\u00f3n de cumplir y estar obligado por estos T\u00e9rminos y Condiciones.<\/p><h2>21. Elecci\u00f3n de la ley y jurisdicci\u00f3n<\/h2><p>Las presentes Condiciones Generales se regir\u00e1n por la legislaci\u00f3n de China. Cualquier disputa relacionada con estos T\u00e9rminos y Condiciones estar\u00e1 sujeta a la jurisdicci\u00f3n de los tribunales de China. Si un tribunal u otra autoridad considera que alguna parte o disposici\u00f3n de las presentes Condiciones Generales no es v\u00e1lida y\/o no puede hacerse cumplir en virtud de la legislaci\u00f3n aplicable, dicha parte o disposici\u00f3n se modificar\u00e1, suprimir\u00e1 y\/o har\u00e1 cumplir en la m\u00e1xima medida posible a fin de hacer efectiva la intenci\u00f3n de las presentes Condiciones Generales. Las dem\u00e1s disposiciones no se ver\u00e1n afectadas.<\/p><h2>22. Informaci\u00f3n de contacto<\/h2><p>Este sitio web es propiedad y est\u00e1 gestionado por Yueqing Langir Electric Co.<\/p><p>Puede ponerse en contacto con nosotros en relaci\u00f3n con estos T\u00e9rminos y Condiciones a trav\u00e9s de nuestro <a href=\"https:\/\/www.langir.com\/es\/contact\/\">p\u00f3ngase en contacto con<\/a> p\u00e1gina.<\/p><h2>23. Descargar<\/h2><p>Tambi\u00e9n puede <a href=\"https:\/\/www.langir.com\/wp-content\/plugins\/complianz-terms-conditions\/download.php\">descargar<\/a> nuestras Condiciones generales en formato PDF.<\/p><\/div>\n\n\t\t<\/div>\n\t<\/div>\n\n<div class=\"vc-zigzag-wrapper vc-zigzag-align-center\"><div class=\"vc-zigzag-inner\" style=\"width: 100%;min-height: 14px;background: 0 repeat-x url(&#039;data:image\/svg+xml;utf-8,%3C%3Fxml%20version%3D%221.0%22%20encoding%3D%22utf-8%22%3F%3E%3C%21DOCTYPE%20svg%20PUBLIC%20%22-%2F%2FW3C%2F%2FDTD%20SVG%201.1%2F%2FEN%22%20%22http%3A%2F%2Fwww.w3.org%2FGraphics%2FSVG%2F1.1%2FDTD%2Fsvg11.dtd%22%3E%3Csvg%20width%3D%2214px%22%20height%3D%2212px%22%20viewBox%3D%220%200%2018%2015%22%20version%3D%221.1%22%20xmlns%3D%22http%3A%2F%2Fwww.w3.org%2F2000%2Fsvg%22%20xmlns%3Axlink%3D%22http%3A%2F%2Fwww.w3.org%2F1999%2Fxlink%22%3E%3Cpolygon%20id%3D%22Combined-Shape%22%20fill%3D%22%23ebebeb%22%20points%3D%228.98762301%200%200%209.12771969%200%2014.519983%209%205.40479869%2018%2014.519983%2018%209.12771969%22%3E%3C%2Fpolygon%3E%3C%2Fsvg%3E&#039;);\"><\/div><\/div>\n\t<div class=\"wpb_text_column wpb_content_element\" >\n\t\t<div class=\"wpb_wrapper\">\n\t\t\t<p><iframe style=\"width: 100%; border: none;\" title=\"Formulario Wufoo integrado\" src=\"https:\/\/langir.wufoo.com\/embed\/zcdgace1ql3iv4\/\" height=\"766\" frameborder=\"0\" scrolling=\"no\" sandbox=\"allow-popups-to-escape-sandbox allow-top-navigation allow-scripts allow-popups allow-forms allow-same-origin\"> <a href=\"https:\/\/langir.wufoo.com\/forms\/zcdgace1ql3iv4\/\" target=\"_blank\" rel=\"noopener\">Rellene mi formulario Wufoo<\/a> <\/iframe><\/p>\n\n\t\t<\/div>\n\t<\/div>\n<\/div><\/div><\/div><\/div>\n<\/div>","protected":false},"excerpt":{"rendered":"The Terms and Conditions were last updated on February 9, 20231. IntroductionThese Terms and conditions apply to this website and to the transactions related to our products and services.&nbsp;You may be bound by additional contracts related to your relationship with us or any products or services that you receive from us.&nbsp;If any provisions of the [...]","protected":false},"author":1,"featured_media":0,"parent":0,"menu_order":10,"comment_status":"closed","ping_status":"closed","template":"page-default.php","meta":{"_acf_changed":false,"footnotes":""},"class_list":["post-8990","page","type-page","status-publish","hentry","entry"],"acf":[],"post_mailing_queue_ids":[],"_links":{"self":[{"href":"https:\/\/www.langir.com\/es\/wp-json\/wp\/v2\/pages\/8990","targetHints":{"allow":["GET"]}}],"collection":[{"href":"https:\/\/www.langir.com\/es\/wp-json\/wp\/v2\/pages"}],"about":[{"href":"https:\/\/www.langir.com\/es\/wp-json\/wp\/v2\/types\/page"}],"author":[{"embeddable":true,"href":"https:\/\/www.langir.com\/es\/wp-json\/wp\/v2\/users\/1"}],"replies":[{"embeddable":true,"href":"https:\/\/www.langir.com\/es\/wp-json\/wp\/v2\/comments?post=8990"}],"version-history":[{"count":3,"href":"https:\/\/www.langir.com\/es\/wp-json\/wp\/v2\/pages\/8990\/revisions"}],"predecessor-version":[{"id":16488,"href":"https:\/\/www.langir.com\/es\/wp-json\/wp\/v2\/pages\/8990\/revisions\/16488"}],"wp:attachment":[{"href":"https:\/\/www.langir.com\/es\/wp-json\/wp\/v2\/media?parent=8990"}],"curies":[{"name":"wp","href":"https:\/\/api.w.org\/{rel}","templated":true}]}}