{"id":7367,"date":"2019-11-20T08:48:09","date_gmt":"2019-11-20T08:48:09","guid":{"rendered":"https:\/\/www.langir.com\/?page_id=7367"},"modified":"2026-03-30T08:30:37","modified_gmt":"2026-03-30T08:30:37","slug":"warranty-policy","status":"publish","type":"page","link":"https:\/\/www.langir.com\/fr\/warranty-policy\/","title":{"rendered":"Politique de garantie"},"content":{"rendered":"<div class=\"wpb-content-wrapper\"><div class=\"vc_row wpb_row vc_row-fluid\"><div class=\"wpb_column vc_column_container vc_col-sm-12\"><div class=\"vc_column-inner\"><div class=\"wpb_wrapper\">\n\t<div class=\"wpb_text_column wpb_content_element vc_custom_1426482759253\" >\n\t\t<div class=\"wpb_wrapper\">\n\t\t\t<p><strong style=\"color: #000;\">1. P\u00e9riode de garantie :<\/strong><\/p>\n<div id=\"xunlei_com_thunder_helper_plugin_d462f475-c18e-46be-bd10-327458d045bd\"><\/div>\n\n\t\t<\/div>\n\t<\/div>\n\n\t<div class=\"wpb_text_column wpb_content_element vc_custom_1426428952977\" >\n\t\t<div class=\"wpb_wrapper\">\n\t\t\t<p>La p\u00e9riode de garantie de l'appareil principal est de 12 mois (1 an) \u00e0 compter de la date de livraison.<\/p>\n\n\t\t<\/div>\n\t<\/div>\n\n\t<div class=\"wpb_text_column wpb_content_element\" >\n\t\t<div class=\"wpb_wrapper\">\n\t\t\t<p><strong style=\"color: #000;\">2. Gamme de garantie :<\/strong> <\/p>\n\n\t\t<\/div>\n\t<\/div>\n\n\t<div class=\"wpb_text_column wpb_content_element\" >\n\t\t<div class=\"wpb_wrapper\">\n\t\t\t<p>Tous les produits sont vendus par LANGIR. Pendant la p\u00e9riode de garantie, tous les produits d\u00e9fectueux doivent \u00eatre renvoy\u00e9s \u00e0 l'usine pour \u00eatre r\u00e9par\u00e9s ou remplac\u00e9s, \u00e0 condition que les frais de transport soient \u00e0 votre charge.  Les produits de remplacement peuvent \u00eatre neufs ou remis \u00e0 neuf, \u00e0 notre discr\u00e9tion.<\/p>\n\n\t\t<\/div>\n\t<\/div>\n\n\t<div class=\"wpb_text_column wpb_content_element\" >\n\t\t<div class=\"wpb_wrapper\">\n\t\t\t<p><strong style=\"color: #000;\">3. Les politiques de garantie sont les suivantes :<\/strong> <\/p>\n\n\t\t<\/div>\n\t<\/div>\n\n\t<div class=\"wpb_text_column wpb_content_element\" >\n\t\t<div class=\"wpb_wrapper\">\n\t\t\t<ul>\n<li>En cas de d\u00e9faillance due \u00e0 l'utilisation d'un processus, nous suivrons les proc\u00e9dures de fabrication pour effectuer un nettoyage approfondi, des tests, un \u00e9talonnage, une r\u00e9paration et un r\u00e9tablissement des param\u00e8tres d'usine.<\/li>\n<li>La dur\u00e9e de r\u00e9paration des produits sous garantie d\u00e9pend de l'\u00e9tendue des dommages subis par les produits. La p\u00e9riode de maintenance est un objectif et non une promesse et certains produits sp\u00e9ciaux peuvent ne pas \u00eatre concern\u00e9s par cette p\u00e9riode de maintenance.<\/li>\n<li>Pour les produits qui doivent \u00eatre remplac\u00e9s pendant la p\u00e9riode de garantie, LANGIR les remplacera par des produits ayant les m\u00eames sp\u00e9cifications, et les produits de remplacement ont les m\u00eames droits que les produits d'origine.<\/li>\n<\/ul>\n\n\t\t<\/div>\n\t<\/div>\n\n\t<div class=\"wpb_text_column wpb_content_element\" >\n\t\t<div class=\"wpb_wrapper\">\n\t\t\t<p><strong style=\"color: #000;\">4. La gamme de garanties ne comprend pas les \u00e9l\u00e9ments suivants :<\/strong> <\/p>\n\n\t\t<\/div>\n\t<\/div>\n\n\t<div class=\"wpb_text_column wpb_content_element\" >\n\t\t<div class=\"wpb_wrapper\">\n\t\t\t<p>La pr\u00e9sente garantie ne s'applique pas (i) aux dommages cosm\u00e9tiques, tels que les rayures, les entailles, les taches et les bosses ; (ii) aux pi\u00e8ces consommables, telles que les batteries, \u00e0 moins que les dommages au produit ne soient dus \u00e0 un d\u00e9faut de mat\u00e9riel ou de fabrication ; (iii) aux dommages caus\u00e9s par un accident, un abus, une mauvaise utilisation, l'eau (en exc\u00e8s par rapport aux sp\u00e9cifications), une inondation, un incendie ou d'autres actes de la nature ou causes externes ; (iv) aux dommages caus\u00e9s par un service effectu\u00e9 par toute personne qui n'est pas un fournisseur de service autoris\u00e9 de LANGIR ; ou (v) aux dommages \u00e0 un produit qui a \u00e9t\u00e9 modifi\u00e9 ou alt\u00e9r\u00e9 sans l'autorisation \u00e9crite pr\u00e9alable de LANGIR.<\/p>\n\n\t\t<\/div>\n\t<\/div>\n\n<div class=\"vc-zigzag-wrapper vc-zigzag-align-center\"><div class=\"vc-zigzag-inner\" style=\"width: 100%;min-height: 14px;background: 0 repeat-x url(&#039;data:image\/svg+xml;utf-8,%3C%3Fxml%20version%3D%221.0%22%20encoding%3D%22utf-8%22%3F%3E%3C%21DOCTYPE%20svg%20PUBLIC%20%22-%2F%2FW3C%2F%2FDTD%20SVG%201.1%2F%2FEN%22%20%22http%3A%2F%2Fwww.w3.org%2FGraphics%2FSVG%2F1.1%2FDTD%2Fsvg11.dtd%22%3E%3Csvg%20width%3D%2214px%22%20height%3D%2212px%22%20viewBox%3D%220%200%2018%2015%22%20version%3D%221.1%22%20xmlns%3D%22http%3A%2F%2Fwww.w3.org%2F2000%2Fsvg%22%20xmlns%3Axlink%3D%22http%3A%2F%2Fwww.w3.org%2F1999%2Fxlink%22%3E%3Cpolygon%20id%3D%22Combined-Shape%22%20fill%3D%22%23ebebeb%22%20points%3D%228.98762301%200%200%209.12771969%200%2014.519983%209%205.40479869%2018%2014.519983%2018%209.12771969%22%3E%3C%2Fpolygon%3E%3C%2Fsvg%3E&#039;);\"><\/div><\/div>\n\t<div class=\"wpb_text_column wpb_content_element\" >\n\t\t<div class=\"wpb_wrapper\">\n\t\t\t<p><iframe style=\"width: 100%; border: none;\" title=\"Formulaire Wufoo int\u00e9gr\u00e9\" src=\"https:\/\/langir.wufoo.com\/embed\/zcdgace1ql3iv4\/\" height=\"766\" frameborder=\"0\" scrolling=\"no\" sandbox=\"allow-popups-to-escape-sandbox allow-top-navigation allow-scripts allow-popups allow-forms allow-same-origin\"> <a href=\"https:\/\/langir.wufoo.com\/forms\/zcdgace1ql3iv4\/\" target=\"_blank\" rel=\"noopener\">Remplissez mon formulaire Wufoo !<\/a> <\/iframe><\/p>\n\n\t\t<\/div>\n\t<\/div>\n<\/div><\/div><\/div><\/div>\n<\/div>","protected":false},"excerpt":{"rendered":"1. Warranty Period: The warranty period for master device is 12 months (1 year) from the date of delivery. 2. Warranty Range: All products are sold by LANGIR. In warranty period, all of the defective products must be returned to the factory to be repaired or be replaced. provided that you shall be responsible for [...]","protected":false},"author":1,"featured_media":7486,"parent":0,"menu_order":46,"comment_status":"closed","ping_status":"closed","template":"page-default.php","meta":{"_acf_changed":false,"footnotes":""},"class_list":["post-7367","page","type-page","status-publish","has-post-thumbnail","hentry","entry"],"acf":[],"post_mailing_queue_ids":[],"_links":{"self":[{"href":"https:\/\/www.langir.com\/fr\/wp-json\/wp\/v2\/pages\/7367","targetHints":{"allow":["GET"]}}],"collection":[{"href":"https:\/\/www.langir.com\/fr\/wp-json\/wp\/v2\/pages"}],"about":[{"href":"https:\/\/www.langir.com\/fr\/wp-json\/wp\/v2\/types\/page"}],"author":[{"embeddable":true,"href":"https:\/\/www.langir.com\/fr\/wp-json\/wp\/v2\/users\/1"}],"replies":[{"embeddable":true,"href":"https:\/\/www.langir.com\/fr\/wp-json\/wp\/v2\/comments?post=7367"}],"version-history":[{"count":2,"href":"https:\/\/www.langir.com\/fr\/wp-json\/wp\/v2\/pages\/7367\/revisions"}],"predecessor-version":[{"id":16180,"href":"https:\/\/www.langir.com\/fr\/wp-json\/wp\/v2\/pages\/7367\/revisions\/16180"}],"wp:featuredmedia":[{"embeddable":true,"href":"https:\/\/www.langir.com\/fr\/wp-json\/wp\/v2\/media\/7486"}],"wp:attachment":[{"href":"https:\/\/www.langir.com\/fr\/wp-json\/wp\/v2\/media?parent=7367"}],"curies":[{"name":"wp","href":"https:\/\/api.w.org\/{rel}","templated":true}]}}