{"id":7414,"date":"2019-11-21T08:26:56","date_gmt":"2019-11-21T08:26:56","guid":{"rendered":"https:\/\/www.langir.com\/?page_id=7414"},"modified":"2020-08-31T07:46:16","modified_gmt":"2020-08-31T07:46:16","slug":"applications-markets-for-piezo-switch","status":"publish","type":"page","link":"https:\/\/www.langir.com\/fr\/applications-markets-for-piezo-switch\/","title":{"rendered":"Applications \/ March\u00e9s pour les interrupteurs pi\u00e9zo\u00e9lectriques"},"content":{"rendered":"<div class=\"wpb-content-wrapper\"><div class=\"vc_row wpb_row vc_row-fluid\"><div class=\"wpb_column vc_column_container vc_col-sm-6\"><div class=\"vc_column-inner\"><div class=\"wpb_wrapper\">\n\t<div class=\"wpb_text_column wpb_content_element\" >\n\t\t<div class=\"wpb_wrapper\">\n\t\t\t<p><img fetchpriority=\"high\" decoding=\"async\" class=\"size-full wp-image-6394\" title=\"Syst\u00e8me de tickets\" src=\"https:\/\/www.langir.com\/wp-content\/uploads\/2019\/04\/ticket-system.jpg\" alt=\"Syst\u00e8me de tickets\" width=\"660\" height=\"300\" \/><\/p>\n\n\t\t<\/div>\n\t<\/div>\n\n\t<div class=\"wpb_text_column wpb_content_element\" >\n\t\t<div class=\"wpb_wrapper\">\n\t\t\t<p><img decoding=\"async\" class=\"size-full wp-image-6393\" title=\"Services publics\" src=\"https:\/\/www.langir.com\/wp-content\/uploads\/2019\/04\/public-services.jpg\" alt=\"Services publics\" width=\"660\" height=\"300\" \/><\/p>\n\n\t\t<\/div>\n\t<\/div>\n\n\t<div class=\"wpb_text_column wpb_content_element\" >\n\t\t<div class=\"wpb_wrapper\">\n\t\t\t<p><img decoding=\"async\" class=\"size-full wp-image-6376\" title=\"Dispositifs de s\u00e9curit\u00e9\" src=\"https:\/\/www.langir.com\/wp-content\/uploads\/2019\/04\/security-devices-1.jpg\" alt=\"Dispositifs de s\u00e9curit\u00e9\" width=\"660\" height=\"300\" \/><\/p>\n\n\t\t<\/div>\n\t<\/div>\n\n\t<div class=\"wpb_text_column wpb_content_element\" >\n\t\t<div class=\"wpb_wrapper\">\n\t\t\t<p><img loading=\"lazy\" decoding=\"async\" class=\"size-full wp-image-6379\" title=\"Lavage de voitures\" src=\"https:\/\/www.langir.com\/wp-content\/uploads\/2019\/04\/car-wash.jpg\" alt=\"Lavage de voitures\" width=\"660\" height=\"300\" \/><\/p>\n\n\t\t<\/div>\n\t<\/div>\n\n\t<div class=\"wpb_text_column wpb_content_element\" >\n\t\t<div class=\"wpb_wrapper\">\n\t\t\t<p><img loading=\"lazy\" decoding=\"async\" class=\"size-full wp-image-6403\" title=\"Piscine\" src=\"https:\/\/www.langir.com\/wp-content\/uploads\/2019\/04\/pool.jpg\" alt=\"Piscine\" width=\"660\" height=\"300\" \/><\/p>\n\n\t\t<\/div>\n\t<\/div>\n\n\t<div class=\"wpb_text_column wpb_content_element\" >\n\t\t<div class=\"wpb_wrapper\">\n\t\t\t<p><img loading=\"lazy\" decoding=\"async\" class=\"size-full wp-image-6378\" title=\"Bain\" src=\"https:\/\/www.langir.com\/wp-content\/uploads\/2019\/04\/bath.jpg\" alt=\"Bain\" width=\"660\" height=\"300\" \/><\/p>\n\n\t\t<\/div>\n\t<\/div>\n\n\t<div class=\"wpb_text_column wpb_content_element\" >\n\t\t<div class=\"wpb_wrapper\">\n\t\t\t<p><img loading=\"lazy\" decoding=\"async\" class=\"size-full wp-image-6377\" title=\"Marine\" src=\"https:\/\/www.langir.com\/wp-content\/uploads\/2019\/04\/marine.jpg\" alt=\"Marine\" width=\"660\" height=\"300\" \/><\/p>\n\n\t\t<\/div>\n\t<\/div>\n\n\t<div class=\"wpb_text_column wpb_content_element\" >\n\t\t<div class=\"wpb_wrapper\">\n\t\t\t<p><img loading=\"lazy\" decoding=\"async\" class=\"size-full wp-image-6374\" src=\"https:\/\/www.langir.com\/wp-content\/uploads\/2019\/04\/food-processing.jpg\" alt=\"Transformation des aliments\" width=\"660\" height=\"300\" \/><\/p>\n\n\t\t<\/div>\n\t<\/div>\n\n\t<div class=\"wpb_text_column wpb_content_element\" >\n\t\t<div class=\"wpb_wrapper\">\n\t\t\t<p><img loading=\"lazy\" decoding=\"async\" class=\"size-full wp-image-6375\" title=\"\u00c9quipement m\u00e9dical\" src=\"https:\/\/www.langir.com\/wp-content\/uploads\/2019\/04\/medical-equipment-1.jpg\" alt=\"\u00c9quipement m\u00e9dical\" width=\"660\" height=\"300\" \/><\/p>\n\n\t\t<\/div>\n\t<\/div>\n\n\t<div class=\"wpb_text_column wpb_content_element\" >\n\t\t<div class=\"wpb_wrapper\">\n\t\t\t<p><img loading=\"lazy\" decoding=\"async\" class=\"size-full wp-image-6418\" title=\"Dispositifs de stationnement\" src=\"https:\/\/www.langir.com\/wp-content\/uploads\/2019\/04\/parking.jpg\" alt=\"Dispositifs de stationnement\" width=\"550\" height=\"300\" \/><\/p>\n\n\t\t<\/div>\n\t<\/div>\n<\/div><\/div><\/div><div class=\"wpb_column vc_column_container vc_col-sm-6\"><div class=\"vc_column-inner\"><div class=\"wpb_wrapper\">\n\t<div class=\"wpb_text_column wpb_content_element\" >\n\t\t<div class=\"wpb_wrapper\">\n\t\t\t<ul>\n<li>Applications dans et hors de l'eau<\/li>\n<li>Mat\u00e9riel m\u00e9dical<\/li>\n<li>Mat\u00e9riel d'essai<\/li>\n<li>Pompes \u00e0 essence automatiques<\/li>\n<li>Mat\u00e9riel d'exploitation mini\u00e8re<\/li>\n<li>Syst\u00e8mes de lavage de voitures<\/li>\n<li>Panneaux de contr\u00f4le<\/li>\n<li>Emballage<\/li>\n<li>Cosm\u00e9tiques<\/li>\n<li>Peintures<\/li>\n<li>P\u00e9trochimie<\/li>\n<li>Engrais<\/li>\n<li>Pharmaceutique<\/li>\n<li>Boulangeries<\/li>\n<li>Laiteries<\/li>\n<li>Emballage alimentaire<\/li>\n<li>Pr\u00e9paration des aliments<\/li>\n<li>Transformation de la viande<\/li>\n<li>Portail d'acc\u00e8s<\/li>\n<li>Contr\u00f4le des processus<\/li>\n<li>T\u00e9l\u00e9phones publics<\/li>\n<li>Portes de s\u00e9curit\u00e9<\/li>\n<li>Syst\u00e8mes d'irrigation<\/li>\n<li>Panneaux de commande de locomotives<\/li>\n<li>Distributeurs automatiques<\/li>\n<\/ul>\n\n\t\t<\/div>\n\t<\/div>\n<\/div><\/div><\/div><\/div>\n<\/div>","protected":false},"excerpt":{"rendered":"Applications dans et hors de l'eau \u00c9quipement m\u00e9dical \u00c9quipement d'essai Pompes \u00e0 gaz automatiques \u00c9quipement minier Syst\u00e8mes de lavage de voitures Tableaux de commande Emballages Cosm\u00e9tiques Peintures P\u00e9trochimie Engrais Produits pharmaceutiques Boulangeries Laiteries Emballage alimentaire Pr\u00e9paration des aliments Transformation de la viande Acc\u00e8s aux portes Contr\u00f4le des processus T\u00e9l\u00e9phones publics Portes de s\u00e9curit\u00e9 Syst\u00e8mes d'irrigation Tableaux de commande de locomotives Distributeurs automatiques","protected":false},"author":1,"featured_media":7285,"parent":0,"menu_order":42,"comment_status":"closed","ping_status":"closed","template":"page-default.php","meta":{"_acf_changed":false,"footnotes":""},"class_list":["post-7414","page","type-page","status-publish","has-post-thumbnail","hentry","entry"],"acf":[],"post_mailing_queue_ids":[],"_links":{"self":[{"href":"https:\/\/www.langir.com\/fr\/wp-json\/wp\/v2\/pages\/7414","targetHints":{"allow":["GET"]}}],"collection":[{"href":"https:\/\/www.langir.com\/fr\/wp-json\/wp\/v2\/pages"}],"about":[{"href":"https:\/\/www.langir.com\/fr\/wp-json\/wp\/v2\/types\/page"}],"author":[{"embeddable":true,"href":"https:\/\/www.langir.com\/fr\/wp-json\/wp\/v2\/users\/1"}],"replies":[{"embeddable":true,"href":"https:\/\/www.langir.com\/fr\/wp-json\/wp\/v2\/comments?post=7414"}],"version-history":[{"count":0,"href":"https:\/\/www.langir.com\/fr\/wp-json\/wp\/v2\/pages\/7414\/revisions"}],"wp:featuredmedia":[{"embeddable":true,"href":"https:\/\/www.langir.com\/fr\/wp-json\/wp\/v2\/media\/7285"}],"wp:attachment":[{"href":"https:\/\/www.langir.com\/fr\/wp-json\/wp\/v2\/media?parent=7414"}],"curies":[{"name":"wp","href":"https:\/\/api.w.org\/{rel}","templated":true}]}}