{"id":7432,"date":"2019-11-21T08:43:00","date_gmt":"2019-11-21T08:43:00","guid":{"rendered":"https:\/\/www.langir.com\/?page_id=7432"},"modified":"2026-03-30T08:27:42","modified_gmt":"2026-03-30T08:27:42","slug":"electronic-design-solutions","status":"publish","type":"page","link":"https:\/\/www.langir.com\/fr\/electronic-design-solutions\/","title":{"rendered":"Solutions de conception \u00e9lectronique"},"content":{"rendered":"<div class=\"wpb-content-wrapper\"><div class=\"vc_row wpb_row vc_row-fluid\"><div class=\"wpb_column vc_column_container vc_col-sm-12\"><div class=\"vc_column-inner\"><div class=\"wpb_wrapper\">\n\t<div class=\"wpb_text_column wpb_content_element vc_custom_1555666188726\" >\n\t\t<div class=\"wpb_wrapper\">\n\t\t\t<div class=\"requisition\">\n<ul>\n<li><a title=\"Personnalisation pour devis\" href=\"https:\/\/www.langir.com\/fr\/customization-for-quotation\/\">Produits personnalis\u00e9s<\/a><\/li>\n<li><a title=\"Demande de devis\" href=\"https:\/\/www.langir.com\/fr\/request-quotation\/\">Demande de devis<\/a><\/li>\n<\/ul>\n<\/div>\n<div id=\"detail\" class=\"serie\">\n<ul class=\"files\">\n<li class=\"brochure\"><a href=\"#\">brochure<\/a><\/li>\n<\/ul>\n<ul class=\"certifications\">\n<li class=\"is_rohs\" title=\"RoHS\">rohs<\/li>\n<li class=\"is_ce\" title=\"CE\">ce<\/li>\n<\/ul>\n<\/div>\n\n\t\t<\/div>\n\t<\/div>\n<\/div><\/div><\/div><\/div><div class=\"vc_row wpb_row vc_row-fluid\"><div class=\"wpb_column vc_column_container vc_col-sm-6\"><div class=\"vc_column-inner\"><div class=\"wpb_wrapper\">\n\t<div class=\"wpb_text_column wpb_content_element vc_custom_1615533103621\" >\n\t\t<div class=\"wpb_wrapper\">\n\t\t\t<p><strong>Services de conception de circuits imprim\u00e9s<\/strong><\/p>\n\n\t\t<\/div>\n\t<\/div>\n\n\t<div class=\"wpb_text_column wpb_content_element vc_custom_1555667332300\" >\n\t\t<div class=\"wpb_wrapper\">\n\t\t\t<p><img fetchpriority=\"high\" decoding=\"async\" class=\"size-full wp-image-6051 aligncenter\" title=\"Conception de circuits imprim\u00e9s\" src=\"https:\/\/www.langir.com\/wp-content\/uploads\/2019\/04\/pcb-design.jpg\" alt=\"Conception de circuits imprim\u00e9s\" width=\"800\" height=\"400\" \/><\/p>\n\n\t\t<\/div>\n\t<\/div>\n\n\t<div class=\"wpb_text_column wpb_content_element vc_custom_1615531757741\" >\n\t\t<div class=\"wpb_wrapper\">\n\t\t\t<ul style=\"color: #cccccc;\">\n<li>SCH\u00c9MA DE LA CARTE DE CIRCUIT IMPRIM\u00c9<\/li>\n<li>CR\u00c9ATION DE SYMBOLES<\/li>\n<li>CAPTURE SCH\u00c9MATIQUE<\/li>\n<li>SCRIPTING D'OUTILS<\/li>\n<li>CONCEPTEURS CERTIFI\u00c9S PAR L'IPC<\/li>\n<\/ul>\n\n\t\t<\/div>\n\t<\/div>\n<\/div><\/div><\/div><div class=\"wpb_column vc_column_container vc_col-sm-6\"><div class=\"vc_column-inner\"><div class=\"wpb_wrapper\">\n\t<div class=\"wpb_text_column wpb_content_element vc_custom_1555900612979\" >\n\t\t<div class=\"wpb_wrapper\">\n\t\t\t<p><strong>Services de fabrication et de laboratoire<\/strong><\/p>\n\n\t\t<\/div>\n\t<\/div>\n\n\t<div class=\"wpb_text_column wpb_content_element vc_custom_1555667325004\" >\n\t\t<div class=\"wpb_wrapper\">\n\t\t\t<p><img decoding=\"async\" class=\"size-full wp-image-6052 aligncenter\" title=\"Services de fabrication et de laboratoire\" src=\"https:\/\/www.langir.com\/wp-content\/uploads\/2019\/04\/manufacturing-lab-services.jpg\" alt=\"Services de fabrication et de laboratoire\" \/><\/p>\n\n\t\t<\/div>\n\t<\/div>\n\n\t<div class=\"wpb_text_column wpb_content_element vc_custom_1555666298347\" >\n\t\t<div class=\"wpb_wrapper\">\n\t\t\t<ul style=\"color: #cccccc;\">\n<li>PROTOTYPES \u00c0 ROTATION RAPIDE<\/li>\n<li>GESTION DES STOCKS<\/li>\n<li>REPRISE DE L'ASSEMBLAGE EN INTERNE<\/li>\n<li>BO\u00ceTES DE CONSTRUCTION<\/li>\n<li>EMBALLAGE SUR MESURE<\/li>\n<li>LA PROGRAMMATION DU MAT\u00c9RIEL<\/li>\n<li>ESSAIS FONCTIONNELS<\/li>\n<\/ul>\n\n\t\t<\/div>\n\t<\/div>\n<\/div><\/div><\/div><\/div><div class=\"vc_row wpb_row vc_row-fluid\"><div class=\"wpb_column vc_column_container vc_col-sm-12\"><div class=\"vc_column-inner\"><div class=\"wpb_wrapper\">\n\t<div class=\"wpb_text_column wpb_content_element vc_custom_1561776662888\" >\n\t\t<div class=\"wpb_wrapper\">\n\t\t\t<p style=\"text-align: center;\"><strong>Langir offre une solution compl\u00e8te pour votre entreprise<\/strong><\/p>\n\n\t\t<\/div>\n\t<\/div>\n\n\t<div class=\"wpb_text_column wpb_content_element vc_custom_1561776480521\" >\n\t\t<div class=\"wpb_wrapper\">\n\t\t\t<p><img decoding=\"async\" class=\"size-full wp-image-6936\" title=\"Solution compl\u00e8te\" src=\"https:\/\/www.langir.com\/wp-content\/uploads\/2019\/06\/solution-complete-langir.png\" alt=\"Solution compl\u00e8te\" width=\"1900\" height=\"760\" \/><\/p>\n\n\t\t<\/div>\n\t<\/div>\n<\/div><\/div><\/div><div class=\"wpb_column vc_column_container vc_col-sm-12\"><div class=\"vc_column-inner\"><div class=\"wpb_wrapper\">\n<div class=\"vc-zigzag-wrapper vc-zigzag-align-center\"><div class=\"vc-zigzag-inner\" style=\"width: 100%;min-height: 14px;background: 0 repeat-x url(&#039;data:image\/svg+xml;utf-8,%3C%3Fxml%20version%3D%221.0%22%20encoding%3D%22utf-8%22%3F%3E%3C%21DOCTYPE%20svg%20PUBLIC%20%22-%2F%2FW3C%2F%2FDTD%20SVG%201.1%2F%2FEN%22%20%22http%3A%2F%2Fwww.w3.org%2FGraphics%2FSVG%2F1.1%2FDTD%2Fsvg11.dtd%22%3E%3Csvg%20width%3D%2214px%22%20height%3D%2212px%22%20viewBox%3D%220%200%2018%2015%22%20version%3D%221.1%22%20xmlns%3D%22http%3A%2F%2Fwww.w3.org%2F2000%2Fsvg%22%20xmlns%3Axlink%3D%22http%3A%2F%2Fwww.w3.org%2F1999%2Fxlink%22%3E%3Cpolygon%20id%3D%22Combined-Shape%22%20fill%3D%22%23ebebeb%22%20points%3D%228.98762301%200%200%209.12771969%200%2014.519983%209%205.40479869%2018%2014.519983%2018%209.12771969%22%3E%3C%2Fpolygon%3E%3C%2Fsvg%3E&#039;);\"><\/div><\/div><\/div><\/div><\/div><\/div><div class=\"vc_row wpb_row vc_row-fluid\"><div class=\"wpb_column vc_column_container vc_col-sm-12\"><div class=\"vc_column-inner\"><div class=\"wpb_wrapper\">\n\t<div class=\"wpb_text_column wpb_content_element vc_custom_1555666391582\" >\n\t\t<div class=\"wpb_wrapper\">\n\t\t\t<p><strong>SERVICES DE CONCEPTION DE CIRCUITS IMPRIM\u00c9S<\/strong><\/p>\n\n\t\t<\/div>\n\t<\/div>\n\n\t<div class=\"wpb_text_column wpb_content_element vc_custom_1555666409277\" >\n\t\t<div class=\"wpb_wrapper\">\n\t\t\t<p>Langir dispose des ressources n\u00e9cessaires pour prendre en charge la mise en page de plusieurs projets en parall\u00e8le afin d'acc\u00e9l\u00e9rer la r\u00e9alisation des planches critiques.<br \/>\nNous pouvons fonctionner comme le d\u00e9partement virtuel de conception de circuits imprim\u00e9s de votre entreprise, ou comme un compl\u00e9ment \u00e0 votre personnel existant pendant les p\u00e9riodes de pointe.<\/p>\n<p>Tous les concepteurs de Langir disposent d'un large \u00e9ventail de comp\u00e9tences, allant de la simple interconnexion aux cartes tr\u00e8s complexes.<\/p>\n<p>\u00c9tant l'une des premi\u00e8res \u00e9tapes du cycle de d\u00e9veloppement d'un produit, nous fournissons de multiples services pour faire passer votre conception de l'\u00e9tape initiale \u00e0 celle des fichiers de fabrication finaux. Ces services comprennent la capture de sch\u00e9mas, la construction d'empreintes et la mise en page.<\/p>\n<p>Avant d'envoyer les fichiers \u00e0 la fabrication, nous pouvons proc\u00e9der \u00e0 un examen DFM de base afin de d\u00e9tecter rapidement les probl\u00e8mes de compatibilit\u00e9 et de r\u00e9duire le risque de retard dans le calendrier.<\/p>\n\n\t\t<\/div>\n\t<\/div>\n<\/div><\/div><\/div><div class=\"wpb_column vc_column_container vc_col-sm-6\"><div class=\"vc_column-inner\"><div class=\"wpb_wrapper\">\n\t<div class=\"wpb_text_column wpb_content_element vc_custom_1555666442525\" >\n\t\t<div class=\"wpb_wrapper\">\n\t\t\t<p><strong>Softwara<\/strong><\/p>\n\n\t\t<\/div>\n\t<\/div>\n\n\t<div class=\"wpb_text_column wpb_content_element vc_custom_1555666456356\" >\n\t\t<div class=\"wpb_wrapper\">\n\t\t\t<ul style=\"color: #cccccc;\">\n<li>CONCEPTEUR ALTIUM<\/li>\n<li>CADENCE ALLEGRO<\/li>\n<li>AUTODESK EAGLE<\/li>\n<li>MENTOR XPEDITION<\/li>\n<li>MENTOR PADS<\/li>\n<\/ul>\n\n\t\t<\/div>\n\t<\/div>\n<\/div><\/div><\/div><div class=\"wpb_column vc_column_container vc_col-sm-6\"><div class=\"vc_column-inner\"><div class=\"wpb_wrapper\">\n\t<div class=\"wpb_text_column wpb_content_element vc_custom_1555666482916\" >\n\t\t<div class=\"wpb_wrapper\">\n\t\t\t\n\t\t<\/div>\n\t<\/div>\n\n\t<div class=\"wpb_text_column wpb_content_element vc_custom_1555666471340\" >\n\t\t<div class=\"wpb_wrapper\">\n\t\t\t<ul style=\"color: #cccccc;\">\n<li>RF<\/li>\n<li>ANALOGIQUE<\/li>\n<li>NUM\u00c9RIQUE \u00c0 GRANDE VITESSE<\/li>\n<li>VID\u00c9O<\/li>\n<li>AUDIO<\/li>\n<li>ALIMENTATIONS<\/li>\n<li>SCRIPTING D'OUTILS<\/li>\n<li>REVUE DFM<\/li>\n<\/ul>\n\n\t\t<\/div>\n\t<\/div>\n<\/div><\/div><\/div><div class=\"wpb_column vc_column_container vc_col-sm-12\"><div class=\"vc_column-inner\"><div class=\"wpb_wrapper\">\n\t<div class=\"wpb_text_column wpb_content_element vc_custom_1555666520230\" >\n\t\t<div class=\"wpb_wrapper\">\n\t\t\t<p><strong>SERVICES DE FABRICATION ET DE LABORATOIRE<\/strong><\/p>\n\n\t\t<\/div>\n\t<\/div>\n\n\t<div class=\"wpb_text_column wpb_content_element vc_custom_1555666536892\" >\n\t\t<div class=\"wpb_wrapper\">\n\t\t\t<p>Langir fournit rapidement des panneaux rigides, rigides flexibles et flexibles en utilisant les donn\u00e9es de fabrication cr\u00e9\u00e9es par notre \u00e9quipe de conception interne ou directement par le client.<\/p>\n<p>Nous avons d\u00e9velopp\u00e9 des relations durables avec des fabricants et des assembleurs et nous continuons \u00e0 \u00e9tablir des partenariats avec de nouveaux fournisseurs. Cela nous permet de fournir des constructions de qualit\u00e9 \u00e0 des prix comp\u00e9titifs.<\/p>\n<p>Notre \u00e9quipe de concepteurs et de gestionnaires de programmes travaille en collaboration pour s'assurer que les conceptions peuvent \u00eatre construites avant l'ach\u00e8vement de la mise en page.<\/p>\n<p>Les devis pr\u00e9liminaires et l'achat anticip\u00e9 de composants \u00e0 long d\u00e9lai de livraison permettent aux clients de passer sans interruption de la conception \u00e0 la fabrication.<\/p>\n\n\t\t<\/div>\n\t<\/div>\n<\/div><\/div><\/div><div class=\"wpb_column vc_column_container vc_col-sm-6\"><div class=\"vc_column-inner\"><div class=\"wpb_wrapper\">\n\t<div class=\"wpb_text_column wpb_content_element vc_custom_1555666577732\" >\n\t\t<div class=\"wpb_wrapper\">\n\t\t\t<ul style=\"color: #cccccc;\">\n<li>BO\u00ceTES DE CONSTRUCTION\/PRODUITS B\u00caTA<\/li>\n<li>MODIFICATION DU BO\u00ceTIER ET DU CH\u00c2SSIS<\/li>\n<li>EMBALLAGE SUR MESURE<\/li>\n<li>NATIONAL\/INTERNATIONAL<\/li>\n<li>EXP\u00c9DITION<\/li>\n<li>\u00c9QUIPEMENT DE LABORATOIRE PERSONNALIS\u00c9<\/li>\n<\/ul>\n\n\t\t<\/div>\n\t<\/div>\n<\/div><\/div><\/div><div class=\"wpb_column vc_column_container vc_col-sm-6\"><div class=\"vc_column-inner\"><div class=\"wpb_wrapper\">\n\t<div class=\"wpb_text_column wpb_content_element vc_custom_1555666588963\" >\n\t\t<div class=\"wpb_wrapper\">\n\t\t\t<ul style=\"color: #cccccc;\">\n<li>SOUTIEN AUX PROTOTYPES<\/li>\n<li>FABRICATION DE FPC ET DE PCB<\/li>\n<li>APPROVISIONNEMENT EN COMPOSANTS<\/li>\n<li>FABRICATION M\u00c9CANIQUE<\/li>\n<li>VIRAGES RAPIDES<\/li>\n<li>DEVIS PR\u00c9LIMINAIRES<\/li>\n<li>DEMANDES D'EMPILAGE<\/li>\n<\/ul>\n\n\t\t<\/div>\n\t<\/div>\n<\/div><\/div><\/div><div class=\"wpb_column vc_column_container vc_col-sm-12\"><div class=\"vc_column-inner\"><div class=\"wpb_wrapper\">\n<div class=\"vc-zigzag-wrapper vc-zigzag-align-center\"><div class=\"vc-zigzag-inner\" style=\"width: 100%;min-height: 14px;background: 0 repeat-x url(&#039;data:image\/svg+xml;utf-8,%3C%3Fxml%20version%3D%221.0%22%20encoding%3D%22utf-8%22%3F%3E%3C%21DOCTYPE%20svg%20PUBLIC%20%22-%2F%2FW3C%2F%2FDTD%20SVG%201.1%2F%2FEN%22%20%22http%3A%2F%2Fwww.w3.org%2FGraphics%2FSVG%2F1.1%2FDTD%2Fsvg11.dtd%22%3E%3Csvg%20width%3D%2214px%22%20height%3D%2212px%22%20viewBox%3D%220%200%2018%2015%22%20version%3D%221.1%22%20xmlns%3D%22http%3A%2F%2Fwww.w3.org%2F2000%2Fsvg%22%20xmlns%3Axlink%3D%22http%3A%2F%2Fwww.w3.org%2F1999%2Fxlink%22%3E%3Cpolygon%20id%3D%22Combined-Shape%22%20fill%3D%22%23ebebeb%22%20points%3D%228.98762301%200%200%209.12771969%200%2014.519983%209%205.40479869%2018%2014.519983%2018%209.12771969%22%3E%3C%2Fpolygon%3E%3C%2Fsvg%3E&#039;);\"><\/div><\/div><\/div><\/div><\/div><div class=\"wpb_column vc_column_container vc_col-sm-6\"><div class=\"vc_column-inner\"><div class=\"wpb_wrapper\">\n\t<div class=\"wpb_text_column wpb_content_element vc_custom_1555666726908\" >\n\t\t<div class=\"wpb_wrapper\">\n\t\t\t<p><img decoding=\"async\" class=\"size-full wp-image-6067\" src=\"https:\/\/www.langir.com\/wp-content\/uploads\/2019\/03\/electronic-design-solutions-5.jpg\" alt=\"Solutions de conception \u00e9lectronique\" width=\"800\" height=\"400\" \/><\/p>\n\n\t\t<\/div>\n\t<\/div>\n<\/div><\/div><\/div><div class=\"wpb_column vc_column_container vc_col-sm-6\"><div class=\"vc_column-inner\"><div class=\"wpb_wrapper\">\n\t<div class=\"wpb_text_column wpb_content_element vc_custom_1555666744247\" >\n\t\t<div class=\"wpb_wrapper\">\n\t\t\t<p><img loading=\"lazy\" decoding=\"async\" class=\"size-full wp-image-6070\" src=\"https:\/\/www.langir.com\/wp-content\/uploads\/2019\/03\/electronic-design-solutions-2.jpg\" alt=\"Solutions de conception \u00e9lectronique\" width=\"800\" height=\"400\" \/><\/p>\n\n\t\t<\/div>\n\t<\/div>\n<\/div><\/div><\/div><div class=\"wpb_column vc_column_container vc_col-sm-6\"><div class=\"vc_column-inner\"><div class=\"wpb_wrapper\">\n\t<div class=\"wpb_text_column wpb_content_element vc_custom_1555666758605\" >\n\t\t<div class=\"wpb_wrapper\">\n\t\t\t<p><img loading=\"lazy\" decoding=\"async\" class=\"size-full wp-image-6071\" src=\"https:\/\/www.langir.com\/wp-content\/uploads\/2019\/03\/electronic-design-solutions-3.jpg\" alt=\"Solutions de conception \u00e9lectronique\" width=\"800\" height=\"400\" \/><\/p>\n\n\t\t<\/div>\n\t<\/div>\n<\/div><\/div><\/div><div class=\"wpb_column vc_column_container vc_col-sm-6\"><div class=\"vc_column-inner\"><div class=\"wpb_wrapper\">\n\t<div class=\"wpb_text_column wpb_content_element vc_custom_1555666773142\" >\n\t\t<div class=\"wpb_wrapper\">\n\t\t\t<p><img loading=\"lazy\" decoding=\"async\" class=\"size-full wp-image-6141\" title=\"Solutions de conception \u00e9lectronique\" src=\"https:\/\/www.langir.com\/wp-content\/uploads\/2019\/04\/electronic-design-solutions-6.jpg\" alt=\"Solutions de conception \u00e9lectronique\" width=\"800\" height=\"400\" \/><\/p>\n\n\t\t<\/div>\n\t<\/div>\n<\/div><\/div><\/div><div class=\"wpb_column vc_column_container vc_col-sm-6\"><div class=\"vc_column-inner\"><div class=\"wpb_wrapper\">\n\t<div class=\"wpb_text_column wpb_content_element vc_custom_1555666791076\" >\n\t\t<div class=\"wpb_wrapper\">\n\t\t\t<p><img loading=\"lazy\" decoding=\"async\" class=\"size-full wp-image-6069\" src=\"https:\/\/www.langir.com\/wp-content\/uploads\/2019\/03\/electronic-design-solutions-1.jpg\" alt=\"Solutions de conception \u00e9lectronique\" width=\"800\" height=\"400\" \/><\/p>\n\n\t\t<\/div>\n\t<\/div>\n<\/div><\/div><\/div><div class=\"wpb_column vc_column_container vc_col-sm-6\"><div class=\"vc_column-inner\"><div class=\"wpb_wrapper\">\n\t<div class=\"wpb_text_column wpb_content_element vc_custom_1555666807725\" >\n\t\t<div class=\"wpb_wrapper\">\n\t\t\t<p><img loading=\"lazy\" decoding=\"async\" class=\"size-full wp-image-6142\" title=\"Solutions de conception \u00e9lectronique\" src=\"https:\/\/www.langir.com\/wp-content\/uploads\/2019\/04\/electronic-design-solutions-4.jpg\" alt=\"Solutions de conception \u00e9lectronique\" width=\"800\" height=\"400\" \/><\/p>\n\n\t\t<\/div>\n\t<\/div>\n<\/div><\/div><\/div><div class=\"wpb_column vc_column_container vc_col-sm-12\"><div class=\"vc_column-inner\"><div class=\"wpb_wrapper\">\n<div class=\"vc-zigzag-wrapper vc-zigzag-align-center\"><div class=\"vc-zigzag-inner\" style=\"width: 100%;min-height: 14px;background: 0 repeat-x url(&#039;data:image\/svg+xml;utf-8,%3C%3Fxml%20version%3D%221.0%22%20encoding%3D%22utf-8%22%3F%3E%3C%21DOCTYPE%20svg%20PUBLIC%20%22-%2F%2FW3C%2F%2FDTD%20SVG%201.1%2F%2FEN%22%20%22http%3A%2F%2Fwww.w3.org%2FGraphics%2FSVG%2F1.1%2FDTD%2Fsvg11.dtd%22%3E%3Csvg%20width%3D%2214px%22%20height%3D%2212px%22%20viewBox%3D%220%200%2018%2015%22%20version%3D%221.1%22%20xmlns%3D%22http%3A%2F%2Fwww.w3.org%2F2000%2Fsvg%22%20xmlns%3Axlink%3D%22http%3A%2F%2Fwww.w3.org%2F1999%2Fxlink%22%3E%3Cpolygon%20id%3D%22Combined-Shape%22%20fill%3D%22%23ebebeb%22%20points%3D%228.98762301%200%200%209.12771969%200%2014.519983%209%205.40479869%2018%2014.519983%2018%209.12771969%22%3E%3C%2Fpolygon%3E%3C%2Fsvg%3E&#039;);\"><\/div><\/div>\n\t<div class=\"wpb_text_column wpb_content_element\" >\n\t\t<div class=\"wpb_wrapper\">\n\t\t\t<p><iframe style=\"width: 100%; border: none;\" title=\"Formulaire Wufoo int\u00e9gr\u00e9\" src=\"https:\/\/langir.wufoo.com\/embed\/zcdgace1ql3iv4\/\" height=\"766\" frameborder=\"0\" scrolling=\"no\" sandbox=\"allow-popups-to-escape-sandbox allow-top-navigation allow-scripts allow-popups allow-forms allow-same-origin\"> <a href=\"https:\/\/langir.wufoo.com\/forms\/zcdgace1ql3iv4\/\" target=\"_blank\" rel=\"noopener\">Remplissez mon formulaire Wufoo !<\/a> <\/iframe><\/p>\n\n\t\t<\/div>\n\t<\/div>\n<\/div><\/div><\/div><\/div>\n<\/div>","protected":false},"excerpt":{"rendered":"Customized Products Request Quotation brochure rohs ce PCB Design Services PCB LAYOUT SYMBOL CREATION SCHEMATIC CAPTURE TOOL SCRIPTING IPC CERTIFIED DESIGNERS Manufacturing &amp; Lab Services QUICK TURN PROTOTYPES INVENTORY MANAGEMENT IN HOUSE ASSEMBLY REWORK BOX BUILDS CUSTOM PACKAGING HARDWARE PROGRAMMING FUNCTIONAL TESTING Langir offers the complete solution for your company PCB DESIGN SERVICES Langir has [...]","protected":false},"author":1,"featured_media":7430,"parent":0,"menu_order":36,"comment_status":"closed","ping_status":"closed","template":"page-default.php","meta":{"_acf_changed":false,"_metasync_otto_title":"","_metasync_otto_description":"","_metasync_otto_keywords":"","_metasync_otto_og_title":"","_metasync_otto_og_description":"","_metasync_otto_twitter_title":"","_metasync_otto_twitter_description":"","rank_math_title":"","rank_math_description":"All Langir designers have a broad range of expertise, from simple interconnect to highly complex boards.","_yoast_wpseo_title":"","_yoast_wpseo_metadesc":"","_aioseo_title":"","_aioseo_description":"","_metasync_seo_title":"","_metasync_seo_desc":"","_metasync_breadcrumb_title":"","_metasync_primary_category":0,"_metasync_primary_product_cat":0,"_metasync_otto_disabled":"","_metasync_hreflang":"","footnotes":""},"class_list":["post-7432","page","type-page","status-publish","has-post-thumbnail","hentry","entry"],"acf":[],"post_mailing_queue_ids":[],"_links":{"self":[{"href":"https:\/\/www.langir.com\/fr\/wp-json\/wp\/v2\/pages\/7432","targetHints":{"allow":["GET"]}}],"collection":[{"href":"https:\/\/www.langir.com\/fr\/wp-json\/wp\/v2\/pages"}],"about":[{"href":"https:\/\/www.langir.com\/fr\/wp-json\/wp\/v2\/types\/page"}],"author":[{"embeddable":true,"href":"https:\/\/www.langir.com\/fr\/wp-json\/wp\/v2\/users\/1"}],"replies":[{"embeddable":true,"href":"https:\/\/www.langir.com\/fr\/wp-json\/wp\/v2\/comments?post=7432"}],"version-history":[{"count":1,"href":"https:\/\/www.langir.com\/fr\/wp-json\/wp\/v2\/pages\/7432\/revisions"}],"predecessor-version":[{"id":16174,"href":"https:\/\/www.langir.com\/fr\/wp-json\/wp\/v2\/pages\/7432\/revisions\/16174"}],"wp:featuredmedia":[{"embeddable":true,"href":"https:\/\/www.langir.com\/fr\/wp-json\/wp\/v2\/media\/7430"}],"wp:attachment":[{"href":"https:\/\/www.langir.com\/fr\/wp-json\/wp\/v2\/media?parent=7432"}],"curies":[{"name":"wp","href":"https:\/\/api.w.org\/{rel}","templated":true}]}}