{"id":7441,"date":"2019-11-21T08:48:21","date_gmt":"2019-11-21T08:48:21","guid":{"rendered":"https:\/\/www.langir.com\/?page_id=7441"},"modified":"2026-03-30T08:27:20","modified_gmt":"2026-03-30T08:27:20","slug":"frequently-asked-questions","status":"publish","type":"page","link":"https:\/\/www.langir.com\/fr\/frequently-asked-questions\/","title":{"rendered":"Questions fr\u00e9quemment pos\u00e9es"},"content":{"rendered":"<div class=\"wpb-content-wrapper\"><div class=\"vc_row wpb_row vc_row-fluid\"><div class=\"wpb_column vc_column_container vc_col-sm-12\"><div class=\"vc_column-inner\"><div class=\"wpb_wrapper\">\n\t<div class=\"wpb_text_column wpb_content_element\" >\n\t\t<div class=\"wpb_wrapper\">\n\t\t\t<p>Vous trouverez ci-dessous les questions les plus fr\u00e9quemment pos\u00e9es. Si vous avez une question qui ne figure pas dans cette liste, <a href=\"https:\/\/www.langir.com\/fr\/contact\/\">veuillez nous contacter.<\/a><\/p>\n\n\t\t<\/div>\n\t<\/div>\n\n<div class=\"vc-zigzag-wrapper vc-zigzag-align-center\"><div class=\"vc-zigzag-inner\" style=\"width: 100%;min-height: 14px;background: 0 repeat-x url(&#039;data:image\/svg+xml;utf-8,%3C%3Fxml%20version%3D%221.0%22%20encoding%3D%22utf-8%22%3F%3E%3C%21DOCTYPE%20svg%20PUBLIC%20%22-%2F%2FW3C%2F%2FDTD%20SVG%201.1%2F%2FEN%22%20%22http%3A%2F%2Fwww.w3.org%2FGraphics%2FSVG%2F1.1%2FDTD%2Fsvg11.dtd%22%3E%3Csvg%20width%3D%2214px%22%20height%3D%2212px%22%20viewBox%3D%220%200%2018%2015%22%20version%3D%221.1%22%20xmlns%3D%22http%3A%2F%2Fwww.w3.org%2F2000%2Fsvg%22%20xmlns%3Axlink%3D%22http%3A%2F%2Fwww.w3.org%2F1999%2Fxlink%22%3E%3Cpolygon%20id%3D%22Combined-Shape%22%20fill%3D%22%23ebebeb%22%20points%3D%228.98762301%200%200%209.12771969%200%2014.519983%209%205.40479869%2018%2014.519983%2018%209.12771969%22%3E%3C%2Fpolygon%3E%3C%2Fsvg%3E&#039;);\"><\/div><\/div>\n\t<div class=\"wpb_text_column wpb_content_element\" >\n\t\t<div class=\"wpb_wrapper\">\n\t\t\t<p><strong style=\"color: #000;\">Comment puis-je effectuer une recherche avanc\u00e9e sur ce site ?<\/strong><\/p>\n\n\t\t<\/div>\n\t<\/div>\n\n\t<div class=\"wpb_text_column wpb_content_element\" >\n\t\t<div class=\"wpb_wrapper\">\n\t\t\t<p>Remplissez la case \"vous voulez la taille\" dans la bo\u00eete de recherche.<\/p>\n\n\t\t<\/div>\n\t<\/div>\n\n\t<div class=\"wpb_text_column wpb_content_element\" >\n\t\t<div class=\"wpb_wrapper\">\n\t\t\t<p><strong style=\"color: #000;\">Comment savoir si un interrupteur est lavable ou scell\u00e9 ?<\/strong><\/p>\n\n\t\t<\/div>\n\t<\/div>\n\n\t<div class=\"wpb_text_column wpb_content_element\" >\n\t\t<div class=\"wpb_wrapper\">\n\t\t\t<p>Sur la page de d\u00e9tail du produit de chaque s\u00e9rie, vous trouverez des informations sur l'interrupteur. S'il est lavable ou scell\u00e9 selon un certain indice IP, il en sera fait mention sur la page de d\u00e9tail du produit. Pour acc\u00e9der \u00e0 la page d\u00e9taill\u00e9e du produit, rendez-vous sur notre site web <a href=\"https:\/\/www.langir.com\/fr\/catalogues\/\" rel=\"noopener\">catalogue de produits<\/a> et effectuer une recherche par type ou par caract\u00e9ristique.<br \/>\nOn peut supposer que tous les commutateurs Langir sont conformes aux normes suivantes <a href=\"https:\/\/www.langir.com\/fr\/protection-ratings\/\">EN 60529<\/a>.<\/p>\n\n\t\t<\/div>\n\t<\/div>\n\n\t<div class=\"wpb_text_column wpb_content_element\" >\n\t\t<div class=\"wpb_wrapper\">\n\t\t\t<p><strong style=\"color: #000;\">Comment savoir si un num\u00e9ro de pi\u00e8ce est certifi\u00e9 RoHS ?<\/strong><\/p>\n\n\t\t<\/div>\n\t<\/div>\n\n\t<div class=\"wpb_text_column wpb_content_element\" >\n\t\t<div class=\"wpb_wrapper\">\n\t\t\t<p>Il est prudent de noter que tous nos commutateurs sont conformes aux normes RoHS. Vous pouvez trouver notre biblioth\u00e8que compl\u00e8te de certifications RoHS par num\u00e9ro de pi\u00e8ce, <a href=\"https:\/\/www.langir.com\/fr\/certifications\/\" rel=\"noopener\">Certifications<\/a>.<\/p>\n\n\t\t<\/div>\n\t<\/div>\n\n\t<div class=\"wpb_text_column wpb_content_element\" >\n\t\t<div class=\"wpb_wrapper\">\n\t\t\t<p><strong style=\"color: #000;\">Quel est le profil de soudure recommand\u00e9 ?<\/strong><\/p>\n\n\t\t<\/div>\n\t<\/div>\n\n\t<div class=\"wpb_text_column wpb_content_element\" >\n\t\t<div class=\"wpb_wrapper\">\n\t\t\t<p>Nous avons des recommandations de profils de soudure pour les proc\u00e9d\u00e9s de brasage manuel, de refusion SMT et de brasage \u00e0 la vague. Vous pouvez trouver nos recommandations <a href=\"https:\/\/www.langir.com\/fr\/soldering-profiles\/\">Profils de soudure<\/a>.<\/p>\n\n\t\t<\/div>\n\t<\/div>\n\n\t<div class=\"wpb_text_column wpb_content_element\" >\n\t\t<div class=\"wpb_wrapper\">\n\t\t\t<p><strong style=\"color: #000;\">Quelle est la taille de Langir ?<\/strong><\/p>\n\n\t\t<\/div>\n\t<\/div>\n\n\t<div class=\"wpb_text_column wpb_content_element\" >\n\t\t<div class=\"wpb_wrapper\">\n\t\t\t<p>Les produits 80% sont vendus dans plus de 50 pays et r\u00e9gions tels que l'Am\u00e9rique, le Japon, la Cor\u00e9e du Sud, le Canada, l'Europe, l'Am\u00e9rique du Sud, l'Australie, l'Asie du Sud-Est, l'Afrique, etc. et ont acquis une grande popularit\u00e9 dans divers pays et r\u00e9gions.<\/p>\n\n\t\t<\/div>\n\t<\/div>\n\n\t<div class=\"wpb_text_column wpb_content_element\" >\n\t\t<div class=\"wpb_wrapper\">\n\t\t\t<p><strong style=\"color: #000;\">Quelle est la valeur fondamentale de Langir ?<\/strong><\/p>\n\n\t\t<\/div>\n\t<\/div>\n\n\t<div class=\"wpb_text_column wpb_content_element\" >\n\t\t<div class=\"wpb_wrapper\">\n\t\t\t<p>La valeur fondamentale de la marque est la culture de Langir, qui consiste principalement \u00e0 <a title=\"Interrupteur anti-vandalisme, interrupteur pi\u00e9zo\u00e9lectrique, interrupteur capacitif et interrupteur \u00e0 capteur de distance\" href=\"\/fr\/category\/panel-switches\/\">Interrupteur de panneau<\/a>, <a title=\"Claviers pi\u00e9zo\u00e9lectriques et claviers tactiles\" href=\"\/fr\/category\/control-panels\/\">Panneaux de contr\u00f4le<\/a>\u00a0et <a title=\"Protection des circuits\" href=\"\/fr\/category\/circuit-protection\/\">Protection des circuits<\/a> etc., et diffuser constamment la qualit\u00e9 des produits \u00e0 chaque personne, \u00e0 chaque client. \"Cr\u00e9er un temps intelligent\" constitue une marque Langir \u00e0 part enti\u00e8re.<\/p>\n\n\t\t<\/div>\n\t<\/div>\n\n\t<div class=\"wpb_text_column wpb_content_element\" >\n\t\t<div class=\"wpb_wrapper\">\n\t\t\t<p class=\"accordion-head title-color gdl-title\"><strong style=\"color: #000;\">Quels sont les principaux produits de Langir ?<\/strong><\/p>\n\n\t\t<\/div>\n\t<\/div>\n\n\t<div class=\"wpb_text_column wpb_content_element\" >\n\t\t<div class=\"wpb_wrapper\">\n\t\t\t<p>Langir est sp\u00e9cialis\u00e9 dans la fabrication, la commercialisation et la recherche et le d\u00e9veloppement des produits suivants <a title=\"Interrupteur anti-vandalisme, interrupteur pi\u00e9zo\u00e9lectrique, interrupteur capacitif et interrupteur \u00e0 capteur de distance\" href=\"\/fr\/category\/panel-switches\/\">Interrupteur de panneau<\/a>, <a title=\"Claviers pi\u00e9zo\u00e9lectriques et claviers tactiles\" href=\"\/fr\/category\/control-panels\/\">Panneaux de contr\u00f4le<\/a>\u00a0et <a title=\"Protection des circuits\" href=\"\/fr\/category\/circuit-protection\/\">Protection des circuits<\/a> et ainsi de suite.<\/p>\n\n\t\t<\/div>\n\t<\/div>\n\n\t<div class=\"wpb_text_column wpb_content_element\" >\n\t\t<div class=\"wpb_wrapper\">\n\t\t\t<p><strong style=\"color: #000;\">Comment vos produits peuvent-ils \u00eatre utilis\u00e9s ou appliqu\u00e9s ?<\/strong><\/p>\n\n\t\t<\/div>\n\t<\/div>\n\n\t<div class=\"wpb_text_column wpb_content_element\" >\n\t\t<div class=\"wpb_wrapper\">\n\t\t\t<p>Le produit est largement utilis\u00e9 dans les secteurs de l'\u00e9lectronique et de l'\u00e9lectricit\u00e9, de l'information et de la communication, de l'\u00e9lectronique automobile, de la production de s\u00e9curit\u00e9, de l'espace et de l'aviation, de l'industrie p\u00e9trochimique et de la construction, etc. Etc.<\/p>\n\n\t\t<\/div>\n\t<\/div>\n\n\t<div class=\"wpb_text_column wpb_content_element\" >\n\t\t<div class=\"wpb_wrapper\">\n\t\t\t<p class=\"accordion-head title-color gdl-title\"><strong style=\"color: #000;\">Quels sont les d\u00e9lais de livraison ?<\/strong><\/p>\n\n\t\t<\/div>\n\t<\/div>\n\n\t<div class=\"wpb_text_column wpb_content_element\" >\n\t\t<div class=\"wpb_wrapper\">\n\t\t\t<p>Cela d\u00e9pend des produits. En r\u00e8gle g\u00e9n\u00e9rale, les produits standard sont livr\u00e9s dans un d\u00e9lai de 5 \u00e0 25 jours. Le d\u00e9lai de livraison des produits sp\u00e9ciaux d\u00e9pend du temps n\u00e9cessaire \u00e0 l'ach\u00e8vement des produits.<\/p>\n\n\t\t<\/div>\n\t<\/div>\n\n\t<div class=\"wpb_text_column wpb_content_element\" >\n\t\t<div class=\"wpb_wrapper\">\n\t\t\t<p><strong style=\"color: #000;\">Langir a-t-il des avantages \u00e0 exporter des produits ?<\/strong><\/p>\n\n\t\t<\/div>\n\t<\/div>\n\n\t<div class=\"wpb_text_column wpb_content_element\" >\n\t\t<div class=\"wpb_wrapper\">\n\t\t\t<p>Langir a mis en place un ensemble complet de syst\u00e8mes de gestion et a obtenu la certification ISO9001:2008 du syst\u00e8me international de gestion de la qualit\u00e9, ainsi qu'un rapport d'inspection d'usine SGS de la part de nombreuses entreprises du Top 500.<\/p>\n\n\t\t<\/div>\n\t<\/div>\n\n\t<div class=\"wpb_text_column wpb_content_element\" >\n\t\t<div class=\"wpb_wrapper\">\n\t\t\t<p><strong style=\"color: #000;\">Quels sont vos modes de paiement habituels ?<\/strong><\/p>\n\n\t\t<\/div>\n\t<\/div>\n\n\t<div class=\"wpb_text_column wpb_content_element\" >\n\t\t<div class=\"wpb_wrapper\">\n\t\t\t<p>T\/T, L\/C, PayPal, Western Union, MoneyGram, Escrow et Alipay<\/p>\n\n\t\t<\/div>\n\t<\/div>\n\n\t<div class=\"wpb_text_column wpb_content_element\" >\n\t\t<div class=\"wpb_wrapper\">\n\t\t\t<p><strong style=\"color: #000;\">Les produits sont-ils couverts par une garantie ?<\/strong><\/p>\n\n\t\t<\/div>\n\t<\/div>\n\n\t<div class=\"wpb_text_column wpb_content_element\" >\n\t\t<div class=\"wpb_wrapper\">\n\t\t\t<p>Tous nos produits b\u00e9n\u00e9ficient d'une garantie compl\u00e8te d'un an sur les pi\u00e8ces principales, sans pi\u00e8ce d'usure rapide.<\/p>\n\n\t\t<\/div>\n\t<\/div>\n\n\t<div class=\"wpb_text_column wpb_content_element\" >\n\t\t<div class=\"wpb_wrapper\">\n\t\t\t<p><strong style=\"color: #000;\">En cas de probl\u00e8me, comment r\u00e9parer les produits pour nous ?<\/strong><\/p>\n\n\t\t<\/div>\n\t<\/div>\n\n\t<div class=\"wpb_text_column wpb_content_element\" >\n\t\t<div class=\"wpb_wrapper\">\n\t\t\t<p>L'aide peut \u00eatre fournie soit par t\u00e9l\u00e9phone en vous envoyant les pi\u00e8ces \u00e0 r\u00e9parer, soit en vous demandant de nous renvoyer les produits pour qu'ils soient r\u00e9par\u00e9s.<\/p>\n\n\t\t<\/div>\n\t<\/div>\n\n<div class=\"vc-zigzag-wrapper vc-zigzag-align-center\"><div class=\"vc-zigzag-inner\" style=\"width: 100%;min-height: 14px;background: 0 repeat-x url(&#039;data:image\/svg+xml;utf-8,%3C%3Fxml%20version%3D%221.0%22%20encoding%3D%22utf-8%22%3F%3E%3C%21DOCTYPE%20svg%20PUBLIC%20%22-%2F%2FW3C%2F%2FDTD%20SVG%201.1%2F%2FEN%22%20%22http%3A%2F%2Fwww.w3.org%2FGraphics%2FSVG%2F1.1%2FDTD%2Fsvg11.dtd%22%3E%3Csvg%20width%3D%2214px%22%20height%3D%2212px%22%20viewBox%3D%220%200%2018%2015%22%20version%3D%221.1%22%20xmlns%3D%22http%3A%2F%2Fwww.w3.org%2F2000%2Fsvg%22%20xmlns%3Axlink%3D%22http%3A%2F%2Fwww.w3.org%2F1999%2Fxlink%22%3E%3Cpolygon%20id%3D%22Combined-Shape%22%20fill%3D%22%23ebebeb%22%20points%3D%228.98762301%200%200%209.12771969%200%2014.519983%209%205.40479869%2018%2014.519983%2018%209.12771969%22%3E%3C%2Fpolygon%3E%3C%2Fsvg%3E&#039;);\"><\/div><\/div>\n\t<div class=\"wpb_text_column wpb_content_element vc_custom_1774859208569\" >\n\t\t<div class=\"wpb_wrapper\">\n\t\t\t<p><iframe style=\"width: 100%; border: none;\" title=\"Formulaire Wufoo int\u00e9gr\u00e9\" src=\"https:\/\/langir.wufoo.com\/embed\/zcdgace1ql3iv4\/\" height=\"766\" frameborder=\"0\" scrolling=\"no\" sandbox=\"allow-popups-to-escape-sandbox allow-top-navigation allow-scripts allow-popups allow-forms allow-same-origin\"> <a href=\"https:\/\/langir.wufoo.com\/forms\/zcdgace1ql3iv4\/\" target=\"_blank\" rel=\"noopener\">Remplissez mon formulaire Wufoo !<\/a> <\/iframe><\/p>\n\n\t\t<\/div>\n\t<\/div>\n<\/div><\/div><\/div><\/div>\n<\/div>","protected":false},"excerpt":{"rendered":"Below are some of our most frequently asked questions. If you have a question that is not on here, please contact us. How can I perform an advanced search on this site? Fill in you want the szie in search box. How do I know if a switch is washable or sealed? On the product [...]","protected":false},"author":1,"featured_media":7442,"parent":0,"menu_order":34,"comment_status":"closed","ping_status":"closed","template":"page-default.php","meta":{"_acf_changed":false,"footnotes":""},"class_list":["post-7441","page","type-page","status-publish","has-post-thumbnail","hentry","entry"],"acf":[],"post_mailing_queue_ids":[],"_links":{"self":[{"href":"https:\/\/www.langir.com\/fr\/wp-json\/wp\/v2\/pages\/7441","targetHints":{"allow":["GET"]}}],"collection":[{"href":"https:\/\/www.langir.com\/fr\/wp-json\/wp\/v2\/pages"}],"about":[{"href":"https:\/\/www.langir.com\/fr\/wp-json\/wp\/v2\/types\/page"}],"author":[{"embeddable":true,"href":"https:\/\/www.langir.com\/fr\/wp-json\/wp\/v2\/users\/1"}],"replies":[{"embeddable":true,"href":"https:\/\/www.langir.com\/fr\/wp-json\/wp\/v2\/comments?post=7441"}],"version-history":[{"count":2,"href":"https:\/\/www.langir.com\/fr\/wp-json\/wp\/v2\/pages\/7441\/revisions"}],"predecessor-version":[{"id":16173,"href":"https:\/\/www.langir.com\/fr\/wp-json\/wp\/v2\/pages\/7441\/revisions\/16173"}],"wp:featuredmedia":[{"embeddable":true,"href":"https:\/\/www.langir.com\/fr\/wp-json\/wp\/v2\/media\/7442"}],"wp:attachment":[{"href":"https:\/\/www.langir.com\/fr\/wp-json\/wp\/v2\/media?parent=7441"}],"curies":[{"name":"wp","href":"https:\/\/api.w.org\/{rel}","templated":true}]}}