{"id":7449,"date":"2019-11-21T08:50:32","date_gmt":"2019-11-21T08:50:32","guid":{"rendered":"https:\/\/www.langir.com\/?page_id=7449"},"modified":"2020-08-31T07:22:55","modified_gmt":"2020-08-31T07:22:55","slug":"jobs-careers","status":"publish","type":"page","link":"https:\/\/www.langir.com\/fr\/jobs-careers\/","title":{"rendered":"Emplois et carri\u00e8res"},"content":{"rendered":"<div class=\"wpb-content-wrapper\"><div class=\"vc_row wpb_row vc_row-fluid\"><div class=\"wpb_column vc_column_container vc_col-sm-12\"><div class=\"vc_column-inner\"><div class=\"wpb_wrapper\">\n\t<div class=\"wpb_text_column wpb_content_element vc_custom_1428396705815\" >\n\t\t<div class=\"wpb_wrapper\">\n\t\t\t<p>Chez LANGIR, nous sommes convaincus que les personnes sont la cl\u00e9 de notre succ\u00e8s.<\/p>\n\n\t\t<\/div>\n\t<\/div>\n\n\t<div class=\"wpb_text_column wpb_content_element\" >\n\t\t<div class=\"wpb_wrapper\">\n\t\t\t<p>Chez LANGIR, vous trouverez un environnement de travail enrichissant et en constante \u00e9volution. Nous vous offrons des opportunit\u00e9s de carri\u00e8re dans le monde entier pour vous mettre au d\u00e9fi et acqu\u00e9rir de nouvelles comp\u00e9tences.<\/p>\n\n\t\t<\/div>\n\t<\/div>\n\n\t<div class=\"wpb_text_column wpb_content_element\" >\n\t\t<div class=\"wpb_wrapper\">\n\t\t\t<p>Nous recherchons en permanence des talents qui font preuve de souplesse dans leur fa\u00e7on de penser et d'agir ; de futurs coll\u00e8gues qui aiment l'innovation et sont motiv\u00e9s pour rejoindre un environnement de travail dynamique qui valorise le travail d'\u00e9quipe, l'esprit d'entreprise et l'ouverture d'esprit.<\/p>\n\n\t\t<\/div>\n\t<\/div>\n<\/div><\/div><\/div><\/div><div class=\"vc_row wpb_row vc_row-fluid\"><div class=\"wpb_column vc_column_container vc_col-sm-12\"><div class=\"vc_column-inner\"><div class=\"wpb_wrapper\">\n\t<div class=\"wpb_text_column wpb_content_element\" >\n\t\t<div class=\"wpb_wrapper\">\n\t\t\t<p><strong>Postes \u00e0 pourvoir<\/strong><\/p>\n\n\t\t<\/div>\n\t<\/div>\n<\/div><\/div><\/div><\/div><div class=\"vc_row wpb_row vc_row-fluid jobscareers\"><div class=\"wpb_column vc_column_container vc_col-sm-4\"><div class=\"vc_column-inner\"><div class=\"wpb_wrapper\">\n\t<div class=\"wpb_raw_code wpb_raw_html wpb_content_element\" >\n\t\t<div class=\"wpb_wrapper\">\n\t\t\t<h4><span style=\"color: #ff0000;\">Dipl\u00f4m\u00e9s<\/span><\/h4>\n<p>Wenzhou, Chine<br>\n13 Apr.2015<\/p>\n\t\t<\/div>\n\t<\/div>\n<\/div><\/div><\/div><div class=\"wpb_column vc_column_container vc_col-sm-8\"><div class=\"vc_column-inner\"><div class=\"wpb_wrapper\">\n\t<div class=\"wpb_text_column wpb_content_element\" >\n\t\t<div class=\"wpb_wrapper\">\n\t\t\t<p>\u00c9tudiants en fin d'\u00e9tudes avec une sp\u00e9cialisation en gestion, commerce international ou automatisation.<\/p>\n<ul>\n<li>z\u00e9l\u00e9 pour le commerce international, l'industrie m\u00e9canique et les ventes en ligne.<\/li>\n<li>Sensible au march\u00e9, fid\u00e8le \u00e0 la marque.<\/li>\n<li>travailler dur.<\/li>\n<li>modeste et d\u00e9sireux d'apprendre de nouvelles choses.<\/li>\n<li>solides connaissances professionnelles, forte capacit\u00e9 d'autodiscipline<\/li>\n<\/ul>\n\n\t\t<\/div>\n\t<\/div>\n<\/div><\/div><\/div><\/div><div class=\"vc_row wpb_row vc_row-fluid jobscareers\"><div class=\"wpb_column vc_column_container vc_col-sm-4\"><div class=\"vc_column-inner\"><div class=\"wpb_wrapper\">\n\t<div class=\"wpb_raw_code wpb_raw_html wpb_content_element\" >\n\t\t<div class=\"wpb_wrapper\">\n\t\t\t<h4><span style=\"color: #ff0000;\">Responsable du contr\u00f4le de la qualit\u00e9<\/span><\/h4>\n<p>Wenzhou, Chine<br>\n15 Apr.2015<\/p>\n\t\t<\/div>\n\t<\/div>\n<\/div><\/div><\/div><div class=\"wpb_column vc_column_container vc_col-sm-8\"><div class=\"vc_column-inner\"><div class=\"wpb_wrapper\">\n\t<div class=\"wpb_text_column wpb_content_element\" >\n\t\t<div class=\"wpb_wrapper\">\n\t\t\t<p>Description :<\/p>\n<ul>\n<li>Mise en \u0153uvre de l'indice de qualit\u00e9, \u00e9laboration de r\u00e8gles et de r\u00e8glements en mati\u00e8re de contr\u00f4le de la qualit\u00e9, mise en place d'un syst\u00e8me de gestion de la qualit\u00e9<\/li>\n<li>\u00c9diter, examiner et compl\u00e9ter diverses instructions d'op\u00e9ration<\/li>\n<li>Tester les \u00e9chantillons, les commandes et les produits non qualifi\u00e9s<\/li>\n<li>Aide \u00e0 la s\u00e9lection de fournisseurs qualifi\u00e9s<\/li>\n<li>Analyser l'\u00e9tat du contr\u00f4le de qualit\u00e9, prendre des mesures pour corriger et pr\u00e9venir toute erreur de qualit\u00e9.<\/li>\n<li>Organiser des r\u00e9unions r\u00e9guli\u00e8res, rendre compte au directeur g\u00e9n\u00e9ral de l'\u00e9tat du contr\u00f4le de la qualit\u00e9 et donner des conseils professionnels.<\/li>\n<\/ul>\n\n\t\t<\/div>\n\t<\/div>\n<\/div><\/div><\/div><\/div><div class=\"vc_row wpb_row vc_row-fluid jobscareers\"><div class=\"wpb_column vc_column_container vc_col-sm-4\"><div class=\"vc_column-inner\"><div class=\"wpb_wrapper\">\n\t<div class=\"wpb_raw_code wpb_raw_html wpb_content_element\" >\n\t\t<div class=\"wpb_wrapper\">\n\t\t\t<h4><span style=\"color: #ff0000;\">Ventes internationales<\/span><\/h4>\n<p>Wenzhou, Chine<br>\n15 Apr.2015<\/p>\n\t\t<\/div>\n\t<\/div>\n<\/div><\/div><\/div><div class=\"wpb_column vc_column_container vc_col-sm-8\"><div class=\"vc_column-inner\"><div class=\"wpb_wrapper\">\n\t<div class=\"wpb_text_column wpb_content_element\" >\n\t\t<div class=\"wpb_wrapper\">\n\t\t\t<p>Qualifications :<\/p>\n<ul>\n<li>Titulaire d'une licence en marketing, commerce international ou anglais.<\/li>\n<li>Au moins deux ans d'exp\u00e9rience professionnelle dans les domaines du mat\u00e9riel, de la m\u00e9canique ou de l'\u00e9quipement \u00e9lectrique.<\/li>\n<li>Comp\u00e9tences en mati\u00e8re de marketing, de promotion des produits, de commerce ext\u00e9rieur et d'informatique.<\/li>\n<li>Familiarisation avec la prospection des march\u00e9s d'outre-mer et le processus de commerce ext\u00e9rieur<\/li>\n<li>Connaissance approfondie du march\u00e9 et capacit\u00e9 de planification des ventes<\/li>\n<li>Capacit\u00e9 impressionnante \u00e0 \u00e9crire, parler et comprendre l'anglais et le chinois<\/li>\n<\/ul>\n\n\t\t<\/div>\n\t<\/div>\n<\/div><\/div><\/div><\/div><div class=\"vc_row wpb_row vc_row-fluid\"><div class=\"wpb_column vc_column_container vc_col-sm-4\"><div class=\"vc_column-inner\"><div class=\"wpb_wrapper\">\n\t<div class=\"wpb_raw_code wpb_raw_js\" >\n\t\t<div class=\"wpb_wrapper\">\n\t\t\t<h4><span style=\"color: #ff0000;\">Gestionnaire des exportations<\/span><\/h4>\n<p>Wenzhou, Chine<br>\n15 Apr.2015<\/p>\n\t\t<\/div>\n\t<\/div>\n\n\t<div class=\"wpb_text_column wpb_content_element\" >\n\t\t<div class=\"wpb_wrapper\">\n\t\t\t\n\t\t<\/div>\n\t<\/div>\n<\/div><\/div><\/div><div class=\"wpb_column vc_column_container vc_col-sm-8\"><div class=\"vc_column-inner\"><div class=\"wpb_wrapper\">\n\t<div class=\"wpb_text_column wpb_content_element\" >\n\t\t<div class=\"wpb_wrapper\">\n\t\t\t<p>Nous recherchons des responsables des exportations ayant plus de deux ans d'exp\u00e9rience professionnelle dans les domaines du mat\u00e9riel, de la m\u00e9canique et de l'\u00e9lectricit\u00e9. Ce poste vous offrira de nombreuses possibilit\u00e9s de promotion.<br \/>\n<strong>Attributs cl\u00e9s :<\/strong><\/p>\n<ul>\n<li>Exp\u00e9rience professionnelle : 1-3 ans<\/li>\n<li>Formation : Licence<\/li>\n<li>Exp\u00e9rience en mati\u00e8re de gestion : AUCUNE exigence<\/li>\n<li>Statut : Temps plein<\/li>\n<\/ul>\n\n\t\t<\/div>\n\t<\/div>\n<\/div><\/div><\/div><\/div>\n<\/div>","protected":false},"excerpt":{"rendered":"At LANGIR we are convinced that people are the key to our success. At LANGIR you will find an ever-changing and rewarding work environment. We give you career opportunities around the world to challenge yourself and to learn new skills. We are continuously looking for talents that are flexible in the way they think and [...]","protected":false},"author":1,"featured_media":7439,"parent":0,"menu_order":32,"comment_status":"closed","ping_status":"closed","template":"page-default.php","meta":{"_acf_changed":false,"_metasync_otto_title":"","_metasync_otto_description":"","rank_math_title":"%title% | Electric Switches - %sitename%","rank_math_description":"At LANGIR you will find an rewarding work environment. We give you career opportunities around the world to challenge yourself.","_yoast_wpseo_title":"","_yoast_wpseo_metadesc":"","footnotes":""},"class_list":["post-7449","page","type-page","status-publish","has-post-thumbnail","hentry","entry"],"acf":[],"post_mailing_queue_ids":[],"_links":{"self":[{"href":"https:\/\/www.langir.com\/fr\/wp-json\/wp\/v2\/pages\/7449","targetHints":{"allow":["GET"]}}],"collection":[{"href":"https:\/\/www.langir.com\/fr\/wp-json\/wp\/v2\/pages"}],"about":[{"href":"https:\/\/www.langir.com\/fr\/wp-json\/wp\/v2\/types\/page"}],"author":[{"embeddable":true,"href":"https:\/\/www.langir.com\/fr\/wp-json\/wp\/v2\/users\/1"}],"replies":[{"embeddable":true,"href":"https:\/\/www.langir.com\/fr\/wp-json\/wp\/v2\/comments?post=7449"}],"version-history":[{"count":0,"href":"https:\/\/www.langir.com\/fr\/wp-json\/wp\/v2\/pages\/7449\/revisions"}],"wp:featuredmedia":[{"embeddable":true,"href":"https:\/\/www.langir.com\/fr\/wp-json\/wp\/v2\/media\/7439"}],"wp:attachment":[{"href":"https:\/\/www.langir.com\/fr\/wp-json\/wp\/v2\/media?parent=7449"}],"curies":[{"name":"wp","href":"https:\/\/api.w.org\/{rel}","templated":true}]}}