{"id":7463,"date":"2019-11-21T08:58:30","date_gmt":"2019-11-21T08:58:30","guid":{"rendered":"https:\/\/www.langir.com\/?page_id=7463"},"modified":"2026-03-30T08:51:20","modified_gmt":"2026-03-30T08:51:20","slug":"privacy-policy","status":"publish","type":"page","link":"https:\/\/www.langir.com\/fr\/privacy-policy\/","title":{"rendered":"Politique de confidentialit\u00e9"},"content":{"rendered":"<div class=\"wpb-content-wrapper\"><div class=\"vc_row wpb_row vc_row-fluid\"><div class=\"wpb_column vc_column_container vc_col-sm-12\"><div class=\"vc_column-inner\"><div class=\"wpb_wrapper\">\n\t<div class=\"wpb_text_column wpb_content_element vc_custom_1426432726294\" >\n\t\t<div class=\"wpb_wrapper\">\n\t\t\t<h3 style=\"text-align: center;\">CONDITIONS D'UTILISATION<\/h3>\n\n\t\t<\/div>\n\t<\/div>\n\n\t<div class=\"wpb_text_column wpb_content_element\" >\n\t\t<div class=\"wpb_wrapper\">\n\t\t\t<p><strong style=\"color: #000;\">Avis de droit d'auteur<\/strong><\/p>\n<div id=\"xunlei_com_thunder_helper_plugin_d462f475-c18e-46be-bd10-327458d045bd\"><\/div>\n\n\t\t<\/div>\n\t<\/div>\n\n\t<div class=\"wpb_text_column wpb_content_element vc_custom_1774860608072\" >\n\t\t<div class=\"wpb_wrapper\">\n\t\t\t<p>Le contenu du site web est prot\u00e9g\u00e9 par le droit d'auteur \u00a9 2015 LANGIR (ou ses filiales si indiqu\u00e9 et\/ou ses conc\u00e9dants de licence), 2F, No.10 Longhe East Road, Liushi, Wenzhou, Zhejiang, China 325604 Tous droits r\u00e9serv\u00e9s.<\/p>\n\n\t\t<\/div>\n\t<\/div>\n\n\t<div class=\"wpb_text_column wpb_content_element vc_custom_1426429652776\" >\n\t\t<div class=\"wpb_wrapper\">\n\t\t\t<p>Les informations contenues dans le site web, y compris, mais sans s'y limiter, les textes, les images et les sons, ne peuvent \u00eatre reproduites, transf\u00e9r\u00e9es, distribu\u00e9es ou stock\u00e9es, sauf \u00e0 des fins strictement priv\u00e9es ou lorsque cela est indiqu\u00e9, sans l'autorisation \u00e9crite pr\u00e9alable de LANGIR. Il est express\u00e9ment interdit de modifier le contenu du site web. Certaines parties du site web contiennent des images qui sont soumises aux droits d'auteur de leurs fournisseurs.<\/p>\n\n\t\t<\/div>\n\t<\/div>\n\n\t<div class=\"wpb_text_column wpb_content_element vc_custom_1426478451014\" >\n\t\t<div class=\"wpb_wrapper\">\n\t\t\t<p><strong style=\"color: #000;\">Marques d\u00e9pos\u00e9es<\/strong> <\/p>\n\n\t\t<\/div>\n\t<\/div>\n\n\t<div class=\"wpb_text_column wpb_content_element\" >\n\t\t<div class=\"wpb_wrapper\">\n\t\t\t<p>Sauf indication contraire sur le site web, les marques affich\u00e9es, les logos d'entreprise et les embl\u00e8mes sont soumis aux droits de marque de LANGIR (ou de ses filiales).<\/p>\n\n\t\t<\/div>\n\t<\/div>\n\n\t<div class=\"wpb_text_column wpb_content_element\" >\n\t\t<div class=\"wpb_wrapper\">\n\t\t\t<p><strong style=\"color: #000;\">AUCUNE GARANTIE OU REPR\u00c9SENTATION<\/strong> <\/p>\n\n\t\t<\/div>\n\t<\/div>\n\n\t<div class=\"wpb_text_column wpb_content_element\" >\n\t\t<div class=\"wpb_wrapper\">\n\t\t\t<p>LES INFORMATIONS FIGURANT SUR CE SITE WEB SONT FOURNIES \"EN L'\u00c9TAT\". EN AUCUN CAS LANGIR ELECTRIC NE SERA RESPONSABLE ENVERS UNE QUELCONQUE PARTIE DE DOMMAGES DIRECTS, INDIRECTS, SP\u00c9CIAUX OU AUTRES DOMMAGES CONS\u00c9CUTIFS \u00c0 L'UTILISATION DE CE SITE WEB OU DE TOUT AUTRE SITE WEB ACCESSIBLE PAR UN HYPERLIEN, Y COMPRIS, MAIS SANS S'Y LIMITER, TOUTE PERTE DE B\u00c9N\u00c9FICES, INTERRUPTION D'ACTIVIT\u00c9, PERTE DE PROGRAMMES OU D'AUTRES DONN\u00c9ES SUR VOTRE SYST\u00c8ME DE TRAITEMENT DE L'INFORMATION OU AUTRE, M\u00caME SI NOUS AVONS \u00c9T\u00c9 EXPRESS\u00c9MENT INFORM\u00c9S DE LA POSSIBILIT\u00c9 DE TELS DOMMAGES.<\/p>\n\n\t\t<\/div>\n\t<\/div>\n\n\t<div class=\"wpb_text_column wpb_content_element\" >\n\t\t<div class=\"wpb_wrapper\">\n\t\t\t<p>Le LANGIR ne donne aucune garantie et\/ou ne fait aucune d\u00e9claration concernant tout autre site web auquel vous pouvez acc\u00e9der par l'interm\u00e9diaire de ce site. Ces garanties et\/ou repr\u00e9sentations ne sont fournies qu'\u00e0 titre de commodit\u00e9 et ne signifient pas que le LANGIR approuve ou accepte la responsabilit\u00e9 du contenu ou de l'utilisation de ce site web. En outre, il vous appartient de prendre des pr\u00e9cautions et de vous assurer que tout ce que vous s\u00e9lectionnez pour votre usage est exempt de virus, de vers, de chevaux de Troie et d'autres \u00e9l\u00e9ments de nature destructive. Les informations contenues sur ce site web peuvent contenir des inexactitudes techniques ou des erreurs typographiques. Les informations contenues sur ce site web peuvent \u00eatre modifi\u00e9es \u00e0 tout moment sans notification pr\u00e9alable ni obligation. Les informations publi\u00e9es sur le site web peuvent contenir des r\u00e9f\u00e9rences ou des renvois \u00e0 des produits, services, etc. de LANGIR qui ne sont pas annonc\u00e9s ou disponibles dans votre pays. L'exactitude de ces informations ne peut \u00eatre garantie, en particulier parce que ces informations sont sujettes \u00e0 des changements, \u00e0 des exigences sp\u00e9cifiques ou \u00e0 la disponibilit\u00e9 et que ces r\u00e9f\u00e9rences n'impliquent pas que LANGIR ait l'intention d'annoncer ces produits, services, etc. dans votre pays. Contactez votre revendeur local pour obtenir tous les d\u00e9tails concernant les produits, services, etc. qui peuvent \u00eatre disponibles pour vous et pour passer commande.<\/p>\n\n\t\t<\/div>\n\t<\/div>\n\n\t<div class=\"wpb_text_column wpb_content_element\" >\n\t\t<div class=\"wpb_wrapper\">\n\t\t\t<p><strong style=\"color: #000;\">Commentaires, questions ou suggestions<\/strong> <\/p>\n\n\t\t<\/div>\n\t<\/div>\n\n\t<div class=\"wpb_text_column wpb_content_element\" >\n\t\t<div class=\"wpb_wrapper\">\n\t\t\t<p>Veuillez noter que toute information, suggestion non sollicit\u00e9e, id\u00e9e ou autre soumission sera consid\u00e9r\u00e9e comme non confidentielle et non exclusive. En envoyant des informations ou du mat\u00e9riel, vous accordez \u00e0 LANGIR et\/ou \u00e0 ses filiales une licence illimit\u00e9e et irr\u00e9vocable pour utiliser, reproduire, afficher, ex\u00e9cuter, modifier, transmettre et distribuer ce mat\u00e9riel ou ces informations, et vous acceptez \u00e9galement que LANGIR et\/ou ses filiales soient libres d'utiliser les id\u00e9es, les concepts, le savoir-faire ou les techniques que vous nous envoyez \u00e0 n'importe quelle fin.<\/p>\n\n\t\t<\/div>\n\t<\/div>\n\n\t<div class=\"wpb_text_column wpb_content_element\" >\n\t\t<div class=\"wpb_wrapper\">\n\t\t\t<p><strong style=\"color: #000;\">Fiches sp\u00e9cifiques disponibles sur le site web<\/strong> <\/p>\n\n\t\t<\/div>\n\t<\/div>\n\n\t<div class=\"wpb_text_column wpb_content_element\" >\n\t\t<div class=\"wpb_wrapper\">\n\t\t\t<p>Tout fichier pouvant \u00eatre t\u00e9l\u00e9charg\u00e9 \u00e0 partir de ce site web est une \u0153uvre prot\u00e9g\u00e9e par le droit d'auteur de LANGIR (ou de l'une de ses filiales) et\/ou de ses fournisseurs. Sauf indication contraire dans l'accord de licence, les fichiers sont mis \u00e0 disposition pour le t\u00e9l\u00e9chargement uniquement \u00e0 des fins d'utilisation par les utilisateurs finaux. Toute reproduction ou redistribution de fichiers non conforme \u00e0 l'accord de licence peut entra\u00eener des sanctions civiles et p\u00e9nales.<\/p>\n\n\t\t<\/div>\n\t<\/div>\n\n\t<div class=\"wpb_text_column wpb_content_element\" >\n\t\t<div class=\"wpb_wrapper\">\n\t\t\t<p>SANS LIMITER LA PORT\u00c9E DE CE QUI PR\u00c9C\u00c8DE, LA COPIE OU LA REPRODUCTION DE CES FICHIERS SUR TOUT AUTRE SERVEUR OU EMPLACEMENT EN VUE D'UNE REPRODUCTION OU D'UNE REDISTRIBUTION ULT\u00c9RIEURE EST EXPRESS\u00c9MENT INTERDITE. LE LOGICIEL EST GARANTI, LE CAS \u00c9CH\u00c9ANT, UNIQUEMENT SELON LES TERMES DE L'ACCORD DE LICENCE. LE LANGIR REJETTE PAR LA PR\u00c9SENTE TOUTES LES GARANTIES ET CONDITIONS RELATIVES AUX FICHIERS, Y COMPRIS TOUTES LES GARANTIES ET CONDITIONS IMPLICITES DE QUALIT\u00c9 MARCHANDE, D'AD\u00c9QUATION \u00c0 UN USAGE PARTICULIER, DE TITRE ET D'ABSENCE DE CONTREFA\u00c7ON.<\/p>\n\n\t\t<\/div>\n\t<\/div>\n\n\t<div class=\"wpb_text_column wpb_content_element\" >\n\t\t<div class=\"wpb_wrapper\">\n\t\t\t<p><strong style=\"color: #000;\">Juridiction et lois applicables<\/strong> <\/p>\n\n\t\t<\/div>\n\t<\/div>\n\n\t<div class=\"wpb_text_column wpb_content_element\" >\n\t\t<div class=\"wpb_wrapper\">\n\t\t\t<p>Vous acceptez que cet accord et votre utilisation de ce site soient r\u00e9gis par les lois de la R\u00e9publique populaire de Chine. Vous acceptez par la pr\u00e9sente la comp\u00e9tence exclusive des cours, tribunaux, agences et autres organismes de r\u00e9solution des litiges de la R\u00e9publique populaire de Chine pour tous les litiges d\u00e9coulant de, li\u00e9s \u00e0, ou concernant de quelque mani\u00e8re que ce soit ce site et\/ou cet accord.<\/p>\n\n\t\t<\/div>\n\t<\/div>\n\n\t<div class=\"wpb_text_column wpb_content_element\" >\n\t\t<div class=\"wpb_wrapper\">\n\t\t\t<p><strong style=\"color: #000;\">Divers<\/strong> <\/p>\n\n\t\t<\/div>\n\t<\/div>\n\n\t<div class=\"wpb_text_column wpb_content_element\" >\n\t\t<div class=\"wpb_wrapper\">\n\t\t\t<p>Vous acceptez que LANGIR puisse \u00e0 tout moment et sans pr\u00e9avis modifier les termes, conditions et avis en vertu desquels ce site est offert. LANGIR se r\u00e9serve le droit, \u00e0 sa seule discr\u00e9tion, de refuser l'acc\u00e8s au site ou \u00e0 toute partie de celui-ci \u00e0 toute personne ou utilisateur sans pr\u00e9avis. Vous acceptez qu'aucune joint venture, partenariat, emploi ou relation d'agence n'existe entre vous et LANGIR \u00e0 la suite de cet accord ou de votre utilisation de ce site. L'ex\u00e9cution de cet accord par LANGIR est soumise aux lois existantes et aux proc\u00e9dures l\u00e9gales et rien de ce qui est contenu dans cet accord n'est une d\u00e9rogation au droit de LANGIR de se conformer aux demandes d'application de la loi ou aux exigences relatives \u00e0 votre utilisation de ce site ou aux informations fournies ou recueillies par LANGIR en ce qui concerne une telle utilisation.<\/p>\n\n\t\t<\/div>\n\t<\/div>\n\n\t<div class=\"wpb_text_column wpb_content_element\" >\n\t\t<div class=\"wpb_wrapper\">\n\t\t\t<p>Cet accord et la politique de confidentialit\u00e9 de LANGIR constituent l'int\u00e9gralit\u00e9 de l'accord entre vous et LANGIR en ce qui concerne ce site. Cet accord et la politique de confidentialit\u00e9 de LANGIR remplacent toutes les communications et propositions ant\u00e9rieures ou contemporaines, qu'elles soient \u00e9lectroniques, orales ou \u00e9crites, entre vous et LANGIR en ce qui concerne ce site. Aucune modification de cet accord ne sera effective si elle n'est pas r\u00e9dig\u00e9e par LANGIR ou ses affili\u00e9s, ou si elle n'est pas physiquement sign\u00e9e par un responsable de LANGIR. Toute renonciation pr\u00e9sum\u00e9e \u00e0 une violation de cet accord ne sera pas consid\u00e9r\u00e9e comme une renonciation \u00e0 une violation future.<\/p>\n\n\t\t<\/div>\n\t<\/div>\n\n\t<div class=\"wpb_text_column wpb_content_element\" >\n\t\t<div class=\"wpb_wrapper\">\n\t\t\t<p><strong style=\"color: #000;\">Contact<\/strong> <\/p>\n\n\t\t<\/div>\n\t<\/div>\n\n\t<div class=\"wpb_text_column wpb_content_element\" >\n\t\t<div class=\"wpb_wrapper\">\n\t\t\t<p>Si vous avez des questions concernant les sections ci-dessus, n'h\u00e9sitez pas \u00e0 contacter LANGIR - 2F, No.10 Longhe East Road, Liushi, Wenzhou, Zhejiang, China 325604.<\/p>\n\n\t\t<\/div>\n\t<\/div>\n\n\t<div class=\"wpb_text_column wpb_content_element\" >\n\t\t<div class=\"wpb_wrapper\">\n\t\t\t<p><strong style=\"color: #000;\">POLITIQUE DE CONFIDENTIALIT\u00c9<\/strong> <\/p>\n\n\t\t<\/div>\n\t<\/div>\n\n\t<div class=\"wpb_text_column wpb_content_element\" >\n\t\t<div class=\"wpb_wrapper\">\n\t\t\t<p>Lorsque vous visitez le site web de LANGIR pour parcourir les informations qu'il contient, vous le faites de mani\u00e8re anonyme, \u00e0 moins que vous ne choisissiez de nous fournir des informations vous concernant.<\/p>\n\n\t\t<\/div>\n\t<\/div>\n\n\t<div class=\"wpb_text_column wpb_content_element\" >\n\t\t<div class=\"wpb_wrapper\">\n\t\t\t<p>La protection de votre vie priv\u00e9e est importante pour nous. Toutes les informations que vous avez choisi de fournir nous permettent de vous envoyer des informations sur les produits et services pour lesquels vous avez manifest\u00e9 un int\u00e9r\u00eat. Les informations peuvent \u00eatre communiqu\u00e9es \u00e0 d'autres soci\u00e9t\u00e9s du LANGIR \u00e0 cette fin. En nous fournissant vos informations, vous consentez \u00e0 ce que nous les traitions aux fins d\u00e9crites ci-dessus. Nous ne les transmettrons \u00e0 aucune tierce partie en dehors du LANGIR. Cet avis juridique et de confidentialit\u00e9 est g\u00e9n\u00e9ral pour les sites web du LANGIR. Toutefois, il peut exister des informations suppl\u00e9mentaires sur la protection de la vie priv\u00e9e sur les sites web sp\u00e9cifiques des diff\u00e9rentes soci\u00e9t\u00e9s du LANGIR qui fournissent des fonctions particuli\u00e8res.<\/p>\n\n\t\t<\/div>\n\t<\/div>\n\n\t<div class=\"wpb_text_column wpb_content_element\" >\n\t\t<div class=\"wpb_wrapper\">\n\t\t\t<p><strong style=\"color: #000;\">Donn\u00e9es personnelles<\/strong> <\/p>\n\n\t\t<\/div>\n\t<\/div>\n\n\t<div class=\"wpb_text_column wpb_content_element\" >\n\t\t<div class=\"wpb_wrapper\">\n\t\t\t<p>Au LANGIR, nous avons l'intention de vous donner autant de contr\u00f4le que possible sur vos informations personnelles. Il est important pour nous que vous vous sentiez \u00e0 l'aise en visitant nos sites web. Cependant, il peut arriver que nous ayons besoin d'informations personnelles de votre part. Toute information personnelle que vous pouvez nous communiquer (y compris, mais sans s'y limiter, votre adresse \u00e9lectronique) est utilis\u00e9e aux fins suivantes : Si vous nous fournissez des informations personnelles afin de recevoir des informations de notre part (par exemple des brochures, des catalogues), nous recueillons et conservons ces informations. Si vous consultez ou t\u00e9l\u00e9chargez des informations, nous enregistrons la visite. Cela nous permet de vous fournir des informations personnalis\u00e9es et de savoir quelles parties du site sont fr\u00e9quent\u00e9es, gr\u00e2ce \u00e0 l'utilisation de cookies (voir ci-dessous). Nous n'utilisons les informations collect\u00e9es ou stock\u00e9es \u00e0 votre sujet qu'au sein du LANGIR. Le site web peut contenir des liens vers des sites web n'appartenant pas \u00e0 LANGIR. Le LANGIR n'est pas responsable des pratiques de confidentialit\u00e9 de ces sites web. Vous pouvez contacter les entreprises du LANGIR si vous avez des questions sur la mani\u00e8re dont nous traitons vos donn\u00e9es personnelles (par exemple, votre nom, votre adresse \u00e9lectronique). Les coordonn\u00e9es des entreprises du LANGIR sont indiqu\u00e9es \u00e0 la fin de cette page. Si des donn\u00e9es sont incorrectes, vous avez le droit de les faire rectifier. Vous avez \u00e9galement le droit (sur demande \u00e9crite et sign\u00e9e personnellement, une fois par ann\u00e9e civile et sans frais) d'obtenir de notre part des informations sur les donn\u00e9es personnelles que nous traitons \u00e0 votre sujet et sur les raisons de ce traitement.<\/p>\n\n\t\t<\/div>\n\t<\/div>\n\n\t<div class=\"wpb_text_column wpb_content_element\" >\n\t\t<div class=\"wpb_wrapper\">\n\t\t\t<p><strong style=\"color: #000;\">Cookies<\/strong> <\/p>\n\n\t\t<\/div>\n\t<\/div>\n\n\t<div class=\"wpb_text_column wpb_content_element\" >\n\t\t<div class=\"wpb_wrapper\">\n\t\t\t<p>Des cookies sont utilis\u00e9s sur le site web de LANGIR. Un cookie est un petit fichier texte contenant des informations textuelles qui est stock\u00e9 sur votre ordinateur. L'objectif de l'utilisation des cookies est d'am\u00e9liorer l'utilisation du site pour vous en tant que visiteur.<\/p>\n\n\t\t<\/div>\n\t<\/div>\n\n\t<div class=\"wpb_text_column wpb_content_element\" >\n\t\t<div class=\"wpb_wrapper\">\n\t\t\t<p>Trois types de cookies sont utilis\u00e9s sur le site web de LANGIR, \u00e0 savoir les suivants :<\/p>\n<ol>\n<li>Le premier type enregistre un fichier de mani\u00e8re permanente sur votre ordinateur et est utilis\u00e9 pour mettre \u00e0 jour le site web avec les nouvelles informations qui y ont \u00e9t\u00e9 plac\u00e9es depuis votre derni\u00e8re visite. Les informations du site web qui n'ont pas \u00e9t\u00e9 modifi\u00e9es depuis votre derni\u00e8re visite sont charg\u00e9es localement \u00e0 partir de votre ordinateur afin d'ouvrir le site web plus rapidement.<\/li>\n<li>Le second type de cookie, appel\u00e9 cookie de session, est utilis\u00e9 pendant que vous naviguez sur un site web. Il entra\u00eene un transfert temporaire d'informations entre votre ordinateur et le site web. Les cookies de session ne sont pas enregistr\u00e9s de mani\u00e8re permanente sur votre ordinateur et disparaissent lorsque vous fermez le navigateur de votre ordinateur.<\/li>\n<li>Le troisi\u00e8me type est utilis\u00e9 \u00e0 des fins statistiques, c'est-\u00e0-dire pour obtenir des informations sur le nombre de visiteurs dans les diff\u00e9rentes parties de notre site web.<\/li>\n<\/ol>\n\n\t\t<\/div>\n\t<\/div>\n\n\t<div class=\"wpb_text_column wpb_content_element\" >\n\t\t<div class=\"wpb_wrapper\">\n\t\t\t<p>Sauf indication contraire, les cookies ne sont jamais utilis\u00e9s par le LANGIR dans le but de collecter des informations personnelles telles que votre nom, votre adresse e-mail, etc. Ainsi, toute information recueillie par le biais des cookies est compil\u00e9e sur une base anonyme.<\/p>\n\n\t\t<\/div>\n\t<\/div>\n\n\t<div class=\"wpb_text_column wpb_content_element\" >\n\t\t<div class=\"wpb_wrapper\">\n\t\t\t<p>Si vous n'acceptez pas l'utilisation de cookies par LANGIR sur notre site web, il vous est possible de configurer votre navigateur pour qu'il rejette les cookies en modifiant les param\u00e8tres ou les pr\u00e9f\u00e9rences du navigateur. Toutefois, en raison de la technologie que nous utilisons sur notre site web, celui-ci ne fonctionnera pas correctement sans l'utilisation de cookies.<\/p>\n\n\t\t<\/div>\n\t<\/div>\n\n\t<div class=\"wpb_text_column wpb_content_element\" >\n\t\t<div class=\"wpb_wrapper\">\n\t\t\t<p>Ce site utilise Google Analytics, un service d'analyse d'Internet fourni par Google Inc. (\"Google\"). Google Analytics utilise des cookies, qui sont des fichiers texte plac\u00e9s sur votre ordinateur, pour aider le site Internet \u00e0 analyser l'utilisation du site par ses utilisateurs. Les donn\u00e9es g\u00e9n\u00e9r\u00e9es par les cookies concernant votre utilisation du site (y compris votre adresse IP) seront transmises et stock\u00e9es par Google sur des serveurs situ\u00e9s aux Etats-Unis. Google utilisera cette information dans le but d'estimer votre utilisation du site, de compiler des rapports sur l'activit\u00e9 du site \u00e0 destination de son \u00e9diteur et de fournir d'autres services relatifs \u00e0 l'activit\u00e9 du site et \u00e0 l'utilisation d'Internet. Google peut communiquer ces donn\u00e9es \u00e0 des tiers en cas d'obligation.<\/p>\n\n\t\t<\/div>\n\t<\/div>\n\n\t<div class=\"wpb_text_column wpb_content_element\" >\n\t\t<div class=\"wpb_wrapper\">\n\t\t\t<p><strong style=\"color: #000;\">Contact<\/strong> <\/p>\n\n\t\t<\/div>\n\t<\/div>\n\n\t<div class=\"wpb_text_column wpb_content_element\" >\n\t\t<div class=\"wpb_wrapper\">\n\t\t\t<p>Si vous avez des questions concernant les sections ci-dessus, n'h\u00e9sitez pas \u00e0 contacter LANGIR - 2F, No.10 Longhe East Road, Liushi, Wenzhou, Zhejiang, China 325604 - langir@langir.com<\/p>\n\n\t\t<\/div>\n\t<\/div>\n\n<div class=\"vc-zigzag-wrapper vc-zigzag-align-center\"><div class=\"vc-zigzag-inner\" style=\"width: 100%;min-height: 14px;background: 0 repeat-x url(&#039;data:image\/svg+xml;utf-8,%3C%3Fxml%20version%3D%221.0%22%20encoding%3D%22utf-8%22%3F%3E%3C%21DOCTYPE%20svg%20PUBLIC%20%22-%2F%2FW3C%2F%2FDTD%20SVG%201.1%2F%2FEN%22%20%22http%3A%2F%2Fwww.w3.org%2FGraphics%2FSVG%2F1.1%2FDTD%2Fsvg11.dtd%22%3E%3Csvg%20width%3D%2214px%22%20height%3D%2212px%22%20viewBox%3D%220%200%2018%2015%22%20version%3D%221.1%22%20xmlns%3D%22http%3A%2F%2Fwww.w3.org%2F2000%2Fsvg%22%20xmlns%3Axlink%3D%22http%3A%2F%2Fwww.w3.org%2F1999%2Fxlink%22%3E%3Cpolygon%20id%3D%22Combined-Shape%22%20fill%3D%22%23ebebeb%22%20points%3D%228.98762301%200%200%209.12771969%200%2014.519983%209%205.40479869%2018%2014.519983%2018%209.12771969%22%3E%3C%2Fpolygon%3E%3C%2Fsvg%3E&#039;);\"><\/div><\/div>\n\t<div class=\"wpb_text_column wpb_content_element\" >\n\t\t<div class=\"wpb_wrapper\">\n\t\t\t<p><iframe style=\"width: 100%; border: none;\" title=\"Formulaire Wufoo int\u00e9gr\u00e9\" src=\"https:\/\/langir.wufoo.com\/embed\/zcdgace1ql3iv4\/\" height=\"766\" frameborder=\"0\" scrolling=\"no\" sandbox=\"allow-popups-to-escape-sandbox allow-top-navigation allow-scripts allow-popups allow-forms allow-same-origin\"> <a href=\"https:\/\/langir.wufoo.com\/forms\/zcdgace1ql3iv4\/\" target=\"_blank\" rel=\"noopener\">Remplissez mon formulaire Wufoo !<\/a> <\/iframe><\/p>\n\n\t\t<\/div>\n\t<\/div>\n<\/div><\/div><\/div><\/div>\n<\/div>","protected":false},"excerpt":{"rendered":"TERMS OF USE Copyright Notice The contents of the web site are copyright \u00a9 2015 LANGIR (or its subsidiaries where so indicated and\/or its licensors), 2F, No.10 Longhe East Road, Liushi, Wenzhou, Zhejiang, China 325604 All Rights Reserved. Information on the web site, including but not limited to, text, images and sound, may not, except [...]","protected":false},"author":1,"featured_media":7464,"parent":0,"menu_order":26,"comment_status":"closed","ping_status":"closed","template":"page-default.php","meta":{"_acf_changed":false,"footnotes":""},"class_list":["post-7463","page","type-page","status-publish","has-post-thumbnail","hentry","entry"],"acf":[],"post_mailing_queue_ids":[],"_links":{"self":[{"href":"https:\/\/www.langir.com\/fr\/wp-json\/wp\/v2\/pages\/7463","targetHints":{"allow":["GET"]}}],"collection":[{"href":"https:\/\/www.langir.com\/fr\/wp-json\/wp\/v2\/pages"}],"about":[{"href":"https:\/\/www.langir.com\/fr\/wp-json\/wp\/v2\/types\/page"}],"author":[{"embeddable":true,"href":"https:\/\/www.langir.com\/fr\/wp-json\/wp\/v2\/users\/1"}],"replies":[{"embeddable":true,"href":"https:\/\/www.langir.com\/fr\/wp-json\/wp\/v2\/comments?post=7463"}],"version-history":[{"count":2,"href":"https:\/\/www.langir.com\/fr\/wp-json\/wp\/v2\/pages\/7463\/revisions"}],"predecessor-version":[{"id":16182,"href":"https:\/\/www.langir.com\/fr\/wp-json\/wp\/v2\/pages\/7463\/revisions\/16182"}],"wp:featuredmedia":[{"embeddable":true,"href":"https:\/\/www.langir.com\/fr\/wp-json\/wp\/v2\/media\/7464"}],"wp:attachment":[{"href":"https:\/\/www.langir.com\/fr\/wp-json\/wp\/v2\/media?parent=7463"}],"curies":[{"name":"wp","href":"https:\/\/api.w.org\/{rel}","templated":true}]}}