{"id":7467,"date":"2019-11-21T09:02:21","date_gmt":"2019-11-21T09:02:21","guid":{"rendered":"https:\/\/www.langir.com\/?page_id=7467"},"modified":"2026-03-27T07:49:28","modified_gmt":"2026-03-27T07:49:28","slug":"product-customization","status":"publish","type":"page","link":"https:\/\/www.langir.com\/fr\/product-customization\/","title":{"rendered":"Personnalisation des produits"},"content":{"rendered":"<div class=\"wpb-content-wrapper\"><div class=\"vc_row wpb_row vc_row-fluid\"><div class=\"wpb_column vc_column_container vc_col-sm-12\"><div class=\"vc_column-inner\"><div class=\"wpb_wrapper\">\n\t<div class=\"wpb_text_column wpb_content_element\" >\n\t\t<div class=\"wpb_wrapper\">\n\t\t\t\n\t\t<\/div>\n\t<\/div>\n\n\t<div class=\"wpb_text_column wpb_content_element\" >\n\t\t<div class=\"wpb_wrapper\">\n\t\t\t<p>Avec plus de 10 ans d'exp\u00e9rience dans le d\u00e9veloppement et la production, l'expertise de Langir en mati\u00e8re de conception et de fabrication va au-del\u00e0 de la simple commutation.<\/p>\n<p>Langir propose une gamme de plus de 1 000 r\u00e9f\u00e9rences d'interrupteurs, d'indicateurs et de claviers de diff\u00e9rentes couleurs, marquages, finitions, formes et dimensions... cr\u00e9ant ainsi un nombre illimit\u00e9 de combinaisons de possibilit\u00e9s.<\/p>\n<p>Notre gamme de produits standard peut \u00eatre adapt\u00e9e pour r\u00e9pondre aux besoins sp\u00e9cifiques des clients.<\/p>\n\n\t\t<\/div>\n\t<\/div>\n\n\t<div class=\"wpb_text_column wpb_content_element\" >\n\t\t<div class=\"wpb_wrapper\">\n\t\t\t<p><strong>Quelle personnalisation ?<\/strong><\/p>\n\n\t\t<\/div>\n\t<\/div>\n\n\t<div class=\"wpb_text_column wpb_content_element\" >\n\t\t<div class=\"wpb_wrapper\">\n\t\t\t<p>Les pi\u00e8ces standard du catalogue Langir sont disponibles pour une personnalisation \u00e0 moindre co\u00fbt. Contactez un repr\u00e9sentant Langir pour vous aider.<\/p>\n\n\t\t<\/div>\n\t<\/div>\n\n\t<div class=\"wpb_text_column wpb_content_element\" >\n\t\t<div class=\"wpb_wrapper\">\n\t\t\t<h3><img decoding=\"async\" class=\"size-full wp-image-4870 alignleft\" src=\"..\/wp-content\/uploads\/2019\/02\/1.gif\" alt=\"\" width=\"40\" height=\"40\" \/>Options du terminal<\/h3>\n\n\t\t<\/div>\n\t<\/div>\n\n\t<div class=\"wpb_text_column wpb_content_element\" >\n\t\t<div class=\"wpb_wrapper\">\n\t\t\t<table border=\"0\" width=\"100%\" cellspacing=\"1\" cellpadding=\"10\" bgcolor=\"#dcdcdc\">\n<tbody>\n<tr>\n<th bgcolor=\"#FFFFFF\">Plomb volant<\/th>\n<th bgcolor=\"#FFFFFF\">C\u00e2ble<\/th>\n<th bgcolor=\"#FFFFFF\">Connecteur<\/th>\n<th bgcolor=\"#FFFFFF\">R\u00e9sistance<\/th>\n<th bgcolor=\"#FFFFFF\">\u00c9tiquette<\/th>\n<\/tr>\n<tr>\n<td align=\"center\" valign=\"middle\" bgcolor=\"#FFFFFF\"><img decoding=\"async\" class=\"aligncenter size-full wp-image-4881\" src=\"https:\/\/www.langir.com\/wp-content\/uploads\/2019\/02\/cable-0.gif\" alt=\"\" width=\"44\" height=\"40\" \/><\/td>\n<td align=\"center\" valign=\"middle\" bgcolor=\"#FFFFFF\"><img decoding=\"async\" class=\"size-full wp-image-4873 aligncenter\" src=\"https:\/\/www.langir.com\/wp-content\/uploads\/2019\/02\/3-cables.gif\" alt=\"C\u00e2bles\" width=\"306\" height=\"115\" \/><\/td>\n<td bgcolor=\"#FFFFFF\"><\/td>\n<td bgcolor=\"#FFFFFF\"><\/td>\n<td bgcolor=\"#FFFFFF\"><\/td>\n<\/tr>\n<\/tbody>\n<\/table>\n\n\t\t<\/div>\n\t<\/div>\n\n\t<div class=\"wpb_text_column wpb_content_element\" >\n\t\t<div class=\"wpb_wrapper\">\n\t\t\t<h3><img loading=\"lazy\" decoding=\"async\" class=\"size-full wp-image-4870 alignleft\" src=\"..\/wp-content\/uploads\/2019\/02\/2.gif\" alt=\"\" width=\"40\" height=\"40\" \/>Mat\u00e9riaux<\/h3>\n\n\t\t<\/div>\n\t<\/div>\n\n\t<div class=\"wpb_text_column wpb_content_element\" >\n\t\t<div class=\"wpb_wrapper\">\n\t\t\t<p><strong>De nombreuses options sont disponibles :<\/strong><\/p>\n<ul>\n<li>Laiton<\/li>\n<li>Aluminium anodis\u00e9<\/li>\n<li>Acier inoxydable 304 pour l'interrupteur anti-vandalisme mat\u00e9riau standard<\/li>\n<li>Acier inoxydable 316L pour les commutateurs pi\u00e9zo\u00e9lectriques et les commutateurs capacitifs (mat\u00e9riau standard)<\/li>\n<\/ul>\n\n\t\t<\/div>\n\t<\/div>\n\n\t<div class=\"wpb_text_column wpb_content_element\" >\n\t\t<div class=\"wpb_wrapper\">\n\t\t\t<h3><img loading=\"lazy\" decoding=\"async\" class=\"size-full wp-image-4870 alignleft\" src=\"..\/wp-content\/uploads\/2019\/02\/3.gif\" alt=\"\" width=\"40\" height=\"40\" \/>Marquage<\/h3>\n\n\t\t<\/div>\n\t<\/div>\n\n\t<div class=\"wpb_text_column wpb_content_element\" >\n\t\t<div class=\"wpb_wrapper\">\n\t\t\t<p>De nombreux types de marquage sont disponibles.<\/p>\n<table border=\"0\" width=\"100%\" cellspacing=\"1\" cellpadding=\"10\" bgcolor=\"#dcdcdc\">\n<tbody>\n<tr>\n<th bgcolor=\"#FFFFFF\">Processus<\/th>\n<th bgcolor=\"#FFFFFF\">Co\u00fbt<\/th>\n<th bgcolor=\"#FFFFFF\">Durabilit\u00e9<\/th>\n<th bgcolor=\"#FFFFFF\">R\u00e9tro-\u00e9clairage<\/th>\n<\/tr>\n<tr>\n<th scope=\"row\" align=\"left\" bgcolor=\"#FFFFFF\">Tampographie<\/th>\n<td align=\"center\" bgcolor=\"#FFFFFF\"><img decoding=\"async\" class=\"aligncenter size-full wp-image-4887\" title=\"Bon\" src=\"https:\/\/www.langir.com\/wp-content\/uploads\/2019\/02\/good-blue.gif\" alt=\"Bon\" \/><\/td>\n<td align=\"center\" bgcolor=\"#FFFFFF\"><img decoding=\"async\" class=\"aligncenter size-full wp-image-4879\" title=\"Moyenne\" src=\"https:\/\/www.langir.com\/wp-content\/uploads\/2019\/02\/average-blue.gif\" alt=\"Moyenne\" \/><\/td>\n<td align=\"center\" bgcolor=\"#FFFFFF\"><img decoding=\"async\" class=\"aligncenter size-full wp-image-4880\" title=\"Mauvais\" src=\"https:\/\/www.langir.com\/wp-content\/uploads\/2019\/02\/bad-blue.gif\" alt=\"Mauvais\" \/><\/td>\n<\/tr>\n<tr>\n<th scope=\"row\" align=\"left\" bgcolor=\"#FFFFFF\">Marquage \u00e0 chaud<\/th>\n<td align=\"center\" bgcolor=\"#FFFFFF\"><img decoding=\"async\" class=\"aligncenter size-full wp-image-4879\" title=\"Moyenne\" src=\"https:\/\/www.langir.com\/wp-content\/uploads\/2019\/02\/average-blue.gif\" alt=\"Moyenne\" \/><\/td>\n<td align=\"center\" bgcolor=\"#FFFFFF\"><img decoding=\"async\" class=\"aligncenter size-full wp-image-4887\" title=\"Bon\" src=\"https:\/\/www.langir.com\/wp-content\/uploads\/2019\/02\/good-blue.gif\" alt=\"Bon\" \/><\/td>\n<td align=\"center\" bgcolor=\"#FFFFFF\"><img decoding=\"async\" class=\"aligncenter size-full wp-image-4879\" title=\"Moyenne\" src=\"https:\/\/www.langir.com\/wp-content\/uploads\/2019\/02\/average-blue.gif\" alt=\"Moyenne\" \/><\/td>\n<\/tr>\n<tr>\n<th scope=\"row\" align=\"left\" bgcolor=\"#FFFFFF\">Gravure au laser<\/th>\n<td align=\"center\" bgcolor=\"#FFFFFF\"><img decoding=\"async\" class=\"aligncenter size-full wp-image-4887\" title=\"Bon\" src=\"https:\/\/www.langir.com\/wp-content\/uploads\/2019\/02\/good-blue.gif\" alt=\"Bon\" \/><\/td>\n<td align=\"center\" bgcolor=\"#FFFFFF\"><img decoding=\"async\" class=\"aligncenter size-full wp-image-4887\" title=\"Bon\" src=\"https:\/\/www.langir.com\/wp-content\/uploads\/2019\/02\/good-blue.gif\" alt=\"Bon\" \/><\/td>\n<td align=\"center\" bgcolor=\"#FFFFFF\"><img decoding=\"async\" class=\"aligncenter size-full wp-image-4887\" title=\"Bon\" src=\"https:\/\/www.langir.com\/wp-content\/uploads\/2019\/02\/good-blue.gif\" alt=\"Bon\" \/><\/td>\n<\/tr>\n<tr>\n<th scope=\"row\" align=\"left\" bgcolor=\"#FFFFFF\">Chimique<\/th>\n<td align=\"center\" bgcolor=\"#FFFFFF\"><img decoding=\"async\" class=\"aligncenter size-full wp-image-4880\" title=\"Mauvais\" src=\"https:\/\/www.langir.com\/wp-content\/uploads\/2019\/02\/bad-blue.gif\" alt=\"Mauvais\" \/><\/td>\n<td align=\"center\" bgcolor=\"#FFFFFF\"><img decoding=\"async\" class=\"aligncenter size-full wp-image-4887\" title=\"Bon\" src=\"https:\/\/www.langir.com\/wp-content\/uploads\/2019\/02\/good-blue.gif\" alt=\"Bon\" \/><\/td>\n<td align=\"center\" bgcolor=\"#FFFFFF\"><img decoding=\"async\" class=\"aligncenter size-full wp-image-4887\" title=\"Bon\" src=\"https:\/\/www.langir.com\/wp-content\/uploads\/2019\/02\/good-blue.gif\" alt=\"Bon\" \/><\/td>\n<\/tr>\n<\/tbody>\n<\/table>\n<p>Le choix d\u00e9pendra de l'utilisation pr\u00e9vue du composant.<\/p>\n\n\t\t<\/div>\n\t<\/div>\n\n\t<div class=\"wpb_text_column wpb_content_element\" >\n\t\t<div class=\"wpb_wrapper\">\n\t\t\t<h3><img loading=\"lazy\" decoding=\"async\" class=\"size-full wp-image-4870 alignleft\" src=\"..\/wp-content\/uploads\/2019\/02\/4.gif\" alt=\"\" width=\"40\" height=\"40\" \/>Couleur<\/h3>\n\n\t\t<\/div>\n\t<\/div>\n\n\t<div class=\"wpb_text_column wpb_content_element\" >\n\t\t<div class=\"wpb_wrapper\">\n\t\t\t<table border=\"0\" width=\"100%\" cellspacing=\"1\" cellpadding=\"10\" bgcolor=\"#dcdcdc\">\n<tbody>\n<tr>\n<th align=\"left\" bgcolor=\"#FFFFFF\">Les pi\u00e8ces en plastique dans certains mat\u00e9riaux sont disponibles dans des couleurs sp\u00e9cifiques (RAL, pantone) ou peuvent \u00eatre cr\u00e9\u00e9es. <strong>une couleur enti\u00e8rement personnalis\u00e9e<\/strong>.<\/th>\n<\/tr>\n<tr>\n<th scope=\"row\" align=\"left\" bgcolor=\"#FFFFFF\"><img loading=\"lazy\" decoding=\"async\" class=\"size-full wp-image-4901 alignleft\" src=\"https:\/\/www.langir.com\/wp-content\/uploads\/2019\/02\/plastic-granules.jpg\" alt=\"\" width=\"700\" height=\"401\" \/><\/th>\n<\/tr>\n<tr>\n<th scope=\"row\" align=\"left\" bgcolor=\"#FFFFFF\">Les pi\u00e8ces m\u00e9talliques peuvent \u00eatre anodis\u00e9es dans une large gamme de couleurs.<\/th>\n<\/tr>\n<tr>\n<th scope=\"row\" align=\"left\" bgcolor=\"#FFFFFF\"><img loading=\"lazy\" decoding=\"async\" class=\"size-full wp-image-4914 alignleft\" src=\"https:\/\/www.langir.com\/wp-content\/uploads\/2019\/02\/colors-laiton.jpg\" alt=\"\" width=\"700\" height=\"120\" \/><\/th>\n<\/tr>\n<tr>\n<th scope=\"row\" align=\"left\" bgcolor=\"#FFFFFF\">LED dans une large gamme de couleurs.<\/th>\n<\/tr>\n<tr>\n<th scope=\"row\" align=\"left\" bgcolor=\"#FFFFFF\"><img loading=\"lazy\" decoding=\"async\" class=\"size-full wp-image-4899 alignleft\" src=\"https:\/\/www.langir.com\/wp-content\/uploads\/2019\/02\/LED.jpg\" alt=\"\" width=\"700\" height=\"600\" \/><\/th>\n<\/tr>\n<\/tbody>\n<\/table>\n\n\t\t<\/div>\n\t<\/div>\n\n\t<div class=\"wpb_text_column wpb_content_element\" >\n\t\t<div class=\"wpb_wrapper\">\n\t\t\t<h3><img loading=\"lazy\" decoding=\"async\" class=\"size-full wp-image-4870 alignleft\" src=\"https:\/\/www.langir.com\/wp-content\/uploads\/2019\/02\/5.gif\" alt=\"\" width=\"40\" height=\"40\" \/>Symbole<\/h3>\n\n\t\t<\/div>\n\t<\/div>\n\n\t<div class=\"wpb_text_column wpb_content_element\" >\n\t\t<div class=\"wpb_wrapper\">\n\t\t\t<p><strong>L'impression laser est standard<\/strong>mais il existe de nombreuses autres solutions :<\/p>\n<table border=\"0\" width=\"100%\" cellspacing=\"1\" cellpadding=\"10\" bgcolor=\"#dcdcdc\">\n<tbody>\n<tr>\n<td bgcolor=\"#FFFFFF\"><img decoding=\"async\" class=\"size-full wp-image-4889 alignleft\" src=\"https:\/\/www.langir.com\/wp-content\/uploads\/2019\/02\/symbol.jpg\" alt=\"Symbole\" \/><\/td>\n<\/tr>\n<\/tbody>\n<\/table>\n<p>Pour plus d'informations, veuillez contacter votre responsable des ventes.<\/p>\n\n\t\t<\/div>\n\t<\/div>\n\n\t<div class=\"wpb_text_column wpb_content_element\" >\n\t\t<div class=\"wpb_wrapper\">\n\t\t\t<h3><img loading=\"lazy\" decoding=\"async\" class=\"size-full wp-image-4870 alignleft\" src=\"https:\/\/www.langir.com\/wp-content\/uploads\/2019\/02\/6.gif\" alt=\"\" width=\"40\" height=\"40\" \/>Formes<\/h3>\n\n\t\t<\/div>\n\t<\/div>\n\n\t<div class=\"wpb_text_column wpb_content_element\" >\n\t\t<div class=\"wpb_wrapper\">\n\t\t\t<table border=\"0\" width=\"100%\" cellspacing=\"1\" cellpadding=\"10\" bgcolor=\"#dcdcdc\">\n<tbody>\n<tr>\n<td bgcolor=\"#FFFFFF\"><strong>Actionneurs m\u00e9talliques<\/strong> peut \u00eatre facilement adapt\u00e9 :<\/p>\n<ul>\n<li>Forme<\/li>\n<li>Diam\u00e8tre<\/li>\n<li>Longueur<\/li>\n<\/ul>\n<\/td>\n<td bgcolor=\"#FFFFFF\">Pour <strong>pi\u00e8ces en plastique<\/strong>le changement de moule d'injection<br \/>\nles cavit\u00e9s permettent de cr\u00e9er de nouvelles formes <strong>rapidement et \u00e0 moindre co\u00fbt<br \/>\nefficacement<\/strong>.<\/td>\n<\/tr>\n<tr>\n<td bgcolor=\"#FFFFFF\"><img loading=\"lazy\" decoding=\"async\" class=\"size-full wp-image-4284\" src=\"https:\/\/www.langir.com\/wp-content\/uploads\/2015\/03\/30mm-non-illum-piezo-switch.jpg\" alt=\"Interrupteur pi\u00e9zo-\u00e9lectrique de 30 mm\" width=\"200\" height=\"250\" \/><\/td>\n<td bgcolor=\"#FFFFFF\"><img loading=\"lazy\" decoding=\"async\" class=\"size-full wp-image-4886 alignleft\" src=\"https:\/\/www.langir.com\/wp-content\/uploads\/2019\/02\/forme-2.jpg\" alt=\"\" width=\"444\" height=\"197\" \/><\/td>\n<\/tr>\n<\/tbody>\n<\/table>\n\n\t\t<\/div>\n\t<\/div>\n\n<div class=\"vc-zigzag-wrapper vc-zigzag-align-center\"><div class=\"vc-zigzag-inner\" style=\"width: 100%;min-height: 14px;background: 0 repeat-x url(&#039;data:image\/svg+xml;utf-8,%3C%3Fxml%20version%3D%221.0%22%20encoding%3D%22utf-8%22%3F%3E%3C%21DOCTYPE%20svg%20PUBLIC%20%22-%2F%2FW3C%2F%2FDTD%20SVG%201.1%2F%2FEN%22%20%22http%3A%2F%2Fwww.w3.org%2FGraphics%2FSVG%2F1.1%2FDTD%2Fsvg11.dtd%22%3E%3Csvg%20width%3D%2214px%22%20height%3D%2212px%22%20viewBox%3D%220%200%2018%2015%22%20version%3D%221.1%22%20xmlns%3D%22http%3A%2F%2Fwww.w3.org%2F2000%2Fsvg%22%20xmlns%3Axlink%3D%22http%3A%2F%2Fwww.w3.org%2F1999%2Fxlink%22%3E%3Cpolygon%20id%3D%22Combined-Shape%22%20fill%3D%22%23ebebeb%22%20points%3D%228.98762301%200%200%209.12771969%200%2014.519983%209%205.40479869%2018%2014.519983%2018%209.12771969%22%3E%3C%2Fpolygon%3E%3C%2Fsvg%3E&#039;);\"><\/div><\/div>\n\t<div class=\"wpb_text_column wpb_content_element\" >\n\t\t<div class=\"wpb_wrapper\">\n\t\t\t<p><iframe style=\"width: 100%; border: none;\" title=\"Formulaire Wufoo int\u00e9gr\u00e9\" src=\"https:\/\/langir.wufoo.com\/embed\/z1f9dkcq1g0s58i\/\" height=\"1133\" frameborder=\"0\" scrolling=\"no\" sandbox=\"allow-popups-to-escape-sandbox allow-top-navigation allow-scripts allow-popups allow-forms allow-same-origin\"> <a href=\"https:\/\/langir.wufoo.com\/forms\/z1f9dkcq1g0s58i\/\" target=\"_blank\" rel=\"noopener\">Remplissez mon formulaire Wufoo !<\/a> <\/iframe><\/p>\n\n\t\t<\/div>\n\t<\/div>\n<\/div><\/div><\/div><\/div>\n<\/div>","protected":false},"excerpt":{"rendered":"With over 10 years experience in the development and production, Langir's design and manufacturing expertise goes beyond simple switching. Langir offers a range of more than 1,000 part numbers consisting of switches, indicators and keypads in different colors, markings, finishes, shapes and dimensions\u2026 creating an unlimited combinations of possibilities. Our standard product offering can be [...]","protected":false},"author":1,"featured_media":8761,"parent":0,"menu_order":25,"comment_status":"closed","ping_status":"closed","template":"page-default.php","meta":{"_acf_changed":false,"_metasync_otto_title":"","_metasync_otto_description":"","_metasync_otto_keywords":"","_metasync_otto_og_title":"","_metasync_otto_og_description":"","_metasync_otto_twitter_title":"","_metasync_otto_twitter_description":"","rank_math_title":"%title% | Switches %page% %sep% %sitename%","rank_math_description":"Langir\u2019s Electric standard catalog parts are available for customization and a lower cost. Contact an Langir representative to assist you.","_yoast_wpseo_title":"","_yoast_wpseo_metadesc":"","_aioseo_title":"","_aioseo_description":"","_metasync_seo_title":"","_metasync_seo_desc":"","_metasync_breadcrumb_title":"","_metasync_primary_category":0,"_metasync_primary_product_cat":0,"_metasync_otto_disabled":"","_metasync_hreflang":"","footnotes":""},"class_list":["post-7467","page","type-page","status-publish","has-post-thumbnail","hentry","entry"],"acf":[],"post_mailing_queue_ids":[],"_links":{"self":[{"href":"https:\/\/www.langir.com\/fr\/wp-json\/wp\/v2\/pages\/7467","targetHints":{"allow":["GET"]}}],"collection":[{"href":"https:\/\/www.langir.com\/fr\/wp-json\/wp\/v2\/pages"}],"about":[{"href":"https:\/\/www.langir.com\/fr\/wp-json\/wp\/v2\/types\/page"}],"author":[{"embeddable":true,"href":"https:\/\/www.langir.com\/fr\/wp-json\/wp\/v2\/users\/1"}],"replies":[{"embeddable":true,"href":"https:\/\/www.langir.com\/fr\/wp-json\/wp\/v2\/comments?post=7467"}],"version-history":[{"count":2,"href":"https:\/\/www.langir.com\/fr\/wp-json\/wp\/v2\/pages\/7467\/revisions"}],"predecessor-version":[{"id":16136,"href":"https:\/\/www.langir.com\/fr\/wp-json\/wp\/v2\/pages\/7467\/revisions\/16136"}],"wp:featuredmedia":[{"embeddable":true,"href":"https:\/\/www.langir.com\/fr\/wp-json\/wp\/v2\/media\/8761"}],"wp:attachment":[{"href":"https:\/\/www.langir.com\/fr\/wp-json\/wp\/v2\/media?parent=7467"}],"curies":[{"name":"wp","href":"https:\/\/api.w.org\/{rel}","templated":true}]}}