{"id":7484,"date":"2019-11-21T09:11:38","date_gmt":"2019-11-21T09:11:38","guid":{"rendered":"https:\/\/www.langir.com\/?page_id=7484"},"modified":"2020-08-31T05:46:47","modified_gmt":"2020-08-31T05:46:47","slug":"thanks-subscribe-to-our-newsletter","status":"publish","type":"page","link":"https:\/\/www.langir.com\/fr\/thanks-subscribe-to-our-newsletter\/","title":{"rendered":"Merci de vous inscrire \u00e0 notre lettre d'information"},"content":{"rendered":"<div class=\"wpb-content-wrapper\"><div class=\"vc_row wpb_row vc_row-fluid vc_custom_1427872445081\"><div class=\"wpb_column vc_column_container vc_col-sm-12\"><div class=\"vc_column-inner\"><div class=\"wpb_wrapper\">\n\t<div class=\"wpb_text_column wpb_content_element\" >\n\t\t<div class=\"wpb_wrapper\">\n\t\t\t<p>Bonjour les amis :<\/p>\n<p>Merci de vous inscrire \u00e0 notre newsletter. En vous abonnant \u00e0 cette information, vous recevrez r\u00e9guli\u00e8rement des informations sur les nouveaux produits, le design, les projets futurs et les expositions, les programmes de formation.<\/p>\n<p>Si vous ne recevez pas de r\u00e9ponse de notre \u00e9quipe, il y a toujours une bonne raison : V\u00e9rifiez votre filtre anti-spam ou votre pare-feu, car ils bloquent probablement notre r\u00e9ponse.<\/p>\n<p>Voir aussi,<br \/>\n<strong>L'\u00e9quipe LANGIR<\/strong><\/p>\n\n\t\t<\/div>\n\t<\/div>\n<\/div><\/div><\/div><\/div>\n<\/div>","protected":false},"excerpt":{"rendered":"Hello friends: Thanks a lot for subscribing to our newsletter. Subscribe to this information you will regularly receive new products information, the design, the future plans and Exhibition, training programs. If you don't receive a reply from our team, there's always a good reason: Please check your Spam filter or Firewall, as they're likely blocking [...]","protected":false},"author":1,"featured_media":7480,"parent":0,"menu_order":19,"comment_status":"closed","ping_status":"closed","template":"page-default.php","meta":{"_acf_changed":false,"_metasync_otto_title":"","_metasync_otto_description":"","rank_math_title":"","rank_math_description":"Subscribe to this information you will regularly receive new products information, the design, the future plans and Exhibition, training programs.","_yoast_wpseo_title":"","_yoast_wpseo_metadesc":"","footnotes":""},"class_list":["post-7484","page","type-page","status-publish","has-post-thumbnail","hentry","entry"],"acf":[],"post_mailing_queue_ids":[],"_links":{"self":[{"href":"https:\/\/www.langir.com\/fr\/wp-json\/wp\/v2\/pages\/7484","targetHints":{"allow":["GET"]}}],"collection":[{"href":"https:\/\/www.langir.com\/fr\/wp-json\/wp\/v2\/pages"}],"about":[{"href":"https:\/\/www.langir.com\/fr\/wp-json\/wp\/v2\/types\/page"}],"author":[{"embeddable":true,"href":"https:\/\/www.langir.com\/fr\/wp-json\/wp\/v2\/users\/1"}],"replies":[{"embeddable":true,"href":"https:\/\/www.langir.com\/fr\/wp-json\/wp\/v2\/comments?post=7484"}],"version-history":[{"count":0,"href":"https:\/\/www.langir.com\/fr\/wp-json\/wp\/v2\/pages\/7484\/revisions"}],"wp:featuredmedia":[{"embeddable":true,"href":"https:\/\/www.langir.com\/fr\/wp-json\/wp\/v2\/media\/7480"}],"wp:attachment":[{"href":"https:\/\/www.langir.com\/fr\/wp-json\/wp\/v2\/media?parent=7484"}],"curies":[{"name":"wp","href":"https:\/\/api.w.org\/{rel}","templated":true}]}}