{"id":7860,"date":"2020-02-20T09:09:55","date_gmt":"2020-02-20T09:09:55","guid":{"rendered":"https:\/\/www.langir.com\/?page_id=7860"},"modified":"2026-03-27T07:53:28","modified_gmt":"2026-03-27T07:53:28","slug":"customization-for-quotation","status":"publish","type":"page","link":"https:\/\/www.langir.com\/fr\/customization-for-quotation\/","title":{"rendered":"Personnalisation pour devis"},"content":{"rendered":"<div class=\"wpb-content-wrapper\"><div class=\"vc_row wpb_row vc_row-fluid\"><div class=\"wpb_column vc_column_container vc_col-sm-12\"><div class=\"vc_column-inner\"><div class=\"wpb_wrapper\">\n\t<div class=\"wpb_text_column wpb_content_element vc_custom_1582189722666\" >\n\t\t<div class=\"wpb_wrapper\">\n\t\t\t<p>Avec plus de 10 ans d'exp\u00e9rience dans le d\u00e9veloppement et la production, l'expertise de Langir en mati\u00e8re de conception et de fabrication va au-del\u00e0 de la simple commutation.<\/p>\n<p>Langir propose une gamme de plus de 1 000 r\u00e9f\u00e9rences d'interrupteurs, d'indicateurs et de claviers de diff\u00e9rentes couleurs, marquages, finitions, formes et dimensions... cr\u00e9ant ainsi un nombre illimit\u00e9 de combinaisons de possibilit\u00e9s.<\/p>\n<p>Notre gamme de produits standard peut \u00eatre adapt\u00e9e pour r\u00e9pondre aux besoins sp\u00e9cifiques des clients.<\/p>\n\n\t\t<\/div>\n\t<\/div>\n\n<div class=\"vc-zigzag-wrapper vc-zigzag-align-center\"><div class=\"vc-zigzag-inner\" style=\"width: 100%;min-height: 14px;background: 0 repeat-x url(&#039;data:image\/svg+xml;utf-8,%3C%3Fxml%20version%3D%221.0%22%20encoding%3D%22utf-8%22%3F%3E%3C%21DOCTYPE%20svg%20PUBLIC%20%22-%2F%2FW3C%2F%2FDTD%20SVG%201.1%2F%2FEN%22%20%22http%3A%2F%2Fwww.w3.org%2FGraphics%2FSVG%2F1.1%2FDTD%2Fsvg11.dtd%22%3E%3Csvg%20width%3D%2214px%22%20height%3D%2212px%22%20viewBox%3D%220%200%2018%2015%22%20version%3D%221.1%22%20xmlns%3D%22http%3A%2F%2Fwww.w3.org%2F2000%2Fsvg%22%20xmlns%3Axlink%3D%22http%3A%2F%2Fwww.w3.org%2F1999%2Fxlink%22%3E%3Cpolygon%20id%3D%22Combined-Shape%22%20fill%3D%22%23ebebeb%22%20points%3D%228.98762301%200%200%209.12771969%200%2014.519983%209%205.40479869%2018%2014.519983%2018%209.12771969%22%3E%3C%2Fpolygon%3E%3C%2Fsvg%3E&#039;);\"><\/div><\/div>\n\t<div class=\"wpb_text_column wpb_content_element vc_custom_1774597997395\" >\n\t\t<div class=\"wpb_wrapper\">\n\t\t\t<p><iframe style=\"width: 100%; border: none;\" title=\"Formulaire Wufoo int\u00e9gr\u00e9\" src=\"https:\/\/langir.wufoo.com\/embed\/z1f9dkcq1g0s58i\/\" height=\"1133\" frameborder=\"0\" scrolling=\"no\" sandbox=\"allow-popups-to-escape-sandbox allow-top-navigation allow-scripts allow-popups allow-forms allow-same-origin\"> <a href=\"https:\/\/langir.wufoo.com\/forms\/z1f9dkcq1g0s58i\/\" target=\"_blank\" rel=\"noopener\">Remplissez mon formulaire Wufoo !<\/a> <\/iframe><\/p>\n\n\t\t<\/div>\n\t<\/div>\n<\/div><\/div><\/div><\/div>\n<\/div>","protected":false},"excerpt":{"rendered":"With over 10 years experience in the development and production, Langir\u2019s design and manufacturing expertise goes beyond simple switching. Langir offers a range of more than 1,000 part numbers consisting of switches, indicators and keypads in different colors, markings, finishes, shapes and dimensions\u2026 creating an unlimited combinations of possibilities. Our standard product offering can be [...]","protected":false},"author":1,"featured_media":7430,"parent":0,"menu_order":23,"comment_status":"closed","ping_status":"closed","template":"page-default.php","meta":{"_acf_changed":false,"footnotes":""},"class_list":["post-7860","page","type-page","status-publish","has-post-thumbnail","hentry","entry"],"acf":[],"post_mailing_queue_ids":[],"_links":{"self":[{"href":"https:\/\/www.langir.com\/fr\/wp-json\/wp\/v2\/pages\/7860","targetHints":{"allow":["GET"]}}],"collection":[{"href":"https:\/\/www.langir.com\/fr\/wp-json\/wp\/v2\/pages"}],"about":[{"href":"https:\/\/www.langir.com\/fr\/wp-json\/wp\/v2\/types\/page"}],"author":[{"embeddable":true,"href":"https:\/\/www.langir.com\/fr\/wp-json\/wp\/v2\/users\/1"}],"replies":[{"embeddable":true,"href":"https:\/\/www.langir.com\/fr\/wp-json\/wp\/v2\/comments?post=7860"}],"version-history":[{"count":1,"href":"https:\/\/www.langir.com\/fr\/wp-json\/wp\/v2\/pages\/7860\/revisions"}],"predecessor-version":[{"id":16138,"href":"https:\/\/www.langir.com\/fr\/wp-json\/wp\/v2\/pages\/7860\/revisions\/16138"}],"wp:featuredmedia":[{"embeddable":true,"href":"https:\/\/www.langir.com\/fr\/wp-json\/wp\/v2\/media\/7430"}],"wp:attachment":[{"href":"https:\/\/www.langir.com\/fr\/wp-json\/wp\/v2\/media?parent=7860"}],"curies":[{"name":"wp","href":"https:\/\/api.w.org\/{rel}","templated":true}]}}