{"id":8222,"date":"2021-03-19T04:04:24","date_gmt":"2021-03-19T04:04:24","guid":{"rendered":"https:\/\/www.langir.com\/?page_id=8222"},"modified":"2026-03-30T08:53:34","modified_gmt":"2026-03-30T08:53:34","slug":"conflict-minerals-policy-statement","status":"publish","type":"page","link":"https:\/\/www.langir.com\/fr\/conflict-minerals-policy-statement\/","title":{"rendered":"D\u00e9claration de politique sur les minerais de conflit"},"content":{"rendered":"<div class=\"wpb-content-wrapper\"><div class=\"vc_row wpb_row vc_row-fluid vc_custom_1616125721825\"><div class=\"wpb_column vc_column_container vc_col-sm-12\"><div class=\"vc_column-inner\"><div class=\"wpb_wrapper\">\n\t<div class=\"wpb_text_column wpb_content_element vc_custom_1640762081898\" >\n\t\t<div class=\"wpb_wrapper\">\n\t\t\t<h1 style=\"font-size: 40px; text-align: center;\"><strong>POLITIQUE RELATIVE AUX MINERAIS DE CONFLIT<\/strong><\/h1>\n<hr style=\"border-top: 5px solid #fe9901;\" \/>\n\n\t\t<\/div>\n\t<\/div>\n\n\t<div class=\"wpb_text_column wpb_content_element vc_custom_1616124179264\" >\n\t\t<div class=\"wpb_wrapper\">\n\t\t\t<p>En tant qu'entreprise socialement responsable, Langir se pr\u00e9occupe du bien-\u00eatre des personnes et des communaut\u00e9s. Nous menons nos activit\u00e9s de mani\u00e8re \u00e9quitable et \u00e9thique, nous respectons les droits de l'homme, nous nous conformons aux lois et aux r\u00e9glementations et nous suivons un code de conduite rigoureux.<\/p>\n\n\t\t<\/div>\n\t<\/div>\n<\/div><\/div><\/div><\/div><div data-vc-full-width=\"true\" data-vc-full-width-temp=\"true\" data-vc-full-width-init=\"false\" data-vc-stretch-content=\"true\" class=\"vc_row wpb_row vc_row-fluid vc_custom_1616126469702 vc_row-has-fill\"><div class=\"wpb_column vc_column_container vc_col-sm-12\"><div class=\"vc_column-inner\"><div class=\"wpb_wrapper\"><div class=\"vc_row wpb_row vc_inner vc_row-fluid container\"><div class=\"wpb_column vc_column_container vc_col-sm-8\"><div class=\"vc_column-inner\"><div class=\"wpb_wrapper\">\n\t<div class=\"wpb_text_column wpb_content_element vc_custom_1616125897467\" >\n\t\t<div class=\"wpb_wrapper\">\n\t\t\t<h2 style=\"text-align: left; font-size: 30px; color: #fe9901;\">D\u00e9claration de politique g\u00e9n\u00e9rale sur les min\u00e9raux de conflit<\/h2>\n\n\t\t<\/div>\n\t<\/div>\n\n\t<div class=\"wpb_text_column wpb_content_element\" >\n\t\t<div class=\"wpb_wrapper\">\n\t\t\t<p>Langir Electric (\"Langir\") s'engage \u00e0 respecter les normes de qualit\u00e9 les plus \u00e9lev\u00e9es pour ses produits et services, ainsi que pour la mani\u00e8re dont il exerce ses activit\u00e9s.<\/p>\n<p>Nous collaborons avec nos fournisseurs pour veiller \u00e0 ce que les conditions de travail dans notre cha\u00eene d'approvisionnement soient s\u00fbres, que les travailleurs soient trait\u00e9s avec respect et que les processus de production soient respectueux de l'environnement et de la soci\u00e9t\u00e9.<\/p>\n<p>La Securities and Exchange Commission (SEC) a adopt\u00e9 des r\u00e8gles exigeant des soci\u00e9t\u00e9s cot\u00e9es en bourse qu'elles indiquent si elles utilisent du tantale, de l'\u00e9tain, de l'or ou du tungst\u00e8ne (\"minerais de conflit\") provenant de la R\u00e9publique d\u00e9mocratique du Congo (RDC) ou de pays voisins (\"pays couverts\") et, dans l'affirmative, qu'elles fassent preuve de diligence raisonnable quant \u00e0 la source et \u00e0 la cha\u00eene de contr\u00f4le de ces minerais de conflit et qu'elles communiquent les r\u00e9sultats de leur enqu\u00eate et de leur diligence raisonnable.<\/p>\n<p>Langir a mis en place des mesures pour se conformer \u00e0 la section 1502 du Dodd-Frank Act, qui vise \u00e0 emp\u00eacher l'utilisation de minerais de conflit qui contribuent directement ou indirectement \u00e0 financer ou \u00e0 b\u00e9n\u00e9ficier \u00e0 des groupes arm\u00e9s dans les pays couverts.<\/p>\n<p>Langir s'efforce d'\u00eatre une entreprise \"sans minerais de conflit\" et prend les mesures n\u00e9cessaires pour examiner et v\u00e9rifier les processus tout au long de sa cha\u00eene d'approvisionnement dans le cadre de ses efforts pour parvenir \u00e0 une cha\u00eene d'approvisionnement sans conflit. Langir respecte toutes les lois applicables et s'engage \u00e0 am\u00e9liorer la tra\u00e7abilit\u00e9 des minerais de conflit et \u00e0 garantir un approvisionnement responsable.<\/p>\n<p>Langir a int\u00e9gr\u00e9 les principes des exigences relatives aux minerais de la guerre dans ses pratiques commerciales. Notre processus d'approbation des nouveaux fournisseurs contient des exigences en mati\u00e8re de minerais de la guerre. Langir communiquera cette politique \u00e0 ses fournisseurs et les encouragera \u00e0 mettre en place des politiques similaires pour leur cha\u00eene d'approvisionnement. Les fournisseurs qui n'adh\u00e8rent pas \u00e0 la r\u00e9glementation sur les minerais de conflit ou qui ne s'efforcent pas de s'y conformer seront exclus des futures opportunit\u00e9s commerciales avec Langir.<\/p>\n<p>Selon la d\u00e9finition \"sans conflit avec la RDC\", les produits fournis \u00e0 Langir :<\/p>\n<p>1. Ne contiennent pas de tantale, d'\u00e9tain, de tungst\u00e8ne ou d'or (3TG) en tant qu'\u00e9l\u00e9ments n\u00e9cessaires \u00e0 leur production ou \u00e0 leur fonctionnement, ou..,<\/p>\n<p>2. Si les produits fournis \u00e0 Langir contiennent ces min\u00e9raux, ils doivent provenir de l'ext\u00e9rieur de la RDC, \u00eatre issus de d\u00e9chets ou de sources recycl\u00e9es, ou \u00eatre fournis par des fonderies qui ont \u00e9t\u00e9 valid\u00e9es par une partie ind\u00e9pendante du secteur priv\u00e9 comme \u00e9tant exemptes de conflits. Les fonderies certifi\u00e9es sans conflit sont valid\u00e9es comme \u00e9tant conformes au protocole des fonderies sans conflit (CFS) de l'EICC (Electronic Industry Citizenship Coalition) \u00e0 l'aide de la CFSCompliant Smelter List (liste des fonderies conformes \u00e0 la CFSC). Dans le cadre du protocole CFS, les fonderies sont contr\u00f4l\u00e9es au niveau mondial ; la liste des fonderies et raffineries conformes est publi\u00e9e sur le site www.conflictfreesmelter.org.<\/p>\n\n\t\t<\/div>\n\t<\/div>\n<\/div><\/div><\/div><div class=\"wpb_column vc_column_container vc_col-sm-4\"><div class=\"vc_column-inner\"><div class=\"wpb_wrapper\">\n\t<div class=\"wpb_text_column wpb_content_element\" >\n\t\t<div class=\"wpb_wrapper\">\n\t\t\t<p><img fetchpriority=\"high\" decoding=\"async\" class=\"size-full wp-image-8244 aligncenter\" src=\"https:\/\/www.langir.com\/wp-content\/uploads\/2021\/03\/Conflict-Minerals.jpg\" alt=\"POLITIQUE RELATIVE AUX MINERAIS DE CONFLIT\" width=\"634\" height=\"380\" srcset=\"https:\/\/www.langir.com\/wp-content\/uploads\/2021\/03\/Conflict-Minerals.jpg 634w, https:\/\/www.langir.com\/wp-content\/uploads\/2021\/03\/Conflict-Minerals-300x180.jpg 300w\" sizes=\"(max-width: 634px) 100vw, 634px\" \/><\/p>\n\n\t\t<\/div>\n\t<\/div>\n<\/div><\/div><\/div><\/div><\/div><\/div><\/div><\/div><div class=\"vc_row-full-width vc_clearfix\"><\/div><div class=\"vc_row wpb_row vc_row-fluid\"><div class=\"wpb_column vc_column_container vc_col-sm-12\"><div class=\"vc_column-inner\"><div class=\"wpb_wrapper\">\n<div class=\"vc-zigzag-wrapper vc-zigzag-align-center\"><div class=\"vc-zigzag-inner\" style=\"width: 100%;min-height: 14px;background: 0 repeat-x url(&#039;data:image\/svg+xml;utf-8,%3C%3Fxml%20version%3D%221.0%22%20encoding%3D%22utf-8%22%3F%3E%3C%21DOCTYPE%20svg%20PUBLIC%20%22-%2F%2FW3C%2F%2FDTD%20SVG%201.1%2F%2FEN%22%20%22http%3A%2F%2Fwww.w3.org%2FGraphics%2FSVG%2F1.1%2FDTD%2Fsvg11.dtd%22%3E%3Csvg%20width%3D%2214px%22%20height%3D%2212px%22%20viewBox%3D%220%200%2018%2015%22%20version%3D%221.1%22%20xmlns%3D%22http%3A%2F%2Fwww.w3.org%2F2000%2Fsvg%22%20xmlns%3Axlink%3D%22http%3A%2F%2Fwww.w3.org%2F1999%2Fxlink%22%3E%3Cpolygon%20id%3D%22Combined-Shape%22%20fill%3D%22%23ebebeb%22%20points%3D%228.98762301%200%200%209.12771969%200%2014.519983%209%205.40479869%2018%2014.519983%2018%209.12771969%22%3E%3C%2Fpolygon%3E%3C%2Fsvg%3E&#039;);\"><\/div><\/div>\n\t<div class=\"wpb_text_column wpb_content_element\" >\n\t\t<div class=\"wpb_wrapper\">\n\t\t\t<p><iframe style=\"width: 100%; border: none;\" title=\"Formulaire Wufoo int\u00e9gr\u00e9\" src=\"https:\/\/langir.wufoo.com\/embed\/zcdgace1ql3iv4\/\" height=\"766\" frameborder=\"0\" scrolling=\"no\" sandbox=\"allow-popups-to-escape-sandbox allow-top-navigation allow-scripts allow-popups allow-forms allow-same-origin\"> <a href=\"https:\/\/langir.wufoo.com\/forms\/zcdgace1ql3iv4\/\" target=\"_blank\" rel=\"noopener\">Remplissez mon formulaire Wufoo !<\/a> <\/iframe><\/p>\n\n\t\t<\/div>\n\t<\/div>\n<\/div><\/div><\/div><\/div>\n<\/div>","protected":false},"excerpt":{"rendered":"CONFLICT MINERAL POLICY As a socially responsible company, Langir has concern for the well-being of people and communities. We conduct business fairly and ethically, respect human rights, comply with laws and regulations, and follow a rigorous Code of Conduct. Policy Statement on Conflict Minerals Langir Electric (\u201cLangir\u201d) is committed to the meeting the highest quality [...]","protected":false},"author":1,"featured_media":8244,"parent":0,"menu_order":17,"comment_status":"closed","ping_status":"closed","template":"page-newdemo.php","meta":{"_acf_changed":false,"footnotes":""},"class_list":["post-8222","page","type-page","status-publish","has-post-thumbnail","hentry","entry"],"acf":[],"post_mailing_queue_ids":[],"_links":{"self":[{"href":"https:\/\/www.langir.com\/fr\/wp-json\/wp\/v2\/pages\/8222","targetHints":{"allow":["GET"]}}],"collection":[{"href":"https:\/\/www.langir.com\/fr\/wp-json\/wp\/v2\/pages"}],"about":[{"href":"https:\/\/www.langir.com\/fr\/wp-json\/wp\/v2\/types\/page"}],"author":[{"embeddable":true,"href":"https:\/\/www.langir.com\/fr\/wp-json\/wp\/v2\/users\/1"}],"replies":[{"embeddable":true,"href":"https:\/\/www.langir.com\/fr\/wp-json\/wp\/v2\/comments?post=8222"}],"version-history":[{"count":1,"href":"https:\/\/www.langir.com\/fr\/wp-json\/wp\/v2\/pages\/8222\/revisions"}],"predecessor-version":[{"id":16184,"href":"https:\/\/www.langir.com\/fr\/wp-json\/wp\/v2\/pages\/8222\/revisions\/16184"}],"wp:featuredmedia":[{"embeddable":true,"href":"https:\/\/www.langir.com\/fr\/wp-json\/wp\/v2\/media\/8244"}],"wp:attachment":[{"href":"https:\/\/www.langir.com\/fr\/wp-json\/wp\/v2\/media?parent=8222"}],"curies":[{"name":"wp","href":"https:\/\/api.w.org\/{rel}","templated":true}]}}