{"id":8297,"date":"2021-03-23T06:30:21","date_gmt":"2021-03-23T06:30:21","guid":{"rendered":"https:\/\/www.langir.com\/?page_id=8297"},"modified":"2021-07-16T02:26:58","modified_gmt":"2021-07-16T02:26:58","slug":"video","status":"publish","type":"page","link":"https:\/\/www.langir.com\/fr\/video\/","title":{"rendered":"Vid\u00e9o"},"content":{"rendered":"<div class=\"wpb-content-wrapper\"><div class=\"vc_row wpb_row vc_row-fluid\"><div class=\"wpb_column vc_column_container vc_col-sm-12\"><div class=\"vc_column-inner\"><div class=\"wpb_wrapper\">\n\t<div class=\"wpb_text_column wpb_content_element vc_custom_1616487732489\" >\n\t\t<div class=\"wpb_wrapper\">\n\t\t\t<h1 style=\"color: #333;\">Vid\u00e9os<\/h1>\n\n\t\t<\/div>\n\t<\/div>\n\n\t<div class=\"wpb_text_column wpb_content_element\" >\n\t\t<div class=\"wpb_wrapper\">\n\t\t\t<p><span style=\"color: #999999;\">Bienvenue sur la page vid\u00e9o de Langir o\u00f9 vous trouverez toutes nos vid\u00e9os de produits, d'\u00e9tudes de cas et d'articles de blog.<\/span><\/p>\n\n\t\t<\/div>\n\t<\/div>\n<\/div><\/div><\/div><\/div><div data-vc-full-width=\"true\" data-vc-full-width-temp=\"true\" data-vc-full-width-init=\"false\" class=\"vc_row wpb_row vc_row-fluid vc_custom_1616555877743 vc_row-has-fill\"><div class=\"wpb_column vc_column_container vc_col-sm-12\"><div class=\"vc_column-inner\"><div class=\"wpb_wrapper\"><div class=\"vc_row wpb_row vc_inner vc_row-fluid container vc_row-o-content-middle vc_row-flex\"><div class=\"wpb_column vc_column_container vc_col-sm-12\"><div class=\"vc_column-inner\"><div class=\"wpb_wrapper\">\n\t<div class=\"wpb_video_widget wpb_content_element vc_clearfix   vc_video-aspect-ratio-169 vc_video-el-width-100 vc_video-align-center\" >\n\t\t<div class=\"wpb_wrapper\">\n\t\t\t\n\t\t\t<div class=\"wpb_video_wrapper\"><iframe title=\"Fabricant leader d&#039;interrupteurs anti-vandalisme en Chine\" width=\"500\" height=\"281\" src=\"https:\/\/www.youtube.com\/embed\/sv3MDoK9Hus?feature=oembed\" frameborder=\"0\" allow=\"accelerometer; autoplay; clipboard-write; encrypted-media; gyroscope; picture-in-picture; web-share\" allowfullscreen><\/iframe><\/div>\n\t\t<\/div>\n\t<\/div>\n<\/div><\/div><\/div><\/div><\/div><\/div><\/div><\/div><div class=\"vc_row-full-width vc_clearfix\"><\/div><div class=\"vc_row wpb_row vc_row-fluid\"><div class=\"wpb_column vc_column_container vc_col-sm-12\"><div class=\"vc_column-inner\"><div class=\"wpb_wrapper\">\n\t<div class=\"wpb_text_column wpb_content_element\" >\n\t\t<div class=\"wpb_wrapper\">\n\t\t\t<p style=\"color: #333; font-size: 25px;\"><strong>Commutateurs robustes Langir<\/strong><\/p>\n\n\t\t<\/div>\n\t<\/div>\n\n\t<div class=\"wpb_text_column wpb_content_element\" >\n\t\t<div class=\"wpb_wrapper\">\n\t\t\t<p><span style=\"color: #999999;\">Avec une gamme \u00e9tendue d'interrupteurs \u00e0 bouton poussoir, anti-vandalisme, pi\u00e9zo, \u00e0 glissi\u00e8re, \u00e0 bascule et \u00e0 bascule, la gamme d'interrupteurs de Langir &amp; Arcolectric est con\u00e7ue pour r\u00e9pondre aux exigences de conception d'une grande vari\u00e9t\u00e9 d'applications industrielles allant de l'\u00e9lectronique m\u00e9dicale et industrielle \u00e0 l'\u00e9lectronique marine et commerciale.<\/span><\/p>\n<p><span style=\"color: #999999;\">Voir la gamme compl\u00e8te de produits <a href=\"https:\/\/www.langir.com\/fr\/category\/panel-switches\/\">ici<\/a>.<\/span><\/p>\n\n\t\t<\/div>\n\t<\/div>\n<\/div><\/div><\/div><\/div>\n<\/div>","protected":false},"excerpt":{"rendered":"Videos Welcome to the Langir video page where you will find all our product videos, case studies and blog article videos. Langir Rugged Switches With an extensive range of Push Button, Vandal Resistant, Piezo, Slide, Toggle and Rocker switches available, Langir &amp; Arcolectric\u2019s switch range is designed to meet the design requirements of a wide [...]","protected":false},"author":1,"featured_media":8279,"parent":0,"menu_order":16,"comment_status":"closed","ping_status":"closed","template":"page-videos.php","meta":{"_acf_changed":false,"_metasync_otto_title":"","_metasync_otto_description":"","rank_math_title":"","rank_math_description":"","_yoast_wpseo_title":"","_yoast_wpseo_metadesc":"","footnotes":""},"class_list":["post-8297","page","type-page","status-publish","has-post-thumbnail","hentry","entry"],"acf":[],"post_mailing_queue_ids":[],"_links":{"self":[{"href":"https:\/\/www.langir.com\/fr\/wp-json\/wp\/v2\/pages\/8297","targetHints":{"allow":["GET"]}}],"collection":[{"href":"https:\/\/www.langir.com\/fr\/wp-json\/wp\/v2\/pages"}],"about":[{"href":"https:\/\/www.langir.com\/fr\/wp-json\/wp\/v2\/types\/page"}],"author":[{"embeddable":true,"href":"https:\/\/www.langir.com\/fr\/wp-json\/wp\/v2\/users\/1"}],"replies":[{"embeddable":true,"href":"https:\/\/www.langir.com\/fr\/wp-json\/wp\/v2\/comments?post=8297"}],"version-history":[{"count":0,"href":"https:\/\/www.langir.com\/fr\/wp-json\/wp\/v2\/pages\/8297\/revisions"}],"wp:featuredmedia":[{"embeddable":true,"href":"https:\/\/www.langir.com\/fr\/wp-json\/wp\/v2\/media\/8279"}],"wp:attachment":[{"href":"https:\/\/www.langir.com\/fr\/wp-json\/wp\/v2\/media?parent=8297"}],"curies":[{"name":"wp","href":"https:\/\/api.w.org\/{rel}","templated":true}]}}