{"id":8990,"date":"2022-12-20T01:37:43","date_gmt":"2022-12-20T01:37:43","guid":{"rendered":"https:\/\/www.langir.com\/terms-conditions\/"},"modified":"2026-04-08T03:29:31","modified_gmt":"2026-04-08T03:29:31","slug":"terms-conditions","status":"publish","type":"page","link":"https:\/\/www.langir.com\/fr\/terms-conditions\/","title":{"rendered":"Terms &#038; Conditions"},"content":{"rendered":"<div class=\"wpb-content-wrapper\"><div class=\"vc_row wpb_row vc_row-fluid\"><div class=\"wpb_column vc_column_container vc_col-sm-12\"><div class=\"vc_column-inner\"><div class=\"wpb_wrapper\">\n\t<div class=\"wpb_text_column wpb_content_element\" >\n\t\t<div class=\"wpb_wrapper\">\n\t\t\t\n<!-- This legal document was generated by Complianz Terms &amp; Conditions https:\/\/wordpress.org\/plugins\/complianz-terms-conditions -->\n<div id=\"cmplz-document\" class=\"cmplz-document cmplz-terms-conditions\"><p><i>The Terms and Conditions were last updated on February 9, 2023<\/i><\/p><h2>1. Introduction<\/h2><p>Les pr\u00e9sentes conditions g\u00e9n\u00e9rales s'appliquent \u00e0 ce site web et aux transactions li\u00e9es \u00e0 nos produits et services. Vous pouvez \u00eatre li\u00e9 par des contrats suppl\u00e9mentaires relatifs \u00e0 votre relation avec nous ou \u00e0 tout produit ou service que vous recevez de notre part. Si l'une des dispositions des contrats suppl\u00e9mentaires est en contradiction avec l'une des dispositions des pr\u00e9sentes conditions, ce sont les dispositions de ces contrats suppl\u00e9mentaires qui pr\u00e9vaudront.<\/p><h2>2. Liaison<\/h2><p>En vous inscrivant sur ce site, en y acc\u00e9dant ou en l'utilisant d'une autre mani\u00e8re, vous acceptez par la pr\u00e9sente d'\u00eatre li\u00e9 par les conditions g\u00e9n\u00e9rales \u00e9nonc\u00e9es ci-dessous. La simple utilisation de ce site web implique la connaissance et l'acceptation de ces conditions. Dans certains cas particuliers, nous pouvons \u00e9galement vous demander d'accepter explicitement ces conditions.<\/p><h2>3. Communication \u00e9lectronique<\/h2><p>En utilisant ce site web ou en communiquant avec nous par voie \u00e9lectronique, vous acceptez et reconnaissez que nous pouvons communiquer avec vous par voie \u00e9lectronique sur notre site web ou en vous envoyant un courrier \u00e9lectronique, et vous acceptez que tous les accords, avis, divulgations et autres communications que nous vous fournissons par voie \u00e9lectronique satisfont \u00e0 toute exigence l\u00e9gale, y compris, mais sans s'y limiter, l'exigence que ces communications soient faites par \u00e9crit.<\/p><h2>4. La propri\u00e9t\u00e9 intellectuelle<\/h2><p>Nous ou nos conc\u00e9dants de licence d\u00e9tenons et contr\u00f4lons tous les droits d'auteur et autres droits de propri\u00e9t\u00e9 intellectuelle sur le site web et les donn\u00e9es, informations et autres ressources affich\u00e9es ou accessibles sur le site web.<\/p><p class=\"cmplz-subtitle\">4.1 Tous les droits sont r\u00e9serv\u00e9s<\/p><p>Sauf indication contraire dans le contenu sp\u00e9cifique, aucune licence ni aucun autre droit ne vous sont accord\u00e9s en vertu des droits d'auteur, des marques, des brevets ou d'autres droits de propri\u00e9t\u00e9 intellectuelle. Cela signifie que vous ne pouvez pas utiliser, copier, reproduire, ex\u00e9cuter, afficher, distribuer, int\u00e9grer dans un support \u00e9lectronique, modifier, d\u00e9sosser, d\u00e9compiler, transf\u00e9rer, t\u00e9l\u00e9charger, transmettre, mon\u00e9tiser, vendre, commercialiser ou exploiter les ressources de ce site web sous quelque forme que ce soit, sans notre autorisation \u00e9crite pr\u00e9alable, sauf et uniquement dans la mesure o\u00f9 des dispositions de droit imp\u00e9ratif le pr\u00e9voient (comme le droit de citation).<\/p><h2>5. Biens appartenant \u00e0 des tiers<\/h2><p>Notre site web peut inclure des hyperliens ou d'autres r\u00e9f\u00e9rences \u00e0 des sites web d'autres parties. Nous ne contr\u00f4lons ni n'examinons le contenu des sites web d'autres parties auxquels le pr\u00e9sent site web renvoie. Les produits ou services offerts par d'autres sites web sont soumis aux conditions g\u00e9n\u00e9rales applicables de ces tiers. Les opinions exprim\u00e9es ou le mat\u00e9riel apparaissant sur ces sites ne sont pas n\u00e9cessairement partag\u00e9s ou approuv\u00e9s par nous.<\/p><p>Nous ne sommes pas responsables des pratiques en mati\u00e8re de protection de la vie priv\u00e9e ou du contenu de ces sites. Vous assumez tous les risques li\u00e9s \u00e0 l'utilisation de ces sites web et de tout service tiers connexe. Nous n'acceptons aucune responsabilit\u00e9 pour toute perte ou tout dommage, de quelque mani\u00e8re que ce soit et quelle qu'en soit la cause, r\u00e9sultant de la divulgation d'informations personnelles \u00e0 des tiers.<\/p><h2>6. Utilisation responsable<\/h2><p>En visitant notre site web, vous acceptez de l'utiliser uniquement aux fins pr\u00e9vues et autoris\u00e9es par les pr\u00e9sentes conditions, par tout contrat suppl\u00e9mentaire conclu avec nous, par les lois et r\u00e9glementations applicables, ainsi que par les pratiques en ligne g\u00e9n\u00e9ralement accept\u00e9es et les lignes directrices du secteur. Vous ne devez pas utiliser notre site web ou nos services pour utiliser, publier ou distribuer du mat\u00e9riel qui consiste en (ou est li\u00e9 \u00e0) des logiciels informatiques malveillants ; utiliser les donn\u00e9es collect\u00e9es sur notre site web pour toute activit\u00e9 de marketing direct, ou mener des activit\u00e9s de collecte de donn\u00e9es syst\u00e9matiques ou automatis\u00e9es sur ou en relation avec notre site web.<\/p><p>Il est strictement interdit de se livrer \u00e0 des activit\u00e9s qui causent ou peuvent causer des dommages au site web ou qui interf\u00e8rent avec les performances, la disponibilit\u00e9 ou l'accessibilit\u00e9 du site web.<\/p><h2>7. Politique de remboursement et de retour<\/h2><p class=\"cmplz-subtitle\">7.1 Droit de r\u00e9tractation<\/p><p>Vous avez le droit de r\u00e9silier le pr\u00e9sent contrat dans un d\u00e9lai de 14 jours sans donner de raison.<\/p><p>Pour exercer le droit de r\u00e9tractation, vous devez nous informer de votre d\u00e9cision de r\u00e9tractation du pr\u00e9sent contrat par une d\u00e9claration non \u00e9quivoque (par exemple, une lettre envoy\u00e9e par la poste, par t\u00e9l\u00e9copie ou par courrier \u00e9lectronique). Vous trouverez nos coordonn\u00e9es ci-dessous. Vous pouvez utiliser le mod\u00e8le ci-joint <a target=\"_blank\" href=\"https:\/\/www.langir.com\/wp-content\/uploads\/complianz\/withdrawal-forms\/withdrawal-form-fr.pdf\">formulaire de retrait<\/a>, mais ce n'est pas obligatoire.<\/p><p>Vous pouvez \u00e9galement remplir et soumettre par voie \u00e9lectronique le mod\u00e8le de formulaire de retrait ou toute autre d\u00e9claration sans \u00e9quivoque sur notre site Internet. <a href=\"https:\/\/www.langir.com\/fr\/contact\/\"> site web<\/a>.<\/p><p>Si vous utilisez cette option, nous vous communiquerons sans d\u00e9lai un accus\u00e9 de r\u00e9ception de cette r\u00e9tractation sur un support durable (par exemple par courrier \u00e9lectronique).<\/p><p>Pour respecter le d\u00e9lai de r\u00e9tractation, il suffit que vous envoyiez votre communication concernant l'exercice du droit de r\u00e9tractation avant l'expiration du d\u00e9lai de r\u00e9tractation.<\/p><p class=\"cmplz-subtitle\">7.2 Effets du retrait<\/p><p>En cas de r\u00e9tractation de votre part du pr\u00e9sent contrat, nous vous rembourserons tous les paiements re\u00e7us de vous, y compris les frais de livraison (\u00e0 l'exception des frais suppl\u00e9mentaires d\u00e9coulant du fait que vous avez choisi un mode de livraison autre que le mode de livraison standard le moins co\u00fbteux propos\u00e9 par nous), sans retard excessif et, en tout \u00e9tat de cause, au plus tard 14 jours \u00e0 compter du jour o\u00f9 nous sommes inform\u00e9s de votre d\u00e9cision de r\u00e9tractation du pr\u00e9sent contrat. Nous effectuerons ce remboursement en utilisant le m\u00eame moyen de paiement que celui que vous avez utilis\u00e9 pour la transaction initiale, sauf si vous en avez express\u00e9ment convenu autrement ; en tout \u00e9tat de cause, aucun frais ne vous sera imput\u00e9 au titre de ce remboursement.<\/p><p>Vous n'\u00eates responsable que de la d\u00e9pr\u00e9ciation des marchandises r\u00e9sultant d'une manipulation autre que celle n\u00e9cessaire pour \u00e9tablir la nature, les caract\u00e9ristiques et le fonctionnement des marchandises.<\/p><p>Veuillez noter qu'il existe certaines exceptions l\u00e9gales au droit de r\u00e9tractation et que certains articles ne peuvent donc pas \u00eatre retourn\u00e9s ou \u00e9chang\u00e9s.  Nous vous informerons si cela s'applique \u00e0 votre cas particulier.<\/p><h2>8. Soumission d'id\u00e9es<\/h2><p>Ne soumettez pas d'id\u00e9es, d'inventions, de travaux d'auteur ou d'autres informations pouvant \u00eatre consid\u00e9r\u00e9es comme votre propre propri\u00e9t\u00e9 intellectuelle que vous souhaiteriez nous pr\u00e9senter, \u00e0 moins que nous n'ayons d'abord sign\u00e9 un accord concernant la propri\u00e9t\u00e9 intellectuelle ou un accord de non-divulgation. Si vous nous le divulguez en l'absence d'un tel accord \u00e9crit, vous nous accordez une licence mondiale, irr\u00e9vocable, non exclusive et libre de redevances pour utiliser, reproduire, stocker, adapter, publier, traduire et distribuer votre contenu dans tous les m\u00e9dias existants ou futurs.<\/p><h2>9. Cessation de l'utilisation<\/h2><p>Nous pouvons, \u00e0 notre seule discr\u00e9tion, modifier ou interrompre \u00e0 tout moment l'acc\u00e8s, de mani\u00e8re temporaire ou permanente, au site web ou \u00e0 tout service y aff\u00e9rent. Vous acceptez que nous ne soyons pas responsables envers vous ou envers un tiers de toute modification, suspension ou interruption de votre acc\u00e8s ou de votre utilisation du site web ou de tout contenu que vous avez pu partager sur le site web. Vous n'aurez droit \u00e0 aucune compensation ou autre paiement, m\u00eame si certaines fonctionnalit\u00e9s, certains param\u00e8tres et\/ou tout contenu auquel vous avez contribu\u00e9 ou sur lequel vous vous \u00eates appuy\u00e9 sont d\u00e9finitivement perdus. Vous ne devez pas contourner, ni tenter de contourner, ni tenter de contourner les mesures de restriction d'acc\u00e8s \u00e0 notre site web.<\/p><h2>10. Garanties et responsabilit\u00e9<\/h2><p>Rien dans la pr\u00e9sente section ne limitera ou n'exclura toute garantie implicite par la loi qu'il serait ill\u00e9gal de limiter ou d'exclure. Ce site web et tout son contenu sont fournis \u201cen l'\u00e9tat\u201d et \u201ctels que disponibles\u201d et peuvent comporter des inexactitudes ou des erreurs typographiques. Nous d\u00e9clinons express\u00e9ment toute garantie, expresse ou implicite, quant \u00e0 la disponibilit\u00e9, l'exactitude ou l'exhaustivit\u00e9 du contenu. Nous ne garantissons pas que :<\/p><p><ul>\n                    <li>que ce site web ou son contenu r\u00e9pondra \u00e0 vos besoins ;<\/li>\n                    <li>ce site web sera disponible de mani\u00e8re ininterrompue, opportune, s\u00fbre ou sans erreur.<\/li>\n        <\/ul><\/p><p>Rien sur ce site ne constitue ou n'est cens\u00e9 constituer un conseil juridique, financier ou m\u00e9dical de quelque nature que ce soit. Si vous avez besoin d'un conseil, vous devez consulter un professionnel appropri\u00e9.<\/p><p>Les dispositions suivantes de la pr\u00e9sente section s'appliqueront dans toute la mesure permise par la loi applicable et ne limiteront ni n'excluront notre responsabilit\u00e9 \u00e0 l'\u00e9gard de toute question qu'il serait ill\u00e9gal ou illicite pour nous de limiter ou d'exclure notre responsabilit\u00e9. Nous ne serons en aucun cas responsables des dommages directs ou indirects (y compris les dommages li\u00e9s \u00e0 la perte de b\u00e9n\u00e9fices ou de revenus, \u00e0 la perte ou \u00e0 la corruption de donn\u00e9es, de logiciels ou de bases de donn\u00e9es, ou \u00e0 la perte ou \u00e0 l'endommagement de biens ou de donn\u00e9es) subis par vous ou par un tiers et r\u00e9sultant de votre acc\u00e8s \u00e0 notre site web ou de votre utilisation de celui-ci.<\/p><p>Sauf dans la mesure o\u00f9 un contrat suppl\u00e9mentaire stipule express\u00e9ment le contraire, notre responsabilit\u00e9 maximale envers vous pour tous les dommages d\u00e9coulant de ou li\u00e9s au site web ou \u00e0 tous les produits et services commercialis\u00e9s ou vendus par l'interm\u00e9diaire du site web, quelle que soit la forme d'action en justice qui impose la responsabilit\u00e9 (que ce soit dans le cadre d'un contrat, de l'\u00e9quit\u00e9, de la n\u00e9gligence, d'une conduite intentionnelle, d'un d\u00e9lit civil ou autre) sera limit\u00e9e \u00e0 . Cette limite s'appliquera globalement \u00e0 toutes vos r\u00e9clamations, actions et causes d'action de tout type et de toute nature.<\/p><h2>11. Protection de la vie priv\u00e9e<\/h2><p>Pour acc\u00e9der \u00e0 notre site web et\/ou \u00e0 nos services, il peut vous \u00eatre demand\u00e9 de fournir certaines informations vous concernant dans le cadre de la proc\u00e9dure d'enregistrement. Vous acceptez que toutes les informations que vous fournissez soient toujours exactes, correctes et \u00e0 jour.<\/p><p>Nous avons \u00e9labor\u00e9 une politique visant \u00e0 r\u00e9pondre \u00e0 toute pr\u00e9occupation que vous pourriez avoir en mati\u00e8re de protection de la vie priv\u00e9e. Pour plus d'informations, veuillez consulter notre <a href=\"https:\/\/www.langir.com\/fr\/privacy-policy\/\">D\u00e9claration de confidentialit\u00e9<\/a> et notre <a href=\"\">Politique en mati\u00e8re de cookies<\/a>.<\/p><h2>12. Restrictions \u00e0 l'exportation \/ Conformit\u00e9 juridique<\/h2><p>L'acc\u00e8s au site web \u00e0 partir de territoires ou de pays o\u00f9 le contenu ou l'achat de produits ou de services vendus sur le site web est ill\u00e9gal est interdit. Vous ne pouvez pas utiliser ce site web en violation des lois et r\u00e9glementations chinoises en mati\u00e8re d'exportation.<\/p><h2>13. Affectation<\/h2><p>Vous ne pouvez pas c\u00e9der, transf\u00e9rer ou sous-traiter tout ou partie de vos droits et\/ou obligations au titre des pr\u00e9sentes conditions g\u00e9n\u00e9rales \u00e0 un tiers sans notre consentement \u00e9crit pr\u00e9alable. Toute pr\u00e9tendue cession en violation de la pr\u00e9sente section sera nulle et non avenue.<\/p><h2>14. Violation des pr\u00e9sentes conditions g\u00e9n\u00e9rales<\/h2><p>Sans pr\u00e9judice de nos autres droits en vertu des pr\u00e9sentes conditions g\u00e9n\u00e9rales, si vous enfreignez les pr\u00e9sentes conditions g\u00e9n\u00e9rales de quelque mani\u00e8re que ce soit, nous pouvons prendre les mesures que nous jugeons appropri\u00e9es pour rem\u00e9dier \u00e0 l'infraction, y compris suspendre temporairement ou d\u00e9finitivement votre acc\u00e8s au site web, contacter votre fournisseur d'acc\u00e8s \u00e0 Internet pour lui demander de bloquer votre acc\u00e8s au site web, et\/ou entamer une action en justice contre vous.<\/p><h2>15. Force majeure<\/h2><p>\u00c0 l'exception des obligations de paiement, aucun retard, manquement ou omission de l'une ou l'autre partie dans l'ex\u00e9cution ou le respect de ses obligations ne sera consid\u00e9r\u00e9 comme une violation des pr\u00e9sentes conditions g\u00e9n\u00e9rales si et aussi longtemps que ce retard, ce manquement ou cette omission r\u00e9sultera d'une cause \u00e9chappant au contr\u00f4le raisonnable de cette partie.<\/p><h2>16. Indemnisation<\/h2><p>Vous acceptez de nous indemniser, de nous d\u00e9fendre et de nous d\u00e9gager de toute responsabilit\u00e9 en cas de r\u00e9clamation, de responsabilit\u00e9, de dommages, de pertes et de d\u00e9penses li\u00e9s \u00e0 votre violation des pr\u00e9sentes conditions g\u00e9n\u00e9rales et des lois applicables, y compris les droits de propri\u00e9t\u00e9 intellectuelle et les droits relatifs \u00e0 la protection de la vie priv\u00e9e. Vous nous rembourserez rapidement nos dommages, pertes, co\u00fbts et d\u00e9penses li\u00e9s \u00e0 ces r\u00e9clamations ou en d\u00e9coulant.<\/p><h2>17. Renonciation<\/h2><p>Le fait de ne pas appliquer l'une des dispositions des pr\u00e9sentes conditions g\u00e9n\u00e9rales et de tout accord, ou de ne pas exercer une option de r\u00e9siliation, ne doit pas \u00eatre interpr\u00e9t\u00e9 comme une renonciation \u00e0 ces dispositions et n'affecte pas la validit\u00e9 des pr\u00e9sentes conditions g\u00e9n\u00e9rales ou de tout ou partie d'un accord, ni le droit d'appliquer par la suite chacune de ces dispositions.<\/p><h2>18. Langue<\/h2><p>These Terms and Conditions will be interpreted and construed exclusively in English.&nbsp;All notices and correspondence will be written exclusively in that language.<\/p><h2>19. Int\u00e9gralit\u00e9 de l'accord<\/h2><p>Les pr\u00e9sentes conditions g\u00e9n\u00e9rales, ainsi que nos <a href=\"https:\/\/www.langir.com\/fr\/privacy-policy\/\">d\u00e9claration de confidentialit\u00e9<\/a> et <a href=\"\">Politique en mati\u00e8re de cookies<\/a>, constituent l'int\u00e9gralit\u00e9 de l'accord entre vous et Yueqing Langir Electric Co., Ltd en ce qui concerne l'utilisation de ce site web.<\/p><h2>20. Mise \u00e0 jour des pr\u00e9sentes conditions g\u00e9n\u00e9rales<\/h2><p>Nous pouvons mettre \u00e0 jour les pr\u00e9sentes conditions g\u00e9n\u00e9rales de temps \u00e0 autre. Il vous incombe de v\u00e9rifier p\u00e9riodiquement si ces conditions ont \u00e9t\u00e9 modifi\u00e9es ou mises \u00e0 jour. La date indiqu\u00e9e au d\u00e9but des pr\u00e9sentes conditions g\u00e9n\u00e9rales est la date de la derni\u00e8re r\u00e9vision. Les modifications apport\u00e9es aux pr\u00e9sentes conditions g\u00e9n\u00e9rales entreront en vigueur d\u00e8s qu'elles seront publi\u00e9es sur ce site web. Le fait de continuer \u00e0 utiliser ce site web apr\u00e8s la publication des modifications ou des mises \u00e0 jour sera consid\u00e9r\u00e9 comme une notification de votre acceptation de respecter et d'\u00eatre li\u00e9 par les pr\u00e9sentes conditions g\u00e9n\u00e9rales.<\/p><h2>21. Choix de la loi et de la juridiction<\/h2><p>Les pr\u00e9sentes conditions g\u00e9n\u00e9rales sont r\u00e9gies par les lois de la Chine. Tout litige relatif aux pr\u00e9sentes conditions g\u00e9n\u00e9rales sera soumis \u00e0 la juridiction des tribunaux chinois. Si une partie ou une disposition des pr\u00e9sentes conditions g\u00e9n\u00e9rales est jug\u00e9e invalide et\/ou inapplicable par un tribunal ou une autre autorit\u00e9 en vertu du droit applicable, cette partie ou disposition sera modifi\u00e9e, supprim\u00e9e et\/ou appliqu\u00e9e dans toute la mesure du possible de mani\u00e8re \u00e0 donner effet \u00e0 l'intention des pr\u00e9sentes conditions g\u00e9n\u00e9rales. Les autres dispositions ne seront pas affect\u00e9es.<\/p><h2>22. Informations sur les contacts<\/h2><p>Ce site web est d\u00e9tenu et exploit\u00e9 par Yueqing Langir Electric Co. Ltd.<\/p><p>Vous pouvez nous contacter au sujet des pr\u00e9sentes conditions g\u00e9n\u00e9rales par l'interm\u00e9diaire de notre site Internet <a href=\"https:\/\/www.langir.com\/fr\/contact\/\">contact<\/a> page.<\/p><h2>23. T\u00e9l\u00e9charger<\/h2><p>Vous pouvez \u00e9galement <a href=\"https:\/\/www.langir.com\/wp-content\/plugins\/complianz-terms-conditions\/download.php\">t\u00e9l\u00e9charger<\/a> nos conditions g\u00e9n\u00e9rales au format PDF.<\/p><\/div>\n\n\t\t<\/div>\n\t<\/div>\n\n<div class=\"vc-zigzag-wrapper vc-zigzag-align-center\"><div class=\"vc-zigzag-inner\" style=\"width: 100%;min-height: 14px;background: 0 repeat-x url(&#039;data:image\/svg+xml;utf-8,%3C%3Fxml%20version%3D%221.0%22%20encoding%3D%22utf-8%22%3F%3E%3C%21DOCTYPE%20svg%20PUBLIC%20%22-%2F%2FW3C%2F%2FDTD%20SVG%201.1%2F%2FEN%22%20%22http%3A%2F%2Fwww.w3.org%2FGraphics%2FSVG%2F1.1%2FDTD%2Fsvg11.dtd%22%3E%3Csvg%20width%3D%2214px%22%20height%3D%2212px%22%20viewBox%3D%220%200%2018%2015%22%20version%3D%221.1%22%20xmlns%3D%22http%3A%2F%2Fwww.w3.org%2F2000%2Fsvg%22%20xmlns%3Axlink%3D%22http%3A%2F%2Fwww.w3.org%2F1999%2Fxlink%22%3E%3Cpolygon%20id%3D%22Combined-Shape%22%20fill%3D%22%23ebebeb%22%20points%3D%228.98762301%200%200%209.12771969%200%2014.519983%209%205.40479869%2018%2014.519983%2018%209.12771969%22%3E%3C%2Fpolygon%3E%3C%2Fsvg%3E&#039;);\"><\/div><\/div>\n\t<div class=\"wpb_text_column wpb_content_element\" >\n\t\t<div class=\"wpb_wrapper\">\n\t\t\t<p><iframe style=\"width: 100%; border: none;\" title=\"Formulaire Wufoo int\u00e9gr\u00e9\" src=\"https:\/\/langir.wufoo.com\/embed\/zcdgace1ql3iv4\/\" height=\"766\" frameborder=\"0\" scrolling=\"no\" sandbox=\"allow-popups-to-escape-sandbox allow-top-navigation allow-scripts allow-popups allow-forms allow-same-origin\"> <a href=\"https:\/\/langir.wufoo.com\/forms\/zcdgace1ql3iv4\/\" target=\"_blank\" rel=\"noopener\">Remplissez mon formulaire Wufoo !<\/a> <\/iframe><\/p>\n\n\t\t<\/div>\n\t<\/div>\n<\/div><\/div><\/div><\/div>\n<\/div>","protected":false},"excerpt":{"rendered":"The Terms and Conditions were last updated on February 9, 20231. IntroductionThese Terms and conditions apply to this website and to the transactions related to our products and services.&nbsp;You may be bound by additional contracts related to your relationship with us or any products or services that you receive from us.&nbsp;If any provisions of the [...]","protected":false},"author":1,"featured_media":0,"parent":0,"menu_order":10,"comment_status":"closed","ping_status":"closed","template":"page-default.php","meta":{"_acf_changed":false,"footnotes":""},"class_list":["post-8990","page","type-page","status-publish","hentry","entry"],"acf":[],"post_mailing_queue_ids":[],"_links":{"self":[{"href":"https:\/\/www.langir.com\/fr\/wp-json\/wp\/v2\/pages\/8990","targetHints":{"allow":["GET"]}}],"collection":[{"href":"https:\/\/www.langir.com\/fr\/wp-json\/wp\/v2\/pages"}],"about":[{"href":"https:\/\/www.langir.com\/fr\/wp-json\/wp\/v2\/types\/page"}],"author":[{"embeddable":true,"href":"https:\/\/www.langir.com\/fr\/wp-json\/wp\/v2\/users\/1"}],"replies":[{"embeddable":true,"href":"https:\/\/www.langir.com\/fr\/wp-json\/wp\/v2\/comments?post=8990"}],"version-history":[{"count":3,"href":"https:\/\/www.langir.com\/fr\/wp-json\/wp\/v2\/pages\/8990\/revisions"}],"predecessor-version":[{"id":16488,"href":"https:\/\/www.langir.com\/fr\/wp-json\/wp\/v2\/pages\/8990\/revisions\/16488"}],"wp:attachment":[{"href":"https:\/\/www.langir.com\/fr\/wp-json\/wp\/v2\/media?parent=8990"}],"curies":[{"name":"wp","href":"https:\/\/api.w.org\/{rel}","templated":true}]}}