{"id":7444,"date":"2019-11-21T08:49:18","date_gmt":"2019-11-21T08:49:18","guid":{"rendered":"https:\/\/www.langir.com\/?page_id=7444"},"modified":"2026-03-30T08:26:40","modified_gmt":"2026-03-30T08:26:40","slug":"glossary-of-terms","status":"publish","type":"page","link":"https:\/\/www.langir.com\/it\/glossary-of-terms\/","title":{"rendered":"Glossario dei termini"},"content":{"rendered":"<div class=\"wpb-content-wrapper\"><div class=\"vc_row wpb_row vc_row-fluid\"><div class=\"wpb_column vc_column_container vc_col-sm-12\"><div class=\"vc_column-inner\"><div class=\"wpb_wrapper\">\n\t<div class=\"wpb_text_column wpb_content_element\" >\n\t\t<div class=\"wpb_wrapper\">\n\t\t\t<p><strong>Attuatore<\/strong>: L'interfaccia meccanica tra i contatti dell'interruttore di base e il mezzo di azionamento, come il dito dell'operatore.<\/p>\n<p><strong>Forza di azionamento<\/strong>: La forza necessaria per modificare lo stato elettrico di un circuito.<\/p>\n<p><a title=\"Commutatore ad azione alternata (agganciata e mantenuta)\" href=\"https:\/\/www.langir.com\/it\/news\/whats-the-difference-between-an-alternate-action-and-a-momentary\/\"><strong style=\"color: #ffa010;\">Commutatore ad azione alternata (a scatto e mantenuta)<\/strong><\/a>: Interruttore a pulsante in cui il cambiamento di stato elettrico viene mantenuto tra un'attivazione e l'altra.<\/p>\n<p><strong>Ampere<\/strong>: Un'unit\u00e0 di misura del flusso di corrente elettrica.<\/p>\n<p><strong>Base (alloggiamento)<\/strong>: La base di un interruttore \u00e8 l'elemento principale a cui sono collegate le parti conduttrici o l'unit\u00e0 isolante. Pu\u00f2 anche contenere parti del meccanismo di funzionamento o di controllo.<\/p>\n<p><strong>Rimbalzo<\/strong>: Rimbalzo del contatto mobile contro il contatto fisso durante il trasferimento.<\/p>\n<p><strong>Pausa<\/strong>: Interruzione di un circuito. La doppia interruzione si verifica quando un singolo meccanismo interrompe due contatti contemporaneamente.<\/p>\n<p><strong>Capacit\u00e0<\/strong>: Di solito si riferisce alla capacit\u00e0 di gestione della corrente di un interruttore.<\/p>\n<p><strong>Contatto<\/strong>: Il contatto \u00e8 una parte conduttrice progettata per essere unita mediante pressione a un'altra parte conduttrice allo scopo di trasportare corrente.<\/p>\n<p><strong>Resistenza di contatto<\/strong>: La resistenza del flusso di corrente attraverso i contatti chiusi.<\/p>\n<p><strong>Ritirata<\/strong>: Caratteristica che indica il raggiungimento del punto di azionamento. Pu\u00f2 essere indicata anche come sensazione tattile.<\/p>\n<p><strong>Rigidit\u00e0 dielettrica<\/strong>: Capacit\u00e0 di un materiale isolante di resistere all'arco di tensione che attraversa la sua superficie.<\/p>\n<p><strong>A tenuta di polvere<\/strong>: L'interruttore sigillato resiste alla sabbia e alla polvere.<\/p>\n<p><strong>Vita elettrica<\/strong>: Durata prevista del ciclo quando l'interruttore funziona a pieno carico nominale.<\/p>\n<p><strong>Resistenza all'isolamento<\/strong>: La resistenza al flusso di corrente dei materiali isolanti tra i contatti.<\/p>\n<p><a title=\"Interruttore ad azione momentanea\" href=\"https:\/\/www.langir.com\/it\/news\/whats-the-difference-between-an-alternate-action-and-a-momentary\/\"><strong style=\"color: #ffa010;\">Interruttore ad azione momentanea<\/strong><\/a>: Il termine indica un interruttore in cui un circuito viene chiuso o aperto in modo continuo solo quando viene applicata una forza. Lo stato elettrico ritorna alla posizione normale quando la forza viene rimossa.<\/p>\n<p><strong>Normalmente chiuso<\/strong>: Il termine indica un interruttore in cui un circuito \u00e8 chiuso nella posizione normale dell'interruttore.<\/p>\n<p><strong>Normalmente aperto<\/strong>: Il termine indica un interruttore in cui un circuito \u00e8 aperto nella posizione normale dell'interruttore.<\/p>\n<p><strong>Punto operativo<\/strong>: Punto in cui i contatti si trasferiscono. Di solito viene misurato dai fori di montaggio dell'interruttore.<\/p>\n<p><strong>Oltre il viaggio<\/strong>: La distanza percorsa da un attuatore dopo la chiusura del circuito.<\/p>\n<p><strong>Palo<\/strong>: Il termine indica un circuito completamente separato che passa attraverso un interruttore in una sola volta.<\/p>\n<p><strong>Prima del viaggio:<\/strong>\u00a0Il movimento dell'attuatore prima della chiusura del circuito. Talvolta \u00e8 identico a \"Corsa per fare\".<\/p>\n\n\t\t<\/div>\n\t<\/div>\n\n\t<div class=\"wpb_text_column wpb_content_element\" >\n\t\t<div class=\"wpb_wrapper\">\n\t\t\t<p><strong>Abbreviazioni degli interruttori:<\/strong><\/p>\n\n\t\t<\/div>\n\t<\/div>\n\n\t<div class=\"wpb_text_column wpb_content_element\" >\n\t\t<div class=\"wpb_wrapper\">\n\t\t\t<p><strong>N.C.<\/strong>: Normalmente chiuso<\/p>\n<p><strong>N.O.<\/strong>: Normalmente aperto<\/p>\n<p><strong>SPST<\/strong>: Singolo polo singolo, lancio singolo 1NO1NC<\/p>\n<p><strong>SPDT<\/strong>: Singolo polo doppia apertura 1NO2NC<\/p>\n<p><strong>DPST<\/strong>: Doppio polo a lancio singolo 2NO1NC<\/p>\n<p><strong>DPDT<\/strong>: Doppio polo doppia apertura 2NO2NC<\/p>\n<p><strong>Viaggiare per fare<\/strong>: La distanza parallela alla direzione designata del movimento dell'attuatore in cui un circuito \u00e8 chiuso.<\/p>\n<p><strong>A tenuta stagna<\/strong>: L'interruttore sigillato resiste all'immersione a varie profondit\u00e0, a seconda del livello delle specifiche.<\/p>\n<p><strong>Azione tergicristallo<\/strong>: Corsa laterale del contatto mobile sul contatto fisso in presenza di pressione tra i due contatti. Si verifica durante la corsa dello stantuffo. Questa azione aiuta a pulire i contatti dalla contaminazione.<\/p>\n\n\t\t<\/div>\n\t<\/div>\n\n<div class=\"vc-zigzag-wrapper vc-zigzag-align-center\"><div class=\"vc-zigzag-inner\" style=\"width: 100%;min-height: 14px;background: 0 repeat-x url(&#039;data:image\/svg+xml;utf-8,%3C%3Fxml%20version%3D%221.0%22%20encoding%3D%22utf-8%22%3F%3E%3C%21DOCTYPE%20svg%20PUBLIC%20%22-%2F%2FW3C%2F%2FDTD%20SVG%201.1%2F%2FEN%22%20%22http%3A%2F%2Fwww.w3.org%2FGraphics%2FSVG%2F1.1%2FDTD%2Fsvg11.dtd%22%3E%3Csvg%20width%3D%2214px%22%20height%3D%2212px%22%20viewBox%3D%220%200%2018%2015%22%20version%3D%221.1%22%20xmlns%3D%22http%3A%2F%2Fwww.w3.org%2F2000%2Fsvg%22%20xmlns%3Axlink%3D%22http%3A%2F%2Fwww.w3.org%2F1999%2Fxlink%22%3E%3Cpolygon%20id%3D%22Combined-Shape%22%20fill%3D%22%23ebebeb%22%20points%3D%228.98762301%200%200%209.12771969%200%2014.519983%209%205.40479869%2018%2014.519983%2018%209.12771969%22%3E%3C%2Fpolygon%3E%3C%2Fsvg%3E&#039;);\"><\/div><\/div>\n\t<div class=\"wpb_text_column wpb_content_element\" >\n\t\t<div class=\"wpb_wrapper\">\n\t\t\t<p><iframe style=\"width: 100%; border: none;\" title=\"Modulo Wufoo incorporato\" src=\"https:\/\/langir.wufoo.com\/embed\/zcdgace1ql3iv4\/\" height=\"766\" frameborder=\"0\" scrolling=\"no\" sandbox=\"allow-popups-to-escape-sandbox allow-top-navigation allow-scripts allow-popups allow-forms allow-same-origin\"> <a href=\"https:\/\/langir.wufoo.com\/forms\/zcdgace1ql3iv4\/\" target=\"_blank\" rel=\"noopener\">Compilate il mio modulo Wufoo!<\/a> <\/iframe><\/p>\n\n\t\t<\/div>\n\t<\/div>\n<\/div><\/div><\/div><\/div>\n<\/div>","protected":false},"excerpt":{"rendered":"Actuator:\u00a0The mechanical interface between the basic switch contacts and the means of operation, such as\u00a0the operator\u2019s finger. Actuation Force:\u00a0The required force to change a circuit\u2019s electrical state. Alternate (Latchin and Maintained) Action Switch:\u00a0A Pushbutton style switch where the change of the electrical state is maintained\u00a0between actuations. Ampere:\u00a0A unit of electrical current flow. Base (Housing):\u00a0A base [...]","protected":false},"author":1,"featured_media":7426,"parent":0,"menu_order":33,"comment_status":"closed","ping_status":"closed","template":"page-default.php","meta":{"_acf_changed":false,"_metasync_otto_title":"","_metasync_otto_description":"","rank_math_title":"%title% | Electric Switches - %sitename%","rank_math_description":"Glossary of Terms, Actuation Force: The required force to change a circuit\u2019s electrical state.","_yoast_wpseo_title":"","_yoast_wpseo_metadesc":"","footnotes":""},"class_list":["post-7444","page","type-page","status-publish","has-post-thumbnail","hentry","entry"],"acf":[],"post_mailing_queue_ids":[],"_links":{"self":[{"href":"https:\/\/www.langir.com\/it\/wp-json\/wp\/v2\/pages\/7444","targetHints":{"allow":["GET"]}}],"collection":[{"href":"https:\/\/www.langir.com\/it\/wp-json\/wp\/v2\/pages"}],"about":[{"href":"https:\/\/www.langir.com\/it\/wp-json\/wp\/v2\/types\/page"}],"author":[{"embeddable":true,"href":"https:\/\/www.langir.com\/it\/wp-json\/wp\/v2\/users\/1"}],"replies":[{"embeddable":true,"href":"https:\/\/www.langir.com\/it\/wp-json\/wp\/v2\/comments?post=7444"}],"version-history":[{"count":1,"href":"https:\/\/www.langir.com\/it\/wp-json\/wp\/v2\/pages\/7444\/revisions"}],"predecessor-version":[{"id":16170,"href":"https:\/\/www.langir.com\/it\/wp-json\/wp\/v2\/pages\/7444\/revisions\/16170"}],"wp:featuredmedia":[{"embeddable":true,"href":"https:\/\/www.langir.com\/it\/wp-json\/wp\/v2\/media\/7426"}],"wp:attachment":[{"href":"https:\/\/www.langir.com\/it\/wp-json\/wp\/v2\/media?parent=7444"}],"curies":[{"name":"wp","href":"https:\/\/api.w.org\/{rel}","templated":true}]}}