{"id":7449,"date":"2019-11-21T08:50:32","date_gmt":"2019-11-21T08:50:32","guid":{"rendered":"https:\/\/www.langir.com\/?page_id=7449"},"modified":"2020-08-31T07:22:55","modified_gmt":"2020-08-31T07:22:55","slug":"jobs-careers","status":"publish","type":"page","link":"https:\/\/www.langir.com\/it\/jobs-careers\/","title":{"rendered":"Lavori e carriere"},"content":{"rendered":"<div class=\"wpb-content-wrapper\"><div class=\"vc_row wpb_row vc_row-fluid\"><div class=\"wpb_column vc_column_container vc_col-sm-12\"><div class=\"vc_column-inner\"><div class=\"wpb_wrapper\">\n\t<div class=\"wpb_text_column wpb_content_element vc_custom_1428396705815\" >\n\t\t<div class=\"wpb_wrapper\">\n\t\t\t<p>In LANGIR siamo convinti che le persone siano la chiave del nostro successo.<\/p>\n\n\t\t<\/div>\n\t<\/div>\n\n\t<div class=\"wpb_text_column wpb_content_element\" >\n\t\t<div class=\"wpb_wrapper\">\n\t\t\t<p>In LANGIR troverete un ambiente di lavoro in continua evoluzione e gratificante. Vi offriamo opportunit\u00e0 di carriera in tutto il mondo per mettervi alla prova e apprendere nuove competenze.<\/p>\n\n\t\t<\/div>\n\t<\/div>\n\n\t<div class=\"wpb_text_column wpb_content_element\" >\n\t\t<div class=\"wpb_wrapper\">\n\t\t\t<p>Siamo alla continua ricerca di talenti flessibili nel modo di pensare e di agire; futuri colleghi che amano l'innovazione e sono motivati a entrare in un ambiente di lavoro dinamico che valorizza il lavoro di squadra, l'imprenditorialit\u00e0 e l'apertura mentale.<\/p>\n\n\t\t<\/div>\n\t<\/div>\n<\/div><\/div><\/div><\/div><div class=\"vc_row wpb_row vc_row-fluid\"><div class=\"wpb_column vc_column_container vc_col-sm-12\"><div class=\"vc_column-inner\"><div class=\"wpb_wrapper\">\n\t<div class=\"wpb_text_column wpb_content_element\" >\n\t\t<div class=\"wpb_wrapper\">\n\t\t\t<p><strong>Posizioni aperte<\/strong><\/p>\n\n\t\t<\/div>\n\t<\/div>\n<\/div><\/div><\/div><\/div><div class=\"vc_row wpb_row vc_row-fluid jobscareers\"><div class=\"wpb_column vc_column_container vc_col-sm-4\"><div class=\"vc_column-inner\"><div class=\"wpb_wrapper\">\n\t<div class=\"wpb_raw_code wpb_raw_html wpb_content_element\" >\n\t\t<div class=\"wpb_wrapper\">\n\t\t\t<h4><span style=\"color: #ff0000;\">Laureati<\/span><\/h4>\n<p>Wenzhou, Cina<br>\n13 aprile 2015<\/p>\n\t\t<\/div>\n\t<\/div>\n<\/div><\/div><\/div><div class=\"wpb_column vc_column_container vc_col-sm-8\"><div class=\"vc_column-inner\"><div class=\"wpb_wrapper\">\n\t<div class=\"wpb_text_column wpb_content_element\" >\n\t\t<div class=\"wpb_wrapper\">\n\t\t\t<p>Studenti laureati in gestione, commercio internazionale o automazione.<\/p>\n<ul>\n<li>zelante per il commercio internazionale, l'industria meccanica e le vendite online.<\/li>\n<li>Sensibile al mercato, fedele al marchio.<\/li>\n<li>lavorare sodo.<\/li>\n<li>modesto e disposto a imparare cose nuove.<\/li>\n<li>solide conoscenze professionali, forte capacit\u00e0 di autodisciplina<\/li>\n<\/ul>\n\n\t\t<\/div>\n\t<\/div>\n<\/div><\/div><\/div><\/div><div class=\"vc_row wpb_row vc_row-fluid jobscareers\"><div class=\"wpb_column vc_column_container vc_col-sm-4\"><div class=\"vc_column-inner\"><div class=\"wpb_wrapper\">\n\t<div class=\"wpb_raw_code wpb_raw_html wpb_content_element\" >\n\t\t<div class=\"wpb_wrapper\">\n\t\t\t<h4><span style=\"color: #ff0000;\">Responsabile del controllo qualit\u00e0<\/span><\/h4>\n<p>Wenzhou, Cina<br>\n15 aprile 2015<\/p>\n\t\t<\/div>\n\t<\/div>\n<\/div><\/div><\/div><div class=\"wpb_column vc_column_container vc_col-sm-8\"><div class=\"vc_column-inner\"><div class=\"wpb_wrapper\">\n\t<div class=\"wpb_text_column wpb_content_element\" >\n\t\t<div class=\"wpb_wrapper\">\n\t\t\t<p>Descrizione:<\/p>\n<ul>\n<li>Implementare l'indice di qualit\u00e0, redigere norme e regolamenti sul controllo qualit\u00e0, stabilire un sistema di gestione della qualit\u00e0.<\/li>\n<li>Modificare, esaminare e completare varie istruzioni operative.<\/li>\n<li>Campioni di prova, ordini e prodotti non qualificati<\/li>\n<li>Aiuto nella scelta di fornitori qualificati<\/li>\n<li>Effettuare l'analisi delle condizioni del CQ, adottare misure per correggere e prevenire eventuali errori di qualit\u00e0.<\/li>\n<li>Organizzare riunioni periodiche, riferire al Direttore Generale sulle condizioni del CQ e fornire consigli professionali.<\/li>\n<\/ul>\n\n\t\t<\/div>\n\t<\/div>\n<\/div><\/div><\/div><\/div><div class=\"vc_row wpb_row vc_row-fluid jobscareers\"><div class=\"wpb_column vc_column_container vc_col-sm-4\"><div class=\"vc_column-inner\"><div class=\"wpb_wrapper\">\n\t<div class=\"wpb_raw_code wpb_raw_html wpb_content_element\" >\n\t\t<div class=\"wpb_wrapper\">\n\t\t\t<h4><span style=\"color: #ff0000;\">Vendite internazionali<\/span><\/h4>\n<p>Wenzhou, Cina<br>\n15 aprile 2015<\/p>\n\t\t<\/div>\n\t<\/div>\n<\/div><\/div><\/div><div class=\"wpb_column vc_column_container vc_col-sm-8\"><div class=\"vc_column-inner\"><div class=\"wpb_wrapper\">\n\t<div class=\"wpb_text_column wpb_content_element\" >\n\t\t<div class=\"wpb_wrapper\">\n\t\t\t<p>Qualifiche:<\/p>\n<ul>\n<li>Laureati in Marketing, Commercio Internazionale o Inglese.<\/li>\n<li>Almeno 2 anni di esperienza lavorativa in ambito hardware, meccanico o elettrico.<\/li>\n<li>Competenze in marketing, promozione dei prodotti, commercio estero e informatica.<\/li>\n<li>Familiarit\u00e0 con l'esplorazione dei mercati d'oltremare e il processo di commercio estero<\/li>\n<li>Capacit\u00e0 di penetrazione del mercato e di pianificazione delle vendite<\/li>\n<li>Capacit\u00e0 di scrittura, conversazione e comprensione dell'inglese e del cinese notevoli<\/li>\n<\/ul>\n\n\t\t<\/div>\n\t<\/div>\n<\/div><\/div><\/div><\/div><div class=\"vc_row wpb_row vc_row-fluid\"><div class=\"wpb_column vc_column_container vc_col-sm-4\"><div class=\"vc_column-inner\"><div class=\"wpb_wrapper\">\n\t<div class=\"wpb_raw_code wpb_raw_js\" >\n\t\t<div class=\"wpb_wrapper\">\n\t\t\t<h4><span style=\"color: #ff0000;\">Responsabile dell'esportazione<\/span><\/h4>\n<p>Wenzhou, Cina<br>\n15 aprile 2015<\/p>\n\t\t<\/div>\n\t<\/div>\n\n\t<div class=\"wpb_text_column wpb_content_element\" >\n\t\t<div class=\"wpb_wrapper\">\n\t\t\t\n\t\t<\/div>\n\t<\/div>\n<\/div><\/div><\/div><div class=\"wpb_column vc_column_container vc_col-sm-8\"><div class=\"vc_column-inner\"><div class=\"wpb_wrapper\">\n\t<div class=\"wpb_text_column wpb_content_element\" >\n\t\t<div class=\"wpb_wrapper\">\n\t\t\t<p>Siamo alla ricerca di Export Manager con pi\u00f9 di 2 anni di esperienza lavorativa nei settori hardware, meccanico ed elettrico. Questa posizione vi offrir\u00e0 molte possibilit\u00e0 di promozione.<br \/>\n<strong>Attributi chiave:<\/strong><\/p>\n<ul>\n<li>Esperienza lavorativa: 1-3 anni<\/li>\n<li>Istruzione : Laurea triennale<\/li>\n<li>Esperienza manageriale: NO Requisiti<\/li>\n<li>Stato: A tempo pieno<\/li>\n<\/ul>\n\n\t\t<\/div>\n\t<\/div>\n<\/div><\/div><\/div><\/div>\n<\/div>","protected":false},"excerpt":{"rendered":"At LANGIR we are convinced that people are the key to our success. At LANGIR you will find an ever-changing and rewarding work environment. We give you career opportunities around the world to challenge yourself and to learn new skills. We are continuously looking for talents that are flexible in the way they think and [...]","protected":false},"author":1,"featured_media":7439,"parent":0,"menu_order":32,"comment_status":"closed","ping_status":"closed","template":"page-default.php","meta":{"_acf_changed":false,"_metasync_otto_title":"","_metasync_otto_description":"","rank_math_title":"%title% | Electric Switches - %sitename%","rank_math_description":"At LANGIR you will find an rewarding work environment. We give you career opportunities around the world to challenge yourself.","_yoast_wpseo_title":"","_yoast_wpseo_metadesc":"","footnotes":""},"class_list":["post-7449","page","type-page","status-publish","has-post-thumbnail","hentry","entry"],"acf":[],"post_mailing_queue_ids":[],"_links":{"self":[{"href":"https:\/\/www.langir.com\/it\/wp-json\/wp\/v2\/pages\/7449","targetHints":{"allow":["GET"]}}],"collection":[{"href":"https:\/\/www.langir.com\/it\/wp-json\/wp\/v2\/pages"}],"about":[{"href":"https:\/\/www.langir.com\/it\/wp-json\/wp\/v2\/types\/page"}],"author":[{"embeddable":true,"href":"https:\/\/www.langir.com\/it\/wp-json\/wp\/v2\/users\/1"}],"replies":[{"embeddable":true,"href":"https:\/\/www.langir.com\/it\/wp-json\/wp\/v2\/comments?post=7449"}],"version-history":[{"count":0,"href":"https:\/\/www.langir.com\/it\/wp-json\/wp\/v2\/pages\/7449\/revisions"}],"wp:featuredmedia":[{"embeddable":true,"href":"https:\/\/www.langir.com\/it\/wp-json\/wp\/v2\/media\/7439"}],"wp:attachment":[{"href":"https:\/\/www.langir.com\/it\/wp-json\/wp\/v2\/media?parent=7449"}],"curies":[{"name":"wp","href":"https:\/\/api.w.org\/{rel}","templated":true}]}}