{"id":7463,"date":"2019-11-21T08:58:30","date_gmt":"2019-11-21T08:58:30","guid":{"rendered":"https:\/\/www.langir.com\/?page_id=7463"},"modified":"2026-03-30T08:51:20","modified_gmt":"2026-03-30T08:51:20","slug":"privacy-policy","status":"publish","type":"page","link":"https:\/\/www.langir.com\/it\/privacy-policy\/","title":{"rendered":"Informativa sulla privacy"},"content":{"rendered":"<div class=\"wpb-content-wrapper\"><div class=\"vc_row wpb_row vc_row-fluid\"><div class=\"wpb_column vc_column_container vc_col-sm-12\"><div class=\"vc_column-inner\"><div class=\"wpb_wrapper\">\n\t<div class=\"wpb_text_column wpb_content_element vc_custom_1426432726294\" >\n\t\t<div class=\"wpb_wrapper\">\n\t\t\t<h3 style=\"text-align: center;\">TERMINI DI UTILIZZO<\/h3>\n\n\t\t<\/div>\n\t<\/div>\n\n\t<div class=\"wpb_text_column wpb_content_element\" >\n\t\t<div class=\"wpb_wrapper\">\n\t\t\t<p><strong style=\"color: #000;\">Avviso di copyright<\/strong><\/p>\n<div id=\"xunlei_com_thunder_helper_plugin_d462f475-c18e-46be-bd10-327458d045bd\"><\/div>\n\n\t\t<\/div>\n\t<\/div>\n\n\t<div class=\"wpb_text_column wpb_content_element vc_custom_1774860608072\" >\n\t\t<div class=\"wpb_wrapper\">\n\t\t\t<p>I contenuti del sito web sono protetti da copyright \u00a9 2015 LANGIR (o le sue filiali ove indicato e\/o i suoi licenziatari), 2F, No.10 Longhe East Road, Liushi, Wenzhou, Zhejiang, China 325604 Tutti i diritti riservati.<\/p>\n\n\t\t<\/div>\n\t<\/div>\n\n\t<div class=\"wpb_text_column wpb_content_element vc_custom_1426429652776\" >\n\t\t<div class=\"wpb_wrapper\">\n\t\t\t<p>Le informazioni contenute nel sito web, compresi, a titolo esemplificativo, testi, immagini e suoni, non possono essere riprodotte, trasferite, distribuite o memorizzate, se non per scopi strettamente privati o se diversamente indicato, senza previa autorizzazione scritta da parte di LANGIR. La modifica dei contenuti del sito web \u00e8 espressamente vietata. Alcune parti del sito web contengono immagini che sono soggette ai diritti d'autore dei rispettivi fornitori.<\/p>\n\n\t\t<\/div>\n\t<\/div>\n\n\t<div class=\"wpb_text_column wpb_content_element vc_custom_1426478451014\" >\n\t\t<div class=\"wpb_wrapper\">\n\t\t\t<p><strong style=\"color: #000;\">Marchi di fabbrica<\/strong> <\/p>\n\n\t\t<\/div>\n\t<\/div>\n\n\t<div class=\"wpb_text_column wpb_content_element\" >\n\t\t<div class=\"wpb_wrapper\">\n\t\t\t<p>Se non diversamente indicato sul sito web, i marchi visualizzati, i loghi aziendali e gli emblemi sono soggetti ai diritti di marchio di LANGIR (o delle sue filiali).<\/p>\n\n\t\t<\/div>\n\t<\/div>\n\n\t<div class=\"wpb_text_column wpb_content_element\" >\n\t\t<div class=\"wpb_wrapper\">\n\t\t\t<p><strong style=\"color: #000;\">NESSUNA GARANZIA O DICHIARAZIONE<\/strong> <\/p>\n\n\t\t<\/div>\n\t<\/div>\n\n\t<div class=\"wpb_text_column wpb_content_element\" >\n\t\t<div class=\"wpb_wrapper\">\n\t\t\t<p>LE INFORMAZIONI CONTENUTE IN QUESTO SITO WEB SONO FORNITE \"COS\u00cc COME SONO\". IN NESSUN CASO LANGIR ELECTRIC SAR\u00c0 RESPONSABILE NEI CONFRONTI DI TERZI PER DANNI DIRETTI, INDIRETTI, SPECIALI O ALTRI DANNI CONSEGUENTI ALL'USO DI QUESTO SITO WEB O DI QUALSIASI ALTRO SITO WEB COLLEGATO TRAMITE HYPERLINK, INCLUSI, SENZA LIMITAZIONI, LA PERDITA DI PROFITTI, L'INTERRUZIONE DELL'ATTIVIT\u00c0, LA PERDITA DI PROGRAMMI O DI ALTRI DATI SUL VOSTRO SISTEMA DI GESTIONE DELLE INFORMAZIONI O ALTRO, ANCHE NEL CASO IN CUI SIAMO STATI ESPRESSAMENTE AVVISATI DELLA POSSIBILIT\u00c0 DI TALI DANNI.<\/p>\n\n\t\t<\/div>\n\t<\/div>\n\n\t<div class=\"wpb_text_column wpb_content_element\" >\n\t\t<div class=\"wpb_wrapper\">\n\t\t\t<p>La LANGIR non fornisce alcuna garanzia e\/o dichiarazione in merito a qualsiasi altro sito web a cui si possa accedere attraverso questo sito. Tali garanzie e\/o dichiarazioni sono fornite solo per comodit\u00e0 e non significano che la LANGIR approvi o accetti alcuna responsabilit\u00e0 per i contenuti o l'uso di tale sito web. Inoltre, spetta all'utente prendere le dovute precauzioni e assicurarsi che il materiale selezionato per l'uso sia privo di virus, worm, cavalli di Troia e altri elementi di natura distruttiva. Le informazioni contenute in questo sito web possono contenere imprecisioni tecniche o errori tipografici. Le informazioni contenute in questo sito web possono essere modificate in qualsiasi momento senza preavviso o obbligo. Le informazioni pubblicate sul sito web possono contenere riferimenti o riferimenti incrociati a prodotti, servizi ecc. di LANGIR che non sono annunciati o disponibili nel vostro paese. L'accuratezza di tali informazioni non pu\u00f2 essere garantita, in particolare perch\u00e9 queste informazioni sono soggette a modifiche, requisiti specifici o disponibilit\u00e0 e tali riferimenti non implicano che LANGIR intenda annunciare tali prodotti, servizi ecc. nel vostro paese. Contattate il vostro rivenditore locale per avere informazioni complete sui prodotti, servizi ecc. che potrebbero essere disponibili per voi e per effettuare l'ordine.<\/p>\n\n\t\t<\/div>\n\t<\/div>\n\n\t<div class=\"wpb_text_column wpb_content_element\" >\n\t\t<div class=\"wpb_wrapper\">\n\t\t\t<p><strong style=\"color: #000;\">Commenti, domande o suggerimenti<\/strong> <\/p>\n\n\t\t<\/div>\n\t<\/div>\n\n\t<div class=\"wpb_text_column wpb_content_element\" >\n\t\t<div class=\"wpb_wrapper\">\n\t\t\t<p>Si prega di notare che qualsiasi informazione, suggerimento non richiesto, idea o altro inviato sar\u00e0 considerato non confidenziale e non proprietario. Inviando qualsiasi informazione o materiale, l'utente concede a LANGIR e\/o alle sue filiali una licenza illimitata e irrevocabile per l'utilizzo, la riproduzione, la visualizzazione, l'esecuzione, la modifica, la trasmissione e la distribuzione di tali materiali o informazioni, e accetta inoltre che LANGIR e\/o le sue filiali siano libere di utilizzare qualsiasi idea, concetto, know-how o tecnica inviata dall'utente per qualsiasi scopo.<\/p>\n\n\t\t<\/div>\n\t<\/div>\n\n\t<div class=\"wpb_text_column wpb_content_element\" >\n\t\t<div class=\"wpb_wrapper\">\n\t\t\t<p><strong style=\"color: #000;\">File specifici disponibili sul sito web<\/strong> <\/p>\n\n\t\t<\/div>\n\t<\/div>\n\n\t<div class=\"wpb_text_column wpb_content_element\" >\n\t\t<div class=\"wpb_wrapper\">\n\t\t\t<p>Tutti i file che possono essere scaricati da questo sito web sono protetti da copyright di LANGIR (o di una delle sue consociate) e\/o dei suoi fornitori. Se non diversamente indicato nel Contratto di licenza, i file sono resi disponibili per il download esclusivamente per l'uso da parte degli utenti finali. Qualsiasi riproduzione o ridistribuzione di file non conforme al Contratto di licenza pu\u00f2 comportare sanzioni civili e penali.<\/p>\n\n\t\t<\/div>\n\t<\/div>\n\n\t<div class=\"wpb_text_column wpb_content_element\" >\n\t\t<div class=\"wpb_wrapper\">\n\t\t\t<p>SENZA LIMITARE QUANTO SOPRA, \u00c8 ESPRESSAMENTE VIETATA LA COPIA O LA RIPRODUZIONE DI QUESTI FILE SU QUALSIASI ALTRO SERVER O LUOGO PER UN'ULTERIORE RIPRODUZIONE O RIDISTRIBUZIONE. IL SOFTWARE \u00c8 GARANTITO, SE MAI LO \u00c8, SOLO IN BASE AI TERMINI DEL CONTRATTO DI LICENZA. LANGIR DECLINA CON LA PRESENTE TUTTE LE GARANZIE E LE CONDIZIONI RELATIVE AI FILE, INCLUSE TUTTE LE GARANZIE E LE CONDIZIONI IMPLICITE DI COMMERCIABILIT\u00c0, IDONEIT\u00c0 PER UNO SCOPO PARTICOLARE, TITOLO E NON VIOLAZIONE.<\/p>\n\n\t\t<\/div>\n\t<\/div>\n\n\t<div class=\"wpb_text_column wpb_content_element\" >\n\t\t<div class=\"wpb_wrapper\">\n\t\t\t<p><strong style=\"color: #000;\">Giurisdizione e leggi applicabili<\/strong> <\/p>\n\n\t\t<\/div>\n\t<\/div>\n\n\t<div class=\"wpb_text_column wpb_content_element\" >\n\t\t<div class=\"wpb_wrapper\">\n\t\t\t<p>L'utente accetta che il presente accordo e l'utilizzo di questo sito siano regolati dalle leggi della Repubblica Popolare Cinese. L'utente acconsente alla giurisdizione esclusiva e alla sede dei tribunali, delle agenzie e di altre organizzazioni per la risoluzione delle controversie nella Repubblica Popolare Cinese in tutte le controversie derivanti da, relative a, o in qualsiasi modo riguardanti questo Sito e\/o questo accordo.<\/p>\n\n\t\t<\/div>\n\t<\/div>\n\n\t<div class=\"wpb_text_column wpb_content_element\" >\n\t\t<div class=\"wpb_wrapper\">\n\t\t\t<p><strong style=\"color: #000;\">Varie<\/strong> <\/p>\n\n\t\t<\/div>\n\t<\/div>\n\n\t<div class=\"wpb_text_column wpb_content_element\" >\n\t\t<div class=\"wpb_wrapper\">\n\t\t\t<p>L'utente accetta che LANGIR possa, in qualsiasi momento e senza preavviso, modificare i termini, le condizioni e le comunicazioni in base ai quali questo sito viene offerto. LANGIR si riserva il diritto, a sua esclusiva discrezione, di negare l'accesso al Sito o a qualsiasi parte di esso a qualsiasi persona o utente senza preavviso. L'utente accetta che non esiste alcun rapporto di joint venture, partnership, impiego o agenzia tra l'utente e LANGIR come risultato di questo accordo o dell'utilizzo del Sito da parte dell'utente. L'esecuzione del presente accordo da parte di LANGIR \u00e8 soggetta alle leggi e ai procedimenti legali in vigore e nulla di quanto contenuto nel presente accordo costituisce una deroga al diritto di LANGIR di conformarsi alle richieste o alle esigenze delle forze dell'ordine relative all'uso del sito da parte dell'utente o alle informazioni fornite o raccolte da LANGIR in relazione a tale uso.<\/p>\n\n\t\t<\/div>\n\t<\/div>\n\n\t<div class=\"wpb_text_column wpb_content_element\" >\n\t\t<div class=\"wpb_wrapper\">\n\t\t\t<p>Il presente accordo e l'Informativa sulla privacy di LANGIR costituiscono l'intero accordo tra l'utente e LANGIR in relazione a questo sito. Il presente accordo e l'Informativa sulla privacy di LANGIR sostituiscono tutte le comunicazioni e le proposte precedenti o contemporanee, sia elettroniche che orali o scritte, tra l'utente e LANGIR in relazione a questo sito. Nessuna modifica del presente accordo sar\u00e0 efficace a meno che non sia autorizzata da LANGIR o dalle sue affiliate, o a meno che non sia fisicamente firmata da un funzionario di LANGIR. Qualsiasi presunta rinuncia a qualsiasi violazione del presente accordo non sar\u00e0 considerata una rinuncia a qualsiasi futura violazione.<\/p>\n\n\t\t<\/div>\n\t<\/div>\n\n\t<div class=\"wpb_text_column wpb_content_element\" >\n\t\t<div class=\"wpb_wrapper\">\n\t\t\t<p><strong style=\"color: #000;\">Contatto<\/strong> <\/p>\n\n\t\t<\/div>\n\t<\/div>\n\n\t<div class=\"wpb_text_column wpb_content_element\" >\n\t\t<div class=\"wpb_wrapper\">\n\t\t\t<p>In caso di domande sulle sezioni di cui sopra, non esitate a contattare LANGIR - 2F, No.10 Longhe East Road, Liushi, Wenzhou, Zhejiang, China 325604<\/p>\n\n\t\t<\/div>\n\t<\/div>\n\n\t<div class=\"wpb_text_column wpb_content_element\" >\n\t\t<div class=\"wpb_wrapper\">\n\t\t\t<p><strong style=\"color: #000;\">INFORMATIVA SULLA PRIVACY<\/strong> <\/p>\n\n\t\t<\/div>\n\t<\/div>\n\n\t<div class=\"wpb_text_column wpb_content_element\" >\n\t\t<div class=\"wpb_wrapper\">\n\t\t\t<p>Quando visitate il sito web di LANGIR per consultare le informazioni in esso contenute, lo fate in forma anonima, a meno che non scegliate di fornirci informazioni su di voi.<\/p>\n\n\t\t<\/div>\n\t<\/div>\n\n\t<div class=\"wpb_text_column wpb_content_element\" >\n\t\t<div class=\"wpb_wrapper\">\n\t\t\t<p>La vostra privacy \u00e8 importante per noi. Tutte le informazioni che avete scelto di fornire ci consentono di inviarvi informazioni su prodotti e servizi per i quali avete manifestato interesse. Le informazioni possono essere fornite ad altre societ\u00e0 della LANGIR per questo scopo. Fornendoci i vostri dati, acconsentite al loro trattamento per gli scopi sopra descritti. Non le trasmetteremo a terzi al di fuori di LANGIR. Questa informativa sulla privacy e sulle leggi \u00e8 generale per i siti web di LANGIR. Tuttavia, potrebbero esistere ulteriori informazioni sulla privacy nei siti web specifici delle diverse societ\u00e0 di LANGIR che svolgono funzioni particolari.<\/p>\n\n\t\t<\/div>\n\t<\/div>\n\n\t<div class=\"wpb_text_column wpb_content_element\" >\n\t\t<div class=\"wpb_wrapper\">\n\t\t\t<p><strong style=\"color: #000;\">Dati personali<\/strong> <\/p>\n\n\t\t<\/div>\n\t<\/div>\n\n\t<div class=\"wpb_text_column wpb_content_element\" >\n\t\t<div class=\"wpb_wrapper\">\n\t\t\t<p>LANGIR intende offrire all'utente il massimo controllo possibile sui propri dati personali. Per noi \u00e8 importante che vi sentiate a vostro agio nel visitare i nostri siti web. In alcuni casi, tuttavia, potremmo aver bisogno di informazioni personali da parte vostra. Tutte le informazioni personali fornite dall'utente (compreso, ma non solo, l'indirizzo e-mail) vengono utilizzate per i seguenti scopi: Se ci fornite informazioni personali per ricevere informazioni da noi (ad esempio, opuscoli, cataloghi), raccogliamo e memorizziamo tali informazioni. Se l'utente esamina o scarica informazioni, noi tracciamo la visita. Ci\u00f2 \u00e8 utile per fornirvi informazioni su misura e per fornirci informazioni su quali parti del sito sono frequentate, mediante l'uso di cookie, come indicato di seguito. Le informazioni raccolte o memorizzate sull'utente vengono utilizzate solo nell'ambito di LANGIR. Il sito web pu\u00f2 contenere link a siti web non LANGIR. LANGIR non \u00e8 responsabile delle pratiche sulla privacy di tali siti web. \u00c8 possibile contattare le aziende della LANGIR per qualsiasi domanda sulle modalit\u00e0 di trattamento dei dati personali dell'utente (ad esempio, nome, indirizzo e-mail). I dati di contatto delle aziende della LANGIR sono riportati alla fine di questa pagina. Se i dati non sono corretti, avete il diritto di farli rettificare. Avete inoltre il diritto (su richiesta scritta e firmata personalmente, una volta per anno solare e senza alcun costo) di ricevere da noi informazioni su quali dati personali trattiamo in relazione a voi e perch\u00e9.<\/p>\n\n\t\t<\/div>\n\t<\/div>\n\n\t<div class=\"wpb_text_column wpb_content_element\" >\n\t\t<div class=\"wpb_wrapper\">\n\t\t\t<p><strong style=\"color: #000;\">Biscotti<\/strong> <\/p>\n\n\t\t<\/div>\n\t<\/div>\n\n\t<div class=\"wpb_text_column wpb_content_element\" >\n\t\t<div class=\"wpb_wrapper\">\n\t\t\t<p>Sul sito web di LANGIR vengono utilizzati dei cookie. Un cookie \u00e8 un piccolo file di testo contenente informazioni che viene memorizzato sul vostro computer. Lo scopo dell'utilizzo dei cookie \u00e8 quello di migliorare l'utilizzo del sito da parte dei visitatori.<\/p>\n\n\t\t<\/div>\n\t<\/div>\n\n\t<div class=\"wpb_text_column wpb_content_element\" >\n\t\t<div class=\"wpb_wrapper\">\n\t\t\t<p>Sul sito web di LANGIR vengono utilizzati tre tipi di cookie, ovvero i seguenti:<\/p>\n<ol>\n<li>Il primo tipo salva un file in modo permanente sul computer e viene utilizzato per aggiornare il sito web con le nuove informazioni inserite dopo l'ultima visita. Le informazioni presenti sul sito web, che non sono state modificate dall'ultima visita, vengono caricate localmente dal computer dell'utente allo scopo di aprire il sito web pi\u00f9 velocemente.<\/li>\n<li>Il secondo tipo, chiamato cookie di sessione, viene utilizzato durante la navigazione su un sito web. Comporta un trasferimento temporaneo di informazioni tra il vostro computer e il sito web. I cookie di sessione non vengono memorizzati in modo permanente sul computer e scompaiono quando si chiude il browser.<\/li>\n<li>Il terzo tipo \u00e8 utilizzato a fini statistici, ovvero per ottenere informazioni sul numero di visitatori nelle diverse parti del nostro sito web.<\/li>\n<\/ol>\n\n\t\t<\/div>\n\t<\/div>\n\n\t<div class=\"wpb_text_column wpb_content_element\" >\n\t\t<div class=\"wpb_wrapper\">\n\t\t\t<p>Salvo indicazioni particolari, i cookie non vengono mai utilizzati da LANGIR allo scopo di raccogliere informazioni personali quali nome, indirizzo e-mail, ecc. Pertanto, tutte le informazioni raccolte attraverso l'uso dei cookie sono raccolte in forma anonima.<\/p>\n\n\t\t<\/div>\n\t<\/div>\n\n\t<div class=\"wpb_text_column wpb_content_element\" >\n\t\t<div class=\"wpb_wrapper\">\n\t\t\t<p>Se non accettate l'uso dei cookie da parte di LANGIR sul nostro sito web, potete configurare il vostro browser in modo che rifiuti i cookie modificando le impostazioni o le preferenze del browser. Tuttavia, a causa della tecnologia da noi utilizzata sul nostro sito web, questo non funzioner\u00e0 correttamente senza l'uso dei cookie.<\/p>\n\n\t\t<\/div>\n\t<\/div>\n\n\t<div class=\"wpb_text_column wpb_content_element\" >\n\t\t<div class=\"wpb_wrapper\">\n\t\t\t<p>Questo sito web utilizza Google Analytics, un servizio di analisi di Internet fornito da Google Inc. (\"Google\"). Google Analytics utilizza dei \"cookies\", file di testo che vengono depositati sul vostro computer per consentire al sito Internet di analizzare l'utilizzo del sito da parte dei suoi utenti. I dati generati dai cookie sull'utilizzo del sito (compreso il vostro indirizzo IP) vengono trasmessi e memorizzati da Google in un server situato negli Stati Uniti. Google utilizzer\u00e0 queste informazioni allo scopo di stimare l'utilizzo del sito da parte dell'utente, compilare report sull'attivit\u00e0 del sito per il suo editore e fornire gli altri servizi relativi all'attivit\u00e0 del sito e all'utilizzo di Internet. Google pu\u00f2 comunicare questi dati a terzi in caso di obbligo.<\/p>\n\n\t\t<\/div>\n\t<\/div>\n\n\t<div class=\"wpb_text_column wpb_content_element\" >\n\t\t<div class=\"wpb_wrapper\">\n\t\t\t<p><strong style=\"color: #000;\">Contatto<\/strong> <\/p>\n\n\t\t<\/div>\n\t<\/div>\n\n\t<div class=\"wpb_text_column wpb_content_element\" >\n\t\t<div class=\"wpb_wrapper\">\n\t\t\t<p>In caso di domande sulle sezioni di cui sopra, non esitate a contattare LANGIR - 2F, No.10 Longhe East Road, Liushi, Wenzhou, Zhejiang, Cina 325604 - langir@langir.com<\/p>\n\n\t\t<\/div>\n\t<\/div>\n\n<div class=\"vc-zigzag-wrapper vc-zigzag-align-center\"><div class=\"vc-zigzag-inner\" style=\"width: 100%;min-height: 14px;background: 0 repeat-x url(&#039;data:image\/svg+xml;utf-8,%3C%3Fxml%20version%3D%221.0%22%20encoding%3D%22utf-8%22%3F%3E%3C%21DOCTYPE%20svg%20PUBLIC%20%22-%2F%2FW3C%2F%2FDTD%20SVG%201.1%2F%2FEN%22%20%22http%3A%2F%2Fwww.w3.org%2FGraphics%2FSVG%2F1.1%2FDTD%2Fsvg11.dtd%22%3E%3Csvg%20width%3D%2214px%22%20height%3D%2212px%22%20viewBox%3D%220%200%2018%2015%22%20version%3D%221.1%22%20xmlns%3D%22http%3A%2F%2Fwww.w3.org%2F2000%2Fsvg%22%20xmlns%3Axlink%3D%22http%3A%2F%2Fwww.w3.org%2F1999%2Fxlink%22%3E%3Cpolygon%20id%3D%22Combined-Shape%22%20fill%3D%22%23ebebeb%22%20points%3D%228.98762301%200%200%209.12771969%200%2014.519983%209%205.40479869%2018%2014.519983%2018%209.12771969%22%3E%3C%2Fpolygon%3E%3C%2Fsvg%3E&#039;);\"><\/div><\/div>\n\t<div class=\"wpb_text_column wpb_content_element\" >\n\t\t<div class=\"wpb_wrapper\">\n\t\t\t<p><iframe style=\"width: 100%; border: none;\" title=\"Modulo Wufoo incorporato\" src=\"https:\/\/langir.wufoo.com\/embed\/zcdgace1ql3iv4\/\" height=\"766\" frameborder=\"0\" scrolling=\"no\" sandbox=\"allow-popups-to-escape-sandbox allow-top-navigation allow-scripts allow-popups allow-forms allow-same-origin\"> <a href=\"https:\/\/langir.wufoo.com\/forms\/zcdgace1ql3iv4\/\" target=\"_blank\" rel=\"noopener\">Compilate il mio modulo Wufoo!<\/a> <\/iframe><\/p>\n\n\t\t<\/div>\n\t<\/div>\n<\/div><\/div><\/div><\/div>\n<\/div>","protected":false},"excerpt":{"rendered":"TERMS OF USE Copyright Notice The contents of the web site are copyright \u00a9 2015 LANGIR (or its subsidiaries where so indicated and\/or its licensors), 2F, No.10 Longhe East Road, Liushi, Wenzhou, Zhejiang, China 325604 All Rights Reserved. Information on the web site, including but not limited to, text, images and sound, may not, except [...]","protected":false},"author":1,"featured_media":7464,"parent":0,"menu_order":26,"comment_status":"closed","ping_status":"closed","template":"page-default.php","meta":{"_acf_changed":false,"_metasync_otto_title":"","_metasync_otto_description":"","rank_math_title":"%title% | Electric Switches - %sitename%","rank_math_description":"The contents of the web site are copyright \u00a9 2015 LANGIR (or its subsidiaries where so indicated and\/or its licensors)","_yoast_wpseo_title":"","_yoast_wpseo_metadesc":"","footnotes":""},"class_list":["post-7463","page","type-page","status-publish","has-post-thumbnail","hentry","entry"],"acf":[],"post_mailing_queue_ids":[],"_links":{"self":[{"href":"https:\/\/www.langir.com\/it\/wp-json\/wp\/v2\/pages\/7463","targetHints":{"allow":["GET"]}}],"collection":[{"href":"https:\/\/www.langir.com\/it\/wp-json\/wp\/v2\/pages"}],"about":[{"href":"https:\/\/www.langir.com\/it\/wp-json\/wp\/v2\/types\/page"}],"author":[{"embeddable":true,"href":"https:\/\/www.langir.com\/it\/wp-json\/wp\/v2\/users\/1"}],"replies":[{"embeddable":true,"href":"https:\/\/www.langir.com\/it\/wp-json\/wp\/v2\/comments?post=7463"}],"version-history":[{"count":2,"href":"https:\/\/www.langir.com\/it\/wp-json\/wp\/v2\/pages\/7463\/revisions"}],"predecessor-version":[{"id":16182,"href":"https:\/\/www.langir.com\/it\/wp-json\/wp\/v2\/pages\/7463\/revisions\/16182"}],"wp:featuredmedia":[{"embeddable":true,"href":"https:\/\/www.langir.com\/it\/wp-json\/wp\/v2\/media\/7464"}],"wp:attachment":[{"href":"https:\/\/www.langir.com\/it\/wp-json\/wp\/v2\/media?parent=7463"}],"curies":[{"name":"wp","href":"https:\/\/api.w.org\/{rel}","templated":true}]}}