{"id":7477,"date":"2019-11-21T09:07:47","date_gmt":"2019-11-21T09:07:47","guid":{"rendered":"https:\/\/www.langir.com\/?page_id=7477"},"modified":"2026-03-30T08:55:45","modified_gmt":"2026-03-30T08:55:45","slug":"soldering-profiles","status":"publish","type":"page","link":"https:\/\/www.langir.com\/it\/soldering-profiles\/","title":{"rendered":"Profili di saldatura"},"content":{"rendered":"<div class=\"wpb-content-wrapper\"><div class=\"vc_row wpb_row vc_row-fluid\"><div class=\"wpb_column vc_column_container vc_col-sm-12\"><div class=\"vc_column-inner\"><div class=\"wpb_wrapper\">\n\t<div class=\"wpb_text_column wpb_content_element\" >\n\t\t<div class=\"wpb_wrapper\">\n\t\t\t<p><strong>PROFILI DI SALDATURA CONSIGLIATI<\/strong><\/p>\n\n\t\t<\/div>\n\t<\/div>\n\n\t<div class=\"wpb_text_column wpb_content_element\" >\n\t\t<div class=\"wpb_wrapper\">\n\t\t\t<p>Le condizioni di saldatura sono influenzate dai parametri di montaggio e di PCB. Tenere conto di questi fattori quando si utilizzano questi profili di saldatura. Si tratta soltanto di raccomandazioni e non comportano alcuna garanzia.<\/p>\n\n\t\t<\/div>\n\t<\/div>\n\n\t<div class=\"wpb_text_column wpb_content_element\" >\n\t\t<div class=\"wpb_wrapper\">\n\t\t\t<p><strong>TEST DEI COMPONENTI DOPO IL RIFLUSSO\/LAVORAZIONE PER GLI MLCC:<\/strong><\/p>\n\n\t\t<\/div>\n\t<\/div>\n\n\t<div class=\"wpb_text_column wpb_content_element\" >\n\t\t<div class=\"wpb_wrapper\">\n\t\t\t<p>Tutti i test dei componenti dopo il riflusso\/lavorazione devono essere eseguiti dopo \u2265 24 ore per garantire misurazioni accurate del valore di capacit\u00e0. I condensatori devono essere raffreddati a temperatura ambiente per almeno 24 ore per consentire al materiale ceramico di resettarsi (invecchiare).<\/p>\n\n\t\t<\/div>\n\t<\/div>\n\n\t<div class=\"wpb_text_column wpb_content_element\" >\n\t\t<div class=\"wpb_wrapper\">\n\t\t\t<p><strong>LIVELLO MSL<\/strong><\/p>\n\n\t\t<\/div>\n\t<\/div>\n\n\t<div class=\"wpb_text_column wpb_content_element\" >\n\t\t<div class=\"wpb_wrapper\">\n\t\t\t<p>MSL (livello di sensibilit\u00e0 all'umidit\u00e0) \u00e8 1<\/p>\n\n\t\t<\/div>\n\t<\/div>\n\n\t<div class=\"wpb_text_column wpb_content_element\" >\n\t\t<div class=\"wpb_wrapper\">\n\t\t\t<p><strong>PROFILI DI SALDATURA CONSIGLIATI (RIFERIMENTO)<\/strong><\/p>\n\n\t\t<\/div>\n\t<\/div>\n\n\t<div class=\"wpb_text_column wpb_content_element\" >\n\t\t<div class=\"wpb_wrapper\">\n\t\t\t<p>Normalmente, l'utente adotta il metodo e il processo pi\u00f9 adatto alla propria applicazione, tenendo conto di fattori quali il tipo, le raccomandazioni del produttore sul test di saldatura e la vicinanza dei componenti sul PCB, le apparecchiature, ecc.<\/p>\n<p>Gli stessi criteri sono applicabili ai terminali senza piombo (Pb). Ovviamente, gli standard devono essere pertinenti alle paste di montaggio prive di piombo (Pb).<\/p>\n<p>La temperatura eutettica della lega di placcatura determina i limiti minimi della temperatura del processo di saldatura.<\/p>\n<p>La temperatura minima di saldatura deve essere superiore di almeno 5-10 \u00b0C alla temperatura eutettica della lega di placcatura (secondo la letteratura tecnica).<\/p>\n<p>I dispositivi devono essere mantenuti alla temperatura di picco di saldatura per un tempo sufficiente a garantire la corretta bagnatura delle connessioni di saldatura. Tuttavia, si raccomanda di mantenere il tempo di saldatura di picco al minimo per evitare la possibilit\u00e0 di danneggiare i dispositivi (secondo la letteratura tecnica).<\/p>\n\n\t\t<\/div>\n\t<\/div>\n\n\t<div class=\"wpb_text_column wpb_content_element\" >\n\t\t<div class=\"wpb_wrapper\">\n\t\t\t<p><img decoding=\"async\" class=\"size-full wp-image-6080\" title=\"Profili di saldatura a riflusso\" src=\"https:\/\/www.langir.com\/wp-content\/uploads\/2019\/04\/reflow-solder-profiles.png\" alt=\"Profili di saldatura a riflusso\" \/><\/p>\n\n\t\t<\/div>\n\t<\/div>\n\n\t<div class=\"wpb_text_column wpb_content_element\" >\n\t\t<div class=\"wpb_wrapper\">\n\t\t\t<table border=\"0\" width=\"100%\" cellspacing=\"1\" cellpadding=\"10\" bgcolor=\"#dcdcdc\">\n<tbody>\n<tr bgcolor=\"#ffffff\">\n<td colspan=\"3\" align=\"center\" bgcolor=\"#f0f9ff\"><strong>Classificazione dei profili di riflusso<\/strong><\/td>\n<\/tr>\n<tr bgcolor=\"#ffffff\">\n<td align=\"center\" bgcolor=\"#f0f9ff\"><strong>Caratteristica del profilo<\/strong><\/td>\n<td align=\"center\" bgcolor=\"#f0f9ff\"><strong>Gruppo eutettico Sn - Pb<\/strong><\/td>\n<td align=\"center\" bgcolor=\"#f0f9ff\"><strong>Assemblaggio senza piombo (Pb)<\/strong><\/p>\n<p>(ad esempio SnAgCu)<\/td>\n<\/tr>\n<tr bgcolor=\"#ffffff\">\n<td bgcolor=\"#ffffff\">Velocit\u00e0 media di ramp-up (T<sub>(Smax.)<\/sub> a T<sub>P<\/sub>)<\/td>\n<td bgcolor=\"#ffffff\">3 \u00b0C\/s massimo<\/td>\n<td bgcolor=\"#ffffff\"><\/td>\n<\/tr>\n<tr bgcolor=\"#ffffff\">\n<td bgcolor=\"#ffffff\"><strong>Preriscaldare<\/strong><\/p>\n<ul>\n<li>Temperatura minima (T<sub>S(min.)<\/sub>)<\/li>\n<li>Temperatura massima (T<sub>S(max.)<\/sub>)<\/li>\n<li>Tempo (T<sub>S(min.)<\/sub> a T<sub>S(max.)<\/sub>) (t<sub>S<\/sub>)<\/li>\n<\/ul>\n<\/td>\n<td bgcolor=\"#ffffff\">100\u00baC<\/p>\n<p>150\u00baC<\/p>\n<p>Da 60 s a 120 s<\/td>\n<td bgcolor=\"#ffffff\">150\u00baC<\/p>\n<p>200\u00baC<\/p>\n<p>Da 60 s a 180 s<\/td>\n<\/tr>\n<tr bgcolor=\"#ffffff\">\n<td bgcolor=\"#ffffff\"><strong>Tempo mantenuto sopra <\/strong><\/p>\n<ul>\n<li>Temperatura minima (T<sub>L(min.)<\/sub>)<\/li>\n<li>Tempo (T<sub>L<\/sub>)<\/li>\n<\/ul>\n<\/td>\n<td>183\u00baC<\/p>\n<p>Da 60 s a 150 s<\/td>\n<td>217\u00baC<\/p>\n<p>Da 60 s a 150 s<\/td>\n<\/tr>\n<tr bgcolor=\"#ffffff\">\n<td bgcolor=\"#ffffff\">Temperatura minima di picco (T<sub>P(min.)<\/sub>)<\/td>\n<td bgcolor=\"#ffffff\">215\u00baC<\/td>\n<td bgcolor=\"#ffffff\">235\u00baC<\/td>\n<\/tr>\n<tr bgcolor=\"#ffffff\">\n<td bgcolor=\"#ffffff\">Temperatura di picco consigliata (T<sub>P<\/sub>)<\/td>\n<td bgcolor=\"#ffffff\">235\u00baC<\/td>\n<td bgcolor=\"#ffffff\">250\u00baC<\/td>\n<\/tr>\n<tr bgcolor=\"#ffffff\">\n<td bgcolor=\"#ffffff\">Temperatura massima di picco (T<sub>P(max.)<\/sub>)<\/td>\n<td bgcolor=\"#ffffff\">260\u00baC<\/td>\n<td bgcolor=\"#ffffff\">260\u00baC<\/td>\n<\/tr>\n<tr bgcolor=\"#ffffff\">\n<td bgcolor=\"#ffffff\">Tempo entro 5\u00b0C dalla temperatura di picco effettiva (t<sub>P<\/sub>)<\/td>\n<td bgcolor=\"#ffffff\">Da 10 s a 40 s<\/td>\n<td bgcolor=\"#ffffff\">Da 20 s a 40 s<\/td>\n<\/tr>\n<tr bgcolor=\"#ffffff\">\n<td bgcolor=\"#ffffff\">Velocit\u00e0 di rampa di discesa<\/td>\n<td bgcolor=\"#ffffff\">6\u00baC\/s massimo<\/td>\n<td bgcolor=\"#ffffff\">6\u00baC\/s massimo<\/td>\n<\/tr>\n<tr bgcolor=\"#ffffff\">\n<td bgcolor=\"#ffffff\">Tempo 25\u00b0C alla temperatura di picco<\/td>\n<td bgcolor=\"#ffffff\">6 minuti al massimo<\/td>\n<td bgcolor=\"#ffffff\">8 minuti al massimo<\/td>\n<\/tr>\n<\/tbody>\n<\/table>\n\n\t\t<\/div>\n\t<\/div>\n\n\t<div class=\"wpb_text_column wpb_content_element\" >\n\t\t<div class=\"wpb_wrapper\">\n\t\t\t<p><img decoding=\"async\" class=\"size-full wp-image-6079\" title=\"Profilo di saldatura ad onda\" src=\"https:\/\/www.langir.com\/wp-content\/uploads\/2019\/04\/wave-soldering-profile.png\" alt=\"Profilo di saldatura ad onda\" \/><\/p>\n\n\t\t<\/div>\n\t<\/div>\n\n\t<div class=\"wpb_text_column wpb_content_element\" >\n\t\t<div class=\"wpb_wrapper\">\n\t\t\t<p><strong>Saldatura manuale e temperature<\/strong><\/p>\n\n\t\t<\/div>\n\t<\/div>\n\n\t<div class=\"wpb_text_column wpb_content_element\" >\n\t\t<div class=\"wpb_wrapper\">\n\t\t\t<p style=\"text-align: center;\"><strong>Note<\/strong><\/p>\n<ul>\n<li>Questo documento deve servire solo come raccomandazione. Anche altri parametri possono influire sulla saldatura, pertanto questi profili non garantiscono il successo assoluto.<\/li>\n<li>Il profilo di saldatura deve essere determinato dal produttore della pasta saldante, a condizione che non vi siano contraddizioni con le raccomandazioni del presente documento.<\/li>\n<\/ul>\n\n\t\t<\/div>\n\t<\/div>\n\n\t<div class=\"wpb_text_column wpb_content_element\" >\n\t\t<div class=\"wpb_wrapper\">\n\t\t\t<table class=\"speical_table\" border=\"0\" width=\"100%\" cellspacing=\"1\" cellpadding=\"8\" bgcolor=\"#dcdcdc\">\n<tbody>\n<tr bgcolor=\"#ffffff\">\n<td colspan=\"8\" align=\"center\" bgcolor=\"#f0f9ff\"><strong>Specifiche consigliate per il saldatore<\/strong><\/td>\n<\/tr>\n<tr bgcolor=\"#ffffff\">\n<td align=\"center\" bgcolor=\"#f0f9ff\"><strong>Temperatura di saldatura (\u00b0C)<\/strong><\/td>\n<td align=\"center\" bgcolor=\"#f0f9ff\"><strong>Temperatura di preriscaldamento (\u00b0C)<br \/>\n(componente o scheda)<\/strong><\/td>\n<td align=\"center\" bgcolor=\"#f0f9ff\"><strong>Tempo di preriscaldamento (sec)<\/strong><\/td>\n<td align=\"center\" bgcolor=\"#f0f9ff\"><strong>Max. Variazione Temp (\u00b0C)<\/strong><\/td>\n<td align=\"center\" bgcolor=\"#f0f9ff\"><strong>Tempo massimo di saldatura (sec.) Tempo di saldatura (sec)<\/strong><\/td>\n<td align=\"center\" bgcolor=\"#f0f9ff\"><strong>Potenza<\/strong><\/td>\n<td align=\"center\" bgcolor=\"#f0f9ff\"><strong>Diametro della punta<\/strong><\/td>\n<td align=\"center\" bgcolor=\"#f0f9ff\"><strong>Tempo di saldatura<\/strong><\/td>\n<\/tr>\n<tr bgcolor=\"#ffffff\">\n<td bgcolor=\"#ffffff\">280~300<\/td>\n<td bgcolor=\"#ffffff\">\u2265150\u00b0C<\/td>\n<td bgcolor=\"#ffffff\">\u226560 secondi<\/td>\n<td bgcolor=\"#ffffff\">\u25b3T\u2264130<\/td>\n<td>\u22645 secondi<\/td>\n<td>30W max.<\/td>\n<td>3 mm Max.<\/td>\n<td>2~3 sec. max.<\/td>\n<\/tr>\n<\/tbody>\n<\/table>\n\n\t\t<\/div>\n\t<\/div>\n\n<div class=\"vc-zigzag-wrapper vc-zigzag-align-center\"><div class=\"vc-zigzag-inner\" style=\"width: 100%;min-height: 14px;background: 0 repeat-x url(&#039;data:image\/svg+xml;utf-8,%3C%3Fxml%20version%3D%221.0%22%20encoding%3D%22utf-8%22%3F%3E%3C%21DOCTYPE%20svg%20PUBLIC%20%22-%2F%2FW3C%2F%2FDTD%20SVG%201.1%2F%2FEN%22%20%22http%3A%2F%2Fwww.w3.org%2FGraphics%2FSVG%2F1.1%2FDTD%2Fsvg11.dtd%22%3E%3Csvg%20width%3D%2214px%22%20height%3D%2212px%22%20viewBox%3D%220%200%2018%2015%22%20version%3D%221.1%22%20xmlns%3D%22http%3A%2F%2Fwww.w3.org%2F2000%2Fsvg%22%20xmlns%3Axlink%3D%22http%3A%2F%2Fwww.w3.org%2F1999%2Fxlink%22%3E%3Cpolygon%20id%3D%22Combined-Shape%22%20fill%3D%22%23ebebeb%22%20points%3D%228.98762301%200%200%209.12771969%200%2014.519983%209%205.40479869%2018%2014.519983%2018%209.12771969%22%3E%3C%2Fpolygon%3E%3C%2Fsvg%3E&#039;);\"><\/div><\/div>\n\t<div class=\"wpb_text_column wpb_content_element\" >\n\t\t<div class=\"wpb_wrapper\">\n\t\t\t<p><iframe style=\"width: 100%; border: none;\" title=\"Modulo Wufoo incorporato\" src=\"https:\/\/langir.wufoo.com\/embed\/zcdgace1ql3iv4\/\" height=\"766\" frameborder=\"0\" scrolling=\"no\" sandbox=\"allow-popups-to-escape-sandbox allow-top-navigation allow-scripts allow-popups allow-forms allow-same-origin\"> <a href=\"https:\/\/langir.wufoo.com\/forms\/zcdgace1ql3iv4\/\" target=\"_blank\" rel=\"noopener\">Compilate il mio modulo Wufoo!<\/a> <\/iframe><\/p>\n\n\t\t<\/div>\n\t<\/div>\n<\/div><\/div><\/div><\/div>\n<\/div>","protected":false},"excerpt":{"rendered":"RECOMMENDED SOLDERING PROFILES Soldering conditions are affected by mounting and PCB parameters. Please take these factors into account when using these solder profiles. These are recommendations only and no guarantees are implied by them. COMPONENT TESTING AFTER REFLOW\/REWORK FOR MLCC'S: All component testing after reflow\/rework should be performed after \u2265 24hrs to ensure accurate capacitance [...]","protected":false},"author":1,"featured_media":7426,"parent":0,"menu_order":21,"comment_status":"closed","ping_status":"closed","template":"page-default.php","meta":{"_acf_changed":false,"_metasync_otto_title":"","_metasync_otto_description":"","rank_math_title":"","rank_math_description":"Soldering conditions are affected by mounting and PCB parameters. Please take these factors into account when using these soldering profiles. ","_yoast_wpseo_title":"","_yoast_wpseo_metadesc":"","footnotes":""},"class_list":["post-7477","page","type-page","status-publish","has-post-thumbnail","hentry","entry"],"acf":[],"post_mailing_queue_ids":[],"_links":{"self":[{"href":"https:\/\/www.langir.com\/it\/wp-json\/wp\/v2\/pages\/7477","targetHints":{"allow":["GET"]}}],"collection":[{"href":"https:\/\/www.langir.com\/it\/wp-json\/wp\/v2\/pages"}],"about":[{"href":"https:\/\/www.langir.com\/it\/wp-json\/wp\/v2\/types\/page"}],"author":[{"embeddable":true,"href":"https:\/\/www.langir.com\/it\/wp-json\/wp\/v2\/users\/1"}],"replies":[{"embeddable":true,"href":"https:\/\/www.langir.com\/it\/wp-json\/wp\/v2\/comments?post=7477"}],"version-history":[{"count":1,"href":"https:\/\/www.langir.com\/it\/wp-json\/wp\/v2\/pages\/7477\/revisions"}],"predecessor-version":[{"id":16185,"href":"https:\/\/www.langir.com\/it\/wp-json\/wp\/v2\/pages\/7477\/revisions\/16185"}],"wp:featuredmedia":[{"embeddable":true,"href":"https:\/\/www.langir.com\/it\/wp-json\/wp\/v2\/media\/7426"}],"wp:attachment":[{"href":"https:\/\/www.langir.com\/it\/wp-json\/wp\/v2\/media?parent=7477"}],"curies":[{"name":"wp","href":"https:\/\/api.w.org\/{rel}","templated":true}]}}