{"id":8222,"date":"2021-03-19T04:04:24","date_gmt":"2021-03-19T04:04:24","guid":{"rendered":"https:\/\/www.langir.com\/?page_id=8222"},"modified":"2026-03-30T08:53:34","modified_gmt":"2026-03-30T08:53:34","slug":"conflict-minerals-policy-statement","status":"publish","type":"page","link":"https:\/\/www.langir.com\/it\/conflict-minerals-policy-statement\/","title":{"rendered":"Dichiarazione sulla politica dei minerali di conflitto"},"content":{"rendered":"<div class=\"wpb-content-wrapper\"><div class=\"vc_row wpb_row vc_row-fluid vc_custom_1616125721825\"><div class=\"wpb_column vc_column_container vc_col-sm-12\"><div class=\"vc_column-inner\"><div class=\"wpb_wrapper\">\n\t<div class=\"wpb_text_column wpb_content_element vc_custom_1640762081898\" >\n\t\t<div class=\"wpb_wrapper\">\n\t\t\t<h1 style=\"font-size: 40px; text-align: center;\"><strong>POLITICA SUI MINERALI DEI CONFLITTI<\/strong><\/h1>\n<hr style=\"border-top: 5px solid #fe9901;\" \/>\n\n\t\t<\/div>\n\t<\/div>\n\n\t<div class=\"wpb_text_column wpb_content_element vc_custom_1616124179264\" >\n\t\t<div class=\"wpb_wrapper\">\n\t\t\t<p>In quanto azienda socialmente responsabile, Langir si preoccupa del benessere delle persone e delle comunit\u00e0. Conduciamo gli affari in modo equo ed etico, rispettiamo i diritti umani, ci atteniamo alle leggi e ai regolamenti e seguiamo un rigoroso Codice di Condotta.<\/p>\n\n\t\t<\/div>\n\t<\/div>\n<\/div><\/div><\/div><\/div><div data-vc-full-width=\"true\" data-vc-full-width-temp=\"true\" data-vc-full-width-init=\"false\" data-vc-stretch-content=\"true\" class=\"vc_row wpb_row vc_row-fluid vc_custom_1616126469702 vc_row-has-fill\"><div class=\"wpb_column vc_column_container vc_col-sm-12\"><div class=\"vc_column-inner\"><div class=\"wpb_wrapper\"><div class=\"vc_row wpb_row vc_inner vc_row-fluid container\"><div class=\"wpb_column vc_column_container vc_col-sm-8\"><div class=\"vc_column-inner\"><div class=\"wpb_wrapper\">\n\t<div class=\"wpb_text_column wpb_content_element vc_custom_1616125897467\" >\n\t\t<div class=\"wpb_wrapper\">\n\t\t\t<h2 style=\"text-align: left; font-size: 30px; color: #fe9901;\">Dichiarazione di politica sui minerali dei conflitti<\/h2>\n\n\t\t<\/div>\n\t<\/div>\n\n\t<div class=\"wpb_text_column wpb_content_element\" >\n\t\t<div class=\"wpb_wrapper\">\n\t\t\t<p>Langir Electric (\"Langir\") si impegna a rispettare i pi\u00f9 elevati standard di qualit\u00e0 nei suoi prodotti e servizi, nonch\u00e9 nel modo in cui conduce la sua attivit\u00e0.<\/p>\n<p>Collaboriamo con i nostri fornitori per garantire che le condizioni di lavoro nella nostra catena di approvvigionamento siano sicure, che i lavoratori siano trattati con rispetto e che i processi produttivi siano responsabili dal punto di vista ambientale e sociale.<\/p>\n<p>La U.S. Securities and Exchange Commission (la \"SEC\") ha adottato delle regole che richiedono alle societ\u00e0 quotate in borsa di dichiarare se utilizzano tantalio, stagno, oro o tungsteno (\"Minerali dei conflitti\") originari della Repubblica Democratica del Congo (la \"RDC\") o di paesi limitrofi (\"Paesi coperti\") e, in caso affermativo, \"le societ\u00e0 devono esercitare la dovuta diligenza sulla fonte e sulla catena di custodia di tali Minerali dei conflitti e riferire i risultati della loro indagine e della dovuta diligenza\".<\/p>\n<p>Langir ha implementato misure per conformarsi alla Sezione 1502 del Dodd-Frank Act, che mira a prevenire l'uso di Conflict Minerals che direttamente o indirettamente contribuiscono a finanziare o beneficiare i gruppi armati nei Paesi coperti.<\/p>\n<p>Langir si impegna a essere un'azienda \"conflict minerals free\" e sta adottando le misure necessarie per rivedere e controllare i processi lungo tutta la sua catena di fornitura nel tentativo di ottenere una catena di fornitura conflict free. Langir rispetta tutte le leggi vigenti e si impegna a lavorare per migliorare la tracciabilit\u00e0 dei minerali dei conflitti e garantire un approvvigionamento responsabile.<\/p>\n<p>Langir ha incorporato i principi dei requisiti Conflict Minerals nelle sue pratiche commerciali. Il nostro processo di approvazione dei nuovi fornitori contiene i requisiti sui Minerali dei Conflitti. Langir comunicher\u00e0 questa politica ai suoi fornitori e li incoragger\u00e0 a definire politiche simili per la loro catena di fornitura. I fornitori che non aderiranno o non si impegneranno a rispettare le normative sui minerali dei conflitti saranno esclusi da future opportunit\u00e0 commerciali con Langir.<\/p>\n<p>Secondo la definizione di \"DRC Conflict-Free\", i prodotti forniti a Langir:<\/p>\n<p>1. Non contengono tantalio, stagno, tungsteno o oro (3TG) in quanto elementi necessari alla loro produzione o funzionalit\u00e0, oppure,<\/p>\n<p>2. Se i prodotti forniti a Langir contengono questi minerali, questi devono provenire da fonti esterne alla RDC, da scarti o riciclati o da fonderie che siano state convalidate da un ente privato indipendente come esenti da conflitti. Le fonderie certificate conflict-free sono convalidate come conformi al protocollo CFS (conflict free smelter) dell'EICC (Electronic Industry Citizenship Coalition) utilizzando la CFSCompliant Smelter List. Attraverso il protocollo CFS, gli smelter vengono controllati a livello globale; l'elenco degli smelter e delle raffinerie conformi \u00e8 pubblicato sul sito www.conflictfreesmelter.org.<\/p>\n\n\t\t<\/div>\n\t<\/div>\n<\/div><\/div><\/div><div class=\"wpb_column vc_column_container vc_col-sm-4\"><div class=\"vc_column-inner\"><div class=\"wpb_wrapper\">\n\t<div class=\"wpb_text_column wpb_content_element\" >\n\t\t<div class=\"wpb_wrapper\">\n\t\t\t<p><img fetchpriority=\"high\" decoding=\"async\" class=\"size-full wp-image-8244 aligncenter\" src=\"https:\/\/www.langir.com\/wp-content\/uploads\/2021\/03\/Conflict-Minerals.jpg\" alt=\"POLITICA SUI MINERALI DEI CONFLITTI\" width=\"634\" height=\"380\" srcset=\"https:\/\/www.langir.com\/wp-content\/uploads\/2021\/03\/Conflict-Minerals.jpg 634w, https:\/\/www.langir.com\/wp-content\/uploads\/2021\/03\/Conflict-Minerals-300x180.jpg 300w\" sizes=\"(max-width: 634px) 100vw, 634px\" \/><\/p>\n\n\t\t<\/div>\n\t<\/div>\n<\/div><\/div><\/div><\/div><\/div><\/div><\/div><\/div><div class=\"vc_row-full-width vc_clearfix\"><\/div><div class=\"vc_row wpb_row vc_row-fluid\"><div class=\"wpb_column vc_column_container vc_col-sm-12\"><div class=\"vc_column-inner\"><div class=\"wpb_wrapper\">\n<div class=\"vc-zigzag-wrapper vc-zigzag-align-center\"><div class=\"vc-zigzag-inner\" style=\"width: 100%;min-height: 14px;background: 0 repeat-x url(&#039;data:image\/svg+xml;utf-8,%3C%3Fxml%20version%3D%221.0%22%20encoding%3D%22utf-8%22%3F%3E%3C%21DOCTYPE%20svg%20PUBLIC%20%22-%2F%2FW3C%2F%2FDTD%20SVG%201.1%2F%2FEN%22%20%22http%3A%2F%2Fwww.w3.org%2FGraphics%2FSVG%2F1.1%2FDTD%2Fsvg11.dtd%22%3E%3Csvg%20width%3D%2214px%22%20height%3D%2212px%22%20viewBox%3D%220%200%2018%2015%22%20version%3D%221.1%22%20xmlns%3D%22http%3A%2F%2Fwww.w3.org%2F2000%2Fsvg%22%20xmlns%3Axlink%3D%22http%3A%2F%2Fwww.w3.org%2F1999%2Fxlink%22%3E%3Cpolygon%20id%3D%22Combined-Shape%22%20fill%3D%22%23ebebeb%22%20points%3D%228.98762301%200%200%209.12771969%200%2014.519983%209%205.40479869%2018%2014.519983%2018%209.12771969%22%3E%3C%2Fpolygon%3E%3C%2Fsvg%3E&#039;);\"><\/div><\/div>\n\t<div class=\"wpb_text_column wpb_content_element\" >\n\t\t<div class=\"wpb_wrapper\">\n\t\t\t<p><iframe style=\"width: 100%; border: none;\" title=\"Modulo Wufoo incorporato\" src=\"https:\/\/langir.wufoo.com\/embed\/zcdgace1ql3iv4\/\" height=\"766\" frameborder=\"0\" scrolling=\"no\" sandbox=\"allow-popups-to-escape-sandbox allow-top-navigation allow-scripts allow-popups allow-forms allow-same-origin\"> <a href=\"https:\/\/langir.wufoo.com\/forms\/zcdgace1ql3iv4\/\" target=\"_blank\" rel=\"noopener\">Compilate il mio modulo Wufoo!<\/a> <\/iframe><\/p>\n\n\t\t<\/div>\n\t<\/div>\n<\/div><\/div><\/div><\/div>\n<\/div>","protected":false},"excerpt":{"rendered":"CONFLICT MINERAL POLICY As a socially responsible company, Langir has concern for the well-being of people and communities. We conduct business fairly and ethically, respect human rights, comply with laws and regulations, and follow a rigorous Code of Conduct. Policy Statement on Conflict Minerals Langir Electric (\u201cLangir\u201d) is committed to the meeting the highest quality [...]","protected":false},"author":1,"featured_media":8244,"parent":0,"menu_order":17,"comment_status":"closed","ping_status":"closed","template":"page-newdemo.php","meta":{"_acf_changed":false,"_metasync_otto_title":"","_metasync_otto_description":"","rank_math_title":"","rank_math_description":"","_yoast_wpseo_title":"","_yoast_wpseo_metadesc":"","footnotes":""},"class_list":["post-8222","page","type-page","status-publish","has-post-thumbnail","hentry","entry"],"acf":[],"post_mailing_queue_ids":[],"_links":{"self":[{"href":"https:\/\/www.langir.com\/it\/wp-json\/wp\/v2\/pages\/8222","targetHints":{"allow":["GET"]}}],"collection":[{"href":"https:\/\/www.langir.com\/it\/wp-json\/wp\/v2\/pages"}],"about":[{"href":"https:\/\/www.langir.com\/it\/wp-json\/wp\/v2\/types\/page"}],"author":[{"embeddable":true,"href":"https:\/\/www.langir.com\/it\/wp-json\/wp\/v2\/users\/1"}],"replies":[{"embeddable":true,"href":"https:\/\/www.langir.com\/it\/wp-json\/wp\/v2\/comments?post=8222"}],"version-history":[{"count":1,"href":"https:\/\/www.langir.com\/it\/wp-json\/wp\/v2\/pages\/8222\/revisions"}],"predecessor-version":[{"id":16184,"href":"https:\/\/www.langir.com\/it\/wp-json\/wp\/v2\/pages\/8222\/revisions\/16184"}],"wp:featuredmedia":[{"embeddable":true,"href":"https:\/\/www.langir.com\/it\/wp-json\/wp\/v2\/media\/8244"}],"wp:attachment":[{"href":"https:\/\/www.langir.com\/it\/wp-json\/wp\/v2\/media?parent=8222"}],"curies":[{"name":"wp","href":"https:\/\/api.w.org\/{rel}","templated":true}]}}