{"id":8990,"date":"2022-12-20T01:37:43","date_gmt":"2022-12-20T01:37:43","guid":{"rendered":"https:\/\/www.langir.com\/terms-conditions\/"},"modified":"2026-04-08T03:29:31","modified_gmt":"2026-04-08T03:29:31","slug":"terms-conditions","status":"publish","type":"page","link":"https:\/\/www.langir.com\/it\/terms-conditions\/","title":{"rendered":"Termini e condizioni"},"content":{"rendered":"<div class=\"wpb-content-wrapper\"><div class=\"vc_row wpb_row vc_row-fluid\"><div class=\"wpb_column vc_column_container vc_col-sm-12\"><div class=\"vc_column-inner\"><div class=\"wpb_wrapper\">\n\t<div class=\"wpb_text_column wpb_content_element\" >\n\t\t<div class=\"wpb_wrapper\">\n\t\t\t\n<!-- This legal document was generated by Complianz Terms &amp; Conditions https:\/\/wordpress.org\/plugins\/complianz-terms-conditions -->\n<div id=\"cmplz-document\" class=\"cmplz-document cmplz-terms-conditions\"><p><i>The Terms and Conditions were last updated on February 9, 2023<\/i><\/p><h2>1. Introduzione<\/h2><p>I presenti Termini e condizioni si applicano a questo sito web e alle transazioni relative ai nostri prodotti e servizi. L'utente pu\u00f2 essere vincolato da contratti aggiuntivi relativi al suo rapporto con noi o a qualsiasi prodotto o servizio che riceve da noi. Se le disposizioni dei contratti aggiuntivi sono in conflitto con le disposizioni dei presenti Termini, le disposizioni di tali contratti aggiuntivi avranno il controllo e la prevalenza.<\/p><h2>2. Legatura<\/h2><p>Registrandosi, accedendo o utilizzando in altro modo il presente sito web, l'utente accetta di essere vincolato dai Termini e dalle condizioni qui di seguito riportati. Il semplice utilizzo di questo sito web implica la conoscenza e l'accettazione di questi Termini e condizioni. In alcuni casi particolari, possiamo anche chiedervi di accettare esplicitamente.<\/p><h2>3. Comunicazione elettronica<\/h2><p>Utilizzando questo sito web o comunicando con noi per via elettronica, accettate e riconoscete che possiamo comunicare con voi per via elettronica sul nostro sito web o inviandovi un'e-mail, e accettate che tutti gli accordi, gli avvisi, le divulgazioni e le altre comunicazioni che vi forniamo per via elettronica soddisfino qualsiasi requisito legale, incluso, a titolo esemplificativo ma non esaustivo, il requisito della forma scritta di tali comunicazioni.<\/p><h2>4. Propriet\u00e0 intellettuale<\/h2><p>Noi o i nostri licenziatari possediamo e controlliamo tutti i diritti d'autore e gli altri diritti di propriet\u00e0 intellettuale del sito web e dei dati, delle informazioni e delle altre risorse visualizzate o accessibili all'interno del sito web.<\/p><p class=\"cmplz-subtitle\">4.1 Tutti i diritti sono riservati<\/p><p>A meno che il contenuto specifico non preveda diversamente, all'utente non viene concessa alcuna licenza o altro diritto in base a copyright, marchi, brevetti o altri diritti di propriet\u00e0 intellettuale. Ci\u00f2 significa che non potrete utilizzare, copiare, riprodurre, eseguire, visualizzare, distribuire, incorporare in qualsiasi supporto elettronico, alterare, decodificare, decompilare, trasferire, scaricare, trasmettere, monetizzare, vendere, commercializzare o commercializzare qualsiasi risorsa di questo sito web in qualsiasi forma, senza la nostra preventiva autorizzazione scritta, ad eccezione e solo nella misura in cui ci\u00f2 sia previsto da norme di legge obbligatorie (come il diritto di citazione).<\/p><h2>5. Propriet\u00e0 di terzi<\/h2><p>Il nostro sito web pu\u00f2 contenere collegamenti ipertestuali o altri riferimenti a siti web di altre parti. Non controlliamo n\u00e9 rivediamo il contenuto dei siti web di altre parti a cui si accede tramite link da questo sito. I prodotti o i servizi offerti da altri siti web sono soggetti ai termini e alle condizioni applicabili di tali terze parti. Le opinioni espresse o il materiale che appare su tali siti web non sono necessariamente condivise o approvate da noi.<\/p><p>Non saremo responsabili delle pratiche sulla privacy o dei contenuti di questi siti. L'utente si assume tutti i rischi associati all'uso di questi siti web e di qualsiasi servizio di terzi ad essi collegato. Non ci assumiamo alcuna responsabilit\u00e0 per eventuali perdite o danni di qualsiasi tipo, comunque causati, derivanti dalla divulgazione a terzi di informazioni personali.<\/p><h2>6. Uso responsabile<\/h2><p>Visitando il nostro sito web, l'utente accetta di utilizzarlo solo per gli scopi previsti e consentiti dai presenti Termini, da eventuali contratti aggiuntivi stipulati con noi e dalle leggi, dai regolamenti e dalle pratiche online generalmente accettate e dalle linee guida del settore. Non \u00e8 consentito utilizzare il nostro sito web o i nostri servizi per utilizzare, pubblicare o distribuire materiale che consiste in (o \u00e8 collegato a) software informatico dannoso; utilizzare i dati raccolti dal nostro sito web per attivit\u00e0 di marketing diretto o condurre attivit\u00e0 di raccolta dati sistematica o automatizzata su o in relazione al nostro sito web.<\/p><p>\u00c8 severamente vietato intraprendere qualsiasi attivit\u00e0 che causi, o possa causare, danni al sito web o che interferisca con le prestazioni, la disponibilit\u00e0 o l'accessibilit\u00e0 del sito web.<\/p><h2>7. Politica di rimborso e restituzione<\/h2><p class=\"cmplz-subtitle\">7.1 Diritto di recesso<\/p><p>Il cliente ha il diritto di recedere dal presente contratto entro 14 giorni senza fornire alcuna motivazione.<\/p><p>Per esercitare il diritto di recesso, dovete informarci della vostra decisione di recedere dal presente contratto tramite una dichiarazione inequivocabile (ad esempio una lettera inviata per posta, fax o e-mail). I nostri recapiti sono riportati di seguito. Potete utilizzare il modello allegato <a target=\"_blank\" href=\"https:\/\/www.langir.com\/wp-content\/uploads\/complianz\/withdrawal-forms\/withdrawal-form-it.pdf\">modulo di recesso<\/a>, ma non \u00e8 obbligatorio.<\/p><p>\u00c8 inoltre possibile compilare e inviare elettronicamente il modulo di recesso o qualsiasi altra dichiarazione inequivocabile sul nostro sito web <a href=\"https:\/\/www.langir.com\/it\/contact\/\"> sito web<\/a>.<\/p><p>Se l'utente si avvale di questa opzione, gli comunicheremo senza indugio una conferma di ricezione di tale recesso su un supporto durevole (ad esempio via e-mail).<\/p><p>Per rispettare il termine di recesso, \u00e8 sufficiente inviare la comunicazione relativa all'esercizio del diritto di recesso prima della scadenza del periodo di recesso.<\/p><p class=\"cmplz-subtitle\">7.2 Effetti dell'astinenza<\/p><p>Se Lei recede dal presente contratto, Le rimborseremo tutti i pagamenti da Lei ricevuti, compresi i costi di consegna (ad eccezione dei costi supplementari derivanti dalla Sua scelta di un tipo di consegna diverso dal tipo meno costoso di consegna standard da noi offerto), senza indebito ritardo e in ogni caso non oltre 14 giorni dal giorno in cui siamo informati della Sua decisione di recedere dal presente contratto. Effettueremo tale rimborso utilizzando lo stesso mezzo di pagamento da voi utilizzato per la transazione iniziale, a meno che non abbiate espressamente concordato diversamente; in ogni caso, non dovrete sostenere alcuna spesa a seguito di tale rimborso.<\/p><p>Il cliente \u00e8 responsabile solo per qualsiasi diminuzione del valore della merce derivante da una manipolazione diversa da quella necessaria per stabilire la natura, le caratteristiche e il funzionamento della merce.<\/p><p>Si prega di notare che esistono alcune eccezioni legali al diritto di recesso e che pertanto alcuni articoli non possono essere restituiti o sostituiti.  Vi comunicheremo se ci\u00f2 si applica al vostro caso specifico.<\/p><h2>8. Presentazione di idee<\/h2><p>Non inviate idee, invenzioni, opere d'autore o altre informazioni che possono essere considerate propriet\u00e0 intellettuale propria e che desiderate presentare a noi, a meno che non abbiamo prima firmato un accordo sulla propriet\u00e0 intellettuale o un accordo di non divulgazione. Se ce lo rivelate in assenza di tale accordo scritto, ci concedete una licenza mondiale, irrevocabile, non esclusiva ed esente da royalty per l'utilizzo, la riproduzione, l'archiviazione, l'adattamento, la pubblicazione, la traduzione e la distribuzione dei vostri contenuti su qualsiasi supporto esistente o futuro.<\/p><h2>9. Cessazione dell'uso<\/h2><p>Possiamo, a nostra esclusiva discrezione, in qualsiasi momento modificare o interrompere l'accesso, temporaneamente o permanentemente, al sito web o a qualsiasi servizio in esso presente. L'utente accetta che non saremo responsabili nei suoi confronti o nei confronti di terzi per tali modifiche, sospensioni o interruzioni dell'accesso o dell'uso del sito web o di qualsiasi contenuto condiviso dall'utente sul sito web. L'utente non avr\u00e0 diritto ad alcun risarcimento o altro pagamento, anche nel caso in cui alcune funzioni, impostazioni e\/o contenuti a cui ha contribuito o su cui ha fatto affidamento vadano persi in modo permanente. L'utente non deve eludere o aggirare, o tentare di eludere o aggirare, le misure di restrizione dell'accesso al nostro sito web.<\/p><h2>10. Garanzie e responsabilit\u00e0<\/h2><p>Nulla di quanto contenuto in questa sezione limiter\u00e0 o escluder\u00e0 qualsiasi garanzia implicita nella legge che sarebbe illegale limitare o escludere. Questo sito web e tutti i contenuti del sito web sono forniti \u201ccos\u00ec come sono\u201d e \u201ccome disponibili\u201d e possono contenere imprecisioni o errori tipografici. Decliniamo espressamente tutte le garanzie di qualsiasi tipo, espresse o implicite, in merito alla disponibilit\u00e0, all'accuratezza o alla completezza del Contenuto. Non garantiamo che:<\/p><p><ul>\n                    <li>questo sito web o i nostri contenuti soddisfino le vostre esigenze;<\/li>\n                    <li>questo sito web sar\u00e0 disponibile in modo ininterrotto, tempestivo, sicuro o privo di errori.<\/li>\n        <\/ul><\/p><p>Nulla di quanto contenuto in questo sito web costituisce o intende costituire una consulenza legale, finanziaria o medica di qualsiasi tipo. Se avete bisogno di consigli, consultate un professionista appropriato.<\/p><p>Le seguenti disposizioni della presente sezione si applicheranno nella misura massima consentita dalla legge applicabile e non limiteranno o escluderanno la nostra responsabilit\u00e0 in relazione a qualsiasi questione che sarebbe illegale o illecita per noi limitare o escludere la nostra responsabilit\u00e0. In nessun caso saremo responsabili per danni diretti o indiretti (inclusi danni per perdita di profitti o entrate, perdita o corruzione di dati, software o database, o perdita o danneggiamento di propriet\u00e0 o dati) subiti dall'utente o da terzi, derivanti dall'accesso o dall'uso del nostro sito web.<\/p><p>Fatta eccezione per i casi in cui un contratto aggiuntivo stabilisca espressamente il contrario, la nostra responsabilit\u00e0 massima nei confronti dell'utente per tutti i danni derivanti da o correlati al sito web o a qualsiasi prodotto e servizio commercializzato o venduto attraverso il sito web, indipendentemente dalla forma di azione legale che impone la responsabilit\u00e0 (sia per contratto, equit\u00e0, negligenza, condotta intenzionale, illecito o altro) sar\u00e0 limitata a . Tale limite si applicher\u00e0 complessivamente a tutti i reclami, le azioni e le cause di azione dell'utente di ogni tipo e natura.<\/p><h2>11. La privacy<\/h2><p>Per accedere al nostro sito web e\/o ai nostri servizi, potrebbe essere richiesto all'utente di fornire alcune informazioni su di s\u00e9 come parte del processo di registrazione. L'utente accetta che le informazioni fornite siano sempre accurate, corrette e aggiornate.<\/p><p>Abbiamo elaborato una politica per rispondere alle vostre preoccupazioni in materia di privacy. Per ulteriori informazioni, consultare la nostra <a href=\"https:\/\/www.langir.com\/it\/privacy-policy\/\">Dichiarazione sulla privacy<\/a> e il nostro <a href=\"\">Informativa sui cookie<\/a>.<\/p><h2>12. Restrizioni alle esportazioni \/ Conformit\u00e0 legale<\/h2><p>\u00c8 vietato l'accesso al sito web da territori o paesi in cui il Contenuto o l'acquisto di prodotti o Servizi venduti sul sito web sono illegali. Non \u00e8 consentito utilizzare questo sito web in violazione delle leggi e dei regolamenti sull'esportazione della Cina.<\/p><h2>13. Assegnazione<\/h2><p>L'utente non pu\u00f2 cedere, trasferire o subappaltare nessuno dei suoi diritti e\/o obblighi ai sensi dei presenti Termini e condizioni, in tutto o in parte, a terzi senza il nostro previo consenso scritto. Qualsiasi presunta cessione in violazione di questa sezione sar\u00e0 nulla e non valida.<\/p><h2>14. Violazioni dei presenti Termini e condizioni<\/h2><p>Fatti salvi gli altri diritti di cui ai presenti Termini e condizioni, se l'utente viola in qualsiasi modo i presenti Termini e condizioni, potremo intraprendere le azioni che riterremo opportune per far fronte alla violazione, compresa la sospensione temporanea o permanente del suo accesso al sito web, contattando il suo provider di servizi Internet per chiedergli di bloccare il suo accesso al sito web e\/o avviando un'azione legale nei suoi confronti.<\/p><h2>15. Forza maggiore<\/h2><p>Fatta eccezione per gli obblighi di pagamento, nessun ritardo, mancanza od omissione da parte di una delle parti nell'adempimento o nell'osservanza di uno qualsiasi dei suoi obblighi sar\u00e0 considerato una violazione dei presenti Termini e condizioni se e finch\u00e9 tale ritardo, mancanza od omissione derivi da una causa al di fuori del ragionevole controllo di tale parte.<\/p><h2>16. Indennizzo<\/h2><p>L'utente accetta di indennizzare, difendere e tenere indenne la societ\u00e0 da qualsiasi reclamo, responsabilit\u00e0, danno, perdita e spesa relativi alla violazione dei presenti Termini e condizioni e delle leggi applicabili, compresi i diritti di propriet\u00e0 intellettuale e i diritti di privacy. L'utente si impegna a rimborsare tempestivamente i danni, le perdite, i costi e le spese relativi o derivanti da tali rivendicazioni.<\/p><h2>17. Rinuncia<\/h2><p>La mancata applicazione di una qualsiasi delle disposizioni contenute nei presenti Termini e Condizioni e in qualsiasi Accordo, o il mancato esercizio di un'opzione di risoluzione, non sar\u00e0 interpretata come una rinuncia a tali disposizioni e non pregiudicher\u00e0 la validit\u00e0 dei presenti Termini e Condizioni o di qualsiasi Accordo o parte di esso, n\u00e9 il diritto di far valere in seguito ogni singola disposizione.<\/p><h2>18. La lingua<\/h2><p>These Terms and Conditions will be interpreted and construed exclusively in English.&nbsp;All notices and correspondence will be written exclusively in that language.<\/p><h2>19. Accordo completo<\/h2><p>I presenti Termini e Condizioni, unitamente alla nostra <a href=\"https:\/\/www.langir.com\/it\/privacy-policy\/\">dichiarazione sulla privacy<\/a> e <a href=\"\">politica dei cookie<\/a>, costituiscono l'intero accordo tra l'utente e Yueqing Langir Electric Co., Ltd in relazione all'utilizzo di questo sito web.<\/p><h2>20. Aggiornamento dei presenti Termini e condizioni<\/h2><p>Possiamo aggiornare i presenti Termini e condizioni di volta in volta. L'utente \u00e8 tenuto a controllare periodicamente i presenti Termini e condizioni per verificare eventuali modifiche o aggiornamenti. La data indicata all'inizio di questi Termini e condizioni \u00e8 la data di revisione pi\u00f9 recente. Le modifiche ai presenti Termini e condizioni entreranno in vigore nel momento in cui tali modifiche saranno pubblicate su questo sito web. L'uso continuato di questo sito web dopo la pubblicazione di modifiche o aggiornamenti sar\u00e0 considerato come una notifica dell'accettazione di rispettare ed essere vincolati da questi Termini e Condizioni.<\/p><h2>21. Scelta della legge e della giurisdizione<\/h2><p>I presenti Termini e condizioni sono disciplinati dalle leggi della Cina. Qualsiasi controversia relativa ai presenti Termini e condizioni sar\u00e0 soggetta alla giurisdizione dei tribunali della Cina. Se una parte o una disposizione dei presenti Termini e condizioni \u00e8 ritenuta da un tribunale o da un'altra autorit\u00e0 non valida e\/o inapplicabile ai sensi della legge applicabile, tale parte o disposizione sar\u00e0 modificata, eliminata e\/o applicata nella misura massima consentita in modo da dare effetto all'intento dei presenti Termini e condizioni. Le altre disposizioni non saranno influenzate.<\/p><h2>22. Informazioni di contatto<\/h2><p>Questo sito web \u00e8 di propriet\u00e0 e gestito da Yueqing Langir Electric Co.<\/p><p>Potete contattarci in merito ai presenti Termini e Condizioni attraverso il nostro sito web <a href=\"https:\/\/www.langir.com\/it\/contact\/\">contatto<\/a> pagina.<\/p><h2>23. Scarica<\/h2><p>\u00c8 inoltre possibile <a href=\"https:\/\/www.langir.com\/wp-content\/plugins\/complianz-terms-conditions\/download.php\">scaricare<\/a> i nostri Termini e condizioni in formato PDF.<\/p><\/div>\n\n\t\t<\/div>\n\t<\/div>\n\n<div class=\"vc-zigzag-wrapper vc-zigzag-align-center\"><div class=\"vc-zigzag-inner\" style=\"width: 100%;min-height: 14px;background: 0 repeat-x url(&#039;data:image\/svg+xml;utf-8,%3C%3Fxml%20version%3D%221.0%22%20encoding%3D%22utf-8%22%3F%3E%3C%21DOCTYPE%20svg%20PUBLIC%20%22-%2F%2FW3C%2F%2FDTD%20SVG%201.1%2F%2FEN%22%20%22http%3A%2F%2Fwww.w3.org%2FGraphics%2FSVG%2F1.1%2FDTD%2Fsvg11.dtd%22%3E%3Csvg%20width%3D%2214px%22%20height%3D%2212px%22%20viewBox%3D%220%200%2018%2015%22%20version%3D%221.1%22%20xmlns%3D%22http%3A%2F%2Fwww.w3.org%2F2000%2Fsvg%22%20xmlns%3Axlink%3D%22http%3A%2F%2Fwww.w3.org%2F1999%2Fxlink%22%3E%3Cpolygon%20id%3D%22Combined-Shape%22%20fill%3D%22%23ebebeb%22%20points%3D%228.98762301%200%200%209.12771969%200%2014.519983%209%205.40479869%2018%2014.519983%2018%209.12771969%22%3E%3C%2Fpolygon%3E%3C%2Fsvg%3E&#039;);\"><\/div><\/div>\n\t<div class=\"wpb_text_column wpb_content_element\" >\n\t\t<div class=\"wpb_wrapper\">\n\t\t\t<p><iframe style=\"width: 100%; border: none;\" title=\"Modulo Wufoo incorporato\" src=\"https:\/\/langir.wufoo.com\/embed\/zcdgace1ql3iv4\/\" height=\"766\" frameborder=\"0\" scrolling=\"no\" sandbox=\"allow-popups-to-escape-sandbox allow-top-navigation allow-scripts allow-popups allow-forms allow-same-origin\"> <a href=\"https:\/\/langir.wufoo.com\/forms\/zcdgace1ql3iv4\/\" target=\"_blank\" rel=\"noopener\">Compilate il mio modulo Wufoo!<\/a> <\/iframe><\/p>\n\n\t\t<\/div>\n\t<\/div>\n<\/div><\/div><\/div><\/div>\n<\/div>","protected":false},"excerpt":{"rendered":"The Terms and Conditions were last updated on February 9, 20231. IntroductionThese Terms and conditions apply to this website and to the transactions related to our products and services.&nbsp;You may be bound by additional contracts related to your relationship with us or any products or services that you receive from us.&nbsp;If any provisions of the [...]","protected":false},"author":1,"featured_media":0,"parent":0,"menu_order":10,"comment_status":"closed","ping_status":"closed","template":"page-default.php","meta":{"_acf_changed":false,"_metasync_otto_title":"","_metasync_otto_description":"","rank_math_title":"","rank_math_description":"","_yoast_wpseo_title":"","_yoast_wpseo_metadesc":"","footnotes":""},"class_list":["post-8990","page","type-page","status-publish","hentry","entry"],"acf":[],"post_mailing_queue_ids":[],"_links":{"self":[{"href":"https:\/\/www.langir.com\/it\/wp-json\/wp\/v2\/pages\/8990","targetHints":{"allow":["GET"]}}],"collection":[{"href":"https:\/\/www.langir.com\/it\/wp-json\/wp\/v2\/pages"}],"about":[{"href":"https:\/\/www.langir.com\/it\/wp-json\/wp\/v2\/types\/page"}],"author":[{"embeddable":true,"href":"https:\/\/www.langir.com\/it\/wp-json\/wp\/v2\/users\/1"}],"replies":[{"embeddable":true,"href":"https:\/\/www.langir.com\/it\/wp-json\/wp\/v2\/comments?post=8990"}],"version-history":[{"count":3,"href":"https:\/\/www.langir.com\/it\/wp-json\/wp\/v2\/pages\/8990\/revisions"}],"predecessor-version":[{"id":16488,"href":"https:\/\/www.langir.com\/it\/wp-json\/wp\/v2\/pages\/8990\/revisions\/16488"}],"wp:attachment":[{"href":"https:\/\/www.langir.com\/it\/wp-json\/wp\/v2\/media?parent=8990"}],"curies":[{"name":"wp","href":"https:\/\/api.w.org\/{rel}","templated":true}]}}