{"id":12662,"date":"2024-12-13T05:45:39","date_gmt":"2024-12-13T05:45:39","guid":{"rendered":"https:\/\/www.langir.com\/?page_id=12662"},"modified":"2025-06-25T15:31:24","modified_gmt":"2025-06-25T15:31:24","slug":"home","status":"publish","type":"page","link":"https:\/\/www.langir.com\/pl\/","title":{"rendered":"Strona g\u0142\u00f3wna"},"content":{"rendered":"<div class=\"wpb-content-wrapper\"><div class=\"vc_row wpb_row vc_row-fluid\"><div class=\"wpb_column vc_column_container vc_col-sm-4\"><div class=\"vc_column-inner\"><div class=\"wpb_wrapper\"><div class=\"stats-block stats-top\"><div class=\"aio-icon-top\"><div class=\"ult-just-icon-wrapper\"><div class=\"align-icon\" style=\"text-align:center;\">\n<div class=\"aio-icon-img\" style=\"font-size:106px;display:inline-block;\" >\n\t<img decoding=\"async\" class=\"img-icon\" alt=\"Szybsza dostawa\" src=\"https:\/\/www.langir.com\/wp-content\/uploads\/2024\/12\/Faster-delivery.png\"\/>\n<\/div><\/div><\/div><\/div><div class=\"stats-desc\" id=\"counter-responsv-wrap-9807\"><div id=\"counter_269085786169d6c7b56ac99\" data-id=\"counter_269085786169d6c7b56ac99\"  data-ultimate-target='#counter-responsv-wrap-9807 .stats-number'  data-responsive-json-new='{\"font-size\":\"\",\"line-height\":\"\"}'  class=\"stats-number ult-responsive\" style=\"font-size:28px;  \" data-speed=\"3\" data-counter-value=\"7\" data-separator=\",\" data-decimal=\".\">0<\/div><div class=\"counter_suffix mycust ult-responsive\"  data-ultimate-target='#counter-responsv-wrap-9807 .mycust'  data-responsive-json-new='{\"font-size\":\"\",\"line-height\":\"\"}'  style=\"font-size:28px; color:\">Dni<\/div><div id=\"title-counter_269085786169d6c7b56ac99\"  data-ultimate-target='#counter-responsv-wrap-9807 .stats-text'  data-responsive-json-new='{\"font-size\":\"\",\"line-height\":\"\"}'  class=\"stats-text ult-responsive\" style=\"font-size:18px;  \">Szybsza dostawa<\/div><\/div><\/div><\/div><\/div><\/div><div class=\"wpb_column vc_column_container vc_col-sm-4\"><div class=\"vc_column-inner\"><div class=\"wpb_wrapper\"><div class=\"stats-block stats-top\"><div class=\"aio-icon-top\"><div class=\"ult-just-icon-wrapper\"><div class=\"align-icon\" style=\"text-align:center;\">\n<div class=\"aio-icon-img\" style=\"font-size:106px;display:inline-block;\" >\n\t<img decoding=\"async\" class=\"img-icon\" alt=\"Globalni klienci ko\u0144cowi\" src=\"https:\/\/www.langir.com\/wp-content\/uploads\/2024\/12\/Gobal-end-customers.png\"\/>\n<\/div><\/div><\/div><\/div><div class=\"stats-desc\" id=\"counter-responsv-wrap-4896\"><div id=\"counter_136215112869d6c7b56b8ca\" data-id=\"counter_136215112869d6c7b56b8ca\"  data-ultimate-target='#counter-responsv-wrap-4896 .stats-number'  data-responsive-json-new='{\"font-size\":\"\",\"line-height\":\"\"}'  class=\"stats-number ult-responsive\" style=\"font-size:28px;  \" data-speed=\"3\" data-counter-value=\"10000\" data-separator=\",\" data-decimal=\".\">0<\/div><div class=\"counter_suffix mycust ult-responsive\"  data-ultimate-target='#counter-responsv-wrap-4896 .mycust'  data-responsive-json-new='{\"font-size\":\"\",\"line-height\":\"\"}'  style=\"font-size:28px; color:\">+<\/div><div id=\"title-counter_136215112869d6c7b56b8ca\"  data-ultimate-target='#counter-responsv-wrap-4896 .stats-text'  data-responsive-json-new='{\"font-size\":\"\",\"line-height\":\"\"}'  class=\"stats-text ult-responsive\" style=\"font-size:18px;  \">Globalni klienci ko\u0144cowi<\/div><\/div><\/div><\/div><\/div><\/div><div class=\"wpb_column vc_column_container vc_col-sm-4\"><div class=\"vc_column-inner\"><div class=\"wpb_wrapper\"><div class=\"stats-block stats-top\"><div class=\"aio-icon-top\"><div class=\"ult-just-icon-wrapper\"><div class=\"align-icon\" style=\"text-align:center;\">\n<div class=\"aio-icon-img\" style=\"font-size:106px;display:inline-block;\" >\n\t<img decoding=\"async\" class=\"img-icon\" alt=\"Rok do\u015bwiadczenia w bran\u017cy\" src=\"https:\/\/www.langir.com\/wp-content\/uploads\/2024\/12\/Year-of-experience.png\"\/>\n<\/div><\/div><\/div><\/div><div class=\"stats-desc\" id=\"counter-responsv-wrap-3557\"><div id=\"counter_426669715969d6c7b56c037\" data-id=\"counter_426669715969d6c7b56c037\"  data-ultimate-target='#counter-responsv-wrap-3557 .stats-number'  data-responsive-json-new='{\"font-size\":\"\",\"line-height\":\"\"}'  class=\"stats-number ult-responsive\" style=\"font-size:28px;  \" data-speed=\"3\" data-counter-value=\"15\" data-separator=\",\" data-decimal=\".\">0<\/div><div class=\"counter_suffix mycust ult-responsive\"  data-ultimate-target='#counter-responsv-wrap-3557 .mycust'  data-responsive-json-new='{\"font-size\":\"\",\"line-height\":\"\"}'  style=\"font-size:28px; color:\">+<\/div><div id=\"title-counter_426669715969d6c7b56c037\"  data-ultimate-target='#counter-responsv-wrap-3557 .stats-text'  data-responsive-json-new='{\"font-size\":\"\",\"line-height\":\"\"}'  class=\"stats-text ult-responsive\" style=\"font-size:18px;  \">Rok do\u015bwiadczenia w bran\u017cy<\/div><\/div><\/div><\/div><\/div><\/div><\/div>\n<\/div>","protected":false},"excerpt":{"rendered":"0DniSzybsza dostawa 0+Gotowi klienci ko\u0144cowi 0+Lata do\u015bwiadczenia w bran\u017cy","protected":false},"author":1,"featured_media":0,"parent":0,"menu_order":6,"comment_status":"closed","ping_status":"closed","template":"page-newhome.php","meta":{"_acf_changed":false,"_metasync_otto_title":"","_metasync_otto_description":"","_metasync_otto_keywords":"","_metasync_otto_og_title":"","_metasync_otto_og_description":"","_metasync_otto_twitter_title":"","_metasync_otto_twitter_description":"","rank_math_title":"Langir Push Button Switch: Anti-Vandal, Piezo, Capacitive","rank_math_description":"Trusted Chinese manufacturer of metal push button switches: anti-vandal, piezo, capacitive. 15 yrs\u2019 expertise, OEM\/ODM, low MOQs, fast wholesale quotes.","_yoast_wpseo_title":"","_yoast_wpseo_metadesc":"","_aioseo_title":"","_aioseo_description":"","_metasync_seo_title":"","_metasync_seo_desc":"","_metasync_otto_disabled":"","footnotes":""},"class_list":["post-12662","page","type-page","status-publish","hentry","entry"],"acf":[],"post_mailing_queue_ids":[],"_links":{"self":[{"href":"https:\/\/www.langir.com\/pl\/wp-json\/wp\/v2\/pages\/12662","targetHints":{"allow":["GET"]}}],"collection":[{"href":"https:\/\/www.langir.com\/pl\/wp-json\/wp\/v2\/pages"}],"about":[{"href":"https:\/\/www.langir.com\/pl\/wp-json\/wp\/v2\/types\/page"}],"author":[{"embeddable":true,"href":"https:\/\/www.langir.com\/pl\/wp-json\/wp\/v2\/users\/1"}],"replies":[{"embeddable":true,"href":"https:\/\/www.langir.com\/pl\/wp-json\/wp\/v2\/comments?post=12662"}],"version-history":[{"count":2,"href":"https:\/\/www.langir.com\/pl\/wp-json\/wp\/v2\/pages\/12662\/revisions"}],"predecessor-version":[{"id":16141,"href":"https:\/\/www.langir.com\/pl\/wp-json\/wp\/v2\/pages\/12662\/revisions\/16141"}],"wp:attachment":[{"href":"https:\/\/www.langir.com\/pl\/wp-json\/wp\/v2\/media?parent=12662"}],"curies":[{"name":"wp","href":"https:\/\/api.w.org\/{rel}","templated":true}]}}