{"id":7414,"date":"2019-11-21T08:26:56","date_gmt":"2019-11-21T08:26:56","guid":{"rendered":"https:\/\/www.langir.com\/?page_id=7414"},"modified":"2020-08-31T07:46:16","modified_gmt":"2020-08-31T07:46:16","slug":"applications-markets-for-piezo-switch","status":"publish","type":"page","link":"https:\/\/www.langir.com\/pl\/applications-markets-for-piezo-switch\/","title":{"rendered":"Zastosowania \/ rynki dla prze\u0142\u0105cznik\u00f3w piezoelektrycznych"},"content":{"rendered":"<div class=\"wpb-content-wrapper\"><div class=\"vc_row wpb_row vc_row-fluid\"><div class=\"wpb_column vc_column_container vc_col-sm-6\"><div class=\"vc_column-inner\"><div class=\"wpb_wrapper\">\n\t<div class=\"wpb_text_column wpb_content_element\" >\n\t\t<div class=\"wpb_wrapper\">\n\t\t\t<p><img fetchpriority=\"high\" decoding=\"async\" class=\"size-full wp-image-6394\" title=\"System bilet\u00f3w\" src=\"https:\/\/www.langir.com\/wp-content\/uploads\/2019\/04\/ticket-system.jpg\" alt=\"System bilet\u00f3w\" width=\"660\" height=\"300\" \/><\/p>\n\n\t\t<\/div>\n\t<\/div>\n\n\t<div class=\"wpb_text_column wpb_content_element\" >\n\t\t<div class=\"wpb_wrapper\">\n\t\t\t<p><img decoding=\"async\" class=\"size-full wp-image-6393\" title=\"Us\u0142ugi publiczne\" src=\"https:\/\/www.langir.com\/wp-content\/uploads\/2019\/04\/public-services.jpg\" alt=\"Us\u0142ugi publiczne\" width=\"660\" height=\"300\" \/><\/p>\n\n\t\t<\/div>\n\t<\/div>\n\n\t<div class=\"wpb_text_column wpb_content_element\" >\n\t\t<div class=\"wpb_wrapper\">\n\t\t\t<p><img decoding=\"async\" class=\"size-full wp-image-6376\" title=\"Urz\u0105dzenia zabezpieczaj\u0105ce\" src=\"https:\/\/www.langir.com\/wp-content\/uploads\/2019\/04\/security-devices-1.jpg\" alt=\"Urz\u0105dzenia zabezpieczaj\u0105ce\" width=\"660\" height=\"300\" \/><\/p>\n\n\t\t<\/div>\n\t<\/div>\n\n\t<div class=\"wpb_text_column wpb_content_element\" >\n\t\t<div class=\"wpb_wrapper\">\n\t\t\t<p><img loading=\"lazy\" decoding=\"async\" class=\"size-full wp-image-6379\" title=\"Myjnia samochodowa\" src=\"https:\/\/www.langir.com\/wp-content\/uploads\/2019\/04\/car-wash.jpg\" alt=\"Myjnia samochodowa\" width=\"660\" height=\"300\" \/><\/p>\n\n\t\t<\/div>\n\t<\/div>\n\n\t<div class=\"wpb_text_column wpb_content_element\" >\n\t\t<div class=\"wpb_wrapper\">\n\t\t\t<p><img loading=\"lazy\" decoding=\"async\" class=\"size-full wp-image-6403\" title=\"Basen\" src=\"https:\/\/www.langir.com\/wp-content\/uploads\/2019\/04\/pool.jpg\" alt=\"Basen\" width=\"660\" height=\"300\" \/><\/p>\n\n\t\t<\/div>\n\t<\/div>\n\n\t<div class=\"wpb_text_column wpb_content_element\" >\n\t\t<div class=\"wpb_wrapper\">\n\t\t\t<p><img loading=\"lazy\" decoding=\"async\" class=\"size-full wp-image-6378\" title=\"Wanna\" src=\"https:\/\/www.langir.com\/wp-content\/uploads\/2019\/04\/bath.jpg\" alt=\"Wanna\" width=\"660\" height=\"300\" \/><\/p>\n\n\t\t<\/div>\n\t<\/div>\n\n\t<div class=\"wpb_text_column wpb_content_element\" >\n\t\t<div class=\"wpb_wrapper\">\n\t\t\t<p><img loading=\"lazy\" decoding=\"async\" class=\"size-full wp-image-6377\" title=\"Marine\" src=\"https:\/\/www.langir.com\/wp-content\/uploads\/2019\/04\/marine.jpg\" alt=\"Marine\" width=\"660\" height=\"300\" \/><\/p>\n\n\t\t<\/div>\n\t<\/div>\n\n\t<div class=\"wpb_text_column wpb_content_element\" >\n\t\t<div class=\"wpb_wrapper\">\n\t\t\t<p><img loading=\"lazy\" decoding=\"async\" class=\"size-full wp-image-6374\" src=\"https:\/\/www.langir.com\/wp-content\/uploads\/2019\/04\/food-processing.jpg\" alt=\"Przetwarzanie \u017cywno\u015bci\" width=\"660\" height=\"300\" \/><\/p>\n\n\t\t<\/div>\n\t<\/div>\n\n\t<div class=\"wpb_text_column wpb_content_element\" >\n\t\t<div class=\"wpb_wrapper\">\n\t\t\t<p><img loading=\"lazy\" decoding=\"async\" class=\"size-full wp-image-6375\" title=\"Sprz\u0119t medyczny\" src=\"https:\/\/www.langir.com\/wp-content\/uploads\/2019\/04\/medical-equipment-1.jpg\" alt=\"Sprz\u0119t medyczny\" width=\"660\" height=\"300\" \/><\/p>\n\n\t\t<\/div>\n\t<\/div>\n\n\t<div class=\"wpb_text_column wpb_content_element\" >\n\t\t<div class=\"wpb_wrapper\">\n\t\t\t<p><img loading=\"lazy\" decoding=\"async\" class=\"size-full wp-image-6418\" title=\"Urz\u0105dzenia parkingowe\" src=\"https:\/\/www.langir.com\/wp-content\/uploads\/2019\/04\/parking.jpg\" alt=\"Urz\u0105dzenia parkingowe\" width=\"550\" height=\"300\" \/><\/p>\n\n\t\t<\/div>\n\t<\/div>\n<\/div><\/div><\/div><div class=\"wpb_column vc_column_container vc_col-sm-6\"><div class=\"vc_column-inner\"><div class=\"wpb_wrapper\">\n\t<div class=\"wpb_text_column wpb_content_element\" >\n\t\t<div class=\"wpb_wrapper\">\n\t\t\t<ul>\n<li>Zastosowania w wodzie i poza ni\u0105<\/li>\n<li>Sprz\u0119t medyczny<\/li>\n<li>Sprz\u0119t do testowania<\/li>\n<li>Automatyczne pompy gazu<\/li>\n<li>Sprz\u0119t g\u00f3rniczy<\/li>\n<li>Systemy myjni samochodowych<\/li>\n<li>Panele sterowania<\/li>\n<li>Opakowanie<\/li>\n<li>Kosmetyki<\/li>\n<li>Farby<\/li>\n<li>Petrochemia<\/li>\n<li>Nawozy<\/li>\n<li>Farmaceutyczny<\/li>\n<li>Piekarnie<\/li>\n<li>Mleczarnie<\/li>\n<li>Pakowanie \u017cywno\u015bci<\/li>\n<li>Przygotowanie \u017cywno\u015bci<\/li>\n<li>Przetw\u00f3rstwo mi\u0119sa<\/li>\n<li>Dost\u0119p do bramy<\/li>\n<li>Kontrola procesu<\/li>\n<li>Telefony publiczne<\/li>\n<li>Drzwi bezpiecze\u0144stwa<\/li>\n<li>Systemy nawadniaj\u0105ce<\/li>\n<li>Panele sterowania lokomotywy<\/li>\n<li>Automaty sprzedaj\u0105ce<\/li>\n<\/ul>\n\n\t\t<\/div>\n\t<\/div>\n<\/div><\/div><\/div><\/div>\n<\/div>","protected":false},"excerpt":{"rendered":"Zastosowania w wodzie i poza ni\u0105 Sprz\u0119t medyczny Sprz\u0119t testuj\u0105cy Automatyczne pompy gazu Sprz\u0119t g\u00f3rniczy Systemy myjni samochodowych Panele sterowania Opakowania Kosmetyki Farby Petrochemia Nawozy Farmaceutyka Piekarnie Mleczarnie Pakowanie \u017cywno\u015bci Przetw\u00f3rstwo mi\u0119sne Dost\u0119p do bram Kontrola proces\u00f3w Telefony publiczne Drzwi bezpiecze\u0144stwa Systemy nawadniania Panele sterowania lokomotyw Automaty sprzedaj\u0105ce","protected":false},"author":1,"featured_media":7285,"parent":0,"menu_order":42,"comment_status":"closed","ping_status":"closed","template":"page-default.php","meta":{"_acf_changed":false,"footnotes":""},"class_list":["post-7414","page","type-page","status-publish","has-post-thumbnail","hentry","entry"],"acf":[],"post_mailing_queue_ids":[],"_links":{"self":[{"href":"https:\/\/www.langir.com\/pl\/wp-json\/wp\/v2\/pages\/7414","targetHints":{"allow":["GET"]}}],"collection":[{"href":"https:\/\/www.langir.com\/pl\/wp-json\/wp\/v2\/pages"}],"about":[{"href":"https:\/\/www.langir.com\/pl\/wp-json\/wp\/v2\/types\/page"}],"author":[{"embeddable":true,"href":"https:\/\/www.langir.com\/pl\/wp-json\/wp\/v2\/users\/1"}],"replies":[{"embeddable":true,"href":"https:\/\/www.langir.com\/pl\/wp-json\/wp\/v2\/comments?post=7414"}],"version-history":[{"count":0,"href":"https:\/\/www.langir.com\/pl\/wp-json\/wp\/v2\/pages\/7414\/revisions"}],"wp:featuredmedia":[{"embeddable":true,"href":"https:\/\/www.langir.com\/pl\/wp-json\/wp\/v2\/media\/7285"}],"wp:attachment":[{"href":"https:\/\/www.langir.com\/pl\/wp-json\/wp\/v2\/media?parent=7414"}],"curies":[{"name":"wp","href":"https:\/\/api.w.org\/{rel}","templated":true}]}}