{"id":7416,"date":"2019-11-21T08:28:33","date_gmt":"2019-11-21T08:28:33","guid":{"rendered":"https:\/\/www.langir.com\/?page_id=7416"},"modified":"2020-08-31T07:45:41","modified_gmt":"2020-08-31T07:45:41","slug":"applications-markets-switch","status":"publish","type":"page","link":"https:\/\/www.langir.com\/pl\/applications-markets-switch\/","title":{"rendered":"Zastosowania \/ rynki dla prze\u0142\u0105cznik\u00f3w"},"content":{"rendered":"<div class=\"wpb-content-wrapper\"><div class=\"vc_row wpb_row vc_row-fluid\"><div class=\"wpb_column vc_column_container vc_col-sm-3\"><div class=\"vc_column-inner\"><div class=\"wpb_wrapper\">\n\t<div class=\"wpb_text_column wpb_content_element\" >\n\t\t<div class=\"wpb_wrapper\">\n\t\t\t<p><img fetchpriority=\"high\" decoding=\"async\" class=\"size-full wp-image-6304\" title=\"Sterowanie samochodem\" src=\"https:\/\/www.langir.com\/wp-content\/uploads\/2019\/04\/car-controls.jpg\" alt=\"Sterowanie samochodem\" width=\"550\" height=\"320\" \/><\/p>\n\n\t\t<\/div>\n\t<\/div>\n<\/div><\/div><\/div><div class=\"wpb_column vc_column_container vc_col-sm-3\"><div class=\"vc_column-inner\"><div class=\"wpb_wrapper\">\n\t<div class=\"wpb_text_column wpb_content_element\" >\n\t\t<div class=\"wpb_wrapper\">\n\t\t\t<p><img decoding=\"async\" class=\"size-full wp-image-6300\" title=\"Sterowniki przemys\u0142owe\" src=\"https:\/\/www.langir.com\/wp-content\/uploads\/2019\/04\/industrial-controls.jpg\" alt=\"Sterowniki przemys\u0142owe\" width=\"550\" height=\"320\" \/><\/p>\n\n\t\t<\/div>\n\t<\/div>\n<\/div><\/div><\/div><div class=\"wpb_column vc_column_container vc_col-sm-3\"><div class=\"vc_column-inner\"><div class=\"wpb_wrapper\">\n\t<div class=\"wpb_text_column wpb_content_element\" >\n\t\t<div class=\"wpb_wrapper\">\n\t\t\t<p><img decoding=\"async\" class=\"size-full wp-image-6308\" title=\"Sterowanie jachtem\" src=\"https:\/\/www.langir.com\/wp-content\/uploads\/2019\/04\/yacht-controls.jpg\" alt=\"Sterowanie jachtem\" width=\"550\" height=\"320\" \/><\/p>\n\n\t\t<\/div>\n\t<\/div>\n<\/div><\/div><\/div><div class=\"wpb_column vc_column_container vc_col-sm-3\"><div class=\"vc_column-inner\"><div class=\"wpb_wrapper\">\n\t<div class=\"wpb_text_column wpb_content_element\" >\n\t\t<div class=\"wpb_wrapper\">\n\t\t\t<p><img loading=\"lazy\" decoding=\"async\" class=\"size-full wp-image-6306\" title=\"Kioski\" src=\"https:\/\/www.langir.com\/wp-content\/uploads\/2019\/04\/kiosks.jpg\" alt=\"Kioski\" width=\"550\" height=\"320\" \/><\/p>\n\n\t\t<\/div>\n\t<\/div>\n<\/div><\/div><\/div><div class=\"wpb_column vc_column_container vc_col-sm-3\"><div class=\"vc_column-inner\"><div class=\"wpb_wrapper\">\n\t<div class=\"wpb_text_column wpb_content_element\" >\n\t\t<div class=\"wpb_wrapper\">\n\t\t\t<p><img loading=\"lazy\" decoding=\"async\" class=\"size-full wp-image-6325\" title=\"Urz\u0105dzenia parkingowe\" src=\"https:\/\/www.langir.com\/wp-content\/uploads\/2019\/04\/parking-meters.jpg\" alt=\"Urz\u0105dzenia parkingowe\" width=\"550\" height=\"630\" \/><\/p>\n\n\t\t<\/div>\n\t<\/div>\n<\/div><\/div><\/div><div class=\"wpb_column vc_column_container vc_col-sm-3\"><div class=\"vc_column-inner\"><div class=\"wpb_wrapper\">\n\t<div class=\"wpb_text_column wpb_content_element\" >\n\t\t<div class=\"wpb_wrapper\">\n\t\t\t<p><img loading=\"lazy\" decoding=\"async\" class=\"size-full wp-image-6327\" title=\"Elektryczne artyku\u0142y gospodarstwa domowego\" src=\"https:\/\/www.langir.com\/wp-content\/uploads\/2019\/04\/electrical-housewares.jpg\" alt=\"Elektryczne artyku\u0142y gospodarstwa domowego\" width=\"500\" height=\"574\" \/><\/p>\n\n\t\t<\/div>\n\t<\/div>\n<\/div><\/div><\/div><div class=\"wpb_column vc_column_container vc_col-sm-3\"><div class=\"vc_column-inner\"><div class=\"wpb_wrapper\">\n\t<div class=\"wpb_text_column wpb_content_element\" >\n\t\t<div class=\"wpb_wrapper\">\n\t\t\t<p><img loading=\"lazy\" decoding=\"async\" class=\"size-full wp-image-6305\" title=\"Urz\u0105dzenia zabezpieczaj\u0105ce\" src=\"https:\/\/www.langir.com\/wp-content\/uploads\/2019\/04\/security-devices.jpg\" alt=\"Urz\u0105dzenia zabezpieczaj\u0105ce\" width=\"550\" height=\"300\" \/><\/p>\n\n\t\t<\/div>\n\t<\/div>\n<\/div><\/div><\/div><div class=\"wpb_column vc_column_container vc_col-sm-3\"><div class=\"vc_column-inner\"><div class=\"wpb_wrapper\">\n\t<div class=\"wpb_text_column wpb_content_element\" >\n\t\t<div class=\"wpb_wrapper\">\n\t\t\t<p><img loading=\"lazy\" decoding=\"async\" class=\"size-full wp-image-6317\" title=\"Kuchnia\" src=\"https:\/\/www.langir.com\/wp-content\/uploads\/2019\/04\/kitchen.jpg\" alt=\"Kuchnia\" width=\"550\" height=\"300\" \/><\/p>\n\n\t\t<\/div>\n\t<\/div>\n<\/div><\/div><\/div><div class=\"wpb_column vc_column_container vc_col-sm-3\"><div class=\"vc_column-inner\"><div class=\"wpb_wrapper\">\n\t<div class=\"wpb_text_column wpb_content_element\" >\n\t\t<div class=\"wpb_wrapper\">\n\t\t\t<p><img loading=\"lazy\" decoding=\"async\" class=\"size-full wp-image-6301\" title=\"Oprawa audiowizualna\" src=\"https:\/\/www.langir.com\/wp-content\/uploads\/2019\/04\/audio-visual.jpg\" alt=\"Oprawa audiowizualna\" width=\"550\" height=\"300\" \/><\/p>\n\n\t\t<\/div>\n\t<\/div>\n<\/div><\/div><\/div><div class=\"wpb_column vc_column_container vc_col-sm-3\"><div class=\"vc_column-inner\"><div class=\"wpb_wrapper\">\n\t<div class=\"wpb_text_column wpb_content_element\" >\n\t\t<div class=\"wpb_wrapper\">\n\t\t\t<p><img loading=\"lazy\" decoding=\"async\" class=\"size-full wp-image-6319\" title=\"Sprz\u0119t medyczny\" src=\"https:\/\/www.langir.com\/wp-content\/uploads\/2019\/04\/medical-equipment.jpg\" alt=\"Sprz\u0119t medyczny\" width=\"550\" height=\"300\" \/><\/p>\n\n\t\t<\/div>\n\t<\/div>\n<\/div><\/div><\/div><\/div>\n<\/div>","protected":false},"excerpt":{"rendered":"","protected":false},"author":1,"featured_media":7417,"parent":0,"menu_order":41,"comment_status":"closed","ping_status":"closed","template":"page-default.php","meta":{"_acf_changed":false,"_metasync_otto_title":"","_metasync_otto_description":"","rank_math_title":"","rank_math_description":"We accept OEM and small trial orders, contact us now for more switch information. All inquiries will be replied within 24 hours. ","_yoast_wpseo_title":"","_yoast_wpseo_metadesc":"","footnotes":""},"class_list":["post-7416","page","type-page","status-publish","has-post-thumbnail","hentry","entry"],"acf":[],"post_mailing_queue_ids":[],"_links":{"self":[{"href":"https:\/\/www.langir.com\/pl\/wp-json\/wp\/v2\/pages\/7416","targetHints":{"allow":["GET"]}}],"collection":[{"href":"https:\/\/www.langir.com\/pl\/wp-json\/wp\/v2\/pages"}],"about":[{"href":"https:\/\/www.langir.com\/pl\/wp-json\/wp\/v2\/types\/page"}],"author":[{"embeddable":true,"href":"https:\/\/www.langir.com\/pl\/wp-json\/wp\/v2\/users\/1"}],"replies":[{"embeddable":true,"href":"https:\/\/www.langir.com\/pl\/wp-json\/wp\/v2\/comments?post=7416"}],"version-history":[{"count":0,"href":"https:\/\/www.langir.com\/pl\/wp-json\/wp\/v2\/pages\/7416\/revisions"}],"wp:featuredmedia":[{"embeddable":true,"href":"https:\/\/www.langir.com\/pl\/wp-json\/wp\/v2\/media\/7417"}],"wp:attachment":[{"href":"https:\/\/www.langir.com\/pl\/wp-json\/wp\/v2\/media?parent=7416"}],"curies":[{"name":"wp","href":"https:\/\/api.w.org\/{rel}","templated":true}]}}