{"id":7432,"date":"2019-11-21T08:43:00","date_gmt":"2019-11-21T08:43:00","guid":{"rendered":"https:\/\/www.langir.com\/?page_id=7432"},"modified":"2026-03-30T08:27:42","modified_gmt":"2026-03-30T08:27:42","slug":"electronic-design-solutions","status":"publish","type":"page","link":"https:\/\/www.langir.com\/pl\/electronic-design-solutions\/","title":{"rendered":"Elektroniczne rozwi\u0105zania projektowe"},"content":{"rendered":"<div class=\"wpb-content-wrapper\"><div class=\"vc_row wpb_row vc_row-fluid\"><div class=\"wpb_column vc_column_container vc_col-sm-12\"><div class=\"vc_column-inner\"><div class=\"wpb_wrapper\">\n\t<div class=\"wpb_text_column wpb_content_element vc_custom_1555666188726\" >\n\t\t<div class=\"wpb_wrapper\">\n\t\t\t<div class=\"requisition\">\n<ul>\n<li><a title=\"Dostosowanie do wyceny\" href=\"https:\/\/www.langir.com\/pl\/customization-for-quotation\/\">Produkty niestandardowe<\/a><\/li>\n<li><a title=\"Zapytanie ofertowe\" href=\"https:\/\/www.langir.com\/pl\/request-quotation\/\">Zapytanie ofertowe<\/a><\/li>\n<\/ul>\n<\/div>\n<div id=\"detail\" class=\"serie\">\n<ul class=\"files\">\n<li class=\"brochure\"><a href=\"#\">broszura<\/a><\/li>\n<\/ul>\n<ul class=\"certifications\">\n<li class=\"is_rohs\" title=\"RoHS\">rohs<\/li>\n<li class=\"is_ce\" title=\"CE\">ce<\/li>\n<\/ul>\n<\/div>\n\n\t\t<\/div>\n\t<\/div>\n<\/div><\/div><\/div><\/div><div class=\"vc_row wpb_row vc_row-fluid\"><div class=\"wpb_column vc_column_container vc_col-sm-6\"><div class=\"vc_column-inner\"><div class=\"wpb_wrapper\">\n\t<div class=\"wpb_text_column wpb_content_element vc_custom_1615533103621\" >\n\t\t<div class=\"wpb_wrapper\">\n\t\t\t<p><strong>Us\u0142ugi projektowania obwod\u00f3w drukowanych<\/strong><\/p>\n\n\t\t<\/div>\n\t<\/div>\n\n\t<div class=\"wpb_text_column wpb_content_element vc_custom_1555667332300\" >\n\t\t<div class=\"wpb_wrapper\">\n\t\t\t<p><img fetchpriority=\"high\" decoding=\"async\" class=\"size-full wp-image-6051 aligncenter\" title=\"Projektowanie PCB\" src=\"https:\/\/www.langir.com\/wp-content\/uploads\/2019\/04\/pcb-design.jpg\" alt=\"Projektowanie PCB\" width=\"800\" height=\"400\" \/><\/p>\n\n\t\t<\/div>\n\t<\/div>\n\n\t<div class=\"wpb_text_column wpb_content_element vc_custom_1615531757741\" >\n\t\t<div class=\"wpb_wrapper\">\n\t\t\t<ul style=\"color: #cccccc;\">\n<li>UK\u0141AD P\u0141YTKI DRUKOWANEJ<\/li>\n<li>TWORZENIE SYMBOLI<\/li>\n<li>PRZECHWYTYWANIE SCHEMATU<\/li>\n<li>PISANIE NARZ\u0118DZI<\/li>\n<li>CERTYFIKOWANI PROJEKTANCI IPC<\/li>\n<\/ul>\n\n\t\t<\/div>\n\t<\/div>\n<\/div><\/div><\/div><div class=\"wpb_column vc_column_container vc_col-sm-6\"><div class=\"vc_column-inner\"><div class=\"wpb_wrapper\">\n\t<div class=\"wpb_text_column wpb_content_element vc_custom_1555900612979\" >\n\t\t<div class=\"wpb_wrapper\">\n\t\t\t<p><strong>Produkcja i us\u0142ugi laboratoryjne<\/strong><\/p>\n\n\t\t<\/div>\n\t<\/div>\n\n\t<div class=\"wpb_text_column wpb_content_element vc_custom_1555667325004\" >\n\t\t<div class=\"wpb_wrapper\">\n\t\t\t<p><img decoding=\"async\" class=\"size-full wp-image-6052 aligncenter\" title=\"Produkcja i us\u0142ugi laboratoryjne\" src=\"https:\/\/www.langir.com\/wp-content\/uploads\/2019\/04\/manufacturing-lab-services.jpg\" alt=\"Produkcja i us\u0142ugi laboratoryjne\" \/><\/p>\n\n\t\t<\/div>\n\t<\/div>\n\n\t<div class=\"wpb_text_column wpb_content_element vc_custom_1555666298347\" >\n\t\t<div class=\"wpb_wrapper\">\n\t\t\t<ul style=\"color: #cccccc;\">\n<li>SZYBKIE PROTOTYPY<\/li>\n<li>ZARZ\u0104DZANIE ZAPASAMI<\/li>\n<li>PRZER\u00d3BKI MONTA\u017bOWE NA MIEJSCU<\/li>\n<li>BOX BUILDS<\/li>\n<li>OPAKOWANIA NIESTANDARDOWE<\/li>\n<li>PROGRAMOWANIE SPRZ\u0118TU<\/li>\n<li>TESTOWANIE FUNKCJONALNE<\/li>\n<\/ul>\n\n\t\t<\/div>\n\t<\/div>\n<\/div><\/div><\/div><\/div><div class=\"vc_row wpb_row vc_row-fluid\"><div class=\"wpb_column vc_column_container vc_col-sm-12\"><div class=\"vc_column-inner\"><div class=\"wpb_wrapper\">\n\t<div class=\"wpb_text_column wpb_content_element vc_custom_1561776662888\" >\n\t\t<div class=\"wpb_wrapper\">\n\t\t\t<p style=\"text-align: center;\"><strong>Langir oferuje kompletne rozwi\u0105zanie dla Twojej firmy<\/strong><\/p>\n\n\t\t<\/div>\n\t<\/div>\n\n\t<div class=\"wpb_text_column wpb_content_element vc_custom_1561776480521\" >\n\t\t<div class=\"wpb_wrapper\">\n\t\t\t<p><img decoding=\"async\" class=\"size-full wp-image-6936\" title=\"Kompletne rozwi\u0105zanie\" src=\"https:\/\/www.langir.com\/wp-content\/uploads\/2019\/06\/solution-complete-langir.png\" alt=\"Kompletne rozwi\u0105zanie\" width=\"1900\" height=\"760\" \/><\/p>\n\n\t\t<\/div>\n\t<\/div>\n<\/div><\/div><\/div><div class=\"wpb_column vc_column_container vc_col-sm-12\"><div class=\"vc_column-inner\"><div class=\"wpb_wrapper\">\n<div class=\"vc-zigzag-wrapper vc-zigzag-align-center\"><div class=\"vc-zigzag-inner\" style=\"width: 100%;min-height: 14px;background: 0 repeat-x url(&#039;data:image\/svg+xml;utf-8,%3C%3Fxml%20version%3D%221.0%22%20encoding%3D%22utf-8%22%3F%3E%3C%21DOCTYPE%20svg%20PUBLIC%20%22-%2F%2FW3C%2F%2FDTD%20SVG%201.1%2F%2FEN%22%20%22http%3A%2F%2Fwww.w3.org%2FGraphics%2FSVG%2F1.1%2FDTD%2Fsvg11.dtd%22%3E%3Csvg%20width%3D%2214px%22%20height%3D%2212px%22%20viewBox%3D%220%200%2018%2015%22%20version%3D%221.1%22%20xmlns%3D%22http%3A%2F%2Fwww.w3.org%2F2000%2Fsvg%22%20xmlns%3Axlink%3D%22http%3A%2F%2Fwww.w3.org%2F1999%2Fxlink%22%3E%3Cpolygon%20id%3D%22Combined-Shape%22%20fill%3D%22%23ebebeb%22%20points%3D%228.98762301%200%200%209.12771969%200%2014.519983%209%205.40479869%2018%2014.519983%2018%209.12771969%22%3E%3C%2Fpolygon%3E%3C%2Fsvg%3E&#039;);\"><\/div><\/div><\/div><\/div><\/div><\/div><div class=\"vc_row wpb_row vc_row-fluid\"><div class=\"wpb_column vc_column_container vc_col-sm-12\"><div class=\"vc_column-inner\"><div class=\"wpb_wrapper\">\n\t<div class=\"wpb_text_column wpb_content_element vc_custom_1555666391582\" >\n\t\t<div class=\"wpb_wrapper\">\n\t\t\t<p><strong>US\u0141UGI PROJEKTOWANIA P\u0141YTEK DRUKOWANYCH<\/strong><\/p>\n\n\t\t<\/div>\n\t<\/div>\n\n\t<div class=\"wpb_text_column wpb_content_element vc_custom_1555666409277\" >\n\t\t<div class=\"wpb_wrapper\">\n\t\t\t<p>Langir dysponuje zasobami umo\u017cliwiaj\u0105cymi r\u00f3wnoleg\u0142\u0105 obs\u0142ug\u0119 wielu projekt\u00f3w, aby przyspieszy\u0107 tworzenie krytycznych tablic.<br \/>\nMo\u017cemy funkcjonowa\u0107 jako wirtualny dzia\u0142 projektowania p\u0142ytek drukowanych w Twojej firmie lub jako dodatek do istniej\u0105cego personelu w okresach szczytowych.<\/p>\n<p>Wszyscy projektanci Langir maj\u0105 szeroki zakres wiedzy specjalistycznej, od prostych po\u0142\u0105cze\u0144 po bardzo z\u0142o\u017cone p\u0142ytki.<\/p>\n<p>B\u0119d\u0105c jednym z pierwszych krok\u00f3w w cyklu rozwoju produktu, zapewniamy wiele us\u0142ug, aby przenie\u015b\u0107 projekt od pomys\u0142u do ostatecznych plik\u00f3w produkcyjnych. Us\u0142ugi obejmuj\u0105 przechwytywanie schemat\u00f3w, tworzenie footprint\u00f3w i layout\u00f3w.<\/p>\n<p>Przed przekazaniem plik\u00f3w do produkcji mo\u017cemy zapewni\u0107 podstawowy przegl\u0105d DFM, aby wcze\u015bnie wychwyci\u0107 problemy z kompatybilno\u015bci\u0105 i zmniejszy\u0107 ryzyko op\u00f3\u017anienia harmonogramu.<\/p>\n\n\t\t<\/div>\n\t<\/div>\n<\/div><\/div><\/div><div class=\"wpb_column vc_column_container vc_col-sm-6\"><div class=\"vc_column-inner\"><div class=\"wpb_wrapper\">\n\t<div class=\"wpb_text_column wpb_content_element vc_custom_1555666442525\" >\n\t\t<div class=\"wpb_wrapper\">\n\t\t\t<p><strong>Softwara<\/strong><\/p>\n\n\t\t<\/div>\n\t<\/div>\n\n\t<div class=\"wpb_text_column wpb_content_element vc_custom_1555666456356\" >\n\t\t<div class=\"wpb_wrapper\">\n\t\t\t<ul style=\"color: #cccccc;\">\n<li>ALTIUM DESIGNER<\/li>\n<li>CADENCE ALLEGRO<\/li>\n<li>AUTODESK EAGLE<\/li>\n<li>MENTOR XPEDITION<\/li>\n<li>PODK\u0141ADKI MENTORSKIE<\/li>\n<\/ul>\n\n\t\t<\/div>\n\t<\/div>\n<\/div><\/div><\/div><div class=\"wpb_column vc_column_container vc_col-sm-6\"><div class=\"vc_column-inner\"><div class=\"wpb_wrapper\">\n\t<div class=\"wpb_text_column wpb_content_element vc_custom_1555666482916\" >\n\t\t<div class=\"wpb_wrapper\">\n\t\t\t\n\t\t<\/div>\n\t<\/div>\n\n\t<div class=\"wpb_text_column wpb_content_element vc_custom_1555666471340\" >\n\t\t<div class=\"wpb_wrapper\">\n\t\t\t<ul style=\"color: #cccccc;\">\n<li>RF<\/li>\n<li>ANALOG<\/li>\n<li>SZYBKA CYFROWA<\/li>\n<li>VIDEO<\/li>\n<li>AUDIO<\/li>\n<li>ZASILACZE<\/li>\n<li>PISANIE NARZ\u0118DZI<\/li>\n<li>PRZEGL\u0104D DFM<\/li>\n<\/ul>\n\n\t\t<\/div>\n\t<\/div>\n<\/div><\/div><\/div><div class=\"wpb_column vc_column_container vc_col-sm-12\"><div class=\"vc_column-inner\"><div class=\"wpb_wrapper\">\n\t<div class=\"wpb_text_column wpb_content_element vc_custom_1555666520230\" >\n\t\t<div class=\"wpb_wrapper\">\n\t\t\t<p><strong>PRODUKCJA I US\u0141UGI LABORATORYJNE<\/strong><\/p>\n\n\t\t<\/div>\n\t<\/div>\n\n\t<div class=\"wpb_text_column wpb_content_element vc_custom_1555666536892\" >\n\t\t<div class=\"wpb_wrapper\">\n\t\t\t<p>Langir dostarcza p\u0142yty sztywne, sztywno-gi\u0119tkie i gi\u0119tkie w szybkim tempie, korzystaj\u0105c z danych produkcyjnych stworzonych przez nasz wewn\u0119trzny zesp\u00f3\u0142 projektowy lub bezpo\u015brednio od klienta.<\/p>\n<p>Rozwin\u0119li\u015bmy trwa\u0142e relacje z producentami i monta\u017cystami i nadal budujemy partnerstwa z nowymi dostawcami. Umo\u017cliwia nam to dostarczanie wysokiej jako\u015bci produkt\u00f3w w konkurencyjnych cenach.<\/p>\n<p>Nasz zesp\u00f3\u0142 projektant\u00f3w i kierownik\u00f3w programu wsp\u00f3\u0142pracuje ze sob\u0105, aby zapewni\u0107 mo\u017cliwo\u015b\u0107 realizacji projekt\u00f3w przed uko\u0144czeniem uk\u0142adu.<\/p>\n<p>Wst\u0119pne wyceny i zaawansowane zaopatrzenie w komponenty o d\u0142ugim czasie realizacji sprawiaj\u0105, \u017ce harmonogramy klient\u00f3w stale przesuwaj\u0105 si\u0119 od projektu do produkcji.<\/p>\n\n\t\t<\/div>\n\t<\/div>\n<\/div><\/div><\/div><div class=\"wpb_column vc_column_container vc_col-sm-6\"><div class=\"vc_column-inner\"><div class=\"wpb_wrapper\">\n\t<div class=\"wpb_text_column wpb_content_element vc_custom_1555666577732\" >\n\t\t<div class=\"wpb_wrapper\">\n\t\t\t<ul style=\"color: #cccccc;\">\n<li>WERSJE PUDE\u0141KOWE\/PRODUKTY BETA<\/li>\n<li>MODYFIKACJA OBUDOWY I PODWOZIA<\/li>\n<li>OPAKOWANIA NIESTANDARDOWE<\/li>\n<li>KRAJOWY\/MI\u0118DZYNARODOWY<\/li>\n<li>WYSY\u0141KA<\/li>\n<li>NIESTANDARDOWY SPRZ\u0118T LABORATORYJNY<\/li>\n<\/ul>\n\n\t\t<\/div>\n\t<\/div>\n<\/div><\/div><\/div><div class=\"wpb_column vc_column_container vc_col-sm-6\"><div class=\"vc_column-inner\"><div class=\"wpb_wrapper\">\n\t<div class=\"wpb_text_column wpb_content_element vc_custom_1555666588963\" >\n\t\t<div class=\"wpb_wrapper\">\n\t\t\t<ul style=\"color: #cccccc;\">\n<li>WSPARCIE PROTOTYPU<\/li>\n<li>PRODUKCJA FPC I PCB<\/li>\n<li>ZAKUP KOMPONENT\u00d3W<\/li>\n<li>PRODUKCJA MECHANICZNA<\/li>\n<li>SZYBKIE ZAKR\u0118TY<\/li>\n<li>WST\u0118PNE CYTATY<\/li>\n<li>\u017b\u0104DANIA STOSU<\/li>\n<\/ul>\n\n\t\t<\/div>\n\t<\/div>\n<\/div><\/div><\/div><div class=\"wpb_column vc_column_container vc_col-sm-12\"><div class=\"vc_column-inner\"><div class=\"wpb_wrapper\">\n<div class=\"vc-zigzag-wrapper vc-zigzag-align-center\"><div class=\"vc-zigzag-inner\" style=\"width: 100%;min-height: 14px;background: 0 repeat-x url(&#039;data:image\/svg+xml;utf-8,%3C%3Fxml%20version%3D%221.0%22%20encoding%3D%22utf-8%22%3F%3E%3C%21DOCTYPE%20svg%20PUBLIC%20%22-%2F%2FW3C%2F%2FDTD%20SVG%201.1%2F%2FEN%22%20%22http%3A%2F%2Fwww.w3.org%2FGraphics%2FSVG%2F1.1%2FDTD%2Fsvg11.dtd%22%3E%3Csvg%20width%3D%2214px%22%20height%3D%2212px%22%20viewBox%3D%220%200%2018%2015%22%20version%3D%221.1%22%20xmlns%3D%22http%3A%2F%2Fwww.w3.org%2F2000%2Fsvg%22%20xmlns%3Axlink%3D%22http%3A%2F%2Fwww.w3.org%2F1999%2Fxlink%22%3E%3Cpolygon%20id%3D%22Combined-Shape%22%20fill%3D%22%23ebebeb%22%20points%3D%228.98762301%200%200%209.12771969%200%2014.519983%209%205.40479869%2018%2014.519983%2018%209.12771969%22%3E%3C%2Fpolygon%3E%3C%2Fsvg%3E&#039;);\"><\/div><\/div><\/div><\/div><\/div><div class=\"wpb_column vc_column_container vc_col-sm-6\"><div class=\"vc_column-inner\"><div class=\"wpb_wrapper\">\n\t<div class=\"wpb_text_column wpb_content_element vc_custom_1555666726908\" >\n\t\t<div class=\"wpb_wrapper\">\n\t\t\t<p><img decoding=\"async\" class=\"size-full wp-image-6067\" src=\"https:\/\/www.langir.com\/wp-content\/uploads\/2019\/03\/electronic-design-solutions-5.jpg\" alt=\"Elektroniczne rozwi\u0105zania projektowe\" width=\"800\" height=\"400\" \/><\/p>\n\n\t\t<\/div>\n\t<\/div>\n<\/div><\/div><\/div><div class=\"wpb_column vc_column_container vc_col-sm-6\"><div class=\"vc_column-inner\"><div class=\"wpb_wrapper\">\n\t<div class=\"wpb_text_column wpb_content_element vc_custom_1555666744247\" >\n\t\t<div class=\"wpb_wrapper\">\n\t\t\t<p><img loading=\"lazy\" decoding=\"async\" class=\"size-full wp-image-6070\" src=\"https:\/\/www.langir.com\/wp-content\/uploads\/2019\/03\/electronic-design-solutions-2.jpg\" alt=\"Elektroniczne rozwi\u0105zania projektowe\" width=\"800\" height=\"400\" \/><\/p>\n\n\t\t<\/div>\n\t<\/div>\n<\/div><\/div><\/div><div class=\"wpb_column vc_column_container vc_col-sm-6\"><div class=\"vc_column-inner\"><div class=\"wpb_wrapper\">\n\t<div class=\"wpb_text_column wpb_content_element vc_custom_1555666758605\" >\n\t\t<div class=\"wpb_wrapper\">\n\t\t\t<p><img loading=\"lazy\" decoding=\"async\" class=\"size-full wp-image-6071\" src=\"https:\/\/www.langir.com\/wp-content\/uploads\/2019\/03\/electronic-design-solutions-3.jpg\" alt=\"Elektroniczne rozwi\u0105zania projektowe\" width=\"800\" height=\"400\" \/><\/p>\n\n\t\t<\/div>\n\t<\/div>\n<\/div><\/div><\/div><div class=\"wpb_column vc_column_container vc_col-sm-6\"><div class=\"vc_column-inner\"><div class=\"wpb_wrapper\">\n\t<div class=\"wpb_text_column wpb_content_element vc_custom_1555666773142\" >\n\t\t<div class=\"wpb_wrapper\">\n\t\t\t<p><img loading=\"lazy\" decoding=\"async\" class=\"size-full wp-image-6141\" title=\"Elektroniczne rozwi\u0105zania projektowe\" src=\"https:\/\/www.langir.com\/wp-content\/uploads\/2019\/04\/electronic-design-solutions-6.jpg\" alt=\"Elektroniczne rozwi\u0105zania projektowe\" width=\"800\" height=\"400\" \/><\/p>\n\n\t\t<\/div>\n\t<\/div>\n<\/div><\/div><\/div><div class=\"wpb_column vc_column_container vc_col-sm-6\"><div class=\"vc_column-inner\"><div class=\"wpb_wrapper\">\n\t<div class=\"wpb_text_column wpb_content_element vc_custom_1555666791076\" >\n\t\t<div class=\"wpb_wrapper\">\n\t\t\t<p><img loading=\"lazy\" decoding=\"async\" class=\"size-full wp-image-6069\" src=\"https:\/\/www.langir.com\/wp-content\/uploads\/2019\/03\/electronic-design-solutions-1.jpg\" alt=\"Elektroniczne rozwi\u0105zania projektowe\" width=\"800\" height=\"400\" \/><\/p>\n\n\t\t<\/div>\n\t<\/div>\n<\/div><\/div><\/div><div class=\"wpb_column vc_column_container vc_col-sm-6\"><div class=\"vc_column-inner\"><div class=\"wpb_wrapper\">\n\t<div class=\"wpb_text_column wpb_content_element vc_custom_1555666807725\" >\n\t\t<div class=\"wpb_wrapper\">\n\t\t\t<p><img loading=\"lazy\" decoding=\"async\" class=\"size-full wp-image-6142\" title=\"Elektroniczne rozwi\u0105zania projektowe\" src=\"https:\/\/www.langir.com\/wp-content\/uploads\/2019\/04\/electronic-design-solutions-4.jpg\" alt=\"Elektroniczne rozwi\u0105zania projektowe\" width=\"800\" height=\"400\" \/><\/p>\n\n\t\t<\/div>\n\t<\/div>\n<\/div><\/div><\/div><div class=\"wpb_column vc_column_container vc_col-sm-12\"><div class=\"vc_column-inner\"><div class=\"wpb_wrapper\">\n<div class=\"vc-zigzag-wrapper vc-zigzag-align-center\"><div class=\"vc-zigzag-inner\" style=\"width: 100%;min-height: 14px;background: 0 repeat-x url(&#039;data:image\/svg+xml;utf-8,%3C%3Fxml%20version%3D%221.0%22%20encoding%3D%22utf-8%22%3F%3E%3C%21DOCTYPE%20svg%20PUBLIC%20%22-%2F%2FW3C%2F%2FDTD%20SVG%201.1%2F%2FEN%22%20%22http%3A%2F%2Fwww.w3.org%2FGraphics%2FSVG%2F1.1%2FDTD%2Fsvg11.dtd%22%3E%3Csvg%20width%3D%2214px%22%20height%3D%2212px%22%20viewBox%3D%220%200%2018%2015%22%20version%3D%221.1%22%20xmlns%3D%22http%3A%2F%2Fwww.w3.org%2F2000%2Fsvg%22%20xmlns%3Axlink%3D%22http%3A%2F%2Fwww.w3.org%2F1999%2Fxlink%22%3E%3Cpolygon%20id%3D%22Combined-Shape%22%20fill%3D%22%23ebebeb%22%20points%3D%228.98762301%200%200%209.12771969%200%2014.519983%209%205.40479869%2018%2014.519983%2018%209.12771969%22%3E%3C%2Fpolygon%3E%3C%2Fsvg%3E&#039;);\"><\/div><\/div>\n\t<div class=\"wpb_text_column wpb_content_element\" >\n\t\t<div class=\"wpb_wrapper\">\n\t\t\t<p><iframe style=\"width: 100%; border: none;\" title=\"Wbudowany formularz Wufoo\" src=\"https:\/\/langir.wufoo.com\/embed\/zcdgace1ql3iv4\/\" height=\"766\" frameborder=\"0\" scrolling=\"no\" sandbox=\"allow-popups-to-escape-sandbox allow-top-navigation allow-scripts allow-popups allow-forms allow-same-origin\"> <a href=\"https:\/\/langir.wufoo.com\/forms\/zcdgace1ql3iv4\/\" target=\"_blank\" rel=\"noopener\">Wype\u0142nij m\u00f3j formularz Wufoo!<\/a> <\/iframe><\/p>\n\n\t\t<\/div>\n\t<\/div>\n<\/div><\/div><\/div><\/div>\n<\/div>","protected":false},"excerpt":{"rendered":"Customized Products Request Quotation brochure rohs ce PCB Design Services PCB LAYOUT SYMBOL CREATION SCHEMATIC CAPTURE TOOL SCRIPTING IPC CERTIFIED DESIGNERS Manufacturing &amp; Lab Services QUICK TURN PROTOTYPES INVENTORY MANAGEMENT IN HOUSE ASSEMBLY REWORK BOX BUILDS CUSTOM PACKAGING HARDWARE PROGRAMMING FUNCTIONAL TESTING Langir offers the complete solution for your company PCB DESIGN SERVICES Langir has [...]","protected":false},"author":1,"featured_media":7430,"parent":0,"menu_order":36,"comment_status":"closed","ping_status":"closed","template":"page-default.php","meta":{"_acf_changed":false,"_metasync_otto_title":"","_metasync_otto_description":"","_metasync_otto_keywords":"","_metasync_otto_og_title":"","_metasync_otto_og_description":"","_metasync_otto_twitter_title":"","_metasync_otto_twitter_description":"","rank_math_title":"","rank_math_description":"All Langir designers have a broad range of expertise, from simple interconnect to highly complex boards.","_yoast_wpseo_title":"","_yoast_wpseo_metadesc":"","_aioseo_title":"","_aioseo_description":"","_metasync_seo_title":"","_metasync_seo_desc":"","_metasync_breadcrumb_title":"","_metasync_primary_category":0,"_metasync_primary_product_cat":0,"_metasync_otto_disabled":"","_metasync_hreflang":"","footnotes":""},"class_list":["post-7432","page","type-page","status-publish","has-post-thumbnail","hentry","entry"],"acf":[],"post_mailing_queue_ids":[],"_links":{"self":[{"href":"https:\/\/www.langir.com\/pl\/wp-json\/wp\/v2\/pages\/7432","targetHints":{"allow":["GET"]}}],"collection":[{"href":"https:\/\/www.langir.com\/pl\/wp-json\/wp\/v2\/pages"}],"about":[{"href":"https:\/\/www.langir.com\/pl\/wp-json\/wp\/v2\/types\/page"}],"author":[{"embeddable":true,"href":"https:\/\/www.langir.com\/pl\/wp-json\/wp\/v2\/users\/1"}],"replies":[{"embeddable":true,"href":"https:\/\/www.langir.com\/pl\/wp-json\/wp\/v2\/comments?post=7432"}],"version-history":[{"count":1,"href":"https:\/\/www.langir.com\/pl\/wp-json\/wp\/v2\/pages\/7432\/revisions"}],"predecessor-version":[{"id":16174,"href":"https:\/\/www.langir.com\/pl\/wp-json\/wp\/v2\/pages\/7432\/revisions\/16174"}],"wp:featuredmedia":[{"embeddable":true,"href":"https:\/\/www.langir.com\/pl\/wp-json\/wp\/v2\/media\/7430"}],"wp:attachment":[{"href":"https:\/\/www.langir.com\/pl\/wp-json\/wp\/v2\/media?parent=7432"}],"curies":[{"name":"wp","href":"https:\/\/api.w.org\/{rel}","templated":true}]}}