{"id":7449,"date":"2019-11-21T08:50:32","date_gmt":"2019-11-21T08:50:32","guid":{"rendered":"https:\/\/www.langir.com\/?page_id=7449"},"modified":"2020-08-31T07:22:55","modified_gmt":"2020-08-31T07:22:55","slug":"jobs-careers","status":"publish","type":"page","link":"https:\/\/www.langir.com\/pl\/jobs-careers\/","title":{"rendered":"Praca i kariera"},"content":{"rendered":"<div class=\"wpb-content-wrapper\"><div class=\"vc_row wpb_row vc_row-fluid\"><div class=\"wpb_column vc_column_container vc_col-sm-12\"><div class=\"vc_column-inner\"><div class=\"wpb_wrapper\">\n\t<div class=\"wpb_text_column wpb_content_element vc_custom_1428396705815\" >\n\t\t<div class=\"wpb_wrapper\">\n\t\t\t<p>W LANGIR jeste\u015bmy przekonani, \u017ce ludzie s\u0105 kluczem do naszego sukcesu.<\/p>\n\n\t\t<\/div>\n\t<\/div>\n\n\t<div class=\"wpb_text_column wpb_content_element\" >\n\t\t<div class=\"wpb_wrapper\">\n\t\t\t<p>W LANGIR znajdziesz stale zmieniaj\u0105ce si\u0119 i satysfakcjonuj\u0105ce \u015brodowisko pracy. Dajemy Ci mo\u017cliwo\u015bci kariery na ca\u0142ym \u015bwiecie, aby\u015b m\u00f3g\u0142 stawia\u0107 sobie wyzwania i zdobywa\u0107 nowe umiej\u0119tno\u015bci.<\/p>\n\n\t\t<\/div>\n\t<\/div>\n\n\t<div class=\"wpb_text_column wpb_content_element\" >\n\t\t<div class=\"wpb_wrapper\">\n\t\t\t<p>Nieustannie poszukujemy talent\u00f3w, kt\u00f3re s\u0105 elastyczne w sposobie my\u015blenia i dzia\u0142ania; przysz\u0142ych wsp\u00f3\u0142pracownik\u00f3w, kt\u00f3rzy lubi\u0105 innowacje i s\u0105 zmotywowani do do\u0142\u0105czenia do dynamicznego \u015brodowiska pracy, kt\u00f3re ceni prac\u0119 zespo\u0142ow\u0105, przedsi\u0119biorczo\u015b\u0107 i otwarto\u015b\u0107.<\/p>\n\n\t\t<\/div>\n\t<\/div>\n<\/div><\/div><\/div><\/div><div class=\"vc_row wpb_row vc_row-fluid\"><div class=\"wpb_column vc_column_container vc_col-sm-12\"><div class=\"vc_column-inner\"><div class=\"wpb_wrapper\">\n\t<div class=\"wpb_text_column wpb_content_element\" >\n\t\t<div class=\"wpb_wrapper\">\n\t\t\t<p><strong>Otwarte pozycje<\/strong><\/p>\n\n\t\t<\/div>\n\t<\/div>\n<\/div><\/div><\/div><\/div><div class=\"vc_row wpb_row vc_row-fluid jobscareers\"><div class=\"wpb_column vc_column_container vc_col-sm-4\"><div class=\"vc_column-inner\"><div class=\"wpb_wrapper\">\n\t<div class=\"wpb_raw_code wpb_raw_html wpb_content_element\" >\n\t\t<div class=\"wpb_wrapper\">\n\t\t\t<h4><span style=\"color: #ff0000;\">Absolwenci<\/span><\/h4>\n<p>Wenzhou, Chiny<br>\n13 kwietnia 2015 r.<\/p>\n\t\t<\/div>\n\t<\/div>\n<\/div><\/div><\/div><div class=\"wpb_column vc_column_container vc_col-sm-8\"><div class=\"vc_column-inner\"><div class=\"wpb_wrapper\">\n\t<div class=\"wpb_text_column wpb_content_element\" >\n\t\t<div class=\"wpb_wrapper\">\n\t\t\t<p>Absolwenci kierunku zarz\u0105dzanie, handel mi\u0119dzynarodowy lub automatyka.<\/p>\n<ul>\n<li>gorliwy w handlu mi\u0119dzynarodowym, przemy\u015ble mechanicznym i sprzeda\u017cy online.<\/li>\n<li>Wra\u017cliwy na rynek, lojalny wobec marki.<\/li>\n<li>ci\u0119\u017cko pracowa\u0107.<\/li>\n<li>skromny i ch\u0119tny do nauki nowych rzeczy.<\/li>\n<li>solidna wiedza zawodowa, silna samodyscyplina<\/li>\n<\/ul>\n\n\t\t<\/div>\n\t<\/div>\n<\/div><\/div><\/div><\/div><div class=\"vc_row wpb_row vc_row-fluid jobscareers\"><div class=\"wpb_column vc_column_container vc_col-sm-4\"><div class=\"vc_column-inner\"><div class=\"wpb_wrapper\">\n\t<div class=\"wpb_raw_code wpb_raw_html wpb_content_element\" >\n\t\t<div class=\"wpb_wrapper\">\n\t\t\t<h4><span style=\"color: #ff0000;\">Kierownik ds. kontroli jako\u015bci<\/span><\/h4>\n<p>Wenzhou, Chiny<br>\n15 kwietnia 2015 r.<\/p>\n\t\t<\/div>\n\t<\/div>\n<\/div><\/div><\/div><div class=\"wpb_column vc_column_container vc_col-sm-8\"><div class=\"vc_column-inner\"><div class=\"wpb_wrapper\">\n\t<div class=\"wpb_text_column wpb_content_element\" >\n\t\t<div class=\"wpb_wrapper\">\n\t\t\t<p>Opis:<\/p>\n<ul>\n<li>Wdro\u017cenie wska\u017anika jako\u015bci, opracowanie zasad i przepis\u00f3w QC, ustanowienie systemu zarz\u0105dzania jako\u015bci\u0105<\/li>\n<li>Edytowanie, sprawdzanie i wype\u0142nianie r\u00f3\u017cnych instrukcji obs\u0142ugi<\/li>\n<li>Testowanie pr\u00f3bek, zam\u00f3wie\u0144 i niezakwalifikowanych produkt\u00f3w<\/li>\n<li>Pomoc w wyborze wykwalifikowanych dostawc\u00f3w<\/li>\n<li>Dokonywanie analizy stanu kontroli jako\u015bci, podejmowanie dzia\u0142a\u0144 w celu poprawy i zapobiegania wszelkim b\u0142\u0119dom w jako\u015bci.<\/li>\n<li>Organizowanie regularnych spotka\u0144, raportowanie dyrektorowi generalnemu stanu kontroli jako\u015bci i udzielanie profesjonalnych porad<\/li>\n<\/ul>\n\n\t\t<\/div>\n\t<\/div>\n<\/div><\/div><\/div><\/div><div class=\"vc_row wpb_row vc_row-fluid jobscareers\"><div class=\"wpb_column vc_column_container vc_col-sm-4\"><div class=\"vc_column-inner\"><div class=\"wpb_wrapper\">\n\t<div class=\"wpb_raw_code wpb_raw_html wpb_content_element\" >\n\t\t<div class=\"wpb_wrapper\">\n\t\t\t<h4><span style=\"color: #ff0000;\">Sprzeda\u017c mi\u0119dzynarodowa<\/span><\/h4>\n<p>Wenzhou, Chiny<br>\n15 kwietnia 2015 r.<\/p>\n\t\t<\/div>\n\t<\/div>\n<\/div><\/div><\/div><div class=\"wpb_column vc_column_container vc_col-sm-8\"><div class=\"vc_column-inner\"><div class=\"wpb_wrapper\">\n\t<div class=\"wpb_text_column wpb_content_element\" >\n\t\t<div class=\"wpb_wrapper\">\n\t\t\t<p>Kwalifikacje:<\/p>\n<ul>\n<li>Licencjat z marketingu, handlu mi\u0119dzynarodowego lub j\u0119zyka angielskiego.<\/li>\n<li>Co najmniej 2-letnie do\u015bwiadczenie zawodowe w dziedzinie sprz\u0119tu komputerowego, mechanicznego lub elektrycznego.<\/li>\n<li>Umiej\u0119tno\u015bci w zakresie marketingu, promocji produkt\u00f3w, handlu zagranicznego i obs\u0142ugi komputera.<\/li>\n<li>Znajomo\u015b\u0107 eksploracji rynk\u00f3w zamorskich i procesu handlu zagranicznego<\/li>\n<li>Wnikliwy wgl\u0105d w rynek i umiej\u0119tno\u015b\u0107 planowania sprzeda\u017cy<\/li>\n<li>Imponuj\u0105ce umiej\u0119tno\u015bci pisania, m\u00f3wienia i rozumienia w j\u0119zyku angielskim i chi\u0144skim<\/li>\n<\/ul>\n\n\t\t<\/div>\n\t<\/div>\n<\/div><\/div><\/div><\/div><div class=\"vc_row wpb_row vc_row-fluid\"><div class=\"wpb_column vc_column_container vc_col-sm-4\"><div class=\"vc_column-inner\"><div class=\"wpb_wrapper\">\n\t<div class=\"wpb_raw_code wpb_raw_js\" >\n\t\t<div class=\"wpb_wrapper\">\n\t\t\t<h4><span style=\"color: #ff0000;\">Mened\u017cer ds. eksportu<\/span><\/h4>\n<p>Wenzhou, Chiny<br>\n15 kwietnia 2015 r.<\/p>\n\t\t<\/div>\n\t<\/div>\n\n\t<div class=\"wpb_text_column wpb_content_element\" >\n\t\t<div class=\"wpb_wrapper\">\n\t\t\t\n\t\t<\/div>\n\t<\/div>\n<\/div><\/div><\/div><div class=\"wpb_column vc_column_container vc_col-sm-8\"><div class=\"vc_column-inner\"><div class=\"wpb_wrapper\">\n\t<div class=\"wpb_text_column wpb_content_element\" >\n\t\t<div class=\"wpb_wrapper\">\n\t\t\t<p>Poszukujemy kierownik\u00f3w ds. eksportu z ponad 2-letnim do\u015bwiadczeniem zawodowym w dziedzinie sprz\u0119tu, mechaniki i elektryki. To stanowisko zapewni Ci wiele mo\u017cliwo\u015bci awansu.<br \/>\n<strong>Kluczowe atrybuty:<\/strong><\/p>\n<ul>\n<li>Do\u015bwiadczenie zawodowe: 1-3 lata<\/li>\n<li>Wykszta\u0142cenie: licencjat<\/li>\n<li>Do\u015bwiadczenie na stanowisku kierowniczym : BRAK WYMAGA\u0143<\/li>\n<li>Status: Pe\u0142ny etat<\/li>\n<\/ul>\n\n\t\t<\/div>\n\t<\/div>\n<\/div><\/div><\/div><\/div>\n<\/div>","protected":false},"excerpt":{"rendered":"At LANGIR we are convinced that people are the key to our success. At LANGIR you will find an ever-changing and rewarding work environment. We give you career opportunities around the world to challenge yourself and to learn new skills. We are continuously looking for talents that are flexible in the way they think and [...]","protected":false},"author":1,"featured_media":7439,"parent":0,"menu_order":32,"comment_status":"closed","ping_status":"closed","template":"page-default.php","meta":{"_acf_changed":false,"_metasync_otto_title":"","_metasync_otto_description":"","rank_math_title":"%title% | Electric Switches - %sitename%","rank_math_description":"At LANGIR you will find an rewarding work environment. We give you career opportunities around the world to challenge yourself.","_yoast_wpseo_title":"","_yoast_wpseo_metadesc":"","footnotes":""},"class_list":["post-7449","page","type-page","status-publish","has-post-thumbnail","hentry","entry"],"acf":[],"post_mailing_queue_ids":[],"_links":{"self":[{"href":"https:\/\/www.langir.com\/pl\/wp-json\/wp\/v2\/pages\/7449","targetHints":{"allow":["GET"]}}],"collection":[{"href":"https:\/\/www.langir.com\/pl\/wp-json\/wp\/v2\/pages"}],"about":[{"href":"https:\/\/www.langir.com\/pl\/wp-json\/wp\/v2\/types\/page"}],"author":[{"embeddable":true,"href":"https:\/\/www.langir.com\/pl\/wp-json\/wp\/v2\/users\/1"}],"replies":[{"embeddable":true,"href":"https:\/\/www.langir.com\/pl\/wp-json\/wp\/v2\/comments?post=7449"}],"version-history":[{"count":0,"href":"https:\/\/www.langir.com\/pl\/wp-json\/wp\/v2\/pages\/7449\/revisions"}],"wp:featuredmedia":[{"embeddable":true,"href":"https:\/\/www.langir.com\/pl\/wp-json\/wp\/v2\/media\/7439"}],"wp:attachment":[{"href":"https:\/\/www.langir.com\/pl\/wp-json\/wp\/v2\/media?parent=7449"}],"curies":[{"name":"wp","href":"https:\/\/api.w.org\/{rel}","templated":true}]}}