{"id":7463,"date":"2019-11-21T08:58:30","date_gmt":"2019-11-21T08:58:30","guid":{"rendered":"https:\/\/www.langir.com\/?page_id=7463"},"modified":"2026-03-30T08:51:20","modified_gmt":"2026-03-30T08:51:20","slug":"privacy-policy","status":"publish","type":"page","link":"https:\/\/www.langir.com\/pl\/privacy-policy\/","title":{"rendered":"Polityka prywatno\u015bci"},"content":{"rendered":"<div class=\"wpb-content-wrapper\"><div class=\"vc_row wpb_row vc_row-fluid\"><div class=\"wpb_column vc_column_container vc_col-sm-12\"><div class=\"vc_column-inner\"><div class=\"wpb_wrapper\">\n\t<div class=\"wpb_text_column wpb_content_element vc_custom_1426432726294\" >\n\t\t<div class=\"wpb_wrapper\">\n\t\t\t<h3 style=\"text-align: center;\">WARUNKI U\u017bYTKOWANIA<\/h3>\n\n\t\t<\/div>\n\t<\/div>\n\n\t<div class=\"wpb_text_column wpb_content_element\" >\n\t\t<div class=\"wpb_wrapper\">\n\t\t\t<p><strong style=\"color: #000;\">Informacja o prawach autorskich<\/strong><\/p>\n<div id=\"xunlei_com_thunder_helper_plugin_d462f475-c18e-46be-bd10-327458d045bd\"><\/div>\n\n\t\t<\/div>\n\t<\/div>\n\n\t<div class=\"wpb_text_column wpb_content_element vc_custom_1774860608072\" >\n\t\t<div class=\"wpb_wrapper\">\n\t\t\t<p>Zawarto\u015b\u0107 strony internetowej jest chroniona prawami autorskimi \u00a9 2015 LANGIR (lub jej sp\u00f3\u0142ek zale\u017cnych, je\u015bli tak wskazano i\/lub jej licencjodawc\u00f3w), 2F, No.10 Longhe East Road, Liushi, Wenzhou, Zhejiang, Chiny 325604 Wszelkie prawa zastrze\u017cone.<\/p>\n\n\t\t<\/div>\n\t<\/div>\n\n\t<div class=\"wpb_text_column wpb_content_element vc_custom_1426429652776\" >\n\t\t<div class=\"wpb_wrapper\">\n\t\t\t<p>Informacje na stronie internetowej, w tym mi\u0119dzy innymi tekst, obrazy i d\u017awi\u0119k, nie mog\u0105 by\u0107 powielane, przekazywane, rozpowszechniane ani przechowywane bez uprzedniej pisemnej zgody LANGIR, z wyj\u0105tkiem cel\u00f3w \u015bci\u015ble prywatnych lub gdy wskazano inaczej. Modyfikacje zawarto\u015bci strony internetowej s\u0105 wyra\u017anie zabronione. Niekt\u00f3re cz\u0119\u015bci strony internetowej zawieraj\u0105 obrazy, kt\u00f3re podlegaj\u0105 prawom autorskim ich dostawc\u00f3w.<\/p>\n\n\t\t<\/div>\n\t<\/div>\n\n\t<div class=\"wpb_text_column wpb_content_element vc_custom_1426478451014\" >\n\t\t<div class=\"wpb_wrapper\">\n\t\t\t<p><strong style=\"color: #000;\">Znaki towarowe<\/strong> <\/p>\n\n\t\t<\/div>\n\t<\/div>\n\n\t<div class=\"wpb_text_column wpb_content_element\" >\n\t\t<div class=\"wpb_wrapper\">\n\t\t\t<p>O ile nie wskazano inaczej na stronie internetowej, wy\u015bwietlane znaki, logo firmowe i emblematy podlegaj\u0105 prawom do znak\u00f3w towarowych LANGIR (lub jej sp\u00f3\u0142ek zale\u017cnych).<\/p>\n\n\t\t<\/div>\n\t<\/div>\n\n\t<div class=\"wpb_text_column wpb_content_element\" >\n\t\t<div class=\"wpb_wrapper\">\n\t\t\t<p><strong style=\"color: #000;\">BRAK GWARANCJI LUB O\u015aWIADCZE\u0143<\/strong> <\/p>\n\n\t\t<\/div>\n\t<\/div>\n\n\t<div class=\"wpb_text_column wpb_content_element\" >\n\t\t<div class=\"wpb_wrapper\">\n\t\t\t<p>INFORMACJE NA TEJ STRONIE INTERNETOWEJ S\u0104 DOSTARCZANE W STANIE, W JAKIM SI\u0118 ZNAJDUJ\u0104. W \u017bADNYM WYPADKU LANGIR ELECTRIC NIE B\u0118DZIE PONOSI\u0106 ODPOWIEDZIALNO\u015aCI WOBEC JAKIEJKOLWIEK STRONY ZA JAKIEKOLWIEK BEZPO\u015aREDNIE, PO\u015aREDNIE, SZCZEG\u00d3LNE LUB INNE SZKODY WYNIKOWE Z TYTU\u0141U KORZYSTANIA Z NINIEJSZEJ STRONY INTERNETOWEJ LUB JAKIEJKOLWIEK INNEJ STRONY INTERNETOWEJ, DO KT\u00d3REJ PROWADZ\u0104 HIPER\u0141\u0104CZA, W TYM MI\u0118DZY INNYMI ZA WSZELKIE UTRACONE ZYSKI, PRZERWY W DZIA\u0141ALNO\u015aCI, UTRAT\u0118 PROGRAM\u00d3W LUB INNYCH DANYCH W SYSTEMIE PRZETWARZANIA INFORMACJI LUB W INNY SPOS\u00d3B, NAWET JE\u015aLI ZOSTANIEMY WYRA\u0179NIE POINFORMOWANI O MO\u017bLIWO\u015aCI WYST\u0104PIENIA TAKICH SZK\u00d3D.<\/p>\n\n\t\t<\/div>\n\t<\/div>\n\n\t<div class=\"wpb_text_column wpb_content_element\" >\n\t\t<div class=\"wpb_wrapper\">\n\t\t\t<p>LANGIR nie udziela \u017cadnych gwarancji ani nie sk\u0142ada \u017cadnych o\u015bwiadcze\u0144 dotycz\u0105cych innych stron internetowych, do kt\u00f3rych mo\u017cna uzyska\u0107 dost\u0119p za po\u015brednictwem niniejszej strony. Takie gwarancje i \/ lub o\u015bwiadczenia s\u0105 dostarczane wy\u0142\u0105cznie dla wygody i nie oznaczaj\u0105, \u017ce LANGIR popiera lub przyjmuje jak\u0105kolwiek odpowiedzialno\u015b\u0107 za zawarto\u015b\u0107 lub korzystanie z takiej strony internetowej. Ponadto do u\u017cytkownika nale\u017cy podj\u0119cie \u015brodk\u00f3w ostro\u017cno\u015bci i upewnienie si\u0119, \u017ce cokolwiek wybierze do u\u017cytku, jest wolne od takich element\u00f3w, jak wirusy, robaki, konie troja\u0144skie i inne elementy o charakterze destrukcyjnym. Informacje na tej stronie internetowej mog\u0105 zawiera\u0107 nie\u015bcis\u0142o\u015bci techniczne lub b\u0142\u0119dy typograficzne. Informacje zawarte na tej stronie internetowej mog\u0105 zosta\u0107 zmienione w dowolnym momencie bez wcze\u015bniejszego powiadomienia lub zobowi\u0105zania. Informacje publikowane na stronie internetowej mog\u0105 zawiera\u0107 odniesienia lub odsy\u0142acze do produkt\u00f3w, us\u0142ug itp. firmy LANGIR, kt\u00f3re nie zosta\u0142y og\u0142oszone lub nie s\u0105 dost\u0119pne w danym kraju. Dok\u0142adno\u015b\u0107 takich informacji nie mo\u017ce by\u0107 zagwarantowana, w szczeg\u00f3lno\u015bci dlatego, \u017ce informacje te podlegaj\u0105 zmianom, specyficznym wymaganiom lub dost\u0119pno\u015bci, a takie odniesienia nie oznaczaj\u0105, \u017ce LANGIR zamierza og\u0142osi\u0107 takie produkty, us\u0142ugi itp. w Twoim kraju. W celu uzyskania szczeg\u00f3\u0142owych informacji na temat produkt\u00f3w, us\u0142ug itp., kt\u00f3re mog\u0105 by\u0107 dost\u0119pne w danym kraju oraz w celu z\u0142o\u017cenia zam\u00f3wienia, nale\u017cy skontaktowa\u0107 si\u0119 z lokalnym dealerem.<\/p>\n\n\t\t<\/div>\n\t<\/div>\n\n\t<div class=\"wpb_text_column wpb_content_element\" >\n\t\t<div class=\"wpb_wrapper\">\n\t\t\t<p><strong style=\"color: #000;\">Komentarze, pytania lub sugestie<\/strong> <\/p>\n\n\t\t<\/div>\n\t<\/div>\n\n\t<div class=\"wpb_text_column wpb_content_element\" >\n\t\t<div class=\"wpb_wrapper\">\n\t\t\t<p>Nale\u017cy pami\u0119ta\u0107, \u017ce wszelkie informacje, niezam\u00f3wione sugestie, pomys\u0142y lub inne zg\u0142oszenia nie b\u0119d\u0105 uwa\u017cane za poufne i niezastrze\u017cone. Wysy\u0142aj\u0105c jakiekolwiek informacje lub materia\u0142y, u\u017cytkownik udziela firmie LANGIR i\/lub jej sp\u00f3\u0142kom zale\u017cnym nieograniczonej, nieodwo\u0142alnej licencji na wykorzystywanie, powielanie, wy\u015bwietlanie, wykonywanie, modyfikowanie, przekazywanie i rozpowszechnianie tych materia\u0142\u00f3w lub informacji, a tak\u017ce zgadza si\u0119, \u017ce firma LANGIR i\/lub jej sp\u00f3\u0142ki zale\u017cne mog\u0105 swobodnie wykorzystywa\u0107 wszelkie pomys\u0142y, koncepcje, know-how lub techniki, kt\u00f3re nam przesy\u0142a w dowolnym celu.<\/p>\n\n\t\t<\/div>\n\t<\/div>\n\n\t<div class=\"wpb_text_column wpb_content_element\" >\n\t\t<div class=\"wpb_wrapper\">\n\t\t\t<p><strong style=\"color: #000;\">Konkretne pliki dost\u0119pne na stronie internetowej<\/strong> <\/p>\n\n\t\t<\/div>\n\t<\/div>\n\n\t<div class=\"wpb_text_column wpb_content_element\" >\n\t\t<div class=\"wpb_wrapper\">\n\t\t\t<p>Ka\u017cdy plik, kt\u00f3ry mo\u017ce by\u0107 dost\u0119pny do pobrania z tej strony internetowej, jest chroniony prawami autorskimi firmy LANGIR (lub kt\u00f3rejkolwiek z jej sp\u00f3\u0142ek zale\u017cnych) i\/lub jej dostawc\u00f3w. O ile Umowa Licencyjna nie stanowi inaczej, pliki s\u0105 udost\u0119pniane do pobrania wy\u0142\u0105cznie do u\u017cytku przez u\u017cytkownik\u00f3w ko\u0144cowych. Jakiekolwiek powielanie lub redystrybucja plik\u00f3w niezgodnie z Umow\u0105 Licencyjn\u0105 mo\u017ce skutkowa\u0107 sankcjami cywilnymi i karnymi.<\/p>\n\n\t\t<\/div>\n\t<\/div>\n\n\t<div class=\"wpb_text_column wpb_content_element\" >\n\t\t<div class=\"wpb_wrapper\">\n\t\t\t<p>NIE OGRANICZAJ\u0104C POWY\u017bSZEGO, KOPIOWANIE LUB POWIELANIE TYCH PLIK\u00d3W NA JAKIKOLWIEK INNY SERWER LUB DO INNEJ LOKALIZACJI W CELU DALSZEGO POWIELANIA LUB REDYSTRYBUCJI JEST WYRA\u0179NIE ZABRONIONE. OPROGRAMOWANIE JEST OBJ\u0118TE GWARANCJ\u0104, JE\u015aLI W OG\u00d3LE, WY\u0141\u0104CZNIE ZGODNIE Z WARUNKAMI UMOWY LICENCYJNEJ. LANGIR NINIEJSZYM ZRZEKA SI\u0118 WSZELKICH GWARANCJI I WARUNK\u00d3W W ODNIESIENIU DO PLIK\u00d3W, W TYM WSZELKICH DOROZUMIANYCH GWARANCJI I WARUNK\u00d3W PRZYDATNO\u015aCI HANDLOWEJ, PRZYDATNO\u015aCI DO OKRE\u015aLONEGO CELU, TYTU\u0141U I NIENARUSZANIA PRAW.<\/p>\n\n\t\t<\/div>\n\t<\/div>\n\n\t<div class=\"wpb_text_column wpb_content_element\" >\n\t\t<div class=\"wpb_wrapper\">\n\t\t\t<p><strong style=\"color: #000;\">Jurysdykcja i prawo w\u0142a\u015bciwe<\/strong> <\/p>\n\n\t\t<\/div>\n\t<\/div>\n\n\t<div class=\"wpb_text_column wpb_content_element\" >\n\t\t<div class=\"wpb_wrapper\">\n\t\t\t<p>U\u017cytkownik zgadza si\u0119, \u017ce niniejsza umowa i korzystanie z tej witryny podlegaj\u0105 prawu Chi\u0144skiej Republiki Ludowej. U\u017cytkownik niniejszym wyra\u017ca zgod\u0119 na wy\u0142\u0105czn\u0105 jurysdykcj\u0119 i w\u0142a\u015bciwo\u015b\u0107 s\u0105d\u00f3w, trybuna\u0142\u00f3w, agencji i innych organizacji rozstrzygaj\u0105cych spory w Chi\u0144skiej Republice Ludowej we wszystkich sporach wynikaj\u0105cych z niniejszej witryny i\/lub niniejszej umowy, zwi\u0105zanych z nimi lub w jakikolwiek spos\u00f3b ich dotycz\u0105cych.<\/p>\n\n\t\t<\/div>\n\t<\/div>\n\n\t<div class=\"wpb_text_column wpb_content_element\" >\n\t\t<div class=\"wpb_wrapper\">\n\t\t\t<p><strong style=\"color: #000;\">R\u00f3\u017cne<\/strong> <\/p>\n\n\t\t<\/div>\n\t<\/div>\n\n\t<div class=\"wpb_text_column wpb_content_element\" >\n\t\t<div class=\"wpb_wrapper\">\n\t\t\t<p>U\u017cytkownik zgadza si\u0119, \u017ce LANGIR mo\u017ce w dowolnym czasie i bez uprzedzenia zmieni\u0107 warunki, zasady i powiadomienia, na podstawie kt\u00f3rych ta strona jest oferowana. LANGIR zastrzega sobie prawo, wed\u0142ug w\u0142asnego uznania, do odmowy dost\u0119pu do Strony lub jej cz\u0119\u015bci dowolnej osobie lub u\u017cytkownikowi bez uprzedzenia. U\u017cytkownik zgadza si\u0119, \u017ce nie istnieje \u017cadna relacja joint venture, partnerstwa, zatrudnienia lub agencji mi\u0119dzy u\u017cytkownikiem a LANGIR w wyniku tej umowy lub korzystania z tej strony. Wykonanie niniejszej umowy przez LANGIR podlega obowi\u0105zuj\u0105cemu prawu i procesom prawnym, a \u017cadne z postanowie\u0144 niniejszej umowy nie stanowi odst\u0119pstwa od prawa LANGIR do przestrzegania wniosk\u00f3w organ\u00f3w \u015bcigania lub wymog\u00f3w zwi\u0105zanych z korzystaniem z tej strony lub informacji dostarczonych lub zebranych przez LANGIR w odniesieniu do takiego u\u017cytkowania.<\/p>\n\n\t\t<\/div>\n\t<\/div>\n\n\t<div class=\"wpb_text_column wpb_content_element\" >\n\t\t<div class=\"wpb_wrapper\">\n\t\t\t<p>Niniejsza umowa i Polityka prywatno\u015bci LANGIR stanowi\u0105 ca\u0142o\u015b\u0107 porozumienia mi\u0119dzy u\u017cytkownikiem a LANGIR w odniesieniu do tej strony. Niniejsza umowa i Polityka prywatno\u015bci LANGIR zast\u0119puj\u0105 wszelkie wcze\u015bniejsze lub r\u00f3wnoczesne komunikaty i propozycje, zar\u00f3wno elektroniczne, ustne, jak i pisemne, mi\u0119dzy u\u017cytkownikiem a LANGIR w odniesieniu do tej strony. \u017badna modyfikacja niniejszej umowy nie b\u0119dzie skuteczna, chyba \u017ce jej autorem jest LANGIR lub jego podmioty stowarzyszone, lub je\u015bli nie zostanie fizycznie podpisana przez przedstawiciela LANGIR. Jakiekolwiek domniemane zrzeczenie si\u0119 jakiegokolwiek naruszenia niniejszej umowy nie b\u0119dzie uwa\u017cane za zrzeczenie si\u0119 jakiegokolwiek przysz\u0142ego naruszenia.<\/p>\n\n\t\t<\/div>\n\t<\/div>\n\n\t<div class=\"wpb_text_column wpb_content_element\" >\n\t\t<div class=\"wpb_wrapper\">\n\t\t\t<p><strong style=\"color: #000;\">Kontakt<\/strong> <\/p>\n\n\t\t<\/div>\n\t<\/div>\n\n\t<div class=\"wpb_text_column wpb_content_element\" >\n\t\t<div class=\"wpb_wrapper\">\n\t\t\t<p>W przypadku pyta\u0144 dotycz\u0105cych powy\u017cszych sekcji, prosimy o kontakt z LANGIR - 2F, No.10 Longhe East Road, Liushi, Wenzhou, Zhejiang, China 325604.<\/p>\n\n\t\t<\/div>\n\t<\/div>\n\n\t<div class=\"wpb_text_column wpb_content_element\" >\n\t\t<div class=\"wpb_wrapper\">\n\t\t\t<p><strong style=\"color: #000;\">POLITYKA PRYWATNO\u015aCI<\/strong> <\/p>\n\n\t\t<\/div>\n\t<\/div>\n\n\t<div class=\"wpb_text_column wpb_content_element\" >\n\t\t<div class=\"wpb_wrapper\">\n\t\t\t<p>Gdy u\u017cytkownik odwiedza stron\u0119 internetow\u0105 LANGIR w celu przegl\u0105dania zawartych na niej informacji, robi to anonimowo, chyba \u017ce zdecyduje si\u0119 przekaza\u0107 nam informacje na sw\u00f3j temat.<\/p>\n\n\t\t<\/div>\n\t<\/div>\n\n\t<div class=\"wpb_text_column wpb_content_element\" >\n\t\t<div class=\"wpb_wrapper\">\n\t\t\t<p>Prywatno\u015b\u0107 u\u017cytkownik\u00f3w jest dla nas wa\u017cna. Wszystkie informacje, kt\u00f3re zdecydowa\u0142e\u015b si\u0119 poda\u0107, umo\u017cliwiaj\u0105 nam wysy\u0142anie informacji o produktach i us\u0142ugach, kt\u00f3rymi jeste\u015b zainteresowany. W tym celu informacje mog\u0105 by\u0107 przekazywane innym sp\u00f3\u0142kom nale\u017c\u0105cym do LANGIR. Przekazuj\u0105c nam swoje dane, u\u017cytkownik wyra\u017ca zgod\u0119 na ich przetwarzanie w celach okre\u015blonych powy\u017cej. Nie przeka\u017cemy ich \u017cadnej stronie trzeciej spoza LANGIR. Niniejsza polityka prywatno\u015bci i informacje prawne s\u0105 og\u00f3lne dla stron internetowych LANGIR. Mog\u0105 jednak istnie\u0107 dodatkowe informacje o ochronie prywatno\u015bci na konkretnych stronach internetowych r\u00f3\u017cnych sp\u00f3\u0142ek LANGIR zapewniaj\u0105cych specjalne funkcje.<\/p>\n\n\t\t<\/div>\n\t<\/div>\n\n\t<div class=\"wpb_text_column wpb_content_element\" >\n\t\t<div class=\"wpb_wrapper\">\n\t\t\t<p><strong style=\"color: #000;\">Dane osobowe<\/strong> <\/p>\n\n\t\t<\/div>\n\t<\/div>\n\n\t<div class=\"wpb_text_column wpb_content_element\" >\n\t\t<div class=\"wpb_wrapper\">\n\t\t\t<p>W LANGIR chcemy zapewni\u0107 u\u017cytkownikom jak najwi\u0119ksz\u0105 kontrol\u0119 nad ich danymi osobowymi. Dla nas wa\u017cne jest, aby\u015b czu\u0142 si\u0119 komfortowo odwiedzaj\u0105c nasze strony internetowe. Zdarzaj\u0105 si\u0119 jednak sytuacje, w kt\u00f3rych mo\u017cemy potrzebowa\u0107 Twoich danych osobowych. Wszelkie dane osobowe, kt\u00f3re u\u017cytkownik mo\u017ce nam przekaza\u0107 (w tym mi\u0119dzy innymi adres e-mail), s\u0105 wykorzystywane w nast\u0119puj\u0105cych celach: Je\u015bli u\u017cytkownik przeka\u017ce nam dane osobowe w celu otrzymania od nas informacji (na przyk\u0142ad broszur, katalog\u00f3w), gromadzimy i przechowujemy te informacje Informacje te umo\u017cliwiaj\u0105 nam spe\u0142nienie pro\u015bby o informacje. Je\u015bli u\u017cytkownik przegl\u0105da lub pobiera informacje, \u015bledzimy jego wizyt\u0119. Jest to pomocne w dostarczaniu u\u017cytkownikowi informacji dostosowanych do jego potrzeb oraz w dostarczaniu nam informacji o tym, kt\u00f3re cz\u0119\u015bci witryny s\u0105 cz\u0119sto odwiedzane, za pomoc\u0105 plik\u00f3w cookie, patrz poni\u017cej. Zebrane lub przechowywane informacje o u\u017cytkowniku wykorzystujemy wy\u0142\u0105cznie w ramach LANGIR. Strona internetowa mo\u017ce zawiera\u0107 linki do stron internetowych innych ni\u017c LANGIR. LANGIR nie ponosi odpowiedzialno\u015bci za polityk\u0119 prywatno\u015bci takich stron internetowych. Mo\u017cesz skontaktowa\u0107 si\u0119 ze sp\u00f3\u0142kami LANGIR, je\u015bli masz jakiekolwiek pytania dotycz\u0105ce sposobu, w jaki przetwarzamy Twoje dane osobowe (np. imi\u0119 i nazwisko, adres e-mail). Dane kontaktowe sp\u00f3\u0142ek LANGIR znajduj\u0105 si\u0119 na ko\u0144cu tej strony. Je\u015bli jakiekolwiek dane s\u0105 nieprawid\u0142owe, u\u017cytkownik ma prawo do ich sprostowania. U\u017cytkownik ma r\u00f3wnie\u017c prawo (na pisemny i osobi\u015bcie podpisany wniosek, raz w roku kalendarzowym i bez \u017cadnych op\u0142at) do uzyskania od nas informacji o tym, kt\u00f3re dane osobowe dotycz\u0105ce u\u017cytkownika przetwarzamy i dlaczego.<\/p>\n\n\t\t<\/div>\n\t<\/div>\n\n\t<div class=\"wpb_text_column wpb_content_element\" >\n\t\t<div class=\"wpb_wrapper\">\n\t\t\t<p><strong style=\"color: #000;\">Pliki cookie<\/strong> <\/p>\n\n\t\t<\/div>\n\t<\/div>\n\n\t<div class=\"wpb_text_column wpb_content_element\" >\n\t\t<div class=\"wpb_wrapper\">\n\t\t\t<p>Na stronie internetowej LANGIR u\u017cywane s\u0105 pliki cookie. Plik cookie to ma\u0142y plik tekstowy zawieraj\u0105cy informacje tekstowe, kt\u00f3ry jest przechowywany na komputerze u\u017cytkownika. Naszym celem w korzystaniu z plik\u00f3w cookie jest usprawnienie korzystania z witryny przez odwiedzaj\u0105cych.<\/p>\n\n\t\t<\/div>\n\t<\/div>\n\n\t<div class=\"wpb_text_column wpb_content_element\" >\n\t\t<div class=\"wpb_wrapper\">\n\t\t\t<p>Na stronie internetowej LANGIR wykorzystywane s\u0105 trzy rodzaje plik\u00f3w cookie, a mianowicie nast\u0119puj\u0105ce:<\/p>\n<ol>\n<li>Pierwszy rodzaj zapisuje plik na sta\u0142e na komputerze u\u017cytkownika i jest u\u017cywany do aktualizacji strony internetowej o nowe informacje umieszczone na niej od ostatniej wizyty u\u017cytkownika. Informacje na stronie internetowej, kt\u00f3re nie zosta\u0142y zmienione od ostatniej wizyty, s\u0105 \u0142adowane lokalnie z komputera w celu szybszego otwarcia strony internetowej.<\/li>\n<li>Drugi rodzaj, zwany sesyjnym plikiem cookie, jest u\u017cywany podczas surfowania po witrynie internetowej. Poci\u0105ga to za sob\u0105 tymczasowy transfer informacji mi\u0119dzy komputerem u\u017cytkownika a witryn\u0105 internetow\u0105. Sesyjne pliki cookie nie s\u0105 trwale zapisywane na komputerze u\u017cytkownika i znikaj\u0105 po zamkni\u0119ciu przegl\u0105darki na komputerze.<\/li>\n<li>Trzeci rodzaj jest wykorzystywany do cel\u00f3w statystycznych, tj. w celu uzyskania informacji o liczbie odwiedzaj\u0105cych r\u00f3\u017cne cz\u0119\u015bci naszej strony internetowej.<\/li>\n<\/ol>\n\n\t\t<\/div>\n\t<\/div>\n\n\t<div class=\"wpb_text_column wpb_content_element\" >\n\t\t<div class=\"wpb_wrapper\">\n\t\t\t<p>O ile nie okre\u015blono inaczej, pliki cookie nigdy nie s\u0105 wykorzystywane przez LANGIR w celu gromadzenia danych osobowych, takich jak imi\u0119 i nazwisko, adres e-mail itp. W zwi\u0105zku z tym wszelkie informacje zebrane za pomoc\u0105 plik\u00f3w cookie s\u0105 gromadzone w spos\u00f3b anonimowy.<\/p>\n\n\t\t<\/div>\n\t<\/div>\n\n\t<div class=\"wpb_text_column wpb_content_element\" >\n\t\t<div class=\"wpb_wrapper\">\n\t\t\t<p>Je\u015bli u\u017cytkownik nie zgadza si\u0119 na korzystanie przez LANGIR z plik\u00f3w cookie na naszej stronie internetowej, mo\u017ce skonfigurowa\u0107 przegl\u0105dark\u0119 tak, aby odrzuca\u0142a pliki cookie, modyfikuj\u0105c ustawienia lub preferencje przegl\u0105darki. Jednak ze wzgl\u0119du na technologi\u0119 wykorzystywan\u0105 przez nas na naszej stronie internetowej, nie b\u0119dzie ona dzia\u0142a\u0107 prawid\u0142owo bez u\u017cycia plik\u00f3w cookie.<\/p>\n\n\t\t<\/div>\n\t<\/div>\n\n\t<div class=\"wpb_text_column wpb_content_element\" >\n\t\t<div class=\"wpb_wrapper\">\n\t\t\t<p>Niniejsza strona internetowa korzysta z Google Analytics, us\u0142ugi analizy internetowej dostarczanej przez Google Inc. (\"Google\"). Google Analytics wykorzystuje pliki cookie, kt\u00f3re s\u0105 plikami tekstowymi umieszczanymi na komputerze u\u017cytkownika, aby pom\u00f3c witrynie internetowej w analizie korzystania z niej przez u\u017cytkownik\u00f3w. Dane generowane przez pliki cookie dotycz\u0105ce korzystania z witryny przez u\u017cytkownika (w tym jego adres IP) b\u0119d\u0105 przekazywane i przechowywane przez Google na serwerach znajduj\u0105cych si\u0119 w Stanach Zjednoczonych. Google b\u0119dzie wykorzystywa\u0107 te informacje w celu oszacowania korzystania z witryny przez u\u017cytkownika, tworzenia raport\u00f3w dotycz\u0105cych aktywno\u015bci witryny dla jej redaktora oraz \u015bwiadczenia innych us\u0142ug zwi\u0105zanych z aktywno\u015bci\u0105 witryny i korzystaniem z Internetu. Google mo\u017ce przekaza\u0107 te dane stronom trzecim w przypadku takiego obowi\u0105zku.<\/p>\n\n\t\t<\/div>\n\t<\/div>\n\n\t<div class=\"wpb_text_column wpb_content_element\" >\n\t\t<div class=\"wpb_wrapper\">\n\t\t\t<p><strong style=\"color: #000;\">Kontakt<\/strong> <\/p>\n\n\t\t<\/div>\n\t<\/div>\n\n\t<div class=\"wpb_text_column wpb_content_element\" >\n\t\t<div class=\"wpb_wrapper\">\n\t\t\t<p>W przypadku pyta\u0144 dotycz\u0105cych powy\u017cszych sekcji, prosimy o kontakt z LANGIR - 2F, No.10 Longhe East Road, Liushi, Wenzhou, Zhejiang, Chiny 325604 - langir@langir.com.<\/p>\n\n\t\t<\/div>\n\t<\/div>\n\n<div class=\"vc-zigzag-wrapper vc-zigzag-align-center\"><div class=\"vc-zigzag-inner\" style=\"width: 100%;min-height: 14px;background: 0 repeat-x url(&#039;data:image\/svg+xml;utf-8,%3C%3Fxml%20version%3D%221.0%22%20encoding%3D%22utf-8%22%3F%3E%3C%21DOCTYPE%20svg%20PUBLIC%20%22-%2F%2FW3C%2F%2FDTD%20SVG%201.1%2F%2FEN%22%20%22http%3A%2F%2Fwww.w3.org%2FGraphics%2FSVG%2F1.1%2FDTD%2Fsvg11.dtd%22%3E%3Csvg%20width%3D%2214px%22%20height%3D%2212px%22%20viewBox%3D%220%200%2018%2015%22%20version%3D%221.1%22%20xmlns%3D%22http%3A%2F%2Fwww.w3.org%2F2000%2Fsvg%22%20xmlns%3Axlink%3D%22http%3A%2F%2Fwww.w3.org%2F1999%2Fxlink%22%3E%3Cpolygon%20id%3D%22Combined-Shape%22%20fill%3D%22%23ebebeb%22%20points%3D%228.98762301%200%200%209.12771969%200%2014.519983%209%205.40479869%2018%2014.519983%2018%209.12771969%22%3E%3C%2Fpolygon%3E%3C%2Fsvg%3E&#039;);\"><\/div><\/div>\n\t<div class=\"wpb_text_column wpb_content_element\" >\n\t\t<div class=\"wpb_wrapper\">\n\t\t\t<p><iframe style=\"width: 100%; border: none;\" title=\"Wbudowany formularz Wufoo\" src=\"https:\/\/langir.wufoo.com\/embed\/zcdgace1ql3iv4\/\" height=\"766\" frameborder=\"0\" scrolling=\"no\" sandbox=\"allow-popups-to-escape-sandbox allow-top-navigation allow-scripts allow-popups allow-forms allow-same-origin\"> <a href=\"https:\/\/langir.wufoo.com\/forms\/zcdgace1ql3iv4\/\" target=\"_blank\" rel=\"noopener\">Wype\u0142nij m\u00f3j formularz Wufoo!<\/a> <\/iframe><\/p>\n\n\t\t<\/div>\n\t<\/div>\n<\/div><\/div><\/div><\/div>\n<\/div>","protected":false},"excerpt":{"rendered":"TERMS OF USE Copyright Notice The contents of the web site are copyright \u00a9 2015 LANGIR (or its subsidiaries where so indicated and\/or its licensors), 2F, No.10 Longhe East Road, Liushi, Wenzhou, Zhejiang, China 325604 All Rights Reserved. Information on the web site, including but not limited to, text, images and sound, may not, except [...]","protected":false},"author":1,"featured_media":7464,"parent":0,"menu_order":26,"comment_status":"closed","ping_status":"closed","template":"page-default.php","meta":{"_acf_changed":false,"_metasync_otto_title":"","_metasync_otto_description":"","_metasync_otto_keywords":"","_metasync_otto_og_title":"","_metasync_otto_og_description":"","_metasync_otto_twitter_title":"","_metasync_otto_twitter_description":"","rank_math_title":"%title% | Electric Switches - %sitename%","rank_math_description":"The contents of the web site are copyright \u00a9 2015 LANGIR (or its subsidiaries where so indicated and\/or its licensors)","_yoast_wpseo_title":"","_yoast_wpseo_metadesc":"","_aioseo_title":"","_aioseo_description":"","_metasync_seo_title":"","_metasync_seo_desc":"","_metasync_breadcrumb_title":"","_metasync_primary_category":0,"_metasync_primary_product_cat":0,"_metasync_otto_disabled":"","_metasync_hreflang":"","footnotes":""},"class_list":["post-7463","page","type-page","status-publish","has-post-thumbnail","hentry","entry"],"acf":[],"post_mailing_queue_ids":[],"_links":{"self":[{"href":"https:\/\/www.langir.com\/pl\/wp-json\/wp\/v2\/pages\/7463","targetHints":{"allow":["GET"]}}],"collection":[{"href":"https:\/\/www.langir.com\/pl\/wp-json\/wp\/v2\/pages"}],"about":[{"href":"https:\/\/www.langir.com\/pl\/wp-json\/wp\/v2\/types\/page"}],"author":[{"embeddable":true,"href":"https:\/\/www.langir.com\/pl\/wp-json\/wp\/v2\/users\/1"}],"replies":[{"embeddable":true,"href":"https:\/\/www.langir.com\/pl\/wp-json\/wp\/v2\/comments?post=7463"}],"version-history":[{"count":2,"href":"https:\/\/www.langir.com\/pl\/wp-json\/wp\/v2\/pages\/7463\/revisions"}],"predecessor-version":[{"id":16182,"href":"https:\/\/www.langir.com\/pl\/wp-json\/wp\/v2\/pages\/7463\/revisions\/16182"}],"wp:featuredmedia":[{"embeddable":true,"href":"https:\/\/www.langir.com\/pl\/wp-json\/wp\/v2\/media\/7464"}],"wp:attachment":[{"href":"https:\/\/www.langir.com\/pl\/wp-json\/wp\/v2\/media?parent=7463"}],"curies":[{"name":"wp","href":"https:\/\/api.w.org\/{rel}","templated":true}]}}