{"id":7467,"date":"2019-11-21T09:02:21","date_gmt":"2019-11-21T09:02:21","guid":{"rendered":"https:\/\/www.langir.com\/?page_id=7467"},"modified":"2026-03-27T07:49:28","modified_gmt":"2026-03-27T07:49:28","slug":"product-customization","status":"publish","type":"page","link":"https:\/\/www.langir.com\/pl\/product-customization\/","title":{"rendered":"Dostosowanie produktu"},"content":{"rendered":"<div class=\"wpb-content-wrapper\"><div class=\"vc_row wpb_row vc_row-fluid\"><div class=\"wpb_column vc_column_container vc_col-sm-12\"><div class=\"vc_column-inner\"><div class=\"wpb_wrapper\">\n\t<div class=\"wpb_text_column wpb_content_element\" >\n\t\t<div class=\"wpb_wrapper\">\n\t\t\t\n\t\t<\/div>\n\t<\/div>\n\n\t<div class=\"wpb_text_column wpb_content_element\" >\n\t\t<div class=\"wpb_wrapper\">\n\t\t\t<p>Dzi\u0119ki ponad 10-letniemu do\u015bwiadczeniu w projektowaniu i produkcji, wiedza Langir w zakresie projektowania i produkcji wykracza poza zwyk\u0142e prze\u0142\u0105czanie.<\/p>\n<p>Langir oferuje gam\u0119 ponad 1000 numer\u00f3w cz\u0119\u015bci sk\u0142adaj\u0105cych si\u0119 z prze\u0142\u0105cznik\u00f3w, wska\u017anik\u00f3w i klawiatur w r\u00f3\u017cnych kolorach, oznaczeniach, wyko\u0144czeniach, kszta\u0142tach i wymiarach... tworz\u0105c nieograniczone kombinacje mo\u017cliwo\u015bci.<\/p>\n<p>Nasza standardowa oferta produkt\u00f3w mo\u017ce by\u0107 dostosowana do specyficznych potrzeb klient\u00f3w.<\/p>\n\n\t\t<\/div>\n\t<\/div>\n\n\t<div class=\"wpb_text_column wpb_content_element\" >\n\t\t<div class=\"wpb_wrapper\">\n\t\t\t<p><strong>Kt\u00f3re dostosowanie?<\/strong><\/p>\n\n\t\t<\/div>\n\t<\/div>\n\n\t<div class=\"wpb_text_column wpb_content_element\" >\n\t\t<div class=\"wpb_wrapper\">\n\t\t\t<p>Standardowe cz\u0119\u015bci katalogowe Langir s\u0105 dost\u0119pne w celu dostosowania i obni\u017cenia koszt\u00f3w. Skontaktuj si\u0119 z przedstawicielem Langir, aby uzyska\u0107 pomoc.<\/p>\n\n\t\t<\/div>\n\t<\/div>\n\n\t<div class=\"wpb_text_column wpb_content_element\" >\n\t\t<div class=\"wpb_wrapper\">\n\t\t\t<h3><img decoding=\"async\" class=\"size-full wp-image-4870 alignleft\" src=\"..\/wp-content\/uploads\/2019\/02\/1.gif\" alt=\"\" width=\"40\" height=\"40\" \/>Opcje terminali<\/h3>\n\n\t\t<\/div>\n\t<\/div>\n\n\t<div class=\"wpb_text_column wpb_content_element\" >\n\t\t<div class=\"wpb_wrapper\">\n\t\t\t<table border=\"0\" width=\"100%\" cellspacing=\"1\" cellpadding=\"10\" bgcolor=\"#dcdcdc\">\n<tbody>\n<tr>\n<th bgcolor=\"#FFFFFF\">Lataj\u0105cy o\u0142\u00f3w<\/th>\n<th bgcolor=\"#FFFFFF\">Kabel<\/th>\n<th bgcolor=\"#FFFFFF\">Z\u0142\u0105cze<\/th>\n<th bgcolor=\"#FFFFFF\">Odporno\u015b\u0107<\/th>\n<th bgcolor=\"#FFFFFF\">Etykieta<\/th>\n<\/tr>\n<tr>\n<td align=\"center\" valign=\"middle\" bgcolor=\"#FFFFFF\"><img decoding=\"async\" class=\"aligncenter size-full wp-image-4881\" src=\"https:\/\/www.langir.com\/wp-content\/uploads\/2019\/02\/cable-0.gif\" alt=\"\" width=\"44\" height=\"40\" \/><\/td>\n<td align=\"center\" valign=\"middle\" bgcolor=\"#FFFFFF\"><img decoding=\"async\" class=\"size-full wp-image-4873 aligncenter\" src=\"https:\/\/www.langir.com\/wp-content\/uploads\/2019\/02\/3-cables.gif\" alt=\"Kable\" width=\"306\" height=\"115\" \/><\/td>\n<td bgcolor=\"#FFFFFF\"><\/td>\n<td bgcolor=\"#FFFFFF\"><\/td>\n<td bgcolor=\"#FFFFFF\"><\/td>\n<\/tr>\n<\/tbody>\n<\/table>\n\n\t\t<\/div>\n\t<\/div>\n\n\t<div class=\"wpb_text_column wpb_content_element\" >\n\t\t<div class=\"wpb_wrapper\">\n\t\t\t<h3><img loading=\"lazy\" decoding=\"async\" class=\"size-full wp-image-4870 alignleft\" src=\"..\/wp-content\/uploads\/2019\/02\/2.gif\" alt=\"\" width=\"40\" height=\"40\" \/>Materia\u0142y<\/h3>\n\n\t\t<\/div>\n\t<\/div>\n\n\t<div class=\"wpb_text_column wpb_content_element\" >\n\t\t<div class=\"wpb_wrapper\">\n\t\t\t<p><strong>Dost\u0119pnych jest wiele opcji:<\/strong><\/p>\n<ul>\n<li>Mosi\u0105dz<\/li>\n<li>Anodyzowane aluminium<\/li>\n<li>Stal nierdzewna 304 dla standardowego materia\u0142u prze\u0142\u0105cznika antywandalowego<\/li>\n<li>Stal nierdzewna 316L dla standardowego materia\u0142u prze\u0142\u0105cznika piezoelektrycznego i pojemno\u015bciowego<\/li>\n<\/ul>\n\n\t\t<\/div>\n\t<\/div>\n\n\t<div class=\"wpb_text_column wpb_content_element\" >\n\t\t<div class=\"wpb_wrapper\">\n\t\t\t<h3><img loading=\"lazy\" decoding=\"async\" class=\"size-full wp-image-4870 alignleft\" src=\"..\/wp-content\/uploads\/2019\/02\/3.gif\" alt=\"\" width=\"40\" height=\"40\" \/>Znakowanie<\/h3>\n\n\t\t<\/div>\n\t<\/div>\n\n\t<div class=\"wpb_text_column wpb_content_element\" >\n\t\t<div class=\"wpb_wrapper\">\n\t\t\t<p>Dost\u0119pnych jest wiele rodzaj\u00f3w oznacze\u0144.<\/p>\n<table border=\"0\" width=\"100%\" cellspacing=\"1\" cellpadding=\"10\" bgcolor=\"#dcdcdc\">\n<tbody>\n<tr>\n<th bgcolor=\"#FFFFFF\">Proces<\/th>\n<th bgcolor=\"#FFFFFF\">Koszt<\/th>\n<th bgcolor=\"#FFFFFF\">Trwa\u0142o\u015b\u0107<\/th>\n<th bgcolor=\"#FFFFFF\">Pod\u015bwietlenie<\/th>\n<\/tr>\n<tr>\n<th scope=\"row\" align=\"left\" bgcolor=\"#FFFFFF\">Tampodruk<\/th>\n<td align=\"center\" bgcolor=\"#FFFFFF\"><img decoding=\"async\" class=\"aligncenter size-full wp-image-4887\" title=\"Dobry\" src=\"https:\/\/www.langir.com\/wp-content\/uploads\/2019\/02\/good-blue.gif\" alt=\"Dobry\" \/><\/td>\n<td align=\"center\" bgcolor=\"#FFFFFF\"><img decoding=\"async\" class=\"aligncenter size-full wp-image-4879\" title=\"\u015arednia\" src=\"https:\/\/www.langir.com\/wp-content\/uploads\/2019\/02\/average-blue.gif\" alt=\"\u015arednia\" \/><\/td>\n<td align=\"center\" bgcolor=\"#FFFFFF\"><img decoding=\"async\" class=\"aligncenter size-full wp-image-4880\" title=\"Z\u0142y\" src=\"https:\/\/www.langir.com\/wp-content\/uploads\/2019\/02\/bad-blue.gif\" alt=\"Z\u0142y\" \/><\/td>\n<\/tr>\n<tr>\n<th scope=\"row\" align=\"left\" bgcolor=\"#FFFFFF\">T\u0142oczenie na gor\u0105co<\/th>\n<td align=\"center\" bgcolor=\"#FFFFFF\"><img decoding=\"async\" class=\"aligncenter size-full wp-image-4879\" title=\"\u015arednia\" src=\"https:\/\/www.langir.com\/wp-content\/uploads\/2019\/02\/average-blue.gif\" alt=\"\u015arednia\" \/><\/td>\n<td align=\"center\" bgcolor=\"#FFFFFF\"><img decoding=\"async\" class=\"aligncenter size-full wp-image-4887\" title=\"Dobry\" src=\"https:\/\/www.langir.com\/wp-content\/uploads\/2019\/02\/good-blue.gif\" alt=\"Dobry\" \/><\/td>\n<td align=\"center\" bgcolor=\"#FFFFFF\"><img decoding=\"async\" class=\"aligncenter size-full wp-image-4879\" title=\"\u015arednia\" src=\"https:\/\/www.langir.com\/wp-content\/uploads\/2019\/02\/average-blue.gif\" alt=\"\u015arednia\" \/><\/td>\n<\/tr>\n<tr>\n<th scope=\"row\" align=\"left\" bgcolor=\"#FFFFFF\">Trawienie laserowe<\/th>\n<td align=\"center\" bgcolor=\"#FFFFFF\"><img decoding=\"async\" class=\"aligncenter size-full wp-image-4887\" title=\"Dobry\" src=\"https:\/\/www.langir.com\/wp-content\/uploads\/2019\/02\/good-blue.gif\" alt=\"Dobry\" \/><\/td>\n<td align=\"center\" bgcolor=\"#FFFFFF\"><img decoding=\"async\" class=\"aligncenter size-full wp-image-4887\" title=\"Dobry\" src=\"https:\/\/www.langir.com\/wp-content\/uploads\/2019\/02\/good-blue.gif\" alt=\"Dobry\" \/><\/td>\n<td align=\"center\" bgcolor=\"#FFFFFF\"><img decoding=\"async\" class=\"aligncenter size-full wp-image-4887\" title=\"Dobry\" src=\"https:\/\/www.langir.com\/wp-content\/uploads\/2019\/02\/good-blue.gif\" alt=\"Dobry\" \/><\/td>\n<\/tr>\n<tr>\n<th scope=\"row\" align=\"left\" bgcolor=\"#FFFFFF\">Chemiczny<\/th>\n<td align=\"center\" bgcolor=\"#FFFFFF\"><img decoding=\"async\" class=\"aligncenter size-full wp-image-4880\" title=\"Z\u0142y\" src=\"https:\/\/www.langir.com\/wp-content\/uploads\/2019\/02\/bad-blue.gif\" alt=\"Z\u0142y\" \/><\/td>\n<td align=\"center\" bgcolor=\"#FFFFFF\"><img decoding=\"async\" class=\"aligncenter size-full wp-image-4887\" title=\"Dobry\" src=\"https:\/\/www.langir.com\/wp-content\/uploads\/2019\/02\/good-blue.gif\" alt=\"Dobry\" \/><\/td>\n<td align=\"center\" bgcolor=\"#FFFFFF\"><img decoding=\"async\" class=\"aligncenter size-full wp-image-4887\" title=\"Dobry\" src=\"https:\/\/www.langir.com\/wp-content\/uploads\/2019\/02\/good-blue.gif\" alt=\"Dobry\" \/><\/td>\n<\/tr>\n<\/tbody>\n<\/table>\n<p>Wyb\u00f3r b\u0119dzie zale\u017ca\u0142 od oczekiwanego zastosowania komponentu.<\/p>\n\n\t\t<\/div>\n\t<\/div>\n\n\t<div class=\"wpb_text_column wpb_content_element\" >\n\t\t<div class=\"wpb_wrapper\">\n\t\t\t<h3><img loading=\"lazy\" decoding=\"async\" class=\"size-full wp-image-4870 alignleft\" src=\"..\/wp-content\/uploads\/2019\/02\/4.gif\" alt=\"\" width=\"40\" height=\"40\" \/>Kolor<\/h3>\n\n\t\t<\/div>\n\t<\/div>\n\n\t<div class=\"wpb_text_column wpb_content_element\" >\n\t\t<div class=\"wpb_wrapper\">\n\t\t\t<table border=\"0\" width=\"100%\" cellspacing=\"1\" cellpadding=\"10\" bgcolor=\"#dcdcdc\">\n<tbody>\n<tr>\n<th align=\"left\" bgcolor=\"#FFFFFF\">Cz\u0119\u015bci plastikowe z wybranych materia\u0142\u00f3w s\u0105 dost\u0119pne w okre\u015blonych kolorach (RAL, pantone) lub mo\u017cna je tworzy\u0107. <strong>ca\u0142kowicie niestandardowy kolor<\/strong>.<\/th>\n<\/tr>\n<tr>\n<th scope=\"row\" align=\"left\" bgcolor=\"#FFFFFF\"><img loading=\"lazy\" decoding=\"async\" class=\"size-full wp-image-4901 alignleft\" src=\"https:\/\/www.langir.com\/wp-content\/uploads\/2019\/02\/plastic-granules.jpg\" alt=\"\" width=\"700\" height=\"401\" \/><\/th>\n<\/tr>\n<tr>\n<th scope=\"row\" align=\"left\" bgcolor=\"#FFFFFF\">Cz\u0119\u015bci metalowe mog\u0105 by\u0107 anodowane w szerokiej gamie kolor\u00f3w.<\/th>\n<\/tr>\n<tr>\n<th scope=\"row\" align=\"left\" bgcolor=\"#FFFFFF\"><img loading=\"lazy\" decoding=\"async\" class=\"size-full wp-image-4914 alignleft\" src=\"https:\/\/www.langir.com\/wp-content\/uploads\/2019\/02\/colors-laiton.jpg\" alt=\"\" width=\"700\" height=\"120\" \/><\/th>\n<\/tr>\n<tr>\n<th scope=\"row\" align=\"left\" bgcolor=\"#FFFFFF\">Diody LED w szerokiej gamie kolor\u00f3w.<\/th>\n<\/tr>\n<tr>\n<th scope=\"row\" align=\"left\" bgcolor=\"#FFFFFF\"><img loading=\"lazy\" decoding=\"async\" class=\"size-full wp-image-4899 alignleft\" src=\"https:\/\/www.langir.com\/wp-content\/uploads\/2019\/02\/LED.jpg\" alt=\"\" width=\"700\" height=\"600\" \/><\/th>\n<\/tr>\n<\/tbody>\n<\/table>\n\n\t\t<\/div>\n\t<\/div>\n\n\t<div class=\"wpb_text_column wpb_content_element\" >\n\t\t<div class=\"wpb_wrapper\">\n\t\t\t<h3><img loading=\"lazy\" decoding=\"async\" class=\"size-full wp-image-4870 alignleft\" src=\"https:\/\/www.langir.com\/wp-content\/uploads\/2019\/02\/5.gif\" alt=\"\" width=\"40\" height=\"40\" \/>Symbol<\/h3>\n\n\t\t<\/div>\n\t<\/div>\n\n\t<div class=\"wpb_text_column wpb_content_element\" >\n\t\t<div class=\"wpb_wrapper\">\n\t\t\t<p><strong>Druk laserowy jest standardem<\/strong>ale istnieje wiele innych rozwi\u0105za\u0144:<\/p>\n<table border=\"0\" width=\"100%\" cellspacing=\"1\" cellpadding=\"10\" bgcolor=\"#dcdcdc\">\n<tbody>\n<tr>\n<td bgcolor=\"#FFFFFF\"><img decoding=\"async\" class=\"size-full wp-image-4889 alignleft\" src=\"https:\/\/www.langir.com\/wp-content\/uploads\/2019\/02\/symbol.jpg\" alt=\"Symbol\" \/><\/td>\n<\/tr>\n<\/tbody>\n<\/table>\n<p>Aby uzyska\u0107 wi\u0119cej informacji, prosimy o kontakt z kierownikiem sprzeda\u017cy.<\/p>\n\n\t\t<\/div>\n\t<\/div>\n\n\t<div class=\"wpb_text_column wpb_content_element\" >\n\t\t<div class=\"wpb_wrapper\">\n\t\t\t<h3><img loading=\"lazy\" decoding=\"async\" class=\"size-full wp-image-4870 alignleft\" src=\"https:\/\/www.langir.com\/wp-content\/uploads\/2019\/02\/6.gif\" alt=\"\" width=\"40\" height=\"40\" \/>Kszta\u0142ty<\/h3>\n\n\t\t<\/div>\n\t<\/div>\n\n\t<div class=\"wpb_text_column wpb_content_element\" >\n\t\t<div class=\"wpb_wrapper\">\n\t\t\t<table border=\"0\" width=\"100%\" cellspacing=\"1\" cellpadding=\"10\" bgcolor=\"#dcdcdc\">\n<tbody>\n<tr>\n<td bgcolor=\"#FFFFFF\"><strong>Si\u0142owniki metalowe<\/strong> mo\u017cna \u0142atwo dostosowa\u0107:<\/p>\n<ul>\n<li>Kszta\u0142t<\/li>\n<li>\u015arednica<\/li>\n<li>D\u0142ugo\u015b\u0107<\/li>\n<\/ul>\n<\/td>\n<td bgcolor=\"#FFFFFF\">Dla <strong>cz\u0119\u015bci plastikowe<\/strong>zmiana formy wtryskowej<br \/>\nwg\u0142\u0119bienia pozwalaj\u0105 tworzy\u0107 nowe kszta\u0142ty <strong>szybko i tanio<br \/>\nskutecznie<\/strong>.<\/td>\n<\/tr>\n<tr>\n<td bgcolor=\"#FFFFFF\"><img loading=\"lazy\" decoding=\"async\" class=\"size-full wp-image-4284\" src=\"https:\/\/www.langir.com\/wp-content\/uploads\/2015\/03\/30mm-non-illum-piezo-switch.jpg\" alt=\"Prze\u0142\u0105cznik piezoelektryczny 30 mm\" width=\"200\" height=\"250\" \/><\/td>\n<td bgcolor=\"#FFFFFF\"><img loading=\"lazy\" decoding=\"async\" class=\"size-full wp-image-4886 alignleft\" src=\"https:\/\/www.langir.com\/wp-content\/uploads\/2019\/02\/forme-2.jpg\" alt=\"\" width=\"444\" height=\"197\" \/><\/td>\n<\/tr>\n<\/tbody>\n<\/table>\n\n\t\t<\/div>\n\t<\/div>\n\n<div class=\"vc-zigzag-wrapper vc-zigzag-align-center\"><div class=\"vc-zigzag-inner\" style=\"width: 100%;min-height: 14px;background: 0 repeat-x url(&#039;data:image\/svg+xml;utf-8,%3C%3Fxml%20version%3D%221.0%22%20encoding%3D%22utf-8%22%3F%3E%3C%21DOCTYPE%20svg%20PUBLIC%20%22-%2F%2FW3C%2F%2FDTD%20SVG%201.1%2F%2FEN%22%20%22http%3A%2F%2Fwww.w3.org%2FGraphics%2FSVG%2F1.1%2FDTD%2Fsvg11.dtd%22%3E%3Csvg%20width%3D%2214px%22%20height%3D%2212px%22%20viewBox%3D%220%200%2018%2015%22%20version%3D%221.1%22%20xmlns%3D%22http%3A%2F%2Fwww.w3.org%2F2000%2Fsvg%22%20xmlns%3Axlink%3D%22http%3A%2F%2Fwww.w3.org%2F1999%2Fxlink%22%3E%3Cpolygon%20id%3D%22Combined-Shape%22%20fill%3D%22%23ebebeb%22%20points%3D%228.98762301%200%200%209.12771969%200%2014.519983%209%205.40479869%2018%2014.519983%2018%209.12771969%22%3E%3C%2Fpolygon%3E%3C%2Fsvg%3E&#039;);\"><\/div><\/div>\n\t<div class=\"wpb_text_column wpb_content_element\" >\n\t\t<div class=\"wpb_wrapper\">\n\t\t\t<p><iframe style=\"width: 100%; border: none;\" title=\"Wbudowany formularz Wufoo\" src=\"https:\/\/langir.wufoo.com\/embed\/z1f9dkcq1g0s58i\/\" height=\"1133\" frameborder=\"0\" scrolling=\"no\" sandbox=\"allow-popups-to-escape-sandbox allow-top-navigation allow-scripts allow-popups allow-forms allow-same-origin\"> <a href=\"https:\/\/langir.wufoo.com\/forms\/z1f9dkcq1g0s58i\/\" target=\"_blank\" rel=\"noopener\">Wype\u0142nij m\u00f3j formularz Wufoo!<\/a> <\/iframe><\/p>\n\n\t\t<\/div>\n\t<\/div>\n<\/div><\/div><\/div><\/div>\n<\/div>","protected":false},"excerpt":{"rendered":"With over 10 years experience in the development and production, Langir's design and manufacturing expertise goes beyond simple switching. Langir offers a range of more than 1,000 part numbers consisting of switches, indicators and keypads in different colors, markings, finishes, shapes and dimensions\u2026 creating an unlimited combinations of possibilities. Our standard product offering can be [...]","protected":false},"author":1,"featured_media":8761,"parent":0,"menu_order":25,"comment_status":"closed","ping_status":"closed","template":"page-default.php","meta":{"_acf_changed":false,"_metasync_otto_title":"","_metasync_otto_description":"","rank_math_title":"%title% | Switches %page% %sep% %sitename%","rank_math_description":"Langir\u2019s Electric standard catalog parts are available for customization and a lower cost. Contact an Langir representative to assist you.","_yoast_wpseo_title":"","_yoast_wpseo_metadesc":"","footnotes":""},"class_list":["post-7467","page","type-page","status-publish","has-post-thumbnail","hentry","entry"],"acf":[],"post_mailing_queue_ids":[],"_links":{"self":[{"href":"https:\/\/www.langir.com\/pl\/wp-json\/wp\/v2\/pages\/7467","targetHints":{"allow":["GET"]}}],"collection":[{"href":"https:\/\/www.langir.com\/pl\/wp-json\/wp\/v2\/pages"}],"about":[{"href":"https:\/\/www.langir.com\/pl\/wp-json\/wp\/v2\/types\/page"}],"author":[{"embeddable":true,"href":"https:\/\/www.langir.com\/pl\/wp-json\/wp\/v2\/users\/1"}],"replies":[{"embeddable":true,"href":"https:\/\/www.langir.com\/pl\/wp-json\/wp\/v2\/comments?post=7467"}],"version-history":[{"count":2,"href":"https:\/\/www.langir.com\/pl\/wp-json\/wp\/v2\/pages\/7467\/revisions"}],"predecessor-version":[{"id":16136,"href":"https:\/\/www.langir.com\/pl\/wp-json\/wp\/v2\/pages\/7467\/revisions\/16136"}],"wp:featuredmedia":[{"embeddable":true,"href":"https:\/\/www.langir.com\/pl\/wp-json\/wp\/v2\/media\/8761"}],"wp:attachment":[{"href":"https:\/\/www.langir.com\/pl\/wp-json\/wp\/v2\/media?parent=7467"}],"curies":[{"name":"wp","href":"https:\/\/api.w.org\/{rel}","templated":true}]}}