{"id":7477,"date":"2019-11-21T09:07:47","date_gmt":"2019-11-21T09:07:47","guid":{"rendered":"https:\/\/www.langir.com\/?page_id=7477"},"modified":"2026-03-30T08:55:45","modified_gmt":"2026-03-30T08:55:45","slug":"soldering-profiles","status":"publish","type":"page","link":"https:\/\/www.langir.com\/pl\/soldering-profiles\/","title":{"rendered":"Profile lutownicze"},"content":{"rendered":"<div class=\"wpb-content-wrapper\"><div class=\"vc_row wpb_row vc_row-fluid\"><div class=\"wpb_column vc_column_container vc_col-sm-12\"><div class=\"vc_column-inner\"><div class=\"wpb_wrapper\">\n\t<div class=\"wpb_text_column wpb_content_element\" >\n\t\t<div class=\"wpb_wrapper\">\n\t\t\t<p><strong>ZALECANE PROFILE LUTOWNICZE<\/strong><\/p>\n\n\t\t<\/div>\n\t<\/div>\n\n\t<div class=\"wpb_text_column wpb_content_element\" >\n\t\t<div class=\"wpb_wrapper\">\n\t\t\t<p>Na warunki lutowania maj\u0105 wp\u0142yw parametry monta\u017cu i p\u0142ytki drukowanej. Nale\u017cy wzi\u0105\u0107 te czynniki pod uwag\u0119 podczas korzystania z tych profili lutowniczych. S\u0105 to jedynie zalecenia i nie daj\u0105 \u017cadnych gwarancji.<\/p>\n\n\t\t<\/div>\n\t<\/div>\n\n\t<div class=\"wpb_text_column wpb_content_element\" >\n\t\t<div class=\"wpb_wrapper\">\n\t\t\t<p><strong>TESTOWANIE KOMPONENT\u00d3W PO REFLOW\/REWORK DLA MLCC:<\/strong><\/p>\n\n\t\t<\/div>\n\t<\/div>\n\n\t<div class=\"wpb_text_column wpb_content_element\" >\n\t\t<div class=\"wpb_wrapper\">\n\t\t\t<p>Wszystkie testy komponent\u00f3w po ponownym nape\u0142nieniu\/przer\u00f3bce powinny by\u0107 wykonywane po \u2265 24 godzinach, aby zapewni\u0107 dok\u0142adne pomiary warto\u015bci pojemno\u015bci. Kondensatory powinny by\u0107 ch\u0142odzone w temperaturze pokojowej przez co najmniej 24 godziny, aby umo\u017cliwi\u0107 zresetowanie (starzenie si\u0119) materia\u0142u ceramicznego.<\/p>\n\n\t\t<\/div>\n\t<\/div>\n\n\t<div class=\"wpb_text_column wpb_content_element\" >\n\t\t<div class=\"wpb_wrapper\">\n\t\t\t<p><strong>POZIOM MSL<\/strong><\/p>\n\n\t\t<\/div>\n\t<\/div>\n\n\t<div class=\"wpb_text_column wpb_content_element\" >\n\t\t<div class=\"wpb_wrapper\">\n\t\t\t<p>MSL (poziom wra\u017cliwo\u015bci na wilgo\u0107) wynosi 1<\/p>\n\n\t\t<\/div>\n\t<\/div>\n\n\t<div class=\"wpb_text_column wpb_content_element\" >\n\t\t<div class=\"wpb_wrapper\">\n\t\t\t<p><strong>ZALECANE PROFILE LUTOWNICZE (ODNIESIENIE)<\/strong><\/p>\n\n\t\t<\/div>\n\t<\/div>\n\n\t<div class=\"wpb_text_column wpb_content_element\" >\n\t\t<div class=\"wpb_wrapper\">\n\t\t\t<p>Zazwyczaj u\u017cytkownik przyjmuje metod\u0119 i proces najlepiej dostosowany do w\u0142asnego zastosowania, bior\u0105c pod uwag\u0119 takie czynniki, jak typ, zalecenie producenta dotycz\u0105ce testu lutowania i blisko\u015b\u0107 komponent\u00f3w na p\u0142ytce drukowanej, sprz\u0119t itp.<\/p>\n<p>Te same kryteria maj\u0105 zastosowanie do zacisk\u00f3w bezo\u0142owiowych (Pb). Oczywi\u015bcie normy powinny odnosi\u0107 si\u0119 do past monta\u017cowych niezawieraj\u0105cych o\u0142owiu (Pb).<\/p>\n<p>Temperatura eutektyczna stopu galwanicznego okre\u015bla minimalne limity temperatury procesu lutowania.<\/p>\n<p>Minimalny zakres temperatury lutowania powinien by\u0107 o co najmniej 5\u00b0C do 10\u00b0C wy\u017cszy ni\u017c temperatura eutektyczna stopu galwanicznego (zgodnie z literatur\u0105 techniczn\u0105).<\/p>\n<p>Urz\u0105dzenia musz\u0105 by\u0107 utrzymywane w szczytowej temperaturze lutowania wystarczaj\u0105co d\u0142ugo, aby zapewni\u0107 prawid\u0142owe zwil\u017cenie po\u0142\u0105cze\u0144 lutowniczych. Zaleca si\u0119 jednak ograniczenie szczytowego czasu lutowania do minimum, aby unikn\u0105\u0107 mo\u017cliwo\u015bci uszkodzenia urz\u0105dze\u0144 (zgodnie z literatur\u0105 techniczn\u0105).<\/p>\n\n\t\t<\/div>\n\t<\/div>\n\n\t<div class=\"wpb_text_column wpb_content_element\" >\n\t\t<div class=\"wpb_wrapper\">\n\t\t\t<p><img decoding=\"async\" class=\"size-full wp-image-6080\" title=\"Profile lutowania rozp\u0142ywowego\" src=\"https:\/\/www.langir.com\/wp-content\/uploads\/2019\/04\/reflow-solder-profiles.png\" alt=\"Profile lutowania rozp\u0142ywowego\" \/><\/p>\n\n\t\t<\/div>\n\t<\/div>\n\n\t<div class=\"wpb_text_column wpb_content_element\" >\n\t\t<div class=\"wpb_wrapper\">\n\t\t\t<table border=\"0\" width=\"100%\" cellspacing=\"1\" cellpadding=\"10\" bgcolor=\"#dcdcdc\">\n<tbody>\n<tr bgcolor=\"#ffffff\">\n<td colspan=\"3\" align=\"center\" bgcolor=\"#f0f9ff\"><strong>Klasyfikacja profili rozp\u0142ywowych<\/strong><\/td>\n<\/tr>\n<tr bgcolor=\"#ffffff\">\n<td align=\"center\" bgcolor=\"#f0f9ff\"><strong>Funkcja profilu<\/strong><\/td>\n<td align=\"center\" bgcolor=\"#f0f9ff\"><strong>Zesp\u00f3\u0142 eutektyczny Sn - Pb<\/strong><\/td>\n<td align=\"center\" bgcolor=\"#f0f9ff\"><strong>Monta\u017c bez u\u017cycia o\u0142owiu (Pb)<\/strong><\/p>\n<p>(np. SnAgCu)<\/td>\n<\/tr>\n<tr bgcolor=\"#ffffff\">\n<td bgcolor=\"#ffffff\">\u015arednia szybko\u015b\u0107 narastania (T<sub>(Smax.)<\/sub> do T<sub>P<\/sub>)<\/td>\n<td bgcolor=\"#ffffff\">Maksymalnie 3 \u00b0C\/s<\/td>\n<td bgcolor=\"#ffffff\"><\/td>\n<\/tr>\n<tr bgcolor=\"#ffffff\">\n<td bgcolor=\"#ffffff\"><strong>Rozgrzewanie<\/strong><\/p>\n<ul>\n<li>Minimalna temperatura (T<sub>S(min.)<\/sub>)<\/li>\n<li>Maksymalna temperatura (T<sub>S(maks.)<\/sub>)<\/li>\n<li>Czas (T<sub>S(min.)<\/sub> do T<sub>S(maks.)<\/sub>) (t<sub>S<\/sub>)<\/li>\n<\/ul>\n<\/td>\n<td bgcolor=\"#ffffff\">100\u00baC<\/p>\n<p>150\u00baC<\/p>\n<p>60 s do 120 s<\/td>\n<td bgcolor=\"#ffffff\">150\u00baC<\/p>\n<p>200\u00baC<\/p>\n<p>60 s do 180 s<\/td>\n<\/tr>\n<tr bgcolor=\"#ffffff\">\n<td bgcolor=\"#ffffff\"><strong>Czas utrzymany powy\u017cej <\/strong><\/p>\n<ul>\n<li>Minimalna temperatura (T<sub>L(min.)<\/sub>)<\/li>\n<li>Czas (T<sub>L<\/sub>)<\/li>\n<\/ul>\n<\/td>\n<td>183\u00baC<\/p>\n<p>60 s do 150 s<\/td>\n<td>217\u00baC<\/p>\n<p>60 s do 150 s<\/td>\n<\/tr>\n<tr bgcolor=\"#ffffff\">\n<td bgcolor=\"#ffffff\">Minimalna temperatura szczytowa (T<sub>P(min.)<\/sub>)<\/td>\n<td bgcolor=\"#ffffff\">215\u00baC<\/td>\n<td bgcolor=\"#ffffff\">235\u00baC<\/td>\n<\/tr>\n<tr bgcolor=\"#ffffff\">\n<td bgcolor=\"#ffffff\">Zalecana temperatura szczytowa (T<sub>P<\/sub>)<\/td>\n<td bgcolor=\"#ffffff\">235\u00baC<\/td>\n<td bgcolor=\"#ffffff\">250\u00baC<\/td>\n<\/tr>\n<tr bgcolor=\"#ffffff\">\n<td bgcolor=\"#ffffff\">Maksymalna temperatura szczytowa (T<sub>P(maks.)<\/sub>)<\/td>\n<td bgcolor=\"#ffffff\">260\u00baC<\/td>\n<td bgcolor=\"#ffffff\">260\u00baC<\/td>\n<\/tr>\n<tr bgcolor=\"#ffffff\">\n<td bgcolor=\"#ffffff\">Czas w zakresie 5\u00b0C od rzeczywistej temperatury szczytowej (t<sub>P<\/sub>)<\/td>\n<td bgcolor=\"#ffffff\">10 s do 40 s<\/td>\n<td bgcolor=\"#ffffff\">20 s do 40 s<\/td>\n<\/tr>\n<tr bgcolor=\"#ffffff\">\n<td bgcolor=\"#ffffff\">Szybko\u015b\u0107 zmniejszania<\/td>\n<td bgcolor=\"#ffffff\">Maksymalnie 6\u00baC\/s<\/td>\n<td bgcolor=\"#ffffff\">Maksymalnie 6\u00baC\/s<\/td>\n<\/tr>\n<tr bgcolor=\"#ffffff\">\n<td bgcolor=\"#ffffff\">Czas od 25\u00b0C do temperatury szczytowej<\/td>\n<td bgcolor=\"#ffffff\">Maksymalnie 6 minut<\/td>\n<td bgcolor=\"#ffffff\">Maksymalnie 8 minut<\/td>\n<\/tr>\n<\/tbody>\n<\/table>\n\n\t\t<\/div>\n\t<\/div>\n\n\t<div class=\"wpb_text_column wpb_content_element\" >\n\t\t<div class=\"wpb_wrapper\">\n\t\t\t<p><img decoding=\"async\" class=\"size-full wp-image-6079\" title=\"Profil lutowania na fali\" src=\"https:\/\/www.langir.com\/wp-content\/uploads\/2019\/04\/wave-soldering-profile.png\" alt=\"Profil lutowania na fali\" \/><\/p>\n\n\t\t<\/div>\n\t<\/div>\n\n\t<div class=\"wpb_text_column wpb_content_element\" >\n\t\t<div class=\"wpb_wrapper\">\n\t\t\t<p><strong>Lutowanie r\u0119czne i temperatury<\/strong><\/p>\n\n\t\t<\/div>\n\t<\/div>\n\n\t<div class=\"wpb_text_column wpb_content_element\" >\n\t\t<div class=\"wpb_wrapper\">\n\t\t\t<p style=\"text-align: center;\"><strong>Uwagi<\/strong><\/p>\n<ul>\n<li>Niniejszy dokument powinien s\u0142u\u017cy\u0107 wy\u0142\u0105cznie jako zalecenie. Inne parametry mog\u0105 r\u00f3wnie\u017c wp\u0142ywa\u0107 na lutowanie, wi\u0119c te profile nie gwarantuj\u0105 absolutnego sukcesu.<\/li>\n<li>Profil lutowania powinien by\u0107 okre\u015blony przez producenta pasty lutowniczej, pod warunkiem, \u017ce nie jest on sprzeczny z zaleceniami zawartymi w niniejszym dokumencie.<\/li>\n<\/ul>\n\n\t\t<\/div>\n\t<\/div>\n\n\t<div class=\"wpb_text_column wpb_content_element\" >\n\t\t<div class=\"wpb_wrapper\">\n\t\t\t<table class=\"speical_table\" border=\"0\" width=\"100%\" cellspacing=\"1\" cellpadding=\"8\" bgcolor=\"#dcdcdc\">\n<tbody>\n<tr bgcolor=\"#ffffff\">\n<td colspan=\"8\" align=\"center\" bgcolor=\"#f0f9ff\"><strong>Zalecane specyfikacje lutownicy<\/strong><\/td>\n<\/tr>\n<tr bgcolor=\"#ffffff\">\n<td align=\"center\" bgcolor=\"#f0f9ff\"><strong>Temperatura lutowania (\u00b0C)<\/strong><\/td>\n<td align=\"center\" bgcolor=\"#f0f9ff\"><strong>Temperatura podgrzewania (\u00b0C)<br \/>\n(komponent lub p\u0142ytka)<\/strong><\/td>\n<td align=\"center\" bgcolor=\"#f0f9ff\"><strong>Czas nagrzewania (sek.)<\/strong><\/td>\n<td align=\"center\" bgcolor=\"#f0f9ff\"><strong>Maks. Zmienno\u015b\u0107 Temperatura (\u00b0C)<\/strong><\/td>\n<td align=\"center\" bgcolor=\"#f0f9ff\"><strong>Maks. Czas lutowania (sek)<\/strong><\/td>\n<td align=\"center\" bgcolor=\"#f0f9ff\"><strong>Moc<\/strong><\/td>\n<td align=\"center\" bgcolor=\"#f0f9ff\"><strong>\u015arednica ko\u0144c\u00f3wki<\/strong><\/td>\n<td align=\"center\" bgcolor=\"#f0f9ff\"><strong>Czas lutowania<\/strong><\/td>\n<\/tr>\n<tr bgcolor=\"#ffffff\">\n<td bgcolor=\"#ffffff\">280~300<\/td>\n<td bgcolor=\"#ffffff\">\u2265150\u00b0C<\/td>\n<td bgcolor=\"#ffffff\">\u226560 sekund<\/td>\n<td bgcolor=\"#ffffff\">\u25b3T\u2264130<\/td>\n<td>\u22645 sekund<\/td>\n<td>30W maks.<\/td>\n<td>3 mm Maks.<\/td>\n<td>2~3 sek. maks.<\/td>\n<\/tr>\n<\/tbody>\n<\/table>\n\n\t\t<\/div>\n\t<\/div>\n\n<div class=\"vc-zigzag-wrapper vc-zigzag-align-center\"><div class=\"vc-zigzag-inner\" style=\"width: 100%;min-height: 14px;background: 0 repeat-x url(&#039;data:image\/svg+xml;utf-8,%3C%3Fxml%20version%3D%221.0%22%20encoding%3D%22utf-8%22%3F%3E%3C%21DOCTYPE%20svg%20PUBLIC%20%22-%2F%2FW3C%2F%2FDTD%20SVG%201.1%2F%2FEN%22%20%22http%3A%2F%2Fwww.w3.org%2FGraphics%2FSVG%2F1.1%2FDTD%2Fsvg11.dtd%22%3E%3Csvg%20width%3D%2214px%22%20height%3D%2212px%22%20viewBox%3D%220%200%2018%2015%22%20version%3D%221.1%22%20xmlns%3D%22http%3A%2F%2Fwww.w3.org%2F2000%2Fsvg%22%20xmlns%3Axlink%3D%22http%3A%2F%2Fwww.w3.org%2F1999%2Fxlink%22%3E%3Cpolygon%20id%3D%22Combined-Shape%22%20fill%3D%22%23ebebeb%22%20points%3D%228.98762301%200%200%209.12771969%200%2014.519983%209%205.40479869%2018%2014.519983%2018%209.12771969%22%3E%3C%2Fpolygon%3E%3C%2Fsvg%3E&#039;);\"><\/div><\/div>\n\t<div class=\"wpb_text_column wpb_content_element\" >\n\t\t<div class=\"wpb_wrapper\">\n\t\t\t<p><iframe style=\"width: 100%; border: none;\" title=\"Wbudowany formularz Wufoo\" src=\"https:\/\/langir.wufoo.com\/embed\/zcdgace1ql3iv4\/\" height=\"766\" frameborder=\"0\" scrolling=\"no\" sandbox=\"allow-popups-to-escape-sandbox allow-top-navigation allow-scripts allow-popups allow-forms allow-same-origin\"> <a href=\"https:\/\/langir.wufoo.com\/forms\/zcdgace1ql3iv4\/\" target=\"_blank\" rel=\"noopener\">Wype\u0142nij m\u00f3j formularz Wufoo!<\/a> <\/iframe><\/p>\n\n\t\t<\/div>\n\t<\/div>\n<\/div><\/div><\/div><\/div>\n<\/div>","protected":false},"excerpt":{"rendered":"RECOMMENDED SOLDERING PROFILES Soldering conditions are affected by mounting and PCB parameters. Please take these factors into account when using these solder profiles. These are recommendations only and no guarantees are implied by them. COMPONENT TESTING AFTER REFLOW\/REWORK FOR MLCC'S: All component testing after reflow\/rework should be performed after \u2265 24hrs to ensure accurate capacitance [...]","protected":false},"author":1,"featured_media":7426,"parent":0,"menu_order":21,"comment_status":"closed","ping_status":"closed","template":"page-default.php","meta":{"_acf_changed":false,"_metasync_otto_title":"","_metasync_otto_description":"","rank_math_title":"","rank_math_description":"Soldering conditions are affected by mounting and PCB parameters. Please take these factors into account when using these soldering profiles. ","_yoast_wpseo_title":"","_yoast_wpseo_metadesc":"","footnotes":""},"class_list":["post-7477","page","type-page","status-publish","has-post-thumbnail","hentry","entry"],"acf":[],"post_mailing_queue_ids":[],"_links":{"self":[{"href":"https:\/\/www.langir.com\/pl\/wp-json\/wp\/v2\/pages\/7477","targetHints":{"allow":["GET"]}}],"collection":[{"href":"https:\/\/www.langir.com\/pl\/wp-json\/wp\/v2\/pages"}],"about":[{"href":"https:\/\/www.langir.com\/pl\/wp-json\/wp\/v2\/types\/page"}],"author":[{"embeddable":true,"href":"https:\/\/www.langir.com\/pl\/wp-json\/wp\/v2\/users\/1"}],"replies":[{"embeddable":true,"href":"https:\/\/www.langir.com\/pl\/wp-json\/wp\/v2\/comments?post=7477"}],"version-history":[{"count":1,"href":"https:\/\/www.langir.com\/pl\/wp-json\/wp\/v2\/pages\/7477\/revisions"}],"predecessor-version":[{"id":16185,"href":"https:\/\/www.langir.com\/pl\/wp-json\/wp\/v2\/pages\/7477\/revisions\/16185"}],"wp:featuredmedia":[{"embeddable":true,"href":"https:\/\/www.langir.com\/pl\/wp-json\/wp\/v2\/media\/7426"}],"wp:attachment":[{"href":"https:\/\/www.langir.com\/pl\/wp-json\/wp\/v2\/media?parent=7477"}],"curies":[{"name":"wp","href":"https:\/\/api.w.org\/{rel}","templated":true}]}}