{"id":7484,"date":"2019-11-21T09:11:38","date_gmt":"2019-11-21T09:11:38","guid":{"rendered":"https:\/\/www.langir.com\/?page_id=7484"},"modified":"2020-08-31T05:46:47","modified_gmt":"2020-08-31T05:46:47","slug":"thanks-subscribe-to-our-newsletter","status":"publish","type":"page","link":"https:\/\/www.langir.com\/pl\/thanks-subscribe-to-our-newsletter\/","title":{"rendered":"Podzi\u0119kowania Zapisz si\u0119 do naszego newslettera"},"content":{"rendered":"<div class=\"wpb-content-wrapper\"><div class=\"vc_row wpb_row vc_row-fluid vc_custom_1427872445081\"><div class=\"wpb_column vc_column_container vc_col-sm-12\"><div class=\"vc_column-inner\"><div class=\"wpb_wrapper\">\n\t<div class=\"wpb_text_column wpb_content_element\" >\n\t\t<div class=\"wpb_wrapper\">\n\t\t\t<p>Witajcie przyjaciele:<\/p>\n<p>Dzi\u0119kujemy za zapisanie si\u0119 do naszego newslettera. Subskrybuj\u0105c go, b\u0119dziesz regularnie otrzymywa\u0107 informacje o nowych produktach, projektach, planach na przysz\u0142o\u015b\u0107 i wystawach, programach szkoleniowych.<\/p>\n<p>Je\u015bli nie otrzymasz odpowiedzi od naszego zespo\u0142u, zawsze istnieje dobry pow\u00f3d: Sprawd\u017a filtr antyspamowy lub zapor\u0119 sieciow\u0105, poniewa\u017c prawdopodobnie blokuj\u0105 one nasz\u0105 odpowied\u017a.<\/p>\n<p>Pozdrawiam,<br \/>\n<strong>Zesp\u00f3\u0142 LANGIR<\/strong><\/p>\n\n\t\t<\/div>\n\t<\/div>\n<\/div><\/div><\/div><\/div>\n<\/div>","protected":false},"excerpt":{"rendered":"Hello friends: Thanks a lot for subscribing to our newsletter. Subscribe to this information you will regularly receive new products information, the design, the future plans and Exhibition, training programs. If you don't receive a reply from our team, there's always a good reason: Please check your Spam filter or Firewall, as they're likely blocking [...]","protected":false},"author":1,"featured_media":7480,"parent":0,"menu_order":19,"comment_status":"closed","ping_status":"closed","template":"page-default.php","meta":{"_acf_changed":false,"_metasync_otto_title":"","_metasync_otto_description":"","rank_math_title":"","rank_math_description":"Subscribe to this information you will regularly receive new products information, the design, the future plans and Exhibition, training programs.","_yoast_wpseo_title":"","_yoast_wpseo_metadesc":"","footnotes":""},"class_list":["post-7484","page","type-page","status-publish","has-post-thumbnail","hentry","entry"],"acf":[],"post_mailing_queue_ids":[],"_links":{"self":[{"href":"https:\/\/www.langir.com\/pl\/wp-json\/wp\/v2\/pages\/7484","targetHints":{"allow":["GET"]}}],"collection":[{"href":"https:\/\/www.langir.com\/pl\/wp-json\/wp\/v2\/pages"}],"about":[{"href":"https:\/\/www.langir.com\/pl\/wp-json\/wp\/v2\/types\/page"}],"author":[{"embeddable":true,"href":"https:\/\/www.langir.com\/pl\/wp-json\/wp\/v2\/users\/1"}],"replies":[{"embeddable":true,"href":"https:\/\/www.langir.com\/pl\/wp-json\/wp\/v2\/comments?post=7484"}],"version-history":[{"count":0,"href":"https:\/\/www.langir.com\/pl\/wp-json\/wp\/v2\/pages\/7484\/revisions"}],"wp:featuredmedia":[{"embeddable":true,"href":"https:\/\/www.langir.com\/pl\/wp-json\/wp\/v2\/media\/7480"}],"wp:attachment":[{"href":"https:\/\/www.langir.com\/pl\/wp-json\/wp\/v2\/media?parent=7484"}],"curies":[{"name":"wp","href":"https:\/\/api.w.org\/{rel}","templated":true}]}}