{"id":8222,"date":"2021-03-19T04:04:24","date_gmt":"2021-03-19T04:04:24","guid":{"rendered":"https:\/\/www.langir.com\/?page_id=8222"},"modified":"2026-03-30T08:53:34","modified_gmt":"2026-03-30T08:53:34","slug":"conflict-minerals-policy-statement","status":"publish","type":"page","link":"https:\/\/www.langir.com\/pl\/conflict-minerals-policy-statement\/","title":{"rendered":"O\u015bwiadczenie dotycz\u0105ce polityki w zakresie minera\u0142\u00f3w z region\u00f3w ogarni\u0119tych konfliktami"},"content":{"rendered":"<div class=\"wpb-content-wrapper\"><div class=\"vc_row wpb_row vc_row-fluid vc_custom_1616125721825\"><div class=\"wpb_column vc_column_container vc_col-sm-12\"><div class=\"vc_column-inner\"><div class=\"wpb_wrapper\">\n\t<div class=\"wpb_text_column wpb_content_element vc_custom_1640762081898\" >\n\t\t<div class=\"wpb_wrapper\">\n\t\t\t<h1 style=\"font-size: 40px; text-align: center;\"><strong>POLITYKA DOTYCZ\u0104CA MINERA\u0141\u00d3W KONFLIKTU<\/strong><\/h1>\n<hr style=\"border-top: 5px solid #fe9901;\" \/>\n\n\t\t<\/div>\n\t<\/div>\n\n\t<div class=\"wpb_text_column wpb_content_element vc_custom_1616124179264\" >\n\t\t<div class=\"wpb_wrapper\">\n\t\t\t<p>Jako firma odpowiedzialna spo\u0142ecznie, Langir troszczy si\u0119 o dobro ludzi i spo\u0142eczno\u015bci. Prowadzimy dzia\u0142alno\u015b\u0107 w spos\u00f3b uczciwy i etyczny, szanujemy prawa cz\u0142owieka, przestrzegamy przepis\u00f3w prawa i regulacji oraz post\u0119pujemy zgodnie z rygorystycznym Kodeksem Post\u0119powania.<\/p>\n\n\t\t<\/div>\n\t<\/div>\n<\/div><\/div><\/div><\/div><div data-vc-full-width=\"true\" data-vc-full-width-temp=\"true\" data-vc-full-width-init=\"false\" data-vc-stretch-content=\"true\" class=\"vc_row wpb_row vc_row-fluid vc_custom_1616126469702 vc_row-has-fill\"><div class=\"wpb_column vc_column_container vc_col-sm-12\"><div class=\"vc_column-inner\"><div class=\"wpb_wrapper\"><div class=\"vc_row wpb_row vc_inner vc_row-fluid container\"><div class=\"wpb_column vc_column_container vc_col-sm-8\"><div class=\"vc_column-inner\"><div class=\"wpb_wrapper\">\n\t<div class=\"wpb_text_column wpb_content_element vc_custom_1616125897467\" >\n\t\t<div class=\"wpb_wrapper\">\n\t\t\t<h2 style=\"text-align: left; font-size: 30px; color: #fe9901;\">O\u015bwiadczenie w sprawie polityki dotycz\u0105cej minera\u0142\u00f3w z region\u00f3w ogarni\u0119tych konfliktami<\/h2>\n\n\t\t<\/div>\n\t<\/div>\n\n\t<div class=\"wpb_text_column wpb_content_element\" >\n\t\t<div class=\"wpb_wrapper\">\n\t\t\t<p>Langir Electric (\"Langir\") zobowi\u0105zuje si\u0119 do spe\u0142niania najwy\u017cszych standard\u00f3w jako\u015bci naszych produkt\u00f3w i us\u0142ug, a tak\u017ce sposobu, w jaki prowadzimy nasz\u0105 dzia\u0142alno\u015b\u0107.<\/p>\n<p>Wsp\u00f3\u0142pracujemy z naszymi dostawcami, aby zapewni\u0107, \u017ce warunki pracy w naszym \u0142a\u0144cuchu dostaw s\u0105 bezpieczne, pracownicy s\u0105 traktowani z szacunkiem, a procesy produkcyjne s\u0105 odpowiedzialne pod wzgl\u0119dem \u015brodowiskowym i spo\u0142ecznym.<\/p>\n<p>Ameryka\u0144ska Komisja Papier\u00f3w Warto\u015bciowych i Gie\u0142d (\"SEC\") przyj\u0119\u0142a zasady wymagaj\u0105ce od sp\u00f3\u0142ek notowanych na gie\u0142dzie ujawniania, czy wykorzystuj\u0105 one tantal, cyn\u0119, z\u0142oto lub wolfram (\"Minera\u0142y Konfliktu\"), kt\u00f3re pochodz\u0105 z Demokratycznej Republiki Konga (\"DRK\") lub kraj\u00f3w s\u0105siednich (\"Kraje Obj\u0119te Konfliktem\"), a je\u015bli tak, to \"sp\u00f3\u0142ki maj\u0105 do\u0142o\u017cy\u0107 nale\u017cytej staranno\u015bci w zakresie \u017ar\u00f3d\u0142a i \u0142a\u0144cucha dostaw tych Minera\u0142\u00f3w Konfliktu oraz zg\u0142asza\u0107 wyniki swoich bada\u0144 i nale\u017cytej staranno\u015bci\".<\/p>\n<p>Langir wdro\u017cy\u0142 \u015brodki maj\u0105ce na celu zapewnienie zgodno\u015bci z sekcj\u0105 1502 ustawy Dodda-Franka, kt\u00f3ra ma na celu zapobieganie wykorzystywaniu minera\u0142\u00f3w z region\u00f3w ogarni\u0119tych konfliktami, kt\u00f3re bezpo\u015brednio lub po\u015brednio pomagaj\u0105 finansowa\u0107 lub przynosi\u0107 korzy\u015bci grupom zbrojnym w krajach obj\u0119tych ustaw\u0105.<\/p>\n<p>Langir d\u0105\u017cy do tego, aby by\u0107 firm\u0105 \"woln\u0105 od minera\u0142\u00f3w konfliktowych\" i podejmuje wymagane \u015brodki w celu przegl\u0105du i kontroli proces\u00f3w w ca\u0142ym \u0142a\u0144cuchu dostaw w celu osi\u0105gni\u0119cia \u0142a\u0144cucha dostaw wolnego od konflikt\u00f3w. Langir przestrzega wszystkich obowi\u0105zuj\u0105cych przepis\u00f3w i zobowi\u0105zuje si\u0119 do pracy nad popraw\u0105 identyfikowalno\u015bci minera\u0142\u00f3w konfliktu i zapewnienia odpowiedzialnego zaopatrzenia.<\/p>\n<p>Langir w\u0142\u0105czy\u0142 zasady wymog\u00f3w Conflict Minerals do swoich praktyk biznesowych. Nasz proces zatwierdzania nowych dostawc\u00f3w zawiera wymogi dotycz\u0105ce minera\u0142\u00f3w z region\u00f3w ogarni\u0119tych konfliktami. Langir przeka\u017ce t\u0119 polityk\u0119 swoim dostawcom i zach\u0119ci ich do ustanowienia podobnej polityki dla ich \u0142a\u0144cucha dostaw. Dostawcy, kt\u00f3rzy nie b\u0119d\u0105 przestrzega\u0107 lub d\u0105\u017cy\u0107 do przestrzegania przepis\u00f3w dotycz\u0105cych minera\u0142\u00f3w konfliktowych, zostan\u0105 wyeliminowani z przysz\u0142ych mo\u017cliwo\u015bci biznesowych z Langir.<\/p>\n<p>Zgodnie z definicj\u0105 \"DRC Conflict-Free\", produkty dostarczane do Langir:<\/p>\n<p>1. Nie zawieraj\u0105 tantalu, cyny, wolframu ani z\u0142ota (3TG) jako pierwiastk\u00f3w niezb\u0119dnych do ich produkcji lub dzia\u0142ania,<\/p>\n<p>2. Je\u015bli produkty dostarczane do Langir zawieraj\u0105 te minera\u0142y, musz\u0105 one pochodzi\u0107 spoza Demokratycznej Republiki Konga, pochodzi\u0107 ze z\u0142omu lub \u017ar\u00f3de\u0142 poddanych recyklingowi lub by\u0107 dostarczane z hut, kt\u00f3re zosta\u0142y zatwierdzone przez niezale\u017cn\u0105 stron\u0119 z sektora prywatnego jako wolne od konflikt\u00f3w. Certyfikowane huty bezkonfliktowe s\u0105 zatwierdzane jako zgodne z protoko\u0142em hut bezkonfliktowych (CFS) EICC (Electronic Industry Citizenship Coalition) przy u\u017cyciu listy hut zgodnych z CFSC. Dzi\u0119ki protoko\u0142owi CFS huty s\u0105 kontrolowane na ca\u0142ym \u015bwiecie; lista zgodnych hut i rafinerii jest dost\u0119pna na stronie www.conflictfreesmelter.org.<\/p>\n\n\t\t<\/div>\n\t<\/div>\n<\/div><\/div><\/div><div class=\"wpb_column vc_column_container vc_col-sm-4\"><div class=\"vc_column-inner\"><div class=\"wpb_wrapper\">\n\t<div class=\"wpb_text_column wpb_content_element\" >\n\t\t<div class=\"wpb_wrapper\">\n\t\t\t<p><img fetchpriority=\"high\" decoding=\"async\" class=\"size-full wp-image-8244 aligncenter\" src=\"https:\/\/www.langir.com\/wp-content\/uploads\/2021\/03\/Conflict-Minerals.jpg\" alt=\"POLITYKA DOTYCZ\u0104CA MINERA\u0141\u00d3W KONFLIKTU\" width=\"634\" height=\"380\" srcset=\"https:\/\/www.langir.com\/wp-content\/uploads\/2021\/03\/Conflict-Minerals.jpg 634w, https:\/\/www.langir.com\/wp-content\/uploads\/2021\/03\/Conflict-Minerals-300x180.jpg 300w\" sizes=\"(max-width: 634px) 100vw, 634px\" \/><\/p>\n\n\t\t<\/div>\n\t<\/div>\n<\/div><\/div><\/div><\/div><\/div><\/div><\/div><\/div><div class=\"vc_row-full-width vc_clearfix\"><\/div><div class=\"vc_row wpb_row vc_row-fluid\"><div class=\"wpb_column vc_column_container vc_col-sm-12\"><div class=\"vc_column-inner\"><div class=\"wpb_wrapper\">\n<div class=\"vc-zigzag-wrapper vc-zigzag-align-center\"><div class=\"vc-zigzag-inner\" style=\"width: 100%;min-height: 14px;background: 0 repeat-x url(&#039;data:image\/svg+xml;utf-8,%3C%3Fxml%20version%3D%221.0%22%20encoding%3D%22utf-8%22%3F%3E%3C%21DOCTYPE%20svg%20PUBLIC%20%22-%2F%2FW3C%2F%2FDTD%20SVG%201.1%2F%2FEN%22%20%22http%3A%2F%2Fwww.w3.org%2FGraphics%2FSVG%2F1.1%2FDTD%2Fsvg11.dtd%22%3E%3Csvg%20width%3D%2214px%22%20height%3D%2212px%22%20viewBox%3D%220%200%2018%2015%22%20version%3D%221.1%22%20xmlns%3D%22http%3A%2F%2Fwww.w3.org%2F2000%2Fsvg%22%20xmlns%3Axlink%3D%22http%3A%2F%2Fwww.w3.org%2F1999%2Fxlink%22%3E%3Cpolygon%20id%3D%22Combined-Shape%22%20fill%3D%22%23ebebeb%22%20points%3D%228.98762301%200%200%209.12771969%200%2014.519983%209%205.40479869%2018%2014.519983%2018%209.12771969%22%3E%3C%2Fpolygon%3E%3C%2Fsvg%3E&#039;);\"><\/div><\/div>\n\t<div class=\"wpb_text_column wpb_content_element\" >\n\t\t<div class=\"wpb_wrapper\">\n\t\t\t<p><iframe style=\"width: 100%; border: none;\" title=\"Wbudowany formularz Wufoo\" src=\"https:\/\/langir.wufoo.com\/embed\/zcdgace1ql3iv4\/\" height=\"766\" frameborder=\"0\" scrolling=\"no\" sandbox=\"allow-popups-to-escape-sandbox allow-top-navigation allow-scripts allow-popups allow-forms allow-same-origin\"> <a href=\"https:\/\/langir.wufoo.com\/forms\/zcdgace1ql3iv4\/\" target=\"_blank\" rel=\"noopener\">Wype\u0142nij m\u00f3j formularz Wufoo!<\/a> <\/iframe><\/p>\n\n\t\t<\/div>\n\t<\/div>\n<\/div><\/div><\/div><\/div>\n<\/div>","protected":false},"excerpt":{"rendered":"CONFLICT MINERAL POLICY As a socially responsible company, Langir has concern for the well-being of people and communities. We conduct business fairly and ethically, respect human rights, comply with laws and regulations, and follow a rigorous Code of Conduct. Policy Statement on Conflict Minerals Langir Electric (\u201cLangir\u201d) is committed to the meeting the highest quality [...]","protected":false},"author":1,"featured_media":8244,"parent":0,"menu_order":17,"comment_status":"closed","ping_status":"closed","template":"page-newdemo.php","meta":{"_acf_changed":false,"footnotes":""},"class_list":["post-8222","page","type-page","status-publish","has-post-thumbnail","hentry","entry"],"acf":[],"post_mailing_queue_ids":[],"_links":{"self":[{"href":"https:\/\/www.langir.com\/pl\/wp-json\/wp\/v2\/pages\/8222","targetHints":{"allow":["GET"]}}],"collection":[{"href":"https:\/\/www.langir.com\/pl\/wp-json\/wp\/v2\/pages"}],"about":[{"href":"https:\/\/www.langir.com\/pl\/wp-json\/wp\/v2\/types\/page"}],"author":[{"embeddable":true,"href":"https:\/\/www.langir.com\/pl\/wp-json\/wp\/v2\/users\/1"}],"replies":[{"embeddable":true,"href":"https:\/\/www.langir.com\/pl\/wp-json\/wp\/v2\/comments?post=8222"}],"version-history":[{"count":1,"href":"https:\/\/www.langir.com\/pl\/wp-json\/wp\/v2\/pages\/8222\/revisions"}],"predecessor-version":[{"id":16184,"href":"https:\/\/www.langir.com\/pl\/wp-json\/wp\/v2\/pages\/8222\/revisions\/16184"}],"wp:featuredmedia":[{"embeddable":true,"href":"https:\/\/www.langir.com\/pl\/wp-json\/wp\/v2\/media\/8244"}],"wp:attachment":[{"href":"https:\/\/www.langir.com\/pl\/wp-json\/wp\/v2\/media?parent=8222"}],"curies":[{"name":"wp","href":"https:\/\/api.w.org\/{rel}","templated":true}]}}