{"id":8402,"date":"2021-03-26T05:15:44","date_gmt":"2021-03-26T05:15:44","guid":{"rendered":"https:\/\/www.langir.com\/?page_id=8402"},"modified":"2025-07-02T08:18:45","modified_gmt":"2025-07-02T08:18:45","slug":"company","status":"publish","type":"page","link":"https:\/\/www.langir.com\/pl\/company\/","title":{"rendered":"Firma"},"content":{"rendered":"<div class=\"wpb-content-wrapper\"><div class=\"vc_row wpb_row vc_row-fluid row_margin\"><div class=\"column_border wpb_column vc_column_container vc_col-sm-4\"><div class=\"vc_column-inner vc_custom_1615788018239\"><div class=\"wpb_wrapper\">\n\t<div class=\"wpb_text_column wpb_content_element vc_custom_1640761552762\" >\n\t\t<div class=\"wpb_wrapper\">\n\t\t\t<h1 class=\"h2_title\" style=\"text-align: center; font-size: 40px; color: #333; text-transform: uppercase; font-weight: bolder;\">Firma<\/h1>\n\n\t\t<\/div>\n\t<\/div>\n<\/div><\/div><\/div><div class=\"column_border wpb_column vc_column_container vc_col-sm-8\"><div class=\"vc_column-inner\"><div class=\"wpb_wrapper\">\n\t<div class=\"wpb_text_column wpb_content_element vc_custom_1751444315806\" >\n\t\t<div class=\"wpb_wrapper\">\n\t\t\t<p>Langir Profesjonalny projekt i producent prze\u0142\u0105cznik\u00f3w antywandalowych, prze\u0142\u0105cznik\u00f3w piezoelektrycznych, prze\u0142\u0105cznik\u00f3w pojemno\u015bciowych i zabezpiecze\u0144 obwod\u00f3w.<\/p>\n<p>Prze\u0142\u0105czniki oferuj\u0105 atrakcyjne, solidne i trwa\u0142e prze\u0142\u0105czniki, dost\u0119pne z r\u00f3\u017cnymi \u015brednicami tulei, kszta\u0142tami si\u0142ownik\u00f3w, materia\u0142ami tulei i si\u0142ownik\u00f3w.<\/p>\n<p>Liderzy w dziedzinie in\u017cynierii, innowacji i jako\u015bci Langir doprowadzaj\u0105 technologi\u0119 piezoelektryczn\u0105 do perfekcji.<\/p>\n\n\t\t<\/div>\n\t<\/div>\n<\/div><\/div><\/div><\/div><div class=\"vc_row wpb_row vc_row-fluid\"><div class=\"wpb_column vc_column_container vc_col-sm-12\"><div class=\"vc_column-inner\"><div class=\"wpb_wrapper\">\n\t<div class=\"wpb_text_column wpb_content_element\" >\n\t\t<div class=\"wpb_wrapper\">\n\t\t\t\n\t\t<\/div>\n\t<\/div>\n<\/div><\/div><\/div><\/div><div data-vc-full-width=\"true\" data-vc-full-width-temp=\"true\" data-vc-full-width-init=\"false\" class=\"vc_row wpb_row vc_row-fluid vc_custom_1616731107993 vc_row-has-fill\"><div class=\"wpb_column vc_column_container vc_col-sm-12\"><div class=\"vc_column-inner\"><div class=\"wpb_wrapper\"><div class=\"vc_row wpb_row vc_inner vc_row-fluid container\"><div class=\"wpb_column vc_column_container vc_col-sm-6\"><div class=\"vc_column-inner\"><div class=\"wpb_wrapper\">\n\t<div class=\"wpb_text_column wpb_content_element vc_custom_1616732767444\" >\n\t\t<div class=\"wpb_wrapper\">\n\t\t\t<p><img fetchpriority=\"high\" decoding=\"async\" class=\"size-full wp-image-8149 aligncenter\" src=\"https:\/\/www.langir.com\/wp-content\/uploads\/2021\/03\/panel-mounting-sw.jpg\" alt=\"Prze\u0142\u0105cznik antywandalowy\" width=\"500\" height=\"300\" srcset=\"https:\/\/www.langir.com\/wp-content\/uploads\/2021\/03\/panel-mounting-sw.jpg 500w, https:\/\/www.langir.com\/wp-content\/uploads\/2021\/03\/panel-mounting-sw-300x180.jpg 300w\" sizes=\"(max-width: 500px) 100vw, 500px\" \/><\/p>\n\n\t\t<\/div>\n\t<\/div>\n<\/div><\/div><\/div><div class=\"wpb_column vc_column_container vc_col-sm-6\"><div class=\"vc_column-inner\"><div class=\"wpb_wrapper\">\n\t<div class=\"wpb_text_column wpb_content_element vc_custom_1616732596936\" >\n\t\t<div class=\"wpb_wrapper\">\n\t\t\t<h2 style=\"text-align: left; font-size: 30px; color: #fe9901;\">Warto\u015bci<\/h2>\n<hr style=\"border-top: 1px solid #fe9901;\" \/>\n\n\t\t<\/div>\n\t<\/div>\n\n\t<div class=\"wpb_text_column wpb_content_element vc_custom_1616733151677\" >\n\t\t<div class=\"wpb_wrapper\">\n\t\t\t<p><strong>Wierzymy<\/strong><\/p>\n<ul>\n<li>w nieustannym d\u0105\u017ceniu do jako\u015bci.<\/li>\n<li>w g\u0142\u0119bokiej wsp\u00f3\u0142pracy mi\u0119dzy naszymi zespo\u0142ami oraz z naszymi klientami i partnerami.<\/li>\n<li>w ci\u0105g\u0142ym doskonaleniu, zawsze mo\u017cemy by\u0107 lepsi.<\/li>\n<li>\u017ce koncentracja na kliencie i wspieranie innowacji maj\u0105 kluczowe znaczenie dla sukcesu.<\/li>\n<\/ul>\n\n\t\t<\/div>\n\t<\/div>\n<\/div><\/div><\/div><\/div><div id=\"pc_show\" class=\"vc_row wpb_row vc_inner vc_row-fluid container\"><div class=\"wpb_column vc_column_container vc_col-sm-6\"><div class=\"vc_column-inner\"><div class=\"wpb_wrapper\">\n\t<div class=\"wpb_text_column wpb_content_element vc_custom_1616732973013\" >\n\t\t<div class=\"wpb_wrapper\">\n\t\t\t<h2 style=\"text-align: left; font-size: 30px; color: #fe9901;\">Historia<\/h2>\n<hr style=\"border-top: 1px solid #fe9901;\" \/>\n\n\t\t<\/div>\n\t<\/div>\n\n\t<div class=\"wpb_text_column wpb_content_element vc_custom_1711944571844\" >\n\t\t<div class=\"wpb_wrapper\">\n\t\t\t<p>Firma Langir Electric (Langir) zosta\u0142a za\u0142o\u017cona w 2009 roku i rozpocz\u0119\u0142a projektowanie i dystrybucj\u0119 produkt\u00f3w elektrycznych dla przemys\u0142u. Wraz z rozwojem firmy, Langir rozpocz\u0105\u0142 profesjonalne projektowanie, produkcj\u0119 prze\u0142\u0105cznik\u00f3w antywandalowych, prze\u0142\u0105cznik\u00f3w piezoelektrycznych, prze\u0142\u0105cznik\u00f3w pojemno\u015bciowych, ochrony obwod\u00f3w i us\u0142ug OEM w 2014 roku i jest obecnie najbardziej zaufanym rozwi\u0105zaniem i dostawc\u0105 prze\u0142\u0105cznik\u00f3w na rynku.<\/p>\n\n\t\t<\/div>\n\t<\/div>\n<\/div><\/div><\/div><div class=\"wpb_column vc_column_container vc_col-sm-6\"><div class=\"vc_column-inner\"><div class=\"wpb_wrapper\">\n\t<div class=\"wpb_text_column wpb_content_element vc_custom_1616732926893\" >\n\t\t<div class=\"wpb_wrapper\">\n\t\t\t<p><img decoding=\"async\" class=\"size-full wp-image-8151 aligncenter\" src=\"https:\/\/www.langir.com\/wp-content\/uploads\/2021\/03\/piezosw.jpg\" alt=\"Prze\u0142\u0105cznik piezoelektryczny\" width=\"500\" height=\"300\" srcset=\"https:\/\/www.langir.com\/wp-content\/uploads\/2021\/03\/piezosw.jpg 500w, https:\/\/www.langir.com\/wp-content\/uploads\/2021\/03\/piezosw-300x180.jpg 300w\" sizes=\"(max-width: 500px) 100vw, 500px\" \/><\/p>\n\n\t\t<\/div>\n\t<\/div>\n<\/div><\/div><\/div><\/div><div id=\"mobile_show\" class=\"vc_row wpb_row vc_inner vc_row-fluid container\"><div class=\"wpb_column vc_column_container vc_col-sm-6\"><div class=\"vc_column-inner\"><div class=\"wpb_wrapper\">\n\t<div class=\"wpb_text_column wpb_content_element vc_custom_1616732926893\" >\n\t\t<div class=\"wpb_wrapper\">\n\t\t\t<p><img decoding=\"async\" class=\"size-full wp-image-8151 aligncenter\" src=\"https:\/\/www.langir.com\/wp-content\/uploads\/2021\/03\/piezosw.jpg\" alt=\"Prze\u0142\u0105cznik piezoelektryczny\" width=\"500\" height=\"300\" srcset=\"https:\/\/www.langir.com\/wp-content\/uploads\/2021\/03\/piezosw.jpg 500w, https:\/\/www.langir.com\/wp-content\/uploads\/2021\/03\/piezosw-300x180.jpg 300w\" sizes=\"(max-width: 500px) 100vw, 500px\" \/><\/p>\n\n\t\t<\/div>\n\t<\/div>\n<\/div><\/div><\/div><div class=\"wpb_column vc_column_container vc_col-sm-6\"><div class=\"vc_column-inner\"><div class=\"wpb_wrapper\">\n\t<div class=\"wpb_text_column wpb_content_element vc_custom_1616732973013\" >\n\t\t<div class=\"wpb_wrapper\">\n\t\t\t<h2 style=\"text-align: left; font-size: 30px; color: #fe9901;\">Historia<\/h2>\n<hr style=\"border-top: 1px solid #fe9901;\" \/>\n\n\t\t<\/div>\n\t<\/div>\n\n\t<div class=\"wpb_text_column wpb_content_element vc_custom_1711944682274\" >\n\t\t<div class=\"wpb_wrapper\">\n\t\t\t<p>Firma Langir Electric (Langir) zosta\u0142a za\u0142o\u017cona w 2009 roku i rozpocz\u0119\u0142a projektowanie i dystrybucj\u0119 produkt\u00f3w elektrycznych dla przemys\u0142u. Wraz z rozwojem firmy, Langir rozpocz\u0105\u0142 profesjonalne projektowanie, produkcj\u0119 prze\u0142\u0105cznik\u00f3w antywandalowych, prze\u0142\u0105cznik\u00f3w piezoelektrycznych, prze\u0142\u0105cznik\u00f3w pojemno\u015bciowych, ochrony obwod\u00f3w i us\u0142ug OEM w 2014 roku i jest obecnie najbardziej zaufanym rozwi\u0105zaniem i dostawc\u0105 prze\u0142\u0105cznik\u00f3w na rynku.<\/p>\n\n\t\t<\/div>\n\t<\/div>\n<\/div><\/div><\/div><\/div><div class=\"vc_row wpb_row vc_inner vc_row-fluid container\"><div class=\"wpb_column vc_column_container vc_col-sm-6\"><div class=\"vc_column-inner\"><div class=\"wpb_wrapper\">\n\t<div class=\"wpb_text_column wpb_content_element vc_custom_1615530131403\" >\n\t\t<div class=\"wpb_wrapper\">\n\t\t\t<p><img decoding=\"async\" class=\"size-full wp-image-8194 aligncenter\" src=\"https:\/\/www.langir.com\/wp-content\/uploads\/2021\/03\/quality.jpg\" alt=\"Jako\u015b\u0107\" width=\"500\" height=\"300\" srcset=\"https:\/\/www.langir.com\/wp-content\/uploads\/2021\/03\/quality.jpg 500w, https:\/\/www.langir.com\/wp-content\/uploads\/2021\/03\/quality-300x180.jpg 300w\" sizes=\"(max-width: 500px) 100vw, 500px\" \/><\/p>\n\n\t\t<\/div>\n\t<\/div>\n<\/div><\/div><\/div><div class=\"wpb_column vc_column_container vc_col-sm-6\"><div class=\"vc_column-inner\"><div class=\"wpb_wrapper\">\n\t<div class=\"wpb_text_column wpb_content_element vc_custom_1616124694289\" >\n\t\t<div class=\"wpb_wrapper\">\n\t\t\t<h2 style=\"text-align: left; font-size: 30px; color: #fe9901;\">Jako\u015b\u0107<\/h2>\n<hr style=\"border-top: 1px solid #fe9901;\" \/>\n\n\t\t<\/div>\n\t<\/div>\n\n\t<div class=\"wpb_text_column wpb_content_element vc_custom_1616124714203\" >\n\t\t<div class=\"wpb_wrapper\">\n\t\t\t<p>Dbaj\u0105c o jako\u015b\u0107, Langir Electric wdro\u017cy\u0142 system zarz\u0105dzania jako\u015bci\u0105 oparty na najbardziej znanych metodach i standardach (np. ISO9001:2015).  Dzi\u0119ki ponad 16-letniemu d\u0142ugoterminowemu dostawcy surowc\u00f3w, nasze wymagania dotycz\u0105ce surowc\u00f3w s\u0105 wy\u017csze ni\u017c na rynku. Nasi dostawcy zajmuj\u0105cy si\u0119 obr\u00f3bk\u0105 tokarek wytwarzaj\u0105 skorupy zgodnie z wymaganiami procesu tokarskiego. Kiedy docieraj\u0105 do naszej linii produkcyjnej, nasi pracownicy testuj\u0105 i wybieraj\u0105 dobre akcesoria, a wadliwe produkty utylizuj\u0105 jako odpady. Po zmontowaniu konieczny jest rygorystyczny test, aby upewni\u0107 si\u0119, \u017ce diody LED i napi\u0119cie s\u0105 prawid\u0142owe. Jednym s\u0142owem, Langir przeprowadza \u015bcis\u0142\u0105 kontrol\u0119 jako\u015bci przed wys\u0142aniem prze\u0142\u0105cznik\u00f3w.<\/p>\n\n\t\t<\/div>\n\t<\/div>\n\n\t<div class=\"wpb_text_column wpb_content_element vc_custom_1616124738504\" >\n\t\t<div class=\"wpb_wrapper\">\n\t\t\t<p>Naszym celem jest dostarczanie klientom najlepszych rozwi\u0105za\u0144 i gwarantowanie satysfakcji. Aby zapewni\u0107 solidne, wiod\u0105ce w bran\u017cy rozwi\u0105zania, Langir Electric przestrzega nast\u0119puj\u0105cych g\u0142\u00f3wnych zasad:<\/p>\n<ul>\n<li>Korzystanie ze sprawdzonych technologii<\/li>\n<li>Wsp\u00f3\u0142praca z najlepszymi w swojej klasie partnerami produkcyjnymi<\/li>\n<li>Projektowanie pod k\u0105tem test\u00f3w, mo\u017cliwo\u015bci produkcyjnych i niezawodno\u015bci<\/li>\n<li>Zapewnienie obs\u0142ugi klienta na ca\u0142ym \u015bwiecie<\/li>\n<li>Utrzymanie kultury wysokiej jako\u015bci i ci\u0105g\u0142ego doskonalenia.<\/li>\n<\/ul>\n\n\t\t<\/div>\n\t<\/div>\n\n\t<div class=\"wpb_text_column wpb_content_element\" >\n\t\t<div class=\"wpb_wrapper\">\n\t\t\t<h2 id=\"fancy-title-15\" class=\"mk-fancy-title simple-style color-single\" style=\"text-align: center;\"><a title=\"POLITYKA DOTYCZ\u0104CA MINERA\u0141\u00d3W KONFLIKTU\" href=\"https:\/\/www.langir.com\/pl\/conflict-minerals-policy-statement\/\">POLITYKA DOTYCZ\u0104CA MINERA\u0141\u00d3W KONFLIKTU<\/a><\/h2>\n\n\t\t<\/div>\n\t<\/div>\n<\/div><\/div><\/div><\/div><\/div><\/div><\/div><\/div><div class=\"vc_row-full-width vc_clearfix\"><\/div><div class=\"vc_row wpb_row vc_row-fluid vc_custom_1616734563494\"><div class=\"wpb_column vc_column_container vc_col-sm-12\"><div class=\"vc_column-inner\"><div class=\"wpb_wrapper\">\n\t<div class=\"wpb_text_column wpb_content_element\" >\n\t\t<div class=\"wpb_wrapper\">\n\t\t\t<h2 style=\"font-size: 30px; color: #fe9901; text-align: center;\">Przyw\u00f3dztwo<\/h2>\n<hr style=\"border-top: 3px solid #fe9901;\" \/>\n\n\t\t<\/div>\n\t<\/div>\n\n\t<div class=\"wpb_text_column wpb_content_element\" >\n\t\t<div class=\"wpb_wrapper\">\n\t\t\t<p>Zesp\u00f3\u0142 zarz\u0105dzaj\u0105cy Langir to grupa dynamicznych os\u00f3b ze wsp\u00f3ln\u0105 wizj\u0105. Ten zesp\u00f3\u0142 ekspert\u00f3w pracuje razem z przekonaniem, \u017ce sukces jednego dzia\u0142u jest wsp\u00f3lnym sukcesem ca\u0142ej firmy. To w\u0142a\u015bnie ich przyw\u00f3dztwo w po\u0142\u0105czeniu z umiej\u0119tno\u015bci\u0105 zatrudniania odpowiednich ludzi sprawia, \u017ce Langir Electric jest wyj\u0105tkowo oddan\u0105 grup\u0105 os\u00f3b, kt\u00f3re wspieraj\u0105 kultur\u0119 opart\u0105 na szacunku, wzajemnym uznaniu i postawie \"One Langir\".<\/p>\n\n\t\t<\/div>\n\t<\/div>\n<\/div><\/div><\/div><\/div><div class=\"vc_row wpb_row vc_row-fluid\"><div class=\"download_catalogue_c wpb_column vc_column_container vc_col-sm-3 vc_col-has-fill\"><div class=\"vc_column-inner vc_custom_1616738871153\"><div class=\"wpb_wrapper\">\n\t<div class=\"wpb_text_column wpb_content_element\" >\n\t\t<div class=\"wpb_wrapper\">\n\t\t\t<p><img loading=\"lazy\" decoding=\"async\" class=\"size-full wp-image-8075 aligncenter\" src=\"https:\/\/www.langir.com\/wp-content\/uploads\/2020\/06\/image-coming-soon-ecc-opf2u8j9d7wlkm9m0jxxai3hgz5gf8djwpkynzhwj0.png\" alt=\"image-coming-soon-ecc-opf2u8j9d7wlkm9m0jxxai3hgz5gf8djwpkynzhwj0\" width=\"377\" height=\"350\" srcset=\"https:\/\/www.langir.com\/wp-content\/uploads\/2020\/06\/image-coming-soon-ecc-opf2u8j9d7wlkm9m0jxxai3hgz5gf8djwpkynzhwj0.png 377w, https:\/\/www.langir.com\/wp-content\/uploads\/2020\/06\/image-coming-soon-ecc-opf2u8j9d7wlkm9m0jxxai3hgz5gf8djwpkynzhwj0-300x279.png 300w\" sizes=\"(max-width: 377px) 100vw, 377px\" \/><\/p>\n\n\t\t<\/div>\n\t<\/div>\n\n\t<div class=\"wpb_text_column wpb_content_element\" >\n\t\t<div class=\"wpb_wrapper\">\n\t\t\t<h3 class=\"the-title\" style=\"text-align: center;\"><a href=\"#\">Panda Hsiung<\/a><\/h3>\n<p style=\"text-align: center;\"><b style=\"text-align: center;\">CEO i technologia informacyjna<\/b><\/p>\n\n\t\t<\/div>\n\t<\/div>\n<\/div><\/div><\/div><div class=\"download_catalogue_c wpb_column vc_column_container vc_col-sm-3 vc_col-has-fill\"><div class=\"vc_column-inner vc_custom_1616736712542\"><div class=\"wpb_wrapper\">\n\t<div class=\"wpb_text_column wpb_content_element\" >\n\t\t<div class=\"wpb_wrapper\">\n\t\t\t<p><img loading=\"lazy\" decoding=\"async\" class=\"size-full wp-image-8189\" src=\"https:\/\/www.langir.com\/wp-content\/uploads\/2021\/03\/jessruan.jpg\" alt=\"Jess Ruan\" width=\"300\" height=\"300\" srcset=\"https:\/\/www.langir.com\/wp-content\/uploads\/2021\/03\/jessruan.jpg 300w, https:\/\/www.langir.com\/wp-content\/uploads\/2021\/03\/jessruan-150x150.jpg 150w\" sizes=\"(max-width: 300px) 100vw, 300px\" \/><\/p>\n\n\t\t<\/div>\n\t<\/div>\n\n\t<div class=\"wpb_text_column wpb_content_element\" >\n\t\t<div class=\"wpb_wrapper\">\n\t\t\t<h3 class=\"the-title\" style=\"text-align: center;\"><a href=\"#\">Jess Ruan<\/a><\/h3>\n<p style=\"text-align: center;\"><b style=\"text-align: center;\">Wiceprezes ds. marketingu<\/b><\/p>\n\n\t\t<\/div>\n\t<\/div>\n<\/div><\/div><\/div><div class=\"download_catalogue_c wpb_column vc_column_container vc_col-sm-3 vc_col-has-fill\"><div class=\"vc_column-inner vc_custom_1616738403301\"><div class=\"wpb_wrapper\">\n\t<div class=\"wpb_text_column wpb_content_element\" >\n\t\t<div class=\"wpb_wrapper\">\n\t\t\t<p><img loading=\"lazy\" decoding=\"async\" class=\"size-full wp-image-8185\" src=\"https:\/\/www.langir.com\/wp-content\/uploads\/2021\/03\/renani.jpg\" alt=\"Rena Ni\" width=\"300\" height=\"300\" srcset=\"https:\/\/www.langir.com\/wp-content\/uploads\/2021\/03\/renani.jpg 300w, https:\/\/www.langir.com\/wp-content\/uploads\/2021\/03\/renani-150x150.jpg 150w\" sizes=\"(max-width: 300px) 100vw, 300px\" \/><\/p>\n\n\t\t<\/div>\n\t<\/div>\n\n\t<div class=\"wpb_text_column wpb_content_element\" >\n\t\t<div class=\"wpb_wrapper\">\n\t\t\t<h3 class=\"the-title\" style=\"text-align: center;\"><a href=\"#\">Rena Ni<\/a><\/h3>\n<p style=\"text-align: center;\"><b style=\"text-align: center;\">Wiceprezes wykonawczy ds. dzia\u0142alno\u015bci biznesowej<br \/>\n<\/b><\/p>\n\n\t\t<\/div>\n\t<\/div>\n<\/div><\/div><\/div><div class=\"download_catalogue_c wpb_column vc_column_container vc_col-sm-3 vc_col-has-fill\"><div class=\"vc_column-inner vc_custom_1616738476993\"><div class=\"wpb_wrapper\">\n\t<div class=\"wpb_text_column wpb_content_element\" >\n\t\t<div class=\"wpb_wrapper\">\n\t\t\t<p><img loading=\"lazy\" decoding=\"async\" class=\"size-full wp-image-8187\" src=\"https:\/\/www.langir.com\/wp-content\/uploads\/2021\/03\/hujie.jpg\" alt=\"Jie Hu\" width=\"300\" height=\"300\" srcset=\"https:\/\/www.langir.com\/wp-content\/uploads\/2021\/03\/hujie.jpg 300w, https:\/\/www.langir.com\/wp-content\/uploads\/2021\/03\/hujie-150x150.jpg 150w\" sizes=\"(max-width: 300px) 100vw, 300px\" \/><\/p>\n\n\t\t<\/div>\n\t<\/div>\n\n\t<div class=\"wpb_text_column wpb_content_element\" >\n\t\t<div class=\"wpb_wrapper\">\n\t\t\t<h3 class=\"the-title\" style=\"text-align: center;\"><a href=\"#\">Jie Hu<\/a><\/h3>\n<p style=\"text-align: center;\"><b style=\"text-align: center;\">Wiceprezes ds. finansowych<br \/>\n<\/b><\/p>\n\n\t\t<\/div>\n\t<\/div>\n<\/div><\/div><\/div><\/div><div class=\"vc_row wpb_row vc_row-fluid\"><div class=\"wpb_column vc_column_container vc_col-sm-3\"><div class=\"vc_column-inner\"><div class=\"wpb_wrapper\"><\/div><\/div><\/div><div class=\"download_catalogue_c wpb_column vc_column_container vc_col-sm-3 vc_col-has-fill\"><div class=\"vc_column-inner vc_custom_1616738484537\"><div class=\"wpb_wrapper\">\n\t<div class=\"wpb_text_column wpb_content_element\" >\n\t\t<div class=\"wpb_wrapper\">\n\t\t\t<p><img loading=\"lazy\" decoding=\"async\" class=\"size-full wp-image-8184 aligncenter\" src=\"https:\/\/www.langir.com\/wp-content\/uploads\/2021\/03\/leiwenchen.jpg\" alt=\"Leiwen Chen\" width=\"300\" height=\"300\" srcset=\"https:\/\/www.langir.com\/wp-content\/uploads\/2021\/03\/leiwenchen.jpg 300w, https:\/\/www.langir.com\/wp-content\/uploads\/2021\/03\/leiwenchen-150x150.jpg 150w\" sizes=\"(max-width: 300px) 100vw, 300px\" \/><\/p>\n\n\t\t<\/div>\n\t<\/div>\n\n\t<div class=\"wpb_text_column wpb_content_element\" >\n\t\t<div class=\"wpb_wrapper\">\n\t\t\t<h3 class=\"the-title\" style=\"text-align: center;\"><a href=\"#\">Leiwen Chen<\/a><\/h3>\n<p style=\"text-align: center;\"><b style=\"text-align: center;\">Wsp\u00f3\u0142za\u0142o\u017cyciel i wiceprezes ds. produkcji<\/b><\/p>\n\n\t\t<\/div>\n\t<\/div>\n<\/div><\/div><\/div><div class=\"download_catalogue_c wpb_column vc_column_container vc_col-sm-3 vc_col-has-fill\"><div class=\"vc_column-inner vc_custom_1616738490770\"><div class=\"wpb_wrapper\">\n\t<div class=\"wpb_text_column wpb_content_element\" >\n\t\t<div class=\"wpb_wrapper\">\n\t\t\t<p><img loading=\"lazy\" decoding=\"async\" class=\"size-full wp-image-8186 aligncenter\" src=\"https:\/\/www.langir.com\/wp-content\/uploads\/2021\/03\/deyinggu.jpg\" alt=\"Deying Gu\" width=\"300\" height=\"300\" srcset=\"https:\/\/www.langir.com\/wp-content\/uploads\/2021\/03\/deyinggu.jpg 300w, https:\/\/www.langir.com\/wp-content\/uploads\/2021\/03\/deyinggu-150x150.jpg 150w\" sizes=\"(max-width: 300px) 100vw, 300px\" \/><\/p>\n\n\t\t<\/div>\n\t<\/div>\n\n\t<div class=\"wpb_text_column wpb_content_element\" >\n\t\t<div class=\"wpb_wrapper\">\n\t\t\t<h3 class=\"the-title\" style=\"text-align: center;\"><a href=\"#\">Deying Gu<\/a><\/h3>\n<p style=\"text-align: center;\"><b style=\"text-align: center;\">Wiceprezes ds. jako\u015bci<\/b><\/p>\n\n\t\t<\/div>\n\t<\/div>\n<\/div><\/div><\/div><div class=\"wpb_column vc_column_container vc_col-sm-3\"><div class=\"vc_column-inner\"><div class=\"wpb_wrapper\"><\/div><\/div><\/div><\/div><div class=\"vc_row wpb_row vc_row-fluid vc_custom_1591688397499 vc_row-has-fill\"><div class=\"wpb_column vc_column_container vc_col-sm-12\"><div class=\"vc_column-inner\"><div class=\"wpb_wrapper\">\n\t<div class=\"wpb_text_column wpb_content_element\" >\n\t\t<div class=\"wpb_wrapper\">\n\t\t\t<h2 id=\"fancy-title-15\" class=\"mk-fancy-title simple-style color-single\" style=\"text-align: center;\">Us\u0142uga<\/h2>\n\n\t\t<\/div>\n\t<\/div>\n<\/div><\/div><\/div><\/div><div class=\"vc_row wpb_row vc_row-fluid\"><div class=\"wpb_column vc_column_container vc_col-sm-2\"><div class=\"vc_column-inner\"><div class=\"wpb_wrapper\"><\/div><\/div><\/div><div class=\"wpb_column vc_column_container vc_col-sm-8\"><div class=\"vc_column-inner\"><div class=\"wpb_wrapper\"><div class=\"vc_row wpb_row vc_inner vc_row-fluid\"><div class=\"text_ser wpb_column vc_column_container vc_col-sm-4\"><div class=\"vc_column-inner vc_custom_1591687987788\"><div class=\"wpb_wrapper\">\n\t<div class=\"wpb_text_column wpb_content_element\" >\n\t\t<div class=\"wpb_wrapper\">\n\t\t\t<p><b style=\"text-align: center;\"><img loading=\"lazy\" decoding=\"async\" class=\"size-full wp-image-8044 aligncenter\" style=\"margin: 0 auto;\" src=\"https:\/\/www.langir.com\/wp-content\/uploads\/2020\/06\/chezi.jpg\" alt=\"chezi\" width=\"77\" height=\"53\" \/><\/b><\/p>\n<p class=\"top_text\" style=\"text-align: center;\"><b>7 dni<\/b><\/p>\n<p class=\"bottom_text\" style=\"text-align: center;\">Szybsza dostawa<\/p>\n\n\t\t<\/div>\n\t<\/div>\n<\/div><\/div><\/div><div class=\"text_ser wpb_column vc_column_container vc_col-sm-4\"><div class=\"vc_column-inner vc_custom_1591687996811\"><div class=\"wpb_wrapper\">\n\t<div class=\"wpb_text_column wpb_content_element\" >\n\t\t<div class=\"wpb_wrapper\">\n\t\t\t<p><img loading=\"lazy\" decoding=\"async\" class=\"size-full wp-image-8154 aligncenter\" style=\"margin: 0 auto;\" src=\"https:\/\/www.langir.com\/wp-content\/uploads\/2021\/03\/dizi.jpg\" alt=\"\" width=\"56\" height=\"64\" \/><\/p>\n<p class=\"top_text\" style=\"text-align: center;\"><b>10,000 +<\/b><\/p>\n<p class=\"bottom_text\" style=\"text-align: center;\">Globalni klienci ko\u0144cowi<\/p>\n\n\t\t<\/div>\n\t<\/div>\n<\/div><\/div><\/div><div class=\"text_ser wpb_column vc_column_container vc_col-sm-4\"><div class=\"vc_column-inner vc_custom_1591688005802\"><div class=\"wpb_wrapper\">\n\t<div class=\"wpb_text_column wpb_content_element\" >\n\t\t<div class=\"wpb_wrapper\">\n\t\t\t<p><img loading=\"lazy\" decoding=\"async\" class=\"size-full wp-image-8153 aligncenter\" style=\"margin: 0 auto;\" src=\"https:\/\/www.langir.com\/wp-content\/uploads\/2021\/03\/cheluang.jpg\" alt=\"\" width=\"77\" height=\"53\" \/><\/p>\n<p class=\"top_text\" style=\"text-align: center;\">15 +<\/p>\n<p class=\"bottom_text\" style=\"text-align: center;\">Rok do\u015bwiadczenia w bran\u017cy<\/p>\n\n\t\t<\/div>\n\t<\/div>\n<\/div><\/div><\/div><\/div><\/div><\/div><\/div><div class=\"wpb_column vc_column_container vc_col-sm-2\"><div class=\"vc_column-inner\"><div class=\"wpb_wrapper\"><\/div><\/div><\/div><\/div><div class=\"vc_row wpb_row vc_row-fluid\"><div class=\"wpb_column vc_column_container vc_col-sm-12\"><div class=\"vc_column-inner\"><div class=\"wpb_wrapper\"><div class=\"vc_empty_space\"   style=\"height: 50px\"><span class=\"vc_empty_space_inner\"><\/span><\/div><\/div><\/div><\/div><\/div>\n<\/div>","protected":false},"excerpt":{"rendered":"Company Langir A professional design and manufacturere of anti vandal switch, Piezo switch, Capacitive switch and Circuit Protection. The switches offer attractive, robust and durable switches, available with different bushing diameters, actuator shapes, bushing and actuator materials. Leaders in Enginnring, Innovation and Quality Langir brings Piezo Technology to perfection. Values We believe in the relentless [...]","protected":false},"author":1,"featured_media":7901,"parent":0,"menu_order":14,"comment_status":"closed","ping_status":"closed","template":"page-newdemo.php","meta":{"_acf_changed":false,"footnotes":""},"class_list":["post-8402","page","type-page","status-publish","has-post-thumbnail","hentry","entry"],"acf":[],"post_mailing_queue_ids":[],"_links":{"self":[{"href":"https:\/\/www.langir.com\/pl\/wp-json\/wp\/v2\/pages\/8402","targetHints":{"allow":["GET"]}}],"collection":[{"href":"https:\/\/www.langir.com\/pl\/wp-json\/wp\/v2\/pages"}],"about":[{"href":"https:\/\/www.langir.com\/pl\/wp-json\/wp\/v2\/types\/page"}],"author":[{"embeddable":true,"href":"https:\/\/www.langir.com\/pl\/wp-json\/wp\/v2\/users\/1"}],"replies":[{"embeddable":true,"href":"https:\/\/www.langir.com\/pl\/wp-json\/wp\/v2\/comments?post=8402"}],"version-history":[{"count":2,"href":"https:\/\/www.langir.com\/pl\/wp-json\/wp\/v2\/pages\/8402\/revisions"}],"predecessor-version":[{"id":14163,"href":"https:\/\/www.langir.com\/pl\/wp-json\/wp\/v2\/pages\/8402\/revisions\/14163"}],"wp:featuredmedia":[{"embeddable":true,"href":"https:\/\/www.langir.com\/pl\/wp-json\/wp\/v2\/media\/7901"}],"wp:attachment":[{"href":"https:\/\/www.langir.com\/pl\/wp-json\/wp\/v2\/media?parent=8402"}],"curies":[{"name":"wp","href":"https:\/\/api.w.org\/{rel}","templated":true}]}}