{"id":8982,"date":"2022-12-20T01:31:36","date_gmt":"2022-12-20T01:31:36","guid":{"rendered":"https:\/\/www.langir.com\/imprint\/"},"modified":"2022-12-20T02:17:53","modified_gmt":"2022-12-20T02:17:53","slug":"imprint","status":"publish","type":"page","link":"https:\/\/www.langir.com\/pl\/imprint\/","title":{"rendered":"Nadruk"},"content":{"rendered":"<p><!-- Legal document generated by Complianz | GDPR\/CCPA Cookie Consent https:\/\/wordpress.org\/plugins\/complianz-gdpr --><\/p>\n<div id=\"cmplz-document\" class=\"cmplz-document impressum cmplz-document-all\">\n<p><i>Ten odcisk zosta\u8242 ostatnio zaktualizowany 12\u6708 20, 2022.<\/i><\/p>\n<p class=\"cmplz-subtitle\">W\u0142a\u015bcicielem tej strony jest:<\/p>\n<p>Yueqing Langir Electric Co., Ltd<br \/>\n2F, Longhe East Rd, Liushi, Yueqing, Zhejiang, Chiny 325604<br \/>\nChiny<br \/>\nE-mail:\u00a0<span class=\"cmplz-obfuscate\">langir@langir.com<\/span><br \/>\nNumer telefonu: 057762737672<\/p>\n<h2><span style=\"font-size: 14pt;\"><strong>1. Og\u00f3lne<\/strong><\/span><\/h2>\n<p>Nie jeste\u015bmy sk\u0142onni ani zobowi\u0105zani do uczestniczenia w procedurach rozstrzygania spor\u00f3w przed komisj\u0105 arbitra\u017cow\u0105 konsument\u00f3w.<\/p>\n<h2><span style=\"font-size: 14pt;\"><strong>2. Poni\u017csze informacje s\u0105 obowi\u0105zkowe zgodnie z chi\u0144skim prawem.<\/strong><\/span><\/h2>\n<\/div>","protected":false},"excerpt":{"rendered":"<p>This imprint was last updated on 12\u6708 20, 2022. The owner of this website is: Yueqing Langir Electric Co., Ltd 2F, Longhe East Rd, Liushi, Yueqing, Zhejiang, China 325604 China Email:\u00a0langir@langir.com Phone number: 057762737672 1. General We are not willing or obliged to participate in dispute resolution procedures before a consumer arbitration board. 2. The [&hellip;]<\/p>\n","protected":false},"author":1,"featured_media":0,"parent":0,"menu_order":12,"comment_status":"closed","ping_status":"closed","template":"page-default.php","meta":{"_acf_changed":false,"_metasync_otto_title":"","_metasync_otto_description":"","rank_math_title":"","rank_math_description":"","_yoast_wpseo_title":"","_yoast_wpseo_metadesc":"","footnotes":""},"class_list":["post-8982","page","type-page","status-publish","hentry","entry"],"acf":[],"post_mailing_queue_ids":[],"_links":{"self":[{"href":"https:\/\/www.langir.com\/pl\/wp-json\/wp\/v2\/pages\/8982","targetHints":{"allow":["GET"]}}],"collection":[{"href":"https:\/\/www.langir.com\/pl\/wp-json\/wp\/v2\/pages"}],"about":[{"href":"https:\/\/www.langir.com\/pl\/wp-json\/wp\/v2\/types\/page"}],"author":[{"embeddable":true,"href":"https:\/\/www.langir.com\/pl\/wp-json\/wp\/v2\/users\/1"}],"replies":[{"embeddable":true,"href":"https:\/\/www.langir.com\/pl\/wp-json\/wp\/v2\/comments?post=8982"}],"version-history":[{"count":0,"href":"https:\/\/www.langir.com\/pl\/wp-json\/wp\/v2\/pages\/8982\/revisions"}],"wp:attachment":[{"href":"https:\/\/www.langir.com\/pl\/wp-json\/wp\/v2\/media?parent=8982"}],"curies":[{"name":"wp","href":"https:\/\/api.w.org\/{rel}","templated":true}]}}