{"id":8990,"date":"2022-12-20T01:37:43","date_gmt":"2022-12-20T01:37:43","guid":{"rendered":"https:\/\/www.langir.com\/terms-conditions\/"},"modified":"2026-04-08T03:29:31","modified_gmt":"2026-04-08T03:29:31","slug":"terms-conditions","status":"publish","type":"page","link":"https:\/\/www.langir.com\/pl\/terms-conditions\/","title":{"rendered":"Terms &#038; Conditions"},"content":{"rendered":"<div class=\"wpb-content-wrapper\"><div class=\"vc_row wpb_row vc_row-fluid\"><div class=\"wpb_column vc_column_container vc_col-sm-12\"><div class=\"vc_column-inner\"><div class=\"wpb_wrapper\">\n\t<div class=\"wpb_text_column wpb_content_element\" >\n\t\t<div class=\"wpb_wrapper\">\n\t\t\t\n<!-- This legal document was generated by Complianz Terms &amp; Conditions https:\/\/wordpress.org\/plugins\/complianz-terms-conditions -->\n<div id=\"cmplz-document\" class=\"cmplz-document cmplz-terms-conditions\"><p><i>The Terms and Conditions were last updated on February 9, 2023<\/i><\/p><h2>1. Wprowadzenie<\/h2><p>Niniejsze Warunki maj\u0105 zastosowanie do niniejszej witryny internetowej oraz do transakcji zwi\u0105zanych z naszymi produktami i us\u0142ugami. U\u017cytkownik mo\u017ce by\u0107 zwi\u0105zany dodatkowymi umowami zwi\u0105zanymi z jego relacjami z nami lub wszelkimi produktami lub us\u0142ugami, kt\u00f3re od nas otrzymuje. Je\u015bli jakiekolwiek postanowienia dodatkowych um\u00f3w s\u0105 sprzeczne z jakimikolwiek postanowieniami niniejszych Warunk\u00f3w, postanowienia tych dodatkowych um\u00f3w b\u0119d\u0105 kontrolowane i nadrz\u0119dne.<\/p><h2>2. Wi\u0105zanie<\/h2><p>Rejestruj\u0105c si\u0119, uzyskuj\u0105c dost\u0119p lub w inny spos\u00f3b korzystaj\u0105c z tej witryny internetowej, u\u017cytkownik niniejszym wyra\u017ca zgod\u0119 na przestrzeganie niniejszych Warunk\u00f3w okre\u015blonych poni\u017cej. Samo korzystanie z tej witryny oznacza znajomo\u015b\u0107 i akceptacj\u0119 niniejszych Warunk\u00f3w. W niekt\u00f3rych szczeg\u00f3lnych przypadkach mo\u017cemy r\u00f3wnie\u017c poprosi\u0107 u\u017cytkownika o wyra\u017ane wyra\u017cenie zgody.<\/p><h2>3. Komunikacja elektroniczna<\/h2><p>Korzystaj\u0105c z tej strony internetowej lub komunikuj\u0105c si\u0119 z nami drog\u0105 elektroniczn\u0105, u\u017cytkownik zgadza si\u0119 i przyjmuje do wiadomo\u015bci, \u017ce mo\u017cemy komunikowa\u0107 si\u0119 z nim drog\u0105 elektroniczn\u0105 na naszej stronie internetowej lub wysy\u0142aj\u0105c do niego wiadomo\u015b\u0107 e-mail, i zgadza si\u0119, \u017ce wszystkie umowy, powiadomienia, ujawnienia i inne komunikaty, kt\u00f3re dostarczamy u\u017cytkownikowi drog\u0105 elektroniczn\u0105, spe\u0142niaj\u0105 wszelkie wymogi prawne, w tym mi\u0119dzy innymi wym\u00f3g, aby taka komunikacja mia\u0142a form\u0119 pisemn\u0105.<\/p><h2>4. W\u0142asno\u015b\u0107 intelektualna<\/h2><p>My lub nasi licencjodawcy posiadamy i kontrolujemy wszystkie prawa autorskie i inne prawa w\u0142asno\u015bci intelektualnej do strony internetowej oraz danych, informacji i innych zasob\u00f3w wy\u015bwietlanych lub dost\u0119pnych na stronie internetowej.<\/p><p class=\"cmplz-subtitle\">4.1 Wszelkie prawa s\u0105 zastrze\u017cone<\/p><p>O ile konkretna tre\u015b\u0107 nie stanowi inaczej, u\u017cytkownikowi nie udziela si\u0119 licencji ani \u017cadnych innych praw wynikaj\u0105cych z praw autorskich, znak\u00f3w towarowych, patent\u00f3w lub innych praw w\u0142asno\u015bci intelektualnej. Oznacza to, \u017ce u\u017cytkownik nie b\u0119dzie u\u017cywa\u0142, kopiowa\u0142, reprodukowa\u0142, wykonywa\u0142, wy\u015bwietla\u0142, dystrybuowa\u0142, osadza\u0142 na jakimkolwiek no\u015bniku elektronicznym, zmienia\u0142, poddawa\u0142 in\u017cynierii wstecznej, dekompilowa\u0142, przenosi\u0142, pobiera\u0142, transmitowa\u0142, zarabia\u0142, sprzedawa\u0142, wprowadza\u0142 do obrotu lub komercjalizowa\u0142 jakichkolwiek zasob\u00f3w na tej stronie w jakiejkolwiek formie, bez naszej uprzedniej pisemnej zgody, z wyj\u0105tkiem i tylko w zakresie, w jakim przepisy bezwzgl\u0119dnie obowi\u0105zuj\u0105cego prawa stanowi\u0105 inaczej (np. prawo cytatu).<\/p><h2>5. W\u0142asno\u015b\u0107 os\u00f3b trzecich<\/h2><p>Nasza strona internetowa mo\u017ce zawiera\u0107 hiper\u0142\u0105cza lub inne odniesienia do stron internetowych innych podmiot\u00f3w. Nie monitorujemy ani nie przegl\u0105damy tre\u015bci witryn internetowych innych podmiot\u00f3w, do kt\u00f3rych prowadz\u0105 \u0142\u0105cza z tej witryny. Produkty lub us\u0142ugi oferowane przez inne strony internetowe podlegaj\u0105 obowi\u0105zuj\u0105cym Warunkom tych stron trzecich. Opinie wyra\u017cone lub materia\u0142y pojawiaj\u0105ce si\u0119 na tych stronach niekoniecznie s\u0105 przez nas podzielane lub popierane.<\/p><p>Nie ponosimy odpowiedzialno\u015bci za jakiekolwiek praktyki dotycz\u0105ce prywatno\u015bci lub tre\u015bci tych witryn. U\u017cytkownik ponosi wszelkie ryzyko zwi\u0105zane z korzystaniem z tych witryn i wszelkich powi\u0105zanych us\u0142ug stron trzecich. Nie ponosimy \u017cadnej odpowiedzialno\u015bci za jakiekolwiek straty lub szkody, w jakikolwiek spos\u00f3b spowodowane, wynikaj\u0105ce z ujawnienia przez u\u017cytkownika danych osobowych osobom trzecim.<\/p><h2>6. Odpowiedzialne u\u017cytkowanie<\/h2><p>Odwiedzaj\u0105c nasz\u0105 witryn\u0119 internetow\u0105, u\u017cytkownik zgadza si\u0119 korzysta\u0107 z niej wy\u0142\u0105cznie w celach zamierzonych i dozwolonych przez niniejsze Warunki, wszelkie dodatkowe umowy z nami oraz obowi\u0105zuj\u0105ce przepisy prawa, regulacje i og\u00f3lnie przyj\u0119te praktyki internetowe oraz wytyczne bran\u017cowe. Zabrania si\u0119 korzystania z naszej strony internetowej lub us\u0142ug w celu u\u017cywania, publikowania lub rozpowszechniania jakichkolwiek materia\u0142\u00f3w, kt\u00f3re sk\u0142adaj\u0105 si\u0119 ze z\u0142o\u015bliwego oprogramowania komputerowego (lub s\u0105 z nim powi\u0105zane); wykorzystywania danych zebranych z naszej strony internetowej do jakichkolwiek dzia\u0142a\u0144 marketingu bezpo\u015bredniego lub prowadzenia jakichkolwiek systematycznych lub zautomatyzowanych dzia\u0142a\u0144 zwi\u0105zanych z gromadzeniem danych na naszej stronie internetowej lub w zwi\u0105zku z ni\u0105.<\/p><p>Anga\u017cowanie si\u0119 w jakiekolwiek dzia\u0142ania, kt\u00f3re powoduj\u0105 lub mog\u0105 spowodowa\u0107 uszkodzenie strony internetowej lub kt\u00f3re zak\u0142\u00f3caj\u0105 dzia\u0142anie, dost\u0119pno\u015b\u0107 lub dost\u0119pno\u015b\u0107 strony internetowej jest surowo zabronione.<\/p><h2>7. Polityka zwrot\u00f3w i refundacji<\/h2><p class=\"cmplz-subtitle\">7.1 Prawo do odst\u0105pienia od umowy<\/p><p>U\u017cytkownik ma prawo odst\u0105pi\u0107 od niniejszej umowy w terminie 14 dni bez podania przyczyny.<\/p><p>Aby skorzysta\u0107 z prawa do odst\u0105pienia od umowy, nale\u017cy poinformowa\u0107 nas o swojej decyzji o odst\u0105pieniu od niniejszej umowy w drodze jednoznacznego o\u015bwiadczenia (na przyk\u0142ad pismo wys\u0142ane poczt\u0105, faksem lub poczt\u0105 elektroniczn\u0105). Nasze dane kontaktowe znajduj\u0105 si\u0119 poni\u017cej. Mog\u0105 Pa\u0144stwo skorzysta\u0107 z za\u0142\u0105czonego wzoru <a target=\"_blank\" href=\"https:\/\/www.langir.com\/wp-content\/uploads\/complianz\/withdrawal-forms\/withdrawal-form-pl.pdf\">formularz odst\u0105pienia od umowy<\/a>ale nie jest to obowi\u0105zkowe.<\/p><p>Mo\u017cesz r\u00f3wnie\u017c wype\u0142ni\u0107 i przes\u0142a\u0107 drog\u0105 elektroniczn\u0105 wz\u00f3r formularza odst\u0105pienia od umowy lub jakiekolwiek inne jednoznaczne o\u015bwiadczenie na naszej stronie internetowej. <a href=\"https:\/\/www.langir.com\/pl\/contact\/\"> strona internetowa<\/a>.<\/p><p>Je\u015bli u\u017cytkownik skorzysta z tej opcji, niezw\u0142ocznie przeka\u017cemy mu potwierdzenie otrzymania takiego odst\u0105pienia na trwa\u0142ym no\u015bniku (na przyk\u0142ad poczt\u0105 elektroniczn\u0105).<\/p><p>Aby dotrzyma\u0107 terminu odst\u0105pienia od umowy, wystarczy wys\u0142a\u0107 wiadomo\u015b\u0107 dotycz\u0105c\u0105 wykonania prawa do odst\u0105pienia od umowy przed up\u0142ywem terminu do odst\u0105pienia od umowy.<\/p><p class=\"cmplz-subtitle\">7.2 Skutki odstawienia<\/p><p>W przypadku odst\u0105pienia od niniejszej umowy przez u\u017cytkownika, zwr\u00f3cimy mu wszystkie otrzymane od niego p\u0142atno\u015bci, w tym koszty dostawy (z wyj\u0105tkiem dodatkowych koszt\u00f3w wynikaj\u0105cych z wyboru przez u\u017cytkownika innego rodzaju dostawy ni\u017c najta\u0144szy oferowany przez nas rodzaj standardowej dostawy), bez zb\u0119dnej zw\u0142oki, a w ka\u017cdym razie nie p\u00f3\u017aniej ni\u017c 14 dni od dnia, w kt\u00f3rym zostali\u015bmy poinformowani o decyzji u\u017cytkownika o odst\u0105pieniu od niniejszej umowy. Zwrotu p\u0142atno\u015bci dokonamy przy u\u017cyciu takich samych \u015brodk\u00f3w p\u0142atno\u015bci, jakie zosta\u0142y u\u017cyte przez u\u017cytkownika w pierwotnej transakcji, chyba \u017ce u\u017cytkownik wyra\u017anie zgodzi\u0142 si\u0119 na inne rozwi\u0105zanie; w ka\u017cdym przypadku u\u017cytkownik nie poniesie \u017cadnych op\u0142at w zwi\u0105zku z takim zwrotem.<\/p><p>U\u017cytkownik ponosi odpowiedzialno\u015b\u0107 wy\u0142\u0105cznie za zmniejszenie warto\u015bci towar\u00f3w wynikaj\u0105ce z obchodzenia si\u0119 z nimi w spos\u00f3b inny ni\u017c konieczny do ustalenia charakteru, cech i funkcjonowania towar\u00f3w.<\/p><p>Nale\u017cy pami\u0119ta\u0107, \u017ce istniej\u0105 pewne wyj\u0105tki prawne od prawa do odst\u0105pienia od umowy, w zwi\u0105zku z czym niekt\u00f3rych produkt\u00f3w nie mo\u017cna zwr\u00f3ci\u0107 ani wymieni\u0107.  Poinformujemy Ci\u0119, je\u015bli ma to zastosowanie w Twoim konkretnym przypadku.<\/p><h2>8. Zg\u0142aszanie pomys\u0142\u00f3w<\/h2><p>Nie nale\u017cy przesy\u0142a\u0107 \u017cadnych pomys\u0142\u00f3w, wynalazk\u00f3w, dzie\u0142 autorskich ani innych informacji, kt\u00f3re mo\u017cna uzna\u0107 za w\u0142asno\u015b\u0107 intelektualn\u0105 u\u017cytkownika, a kt\u00f3re u\u017cytkownik chcia\u0142by nam przedstawi\u0107, chyba \u017ce uprzednio podpisali\u015bmy umow\u0119 dotycz\u0105c\u0105 w\u0142asno\u015bci intelektualnej lub umow\u0119 o zachowaniu poufno\u015bci. Je\u015bli u\u017cytkownik ujawni je nam bez takiej pisemnej umowy, udziela nam og\u00f3lno\u015bwiatowej, nieodwo\u0142alnej, niewy\u0142\u0105cznej, nieodp\u0142atnej licencji na u\u017cywanie, powielanie, przechowywanie, dostosowywanie, publikowanie, t\u0142umaczenie i rozpowszechnianie jego tre\u015bci we wszelkich istniej\u0105cych lub przysz\u0142ych mediach.<\/p><h2>9. Zako\u0144czenie u\u017cytkowania<\/h2><p>Mo\u017cemy, wed\u0142ug w\u0142asnego uznania, w dowolnym momencie zmodyfikowa\u0107 lub zaprzesta\u0107 dost\u0119pu, tymczasowo lub na sta\u0142e, do strony internetowej lub jakiejkolwiek Us\u0142ugi na niej. U\u017cytkownik zgadza si\u0119, \u017ce nie b\u0119dziemy ponosi\u0107 odpowiedzialno\u015bci wobec u\u017cytkownika ani \u017cadnej strony trzeciej za takie modyfikacje, zawieszenie lub zaprzestanie dost\u0119pu u\u017cytkownika do witryny lub korzystania z niej b\u0105d\u017a jakichkolwiek tre\u015bci, kt\u00f3re u\u017cytkownik m\u00f3g\u0142 udost\u0119pni\u0107 w witrynie. U\u017cytkownik nie b\u0119dzie uprawniony do \u017cadnej rekompensaty ani innej p\u0142atno\u015bci, nawet je\u015bli pewne funkcje, ustawienia i\/lub Tre\u015bci, do kt\u00f3rych si\u0119 przyczyni\u0142 lub na kt\u00f3rych polega\u0142, zostan\u0105 trwale utracone. U\u017cytkownikowi nie wolno obchodzi\u0107 ani omija\u0107, ani te\u017c podejmowa\u0107 pr\u00f3b obchodzenia lub omijania jakichkolwiek \u015brodk\u00f3w ograniczaj\u0105cych dost\u0119p do naszej witryny internetowej.<\/p><h2>10. Gwarancje i odpowiedzialno\u015b\u0107<\/h2><p>\u017badne z postanowie\u0144 niniejszej sekcji nie ogranicza ani nie wy\u0142\u0105cza jakiejkolwiek gwarancji wynikaj\u0105cej z przepis\u00f3w prawa, kt\u00f3rej ograniczenie lub wy\u0142\u0105czenie by\u0142oby niezgodne z prawem. Niniejsza witryna internetowa i ca\u0142a jej zawarto\u015b\u0107 s\u0105 dostarczane na zasadzie \"tak jak jest\" i \"w miar\u0119 dost\u0119pno\u015bci\" i mog\u0105 zawiera\u0107 nie\u015bcis\u0142o\u015bci lub b\u0142\u0119dy typograficzne. Wyra\u017anie wy\u0142\u0105czamy wszelkie gwarancje jakiegokolwiek rodzaju, wyra\u017ane lub dorozumiane, dotycz\u0105ce dost\u0119pno\u015bci, dok\u0142adno\u015bci lub kompletno\u015bci Tre\u015bci. Nie gwarantujemy, \u017ce:<\/p><p><ul>\n                    <li>niniejsza witryna lub jej zawarto\u015b\u0107 spe\u0142ni\u0105 wymagania u\u017cytkownika;<\/li>\n                    <li>niniejsza witryna b\u0119dzie dost\u0119pna w spos\u00f3b nieprzerwany, terminowy, bezpieczny lub wolny od b\u0142\u0119d\u00f3w.<\/li>\n        <\/ul><\/p><p>\u017badna cz\u0119\u015b\u0107 niniejszej witryny nie stanowi ani nie ma stanowi\u0107 jakiejkolwiek porady prawnej, finansowej lub medycznej. Je\u015bli potrzebujesz porady, powiniene\u015b skonsultowa\u0107 si\u0119 z odpowiednim specjalist\u0105.<\/p><p>Poni\u017csze postanowienia niniejszej sekcji b\u0119d\u0105 mia\u0142y zastosowanie w maksymalnym zakresie dozwolonym przez obowi\u0105zuj\u0105ce prawo i nie b\u0119d\u0105 ogranicza\u0107 ani wy\u0142\u0105cza\u0107 naszej odpowiedzialno\u015bci w odniesieniu do jakichkolwiek kwestii, kt\u00f3rych ograniczenie lub wy\u0142\u0105czenie naszej odpowiedzialno\u015bci by\u0142oby niezgodne z prawem lub niezgodne z prawem. W \u017cadnym wypadku nie ponosimy odpowiedzialno\u015bci za jakiekolwiek bezpo\u015brednie lub po\u015brednie szkody (w tym szkody z tytu\u0142u utraty zysk\u00f3w lub przychod\u00f3w, utraty lub uszkodzenia danych, oprogramowania lub bazy danych, utraty lub uszkodzenia mienia lub danych) poniesione przez u\u017cytkownika lub jak\u0105kolwiek stron\u0119 trzeci\u0105, wynikaj\u0105ce z dost\u0119pu do naszej witryny internetowej lub korzystania z niej.<\/p><p>Z wyj\u0105tkiem zakresu, w jakim jakakolwiek dodatkowa umowa wyra\u017anie stanowi inaczej, nasza maksymalna odpowiedzialno\u015b\u0107 wobec u\u017cytkownika za wszelkie szkody wynikaj\u0105ce z lub zwi\u0105zane z witryn\u0105 internetow\u0105 lub wszelkimi produktami i us\u0142ugami wprowadzanymi na rynek lub sprzedawanymi za po\u015brednictwem witryny internetowej, niezale\u017cnie od formy dzia\u0142ania prawnego, kt\u00f3re nak\u0142ada odpowiedzialno\u015b\u0107 (czy to w ramach umowy, s\u0142uszno\u015bci, zaniedbania, zamierzonego dzia\u0142ania, czynu niedozwolonego lub w inny spos\u00f3b), b\u0119dzie ograniczona do . Taki limit b\u0119dzie mia\u0142 zastosowanie \u0142\u0105cznie do wszystkich roszcze\u0144, dzia\u0142a\u0144 i przyczyn dzia\u0142ania ka\u017cdego rodzaju i charakteru.<\/p><h2>11. Prywatno\u015b\u0107<\/h2><p>Aby uzyska\u0107 dost\u0119p do naszej witryny internetowej i\/lub us\u0142ug, u\u017cytkownik mo\u017ce by\u0107 zobowi\u0105zany do podania pewnych informacji o sobie w ramach procesu rejestracji. U\u017cytkownik zgadza si\u0119, \u017ce wszelkie podane przez niego informacje b\u0119d\u0105 zawsze dok\u0142adne, prawid\u0142owe i aktualne.<\/p><p>Opracowali\u015bmy zasady, aby rozwia\u0107 wszelkie obawy dotycz\u0105ce prywatno\u015bci. Wi\u0119cej informacji mo\u017cna znale\u017a\u0107 na naszej stronie <a href=\"https:\/\/www.langir.com\/pl\/privacy-policy\/\">O\u015bwiadczenie o ochronie prywatno\u015bci<\/a> i nasz <a href=\"\">Polityka dotycz\u0105ca plik\u00f3w cookie<\/a>.<\/p><h2>12. Ograniczenia eksportowe \/ zgodno\u015b\u0107 z prawem<\/h2><p>Dost\u0119p do strony internetowej z terytori\u00f3w lub kraj\u00f3w, w kt\u00f3rych Tre\u015b\u0107 lub zakup produkt\u00f3w lub Us\u0142ug sprzedawanych na stronie internetowej jest nielegalny, jest zabroniony. U\u017cytkownik nie mo\u017ce korzysta\u0107 z tej witryny z naruszeniem przepis\u00f3w eksportowych i regulacji obowi\u0105zuj\u0105cych w Chinach.<\/p><h2>13. Przydzia\u0142<\/h2><p>U\u017cytkownik nie mo\u017ce cedowa\u0107, przenosi\u0107 ani podzleca\u0107 \u017cadnych swoich praw i\/lub obowi\u0105zk\u00f3w wynikaj\u0105cych z niniejszych Warunk\u00f3w, w ca\u0142o\u015bci lub w cz\u0119\u015bci, osobom trzecim bez naszej uprzedniej pisemnej zgody. Wszelkie domniemane cesje naruszaj\u0105ce postanowienia niniejszego punktu b\u0119d\u0105 niewa\u017cne.<\/p><h2>14. Naruszenia niniejszego Regulaminu<\/h2><p>Bez uszczerbku dla innych naszych praw wynikaj\u0105cych z niniejszego Regulaminu, je\u015bli u\u017cytkownik naruszy niniejszy Regulamin w jakikolwiek spos\u00f3b, mo\u017cemy podj\u0105\u0107 takie dzia\u0142ania, jakie uznamy za stosowne, aby poradzi\u0107 sobie z naruszeniem, w tym tymczasowo lub na sta\u0142e zawiesi\u0107 dost\u0119p u\u017cytkownika do witryny internetowej, skontaktowa\u0107 si\u0119 z dostawc\u0105 us\u0142ug internetowych w celu za\u017c\u0105dania zablokowania dost\u0119pu u\u017cytkownika do witryny internetowej i\/lub wszcz\u0105\u0107 post\u0119powanie s\u0105dowe przeciwko u\u017cytkownikowi.<\/p><h2>15. Si\u0142a wy\u017csza<\/h2><p>Z wyj\u0105tkiem zobowi\u0105za\u0144 do zap\u0142aty pieni\u0119dzy wynikaj\u0105cych z niniejszych Warunk\u00f3w, \u017cadne op\u00f3\u017anienie, niewykonanie lub zaniechanie przez kt\u00f3r\u0105kolwiek ze stron wykonania lub przestrzegania kt\u00f3regokolwiek z jej zobowi\u0105za\u0144 wynikaj\u0105cych z niniejszych Warunk\u00f3w nie b\u0119dzie uwa\u017cane za naruszenie niniejszych Warunk\u00f3w, je\u015bli i tak d\u0142ugo, jak takie op\u00f3\u017anienie, niewykonanie lub zaniechanie wynika z jakiejkolwiek przyczyny pozostaj\u0105cej poza uzasadnion\u0105 kontrol\u0105 tej strony.<\/p><h2>16. Odszkodowanie<\/h2><p>U\u017cytkownik zgadza si\u0119 zabezpieczy\u0107, broni\u0107 i chroni\u0107 nas przed wszelkimi roszczeniami, zobowi\u0105zaniami, szkodami, stratami i wydatkami zwi\u0105zanymi z naruszeniem przez u\u017cytkownika niniejszego Regulaminu i obowi\u0105zuj\u0105cych przepis\u00f3w prawa, w tym praw w\u0142asno\u015bci intelektualnej i praw do prywatno\u015bci. U\u017cytkownik niezw\u0142ocznie zwr\u00f3ci nam poniesione szkody, straty, koszty i wydatki zwi\u0105zane z takimi roszczeniami lub z nich wynikaj\u0105ce.<\/p><h2>17. Zrzeczenie si\u0119<\/h2><p>Niewyegzekwowanie kt\u00f3regokolwiek z postanowie\u0144 okre\u015blonych w niniejszych Warunkach i jakiejkolwiek Umowie lub niewykonanie jakiejkolwiek opcji wypowiedzenia nie b\u0119dzie interpretowane jako zrzeczenie si\u0119 takich postanowie\u0144 i nie wp\u0142ynie na wa\u017cno\u015b\u0107 niniejszych Warunk\u00f3w lub jakiejkolwiek Umowy lub jakiejkolwiek jej cz\u0119\u015bci, ani na prawo do p\u00f3\u017aniejszego egzekwowania ka\u017cdego postanowienia.<\/p><h2>18. J\u0119zyk<\/h2><p>Niniejsze Warunki b\u0119d\u0105 interpretowane wy\u0142\u0105cznie w j\u0119zyku angielskim. Wszelkie powiadomienia i korespondencja b\u0119d\u0105 sporz\u0105dzane wy\u0142\u0105cznie w tym j\u0119zyku.<\/p><h2>19. Ca\u0142o\u015b\u0107 umowy<\/h2><p>Niniejszy Regulamin, wraz z naszymi <a href=\"https:\/\/www.langir.com\/pl\/privacy-policy\/\">o\u015bwiadczenie o ochronie prywatno\u015bci<\/a> oraz <a href=\"\">polityka cookies<\/a>stanowi\u0105 ca\u0142o\u015b\u0107 porozumienia mi\u0119dzy u\u017cytkownikiem a Yueqing Langir Electric Co., Ltd w odniesieniu do korzystania z tej witryny.<\/p><h2>20. Aktualizacja niniejszego Regulaminu<\/h2><p>Od czasu do czasu mo\u017cemy aktualizowa\u0107 niniejszy Regulamin. Obowi\u0105zkiem u\u017cytkownika jest okresowe sprawdzanie niniejszych Warunk\u00f3w pod k\u0105tem zmian lub aktualizacji. Data podana na pocz\u0105tku niniejszych Warunk\u00f3w jest ostatni\u0105 dat\u0105 aktualizacji. Zmiany niniejszych Warunk\u00f3w wchodz\u0105 w \u017cycie z chwil\u0105 ich opublikowania na niniejszej stronie internetowej. Dalsze korzystanie z tej witryny po opublikowaniu zmian lub aktualizacji b\u0119dzie uwa\u017cane za powiadomienie o akceptacji i zwi\u0105zaniu si\u0119 niniejszymi Warunkami.<\/p><h2>21. Wyb\u00f3r prawa i jurysdykcji<\/h2><p>Niniejsze Warunki podlegaj\u0105 prawu chi\u0144skiemu. Wszelkie spory zwi\u0105zane z niniejszymi Warunkami podlegaj\u0105 jurysdykcji s\u0105d\u00f3w Chin. Je\u015bli jakakolwiek cz\u0119\u015b\u0107 lub postanowienie niniejszych Warunk\u00f3w zostanie uznane przez s\u0105d lub inny organ za niewa\u017cne i\/lub niewykonalne na mocy obowi\u0105zuj\u0105cego prawa, taka cz\u0119\u015b\u0107 lub postanowienie zostanie zmodyfikowane, usuni\u0119te i\/lub wykonane w maksymalnym dopuszczalnym zakresie, tak aby nada\u0107 skuteczno\u015b\u0107 intencjom niniejszych Warunk\u00f3w. Nie b\u0119dzie to mia\u0142o wp\u0142ywu na pozosta\u0142e postanowienia.<\/p><h2>22. Informacje kontaktowe<\/h2><p>Ta strona internetowa jest w\u0142asno\u015bci\u0105 i jest obs\u0142ugiwana przez Yueqing Langir Electric Co., Ltd..<\/p><p>U\u017cytkownik mo\u017ce skontaktowa\u0107 si\u0119 z nami w sprawie niniejszego Regulaminu za po\u015brednictwem naszej strony internetowej <a href=\"https:\/\/www.langir.com\/pl\/contact\/\">kontakt<\/a> strona.<\/p><h2>23. Pobierz<\/h2><p>Mo\u017cna r\u00f3wnie\u017c <a href=\"https:\/\/www.langir.com\/wp-content\/plugins\/complianz-terms-conditions\/download.php\">pobieranie<\/a> nasz Regulamin w formacie PDF.<\/p><\/div>\n\n\t\t<\/div>\n\t<\/div>\n\n<div class=\"vc-zigzag-wrapper vc-zigzag-align-center\"><div class=\"vc-zigzag-inner\" style=\"width: 100%;min-height: 14px;background: 0 repeat-x url(&#039;data:image\/svg+xml;utf-8,%3C%3Fxml%20version%3D%221.0%22%20encoding%3D%22utf-8%22%3F%3E%3C%21DOCTYPE%20svg%20PUBLIC%20%22-%2F%2FW3C%2F%2FDTD%20SVG%201.1%2F%2FEN%22%20%22http%3A%2F%2Fwww.w3.org%2FGraphics%2FSVG%2F1.1%2FDTD%2Fsvg11.dtd%22%3E%3Csvg%20width%3D%2214px%22%20height%3D%2212px%22%20viewBox%3D%220%200%2018%2015%22%20version%3D%221.1%22%20xmlns%3D%22http%3A%2F%2Fwww.w3.org%2F2000%2Fsvg%22%20xmlns%3Axlink%3D%22http%3A%2F%2Fwww.w3.org%2F1999%2Fxlink%22%3E%3Cpolygon%20id%3D%22Combined-Shape%22%20fill%3D%22%23ebebeb%22%20points%3D%228.98762301%200%200%209.12771969%200%2014.519983%209%205.40479869%2018%2014.519983%2018%209.12771969%22%3E%3C%2Fpolygon%3E%3C%2Fsvg%3E&#039;);\"><\/div><\/div>\n\t<div class=\"wpb_text_column wpb_content_element\" >\n\t\t<div class=\"wpb_wrapper\">\n\t\t\t<p><iframe style=\"width: 100%; border: none;\" title=\"Wbudowany formularz Wufoo\" src=\"https:\/\/langir.wufoo.com\/embed\/zcdgace1ql3iv4\/\" height=\"766\" frameborder=\"0\" scrolling=\"no\" sandbox=\"allow-popups-to-escape-sandbox allow-top-navigation allow-scripts allow-popups allow-forms allow-same-origin\"> <a href=\"https:\/\/langir.wufoo.com\/forms\/zcdgace1ql3iv4\/\" target=\"_blank\" rel=\"noopener\">Wype\u0142nij m\u00f3j formularz Wufoo!<\/a> <\/iframe><\/p>\n\n\t\t<\/div>\n\t<\/div>\n<\/div><\/div><\/div><\/div>\n<\/div>","protected":false},"excerpt":{"rendered":"The Terms and Conditions were last updated on February 9, 20231. IntroductionThese Terms and conditions apply to this website and to the transactions related to our products and services.&nbsp;You may be bound by additional contracts related to your relationship with us or any products or services that you receive from us.&nbsp;If any provisions of the [...]","protected":false},"author":1,"featured_media":0,"parent":0,"menu_order":10,"comment_status":"closed","ping_status":"closed","template":"page-default.php","meta":{"_acf_changed":false,"footnotes":""},"class_list":["post-8990","page","type-page","status-publish","hentry","entry"],"acf":[],"post_mailing_queue_ids":[],"_links":{"self":[{"href":"https:\/\/www.langir.com\/pl\/wp-json\/wp\/v2\/pages\/8990","targetHints":{"allow":["GET"]}}],"collection":[{"href":"https:\/\/www.langir.com\/pl\/wp-json\/wp\/v2\/pages"}],"about":[{"href":"https:\/\/www.langir.com\/pl\/wp-json\/wp\/v2\/types\/page"}],"author":[{"embeddable":true,"href":"https:\/\/www.langir.com\/pl\/wp-json\/wp\/v2\/users\/1"}],"replies":[{"embeddable":true,"href":"https:\/\/www.langir.com\/pl\/wp-json\/wp\/v2\/comments?post=8990"}],"version-history":[{"count":3,"href":"https:\/\/www.langir.com\/pl\/wp-json\/wp\/v2\/pages\/8990\/revisions"}],"predecessor-version":[{"id":16488,"href":"https:\/\/www.langir.com\/pl\/wp-json\/wp\/v2\/pages\/8990\/revisions\/16488"}],"wp:attachment":[{"href":"https:\/\/www.langir.com\/pl\/wp-json\/wp\/v2\/media?parent=8990"}],"curies":[{"name":"wp","href":"https:\/\/api.w.org\/{rel}","templated":true}]}}