{"id":7414,"date":"2019-11-21T08:26:56","date_gmt":"2019-11-21T08:26:56","guid":{"rendered":"https:\/\/www.langir.com\/?page_id=7414"},"modified":"2020-08-31T07:46:16","modified_gmt":"2020-08-31T07:46:16","slug":"applications-markets-for-piezo-switch","status":"publish","type":"page","link":"https:\/\/www.langir.com\/pt\/applications-markets-for-piezo-switch\/","title":{"rendered":"Aplica\u00e7\u00f5es \/ Mercados para Piezo switch"},"content":{"rendered":"<div class=\"wpb-content-wrapper\"><div class=\"vc_row wpb_row vc_row-fluid\"><div class=\"wpb_column vc_column_container vc_col-sm-6\"><div class=\"vc_column-inner\"><div class=\"wpb_wrapper\">\n\t<div class=\"wpb_text_column wpb_content_element\" >\n\t\t<div class=\"wpb_wrapper\">\n\t\t\t<p><img fetchpriority=\"high\" decoding=\"async\" class=\"size-full wp-image-6394\" title=\"Sistema de t\u00edquetes\" src=\"https:\/\/www.langir.com\/wp-content\/uploads\/2019\/04\/ticket-system.jpg\" alt=\"Sistema de t\u00edquetes\" width=\"660\" height=\"300\" \/><\/p>\n\n\t\t<\/div>\n\t<\/div>\n\n\t<div class=\"wpb_text_column wpb_content_element\" >\n\t\t<div class=\"wpb_wrapper\">\n\t\t\t<p><img decoding=\"async\" class=\"size-full wp-image-6393\" title=\"Servi\u00e7os p\u00fablicos\" src=\"https:\/\/www.langir.com\/wp-content\/uploads\/2019\/04\/public-services.jpg\" alt=\"Servi\u00e7os p\u00fablicos\" width=\"660\" height=\"300\" \/><\/p>\n\n\t\t<\/div>\n\t<\/div>\n\n\t<div class=\"wpb_text_column wpb_content_element\" >\n\t\t<div class=\"wpb_wrapper\">\n\t\t\t<p><img decoding=\"async\" class=\"size-full wp-image-6376\" title=\"Dispositivos de seguran\u00e7a\" src=\"https:\/\/www.langir.com\/wp-content\/uploads\/2019\/04\/security-devices-1.jpg\" alt=\"Dispositivos de seguran\u00e7a\" width=\"660\" height=\"300\" \/><\/p>\n\n\t\t<\/div>\n\t<\/div>\n\n\t<div class=\"wpb_text_column wpb_content_element\" >\n\t\t<div class=\"wpb_wrapper\">\n\t\t\t<p><img loading=\"lazy\" decoding=\"async\" class=\"size-full wp-image-6379\" title=\"Lavagem de carros\" src=\"https:\/\/www.langir.com\/wp-content\/uploads\/2019\/04\/car-wash.jpg\" alt=\"Lavagem de carros\" width=\"660\" height=\"300\" \/><\/p>\n\n\t\t<\/div>\n\t<\/div>\n\n\t<div class=\"wpb_text_column wpb_content_element\" >\n\t\t<div class=\"wpb_wrapper\">\n\t\t\t<p><img loading=\"lazy\" decoding=\"async\" class=\"size-full wp-image-6403\" title=\"Piscina\" src=\"https:\/\/www.langir.com\/wp-content\/uploads\/2019\/04\/pool.jpg\" alt=\"Piscina\" width=\"660\" height=\"300\" \/><\/p>\n\n\t\t<\/div>\n\t<\/div>\n\n\t<div class=\"wpb_text_column wpb_content_element\" >\n\t\t<div class=\"wpb_wrapper\">\n\t\t\t<p><img loading=\"lazy\" decoding=\"async\" class=\"size-full wp-image-6378\" title=\"Banho\" src=\"https:\/\/www.langir.com\/wp-content\/uploads\/2019\/04\/bath.jpg\" alt=\"Banho\" width=\"660\" height=\"300\" \/><\/p>\n\n\t\t<\/div>\n\t<\/div>\n\n\t<div class=\"wpb_text_column wpb_content_element\" >\n\t\t<div class=\"wpb_wrapper\">\n\t\t\t<p><img loading=\"lazy\" decoding=\"async\" class=\"size-full wp-image-6377\" title=\"Marinha\" src=\"https:\/\/www.langir.com\/wp-content\/uploads\/2019\/04\/marine.jpg\" alt=\"Marinha\" width=\"660\" height=\"300\" \/><\/p>\n\n\t\t<\/div>\n\t<\/div>\n\n\t<div class=\"wpb_text_column wpb_content_element\" >\n\t\t<div class=\"wpb_wrapper\">\n\t\t\t<p><img loading=\"lazy\" decoding=\"async\" class=\"size-full wp-image-6374\" src=\"https:\/\/www.langir.com\/wp-content\/uploads\/2019\/04\/food-processing.jpg\" alt=\"Processamento de alimentos\" width=\"660\" height=\"300\" \/><\/p>\n\n\t\t<\/div>\n\t<\/div>\n\n\t<div class=\"wpb_text_column wpb_content_element\" >\n\t\t<div class=\"wpb_wrapper\">\n\t\t\t<p><img loading=\"lazy\" decoding=\"async\" class=\"size-full wp-image-6375\" title=\"Equipamentos m\u00e9dicos\" src=\"https:\/\/www.langir.com\/wp-content\/uploads\/2019\/04\/medical-equipment-1.jpg\" alt=\"Equipamentos m\u00e9dicos\" width=\"660\" height=\"300\" \/><\/p>\n\n\t\t<\/div>\n\t<\/div>\n\n\t<div class=\"wpb_text_column wpb_content_element\" >\n\t\t<div class=\"wpb_wrapper\">\n\t\t\t<p><img loading=\"lazy\" decoding=\"async\" class=\"size-full wp-image-6418\" title=\"Dispositivos de estacionamento\" src=\"https:\/\/www.langir.com\/wp-content\/uploads\/2019\/04\/parking.jpg\" alt=\"Dispositivos de estacionamento\" width=\"550\" height=\"300\" \/><\/p>\n\n\t\t<\/div>\n\t<\/div>\n<\/div><\/div><\/div><div class=\"wpb_column vc_column_container vc_col-sm-6\"><div class=\"vc_column-inner\"><div class=\"wpb_wrapper\">\n\t<div class=\"wpb_text_column wpb_content_element\" >\n\t\t<div class=\"wpb_wrapper\">\n\t\t\t<ul>\n<li>Aplica\u00e7\u00f5es dentro e fora da \u00e1gua<\/li>\n<li>Equipamentos m\u00e9dicos<\/li>\n<li>Equipamento de teste<\/li>\n<li>Bombas de g\u00e1s autom\u00e1ticas<\/li>\n<li>Equipamentos de minera\u00e7\u00e3o<\/li>\n<li>Sistemas de lavagem de carros<\/li>\n<li>Pain\u00e9is de controle<\/li>\n<li>Embalagem<\/li>\n<li>Cosm\u00e9ticos<\/li>\n<li>Tintas<\/li>\n<li>Petroqu\u00edmico<\/li>\n<li>Fertilizantes<\/li>\n<li>Farmac\u00eautico<\/li>\n<li>Padarias<\/li>\n<li>Latic\u00ednios<\/li>\n<li>Embalagem de alimentos<\/li>\n<li>Prepara\u00e7\u00e3o de alimentos<\/li>\n<li>Processamento de carnes<\/li>\n<li>Acesso ao port\u00e3o<\/li>\n<li>Controle de processos<\/li>\n<li>Telefones p\u00fablicos<\/li>\n<li>Portas de seguran\u00e7a<\/li>\n<li>Sistemas de irriga\u00e7\u00e3o<\/li>\n<li>Pain\u00e9is de controle de locomotivas<\/li>\n<li>M\u00e1quinas de venda autom\u00e1tica<\/li>\n<\/ul>\n\n\t\t<\/div>\n\t<\/div>\n<\/div><\/div><\/div><\/div>\n<\/div>","protected":false},"excerpt":{"rendered":"Aplica\u00e7\u00f5es dentro e fora da \u00e1gua Equipamentos m\u00e9dicos Equipamentos de teste Bombas autom\u00e1ticas de g\u00e1s Equipamentos de minera\u00e7\u00e3o Sistemas de lavagem de carros Pain\u00e9is de controle Embalagens Cosm\u00e9ticos Tintas Petroqu\u00edmicos Fertilizantes Farmac\u00eauticos Padarias Latic\u00ednios Embalagem de alimentos Prepara\u00e7\u00e3o de alimentos Processamento de carnes Acesso a port\u00f5es Controle de processos Telefones p\u00fablicos Portas de seguran\u00e7a Sistemas de irriga\u00e7\u00e3o Pain\u00e9is de controle de locomotivas M\u00e1quinas de venda autom\u00e1tica","protected":false},"author":1,"featured_media":7285,"parent":0,"menu_order":42,"comment_status":"closed","ping_status":"closed","template":"page-default.php","meta":{"_acf_changed":false,"footnotes":""},"class_list":["post-7414","page","type-page","status-publish","has-post-thumbnail","hentry","entry"],"acf":[],"post_mailing_queue_ids":[],"_links":{"self":[{"href":"https:\/\/www.langir.com\/pt\/wp-json\/wp\/v2\/pages\/7414","targetHints":{"allow":["GET"]}}],"collection":[{"href":"https:\/\/www.langir.com\/pt\/wp-json\/wp\/v2\/pages"}],"about":[{"href":"https:\/\/www.langir.com\/pt\/wp-json\/wp\/v2\/types\/page"}],"author":[{"embeddable":true,"href":"https:\/\/www.langir.com\/pt\/wp-json\/wp\/v2\/users\/1"}],"replies":[{"embeddable":true,"href":"https:\/\/www.langir.com\/pt\/wp-json\/wp\/v2\/comments?post=7414"}],"version-history":[{"count":0,"href":"https:\/\/www.langir.com\/pt\/wp-json\/wp\/v2\/pages\/7414\/revisions"}],"wp:featuredmedia":[{"embeddable":true,"href":"https:\/\/www.langir.com\/pt\/wp-json\/wp\/v2\/media\/7285"}],"wp:attachment":[{"href":"https:\/\/www.langir.com\/pt\/wp-json\/wp\/v2\/media?parent=7414"}],"curies":[{"name":"wp","href":"https:\/\/api.w.org\/{rel}","templated":true}]}}