{"id":7429,"date":"2019-11-21T08:40:47","date_gmt":"2019-11-21T08:40:47","guid":{"rendered":"https:\/\/www.langir.com\/?page_id=7429"},"modified":"2026-03-30T08:28:03","modified_gmt":"2026-03-30T08:28:03","slug":"solutions","status":"publish","type":"page","link":"https:\/\/www.langir.com\/pt\/solutions\/","title":{"rendered":"Solu\u00e7\u00f5es personalizadas"},"content":{"rendered":"<div class=\"wpb-content-wrapper\"><div class=\"vc_row wpb_row vc_row-fluid\"><div class=\"wpb_column vc_column_container vc_col-sm-12\"><div class=\"vc_column-inner\"><div class=\"wpb_wrapper\">\n\t<div class=\"wpb_text_column wpb_content_element vc_custom_1553050133607\" >\n\t\t<div class=\"wpb_wrapper\">\n\t\t\t<p>Fornecendo servi\u00e7os e solu\u00e7\u00f5es sob medida que s\u00e3o adaptados exclusivamente para atender \u00e0s suas necessidades individuais.<\/p>\n\n\t\t<\/div>\n\t<\/div>\n\n\t<div class=\"wpb_text_column wpb_content_element vc_custom_1553050244025\" >\n\t\t<div class=\"wpb_wrapper\">\n\t\t\t<p>Desde a troca de pain\u00e9is at\u00e9 a prote\u00e7\u00e3o de circuitos e a constru\u00e7\u00e3o de caixas, a Langir \u00e9 capaz de fornecer servi\u00e7os e solu\u00e7\u00f5es sob medida que s\u00e3o adaptados exclusivamente \u00e0s necessidades individuais dos clientes, proporcionando os melhores resultados quando levamos um conceito original do projeto at\u00e9 a fabrica\u00e7\u00e3o.<\/p>\n\n\t\t<\/div>\n\t<\/div>\n<\/div><\/div><\/div><div class=\"wpb_column vc_column_container vc_col-sm-12\"><div class=\"vc_column-inner\"><div class=\"wpb_wrapper\">\n\t<div class=\"wpb_video_widget wpb_content_element vc_clearfix   vc_video-aspect-ratio-169 vc_video-el-width-100 vc_video-align-left\" >\n\t\t<div class=\"wpb_wrapper\">\n\t\t\t\n\t\t\t<div class=\"wpb_video_wrapper\"><iframe title=\"Fabricante l\u00edder de interruptor antivandalismo da China\" width=\"500\" height=\"281\" src=\"https:\/\/www.youtube.com\/embed\/sv3MDoK9Hus?feature=oembed\" frameborder=\"0\" allow=\"accelerometer; autoplay; clipboard-write; encrypted-media; gyroscope; picture-in-picture; web-share\" allowfullscreen><\/iframe><\/div>\n\t\t<\/div>\n\t<\/div>\n<\/div><\/div><\/div><div class=\"wpb_column vc_column_container vc_col-sm-12\"><div class=\"vc_column-inner\"><div class=\"wpb_wrapper\">\n<div class=\"vc-zigzag-wrapper vc-zigzag-align-center\"><div class=\"vc-zigzag-inner\" style=\"width: 100%;min-height: 14px;background: 0 repeat-x url(&#039;data:image\/svg+xml;utf-8,%3C%3Fxml%20version%3D%221.0%22%20encoding%3D%22utf-8%22%3F%3E%3C%21DOCTYPE%20svg%20PUBLIC%20%22-%2F%2FW3C%2F%2FDTD%20SVG%201.1%2F%2FEN%22%20%22http%3A%2F%2Fwww.w3.org%2FGraphics%2FSVG%2F1.1%2FDTD%2Fsvg11.dtd%22%3E%3Csvg%20width%3D%2214px%22%20height%3D%2212px%22%20viewBox%3D%220%200%2018%2015%22%20version%3D%221.1%22%20xmlns%3D%22http%3A%2F%2Fwww.w3.org%2F2000%2Fsvg%22%20xmlns%3Axlink%3D%22http%3A%2F%2Fwww.w3.org%2F1999%2Fxlink%22%3E%3Cpolygon%20id%3D%22Combined-Shape%22%20fill%3D%22%23ebebeb%22%20points%3D%228.98762301%200%200%209.12771969%200%2014.519983%209%205.40479869%2018%2014.519983%2018%209.12771969%22%3E%3C%2Fpolygon%3E%3C%2Fsvg%3E&#039;);\"><\/div><\/div><\/div><\/div><\/div><div class=\"wpb_column vc_column_container vc_col-sm-12\"><div class=\"vc_column-inner\"><div class=\"wpb_wrapper\">\n\t<div class=\"wpb_text_column wpb_content_element vc_custom_1555492607328\" >\n\t\t<div class=\"wpb_wrapper\">\n\t\t\t<h2>Solu\u00e7\u00f5es de design eletr\u00f4nico<\/h2>\n\n\t\t<\/div>\n\t<\/div>\n<\/div><\/div><\/div><div class=\"wpb_column vc_column_container vc_col-sm-6\"><div class=\"vc_column-inner\"><div class=\"wpb_wrapper\">\n\t<div class=\"wpb_text_column wpb_content_element vc_custom_1555492716855\" >\n\t\t<div class=\"wpb_wrapper\">\n\t\t\t<p><strong>Servi\u00e7os de projeto de PCB<\/strong><\/p>\n\n\t\t<\/div>\n\t<\/div>\n\n\t<div class=\"wpb_text_column wpb_content_element vc_custom_1555492735671\" >\n\t\t<div class=\"wpb_wrapper\">\n\t\t\t<p><img decoding=\"async\" class=\"size-full wp-image-6051\" title=\"Projeto de PCB\" src=\"https:\/\/www.langir.com\/wp-content\/uploads\/2019\/04\/pcb-design.jpg\" alt=\"Projeto de PCB\" \/><\/p>\n\n\t\t<\/div>\n\t<\/div>\n\n\t<div class=\"wpb_text_column wpb_content_element vc_custom_1555492751447\" >\n\t\t<div class=\"wpb_wrapper\">\n\t\t\t<ul style=\"color: #cccccc;\">\n<li>LAYOUT DA PLACA DE CIRCUITO IMPRESSO<\/li>\n<li>CRIA\u00c7\u00c3O DE S\u00cdMBOLOS<\/li>\n<li>CAPTURA ESQUEM\u00c1TICA<\/li>\n<li>ROTEIRO DE FERRAMENTAS<\/li>\n<li>DESIGNERS CERTIFICADOS PELO IPC<\/li>\n<\/ul>\n\n\t\t<\/div>\n\t<\/div>\n<\/div><\/div><\/div><div class=\"wpb_column vc_column_container vc_col-sm-6\"><div class=\"vc_column-inner\"><div class=\"wpb_wrapper\">\n\t<div class=\"wpb_text_column wpb_content_element vc_custom_1555492798559\" >\n\t\t<div class=\"wpb_wrapper\">\n\t\t\t<p><strong>Servi\u00e7os de fabrica\u00e7\u00e3o e laborat\u00f3rio<\/strong><\/p>\n\n\t\t<\/div>\n\t<\/div>\n\n\t<div class=\"wpb_text_column wpb_content_element vc_custom_1555492785719\" >\n\t\t<div class=\"wpb_wrapper\">\n\t\t\t<p><img decoding=\"async\" class=\"size-full wp-image-6052\" title=\"Servi\u00e7os de fabrica\u00e7\u00e3o e laborat\u00f3rio\" src=\"https:\/\/www.langir.com\/wp-content\/uploads\/2019\/04\/manufacturing-lab-services.jpg\" alt=\"Servi\u00e7os de fabrica\u00e7\u00e3o e laborat\u00f3rio\" \/><\/p>\n\n\t\t<\/div>\n\t<\/div>\n\n\t<div class=\"wpb_text_column wpb_content_element vc_custom_1555492767344\" >\n\t\t<div class=\"wpb_wrapper\">\n\t\t\t<ul style=\"color: #cccccc;\">\n<li>PROT\u00d3TIPOS DE GIRO R\u00c1PIDO<\/li>\n<li>GERENCIAMENTO DE INVENT\u00c1RIO<\/li>\n<li>RETRABALHO DE MONTAGEM INTERNA<\/li>\n<li>CONSTRU\u00c7\u00d5ES DE CAIXAS<\/li>\n<li>EMBALAGENS PERSONALIZADAS<\/li>\n<li>PROGRAMA\u00c7\u00c3O DE HARDWARE<\/li>\n<li>TESTES FUNCIONAIS<\/li>\n<\/ul>\n\n\t\t<\/div>\n\t<\/div>\n<\/div><\/div><\/div><div class=\"wpb_column vc_column_container vc_col-sm-12\"><div class=\"vc_column-inner\"><div class=\"wpb_wrapper\"><\/div><\/div><\/div><div class=\"wpb_column vc_column_container vc_col-sm-12\"><div class=\"vc_column-inner\"><div class=\"wpb_wrapper\">\n\t<div class=\"wpb_text_column wpb_content_element vc_custom_1553743353876\" >\n\t\t<div class=\"wpb_wrapper\">\n\t\t\t<p><img decoding=\"async\" class=\"size-full wp-image-5592 aligncenter\" title=\"Langir Electric\" src=\"https:\/\/www.langir.com\/wp-content\/uploads\/2019\/03\/custom-solutions.png\" alt=\"Langir Electric\" \/><\/p>\n\n\t\t<\/div>\n\t<\/div>\n<\/div><\/div><\/div><div class=\"wpb_column vc_column_container vc_col-sm-12\"><div class=\"vc_column-inner\"><div class=\"wpb_wrapper\">\n<div class=\"vc-zigzag-wrapper vc-zigzag-align-center\"><div class=\"vc-zigzag-inner\" style=\"width: 100%;min-height: 14px;background: 0 repeat-x url(&#039;data:image\/svg+xml;utf-8,%3C%3Fxml%20version%3D%221.0%22%20encoding%3D%22utf-8%22%3F%3E%3C%21DOCTYPE%20svg%20PUBLIC%20%22-%2F%2FW3C%2F%2FDTD%20SVG%201.1%2F%2FEN%22%20%22http%3A%2F%2Fwww.w3.org%2FGraphics%2FSVG%2F1.1%2FDTD%2Fsvg11.dtd%22%3E%3Csvg%20width%3D%2214px%22%20height%3D%2212px%22%20viewBox%3D%220%200%2018%2015%22%20version%3D%221.1%22%20xmlns%3D%22http%3A%2F%2Fwww.w3.org%2F2000%2Fsvg%22%20xmlns%3Axlink%3D%22http%3A%2F%2Fwww.w3.org%2F1999%2Fxlink%22%3E%3Cpolygon%20id%3D%22Combined-Shape%22%20fill%3D%22%23ebebeb%22%20points%3D%228.98762301%200%200%209.12771969%200%2014.519983%209%205.40479869%2018%2014.519983%2018%209.12771969%22%3E%3C%2Fpolygon%3E%3C%2Fsvg%3E&#039;);\"><\/div><\/div>\n\t<div class=\"wpb_text_column wpb_content_element vc_custom_1774859278897\" >\n\t\t<div class=\"wpb_wrapper\">\n\t\t\t<p><iframe style=\"width: 100%; border: none;\" title=\"Formul\u00e1rio Wufoo incorporado\" src=\"https:\/\/langir.wufoo.com\/embed\/zcdgace1ql3iv4\/\" height=\"766\" frameborder=\"0\" scrolling=\"no\" sandbox=\"allow-popups-to-escape-sandbox allow-top-navigation allow-scripts allow-popups allow-forms allow-same-origin\"> <a href=\"https:\/\/langir.wufoo.com\/forms\/zcdgace1ql3iv4\/\" target=\"_blank\" rel=\"noopener\">Preencha meu formul\u00e1rio Wufoo!<\/a> <\/iframe><\/p>\n\n\t\t<\/div>\n\t<\/div>\n<\/div><\/div><\/div><\/div>\n<\/div>","protected":false},"excerpt":{"rendered":"Providing bespoke services and solutions that are uniquely tailored to fit your individual needs. From panel switch to circuit protection and box builds, Langir is able to provide bespoke services and solutions that are uniquely tailored to customers\u2019 individual needs, giving you the very best results when we take an original concept from design through [...]","protected":false},"author":1,"featured_media":7430,"parent":0,"menu_order":37,"comment_status":"closed","ping_status":"closed","template":"page-default.php","meta":{"_acf_changed":false,"_metasync_otto_title":"","_metasync_otto_description":"","_metasync_otto_keywords":"","_metasync_otto_og_title":"","_metasync_otto_og_description":"","_metasync_otto_twitter_title":"","_metasync_otto_twitter_description":"","rank_math_title":"%title% | Electric Switches %page% %sep% %sitename%","rank_math_description":"From panel switch to circuit protection, Langir is able to provide custom Solutions that are uniquely tailored to customers\u2019 individual needs.","_yoast_wpseo_title":"","_yoast_wpseo_metadesc":"","_aioseo_title":"","_aioseo_description":"","_metasync_seo_title":"","_metasync_seo_desc":"","_metasync_breadcrumb_title":"","_metasync_primary_category":0,"_metasync_primary_product_cat":0,"_metasync_otto_disabled":"","_metasync_hreflang":"","footnotes":""},"class_list":["post-7429","page","type-page","status-publish","has-post-thumbnail","hentry","entry"],"acf":[],"post_mailing_queue_ids":[],"_links":{"self":[{"href":"https:\/\/www.langir.com\/pt\/wp-json\/wp\/v2\/pages\/7429","targetHints":{"allow":["GET"]}}],"collection":[{"href":"https:\/\/www.langir.com\/pt\/wp-json\/wp\/v2\/pages"}],"about":[{"href":"https:\/\/www.langir.com\/pt\/wp-json\/wp\/v2\/types\/page"}],"author":[{"embeddable":true,"href":"https:\/\/www.langir.com\/pt\/wp-json\/wp\/v2\/users\/1"}],"replies":[{"embeddable":true,"href":"https:\/\/www.langir.com\/pt\/wp-json\/wp\/v2\/comments?post=7429"}],"version-history":[{"count":1,"href":"https:\/\/www.langir.com\/pt\/wp-json\/wp\/v2\/pages\/7429\/revisions"}],"predecessor-version":[{"id":16175,"href":"https:\/\/www.langir.com\/pt\/wp-json\/wp\/v2\/pages\/7429\/revisions\/16175"}],"wp:featuredmedia":[{"embeddable":true,"href":"https:\/\/www.langir.com\/pt\/wp-json\/wp\/v2\/media\/7430"}],"wp:attachment":[{"href":"https:\/\/www.langir.com\/pt\/wp-json\/wp\/v2\/media?parent=7429"}],"curies":[{"name":"wp","href":"https:\/\/api.w.org\/{rel}","templated":true}]}}